{"id":27449,"date":"2025-10-20T16:11:46","date_gmt":"2025-10-20T16:11:46","guid":{"rendered":"https:\/\/researchchemicalhub.com\/?post_type=product&#038;p=27449"},"modified":"2025-10-21T05:54:54","modified_gmt":"2025-10-21T05:54:54","slug":"fentanyl-kopen","status":"publish","type":"product","link":"https:\/\/researchchemicalhub.com\/zh\/shop\/okategoriserad\/fentanyl-kopen\/","title":{"rendered":"\u82ac\u592a\u5c3c"},"content":{"rendered":"<h2 data-start=\"516\" data-end=\"545\"><strong data-start=\"519\" data-end=\"545\">\u82ac\u592a\u5c3c\u7b80\u4ecb<\/strong><\/h2>\n<p data-start=\"547\" data-end=\"865\">\u82ac\u592a\u5c3c\u662f\u4e00\u79cd <strong data-start=\"564\" data-end=\"588\">\u5408\u6210\u963f\u7247\u7c7b\u836f\u7269<\/strong>, das in der Medizin zur Behandlung <strong data-start=\"624\" data-end=\"662\">\u65af\u5854\u514b\u4e4b\u4e8c \u65af\u5854\u514b\u65bd\u6885\u5c14\u5c91<\/strong> eingesetzt wrd \u2013 beispielsweise bei <strong data-start=\"700\" data-end=\"718\">\u514b\u96f7\u5e03\u65af\u75c5\u60a3\u8005<\/strong> \u6216\u91cd\u5927\u624b\u672f\u540e\u3002 Es \u542c\u5230 zu den <strong data-start=\"768\" data-end=\"808\">\u6700\u5f3a\u53ef\u6d82\u6f06 Schmerzmitteln<\/strong> und ist etwa <strong data-start=\"822\" data-end=\"862\">\u6bd4\u5417\u5561\u5f3a\u6548 50 \u81f3 100 \u500d<\/strong>\u8d2d\u4e70\u82ac\u592a\u5c3c<\/p>\n<p data-start=\"867\" data-end=\"1083\">\u81ea 20 \u4e16\u7eaa 60 \u5e74\u4ee3\u521d\u4ee5\u6765\uff0c\u82ac\u592a\u5c3c\u5c31\u4e00\u76f4\u88ab\u4f7f\u7528\uff0c\u76ee\u524d\u4ecd\u5728\u4f7f\u7528 <strong data-start=\"958\" data-end=\"980\">\u5ba3\u8a93\u5f62\u5f0f<\/strong> WHO <strong data-start=\"985\" data-end=\"1042\">Pflaster\u3001Lutscher\u3001Injektionsl\u00f6sungen oder Tabletten<\/strong> \uff08z. B. \u82ac\u592a\u5c3c\u7247\u5242\uff09erh\u00e4ltlich\u3002\u8d2d\u4e70\u82ac\u592a\u5c3c<\/p>\n<p data-start=\"1085\" data-end=\"1223\">\u5982\u679c\u82ac\u592a\u5c3c\u662f\u4f7f\u7528\u95ee\u9898\uff0c\u90a3\u5c31\u6562\u4e8e <strong data-start=\"1136\" data-end=\"1204\">\u4ed4\u7ec6\u89c2\u5bdf\u5e76\u63d0\u51fa\u6709\u7528\u7684\u5efa\u8bae<\/strong> \u4e60\u60ef\u3002<\/p>\n<hr data-start=\"1225\" data-end=\"1228\" \/>\n<h2 data-start=\"1230\" data-end=\"1263\"><strong data-start=\"1233\" data-end=\"1263\">\u82ac\u592a\u5c3c\u7684\u4f5c\u7528<\/strong><\/h2>\n<p data-start=\"1265\" data-end=\"1442\">Fentanyl wirkt direkt auf die <strong data-start=\"1295\" data-end=\"1340\">\u963f\u7247\u7c7b\u836f\u7269\u8c03\u8282\u5242<\/strong>\u3002\u5728\u8fd9\u4e9b\u8fde\u63a5\u671f\u95f4\uff0cSchmerzsignale \u4f1a\u963b\u585e\u5e76\u4e14 Schmerzwahrnehmung deutlich reduziert\u3002<\/p>\n<p data-start=\"1444\" data-end=\"1593\">\u5e1d\u738b\u4e4b\u884c <strong data-start=\"1475\" data-end=\"1495\">\u5f88\u5feb<\/strong> \u2013 \u5728\u91cc\u9762\u5f85\u51e0\u5206\u949f \u2013 \u7136\u540e\u7ee7\u7eed\u586b\u5199\u60a8\u7684\u5904\u7406\u8868\u683c <strong data-start=\"1568\" data-end=\"1587\">\u51e0\u4e2a\u5c0f\u65f6<\/strong> \u4e00\u4e2a\u3002<\/p>\n<p data-start=\"1595\" data-end=\"1799\">Neben der Schmerzlinderung kann \u82ac\u592a\u5c3c jedoch \u4e5f <strong data-start=\"1648\" data-end=\"1666\">\u9057\u8d60\u54c1<\/strong> \u8c01 Schl\u00e4frigkeit\u3001\u00dcbelkeit\u3001Verstopfung oder Atemdepression verursachen\u3001weshalb die <strong data-start=\"1753\" data-end=\"1786\">Dosierung streng kontrolliert<\/strong> \u5f88\u4e71\u3002<\/p>\n<hr data-start=\"1801\" data-end=\"1804\" \/>\n<h2 data-start=\"1806\" data-end=\"1839\"><strong data-start=\"1809\" data-end=\"1839\">\u82ac\u592a\u5c3c\u4e3b\u8981\u4ee3\u8868<\/strong><\/h2>\n<div class=\"_tableContainer_1rjym_1\">\n<div class=\"group _tableWrapper_1rjym_13 flex w-fit flex-col-reverse\" tabindex=\"-1\">\n<table class=\"w-fit min-w-(--thread-content-width)\" data-start=\"1841\" data-end=\"2363\">\n<thead data-start=\"1841\" data-end=\"1871\">\n<tr data-start=\"1841\" data-end=\"1871\">\n<th data-start=\"1841\" data-end=\"1855\" data-col-size=\"sm\">\u8d22\u4ea7<\/th>\n<th data-start=\"1855\" data-end=\"1871\" data-col-size=\"md\">\u63cf\u8ff0<\/th>\n<\/tr>\n<\/thead>\n<tbody data-start=\"1904\" data-end=\"2363\">\n<tr data-start=\"1904\" data-end=\"1961\">\n<td data-start=\"1904\" data-end=\"1926\" data-col-size=\"sm\"><strong data-start=\"1906\" data-end=\"1925\">\u6750\u6599\u7c7b\u522b<\/strong><\/td>\n<td data-col-size=\"md\" data-start=\"1926\" data-end=\"1961\">\u5408\u6210\u963f\u7247\u7c7b\u9547\u75db\u836f<\/td>\n<\/tr>\n<tr data-start=\"1962\" data-end=\"2016\">\n<td data-start=\"1962\" data-end=\"1979\" data-col-size=\"sm\"><strong data-start=\"1964\" data-end=\"1978\">\u5de5\u4f5c\u4f18\u52bf<\/strong><\/td>\n<td data-col-size=\"md\" data-start=\"1979\" data-end=\"2016\">Etwa 50\u2013100 \u00d7 \u626e\u6f14\u5417\u5561<\/td>\n<\/tr>\n<tr data-start=\"2017\" data-end=\"2098\">\n<td data-start=\"2017\" data-end=\"2042\" data-col-size=\"sm\"><strong data-start=\"2019\" data-end=\"2041\">\u5ba3\u8a93\u5f62\u5f0f<\/strong><\/td>\n<td data-col-size=\"md\" data-start=\"2042\" data-end=\"2098\">Pflaster\uff0c\u7247\u5242\uff0cLutscher\uff0cNasenspray\uff0c\u6ce8\u5c04\u5242<\/td>\n<\/tr>\n<tr data-start=\"2099\" data-end=\"2178\">\n<td data-start=\"2099\" data-end=\"2122\" data-col-size=\"sm\"><strong data-start=\"2101\" data-end=\"2121\">\u5e94\u7528\u9886\u57df<\/strong><\/td>\n<td data-col-size=\"md\" data-start=\"2122\" data-end=\"2178\">\u6cbb\u7597\u66f4\u504f\u5411\u6162\u6027\u6216\u6025\u6027<\/td>\n<\/tr>\n<tr data-start=\"2179\" data-end=\"2236\">\n<td data-start=\"2179\" data-end=\"2207\" data-col-size=\"sm\"><strong data-start=\"2181\" data-end=\"2206\">\u7b7e\u53d1\u5408\u540c\u4e49\u52a1<\/strong><\/td>\n<td data-col-size=\"md\" data-start=\"2207\" data-end=\"2236\">Nur auf \u00e4rztliches Rezept<\/td>\n<\/tr>\n<tr data-start=\"2237\" data-end=\"2293\">\n<td data-start=\"2237\" data-end=\"2258\" data-col-size=\"sm\"><strong data-start=\"2239\" data-end=\"2257\">\u884c\u52a8\u5f00\u59cb<\/strong><\/td>\n<td data-col-size=\"md\" data-start=\"2258\" data-end=\"2293\">\u65bd\u5185\u5c14\u2014\u2014innerhalb von Minuten<\/td>\n<\/tr>\n<tr data-start=\"2294\" data-end=\"2363\">\n<td data-start=\"2294\" data-end=\"2318\" data-col-size=\"sm\"><strong data-start=\"2296\" data-end=\"2317\">\u7ef4\u514b\u65af\u59c6\u51ef\u8328\u8fbe\u4e4c\u5c14<\/strong><\/td>\n<td data-col-size=\"md\" data-start=\"2318\" data-end=\"2363\">\u66f4\u591a Stunden\uff0cje nach \u7533\u8bf7\u8868<\/td>\n<\/tr>\n<\/tbody>\n<\/table>\n<\/div>\n<\/div>\n<hr data-start=\"2365\" data-end=\"2368\" \/>\n<h2 data-start=\"2370\" data-end=\"2410\"><strong data-start=\"2373\" data-end=\"2410\">\u5065\u5eb7\u548c\u533b\u7597\u798f\u5229<\/strong><\/h2>\n<ul data-start=\"2412\" data-end=\"2929\">\n<li data-start=\"2412\" data-end=\"2517\">\n<p data-start=\"2414\" data-end=\"2517\"><strong data-start=\"2414\" data-end=\"2442\">Starke Schmerzlinderung:<\/strong> \u786e\u4fdd\u5728 Eingriffen \u5904\u7406\u80bf\u7624\u7ec6\u80de\u6216\u5916\u79d1\u624b\u672f\u3002<\/p>\n<\/li>\n<li data-start=\"2518\" data-end=\"2613\">\n<p data-start=\"2520\" data-end=\"2613\"><strong data-start=\"2520\" data-end=\"2551\">Schneller Wirkungseintritt:<\/strong> \u975e\u5e38\u9002\u5408\u642d\u914d pl\u00f6tzlichen Schmerzspitzen (Durchbruchschmerzen)\u3002<\/p>\n<\/li>\n<li data-start=\"2614\" data-end=\"2715\">\n<p data-start=\"2616\" data-end=\"2715\"><strong data-start=\"2616\" data-end=\"2639\">Vielf\u00e4ltige Formen:<\/strong> \u7075\u6d3b\u7684\u6cbb\u7597 \u2013 \u6765\u81ea\u900f\u76ae Pflastern bis zuoralen \u7247\u5242\u3002<\/p>\n<\/li>\n<li data-start=\"2716\" data-end=\"2810\">\n<p data-start=\"2718\" data-end=\"2810\"><strong data-start=\"2718\" data-end=\"2750\">Kontrollierte Dosierbarkeit:<\/strong> Erm\u00f6glicht genaue Anpassung \u662f\u4e00\u4e2a\u5355\u72ec\u7684 Schmerzgrade\u3002<\/p>\n<\/li>\n<li data-start=\"2811\" data-end=\"2929\">\n<p data-start=\"2813\" data-end=\"2929\"><strong data-start=\"2813\" data-end=\"2856\">\u652f\u6301\u59d1\u606f\u6cbb\u7597\uff1a<\/strong> \u6539\u5584\u6162\u6027\u75bc\u75db\u60a3\u8005\u7684\u751f\u6d3b\u8d28\u91cf\u3002<\/p>\n<\/li>\n<\/ul>\n<hr data-start=\"2931\" data-end=\"2934\" \/>\n<h2 data-start=\"2936\" data-end=\"2966\"><strong data-start=\"2939\" data-end=\"2966\">Anwendung und Dosierung<\/strong><\/h2>\n<p data-start=\"2968\" data-end=\"3055\">\u90a3 <strong data-start=\"2972\" data-end=\"2998\">\u82ac\u592a\u5c3c\u7684\u5e94\u7528<\/strong> erfolgt ausschlie\u00dflich <strong data-start=\"3022\" data-end=\"3052\">unter \u00e4rztlicher Anweisung<\/strong>.<\/p>\n<ul data-start=\"3057\" data-end=\"3381\">\n<li data-start=\"3057\" data-end=\"3164\">\n<p data-start=\"3059\" data-end=\"3164\"><strong data-start=\"3059\" data-end=\"3081\">\u82ac\u592a\u5c3cPflaster\uff1a<\/strong> Wird auf die Haut klebt und gibt de Wirkstoff \u00fcber 72 Stunden gleichm\u00e4\u00dfig ab\u3002<\/p>\n<\/li>\n<li data-start=\"3165\" data-end=\"3274\">\n<p data-start=\"3167\" data-end=\"3274\"><strong data-start=\"3167\" data-end=\"3204\">\u82ac\u592a\u5c3c\u7247\u6216 Lutscher\uff1a<\/strong> \u5bf9\u4e8e\u65b0\u9c9c\u7684 Schmerzspitzen\uff0c\u5c24\u5176\u662f Durchbruchschmerzen\u3002<\/p>\n<\/li>\n<li data-start=\"3275\" data-end=\"3381\">\n<p data-start=\"3277\" data-end=\"3381\"><strong data-start=\"3277\" data-end=\"3309\">Injektionen oder Infusionen:<\/strong> \u5982\u679c\u751f\u75c5\uff0c\u4ed6\u4eec\u4f1a\u63a5\u53d7\u672f\u540e\u9ebb\u9189\u7597\u6cd5\u6216\u9ebb\u9189\u7597\u6cd5\u3002<\/p>\n<\/li>\n<\/ul>\n<p data-start=\"3383\" data-end=\"3578\"><strong data-start=\"3383\" data-end=\"3405\">\u91cd\u8981\u63d0\u793a\uff1a<\/strong><br data-start=\"3405\" data-end=\"3408\" \/>\u82ac\u592a\u5c3c <strong data-start=\"3422\" data-end=\"3476\">\u4e0d\u662f\u552f\u4e00\u7684\u6216\u4e0d\u72ec\u7acb\u4e8e\u81ea\u8eab\u63a7\u5236<\/strong> \u88ab\u62ff\u8d70\u4e86\u3002\u53ef\u4ee5\u8fdb\u884c\u865a\u5047\u66f4\u6539 <strong data-start=\"3534\" data-end=\"3570\">\u751f\u547d\u652f\u6301\u8f6c\u79fb<\/strong> \u9886\u5bfc\u3002<\/p>\n<hr data-start=\"3580\" data-end=\"3583\" \/>\n<h2 data-start=\"3585\" data-end=\"3621\"><strong data-start=\"3588\" data-end=\"3621\">Sicherheits- und Warnhinweise<\/strong><\/h2>\n<ul data-start=\"3623\" data-end=\"3919\">\n<li data-start=\"3623\" data-end=\"3681\">\n<p data-start=\"3625\" data-end=\"3681\">\u4e0d\u53ef\u4e0e\u9152\u7cbe\u6216\u9152\u7cbe\u6df7\u5408\u7269\u4e00\u8d77\u98df\u7528\u3002<\/p>\n<\/li>\n<li data-start=\"3682\" data-end=\"3735\">\n<p data-start=\"3684\" data-end=\"3735\">Au\u00dferhalb der Reichweite von Kindern aufbewahren\u3002<\/p>\n<\/li>\n<li data-start=\"3736\" data-end=\"3815\">\n<p data-start=\"3738\" data-end=\"3815\">\u5982\u679c\u60a8\u6709\u4efb\u4f55\u54ee\u5598\u95ee\u9898\u6216\u5bf9\u963f\u7247\u7c7b\u836f\u7269\u8fc7\u654f\uff0c\u8bf7\u544a\u77e5\u3002<\/p>\n<\/li>\n<li data-start=\"3816\" data-end=\"3878\">\n<p data-start=\"3818\" data-end=\"3878\">Entsorgung gebrauchter Pflaster nach \u00e4rztlicher Anweisung\u3002<\/p>\n<\/li>\n<li data-start=\"3879\" data-end=\"3919\">\n<p data-start=\"3881\" data-end=\"3919\">\u4e0d\u80fd\u4e0d\u81ea\u6211\u836f\u7597\uff01<\/p>\n<\/li>\n<\/ul>\n<hr data-start=\"3921\" data-end=\"3924\" \/>\n<h2 data-start=\"3926\" data-end=\"3952\"><strong data-start=\"3929\" data-end=\"3952\">\u6cd5\u5f8b\u63d0\u793a<\/strong><\/h2>\n<p data-start=\"3954\" data-end=\"4260\">\u5728\u5fb7\u56fd\uff0c\u82ac\u592a\u5c3c\u5c5e\u4e8e <strong data-start=\"3994\" data-end=\"4027\">\u623f\u5c4b\u5efa\u9020\u6cd5 (BtMG)<\/strong>.<br data-start=\"4028\" data-end=\"4031\" \/>\u585e\u7eb3\u6cb3\u7684\u51fa\u5165\u53e3\u53d7\u5230\u4e25\u683c\u7ba1\u5236\uff0c\u7981\u6b62\u8f66\u8f86\u901a\u884c\u3002<br data-start=\"4113\" data-end=\"4116\" \/>Nur arzte d\u00fcrfen \u82ac\u592a\u5c3c schreiben\uff0c\u4ee5\u53ca\u836f\u623f geben es ausschlie\u00dflich gegen Vorlage eines <strong data-start=\"4226\" data-end=\"4253\">Bet\u00e4ubungsmittelrezepts<\/strong> \u4ece\u3002<\/p>\n<p data-start=\"4262\" data-end=\"4414\">\u5b98\u65b9\u7f51\u7ad9\u4e0a\u7684\u4fe1\u606f\u4fe1\u606f <strong data-start=\"4325\" data-end=\"4413\"><a class=\"decorated-link cursor-pointer\" target=\"_new\" rel=\"noopener\" data-start=\"4327\" data-end=\"4411\">\u8054\u90a6\u533b\u7597\u4fdd\u5065\u548c\u533b\u7597\u4ea7\u54c1\u7814\u7a76\u6240\uff08BfArM\uff09<\/a><\/strong>.<\/p>\n<hr data-start=\"4416\" data-end=\"4419\" \/>\n<h2 data-start=\"4421\" data-end=\"4457\"><strong data-start=\"4424\" data-end=\"4457\">H\u00e4ufig gestelte Fragen (FAQ)<\/strong><\/h2>\n<p data-start=\"4459\" data-end=\"4637\"><strong data-start=\"4459\" data-end=\"4490\">1\ufe0f\u20e3 \u82ac\u592a\u5c3c\u53ef\u4ee5\u5417\uff1f<\/strong><br data-start=\"4490\" data-end=\"4493\" \/>\u82ac\u592a\u5c3c\u662f\u4e00\u79cd\u5f3a\u6548\u7684\u963f\u7247\u7c7b\u5408\u6210\u836f\u7269\u3002\u9700\u8981\u6ce8\u610f\u7684\u662f\uff0c\u5373\u4f7f\u5bf9\u82ac\u592a\u5c3c\u6709\u6297\u836f\u6027\u7684\u60a3\u8005\u4e5f\u80fd\u8010\u53d7\u3002<\/p>\n<p data-start=\"4639\" data-end=\"4807\"><strong data-start=\"4639\" data-end=\"4672\">2\ufe0f\u20e3 \u8c01\u957f\u671f\u4f7f\u7528\u82ac\u592a\u5c3c\uff1f<\/strong><br data-start=\"4672\" data-end=\"4675\" \/>Je nach Darreichungsform wirkt \u82ac\u592a\u5c3c zischen 2 \u548c 72 Stunden\u3002 Pflaster geben den Wirkstoff \u00fcber meerere Tage kontinuierlich ab\u3002<\/p>\n<p data-start=\"4809\" data-end=\"5034\"><strong data-start=\"4809\" data-end=\"4846\">3\ufe0f\u20e3 \u82ac\u592a\u5c3c\u53ef\u4ee5\u5b89\u5168\u4f7f\u7528\u5417\uff1f<\/strong><br data-start=\"4846\" data-end=\"4849\" \/>\u662f\u7684\u3002\u8c01\u53ef\u4ee5\u957f\u671f\u4f7f\u7528\u82ac\u592a\u5c3c\u548c\u5176\u4ed6\u963f\u7247\u7c7b\u836f\u7269\uff1f <strong data-start=\"4914\" data-end=\"4957\">\u8eab\u5fc3\u5065\u5eb7<\/strong> verursachen. Deshalb \u5c06\u4ece\u533b\u5b66\u89d2\u5ea6\u8ddf\u8e2a\u6cbb\u7597\u60c5\u51b5\u3002<\/p>\n<h3 data-start=\"230\" data-end=\"288\"><a style=\"font-size: 16px;\" href=\"https:\/\/researchchemicalhub.com\/zh\/shop\/okategoriserad\/4mmc-kopen\/\"><span dir=\"auto\" style=\"vertical-align: inherit;\"><span dir=\"auto\" style=\"vertical-align: inherit;\"><span dir=\"auto\" style=\"vertical-align: inherit;\"><span dir=\"auto\" style=\"vertical-align: inherit;\">\u8d2d\u4e70 4mmc <\/span><\/span><\/span><\/span><\/a><a style=\"font-size: 16px;\" href=\"https:\/\/researchchemicalhub.com\/zh\/shop\/iboga-ibogaine\/iboga-root-bark\/\"><span dir=\"auto\" style=\"vertical-align: inherit;\"><span dir=\"auto\" style=\"vertical-align: inherit;\"><span dir=\"auto\" style=\"vertical-align: inherit;\"><span dir=\"auto\" style=\"vertical-align: inherit;\">\u4f0a\u535a\u52a0\u6839\u76ae<\/span><\/span><\/span><\/span><\/a><a style=\"font-size: 16px;\" href=\"https:\/\/researchchemicalhub.com\/zh\/shop\/iboga-ibogaine\/buy-ibogaine-hcl-online\/\"><span dir=\"auto\" style=\"vertical-align: inherit;\"><span dir=\"auto\" style=\"vertical-align: inherit;\"><span dir=\"auto\" style=\"vertical-align: inherit;\"><span dir=\"auto\" style=\"vertical-align: inherit;\">\u5728\u7ebf\u8d2d\u4e70\u76d0\u9178\u4f0a\u535a\u683c\u78b1<\/span><\/span><\/span><\/span><\/a><a style=\"font-size: 16px;\" href=\"https:\/\/researchchemicalhub.com\/zh\/shop\/lysergamides\/1cp-lsd\/\"><span dir=\"auto\" style=\"vertical-align: inherit;\"><span dir=\"auto\" style=\"vertical-align: inherit;\"><span dir=\"auto\" style=\"vertical-align: inherit;\"><span dir=\"auto\" style=\"vertical-align: inherit;\">1cp \u8ff7\u5e7b\u836f <\/span><\/span><\/span><\/span><\/a><a style=\"font-size: 16px;\" href=\"https:\/\/researchchemicalhub.com\/zh\/shop\/pellets-for-pellet\/o-dsmt-50mg-pellets\/\"><span dir=\"auto\" style=\"vertical-align: inherit;\"><span dir=\"auto\" style=\"vertical-align: inherit;\"><span dir=\"auto\" style=\"vertical-align: inherit;\"><span dir=\"auto\" style=\"vertical-align: inherit;\">o-dsmt<\/span><\/span><\/span><\/span><\/a><\/h3>","protected":false},"excerpt":{"rendered":"<p>\u82ac\u592a\u5c3c\u7684\u6709\u6548\u6027 \u82ac\u592a\u5c3c\u662f\u4e00\u79cd\u5408\u6210\u963f\u7247\u7c7b\u836f\u7269\uff0c\u7528\u4e8e\u6cbb\u7597\u5f3a\u6548\u6bd2\u54c1\uff0c\u76f4\u81f3\u4e00\u5929\u7ed3\u675f\u3002<\/p>","protected":false},"featured_media":27450,"comment_status":"open","ping_status":"closed","template":"","meta":[],"product_brand":[],"product_cat":[1085],"product_tag":[1089,1088],"class_list":{"0":"post-27449","1":"product","2":"type-product","3":"status-publish","4":"has-post-thumbnail","6":"product_cat-okategoriserad","7":"product_tag-fentanyl-kopen","8":"product_tag-fentanyl-tablet","10":"first","11":"instock","12":"taxable","13":"shipping-taxable","14":"purchasable","15":"product-type-variable"},"_links":{"self":[{"href":"https:\/\/researchchemicalhub.com\/zh\/wp-json\/wp\/v2\/product\/27449","targetHints":{"allow":["GET"]}}],"collection":[{"href":"https:\/\/researchchemicalhub.com\/zh\/wp-json\/wp\/v2\/product"}],"about":[{"href":"https:\/\/researchchemicalhub.com\/zh\/wp-json\/wp\/v2\/types\/product"}],"replies":[{"embeddable":true,"href":"https:\/\/researchchemicalhub.com\/zh\/wp-json\/wp\/v2\/comments?post=27449"}],"version-history":[{"count":4,"href":"https:\/\/researchchemicalhub.com\/zh\/wp-json\/wp\/v2\/product\/27449\/revisions"}],"predecessor-version":[{"id":27706,"href":"https:\/\/researchchemicalhub.com\/zh\/wp-json\/wp\/v2\/product\/27449\/revisions\/27706"}],"wp:featuredmedia":[{"embeddable":true,"href":"https:\/\/researchchemicalhub.com\/zh\/wp-json\/wp\/v2\/media\/27450"}],"wp:attachment":[{"href":"https:\/\/researchchemicalhub.com\/zh\/wp-json\/wp\/v2\/media?parent=27449"}],"wp:term":[{"taxonomy":"product_brand","embeddable":true,"href":"https:\/\/researchchemicalhub.com\/zh\/wp-json\/wp\/v2\/product_brand?post=27449"},{"taxonomy":"product_cat","embeddable":true,"href":"https:\/\/researchchemicalhub.com\/zh\/wp-json\/wp\/v2\/product_cat?post=27449"},{"taxonomy":"product_tag","embeddable":true,"href":"https:\/\/researchchemicalhub.com\/zh\/wp-json\/wp\/v2\/product_tag?post=27449"}],"curies":[{"name":"\u53ef\u6e7f\u6027\u7c89\u5242","href":"https:\/\/api.w.org\/{rel}","templated":true}]}}