{"id":27863,"date":"2025-10-20T13:38:36","date_gmt":"2025-10-20T13:38:36","guid":{"rendered":"https:\/\/researchchemicalhub.com\/?post_type=product&#038;p=27863"},"modified":"2025-10-21T05:49:10","modified_gmt":"2025-10-21T05:49:10","slug":"florekstamin-fxe","status":"publish","type":"product","link":"https:\/\/researchchemicalhub.com\/tr\/magaza\/kategorilenmemis\/florekstamin-fxe\/","title":{"rendered":"Florekstamin (FXE)"},"content":{"rendered":"<h1>Fluoroexetamin (FXE)&#039;yi \u00c7evrimi\u00e7i Sat\u0131n Al\u0131n<br \/>\nGenel bilgiler Florekstamin<\/h1>\n<p>Fluorexetamin (FXE)&#039;yi online sat\u0131n al\u0131n. Fluorexetamin (hidroklor\u00fcr), arilsikloheksilamin olarak s\u0131n\u0131fland\u0131r\u0131lan bilimsel bir analitik standartt\u0131r. Bu \u00fcr\u00fcn ara\u015ft\u0131rma ve \u00f6l\u00e7\u00fclebilir uygulamalar i\u00e7in tasarlanm\u0131\u015ft\u0131r.<\/p>\n<p>Florekstamin, disosiyatif etkileri olan bir spor ara\u015ft\u0131rma kimyasal\u0131d\u0131r. Florekstamin (3-Fluoro-2-Oxo-PCE, FXE) olarak bilinen bir spor ara\u015ft\u0131rma kimyasal\u0131, yakla\u015f\u0131k 2017 y\u0131l\u0131ndan beri internet \u00fczerinden sat\u0131lmaktad\u0131r.<\/p>\n<p>Bir s\u00fcredir piyasada olmas\u0131na ra\u011fmen, genellikle nadir g\u00f6r\u00fclm\u00fc\u015ft\u00fcr. Florekstamin, arilsikloheksilamin ailesinden bir ara\u015ft\u0131rma kimyasal\u0131d\u0131r ve \u00f6zellikleri olduk\u00e7a ayr\u0131\u015ft\u0131r\u0131c\u0131 olabilir. Ancak, 2017&#039;den beri \u00e7evrimi\u00e7i olarak mevcuttur ve kullan\u0131m\u0131 nispeten bilinmemektedir.<\/p>\n<p>Nisan 2022&#039;de, Reddit&#039;te kimyasal\u0131n algoritmik tespiti bir alarm\u0131 tetikledi\u011finde durum de\u011fi\u015fti. O zamandan beri, florekstamin bildirimleri, Nisan 2022&#039;deki zirveden bu yana iki kattan fazla artt\u0131. Bu bile\u015fi\u011fin fizyolojik ve toksikolojik \u00f6zellikleri incelenmemi\u015ftir. Bu kimyasal\u0131n kullan\u0131m\u0131, tabiri caizse ara\u015ft\u0131rma ve \u00f6l\u00e7\u00fclebilir ama\u00e7lar i\u00e7in olmal\u0131d\u0131r. Uyar\u0131: Bu \u00fcr\u00fcn \u00f6zellikle insan veya veteriner kullan\u0131m\u0131 i\u00e7in de\u011fildir.<\/p>\n<h3>Floreksataminin kimyasal bile\u015fimi<\/h3>\n<p>Florekstamin (3\u2032-Floro-2-okso-PCE, FXE), arilsikloheksilamin ailesinden disosiyatif etkilere sahip bir tasar\u0131mc\u0131 ara\u015ft\u0131rma kimyasal\u0131d\u0131r. Yakla\u015f\u0131k 2017&#039;den beri \u00e7evrimi\u00e7i olarak sat\u0131lmaktad\u0131r, ancak kullan\u0131m\u0131 nispeten nadirdir.<\/p>\n<p>Denklemi C14H18FNO olup mol k\u00fctlesi 235.302 g-mol-1&#039;dir.<\/p>\n<p>&nbsp;<\/p>\n<h3>Floreksataminin farmakolojisi<\/h3>\n<p>Fluoksetin, presinaptik serotonin n\u00f6ronlar\u0131nda serotonin geri al\u0131m\u0131n\u0131 inhibe ederek etkisini g\u00f6sterir. Bu etki presinaptik terminalde bulunan geri al\u0131m ta\u015f\u0131y\u0131c\u0131 proteinini bloke ederek ger\u00e7ekle\u015fir. Fluoksetin ayr\u0131ca 5HT2A ve 5HT2C resept\u00f6rleri \u00fczerinde de hafif bir etkiye sahiptir.<\/p>\n<p>Fluoksetin oral uygulamadan sonra t\u00fcketilir, y\u00fcksek oranda proteine ba\u011flan\u0131r ve b\u00fcy\u00fck bir ta\u015f\u0131ma hacmine sahiptir. Fluoksetinin yar\u0131 \u00f6mr\u00fc yakla\u015f\u0131k 1 ila 4 g\u00fcn iken, metaboliti norfluoksetinin yar\u0131 \u00f6mr\u00fc 7 ila 15 g\u00fcnd\u00fcr. Fluoksetinin do\u011frusal olmayan bir farmakokinetik profili vard\u0131r.<\/p>\n<p>&nbsp;<\/p>\n<h3>Y\u00fcksek kaliteli florekstamin sat\u0131n al\u0131n<\/h3>\n<p>ChemsXpress, ara\u015ft\u0131rma kimyasallar\u0131 tasar\u0131m sekt\u00f6r\u00fcnde uzun y\u0131llara dayanan deneyime sahiptir ve bu ara\u015ft\u0131rma kimyasallar\u0131n\u0131n en y\u00fcksek kalitede olmas\u0131n\u0131 sa\u011flar. Kimyasal ara\u015ft\u0131rma ekibi Florekstamin satmaktad\u0131r. Florekstamin de dahil olmak \u00fczere ara\u015ft\u0131rma kimyasallar\u0131 t\u00fcm g\u00fcvenlik gerekliliklerini kar\u015f\u0131lamaktad\u0131r. Ara\u015ft\u0131rma kimyasallar\u0131 \u00f6zenle da\u011f\u0131t\u0131l\u0131r ve serin ve kuru bir yerde saklan\u0131r.<\/p>\n<p>T\u00fcm \u00fcr\u00fcnler kalite, safl\u0131k ve g\u00fcvenlik a\u00e7\u0131s\u0131ndan d\u00fczenli olarak kontrol edilmektedir. Florekstamin&#039;i her zaman oda s\u0131cakl\u0131\u011f\u0131nda, \u00e7ocuklar\u0131n ve evcil hayvanlar\u0131n eri\u015femeyece\u011fi bir yerde saklay\u0131n. Florekstaminimiz ki\u015fisel kullan\u0131m i\u00e7in tasarlanmam\u0131\u015ft\u0131r. Yaln\u0131zca ara\u015ft\u0131rma ama\u00e7l\u0131d\u0131r.<\/p>\n<p>Bu kimyasal ara\u015ft\u0131r\u0131l\u0131rken alkol veya ara\u015ft\u0131rma kimyasallar\u0131yla kar\u0131\u015ft\u0131r\u0131lmamal\u0131d\u0131r!<\/p>\n<p>T\u00fcm \u00fcr\u00fcnlerimizin fiyatlar\u0131 uygundur!<\/p>\n<p>&nbsp;<\/p>\n<h3>Florekstamin laboratuvarda test edildi ve sonu\u00e7lar\u0131 a\u00e7\u0131kland\u0131.<\/h3>\n<p>Remakes, genel m\u00fc\u015fteri memnuniyetini hedefler. Bir\u00e7ok \u00e7al\u0131\u015fma, m\u00fc\u015fterilerin sentetik ara\u015ft\u0131rma kimyasallar\u0131 sat\u0131n almadan \u00f6nce m\u00fcmk\u00fcn oldu\u011funca fazla bilgi talep etti\u011fini g\u00f6stermi\u015ftir. Ayr\u0131ca, her ara\u015ft\u0131rma bile\u015fi\u011fi i\u00e7in t\u00fcm laboratuvar sonu\u00e7lar\u0131n\u0131 bir PDF dosyas\u0131nda yay\u0131nl\u0131yoruz.<\/p>\n<p>Fluorexetamin Kristalimiz aktif bile\u015fenleri s\u00fcrekli olarak sa\u011flar ve herkes taraf\u0131ndan an\u0131nda g\u00f6r\u00fclebilir.<\/p>\n<p>Her kimyasal incelemenin laboratuvar sonu\u00e7lar\u0131n\u0131 PDF format\u0131nda da\u011f\u0131t\u0131yoruz.<\/p>\n<p>&nbsp;<\/p>\n<h3>Fluorexetamine&#039;den g\u00fcvenle sipari\u015f verin.<\/h3>\n<p>Panacea Chems ara\u015ft\u0131rma kimyasallar\u0131 m\u00fckemmel kalitede ve uygun fiyatl\u0131d\u0131r. Bu nedenle, ara\u015ft\u0131rma kimyasallar\u0131n\u0131z\u0131 ChemsXpress&#039;ten sipari\u015f etti\u011finizde, Panacea Chems&#039;te her zaman sat\u0131\u015fta olan ara\u015ft\u0131rma kimyasallar\u0131 sayesinde evinize h\u0131zl\u0131 ve g\u00fcvenli teslimat garantisi veriyoruz.<\/p>\n<p>ChemsXpress&#039;te sentetik ara\u015ft\u0131rma bile\u015fiklerini Bitcoin veya banka havalesiyle sipari\u015f etmek kolayd\u0131r.<\/p>\n<p>\u00d6deme 15:00 CEST&#039;den \u00f6nce al\u0131n\u0131rsa, ara\u015ft\u0131rma kimyasal tozunu ayn\u0131 i\u015f g\u00fcn\u00fc i\u00e7erisinde g\u00f6nderiyoruz.<\/p>\n<p>18 ya\u015f alt\u0131 ki\u015filere \u00fcr\u00fcn vermiyoruz!<\/p>\n<p>Ara\u015ft\u0131rma ama\u00e7l\u0131 kimyasal sat\u0131\u015flar\u0131 yaln\u0131zca ara\u015ft\u0131rma ama\u00e7l\u0131d\u0131r.<\/p>\n<p>Ara\u015ft\u0131rma kimyasallar\u0131n\u0131n gizlice nakliyesi.<\/p>\n<p>ChemsXpress, sipari\u015finizi sorunsuz bir \u015fekilde ula\u015ft\u0131rmak i\u00e7in g\u00fcvenli bir \u015fekilde paketler. Ayr\u0131ca, d\u0131\u015far\u0131dan bak\u0131ld\u0131\u011f\u0131nda i\u00e7inde ne oldu\u011funun g\u00f6r\u00fclemeyece\u011fi \u015fekilde m\u00fckemmel bir \u015fekilde g\u00f6r\u00fcnmez bir \u015fekilde paketliyoruz.<\/p>\n<p>&nbsp;<\/p>\n<h3>\u00d6nlem tedbirleri<\/h3>\n<ul>\n<li>G\u00fcvenlik g\u00f6zl\u00fc\u011f\u00fc ve eldiven gibi uygun ki\u015fisel koruyucu ekipman sat\u0131n al\u0131n. Bunlar\u0131 uygun \u015fekilde temizleyin ve bak\u0131m\u0131n\u0131 yap\u0131n. Ara\u015ft\u0131rma kimyasallar\u0131n\u0131 kullan\u0131rken g\u00fcvenli prosed\u00fcrleri izleyin ve k\u0131sayollardan ka\u00e7\u0131n\u0131n.<\/li>\n<li>\u00c7al\u0131\u015fmada kullan\u0131lan kimyasal\u0131n g\u00f6z\u00fcn\u00fcze temas etmesi halinde g\u00f6z\u00fcn\u00fcz\u00fc iyice y\u0131kay\u0131n ve gerekiyorsa kontakt lenslerinizi \u00e7\u0131kar\u0131n.<\/li>\n<li>Bu kimyasallar\u0131 kullan\u0131rken maske takmaya \u00e7al\u0131\u015f\u0131n ki nefes al\u0131rken v\u00fccudunuza girmesinler.<\/li>\n<li>Desteklenen y\u00f6ntemlerde belirtildi\u011fi gibi, tehlikeli maddeleri g\u00fcvenli bir \u015fekilde kullanmal\u0131, depolamal\u0131 ve imha etmelisiniz. Bunlar\u0131 asla kanalizasyonlara veya kanallara d\u00f6kmeyin.<\/li>\n<li>Ara\u015ft\u0131rma ama\u00e7l\u0131 kimyasallar\u0131, adlar\u0131nda belirtildi\u011fi gibi uygun \u015fekilde saklay\u0131n. Yan\u0131c\u0131 kimyasallar, yo\u011fun \u0131s\u0131 ve g\u00fcn \u0131\u015f\u0131\u011f\u0131ndan uzakta, kuru ve iyi durumdaki kenevir i\u00e7inde saklanmal\u0131d\u0131r. Asitler gibi baz\u0131 sentetik maddeler ayr\u0131 olarak saklanmal\u0131d\u0131r.<\/li>\n<li>rc&#039;de sunulan ChemsXpress yaln\u0131zca ara\u015ft\u0131rma ama\u00e7l\u0131d\u0131r; insan t\u00fcketimi kesinlikle yasakt\u0131r.<\/li>\n<\/ul>","protected":false},"excerpt":{"rendered":"<p><strong>UPAC ad\u0131:\u00a0<\/strong>2-(etilamino)-2-(3-florofenil)sikloheksan-1-on<\/p>\n<p><strong>Di\u011fer ad\u0131:\u00a0<\/strong>FXE<\/p>\n<p><strong>Bi\u00e7im:\u00a0<\/strong>kristal<\/p>\n<p><strong>NMR analizi:\u00a0<\/strong>C14H18FNO<\/p>","protected":false},"featured_media":27870,"comment_status":"open","ping_status":"closed","template":"","meta":[],"product_brand":[],"product_cat":[1085],"product_tag":[],"class_list":{"0":"post-27863","1":"product","2":"type-product","3":"status-publish","4":"has-post-thumbnail","6":"product_cat-okategoriserad","8":"first","9":"instock","10":"taxable","11":"shipping-taxable","12":"purchasable","13":"product-type-variable"},"_links":{"self":[{"href":"https:\/\/researchchemicalhub.com\/tr\/wp-json\/wp\/v2\/product\/27863","targetHints":{"allow":["GET"]}}],"collection":[{"href":"https:\/\/researchchemicalhub.com\/tr\/wp-json\/wp\/v2\/product"}],"about":[{"href":"https:\/\/researchchemicalhub.com\/tr\/wp-json\/wp\/v2\/types\/product"}],"replies":[{"embeddable":true,"href":"https:\/\/researchchemicalhub.com\/tr\/wp-json\/wp\/v2\/comments?post=27863"}],"version-history":[{"count":1,"href":"https:\/\/researchchemicalhub.com\/tr\/wp-json\/wp\/v2\/product\/27863\/revisions"}],"predecessor-version":[{"id":27871,"href":"https:\/\/researchchemicalhub.com\/tr\/wp-json\/wp\/v2\/product\/27863\/revisions\/27871"}],"wp:featuredmedia":[{"embeddable":true,"href":"https:\/\/researchchemicalhub.com\/tr\/wp-json\/wp\/v2\/media\/27870"}],"wp:attachment":[{"href":"https:\/\/researchchemicalhub.com\/tr\/wp-json\/wp\/v2\/media?parent=27863"}],"wp:term":[{"taxonomy":"product_brand","embeddable":true,"href":"https:\/\/researchchemicalhub.com\/tr\/wp-json\/wp\/v2\/product_brand?post=27863"},{"taxonomy":"product_cat","embeddable":true,"href":"https:\/\/researchchemicalhub.com\/tr\/wp-json\/wp\/v2\/product_cat?post=27863"},{"taxonomy":"product_tag","embeddable":true,"href":"https:\/\/researchchemicalhub.com\/tr\/wp-json\/wp\/v2\/product_tag?post=27863"}],"curies":[{"name":"wp","href":"https:\/\/api.w.org\/{rel}","templated":true}]}}