{"id":26132,"date":"2025-10-20T01:31:17","date_gmt":"2025-10-20T01:31:17","guid":{"rendered":"https:\/\/researchchemicalhub.com\/?post_type=product&#038;p=26132"},"modified":"2025-10-21T05:53:59","modified_gmt":"2025-10-21T05:53:59","slug":"ibogaine-hclyi-cevrimici-satin-al","status":"publish","type":"product","link":"https:\/\/researchchemicalhub.com\/tr\/magaza\/iboga-ibogaine\/ibogaine-hclyi-cevrimici-satin-al\/","title":{"rendered":"Ibogaine HCL sat\u0131n al"},"content":{"rendered":"<h2>Ibogaine HCL sat\u0131n al<\/h2>\n<div class=\"sm-table-layout__cell sm-table-layout__cell_align_left sm-table-layout__cell_fixed-cell_phrase\" role=\"cell\" data-testid=\"table-cell-keyword\">\n<div class=\"sm-cell-phrase\"><span class=\"___SText_anxqe-kmt_\" data-ui-name=\"Link.Text\">ibogaine hcl&#039;yi \u00e7evrimi\u00e7i sat\u0131n al, <\/span>Ibogaine HCL sat\u0131n al\u0131n. Ibogaine, Afrika Tabernanthe iboga k\u00f6k\u00fcnde bulunan ve fiziksel yoksunluk belirtilerini ortadan kald\u0131ran ve uyu\u015fturucu ba\u011f\u0131ml\u0131l\u0131\u011f\u0131n\u0131 tamamen ortadan kald\u0131ran aktif bir kimyasald\u0131r. Ibogaine HCL, ba\u011f\u0131ml\u0131l\u0131klar\u0131 tedavi etmede en etkili bitkisel bitki oldu\u011fu kan\u0131tlanm\u0131\u015ft\u0131r. Do\u011fru uyguland\u0131\u011f\u0131nda, sonu\u00e7lar 0% etkilidir. Dozaj ve t\u00fcketim kolayl\u0131\u011f\u0131 sa\u011flayan kaps\u00fcllerde \u00f6nceden paketlenmi\u015f Iboga sunuyoruz.<\/div>\n<\/div>\n<p>Tabernanthe Iboga k\u00f6k kabu\u011fundan elde edilir. Iboga kabu\u011funun ikinci katman\u0131nda yakla\u015f\u0131k 12 farkl\u0131 alkaloid bulunur. \u00c7\u0131kar\u0131lan en \u00f6nemli \u00fc\u00e7 alkaloid Ibogain, Ibogamin ve Ibogalin&#039;dir. Ibogainin kimyasal bir bile\u015fi\u011fi olan Ibogain HCL, ba\u011f\u0131ml\u0131l\u0131k tedavisinde kullan\u0131l\u0131r. Ibogain HCL, Afrika&#039;ya \u00f6zg\u00fc Tabernanthe iboga \u00e7al\u0131s\u0131ndan elde edilen do\u011fal bir bile\u015fiktir. V\u00fccuttaki toksinleri (opiat ve di\u011fer uyu\u015fturucular gibi) temizlemek ve madde ba\u011f\u0131ml\u0131l\u0131\u011f\u0131n\u0131n fiziksel yoksunluk belirtilerini \u00f6nemli \u00f6l\u00e7\u00fcde azaltmaya yard\u0131mc\u0131 olmak i\u00e7in kullan\u0131l\u0131r.<\/p>\n<p>\u0130bogain HCL, \u00fc\u00e7\u00fcnc\u00fc s\u0131n\u0131f \u0130bogain&#039;dir ve \u00e7o\u011funlukla ba\u011f\u0131ml\u0131l\u0131k tedavisinde kullan\u0131l\u0131r. \u00c7e\u015fitli safs\u0131zl\u0131klar\u0131 ve di\u011fer maddeleri uzakla\u015ft\u0131ran HCL kullan\u0131larak \u00f6zel bir safla\u015ft\u0131rma i\u015fleminden ge\u00e7er. Ayr\u0131ca, \u0130bogain HCL yakla\u015f\u0131k -99 oran\u0131nda saf \u0130bogain i\u00e7erir.<\/p>\n<h2>Sat\u0131l\u0131k \u0130bogain HCL<\/h2>\n<p>\u0130bogain HCL, genellikle t\u0131bbi ortamlarda, profesyonel e\u011fitimli, sertifikal\u0131 doktor ve hem\u015firelerin g\u00f6zetiminde kullan\u0131l\u0131r. Madde ba\u011f\u0131ml\u0131l\u0131\u011f\u0131yla m\u00fccadele eden bir ki\u015finin uyu\u015fturucu veya alkol yoksunlu\u011fu semptomlar\u0131n\u0131 y\u00f6netmesine yard\u0131mc\u0131 olmakta faydal\u0131d\u0131r. \u0130bogain HCL, beyin ve merkezi sinir sisteminde bulunan n\u00f6ronlar ve belirli resept\u00f6r b\u00f6lgeleriyle sinerji i\u00e7inde \u00e7al\u0131\u015farak uyu\u015fturucu yoksunlu\u011fu semptomlar\u0131n\u0131 tedavi etmek i\u00e7in kullan\u0131l\u0131r.<\/p>\n<p>Ki\u015fi Ibogaine HCL ile yoksunluk sendromuna girdi\u011finde, yoksunluk belirtileri devam edecektir. Ancak, genellikle tedavi olmadan ya\u015fananlar\u0131n \u00e7ok daha az\u0131 kadar hissedilir. Ibogaine HCL tedavisinin etkileri, hastan\u0131n kendine \u00f6zg\u00fc \u00f6zelliklerine ba\u011fl\u0131 olarak 15-36 saat s\u00fcrebilir.<a href=\"https:\/\/researchchemicalhub.com\/tr\/magaza\/katinonlar\/2-cmc-satin-al\/\">2-CMC 250 mg peletler<\/a><a href=\"https:\/\/researchchemicalhub.com\/tr\/magaza\/neredeyse-yasaklandi\/6-cl-adba\/\">6-CL-ADBA<\/a><a href=\"https:\/\/researchchemicalhub.com\/tr\/magaza\/lizergamidler\/1v-lsd-150-mcg-blotters\/\">1V-LSD 150 MCG Blotterlar<\/a><a href=\"https:\/\/researchchemicalhub.com\/tr\/magaza\/pellets\/o-dsmt-50-mg-peletler\/\">O-DSMT 50 mg Peletleri<\/a><a href=\"https:\/\/researchchemicalhub.com\/tr\/magaza\/lizergamidler\/1cp-lsd-150-mcg\/\">1cP-LSD 150 MCG Sanat Emicileri<\/a><\/p>","protected":false},"excerpt":{"rendered":"<p>Ibogaine HCL sat\u0131n al, Ibogaine HCL&#039;yi \u00e7evrimi\u00e7i sat\u0131n al, Ibogaine HCL sat\u0131n al, Ibogaine, Afrika Tabernanthe&#039;sinde bulunan aktif kimyasald\u0131r<\/p>","protected":false},"featured_media":26149,"comment_status":"closed","ping_status":"closed","template":"","meta":[],"product_brand":[],"product_cat":[908],"product_tag":[913],"class_list":{"0":"post-26132","1":"product","2":"type-product","3":"status-publish","4":"has-post-thumbnail","6":"product_cat-iboga-ibogaine","7":"product_tag-buy-ibogaine-hcl-online","9":"first","10":"instock","11":"taxable","12":"shipping-taxable","13":"purchasable","14":"product-type-variable"},"_links":{"self":[{"href":"https:\/\/researchchemicalhub.com\/tr\/wp-json\/wp\/v2\/product\/26132","targetHints":{"allow":["GET"]}}],"collection":[{"href":"https:\/\/researchchemicalhub.com\/tr\/wp-json\/wp\/v2\/product"}],"about":[{"href":"https:\/\/researchchemicalhub.com\/tr\/wp-json\/wp\/v2\/types\/product"}],"replies":[{"embeddable":true,"href":"https:\/\/researchchemicalhub.com\/tr\/wp-json\/wp\/v2\/comments?post=26132"}],"version-history":[{"count":3,"href":"https:\/\/researchchemicalhub.com\/tr\/wp-json\/wp\/v2\/product\/26132\/revisions"}],"predecessor-version":[{"id":26157,"href":"https:\/\/researchchemicalhub.com\/tr\/wp-json\/wp\/v2\/product\/26132\/revisions\/26157"}],"wp:featuredmedia":[{"embeddable":true,"href":"https:\/\/researchchemicalhub.com\/tr\/wp-json\/wp\/v2\/media\/26149"}],"wp:attachment":[{"href":"https:\/\/researchchemicalhub.com\/tr\/wp-json\/wp\/v2\/media?parent=26132"}],"wp:term":[{"taxonomy":"product_brand","embeddable":true,"href":"https:\/\/researchchemicalhub.com\/tr\/wp-json\/wp\/v2\/product_brand?post=26132"},{"taxonomy":"product_cat","embeddable":true,"href":"https:\/\/researchchemicalhub.com\/tr\/wp-json\/wp\/v2\/product_cat?post=26132"},{"taxonomy":"product_tag","embeddable":true,"href":"https:\/\/researchchemicalhub.com\/tr\/wp-json\/wp\/v2\/product_tag?post=26132"}],"curies":[{"name":"wp","href":"https:\/\/api.w.org\/{rel}","templated":true}]}}