{"id":26126,"date":"2025-10-20T01:31:17","date_gmt":"2025-10-20T01:31:17","guid":{"rendered":"https:\/\/researchchemicalhub.com\/?post_type=product&#038;p=26126"},"modified":"2025-10-21T05:53:39","modified_gmt":"2025-10-21T05:53:39","slug":"iboga-satin-al","status":"publish","type":"product","link":"https:\/\/researchchemicalhub.com\/tr\/magaza\/iboga-ibogaine\/iboga-satin-al\/","title":{"rendered":"Iboga TA sat\u0131n al"},"content":{"rendered":"<h2>Iboga TA sat\u0131n al<\/h2>\n<p>iboga\u200b, Iboga TA sat\u0131n al, TA &quot;toplam alkaloid&quot; anlam\u0131na gelir. Iboga TA, iboga k\u00f6k kabu\u011funda bulunan t\u00fcm alkaloidleri i\u00e7eren bir \u00f6z\u00fctt\u00fcr. Alkaloidler, asit\/baz ekstraksiyonu yoluyla k\u00f6k kabu\u011fundan nispeten kolay bir \u015fekilde \u00e7\u0131kar\u0131labilir. iboga&#039;y\u0131 online sat\u0131n al.<\/p>\n<p>Bilimsel ara\u015ft\u0131rmalar, Iboga k\u00f6k kabu\u011fu veya HCL ve TA olarak bilinen \u00f6zleri ald\u0131ktan sonra yoksunluk belirtilerinde ciddi bir azalma oldu\u011funu, hatta neredeyse tamamen yok oldu\u011funu g\u00f6stermektedir. Ara\u015ft\u0131rmalar, uygulanan tedavilerin %&#039;sinin ba\u015far\u0131l\u0131 oldu\u011funu ve tedaviden aylar sonra bile hastalarda tekrarlama iste\u011finin olmad\u0131\u011f\u0131n\u0131 g\u00f6stermektedir. Ba\u011f\u0131ml\u0131l\u0131ktan kurtulman\u0131n yan\u0131 s\u0131ra, hastalara kendi ya\u015famlar\u0131na dair netlik ve i\u00e7g\u00f6r\u00fc kazand\u0131r\u0131r.<\/p>\n<p>100%&#039;nin ba\u015far\u0131l\u0131 bir \u015fekilde g\u00f6nderilmesini sa\u011flamak i\u00e7in iboga tozunun nakliye ve paketlemesini profesyonellikle ger\u00e7ekle\u015ftiriyoruz. \u0130lgili var\u0131\u015f noktalar\u0131m\u0131za uzman hizmetler sunuyoruz ve kullan\u0131m, dozaj ve di\u011fer \u00f6nemli istatistikler hakk\u0131nda bilgi almak i\u00e7in araman\u0131z ve sorular\u0131n\u0131z \u00fczerine size bilgi verebiliriz. <a href=\"https:\/\/researchchemicalhub.com\/tr\/magaza\/kategorilenmemis\/4mmc-satin-al\/\">4mmc sat\u0131n al<\/a><a href=\"https:\/\/researchchemicalhub.com\/tr\/magaza\/iboga-ibogaine\/iboga-kok-kabugu\/\">iboga k\u00f6k kabu\u011fu<\/a><a href=\"https:\/\/researchchemicalhub.com\/tr\/magaza\/iboga-ibogaine\/ibogaine-hclyi-cevrimici-satin-al\/\">ibogaine hcl&#039;yi \u00e7evrimi\u00e7i sat\u0131n al<\/a><a href=\"https:\/\/researchchemicalhub.com\/tr\/magaza\/lizergamidler\/1cp-lsd\/\">1cp lsd<\/a><a href=\"https:\/\/researchchemicalhub.com\/tr\/magaza\/pelet-icin-peletler\/o-dsmt-50-mg-peletler\/\">o-dsmt<\/a><\/p>","protected":false},"excerpt":{"rendered":"<p>Buy Iboga TA iboga\u200b kopen, Buy Iboga TA, TA stands for \u201ctotal alkaloid. \u201dIboga TA is an extract containing all<\/p>","protected":false},"featured_media":26147,"comment_status":"closed","ping_status":"closed","template":"","meta":[],"product_brand":[],"product_cat":[908],"product_tag":[1091,1090],"class_list":{"0":"post-26126","1":"product","2":"type-product","3":"status-publish","4":"has-post-thumbnail","6":"product_cat-iboga-ibogaine","7":"product_tag-iboga","8":"product_tag-iboga-kopen","10":"first","11":"instock","12":"taxable","13":"shipping-taxable","14":"purchasable","15":"product-type-variable"},"_links":{"self":[{"href":"https:\/\/researchchemicalhub.com\/tr\/wp-json\/wp\/v2\/product\/26126","targetHints":{"allow":["GET"]}}],"collection":[{"href":"https:\/\/researchchemicalhub.com\/tr\/wp-json\/wp\/v2\/product"}],"about":[{"href":"https:\/\/researchchemicalhub.com\/tr\/wp-json\/wp\/v2\/types\/product"}],"replies":[{"embeddable":true,"href":"https:\/\/researchchemicalhub.com\/tr\/wp-json\/wp\/v2\/comments?post=26126"}],"version-history":[{"count":3,"href":"https:\/\/researchchemicalhub.com\/tr\/wp-json\/wp\/v2\/product\/26126\/revisions"}],"predecessor-version":[{"id":27690,"href":"https:\/\/researchchemicalhub.com\/tr\/wp-json\/wp\/v2\/product\/26126\/revisions\/27690"}],"wp:featuredmedia":[{"embeddable":true,"href":"https:\/\/researchchemicalhub.com\/tr\/wp-json\/wp\/v2\/media\/26147"}],"wp:attachment":[{"href":"https:\/\/researchchemicalhub.com\/tr\/wp-json\/wp\/v2\/media?parent=26126"}],"wp:term":[{"taxonomy":"product_brand","embeddable":true,"href":"https:\/\/researchchemicalhub.com\/tr\/wp-json\/wp\/v2\/product_brand?post=26126"},{"taxonomy":"product_cat","embeddable":true,"href":"https:\/\/researchchemicalhub.com\/tr\/wp-json\/wp\/v2\/product_cat?post=26126"},{"taxonomy":"product_tag","embeddable":true,"href":"https:\/\/researchchemicalhub.com\/tr\/wp-json\/wp\/v2\/product_tag?post=26126"}],"curies":[{"name":"wp","href":"https:\/\/api.w.org\/{rel}","templated":true}]}}