{"id":26119,"date":"2025-10-20T01:31:17","date_gmt":"2025-10-20T01:31:17","guid":{"rendered":"https:\/\/researchchemicalhub.com\/?post_type=product&#038;p=26119"},"modified":"2025-10-21T05:53:27","modified_gmt":"2025-10-21T05:53:27","slug":"iboga-root-bark","status":"publish","type":"product","link":"https:\/\/researchchemicalhub.com\/tr\/shop\/iboga-ibogaine\/iboga-root-bark\/","title":{"rendered":"Iboga k\u00f6k kabu\u011fu"},"content":{"rendered":"<h2>Iboga k\u00f6k kabu\u011fu sat\u0131n al<\/h2>\n<p>iboga k\u00f6k kabu\u011fu\u200b, Sat\u0131l\u0131k iboga k\u00f6k kabu\u011fumuz do\u011frudan yutularak t\u00fcketilebilir veya t\u00fcketilmeden \u00f6nce iboga k\u00f6k kabu\u011fu tozu haline getirilebilir, burada kaps\u00fcllere sar\u0131l\u0131p yutularak ac\u0131 tad\u0131ndan ka\u00e7\u0131n\u0131labilir.<\/p>\n<p>B\u00fcy\u00fck dozda Iboga k\u00f6k\u00fc kabu\u011fu, geleneksel olarak Bwiti halk\u0131 taraf\u0131ndan bir ge\u00e7i\u015f t\u00f6reni olarak t\u00fcketilirken, daha k\u00fc\u00e7\u00fck miktarlarda \u015fifa t\u00f6renleri ve avc\u0131l\u0131k i\u00e7in kullan\u0131l\u0131r. Yakla\u015f\u0131k 5 graml\u0131k k\u00fc\u00e7\u00fck dozlarda iboga k\u00f6k\u00fc kabu\u011fu uyar\u0131c\u0131 ve afrodizyak g\u00f6revi g\u00f6r\u00fcrken, yakla\u015f\u0131k 10 ila 25 graml\u0131k b\u00fcy\u00fck dozlarda iboga k\u00f6k\u00fc kabu\u011fu, ruhsal ke\u015fif, psikoterap\u00f6tik iyile\u015fme, h\u0131zl\u0131 fiziksel detoks ve ba\u011f\u0131ml\u0131l\u0131ktan kurtulma i\u00e7in kullan\u0131labilir.<\/p>\n<p>Parkinson hastal\u0131\u011f\u0131 da dahil olmak \u00fczere bir\u00e7ok ba\u015fka rahats\u0131zl\u0131\u011f\u0131n tedavisinde de \u00fcmit verici sonu\u00e7lar elde edilmi\u015ftir. Bir\u00e7ok Iboga tedavi merkezi, tam bir tedavi i\u00e7in \u00e7ok fazla Iboga k\u00f6k kabu\u011fu al\u0131nmas\u0131 gerekti\u011fini tespit etmi\u015ftir.<\/p>\n<div class=\"elementor-element elementor-element-2342a3b elementor-widget elementor-widget-jws_widget_heading\" data-id=\"2342a3b\" data-element_type=\"widget\" data-widget_type=\"jws_widget_heading.default\">\n<div class=\"elementor-widget-container\">\n<div class=\"title-wrapper center\">\n<h2 class=\"title\">Bilmeniz gerekenler<\/h2>\n<\/div>\n<\/div>\n<\/div>\n<div class=\"elementor-element elementor-element-dd111fd elementor-widget__width-initial elementor-widget elementor-widget-text-editor\" data-id=\"dd111fd\" data-element_type=\"widget\" data-widget_type=\"text-editor.default\">\n<div class=\"elementor-widget-container\">\n<p>Bu kadar b\u00fcy\u00fck miktarda bitki kabu\u011fu t\u00fcketmek olduk\u00e7a zor olabilir. Bwiti ba\u015flang\u0131\u00e7 t\u00f6reninde, t\u00f6ren boyunca 100 grama kadar y\u00fcksek dozlarda iboga k\u00f6k\u00fc kabu\u011fu t\u00fcketilmi\u015ftir. Bu, g\u00f6zlemlenen maksimum dozdur ve farkl\u0131 iboga k\u00f6k\u00fc kabu\u011fu tedarik\u00e7ilerinin kesin dozlar konusunda farkl\u0131 felsefeleri vard\u0131r. Sat\u0131l\u0131k iboga k\u00f6k\u00fc kabu\u011fumuzun tipik bir terap\u00f6tik dozu, ki\u015fiye ve tedavi hedefine ba\u011fl\u0131 olarak 5 ila 100 gram aras\u0131nda de\u011fi\u015fir, ancak sat\u0131l\u0131k ibogam\u0131z gibi lifli bitki \u00f6zlerinden b\u00fcy\u00fck miktarda yemek herkesi mide bulant\u0131s\u0131na u\u011fratabilir. Iboga k\u00f6k\u00fc kabu\u011fu v\u00fccutta uzun s\u00fcre kal\u0131r ve v\u00fccuttan tamamen at\u0131lmas\u0131 bazen yakla\u015f\u0131k 72 saat ila bir hafta s\u00fcrer.<a href=\"https:\/\/researchchemicalhub.com\/tr\/shop\/fenethylamine\/2c-ef-2mg-capsules\/\">2C-EF 2 mg Kaps\u00fcller<\/a><a href=\"https:\/\/researchchemicalhub.com\/tr\/shop\/cathinonen\/2-cmc-kopen\/\">2-CMC 250 mg peletler<\/a><a href=\"https:\/\/researchchemicalhub.com\/tr\/shop\/lysergamides\/1v-lsd-150-mcg-blotters\/\">1V-LSD 150 MCG Blotterlar<\/a><a href=\"https:\/\/researchchemicalhub.com\/tr\/shop\/pellets\/o-dsmt-50mg-pellets\/\">O-DSMT 50 mg Peletleri<\/a><a href=\"https:\/\/researchchemicalhub.com\/tr\/shop\/lysergamides\/1cp-lsd-150-mcg\/\">1cP-LSD 150 MCG Sanat Emicileri<\/a><\/p>\n<\/div>\n<\/div>","protected":false},"excerpt":{"rendered":"<p>Iboga k\u00f6k kabu\u011fu sat\u0131n al, Iboga k\u00f6k kabu\u011fu sat\u0131\u015f\u0131, Sat\u0131l\u0131k Iboga k\u00f6k kabu\u011fumuz do\u011frudan yutularak veya<\/p>","protected":false},"featured_media":26145,"comment_status":"closed","ping_status":"closed","template":"","meta":[],"product_brand":[],"product_cat":[908],"product_tag":[914],"class_list":{"0":"post-26119","1":"product","2":"type-product","3":"status-publish","4":"has-post-thumbnail","6":"product_cat-iboga-ibogaine","7":"product_tag-iboga-root-bark","9":"first","10":"instock","11":"taxable","12":"shipping-taxable","13":"purchasable","14":"product-type-variable"},"_links":{"self":[{"href":"https:\/\/researchchemicalhub.com\/tr\/wp-json\/wp\/v2\/product\/26119","targetHints":{"allow":["GET"]}}],"collection":[{"href":"https:\/\/researchchemicalhub.com\/tr\/wp-json\/wp\/v2\/product"}],"about":[{"href":"https:\/\/researchchemicalhub.com\/tr\/wp-json\/wp\/v2\/types\/product"}],"replies":[{"embeddable":true,"href":"https:\/\/researchchemicalhub.com\/tr\/wp-json\/wp\/v2\/comments?post=26119"}],"version-history":[{"count":3,"href":"https:\/\/researchchemicalhub.com\/tr\/wp-json\/wp\/v2\/product\/26119\/revisions"}],"predecessor-version":[{"id":26159,"href":"https:\/\/researchchemicalhub.com\/tr\/wp-json\/wp\/v2\/product\/26119\/revisions\/26159"}],"wp:featuredmedia":[{"embeddable":true,"href":"https:\/\/researchchemicalhub.com\/tr\/wp-json\/wp\/v2\/media\/26145"}],"wp:attachment":[{"href":"https:\/\/researchchemicalhub.com\/tr\/wp-json\/wp\/v2\/media?parent=26119"}],"wp:term":[{"taxonomy":"product_brand","embeddable":true,"href":"https:\/\/researchchemicalhub.com\/tr\/wp-json\/wp\/v2\/product_brand?post=26119"},{"taxonomy":"product_cat","embeddable":true,"href":"https:\/\/researchchemicalhub.com\/tr\/wp-json\/wp\/v2\/product_cat?post=26119"},{"taxonomy":"product_tag","embeddable":true,"href":"https:\/\/researchchemicalhub.com\/tr\/wp-json\/wp\/v2\/product_tag?post=26119"}],"curies":[{"name":"wp","href":"https:\/\/api.w.org\/{rel}","templated":true}]}}