{"id":26112,"date":"2025-10-20T01:20:16","date_gmt":"2025-10-20T01:20:16","guid":{"rendered":"https:\/\/researchchemicalhub.com\/?post_type=product&#038;p=26112"},"modified":"2025-10-29T08:34:39","modified_gmt":"2025-10-29T08:34:39","slug":"caluanie-muelear-oxidize","status":"publish","type":"product","link":"https:\/\/researchchemicalhub.com\/tr\/magaza\/kategorilenmemis\/caluanie-muelear-oxidize\/","title":{"rendered":"Caluanie Muelear Oksit"},"content":{"rendered":"<p class=\"\" data-start=\"268\" data-end=\"544\"><strong data-start=\"268\" data-end=\"296\"><span dir=\"auto\" style=\"vertical-align: inherit;\"><span dir=\"auto\" style=\"vertical-align: inherit;\">Caluanie Muelear Oksit<\/span><\/span><\/strong><span dir=\"auto\" style=\"vertical-align: inherit;\"><span dir=\"auto\" style=\"vertical-align: inherit;\"> g\u00fc\u00e7l\u00fc bir <\/span><\/span><strong data-start=\"314\" data-end=\"337\"><span dir=\"auto\" style=\"vertical-align: inherit;\"><span dir=\"auto\" style=\"vertical-align: inherit;\">kimyasal reaktif<\/span><\/span><\/strong><span dir=\"auto\" style=\"vertical-align: inherit;\"><span dir=\"auto\" style=\"vertical-align: inherit;\"> \u00f6ncelikle yetene\u011fiyle bilinir <\/span><\/span><strong data-start=\"382\" data-end=\"427\"><span dir=\"auto\" style=\"vertical-align: inherit;\"><span dir=\"auto\" style=\"vertical-align: inherit;\">sert metalleri ve malzemeleri par\u00e7alamak<\/span><\/span><\/strong><span dir=\"auto\" style=\"vertical-align: inherit;\"><span dir=\"auto\" style=\"vertical-align: inherit;\"> Yayg\u0131n olarak kullan\u0131l\u0131r <\/span><\/span><strong data-start=\"459\" data-end=\"541\"><span dir=\"auto\" style=\"vertical-align: inherit;\"><span dir=\"auto\" style=\"vertical-align: inherit;\">end\u00fcstriyel, metalurji, laboratuvar ara\u015ft\u0131rmalar\u0131 ve madencilik uygulamalar\u0131<\/span><\/span><\/strong><span dir=\"auto\" style=\"vertical-align: inherit;\"><span dir=\"auto\" style=\"vertical-align: inherit;\"> . caluanie muelear oxidize, caluanie muelear oxidize fiyat\u0131 ABD&#039;de, caluanie muelear oxidize ABD, caluanie muelear oxidize fiyat\u0131, caluanie muelear oxidize \u00fcreticisi ABD&#039;de, caluanie muelear oxidize sat\u0131l\u0131k<\/span><\/span><\/p>\n<p class=\"\" data-start=\"546\" data-end=\"822\"><span dir=\"auto\" style=\"vertical-align: inherit;\"><span dir=\"auto\" style=\"vertical-align: inherit;\">Bu y\u00fcksek viskoziteli, kehribar renkli s\u0131v\u0131, derin aromas\u0131yla bilinir. <\/span><\/span><strong data-start=\"644\" data-end=\"672\"><span dir=\"auto\" style=\"vertical-align: inherit;\"><span dir=\"auto\" style=\"vertical-align: inherit;\">oksidatif \u00f6zellikler<\/span><\/span><\/strong><span dir=\"auto\" style=\"vertical-align: inherit;\"><span dir=\"auto\" style=\"vertical-align: inherit;\"> Benzersiz kimyasal bile\u015fimi, sert malzemelerdeki molek\u00fcler ba\u011flara sald\u0131rarak onlar\u0131 daha yumu\u015fak veya k\u0131r\u0131lgan hale getirebilir. <\/span><\/span><a href=\"https:\/\/researchchemicalhub.com\/tr\/magaza\/top-10-research-chemicals\/3-cmc-hcl\/\"><span dir=\"auto\" style=\"vertical-align: inherit;\"><span dir=\"auto\" style=\"vertical-align: inherit;\">3-CMC HCl po\u015fet 1g<\/span><\/span><\/a><\/p>\n<hr class=\"\" data-start=\"824\" data-end=\"827\" \/>\n<h2 class=\"\" data-start=\"829\" data-end=\"862\">\u2699\ufe0f<span dir=\"auto\" style=\"vertical-align: inherit;\"><span dir=\"auto\" style=\"vertical-align: inherit;\">Temel \u00d6zellikler<\/span><\/span><\/h2>\n<ul data-start=\"864\" data-end=\"1189\">\n<li class=\"\" data-start=\"864\" data-end=\"918\">\n<p class=\"\" data-start=\"866\" data-end=\"918\"><strong data-start=\"866\" data-end=\"885\"><span dir=\"auto\" style=\"vertical-align: inherit;\"><span dir=\"auto\" style=\"vertical-align: inherit;\">Kimyasal formu:<\/span><\/span><\/strong><span dir=\"auto\" style=\"vertical-align: inherit;\"><span dir=\"auto\" style=\"vertical-align: inherit;\"> Kal\u0131n, kehribar renkli s\u0131v\u0131<\/span><\/span><\/p>\n<\/li>\n<li class=\"\" data-start=\"919\" data-end=\"1018\">\n<p class=\"\" data-start=\"921\" data-end=\"1018\"><strong data-start=\"921\" data-end=\"943\"><span dir=\"auto\" style=\"vertical-align: inherit;\"><span dir=\"auto\" style=\"vertical-align: inherit;\">Ana uygulamalar:<\/span><\/span><\/strong><span dir=\"auto\" style=\"vertical-align: inherit;\"><span dir=\"auto\" style=\"vertical-align: inherit;\"> Metal i\u015fleme, malzeme y\u0131k\u0131m\u0131, madencilik, bilimsel ara\u015ft\u0131rma<\/span><\/span><\/p>\n<\/li>\n<li class=\"\" data-start=\"1019\" data-end=\"1071\">\n<p class=\"\" data-start=\"1021\" data-end=\"1071\"><strong data-start=\"1021\" data-end=\"1038\"><span dir=\"auto\" style=\"vertical-align: inherit;\"><span dir=\"auto\" style=\"vertical-align: inherit;\">Reaktivite:<\/span><\/span><\/strong><span dir=\"auto\" style=\"vertical-align: inherit;\"><span dir=\"auto\" style=\"vertical-align: inherit;\"> \u00c7ok g\u00fc\u00e7l\u00fc oksitleyici madde<\/span><\/span><\/p>\n<\/li>\n<li class=\"\" data-start=\"1072\" data-end=\"1129\">\n<p class=\"\" data-start=\"1074\" data-end=\"1129\"><strong data-start=\"1074\" data-end=\"1085\"><span dir=\"auto\" style=\"vertical-align: inherit;\"><span dir=\"auto\" style=\"vertical-align: inherit;\">Tehlike:<\/span><\/span><\/strong><span dir=\"auto\" style=\"vertical-align: inherit;\"><span dir=\"auto\" style=\"vertical-align: inherit;\"> Yanl\u0131\u015f kullan\u0131ld\u0131\u011f\u0131nda a\u015f\u0131nd\u0131r\u0131c\u0131 ve zararl\u0131d\u0131r.<\/span><\/span><\/p>\n<\/li>\n<li class=\"\" data-start=\"1130\" data-end=\"1189\">\n<p class=\"\" data-start=\"1132\" data-end=\"1189\"><strong data-start=\"1132\" data-end=\"1147\"><span dir=\"auto\" style=\"vertical-align: inherit;\"><span dir=\"auto\" style=\"vertical-align: inherit;\">Ambalajlama:<\/span><\/span><\/strong><span dir=\"auto\" style=\"vertical-align: inherit;\"><span dir=\"auto\" style=\"vertical-align: inherit;\"> Hava ge\u00e7irmez ve s\u0131zd\u0131rmaz, nakliye i\u00e7in g\u00fcvenlidir, <\/span><\/span><a href=\"https:\/\/researchchemicalhub.com\/tr\/magaza\/teraziler\/dijital-biyo-mini-olcek\/\"><span dir=\"auto\" style=\"vertical-align: inherit;\"><span dir=\"auto\" style=\"vertical-align: inherit;\">Dijital Biyo Mini Terazi \u2013 20g x 0,001g<\/span><\/span><\/a><\/p>\n<\/li>\n<\/ul>\n<hr class=\"\" data-start=\"1191\" data-end=\"1194\" \/>\n<h2 class=\"\" data-start=\"1196\" data-end=\"1243\">\ud83d\udcbc<span dir=\"auto\" style=\"vertical-align: inherit;\"><span dir=\"auto\" style=\"vertical-align: inherit;\">Caluanie Muelear Oksit Uygulamalar\u0131<\/span><\/span><\/h2>\n<h3 class=\"\" data-start=\"1245\" data-end=\"1287\"><span dir=\"auto\" style=\"vertical-align: inherit;\"><span dir=\"auto\" style=\"vertical-align: inherit;\">1. <\/span><\/span><strong data-start=\"1252\" data-end=\"1285\"><span dir=\"auto\" style=\"vertical-align: inherit;\"><span dir=\"auto\" style=\"vertical-align: inherit;\">Metal \u0130\u015fleme ve Geri D\u00f6n\u00fc\u015f\u00fcm<\/span><\/span><\/strong><\/h3>\n<p class=\"\" data-start=\"1288\" data-end=\"1468\"><strong data-start=\"1349\" data-end=\"1386\"><span dir=\"auto\" style=\"vertical-align: inherit;\"><span dir=\"auto\" style=\"vertical-align: inherit;\">Kalsiyum karbonat yumu\u015fatmak veya zay\u0131flatmak i\u00e7in kullan\u0131l\u0131r<\/span><\/span><\/strong><span dir=\"auto\" style=\"vertical-align: inherit;\"><span dir=\"auto\" style=\"vertical-align: inherit;\"> demir ve \u00e7elik gibi sert metaller <\/span><span dir=\"auto\" style=\"vertical-align: inherit;\">A\u011f\u0131r ekipmana ihtiya\u00e7 duyulmadan i\u015flemeyi \u00f6nemli \u00f6l\u00e7\u00fcde kolayla\u015ft\u0131r\u0131r. <\/span><\/span><a href=\"https:\/\/researchchemicalhub.com\/tr\/magaza\/top-10-research-chemicals\/pirazolam-etkisi\/\"><span dir=\"auto\" style=\"vertical-align: inherit;\"><span dir=\"auto\" style=\"vertical-align: inherit;\">Pirazolam 2,5 MG Peletler<\/span><\/span><\/a><\/p>\n<h3 class=\"\" data-start=\"1470\" data-end=\"1514\"><span dir=\"auto\" style=\"vertical-align: inherit;\"><span dir=\"auto\" style=\"vertical-align: inherit;\">2. <\/span><\/span><strong data-start=\"1477\" data-end=\"1512\"><span dir=\"auto\" style=\"vertical-align: inherit;\"><span dir=\"auto\" style=\"vertical-align: inherit;\">Madencilik ve De\u011ferli Metal \u00c7\u0131kar\u0131m\u0131<\/span><\/span><\/strong><\/h3>\n<p class=\"\" data-start=\"1515\" data-end=\"1665\"><span dir=\"auto\" style=\"vertical-align: inherit;\"><span dir=\"auto\" style=\"vertical-align: inherit;\">K\u00fc\u00e7\u00fck madencilik faaliyetlerinde Caluanie, <\/span><\/span><strong data-start=\"1570\" data-end=\"1593\"><span dir=\"auto\" style=\"vertical-align: inherit;\"><span dir=\"auto\" style=\"vertical-align: inherit;\">cevherleri par\u00e7alamak<\/span><\/span><\/strong><span dir=\"auto\" style=\"vertical-align: inherit;\"><span dir=\"auto\" style=\"vertical-align: inherit;\"> ve alt\u0131n veya platin gibi de\u011ferli metalleri daha verimli bir \u015fekilde \u00e7\u0131karmak.<\/span><\/span><\/p>\n<h3 class=\"\" data-start=\"1667\" data-end=\"1701\"><span dir=\"auto\" style=\"vertical-align: inherit;\"><span dir=\"auto\" style=\"vertical-align: inherit;\">3. <\/span><\/span><strong data-start=\"1674\" data-end=\"1699\"><span dir=\"auto\" style=\"vertical-align: inherit;\"><span dir=\"auto\" style=\"vertical-align: inherit;\">Laboratuvar muayenesi<\/span><\/span><\/strong><\/h3>\n<p class=\"\" data-start=\"1702\" data-end=\"1834\"><span dir=\"auto\" style=\"vertical-align: inherit;\"><span dir=\"auto\" style=\"vertical-align: inherit;\">Ara\u015ft\u0131rma kurumlar\u0131nda uygulanmaktad\u0131r <\/span><\/span><strong data-start=\"1752\" data-end=\"1779\"><span dir=\"auto\" style=\"vertical-align: inherit;\"><span dir=\"auto\" style=\"vertical-align: inherit;\">malzeme bozulma testleri<\/span><\/span><\/strong><span dir=\"auto\" style=\"vertical-align: inherit;\"><span dir=\"auto\" style=\"vertical-align: inherit;\"> Ve <\/span><\/span><strong data-start=\"1783\" data-end=\"1802\"><span dir=\"auto\" style=\"vertical-align: inherit;\"><span dir=\"auto\" style=\"vertical-align: inherit;\">oksidasyon \u00e7al\u0131\u015fmalar\u0131<\/span><\/span><\/strong><span dir=\"auto\" style=\"vertical-align: inherit;\"><span dir=\"auto\" style=\"vertical-align: inherit;\"> kimya ve malzeme bilimi alan\u0131nda.<\/span><\/span><\/p>\n<h3 class=\"\" data-start=\"1836\" data-end=\"1872\"><span dir=\"auto\" style=\"vertical-align: inherit;\"><span dir=\"auto\" style=\"vertical-align: inherit;\">4. <\/span><\/span><strong data-start=\"1843\" data-end=\"1870\"><span dir=\"auto\" style=\"vertical-align: inherit;\"><span dir=\"auto\" style=\"vertical-align: inherit;\">Boya ve re\u00e7ine i\u015fleme<\/span><\/span><\/strong><\/h3>\n<p class=\"\" data-start=\"1873\" data-end=\"2033\"><span dir=\"auto\" style=\"vertical-align: inherit;\"><span dir=\"auto\" style=\"vertical-align: inherit;\">Daha d\u00fc\u015f\u00fck konsantrasyonlarda, Caluanie \u015fu ama\u00e7larla kullan\u0131labilir: <\/span><\/span><strong data-start=\"1935\" data-end=\"1975\"><span dir=\"auto\" style=\"vertical-align: inherit;\"><span dir=\"auto\" style=\"vertical-align: inherit;\">end\u00fcstriyel kaplamalar\u0131 \u00e7\u0131karmak<\/span><\/span><\/strong><span dir=\"auto\" style=\"vertical-align: inherit;\"><span dir=\"auto\" style=\"vertical-align: inherit;\"> , \u00f6zel uygulamalarda re\u00e7ine katmanlar\u0131 veya polimerler.<\/span><\/span><\/p>\n<hr class=\"\" data-start=\"2035\" data-end=\"2038\" \/>\n<h2 class=\"\" data-start=\"2040\" data-end=\"2068\">\u26a0\ufe0f<span dir=\"auto\" style=\"vertical-align: inherit;\"><span dir=\"auto\" style=\"vertical-align: inherit;\">G\u00fcvenlik \u00f6nlemleri<\/span><\/span><\/h2>\n<p class=\"\" data-start=\"2070\" data-end=\"2185\"><span dir=\"auto\" style=\"vertical-align: inherit;\"><span dir=\"auto\" style=\"vertical-align: inherit;\">Caluanie Muelear Oxidize bir <\/span><\/span><strong data-start=\"2102\" data-end=\"2132\"><span dir=\"auto\" style=\"vertical-align: inherit;\"><span dir=\"auto\" style=\"vertical-align: inherit;\">a\u015f\u0131nd\u0131r\u0131c\u0131 ve reaktif madde<\/span><\/span><\/strong><span dir=\"auto\" style=\"vertical-align: inherit;\"><span dir=\"auto\" style=\"vertical-align: inherit;\"> Kullan\u0131m\u0131 s\u0131k\u0131 g\u00fcvenlik protokolleri gerektirir:<\/span><\/span><\/p>\n<ul data-start=\"2187\" data-end=\"2535\">\n<li class=\"\" data-start=\"2187\" data-end=\"2261\">\n<p class=\"\" data-start=\"2189\" data-end=\"2261\"><span dir=\"auto\" style=\"vertical-align: inherit;\"><span dir=\"auto\" style=\"vertical-align: inherit;\">Her zaman giy <\/span><\/span><strong data-start=\"2202\" data-end=\"2259\"><span dir=\"auto\" style=\"vertical-align: inherit;\"><span dir=\"auto\" style=\"vertical-align: inherit;\">eldivenler, g\u00fcvenlik g\u00f6zl\u00fckleri ve koruyucu giysiler<\/span><\/span><\/strong><\/p>\n<\/li>\n<li class=\"\" data-start=\"2262\" data-end=\"2334\">\n<p class=\"\" data-start=\"2264\" data-end=\"2334\"><span dir=\"auto\" style=\"vertical-align: inherit;\"><span dir=\"auto\" style=\"vertical-align: inherit;\">Sadece iyi havaland\u0131r\u0131lan yerlerde veya davlumbaz alt\u0131nda kullan\u0131n.<\/span><\/span><\/p>\n<\/li>\n<li class=\"\" data-start=\"2335\" data-end=\"2397\">\n<p class=\"\" data-start=\"2337\" data-end=\"2397\"><span dir=\"auto\" style=\"vertical-align: inherit;\"><span dir=\"auto\" style=\"vertical-align: inherit;\">\u00d6zel olarak test edilmedi\u011fi s\u00fcrece di\u011fer kimyasallarla kar\u0131\u015ft\u0131rmay\u0131n.<\/span><\/span><\/p>\n<\/li>\n<li class=\"\" data-start=\"2398\" data-end=\"2454\">\n<p class=\"\" data-start=\"2400\" data-end=\"2454\"><span dir=\"auto\" style=\"vertical-align: inherit;\"><span dir=\"auto\" style=\"vertical-align: inherit;\">\u00c7ocuklar\u0131n ve yetkisiz ki\u015filerin eri\u015femeyece\u011fi yerde saklay\u0131n\u0131z.<\/span><\/span><\/p>\n<\/li>\n<li class=\"\" data-start=\"2455\" data-end=\"2535\">\n<p class=\"\" data-start=\"2457\" data-end=\"2535\"><span dir=\"auto\" style=\"vertical-align: inherit;\"><span dir=\"auto\" style=\"vertical-align: inherit;\">Serin, kuru ve g\u00fcvenli bir yerde, kimyasallara dayan\u0131kl\u0131 ambalajda saklay\u0131n\u0131z. <\/span><\/span><a href=\"https:\/\/researchchemicalhub.com\/tr\/magaza\/teraziler\/dijital-tank-mini-terazisi\/\"><span dir=\"auto\" style=\"vertical-align: inherit;\"><span dir=\"auto\" style=\"vertical-align: inherit;\">Dijital Tank Mini Terazi \u2013 20g x 0,001g<\/span><\/span><\/a><\/p>\n<\/li>\n<\/ul>\n<hr class=\"\" data-start=\"2537\" data-end=\"2540\" \/>\n<h2 class=\"\" data-start=\"2542\" data-end=\"2601\">\u2705<span dir=\"auto\" style=\"vertical-align: inherit;\"><span dir=\"auto\" style=\"vertical-align: inherit;\">Neden Caluanie&#039;yi G\u00fcvenilir Bir Tedarik\u00e7iden Almal\u0131s\u0131n\u0131z?<\/span><\/span><\/h2>\n<p class=\"\" data-start=\"2603\" data-end=\"2729\"><span dir=\"auto\" style=\"vertical-align: inherit;\"><span dir=\"auto\" style=\"vertical-align: inherit;\">E\u011fer ar\u0131yorsan\u0131z <\/span><\/span><strong data-start=\"2628\" data-end=\"2671\"><span dir=\"auto\" style=\"vertical-align: inherit;\"><span dir=\"auto\" style=\"vertical-align: inherit;\">saf, end\u00fcstriyel s\u0131n\u0131f Caluanie<\/span><\/span><\/strong><span dir=\"auto\" style=\"vertical-align: inherit;\"><span dir=\"auto\" style=\"vertical-align: inherit;\"> , a\u015fa\u011f\u0131dakileri sa\u011flayan bir tedarik\u00e7iden sat\u0131n almak \u00e7ok \u00f6nemlidir:<\/span><\/span><\/p>\n<ul data-start=\"2731\" data-end=\"2973\">\n<li class=\"\" data-start=\"2731\" data-end=\"2793\">\n<p class=\"\" data-start=\"2733\" data-end=\"2793\"><span dir=\"auto\" style=\"vertical-align: inherit;\"><span dir=\"auto\" style=\"vertical-align: inherit;\">Teklifler <\/span><strong data-start=\"2733\" data-end=\"2755\"><span dir=\"auto\" style=\"vertical-align: inherit;\">laboratuvar testleri ve safl\u0131k sertifikalar\u0131<\/span><\/strong><\/span><\/p>\n<\/li>\n<li class=\"\" data-start=\"2794\" data-end=\"2843\">\n<p class=\"\" data-start=\"2796\" data-end=\"2843\"><strong data-start=\"2796\" data-end=\"2830\"><span dir=\"auto\" style=\"vertical-align: inherit;\"><span dir=\"auto\" style=\"vertical-align: inherit;\">G\u00fcvenli ve gizli paketleme<\/span><\/span><\/strong><span dir=\"auto\" style=\"vertical-align: inherit;\"><span dir=\"auto\" style=\"vertical-align: inherit;\"> garantiler<\/span><\/span><\/p>\n<\/li>\n<li class=\"\" data-start=\"2844\" data-end=\"2908\">\n<p class=\"\" data-start=\"2846\" data-end=\"2908\"><span dir=\"auto\" style=\"vertical-align: inherit;\"><span dir=\"auto\" style=\"vertical-align: inherit;\">Etkinle\u015ftirir <\/span><strong data-start=\"2846\" data-end=\"2877\"><span dir=\"auto\" style=\"vertical-align: inherit;\">Avrupa i\u00e7inde h\u0131zl\u0131 ve g\u00fcvenli ta\u015f\u0131mac\u0131l\u0131k<\/span><\/strong><\/span><\/p>\n<\/li>\n<li class=\"\" data-start=\"2909\" data-end=\"2973\">\n<p class=\"\" data-start=\"2911\" data-end=\"2973\"><strong data-start=\"2911\" data-end=\"2939\"><span dir=\"auto\" style=\"vertical-align: inherit;\"><span dir=\"auto\" style=\"vertical-align: inherit;\">Teknik destek sa\u011flar<\/span><\/span><\/strong><span dir=\"auto\" style=\"vertical-align: inherit;\"><span dir=\"auto\" style=\"vertical-align: inherit;\"> kullan\u0131m ve uygulamalar i\u00e7in<\/span><\/span><\/p>\n<\/li>\n<\/ul>\n<hr class=\"\" data-start=\"2975\" data-end=\"2978\" \/>\n<h2 class=\"\" data-start=\"2980\" data-end=\"2995\">\ud83d\udd1a<span dir=\"auto\" style=\"vertical-align: inherit;\"><span dir=\"auto\" style=\"vertical-align: inherit;\">\u00c7\u00f6z\u00fcm<\/span><\/span><\/h2>\n<p class=\"\" data-start=\"2997\" data-end=\"3265\"><strong data-start=\"2997\" data-end=\"3025\"><span dir=\"auto\" style=\"vertical-align: inherit;\"><span dir=\"auto\" style=\"vertical-align: inherit;\">Caluanie Muelear Oksit<\/span><\/span><\/strong><span dir=\"auto\" style=\"vertical-align: inherit;\"><span dir=\"auto\" style=\"vertical-align: inherit;\"> Geni\u015f bir end\u00fcstriyel ve bilimsel uygulama yelpazesine sahip, benzersiz ve g\u00fc\u00e7l\u00fc bir ak\u0131\u015fkand\u0131r. Do\u011fru ve sorumlu bir \u015fekilde kullan\u0131ld\u0131\u011f\u0131nda malzeme ta\u015f\u0131ma ve metal i\u015fleme verimlili\u011fini \u00f6nemli \u00f6l\u00e7\u00fcde art\u0131rabilir.<\/span><\/span><\/p>\n<p class=\"\" data-start=\"3267\" data-end=\"3398\"><span dir=\"auto\" style=\"vertical-align: inherit;\"><span dir=\"auto\" style=\"vertical-align: inherit;\">Profesyoneller i\u00e7in <\/span><\/span><strong data-start=\"3289\" data-end=\"3322\"><span dir=\"auto\" style=\"vertical-align: inherit;\"><span dir=\"auto\" style=\"vertical-align: inherit;\">kimya, madencilik veya geri d\u00f6n\u00fc\u015f\u00fcm,<\/span><\/span><\/strong><span dir=\"auto\" style=\"vertical-align: inherit;\"><span dir=\"auto\" style=\"vertical-align: inherit;\"> Caluanie ara\u015ft\u0131rma veya \u00fcretim s\u00fcre\u00e7lerinde de\u011ferli bir ara\u00e7t\u0131r. <\/span><\/span><a href=\"https:\/\/researchchemicalhub.com\/tr\/magaza\/teraziler\/dijital-cs-olcegi\/\"><span dir=\"auto\" style=\"vertical-align: inherit;\"><span dir=\"auto\" style=\"vertical-align: inherit;\">Dijital CS Terazisi \u2013 100g x 0,01g<\/span><\/span><\/a><\/p>","protected":false},"excerpt":{"rendered":"<p>Caluanie Muelear Oxidize is a powerful chemical reagent known primarily for its ability to break down tough metals and materials<\/p>","protected":false},"featured_media":28489,"comment_status":"open","ping_status":"closed","template":"","meta":[],"product_brand":[],"product_cat":[1085],"product_tag":[905,897,904,902,903,901,906,900,907,898,899],"class_list":{"0":"post-26112","1":"product","2":"type-product","3":"status-publish","4":"has-post-thumbnail","6":"product_cat-okategoriserad","7":"product_tag-buy-caluanie-muelear-oxidize-online","8":"product_tag-caluanie-muelear-oxidize","9":"product_tag-caluanie-muelear-oxidize-deutschland","10":"product_tag-caluanie-muelear-oxidize-for-sale","11":"product_tag-caluanie-muelear-oxidize-kaufen","12":"product_tag-caluanie-muelear-oxidize-manufacturer-in-usa","13":"product_tag-caluanie-muelear-oxidize-pasteurize","14":"product_tag-caluanie-muelear-oxidize-price","15":"product_tag-caluanie-muelear-oxidize-price-in-india","16":"product_tag-caluanie-muelear-oxidize-price-in-usa","17":"product_tag-caluanie-muelear-oxidize-usa","19":"first","20":"instock","21":"taxable","22":"shipping-taxable","23":"purchasable","24":"product-type-simple"},"_links":{"self":[{"href":"https:\/\/researchchemicalhub.com\/tr\/wp-json\/wp\/v2\/product\/26112","targetHints":{"allow":["GET"]}}],"collection":[{"href":"https:\/\/researchchemicalhub.com\/tr\/wp-json\/wp\/v2\/product"}],"about":[{"href":"https:\/\/researchchemicalhub.com\/tr\/wp-json\/wp\/v2\/types\/product"}],"replies":[{"embeddable":true,"href":"https:\/\/researchchemicalhub.com\/tr\/wp-json\/wp\/v2\/comments?post=26112"}],"version-history":[{"count":3,"href":"https:\/\/researchchemicalhub.com\/tr\/wp-json\/wp\/v2\/product\/26112\/revisions"}],"predecessor-version":[{"id":28680,"href":"https:\/\/researchchemicalhub.com\/tr\/wp-json\/wp\/v2\/product\/26112\/revisions\/28680"}],"wp:featuredmedia":[{"embeddable":true,"href":"https:\/\/researchchemicalhub.com\/tr\/wp-json\/wp\/v2\/media\/28489"}],"wp:attachment":[{"href":"https:\/\/researchchemicalhub.com\/tr\/wp-json\/wp\/v2\/media?parent=26112"}],"wp:term":[{"taxonomy":"product_brand","embeddable":true,"href":"https:\/\/researchchemicalhub.com\/tr\/wp-json\/wp\/v2\/product_brand?post=26112"},{"taxonomy":"product_cat","embeddable":true,"href":"https:\/\/researchchemicalhub.com\/tr\/wp-json\/wp\/v2\/product_cat?post=26112"},{"taxonomy":"product_tag","embeddable":true,"href":"https:\/\/researchchemicalhub.com\/tr\/wp-json\/wp\/v2\/product_tag?post=26112"}],"curies":[{"name":"wp","href":"https:\/\/api.w.org\/{rel}","templated":true}]}}