{"id":24939,"date":"2025-10-20T17:43:52","date_gmt":"2025-10-20T17:43:52","guid":{"rendered":"https:\/\/researchchemicalhub.com\/?post_type=product&#038;p=24939"},"modified":"2025-10-28T22:40:20","modified_gmt":"2025-10-28T22:40:20","slug":"2c-ef-2-mg-kapsul","status":"publish","type":"product","link":"https:\/\/researchchemicalhub.com\/tr\/magaza\/2c-ef\/2c-ef-2-mg-kapsul\/","title":{"rendered":"2C-EF 2 mg Kaps\u00fcller"},"content":{"rendered":"<h3 data-start=\"4023\" data-end=\"4042\"><strong data-start=\"4027\" data-end=\"4042\"><span dir=\"auto\" style=\"vertical-align: inherit;\"><span dir=\"auto\" style=\"vertical-align: inherit;\">girii\u015f<\/span><\/span><\/strong><\/h3>\n<p data-start=\"4043\" data-end=\"4373\"><span dir=\"auto\" style=\"vertical-align: inherit;\"><span dir=\"auto\" style=\"vertical-align: inherit;\">Bizim <\/span><\/span><strong data-start=\"4048\" data-end=\"4075\"><span dir=\"auto\" style=\"vertical-align: inherit;\"><span dir=\"auto\" style=\"vertical-align: inherit;\">2 mg ara\u015ft\u0131rma kaps\u00fclleri<\/span><\/span><\/strong><span dir=\"auto\" style=\"vertical-align: inherit;\"><span dir=\"auto\" style=\"vertical-align: inherit;\"> kullan\u0131m i\u00e7in en y\u00fcksek hassasiyet ve safl\u0131kla form\u00fcle edilmi\u015ftir <\/span><\/span><strong data-start=\"4144\" data-end=\"4206\"><span dir=\"auto\" style=\"vertical-align: inherit;\"><span dir=\"auto\" style=\"vertical-align: inherit;\">bilimsel, analitik ve laboratuvar uygulamalar\u0131<\/span><\/span><\/strong><span dir=\"auto\" style=\"vertical-align: inherit;\"><span dir=\"auto\" style=\"vertical-align: inherit;\"> . <\/span><\/span><br data-start=\"4207\" data-end=\"4210\" \/><span dir=\"auto\" style=\"vertical-align: inherit;\"><span dir=\"auto\" style=\"vertical-align: inherit;\">Her kaps\u00fcl bir <\/span><\/span><strong data-start=\"4233\" data-end=\"4258\"><span dir=\"auto\" style=\"vertical-align: inherit;\"><span dir=\"auto\" style=\"vertical-align: inherit;\">kesin 2 mg doz<\/span><\/span><\/strong><span dir=\"auto\" style=\"vertical-align: inherit;\"><span dir=\"auto\" style=\"vertical-align: inherit;\"> kontroll\u00fc, y\u00fcksek kaliteli bir bile\u015fi\u011fin, m\u00fckemmel <\/span><\/span><strong data-start=\"4321\" data-end=\"4370\"><span dir=\"auto\" style=\"vertical-align: inherit;\"><span dir=\"auto\" style=\"vertical-align: inherit;\">adli, analitik veya e\u011fitimsel ara\u015ft\u0131rma<\/span><\/span><\/strong><span dir=\"auto\" style=\"vertical-align: inherit;\"><span dir=\"auto\" style=\"vertical-align: inherit;\"> .<\/span><\/span><\/p>\n<blockquote data-start=\"4374\" data-end=\"4473\">\n<p data-start=\"4376\" data-end=\"4473\">\u26a0\ufe0f <strong data-start=\"4379\" data-end=\"4473\"><span dir=\"auto\" style=\"vertical-align: inherit;\"><span dir=\"auto\" style=\"vertical-align: inherit;\">Sadece ara\u015ft\u0131rma ama\u00e7l\u0131d\u0131r. \u0130nsan veya hayvan t\u00fcketimine uygun de\u011fildir.<\/span><\/span><\/strong><\/p>\n<\/blockquote>\n<hr data-start=\"4475\" data-end=\"4478\" \/>\n<h3 data-start=\"4480\" data-end=\"4511\"><strong data-start=\"4484\" data-end=\"4511\"><span dir=\"auto\" style=\"vertical-align: inherit;\"><span dir=\"auto\" style=\"vertical-align: inherit;\">Temel \u00d6zellikler<\/span><\/span><\/strong><\/h3>\n<ul data-start=\"4512\" data-end=\"5049\">\n<li data-start=\"4512\" data-end=\"4594\">\n<p data-start=\"4514\" data-end=\"4594\"><strong data-start=\"4514\" data-end=\"4540\"><span dir=\"auto\" style=\"vertical-align: inherit;\"><span dir=\"auto\" style=\"vertical-align: inherit;\">Y\u00fcksek Safl\u0131k (\u226599%)<\/span><\/span><\/strong><span dir=\"auto\" style=\"vertical-align: inherit;\"><span dir=\"auto\" style=\"vertical-align: inherit;\"> \u2013 Maksimum g\u00fcvenilirlik i\u00e7in laboratuvar testlerinden ge\u00e7irilmi\u015ftir.<\/span><\/span><\/p>\n<\/li>\n<li data-start=\"4595\" data-end=\"4680\">\n<p data-start=\"4597\" data-end=\"4680\"><strong data-start=\"4597\" data-end=\"4637\"><span dir=\"auto\" style=\"vertical-align: inherit;\"><span dir=\"auto\" style=\"vertical-align: inherit;\">Kesin Dozaj veya Kaps\u00fcl Ba\u015f\u0131na 2 mg<\/span><\/span><\/strong><span dir=\"auto\" style=\"vertical-align: inherit;\"><span dir=\"auto\" style=\"vertical-align: inherit;\"> \u2013 Tutarl\u0131 ara\u015ft\u0131rma sonu\u00e7lar\u0131 i\u00e7in.<\/span><\/span><\/p>\n<\/li>\n<li data-start=\"4681\" data-end=\"4766\">\n<p data-start=\"4683\" data-end=\"4766\"><strong data-start=\"4683\" data-end=\"4712\"><span dir=\"auto\" style=\"vertical-align: inherit;\"><span dir=\"auto\" style=\"vertical-align: inherit;\">\u0130la\u00e7 Ambalaj\u0131<\/span><\/span><\/strong><span dir=\"auto\" style=\"vertical-align: inherit;\"><span dir=\"auto\" style=\"vertical-align: inherit;\"> \u2013 Kontroll\u00fc ko\u015fullar alt\u0131nda \u00fcretilmi\u015ftir.<\/span><\/span><\/p>\n<\/li>\n<li data-start=\"4767\" data-end=\"4859\">\n<p data-start=\"4769\" data-end=\"4859\"><strong data-start=\"4769\" data-end=\"4792\"><span dir=\"auto\" style=\"vertical-align: inherit;\"><span dir=\"auto\" style=\"vertical-align: inherit;\">Kararl\u0131 ve Dayan\u0131kl\u0131<\/span><\/span><\/strong><span dir=\"auto\" style=\"vertical-align: inherit;\"><span dir=\"auto\" style=\"vertical-align: inherit;\"> \u2013 Uygun \u015fekilde sakland\u0131\u011f\u0131nda b\u00fct\u00fcnl\u00fc\u011f\u00fcn\u00fc koruyacak \u015fekilde tasarlanm\u0131\u015ft\u0131r.<\/span><\/span><\/p>\n<\/li>\n<li data-start=\"4860\" data-end=\"4947\">\n<p data-start=\"4862\" data-end=\"4947\"><strong data-start=\"4862\" data-end=\"4884\"><span dir=\"auto\" style=\"vertical-align: inherit;\"><span dir=\"auto\" style=\"vertical-align: inherit;\">G\u00fcvenli Paketleme<\/span><\/span><\/strong><span dir=\"auto\" style=\"vertical-align: inherit;\"><span dir=\"auto\" style=\"vertical-align: inherit;\"> \u2013 Uzun s\u00fcreli raf \u00f6mr\u00fc i\u00e7in nem ve hava ge\u00e7irmez \u00f6zelli\u011fe sahiptir.<\/span><\/span><\/p>\n<\/li>\n<li data-start=\"4948\" data-end=\"5049\">\n<p data-start=\"4950\" data-end=\"5049\"><strong data-start=\"4950\" data-end=\"4975\"><span dir=\"auto\" style=\"vertical-align: inherit;\"><span dir=\"auto\" style=\"vertical-align: inherit;\">Sadece Ara\u015ft\u0131rma Kullan\u0131m\u0131 \u0130\u00e7indir<\/span><\/span><\/strong><span dir=\"auto\" style=\"vertical-align: inherit;\"><span dir=\"auto\" style=\"vertical-align: inherit;\"> \u2013 Sadece bilimsel veya analitik uygulamalara y\u00f6neliktir.<\/span><\/span><\/p>\n<\/li>\n<\/ul>\n<hr data-start=\"5051\" data-end=\"5054\" \/>\n<h3 data-start=\"5056\" data-end=\"5073\"><strong data-start=\"5060\" data-end=\"5073\"><span dir=\"auto\" style=\"vertical-align: inherit;\"><span dir=\"auto\" style=\"vertical-align: inherit;\">Avantajlar\u0131<\/span><\/span><\/strong><\/h3>\n<ul data-start=\"5074\" data-end=\"5511\">\n<li data-start=\"5074\" data-end=\"5168\">\n<p data-start=\"5076\" data-end=\"5168\"><strong data-start=\"5076\" data-end=\"5114\"><span dir=\"auto\" style=\"vertical-align: inherit;\"><span dir=\"auto\" style=\"vertical-align: inherit;\">G\u00fcvenilir Analitik Performans<\/span><\/span><\/strong><span dir=\"auto\" style=\"vertical-align: inherit;\"><span dir=\"auto\" style=\"vertical-align: inherit;\"> \u2013 Hassas testler ve kimyasal ara\u015ft\u0131rmalar i\u00e7in idealdir.<\/span><\/span><\/p>\n<\/li>\n<li data-start=\"5169\" data-end=\"5259\">\n<p data-start=\"5171\" data-end=\"5259\"><strong data-start=\"5171\" data-end=\"5200\"><span dir=\"auto\" style=\"vertical-align: inherit;\"><span dir=\"auto\" style=\"vertical-align: inherit;\">Tutarl\u0131 Kompozisyon<\/span><\/span><\/strong><span dir=\"auto\" style=\"vertical-align: inherit;\"><span dir=\"auto\" style=\"vertical-align: inherit;\"> \u2013 Deneylerde tekrarlanabilir sonu\u00e7lar\u0131n elde edilmesini sa\u011flar.<\/span><\/span><\/p>\n<\/li>\n<li data-start=\"5260\" data-end=\"5353\">\n<p data-start=\"5262\" data-end=\"5353\"><strong data-start=\"5262\" data-end=\"5307\"><span dir=\"auto\" style=\"vertical-align: inherit;\"><span dir=\"auto\" style=\"vertical-align: inherit;\">Bilimsel Olarak Do\u011frulanm\u0131\u015f Safl\u0131k<\/span><\/span><\/strong><span dir=\"auto\" style=\"vertical-align: inherit;\"><span dir=\"auto\" style=\"vertical-align: inherit;\"> \u2013 Laboratuvar kalite standartlar\u0131na uygundur.<\/span><\/span><\/p>\n<\/li>\n<li data-start=\"5354\" data-end=\"5427\">\n<p data-start=\"5356\" data-end=\"5427\"><strong data-start=\"5356\" data-end=\"5382\"><span dir=\"auto\" style=\"vertical-align: inherit;\"><span dir=\"auto\" style=\"vertical-align: inherit;\">Kullan\u0131m\u0131 Kolay<\/span><\/span><\/strong><span dir=\"auto\" style=\"vertical-align: inherit;\"><span dir=\"auto\" style=\"vertical-align: inherit;\"> \u2013 Kullan\u0131\u015fl\u0131 kaps\u00fcl formu kontaminasyonu \u00f6nler.<\/span><\/span><\/p>\n<\/li>\n<li data-start=\"5428\" data-end=\"5511\">\n<p data-start=\"5430\" data-end=\"5511\"><strong data-start=\"5430\" data-end=\"5465\"><span dir=\"auto\" style=\"vertical-align: inherit;\"><span dir=\"auto\" style=\"vertical-align: inherit;\">Uyumlu ve Etik Olarak \u00dcretilmi\u015f<\/span><\/span><\/strong><span dir=\"auto\" style=\"vertical-align: inherit;\"><span dir=\"auto\" style=\"vertical-align: inherit;\"> \u2013 Yasal d\u00fczenlemelere uygun olarak \u00fcretilmi\u015ftir.<\/span><\/span><\/p>\n<\/li>\n<\/ul>\n<hr data-start=\"5513\" data-end=\"5516\" \/>\n<h3 data-start=\"5518\" data-end=\"5533\"><strong data-start=\"5522\" data-end=\"5533\"><span dir=\"auto\" style=\"vertical-align: inherit;\"><span dir=\"auto\" style=\"vertical-align: inherit;\">Kullan\u0131m<\/span><\/span><\/strong><\/h3>\n<ol data-start=\"5534\" data-end=\"5843\">\n<li data-start=\"5534\" data-end=\"5629\">\n<p data-start=\"5537\" data-end=\"5629\"><strong data-start=\"5537\" data-end=\"5562\"><span dir=\"auto\" style=\"vertical-align: inherit;\"><span dir=\"auto\" style=\"vertical-align: inherit;\">Sadece Ara\u015ft\u0131rma Ama\u00e7l\u0131<\/span><\/span><\/strong><span dir=\"auto\" style=\"vertical-align: inherit;\"><span dir=\"auto\" style=\"vertical-align: inherit;\"> \u2013 Sadece profesyonel laboratuvar ortam\u0131nda kullan\u0131n\u0131z.<\/span><\/span><\/p>\n<\/li>\n<li data-start=\"5630\" data-end=\"5688\">\n<p data-start=\"5633\" data-end=\"5688\"><strong data-start=\"5633\" data-end=\"5654\"><span dir=\"auto\" style=\"vertical-align: inherit;\"><span dir=\"auto\" style=\"vertical-align: inherit;\">Depolama talimatlar\u0131<\/span><\/span><\/strong><span dir=\"auto\" style=\"vertical-align: inherit;\"><span dir=\"auto\" style=\"vertical-align: inherit;\"> \u2013 Serin, kuru ve karanl\u0131k yerde saklay\u0131n\u0131z.<\/span><\/span><\/p>\n<\/li>\n<li data-start=\"5689\" data-end=\"5755\">\n<p data-start=\"5692\" data-end=\"5755\"><strong data-start=\"5692\" data-end=\"5704\"><span dir=\"auto\" style=\"vertical-align: inherit;\"><span dir=\"auto\" style=\"vertical-align: inherit;\">\u00d6l\u00e7\u00fcmler<\/span><\/span><\/strong><span dir=\"auto\" style=\"vertical-align: inherit;\"><span dir=\"auto\" style=\"vertical-align: inherit;\"> \u2013 Analiz i\u00e7in kalibre edilmi\u015f ekipman kullan\u0131n.<\/span><\/span><\/p>\n<\/li>\n<li data-start=\"5756\" data-end=\"5843\">\n<p data-start=\"5759\" data-end=\"5843\"><strong data-start=\"5759\" data-end=\"5786\"><span dir=\"auto\" style=\"vertical-align: inherit;\"><span dir=\"auto\" style=\"vertical-align: inherit;\">G\u00fcvenlik Uyar\u0131s\u0131<\/span><\/span><\/strong><span dir=\"auto\" style=\"vertical-align: inherit;\"><span dir=\"auto\" style=\"vertical-align: inherit;\"> \u2013 \u0130nsan ve hayvan t\u00fcketimi i\u00e7in uygun de\u011fildir.<\/span><\/span><\/p>\n<\/li>\n<\/ol>\n<hr data-start=\"5845\" data-end=\"5848\" \/>\n<h3 data-start=\"5850\" data-end=\"5877\"><strong data-start=\"5854\" data-end=\"5877\"><span dir=\"auto\" style=\"vertical-align: inherit;\"><span dir=\"auto\" style=\"vertical-align: inherit;\">S\u0131k\u00e7a Sorulan Sorular<\/span><\/span><\/strong><\/h3>\n<p data-start=\"5879\" data-end=\"6042\"><strong data-start=\"5879\" data-end=\"5925\"><span dir=\"auto\" style=\"vertical-align: inherit;\"><span dir=\"auto\" style=\"vertical-align: inherit;\">1. Bu kaps\u00fcller ne i\u00e7in kullan\u0131l\u0131r?<\/span><\/span><\/strong><br data-start=\"5925\" data-end=\"5928\" \/><span dir=\"auto\" style=\"vertical-align: inherit;\"><span dir=\"auto\" style=\"vertical-align: inherit;\"> Bunlar ama\u00e7lanm\u0131\u015ft\u0131r <\/span><\/span><strong data-start=\"5949\" data-end=\"5993\"><span dir=\"auto\" style=\"vertical-align: inherit;\"><span dir=\"auto\" style=\"vertical-align: inherit;\">analitik ve bilimsel ara\u015ft\u0131rma<\/span><\/span><\/strong><span dir=\"auto\" style=\"vertical-align: inherit;\"><span dir=\"auto\" style=\"vertical-align: inherit;\"> kimyasal analizler veya e\u011fitim \u00e7al\u0131\u015fmalar\u0131 gibi.<\/span><\/span><\/p>\n<p data-start=\"6044\" data-end=\"6221\"><strong data-start=\"6044\" data-end=\"6102\"><span dir=\"auto\" style=\"vertical-align: inherit;\"><span dir=\"auto\" style=\"vertical-align: inherit;\">2. Bu kaps\u00fcller ki\u015fisel kullan\u0131m i\u00e7in g\u00fcvenli midir?<\/span><\/span><\/strong><br data-start=\"6102\" data-end=\"6105\" \/><span dir=\"auto\" style=\"vertical-align: inherit;\"><span dir=\"auto\" style=\"vertical-align: inherit;\"> Hay\u0131r. Bu \u00fcr\u00fcnler <\/span><\/span><strong data-start=\"6130\" data-end=\"6187\"><span dir=\"auto\" style=\"vertical-align: inherit;\"><span dir=\"auto\" style=\"vertical-align: inherit;\">yaln\u0131zca sertifikal\u0131 laboratuvar testleri i\u00e7in tasarlanm\u0131\u015ft\u0131r<\/span><\/span><\/strong><span dir=\"auto\" style=\"vertical-align: inherit;\"><span dir=\"auto\" style=\"vertical-align: inherit;\"> Ki\u015fisel kullan\u0131m yasakt\u0131r.<\/span><\/span><\/p>\n<p data-start=\"6223\" data-end=\"6358\"><strong data-start=\"6223\" data-end=\"6262\"><span dir=\"auto\" style=\"vertical-align: inherit;\"><span dir=\"auto\" style=\"vertical-align: inherit;\">3. Kaps\u00fclleri nas\u0131l saklamal\u0131y\u0131m?<\/span><\/span><\/strong><br data-start=\"6262\" data-end=\"6265\" \/><span dir=\"auto\" style=\"vertical-align: inherit;\"><span dir=\"auto\" style=\"vertical-align: inherit;\"> Bunlar\u0131 bir yerde saklay\u0131n <\/span><\/span><strong data-start=\"6282\" data-end=\"6318\"><span dir=\"auto\" style=\"vertical-align: inherit;\"><span dir=\"auto\" style=\"vertical-align: inherit;\">serin, kuru ve karanl\u0131k bir yer<\/span><\/span><\/strong><span dir=\"auto\" style=\"vertical-align: inherit;\"><span dir=\"auto\" style=\"vertical-align: inherit;\"> ve ambalaj\u0131 s\u0131k\u0131ca kapal\u0131 tutun.<\/span><\/span><\/p>\n<hr data-start=\"6360\" data-end=\"6363\" \/>\n<h3 data-start=\"6365\" data-end=\"6383\"><strong data-start=\"6369\" data-end=\"6383\"><span dir=\"auto\" style=\"vertical-align: inherit;\"><span dir=\"auto\" style=\"vertical-align: inherit;\">Sorumluluk Reddi<\/span><\/span><\/strong><\/h3>\n<p data-start=\"6384\" data-end=\"6628\"><span dir=\"auto\" style=\"vertical-align: inherit;\"><span dir=\"auto\" style=\"vertical-align: inherit;\">Bu \u00fcr\u00fcn <\/span><\/span><strong data-start=\"6399\" data-end=\"6448\"><span dir=\"auto\" style=\"vertical-align: inherit;\"><span dir=\"auto\" style=\"vertical-align: inherit;\">yaln\u0131zca ara\u015ft\u0131rma ama\u00e7l\u0131d\u0131r<\/span><\/span><\/strong><span dir=\"auto\" style=\"vertical-align: inherit;\"><span dir=\"auto\" style=\"vertical-align: inherit;\"> . <\/span><\/span><strong data-start=\"6450\" data-end=\"6507\"><span dir=\"auto\" style=\"vertical-align: inherit;\"><span dir=\"auto\" style=\"vertical-align: inherit;\">\u0130nsan veya hayvan t\u00fcketimi i\u00e7in uygun de\u011fildir.<\/span><\/span><\/strong><br data-start=\"6507\" data-end=\"6510\" \/><span dir=\"auto\" style=\"vertical-align: inherit;\"><span dir=\"auto\" style=\"vertical-align: inherit;\"> Bu \u00fcr\u00fcn\u00fc sat\u0131n alarak, bir <\/span><\/span><strong data-start=\"6545\" data-end=\"6575\"><span dir=\"auto\" style=\"vertical-align: inherit;\"><span dir=\"auto\" style=\"vertical-align: inherit;\">lisansl\u0131 ara\u015ft\u0131rmac\u0131<\/span><\/span><\/strong><span dir=\"auto\" style=\"vertical-align: inherit;\"><span dir=\"auto\" style=\"vertical-align: inherit;\"> ve y\u00fcr\u00fcrl\u00fckteki yasa ve y\u00f6netmeliklere uymak.<\/span><\/span><\/p>\n<p><a href=\"https:\/\/researchchemicalhub.com\/tr\/magaza\/iboga-ibogaine\/ibogaine-hclyi-cevrimici-satin-al\/\"><span dir=\"auto\" style=\"vertical-align: inherit;\"><span dir=\"auto\" style=\"vertical-align: inherit;\">Ibogaine HCL sat\u0131n al <\/span><\/span><\/a><a href=\"https:\/\/researchchemicalhub.com\/tr\/magaza\/iboga-ibogaine\/iboga-kok-kabugu\/\"><span dir=\"auto\" style=\"vertical-align: inherit;\"><span dir=\"auto\" style=\"vertical-align: inherit;\">Iboga k\u00f6k kabu\u011fu <\/span><\/span><\/a><a href=\"https:\/\/researchchemicalhub.com\/tr\/magaza\/lizergamidler\/1cp-lsd\/\"><span dir=\"auto\" style=\"vertical-align: inherit;\"><span dir=\"auto\" style=\"vertical-align: inherit;\">1cP-LSD 150 MCG Sanat Emicileri <\/span><\/span><\/a><a href=\"https:\/\/researchchemicalhub.com\/tr\/magaza\/pellets\/o-dsmt-50-mg-peletler\/\"><span dir=\"auto\" style=\"vertical-align: inherit;\"><span dir=\"auto\" style=\"vertical-align: inherit;\">O-DSMT 50 mg Peletleri <\/span><\/span><\/a><a href=\"https:\/\/researchchemicalhub.com\/tr\/magaza\/lizergamidler\/1v-lsd-150-mcg-blotters\/\"><span dir=\"auto\" style=\"vertical-align: inherit;\"><span dir=\"auto\" style=\"vertical-align: inherit;\">1V-LSD 150 MCG Blotterlar<\/span><\/span><\/a><\/p>","protected":false},"excerpt":{"rendered":"<h2><span dir=\"auto\" style=\"vertical-align: inherit;\"><span dir=\"auto\" style=\"vertical-align: inherit;\">2C-EF properties<\/span><\/span><\/h2>\n<p><strong><span dir=\"auto\" style=\"vertical-align: inherit;\"><span dir=\"auto\" style=\"vertical-align: inherit;\">Synonyms<\/span><\/span><\/strong><span dir=\"auto\" style=\"vertical-align: inherit;\"><span dir=\"auto\" style=\"vertical-align: inherit;\"> : 2-[4-(2-Fluoroethyl)-2,5-dimethoxyphenyl]ethan-1-amine <\/span><\/span><br \/>\n<strong><span dir=\"auto\" style=\"vertical-align: inherit;\"><span dir=\"auto\" style=\"vertical-align: inherit;\">CAS Number<\/span><\/span><\/strong><span dir=\"auto\" style=\"vertical-align: inherit;\"><span dir=\"auto\" style=\"vertical-align: inherit;\"> : 1222814-77-8 <\/span><\/span><br \/>\n<strong><span dir=\"auto\" style=\"vertical-align: inherit;\"><span dir=\"auto\" style=\"vertical-align: inherit;\">Formula<\/span><\/span><\/strong><span dir=\"auto\" style=\"vertical-align: inherit;\"><span dir=\"auto\" style=\"vertical-align: inherit;\"> : <\/span><\/span><span title=\"Carbon\"><span dir=\"auto\" style=\"vertical-align: inherit;\"><span dir=\"auto\" style=\"vertical-align: inherit;\">C <\/span><\/span><\/span><sub><span dir=\"auto\" style=\"vertical-align: inherit;\"><span dir=\"auto\" style=\"vertical-align: inherit;\">12 <\/span><\/span><\/sub><span title=\"Hydrogen\"><span dir=\"auto\" style=\"vertical-align: inherit;\"><span dir=\"auto\" style=\"vertical-align: inherit;\">H <\/span><\/span><\/span><sub><span dir=\"auto\" style=\"vertical-align: inherit;\"><span dir=\"auto\" style=\"vertical-align: inherit;\">18 <\/span><\/span><\/sub><span title=\"Fluorine\"><span dir=\"auto\" style=\"vertical-align: inherit;\"><span dir=\"auto\" style=\"vertical-align: inherit;\">F <\/span><\/span><\/span><span title=\"Nitrogen\"><span dir=\"auto\" style=\"vertical-align: inherit;\"><span dir=\"auto\" style=\"vertical-align: inherit;\">N <\/span><\/span><\/span><span title=\"Oxygen\"><span dir=\"auto\" style=\"vertical-align: inherit;\"><span dir=\"auto\" style=\"vertical-align: inherit;\">O <\/span><\/span><\/span><sub><span dir=\"auto\" style=\"vertical-align: inherit;\"><span dir=\"auto\" style=\"vertical-align: inherit;\">2 <\/span><\/span><\/sub><br \/>\n<strong><span dir=\"auto\" style=\"vertical-align: inherit;\"><span dir=\"auto\" style=\"vertical-align: inherit;\">Molar mass<\/span><\/span><\/strong><span dir=\"auto\" style=\"vertical-align: inherit;\"><span dir=\"auto\" style=\"vertical-align: inherit;\"> : 227.279 g\/mol <\/span><\/span><br \/>\n<strong><span dir=\"auto\" style=\"vertical-align: inherit;\"><span dir=\"auto\" style=\"vertical-align: inherit;\">Purity<\/span><\/span><\/strong><span dir=\"auto\" style=\"vertical-align: inherit;\"><span dir=\"auto\" style=\"vertical-align: inherit;\"> : \u226599%<\/span><\/span><\/p>\n","protected":false},"featured_media":28375,"comment_status":"closed","ping_status":"closed","template":"","meta":[],"product_brand":[],"product_cat":[401,322,80,398],"product_tag":[253,326],"class_list":{"0":"post-24939","1":"product","2":"type-product","3":"status-publish","4":"has-post-thumbnail","6":"product_cat-2c-ef","7":"product_cat-bijna-verboden","8":"product_cat-fenethylamine","9":"product_cat-verkoop","10":"product_tag-2c-ef","11":"product_tag-nl","13":"first","14":"instock","15":"sale","16":"taxable","17":"shipping-taxable","18":"purchasable","19":"product-type-variable"},"_links":{"self":[{"href":"https:\/\/researchchemicalhub.com\/tr\/wp-json\/wp\/v2\/product\/24939","targetHints":{"allow":["GET"]}}],"collection":[{"href":"https:\/\/researchchemicalhub.com\/tr\/wp-json\/wp\/v2\/product"}],"about":[{"href":"https:\/\/researchchemicalhub.com\/tr\/wp-json\/wp\/v2\/types\/product"}],"replies":[{"embeddable":true,"href":"https:\/\/researchchemicalhub.com\/tr\/wp-json\/wp\/v2\/comments?post=24939"}],"version-history":[{"count":6,"href":"https:\/\/researchchemicalhub.com\/tr\/wp-json\/wp\/v2\/product\/24939\/revisions"}],"predecessor-version":[{"id":28629,"href":"https:\/\/researchchemicalhub.com\/tr\/wp-json\/wp\/v2\/product\/24939\/revisions\/28629"}],"wp:featuredmedia":[{"embeddable":true,"href":"https:\/\/researchchemicalhub.com\/tr\/wp-json\/wp\/v2\/media\/28375"}],"wp:attachment":[{"href":"https:\/\/researchchemicalhub.com\/tr\/wp-json\/wp\/v2\/media?parent=24939"}],"wp:term":[{"taxonomy":"product_brand","embeddable":true,"href":"https:\/\/researchchemicalhub.com\/tr\/wp-json\/wp\/v2\/product_brand?post=24939"},{"taxonomy":"product_cat","embeddable":true,"href":"https:\/\/researchchemicalhub.com\/tr\/wp-json\/wp\/v2\/product_cat?post=24939"},{"taxonomy":"product_tag","embeddable":true,"href":"https:\/\/researchchemicalhub.com\/tr\/wp-json\/wp\/v2\/product_tag?post=24939"}],"curies":[{"name":"wp","href":"https:\/\/api.w.org\/{rel}","templated":true}]}}