{"id":24912,"date":"2025-10-20T17:43:41","date_gmt":"2025-10-20T17:43:41","guid":{"rendered":"https:\/\/researchchemicalhub.com\/?post_type=product&#038;p=24912"},"modified":"2025-10-28T22:45:18","modified_gmt":"2025-10-28T22:45:18","slug":"25-mg-cbd-peletleri","status":"publish","type":"product","link":"https:\/\/researchchemicalhub.com\/tr\/magaza\/cbd\/25-mg-cbd-peletleri\/","title":{"rendered":"CBD 25 mg Peletleri"},"content":{"rendered":"<h3 data-start=\"3882\" data-end=\"3901\"><strong data-start=\"3886\" data-end=\"3901\"><span dir=\"auto\" style=\"vertical-align: inherit;\"><span dir=\"auto\" style=\"vertical-align: inherit;\">girii\u015f<\/span><\/span><\/strong><\/h3>\n<p data-start=\"3902\" data-end=\"4175\"><span dir=\"auto\" style=\"vertical-align: inherit;\"><span dir=\"auto\" style=\"vertical-align: inherit;\">CBD Peletleri: Kannabidiol\u00fcn do\u011fal faydalar\u0131n\u0131 deneyimleyin <\/span><\/span><strong data-start=\"3959\" data-end=\"3979\"><span dir=\"auto\" style=\"vertical-align: inherit;\"><span dir=\"auto\" style=\"vertical-align: inherit;\">25 mg CBD Peletleri<\/span><\/span><\/strong><span dir=\"auto\" style=\"vertical-align: inherit;\"><span dir=\"auto\" style=\"vertical-align: inherit;\"> \u2013 kenevir CBD&#039;sinin g\u00fcc\u00fcnden yararlanman\u0131n kullan\u0131\u015fl\u0131 ve kesin bir yolu. <\/span><\/span><br data-start=\"4056\" data-end=\"4059\" \/><span dir=\"auto\" style=\"vertical-align: inherit;\"><span dir=\"auto\" style=\"vertical-align: inherit;\">Her pelet bir tane i\u00e7erir <\/span><\/span><strong data-start=\"4081\" data-end=\"4128\"><span dir=\"auto\" style=\"vertical-align: inherit;\"><span dir=\"auto\" style=\"vertical-align: inherit;\">25 mg&#039;l\u0131k standart doz veya saf CBD<\/span><\/span><\/strong><span dir=\"auto\" style=\"vertical-align: inherit;\"><span dir=\"auto\" style=\"vertical-align: inherit;\"> G\u00fcvenilir ve tutarl\u0131 sonu\u00e7lar i\u00e7in.<\/span><\/span><\/p>\n<p data-start=\"4177\" data-end=\"4485\"><span dir=\"auto\" style=\"vertical-align: inherit;\"><span dir=\"auto\" style=\"vertical-align: inherit;\">Yap\u0131lm\u0131\u015f <\/span><\/span><strong data-start=\"4189\" data-end=\"4224\"><span dir=\"auto\" style=\"vertical-align: inherit;\"><span dir=\"auto\" style=\"vertical-align: inherit;\">y\u00fcksek kaliteli end\u00fcstriyel kenevir<\/span><\/span><\/strong><span dir=\"auto\" style=\"vertical-align: inherit;\"><span dir=\"auto\" style=\"vertical-align: inherit;\"> Ve <\/span><\/span><strong data-start=\"4228\" data-end=\"4270\"><span dir=\"auto\" style=\"vertical-align: inherit;\"><span dir=\"auto\" style=\"vertical-align: inherit;\">ba\u011f\u0131ms\u0131z laboratuvarlar taraf\u0131ndan test edilmi\u015ftir<\/span><\/span><\/strong><span dir=\"auto\" style=\"vertical-align: inherit;\"><span dir=\"auto\" style=\"vertical-align: inherit;\"> Bu peletler THC, pestisitler ve zararl\u0131 kimyasallardan ar\u0131nd\u0131r\u0131lm\u0131\u015ft\u0131r. <\/span><\/span><strong data-start=\"4375\" data-end=\"4408\"><span dir=\"auto\" style=\"vertical-align: inherit;\"><span dir=\"auto\" style=\"vertical-align: inherit;\">bar\u0131\u015f, odaklanma ve esenlik, <\/span><\/span><\/strong><strong data-start=\"4417\" data-end=\"4437\"><span dir=\"auto\" style=\"vertical-align: inherit;\"><span dir=\"auto\" style=\"vertical-align: inherit;\">CBD 25 mg Peletleri<\/span><\/span><\/strong><span dir=\"auto\" style=\"vertical-align: inherit;\"><span dir=\"auto\" style=\"vertical-align: inherit;\"> teklif <\/span><span dir=\"auto\" style=\"vertical-align: inherit;\">beden ve zihin i\u00e7in do\u011fal bir denge.<\/span><\/span><\/p>\n<hr data-start=\"4487\" data-end=\"4490\" \/>\n<h3 data-start=\"4492\" data-end=\"4523\"><strong data-start=\"4496\" data-end=\"4523\"><span dir=\"auto\" style=\"vertical-align: inherit;\"><span dir=\"auto\" style=\"vertical-align: inherit;\">Temel \u00d6zellikler<\/span><\/span><\/strong><\/h3>\n<ul data-start=\"4524\" data-end=\"4995\">\n<li data-start=\"4524\" data-end=\"4606\">\n<p data-start=\"4526\" data-end=\"4606\"><strong data-start=\"4526\" data-end=\"4555\"><span dir=\"auto\" style=\"vertical-align: inherit;\"><span dir=\"auto\" style=\"vertical-align: inherit;\">Pelet ba\u015f\u0131na 25 mg Saf CBD<\/span><\/span><\/strong><span dir=\"auto\" style=\"vertical-align: inherit;\"><span dir=\"auto\" style=\"vertical-align: inherit;\"> \u2013 Tutarl\u0131 sonu\u00e7lar i\u00e7in hassas dozajlama.<\/span><\/span><\/p>\n<\/li>\n<li data-start=\"4607\" data-end=\"4686\">\n<p data-start=\"4609\" data-end=\"4686\"><strong data-start=\"4609\" data-end=\"4630\"><span dir=\"auto\" style=\"vertical-align: inherit;\"><span dir=\"auto\" style=\"vertical-align: inherit;\">THC \u0130\u00e7ermeyen Form\u00fcl<\/span><\/span><\/strong><span dir=\"auto\" style=\"vertical-align: inherit;\"><span dir=\"auto\" style=\"vertical-align: inherit;\"> \u2013 Psikoaktif olmayan destek i\u00e7in 0% THC i\u00e7erir.<\/span><\/span><\/p>\n<\/li>\n<li data-start=\"4687\" data-end=\"4770\">\n<p data-start=\"4689\" data-end=\"4770\"><strong data-start=\"4689\" data-end=\"4717\"><span dir=\"auto\" style=\"vertical-align: inherit;\"><span dir=\"auto\" style=\"vertical-align: inherit;\">Do\u011fal Kenevir \u00d6z\u00fct\u00fc<\/span><\/span><\/strong><span dir=\"auto\" style=\"vertical-align: inherit;\"><span dir=\"auto\" style=\"vertical-align: inherit;\"> \u2013 Organik olarak yeti\u015ftirilen kenevir bitkilerinden.<\/span><\/span><\/p>\n<\/li>\n<li data-start=\"4771\" data-end=\"4841\">\n<p data-start=\"4773\" data-end=\"4841\"><strong data-start=\"4773\" data-end=\"4795\"><span dir=\"auto\" style=\"vertical-align: inherit;\"><span dir=\"auto\" style=\"vertical-align: inherit;\">Laboratuvar Testinden Ge\u00e7ti<\/span><\/span><\/strong><span dir=\"auto\" style=\"vertical-align: inherit;\"><span dir=\"auto\" style=\"vertical-align: inherit;\"> \u2013 Safl\u0131\u011f\u0131 ve g\u00fcvenli\u011fi do\u011fruland\u0131.<\/span><\/span><\/p>\n<\/li>\n<li data-start=\"4842\" data-end=\"4910\">\n<p data-start=\"4844\" data-end=\"4910\"><strong data-start=\"4844\" data-end=\"4866\"><span dir=\"auto\" style=\"vertical-align: inherit;\"><span dir=\"auto\" style=\"vertical-align: inherit;\">Kullan\u0131\u015fl\u0131 pelet formu<\/span><\/span><\/strong><span dir=\"auto\" style=\"vertical-align: inherit;\"><span dir=\"auto\" style=\"vertical-align: inherit;\"> \u2013 Dozaj\u0131 ve saklanmas\u0131 kolayd\u0131r.<\/span><\/span><\/p>\n<\/li>\n<li data-start=\"4911\" data-end=\"4995\">\n<p data-start=\"4913\" data-end=\"4995\"><strong data-start=\"4913\" data-end=\"4940\"><span dir=\"auto\" style=\"vertical-align: inherit;\"><span dir=\"auto\" style=\"vertical-align: inherit;\">Vegan ve GDO&#039;suz<\/span><\/span><\/strong><span dir=\"auto\" style=\"vertical-align: inherit;\"><span dir=\"auto\" style=\"vertical-align: inherit;\"> \u2013 Do\u011fal bitki bazl\u0131 i\u00e7eriklerle \u00fcretilmi\u015ftir.<\/span><\/span><\/p>\n<\/li>\n<\/ul>\n<hr data-start=\"4997\" data-end=\"5000\" \/>\n<h3 data-start=\"5002\" data-end=\"5019\"><strong data-start=\"5006\" data-end=\"5019\"><span dir=\"auto\" style=\"vertical-align: inherit;\"><span dir=\"auto\" style=\"vertical-align: inherit;\">Avantajlar\u0131<\/span><\/span><\/strong><\/h3>\n<ul data-start=\"5020\" data-end=\"5428\">\n<li data-start=\"5020\" data-end=\"5104\">\n<p data-start=\"5022\" data-end=\"5104\"><strong data-start=\"5022\" data-end=\"5054\"><span dir=\"auto\" style=\"vertical-align: inherit;\"><span dir=\"auto\" style=\"vertical-align: inherit;\">Rahatlamay\u0131 ve Sakinli\u011fi Te\u015fvik Eder<\/span><\/span><\/strong><span dir=\"auto\" style=\"vertical-align: inherit;\"><span dir=\"auto\" style=\"vertical-align: inherit;\"> \u2013 \u0130\u00e7sel denge duygusunu destekler.<\/span><\/span><\/p>\n<\/li>\n<li data-start=\"5105\" data-end=\"5177\">\n<p data-start=\"5107\" data-end=\"5177\"><strong data-start=\"5107\" data-end=\"5138\"><span dir=\"auto\" style=\"vertical-align: inherit;\"><span dir=\"auto\" style=\"vertical-align: inherit;\">Stresi Azaltmaya Yard\u0131mc\u0131 Olur<\/span><\/span><\/strong><span dir=\"auto\" style=\"vertical-align: inherit;\"><span dir=\"auto\" style=\"vertical-align: inherit;\"> \u2013 Yo\u011fun ge\u00e7en g\u00fcnlerin gerginli\u011fini azalt\u0131r.<\/span><\/span><\/p>\n<\/li>\n<li data-start=\"5178\" data-end=\"5263\">\n<p data-start=\"5180\" data-end=\"5263\"><strong data-start=\"5180\" data-end=\"5214\"><span dir=\"auto\" style=\"vertical-align: inherit;\"><span dir=\"auto\" style=\"vertical-align: inherit;\">Odaklanma ve Konsantrasyonu Geli\u015ftirir<\/span><\/span><\/strong><span dir=\"auto\" style=\"vertical-align: inherit;\"><span dir=\"auto\" style=\"vertical-align: inherit;\"> \u2013 Uyu\u015fukluk yaratmadan sakinle\u015ftirir.<\/span><\/span><\/p>\n<\/li>\n<li data-start=\"5264\" data-end=\"5362\">\n<p data-start=\"5266\" data-end=\"5362\"><strong data-start=\"5266\" data-end=\"5299\"><span dir=\"auto\" style=\"vertical-align: inherit;\"><span dir=\"auto\" style=\"vertical-align: inherit;\">Do\u011fal Sa\u011fl\u0131k \u00c7\u00f6z\u00fcm\u00fc<\/span><\/span><\/strong><span dir=\"auto\" style=\"vertical-align: inherit;\"><span dir=\"auto\" style=\"vertical-align: inherit;\"> \u2013 G\u00fcnl\u00fck destek i\u00e7in bitki bazl\u0131 bir alternatif.<\/span><\/span><\/p>\n<\/li>\n<li data-start=\"5363\" data-end=\"5428\">\n<p data-start=\"5365\" data-end=\"5428\"><strong data-start=\"5365\" data-end=\"5389\"><span dir=\"auto\" style=\"vertical-align: inherit;\"><span dir=\"auto\" style=\"vertical-align: inherit;\">Tutarl\u0131 Dozaj<\/span><\/span><\/strong><span dir=\"auto\" style=\"vertical-align: inherit;\"><span dir=\"auto\" style=\"vertical-align: inherit;\"> \u2013 Her pelet tam olarak 25 mg CBD i\u00e7erir.<\/span><\/span><\/p>\n<\/li>\n<\/ul>\n<hr data-start=\"5430\" data-end=\"5433\" \/>\n<h3 data-start=\"5435\" data-end=\"5450\"><strong data-start=\"5439\" data-end=\"5450\"><span dir=\"auto\" style=\"vertical-align: inherit;\"><span dir=\"auto\" style=\"vertical-align: inherit;\">Kullan\u0131m<\/span><\/span><\/strong><\/h3>\n<ol data-start=\"5451\" data-end=\"5778\">\n<li data-start=\"5451\" data-end=\"5557\">\n<p data-start=\"5454\" data-end=\"5557\"><strong data-start=\"5454\" data-end=\"5467\"><span dir=\"auto\" style=\"vertical-align: inherit;\"><span dir=\"auto\" style=\"vertical-align: inherit;\">Dozaj:<\/span><\/span><\/strong><span dir=\"auto\" style=\"vertical-align: inherit;\"><span dir=\"auto\" style=\"vertical-align: inherit;\"> G\u00fcnde 1 pellet (25 mg) tercihen yemeklerle birlikte veya doktorunuzun tavsiye etti\u011fi \u015fekilde al\u0131n.<\/span><\/span><\/p>\n<\/li>\n<li data-start=\"5558\" data-end=\"5624\">\n<p data-start=\"5561\" data-end=\"5624\"><strong data-start=\"5561\" data-end=\"5572\"><span dir=\"auto\" style=\"vertical-align: inherit;\"><span dir=\"auto\" style=\"vertical-align: inherit;\">Depolamak:<\/span><\/span><\/strong><span dir=\"auto\" style=\"vertical-align: inherit;\"><span dir=\"auto\" style=\"vertical-align: inherit;\"> Bir yerde saklay\u0131n <\/span><\/span><strong data-start=\"5587\" data-end=\"5621\"><span dir=\"auto\" style=\"vertical-align: inherit;\"><span dir=\"auto\" style=\"vertical-align: inherit;\">serin, kuru ve karanl\u0131k bir yer<\/span><\/span><\/strong><span dir=\"auto\" style=\"vertical-align: inherit;\"><span dir=\"auto\" style=\"vertical-align: inherit;\"> .<\/span><\/span><\/p>\n<\/li>\n<li data-start=\"5625\" data-end=\"5692\">\n<p data-start=\"5628\" data-end=\"5692\"><strong data-start=\"5628\" data-end=\"5640\"><span dir=\"auto\" style=\"vertical-align: inherit;\"><span dir=\"auto\" style=\"vertical-align: inherit;\">Kapan\u0131\u015f:<\/span><\/span><\/strong><span dir=\"auto\" style=\"vertical-align: inherit;\"><span dir=\"auto\" style=\"vertical-align: inherit;\"> Ambalaj\u0131n d\u00fczg\u00fcn kapat\u0131ld\u0131\u011f\u0131ndan emin olun.<\/span><\/span><\/p>\n<\/li>\n<li data-start=\"5693\" data-end=\"5778\">\n<p data-start=\"5696\" data-end=\"5778\"><strong data-start=\"5696\" data-end=\"5710\"><span dir=\"auto\" style=\"vertical-align: inherit;\"><span dir=\"auto\" style=\"vertical-align: inherit;\">D\u00fczenlilik:<\/span><\/span><\/strong><span dir=\"auto\" style=\"vertical-align: inherit;\"><span dir=\"auto\" style=\"vertical-align: inherit;\"> En iyi sonu\u00e7lar i\u00e7in her g\u00fcn ayn\u0131 saatte al\u0131n.<\/span><\/span><\/p>\n<\/li>\n<\/ol>\n<blockquote data-start=\"5780\" data-end=\"5922\">\n<p data-start=\"5782\" data-end=\"5922\">\u26a0\ufe0f <strong data-start=\"5785\" data-end=\"5796\"><span dir=\"auto\" style=\"vertical-align: inherit;\"><span dir=\"auto\" style=\"vertical-align: inherit;\">L\u00fctfen akl\u0131n\u0131zda bulundurun:<\/span><\/span><\/strong><span dir=\"auto\" style=\"vertical-align: inherit;\"><span dir=\"auto\" style=\"vertical-align: inherit;\"> \u00d6zellikle hamileyseniz, emziriyorsan\u0131z veya ila\u00e7 kullan\u0131yorsan\u0131z, herhangi bir yeni takviye almadan \u00f6nce mutlaka doktorunuza dan\u0131\u015f\u0131n.<\/span><\/span><\/p>\n<\/blockquote>\n<hr data-start=\"5924\" data-end=\"5927\" \/>\n<h3 data-start=\"5929\" data-end=\"5956\"><strong data-start=\"5933\" data-end=\"5956\"><span dir=\"auto\" style=\"vertical-align: inherit;\"><span dir=\"auto\" style=\"vertical-align: inherit;\">S\u0131k\u00e7a Sorulan Sorular<\/span><\/span><\/strong><\/h3>\n<p data-start=\"5958\" data-end=\"6182\"><strong data-start=\"5958\" data-end=\"5991\"><span dir=\"auto\" style=\"vertical-align: inherit;\"><span dir=\"auto\" style=\"vertical-align: inherit;\">1. CBD 25 mg Pelet Nedir?<\/span><\/span><\/strong><br data-start=\"5991\" data-end=\"5994\" \/><span dir=\"auto\" style=\"vertical-align: inherit;\"><span dir=\"auto\" style=\"vertical-align: inherit;\"> CBD 25 mg Peletler <\/span><\/span><strong data-start=\"6016\" data-end=\"6075\"><span dir=\"auto\" style=\"vertical-align: inherit;\"><span dir=\"auto\" style=\"vertical-align: inherit;\">k\u00fc\u00e7\u00fck, hassas dozlarda kannabidiol (CBD)<\/span><\/span><\/strong><span dir=\"auto\" style=\"vertical-align: inherit;\"><span dir=\"auto\" style=\"vertical-align: inherit;\"> Kenevir \u00f6z\u00fcnden elde edilir. CBD&#039;yi alman\u0131n rahat, g\u00fcvenilir ve THC i\u00e7ermeyen bir yolunu sunarlar.<\/span><\/span><\/p>\n<p data-start=\"6184\" data-end=\"6315\"><strong data-start=\"6184\" data-end=\"6225\"><span dir=\"auto\" style=\"vertical-align: inherit;\"><span dir=\"auto\" style=\"vertical-align: inherit;\">2. CBD 25 mg Peletlerden kafam g\u00fczel olur mu?<\/span><\/span><\/strong><br data-start=\"6225\" data-end=\"6228\" \/><span dir=\"auto\" style=\"vertical-align: inherit;\"><span dir=\"auto\" style=\"vertical-align: inherit;\"> Hay\u0131r. Bu peletler i\u015fe yar\u0131yor <\/span><\/span><strong data-start=\"6255\" data-end=\"6267\"><span dir=\"auto\" style=\"vertical-align: inherit;\"><span dir=\"auto\" style=\"vertical-align: inherit;\">THC i\u00e7ermez<\/span><\/span><\/strong><span dir=\"auto\" style=\"vertical-align: inherit;\"><span dir=\"auto\" style=\"vertical-align: inherit;\"> ve bu nedenle sahip olmak <\/span><\/span><strong data-start=\"6282\" data-end=\"6312\"><span dir=\"auto\" style=\"vertical-align: inherit;\"><span dir=\"auto\" style=\"vertical-align: inherit;\">psikoaktif etki yok<\/span><\/span><\/strong><span dir=\"auto\" style=\"vertical-align: inherit;\"><span dir=\"auto\" style=\"vertical-align: inherit;\"> .<\/span><\/span><\/p>\n<p data-start=\"6317\" data-end=\"6489\"><strong data-start=\"6317\" data-end=\"6357\"><span dir=\"auto\" style=\"vertical-align: inherit;\"><span dir=\"auto\" style=\"vertical-align: inherit;\">3. 25 mg CBD peletleri ne kadar s\u00fcrede etki eder?<\/span><\/span><\/strong><br data-start=\"6357\" data-end=\"6360\" \/><span dir=\"auto\" style=\"vertical-align: inherit;\"><span dir=\"auto\" style=\"vertical-align: inherit;\"> \u00c7o\u011fu kullan\u0131c\u0131, bir etki fark eder <\/span><\/span><strong data-start=\"6395\" data-end=\"6412\"><span dir=\"auto\" style=\"vertical-align: inherit;\"><span dir=\"auto\" style=\"vertical-align: inherit;\">30\u201360 dakika<\/span><\/span><\/strong><span dir=\"auto\" style=\"vertical-align: inherit;\"><span dir=\"auto\" style=\"vertical-align: inherit;\"> metabolizmalar\u0131na ve al\u0131m k\u0131vam\u0131na ba\u011fl\u0131 olarak de\u011fi\u015fir.<\/span><\/span><\/p>\n<hr data-start=\"6491\" data-end=\"6494\" \/>\n<h3 data-start=\"6496\" data-end=\"6514\"><strong data-start=\"6500\" data-end=\"6514\"><span dir=\"auto\" style=\"vertical-align: inherit;\"><span dir=\"auto\" style=\"vertical-align: inherit;\">Sorumluluk Reddi<\/span><\/span><\/strong><\/h3>\n<p data-start=\"6515\" data-end=\"6712\"><span dir=\"auto\" style=\"vertical-align: inherit;\"><span dir=\"auto\" style=\"vertical-align: inherit;\">Bu \u00fcr\u00fcn <\/span><\/span><strong data-start=\"6530\" data-end=\"6598\"><span dir=\"auto\" style=\"vertical-align: inherit;\"><span dir=\"auto\" style=\"vertical-align: inherit;\">herhangi bir hastal\u0131\u011f\u0131 te\u015fhis etmek, tedavi etmek veya iyile\u015ftirmek i\u00e7in tasarlanmam\u0131\u015ft\u0131r<\/span><\/span><\/strong><span dir=\"auto\" style=\"vertical-align: inherit;\"><span dir=\"auto\" style=\"vertical-align: inherit;\"> Takviyeleri kullanmadan \u00f6nce mutlaka bir doktora dan\u0131\u015f\u0131n. <\/span><\/span><strong data-start=\"6659\" data-end=\"6710\"><span dir=\"auto\" style=\"vertical-align: inherit;\"><span dir=\"auto\" style=\"vertical-align: inherit;\">18 ya\u015f alt\u0131 ki\u015filer i\u00e7in uygun de\u011fildir. <\/span><\/span><\/strong><a href=\"https:\/\/researchchemicalhub.com\/tr\/magaza\/kategorilenmemis\/4mmc-satin-al\/\"><span dir=\"auto\" style=\"vertical-align: inherit;\"><span dir=\"auto\" style=\"vertical-align: inherit;\">4mmc sat\u0131n al, <\/span><\/span><\/a><a href=\"https:\/\/researchchemicalhub.com\/tr\/magaza\/kategorilenmemis\/benzokain-tozu\/\"><span dir=\"auto\" style=\"vertical-align: inherit;\"><span dir=\"auto\" style=\"vertical-align: inherit;\">benzokain tozu <\/span><\/span><\/a><a href=\"https:\/\/researchchemicalhub.com\/tr\/magaza\/kategorilenmemis\/fentanil-satin-al\/\"><span dir=\"auto\" style=\"vertical-align: inherit;\"><span dir=\"auto\" style=\"vertical-align: inherit;\">, fentanil sat\u0131n al <\/span><\/span><\/a><a href=\"https:\/\/researchchemicalhub.com\/tr\/magaza\/iboga-ibogaine\/iboga-satin-al\/\"><span dir=\"auto\" style=\"vertical-align: inherit;\"><span dir=\"auto\" style=\"vertical-align: inherit;\">, iboga sat\u0131n al , sat\u0131n al <\/span><\/span><\/a><a href=\"https:\/\/researchchemicalhub.com\/tr\/magaza\/kategorilenmemis\/fentanil-satin-al\/\"><span dir=\"auto\" style=\"vertical-align: inherit;\"><span dir=\"auto\" style=\"vertical-align: inherit;\">fentanil tablet <\/span><\/span><\/a><a href=\"https:\/\/researchchemicalhub.com\/tr\/magaza\/iboga-ibogaine\/iboga-satin-al\/\"><span dir=\"auto\" style=\"vertical-align: inherit;\"><span dir=\"auto\" style=\"vertical-align: inherit;\">, iboga, <\/span><\/span><\/a><a href=\"https:\/\/researchchemicalhub.com\/tr\/magaza\/iboga-ibogaine\/ibogaine-hclyi-cevrimici-satin-al\/\"><span dir=\"auto\" style=\"vertical-align: inherit;\"><span dir=\"auto\" style=\"vertical-align: inherit;\">ibogaine hcl&#039;yi \u00e7evrimi\u00e7i sat\u0131n al<\/span><\/span><\/a><\/p>","protected":false},"excerpt":{"rendered":"<h3><span dir=\"auto\" style=\"vertical-align: inherit;\"><span dir=\"auto\" style=\"vertical-align: inherit;\"><span dir=\"auto\" style=\"vertical-align: inherit;\"><span dir=\"auto\" style=\"vertical-align: inherit;\">CBD \u00f6zellikleri<\/span><\/span><\/span><\/span><\/h3>\n<p><strong><span dir=\"auto\" style=\"vertical-align: inherit;\"><span dir=\"auto\" style=\"vertical-align: inherit;\"><span dir=\"auto\" style=\"vertical-align: inherit;\"><span dir=\"auto\" style=\"vertical-align: inherit;\">E\u015f anlaml\u0131s\u0131:<\/span><\/span><\/span><\/span><\/strong><span dir=\"auto\" style=\"vertical-align: inherit;\"><span dir=\"auto\" style=\"vertical-align: inherit;\"><span dir=\"auto\" style=\"vertical-align: inherit;\"><span dir=\"auto\" style=\"vertical-align: inherit;\"> Kannabidiol <\/span><\/span><\/span><\/span><br \/>\n<strong><span dir=\"auto\" style=\"vertical-align: inherit;\"><span dir=\"auto\" style=\"vertical-align: inherit;\"><span dir=\"auto\" style=\"vertical-align: inherit;\"><span dir=\"auto\" style=\"vertical-align: inherit;\">CAS Numaras\u0131:<\/span><\/span><\/span><\/span><\/strong><span dir=\"auto\" style=\"vertical-align: inherit;\"><span dir=\"auto\" style=\"vertical-align: inherit;\"><span dir=\"auto\" style=\"vertical-align: inherit;\"><span dir=\"auto\" style=\"vertical-align: inherit;\"> uygulanamaz <\/span><\/span><\/span><\/span><br \/>\n<strong><span dir=\"auto\" style=\"vertical-align: inherit;\"><span dir=\"auto\" style=\"vertical-align: inherit;\"><span dir=\"auto\" style=\"vertical-align: inherit;\"><span dir=\"auto\" style=\"vertical-align: inherit;\">Form\u00fcl:<\/span><\/span><\/span><\/span><\/strong><span dir=\"auto\" style=\"vertical-align: inherit;\"><span dir=\"auto\" style=\"vertical-align: inherit;\"><span dir=\"auto\" style=\"vertical-align: inherit;\"><span dir=\"auto\" style=\"vertical-align: inherit;\"> C <\/span><\/span><\/span><\/span><sub><span dir=\"auto\" style=\"vertical-align: inherit;\"><span dir=\"auto\" style=\"vertical-align: inherit;\"><span dir=\"auto\" style=\"vertical-align: inherit;\"><span dir=\"auto\" style=\"vertical-align: inherit;\">21<\/span><\/span><\/span><\/span><\/sub><span dir=\"auto\" style=\"vertical-align: inherit;\"><span dir=\"auto\" style=\"vertical-align: inherit;\"><span dir=\"auto\" style=\"vertical-align: inherit;\"><span dir=\"auto\" style=\"vertical-align: inherit;\"> H <\/span><\/span><\/span><\/span><sub><span dir=\"auto\" style=\"vertical-align: inherit;\"><span dir=\"auto\" style=\"vertical-align: inherit;\"><span dir=\"auto\" style=\"vertical-align: inherit;\"><span dir=\"auto\" style=\"vertical-align: inherit;\">30<\/span><\/span><\/span><\/span><\/sub><span dir=\"auto\" style=\"vertical-align: inherit;\"><span dir=\"auto\" style=\"vertical-align: inherit;\"><span dir=\"auto\" style=\"vertical-align: inherit;\"><span dir=\"auto\" style=\"vertical-align: inherit;\"> O <\/span><\/span><\/span><\/span><sub><span dir=\"auto\" style=\"vertical-align: inherit;\"><span dir=\"auto\" style=\"vertical-align: inherit;\"><span dir=\"auto\" style=\"vertical-align: inherit;\"><span dir=\"auto\" style=\"vertical-align: inherit;\">2 <\/span><\/span><\/span><\/span><\/sub><br \/>\n<strong><span dir=\"auto\" style=\"vertical-align: inherit;\"><span dir=\"auto\" style=\"vertical-align: inherit;\"><span dir=\"auto\" style=\"vertical-align: inherit;\"><span dir=\"auto\" style=\"vertical-align: inherit;\">Mol K\u00fctlesi:<\/span><\/span><\/span><\/span><\/strong><span dir=\"auto\" style=\"vertical-align: inherit;\"><span dir=\"auto\" style=\"vertical-align: inherit;\"><span dir=\"auto\" style=\"vertical-align: inherit;\"><span dir=\"auto\" style=\"vertical-align: inherit;\"> uygulanamaz <\/span><\/span><\/span><\/span><br \/>\n<strong><span dir=\"auto\" style=\"vertical-align: inherit;\"><span dir=\"auto\" style=\"vertical-align: inherit;\"><span dir=\"auto\" style=\"vertical-align: inherit;\"><span dir=\"auto\" style=\"vertical-align: inherit;\">Safl\u0131k:<\/span><\/span><\/span><\/span><\/strong><span dir=\"auto\" style=\"vertical-align: inherit;\"><span dir=\"auto\" style=\"vertical-align: inherit;\"><span dir=\"auto\" style=\"vertical-align: inherit;\"><span dir=\"auto\" style=\"vertical-align: inherit;\"> &gt;98%<\/span><\/span><\/span><\/span><\/p>","protected":false},"featured_media":28490,"comment_status":"closed","ping_status":"closed","template":"","meta":[],"product_brand":[82],"product_cat":[422,423,336,324],"product_tag":[735,736,737,732,733,734,326],"class_list":{"0":"post-24912","1":"product","2":"type-product","3":"status-publish","4":"has-post-thumbnail","6":"product_brand-research-chemical","7":"product_cat-cbd","8":"product_cat-cbd-pellets","9":"product_cat-overig","10":"product_cat-pellets-for-pellet","11":"product_tag-benefits-of-cbd-pellets-for-horses","12":"product_tag-best-cbd-pellets-for-horses","13":"product_tag-can-your-horse-test-positive-using-cbd-pellets","14":"product_tag-cbd-pellets","15":"product_tag-cbd-pellets-ervaringen","16":"product_tag-cbd-pellets-for-horses","17":"product_tag-nl","19":"first","20":"instock","21":"taxable","22":"shipping-taxable","23":"purchasable","24":"product-type-variable"},"_links":{"self":[{"href":"https:\/\/researchchemicalhub.com\/tr\/wp-json\/wp\/v2\/product\/24912","targetHints":{"allow":["GET"]}}],"collection":[{"href":"https:\/\/researchchemicalhub.com\/tr\/wp-json\/wp\/v2\/product"}],"about":[{"href":"https:\/\/researchchemicalhub.com\/tr\/wp-json\/wp\/v2\/types\/product"}],"replies":[{"embeddable":true,"href":"https:\/\/researchchemicalhub.com\/tr\/wp-json\/wp\/v2\/comments?post=24912"}],"version-history":[{"count":8,"href":"https:\/\/researchchemicalhub.com\/tr\/wp-json\/wp\/v2\/product\/24912\/revisions"}],"predecessor-version":[{"id":28634,"href":"https:\/\/researchchemicalhub.com\/tr\/wp-json\/wp\/v2\/product\/24912\/revisions\/28634"}],"wp:featuredmedia":[{"embeddable":true,"href":"https:\/\/researchchemicalhub.com\/tr\/wp-json\/wp\/v2\/media\/28490"}],"wp:attachment":[{"href":"https:\/\/researchchemicalhub.com\/tr\/wp-json\/wp\/v2\/media?parent=24912"}],"wp:term":[{"taxonomy":"product_brand","embeddable":true,"href":"https:\/\/researchchemicalhub.com\/tr\/wp-json\/wp\/v2\/product_brand?post=24912"},{"taxonomy":"product_cat","embeddable":true,"href":"https:\/\/researchchemicalhub.com\/tr\/wp-json\/wp\/v2\/product_cat?post=24912"},{"taxonomy":"product_tag","embeddable":true,"href":"https:\/\/researchchemicalhub.com\/tr\/wp-json\/wp\/v2\/product_tag?post=24912"}],"curies":[{"name":"wp","href":"https:\/\/api.w.org\/{rel}","templated":true}]}}