{"id":24905,"date":"2025-10-20T17:43:41","date_gmt":"2025-10-20T17:43:41","guid":{"rendered":"https:\/\/researchchemicalhub.com\/?post_type=product&#038;p=24905"},"modified":"2025-10-28T22:44:26","modified_gmt":"2025-10-28T22:44:26","slug":"meai","status":"publish","type":"product","link":"https:\/\/researchchemicalhub.com\/tr\/shop\/meai\/meai\/","title":{"rendered":"MEAI"},"content":{"rendered":"<h3 data-start=\"4217\" data-end=\"4236\"><strong data-start=\"4221\" data-end=\"4236\"><span dir=\"auto\" style=\"vertical-align: inherit;\"><span dir=\"auto\" style=\"vertical-align: inherit;\">girii\u015f<\/span><\/span><\/strong><\/h3>\n<p data-start=\"4237\" data-end=\"4506\"><span dir=\"auto\" style=\"vertical-align: inherit;\"><span dir=\"auto\" style=\"vertical-align: inherit;\">Bizim <\/span><\/span><strong data-start=\"4242\" data-end=\"4278\"><span dir=\"auto\" style=\"vertical-align: inherit;\"><span dir=\"auto\" style=\"vertical-align: inherit;\">y\u00fcksek safl\u0131kta ara\u015ft\u0131rma bile\u015fi\u011fi<\/span><\/span><\/strong><span dir=\"auto\" style=\"vertical-align: inherit;\"><span dir=\"auto\" style=\"vertical-align: inherit;\"> i\u00e7in \u00fcretilmi\u015ftir <\/span><\/span><strong data-start=\"4299\" data-end=\"4355\"><span dir=\"auto\" style=\"vertical-align: inherit;\"><span dir=\"auto\" style=\"vertical-align: inherit;\">analitik, adli ve bilimsel ara\u015ft\u0131rma<\/span><\/span><\/strong><span dir=\"auto\" style=\"vertical-align: inherit;\"><span dir=\"auto\" style=\"vertical-align: inherit;\"> Her parti <\/span><\/span><strong data-start=\"4374\" data-end=\"4439\"><span dir=\"auto\" style=\"vertical-align: inherit;\"><span dir=\"auto\" style=\"vertical-align: inherit;\">safl\u0131k, kararl\u0131l\u0131k ve tutarl\u0131l\u0131k a\u00e7\u0131s\u0131ndan laboratuvarda test edilmi\u015ftir<\/span><\/span><\/strong><span dir=\"auto\" style=\"vertical-align: inherit;\"><span dir=\"auto\" style=\"vertical-align: inherit;\"> ara\u015ft\u0131rmac\u0131lar\u0131n do\u011fru sonu\u00e7lara g\u00fcvenebilmelerini sa\u011flamak.<\/span><\/span><\/p>\n<p data-start=\"4508\" data-end=\"4657\"><span dir=\"auto\" style=\"vertical-align: inherit;\"><span dir=\"auto\" style=\"vertical-align: inherit;\">\u00dcr\u00fcn \u015fu \u015fartlar alt\u0131nda \u00fcretilmektedir: <\/span><\/span><strong data-start=\"4545\" data-end=\"4575\"><span dir=\"auto\" style=\"vertical-align: inherit;\"><span dir=\"auto\" style=\"vertical-align: inherit;\">s\u0131k\u0131 kalite kontrol\u00fc<\/span><\/span><\/strong><span dir=\"auto\" style=\"vertical-align: inherit;\"><span dir=\"auto\" style=\"vertical-align: inherit;\"> ve idealdir <\/span><\/span><strong data-start=\"4594\" data-end=\"4654\"><span dir=\"auto\" style=\"vertical-align: inherit;\"><span dir=\"auto\" style=\"vertical-align: inherit;\">kalibrasyon, kar\u015f\u0131la\u015ft\u0131rmal\u0131 ara\u015ft\u0131rma ve kimyasal analiz<\/span><\/span><\/strong><span dir=\"auto\" style=\"vertical-align: inherit;\"><span dir=\"auto\" style=\"vertical-align: inherit;\"> .<\/span><\/span><\/p>\n<blockquote data-start=\"4658\" data-end=\"4767\">\n<p data-start=\"4660\" data-end=\"4767\">\u26a0\ufe0f <strong data-start=\"4663\" data-end=\"4767\"><span dir=\"auto\" style=\"vertical-align: inherit;\"><span dir=\"auto\" style=\"vertical-align: inherit;\">Sadece laboratuvar kullan\u0131m\u0131 i\u00e7indir. \u0130nsan veya hayvan t\u00fcketimine uygun de\u011fildir.<\/span><\/span><\/strong><\/p>\n<\/blockquote>\n<hr data-start=\"4769\" data-end=\"4772\" \/>\n<h3 data-start=\"4774\" data-end=\"4805\"><strong data-start=\"4778\" data-end=\"4805\"><span dir=\"auto\" style=\"vertical-align: inherit;\"><span dir=\"auto\" style=\"vertical-align: inherit;\">Temel \u00d6zellikler<\/span><\/span><\/strong><\/h3>\n<ul data-start=\"4806\" data-end=\"5330\">\n<li data-start=\"4806\" data-end=\"4876\">\n<p data-start=\"4808\" data-end=\"4876\"><strong data-start=\"4808\" data-end=\"4834\"><span dir=\"auto\" style=\"vertical-align: inherit;\"><span dir=\"auto\" style=\"vertical-align: inherit;\">Y\u00fcksek Safl\u0131k (\u226599%)<\/span><\/span><\/strong><span dir=\"auto\" style=\"vertical-align: inherit;\"><span dir=\"auto\" style=\"vertical-align: inherit;\"> \u2013 Ba\u011f\u0131ms\u0131z olarak test edilmi\u015f ve do\u011frulanm\u0131\u015ft\u0131r.<\/span><\/span><\/p>\n<\/li>\n<li data-start=\"4877\" data-end=\"4961\">\n<p data-start=\"4879\" data-end=\"4961\"><strong data-start=\"4879\" data-end=\"4914\"><span dir=\"auto\" style=\"vertical-align: inherit;\"><span dir=\"auto\" style=\"vertical-align: inherit;\">Kararl\u0131 ve Tutarl\u0131 Form\u00fcl<\/span><\/span><\/strong><span dir=\"auto\" style=\"vertical-align: inherit;\"><span dir=\"auto\" style=\"vertical-align: inherit;\"> \u2013 Tekrarlanabilir ara\u015ft\u0131rma sonu\u00e7lar\u0131 i\u00e7in.<\/span><\/span><\/p>\n<\/li>\n<li data-start=\"4962\" data-end=\"5043\">\n<p data-start=\"4964\" data-end=\"5043\"><strong data-start=\"4964\" data-end=\"4996\"><span dir=\"auto\" style=\"vertical-align: inherit;\"><span dir=\"auto\" style=\"vertical-align: inherit;\">Hassas Dozajl\u0131 \u0130\u00e7erik<\/span><\/span><\/strong><span dir=\"auto\" style=\"vertical-align: inherit;\"><span dir=\"auto\" style=\"vertical-align: inherit;\"> \u2013 G\u00fcvenilir analitik uygulamalar i\u00e7in.<\/span><\/span><\/p>\n<\/li>\n<li data-start=\"5044\" data-end=\"5142\">\n<p data-start=\"5046\" data-end=\"5142\"><strong data-start=\"5046\" data-end=\"5068\"><span dir=\"auto\" style=\"vertical-align: inherit;\"><span dir=\"auto\" style=\"vertical-align: inherit;\">G\u00fcvenli Paketleme<\/span><\/span><\/strong><span dir=\"auto\" style=\"vertical-align: inherit;\"><span dir=\"auto\" style=\"vertical-align: inherit;\"> \u2013 Maksimum raf \u00f6mr\u00fc i\u00e7in hava ve nem ge\u00e7irmez ambalaj.<\/span><\/span><\/p>\n<\/li>\n<li data-start=\"5143\" data-end=\"5233\">\n<p data-start=\"5145\" data-end=\"5233\"><strong data-start=\"5145\" data-end=\"5170\"><span dir=\"auto\" style=\"vertical-align: inherit;\"><span dir=\"auto\" style=\"vertical-align: inherit;\">Laboratuvar Kalitesi<\/span><\/span><\/strong><span dir=\"auto\" style=\"vertical-align: inherit;\"><span dir=\"auto\" style=\"vertical-align: inherit;\"> \u2013 Uluslararas\u0131 ara\u015ft\u0131rma y\u00f6nergelerine uygun olarak \u00fcretilmi\u015ftir.<\/span><\/span><\/p>\n<\/li>\n<li data-start=\"5234\" data-end=\"5330\">\n<p data-start=\"5236\" data-end=\"5330\"><strong data-start=\"5236\" data-end=\"5269\"><span dir=\"auto\" style=\"vertical-align: inherit;\"><span dir=\"auto\" style=\"vertical-align: inherit;\">Sadece Ara\u015ft\u0131rma Kullan\u0131m\u0131 \u0130\u00e7indir<\/span><\/span><\/strong><span dir=\"auto\" style=\"vertical-align: inherit;\"><span dir=\"auto\" style=\"vertical-align: inherit;\"> \u2013 Bilimsel ve e\u011fitimsel ama\u00e7lara y\u00f6neliktir.<\/span><\/span><\/p>\n<\/li>\n<\/ul>\n<hr data-start=\"5332\" data-end=\"5335\" \/>\n<h3 data-start=\"5337\" data-end=\"5354\"><strong data-start=\"5341\" data-end=\"5354\"><span dir=\"auto\" style=\"vertical-align: inherit;\"><span dir=\"auto\" style=\"vertical-align: inherit;\">Avantajlar\u0131<\/span><\/span><\/strong><\/h3>\n<ul data-start=\"5355\" data-end=\"5809\">\n<li data-start=\"5355\" data-end=\"5445\">\n<p data-start=\"5357\" data-end=\"5445\"><strong data-start=\"5357\" data-end=\"5393\"><span dir=\"auto\" style=\"vertical-align: inherit;\"><span dir=\"auto\" style=\"vertical-align: inherit;\">G\u00fcvenilir Ara\u015ft\u0131rma Sonu\u00e7lar\u0131<\/span><\/span><\/strong><span dir=\"auto\" style=\"vertical-align: inherit;\"><span dir=\"auto\" style=\"vertical-align: inherit;\"> \u2013 Tutarl\u0131 ve tekrarlanabilir veriler sa\u011flar.<\/span><\/span><\/p>\n<\/li>\n<li data-start=\"5446\" data-end=\"5532\">\n<p data-start=\"5448\" data-end=\"5532\"><strong data-start=\"5448\" data-end=\"5471\"><span dir=\"auto\" style=\"vertical-align: inherit;\"><span dir=\"auto\" style=\"vertical-align: inherit;\">Kullan\u0131m\u0131 kolay<\/span><\/span><\/strong><span dir=\"auto\" style=\"vertical-align: inherit;\"><span dir=\"auto\" style=\"vertical-align: inherit;\"> \u2013 Laboratuvar ortamlar\u0131nda g\u00fcvenli kullan\u0131m i\u00e7in tasarlanm\u0131\u015ft\u0131r.<\/span><\/span><\/p>\n<\/li>\n<li data-start=\"5533\" data-end=\"5622\">\n<p data-start=\"5535\" data-end=\"5622\"><strong data-start=\"5535\" data-end=\"5574\"><span dir=\"auto\" style=\"vertical-align: inherit;\"><span dir=\"auto\" style=\"vertical-align: inherit;\">Bilimsel Olarak Test Edilmi\u015f Safl\u0131k<\/span><\/span><\/strong><span dir=\"auto\" style=\"vertical-align: inherit;\"><span dir=\"auto\" style=\"vertical-align: inherit;\"> \u2013 Mesleki ara\u015ft\u0131rma standartlar\u0131na uygundur.<\/span><\/span><\/p>\n<\/li>\n<li data-start=\"5623\" data-end=\"5706\">\n<p data-start=\"5625\" data-end=\"5706\"><strong data-start=\"5625\" data-end=\"5650\"><span dir=\"auto\" style=\"vertical-align: inherit;\"><span dir=\"auto\" style=\"vertical-align: inherit;\">Tutarl\u0131 Kalite<\/span><\/span><\/strong><span dir=\"auto\" style=\"vertical-align: inherit;\"><span dir=\"auto\" style=\"vertical-align: inherit;\"> \u2013 G\u00fcvenilir sonu\u00e7lar i\u00e7in her parti ayn\u0131d\u0131r.<\/span><\/span><\/p>\n<\/li>\n<li data-start=\"5707\" data-end=\"5809\">\n<p data-start=\"5709\" data-end=\"5809\"><strong data-start=\"5709\" data-end=\"5746\"><span dir=\"auto\" style=\"vertical-align: inherit;\"><span dir=\"auto\" style=\"vertical-align: inherit;\">Etik ve Yasal Olarak \u00dcretildi<\/span><\/span><\/strong><span dir=\"auto\" style=\"vertical-align: inherit;\"><span dir=\"auto\" style=\"vertical-align: inherit;\"> \u2013 Uluslararas\u0131 g\u00fcvenlik kurallar\u0131na uygun olarak \u00fcretilmi\u015ftir.<\/span><\/span><\/p>\n<\/li>\n<\/ul>\n<hr data-start=\"5811\" data-end=\"5814\" \/>\n<h3 data-start=\"5816\" data-end=\"5831\"><strong data-start=\"5820\" data-end=\"5831\"><span dir=\"auto\" style=\"vertical-align: inherit;\"><span dir=\"auto\" style=\"vertical-align: inherit;\">Kullan\u0131m<\/span><\/span><\/strong><\/h3>\n<ol data-start=\"5832\" data-end=\"6258\">\n<li data-start=\"5832\" data-end=\"5916\">\n<p data-start=\"5835\" data-end=\"5916\"><strong data-start=\"5835\" data-end=\"5868\"><span dir=\"auto\" style=\"vertical-align: inherit;\"><span dir=\"auto\" style=\"vertical-align: inherit;\">Sadece Ara\u015ft\u0131rma Kullan\u0131m\u0131 \u0130\u00e7indir<\/span><\/span><\/strong><span dir=\"auto\" style=\"vertical-align: inherit;\"><span dir=\"auto\" style=\"vertical-align: inherit;\"> \u2013 Sadece akredite laboratuvarlarda kullan\u0131lmal\u0131d\u0131r.<\/span><\/span><\/p>\n<\/li>\n<li data-start=\"5917\" data-end=\"6019\">\n<p data-start=\"5920\" data-end=\"6019\"><strong data-start=\"5920\" data-end=\"5941\"><span dir=\"auto\" style=\"vertical-align: inherit;\"><span dir=\"auto\" style=\"vertical-align: inherit;\">Depolama Talimatlar\u0131<\/span><\/span><\/strong><span dir=\"auto\" style=\"vertical-align: inherit;\"><span dir=\"auto\" style=\"vertical-align: inherit;\"> \u2013 Bir yerde saklay\u0131n <\/span><\/span><strong data-start=\"5958\" data-end=\"5992\"><span dir=\"auto\" style=\"vertical-align: inherit;\"><span dir=\"auto\" style=\"vertical-align: inherit;\">serin, kuru ve karanl\u0131k bir yer<\/span><\/span><\/strong><span dir=\"auto\" style=\"vertical-align: inherit;\"><span dir=\"auto\" style=\"vertical-align: inherit;\"> Nem ve s\u0131caktan uzak tutunuz.<\/span><\/span><\/p>\n<\/li>\n<li data-start=\"6020\" data-end=\"6089\">\n<p data-start=\"6023\" data-end=\"6089\"><strong data-start=\"6023\" data-end=\"6040\"><span dir=\"auto\" style=\"vertical-align: inherit;\"><span dir=\"auto\" style=\"vertical-align: inherit;\">G\u00fcvenli \u00c7al\u0131\u015fma<\/span><\/span><\/strong><span dir=\"auto\" style=\"vertical-align: inherit;\"><span dir=\"auto\" style=\"vertical-align: inherit;\"> \u2013 Her zaman uygun koruyucu ekipman giyin.<\/span><\/span><\/p>\n<\/li>\n<li data-start=\"6090\" data-end=\"6169\">\n<p data-start=\"6093\" data-end=\"6169\"><strong data-start=\"6093\" data-end=\"6105\"><span dir=\"auto\" style=\"vertical-align: inherit;\"><span dir=\"auto\" style=\"vertical-align: inherit;\">\u00d6l\u00e7\u00fcmler<\/span><\/span><\/strong><span dir=\"auto\" style=\"vertical-align: inherit;\"><span dir=\"auto\" style=\"vertical-align: inherit;\"> \u2013 Do\u011fru analiz i\u00e7in kalibre edilmi\u015f ekipman kullan\u0131n.<\/span><\/span><\/p>\n<\/li>\n<li data-start=\"6170\" data-end=\"6258\">\n<p data-start=\"6173\" data-end=\"6258\"><strong data-start=\"6173\" data-end=\"6200\"><span dir=\"auto\" style=\"vertical-align: inherit;\"><span dir=\"auto\" style=\"vertical-align: inherit;\">G\u00fcvenlik Uyar\u0131s\u0131<\/span><\/span><\/strong><span dir=\"auto\" style=\"vertical-align: inherit;\"><span dir=\"auto\" style=\"vertical-align: inherit;\"> \u2013 \u0130nsan veya hayvan t\u00fcketimi i\u00e7in uygun de\u011fildir. <\/span><\/span><a href=\"https:\/\/researchchemicalhub.com\/tr\/shop\/okategoriserad\/4mmc-kopen\/\"><span dir=\"auto\" style=\"vertical-align: inherit;\"><span dir=\"auto\" style=\"vertical-align: inherit;\">4mmc sat\u0131n al, sat\u0131n al <\/span><\/span><\/a><a href=\"https:\/\/researchchemicalhub.com\/tr\/shop\/okategoriserad\/benzocaine-powder\/\"><span dir=\"auto\" style=\"vertical-align: inherit;\"><span dir=\"auto\" style=\"vertical-align: inherit;\">benzokain tozu <\/span><\/span><\/a><a href=\"https:\/\/researchchemicalhub.com\/tr\/shop\/okategoriserad\/fentanyl-kopen\/\"><span dir=\"auto\" style=\"vertical-align: inherit;\"><span dir=\"auto\" style=\"vertical-align: inherit;\">, fentanil sat\u0131n al, <\/span><\/span><\/a><a href=\"https:\/\/researchchemicalhub.com\/tr\/shop\/iboga-ibogaine\/iboga-kopen\/\"><span dir=\"auto\" style=\"vertical-align: inherit;\"><span dir=\"auto\" style=\"vertical-align: inherit;\">iboga sat\u0131n al, <\/span><\/span><\/a><a href=\"https:\/\/researchchemicalhub.com\/tr\/shop\/iboga-ibogaine\/buy-ibogaine-hcl-online\/\"><span dir=\"auto\" style=\"vertical-align: inherit;\"><span dir=\"auto\" style=\"vertical-align: inherit;\">ibogaine hcl&#039;yi \u00e7evrimi\u00e7i sat\u0131n al.<\/span><\/span><\/a><\/p>\n<\/li>\n<\/ol>\n<hr data-start=\"6260\" data-end=\"6263\" \/>\n<h3 data-start=\"6265\" data-end=\"6292\"><strong data-start=\"6269\" data-end=\"6292\"><span dir=\"auto\" style=\"vertical-align: inherit;\"><span dir=\"auto\" style=\"vertical-align: inherit;\">S\u0131k\u00e7a Sorulan Sorular<\/span><\/span><\/strong><\/h3>\n<p data-start=\"6294\" data-end=\"6483\"><strong data-start=\"6294\" data-end=\"6351\"><span dir=\"auto\" style=\"vertical-align: inherit;\"><span dir=\"auto\" style=\"vertical-align: inherit;\">1. Bu ara\u015ft\u0131rma bile\u015fi\u011fi ne i\u00e7in kullan\u0131l\u0131r?<\/span><\/span><\/strong><br data-start=\"6351\" data-end=\"6354\" \/><span dir=\"auto\" style=\"vertical-align: inherit;\"><span dir=\"auto\" style=\"vertical-align: inherit;\"> Bu bile\u015fik \u015fu ama\u00e7lar i\u00e7in kullan\u0131l\u0131r: <\/span><\/span><strong data-start=\"6390\" data-end=\"6434\"><span dir=\"auto\" style=\"vertical-align: inherit;\"><span dir=\"auto\" style=\"vertical-align: inherit;\">bilimsel ve analitik ara\u015ft\u0131rma<\/span><\/span><\/strong><span dir=\"auto\" style=\"vertical-align: inherit;\"><span dir=\"auto\" style=\"vertical-align: inherit;\"> Kalibrasyon veya kimyasal kar\u015f\u0131la\u015ft\u0131rmalar gibi.<\/span><\/span><\/p>\n<p data-start=\"6485\" data-end=\"6640\"><strong data-start=\"6485\" data-end=\"6550\"><span dir=\"auto\" style=\"vertical-align: inherit;\"><span dir=\"auto\" style=\"vertical-align: inherit;\">2. Bu \u00fcr\u00fcn ki\u015fisel kullan\u0131m i\u00e7in kullan\u0131labilir mi?<\/span><\/span><\/strong><br data-start=\"6550\" data-end=\"6553\" \/><span dir=\"auto\" style=\"vertical-align: inherit;\"><span dir=\"auto\" style=\"vertical-align: inherit;\"> Hay\u0131r. Bu \u00fcr\u00fcn <\/span><\/span><strong data-start=\"6573\" data-end=\"6637\"><span dir=\"auto\" style=\"vertical-align: inherit;\"><span dir=\"auto\" style=\"vertical-align: inherit;\">yaln\u0131zca profesyonel laboratuvar testleri i\u00e7in tasarlanm\u0131\u015ft\u0131r<\/span><\/span><\/strong><span dir=\"auto\" style=\"vertical-align: inherit;\"><span dir=\"auto\" style=\"vertical-align: inherit;\"> .<\/span><\/span><\/p>\n<p data-start=\"6642\" data-end=\"6815\"><strong data-start=\"6642\" data-end=\"6683\"><span dir=\"auto\" style=\"vertical-align: inherit;\"><span dir=\"auto\" style=\"vertical-align: inherit;\">3. Bu malzemeyi nas\u0131l saklamal\u0131y\u0131m?<\/span><\/span><\/strong><br data-start=\"6683\" data-end=\"6686\" \/><span dir=\"auto\" style=\"vertical-align: inherit;\"><span dir=\"auto\" style=\"vertical-align: inherit;\"> Bunu kendi kab\u0131nda saklay\u0131n <\/span><\/span><strong data-start=\"6703\" data-end=\"6740\"><span dir=\"auto\" style=\"vertical-align: inherit;\"><span dir=\"auto\" style=\"vertical-align: inherit;\">orijinal, hava ge\u00e7irmez kap<\/span><\/span><\/strong><span dir=\"auto\" style=\"vertical-align: inherit;\"><span dir=\"auto\" style=\"vertical-align: inherit;\"> bir <\/span><\/span><strong data-start=\"6748\" data-end=\"6782\"><span dir=\"auto\" style=\"vertical-align: inherit;\"><span dir=\"auto\" style=\"vertical-align: inherit;\">serin, kuru ve karanl\u0131k bir yer<\/span><\/span><\/strong><span dir=\"auto\" style=\"vertical-align: inherit;\"><span dir=\"auto\" style=\"vertical-align: inherit;\"> istikrar\u0131n\u0131 korumak i\u00e7in.<\/span><\/span><\/p>\n<hr data-start=\"6817\" data-end=\"6820\" \/>\n<h3 data-start=\"6822\" data-end=\"6840\"><strong data-start=\"6826\" data-end=\"6840\"><span dir=\"auto\" style=\"vertical-align: inherit;\"><span dir=\"auto\" style=\"vertical-align: inherit;\">Sorumluluk Reddi<\/span><\/span><\/strong><\/h3>\n<p data-start=\"6841\" data-end=\"7098\"><span dir=\"auto\" style=\"vertical-align: inherit;\"><span dir=\"auto\" style=\"vertical-align: inherit;\">Bu \u00fcr\u00fcn <\/span><\/span><strong data-start=\"6856\" data-end=\"6905\"><span dir=\"auto\" style=\"vertical-align: inherit;\"><span dir=\"auto\" style=\"vertical-align: inherit;\">yaln\u0131zca ara\u015ft\u0131rma ama\u00e7l\u0131d\u0131r<\/span><\/span><\/strong><span dir=\"auto\" style=\"vertical-align: inherit;\"><span dir=\"auto\" style=\"vertical-align: inherit;\"> . <\/span><\/span><strong data-start=\"6907\" data-end=\"6965\"><span dir=\"auto\" style=\"vertical-align: inherit;\"><span dir=\"auto\" style=\"vertical-align: inherit;\">\u0130nsan ve hayvan t\u00fcketimine uygun de\u011fildir.<\/span><\/span><\/strong><br data-start=\"6965\" data-end=\"6968\" \/><span dir=\"auto\" style=\"vertical-align: inherit;\"><span dir=\"auto\" style=\"vertical-align: inherit;\"> Bu \u00fcr\u00fcn\u00fc sat\u0131n alarak, ilgili t\u00fcm yasa ve d\u00fczenlemelere uyaca\u011f\u0131n\u0131z\u0131 ve \u00fcr\u00fcn\u00fc yaln\u0131zca profesyonel ama\u00e7larla kullanaca\u011f\u0131n\u0131z\u0131 onayl\u0131yorsunuz.<\/span><\/span><\/p>\n<p class=\"ds-markdown-paragraph\"><a href=\"https:\/\/researchchemicalhub.com\/tr\/shop\/iboga-ibogaine\/iboga-root-bark\/\"><span dir=\"auto\" style=\"vertical-align: inherit;\"><span dir=\"auto\" style=\"vertical-align: inherit;\"><span dir=\"auto\" style=\"vertical-align: inherit;\"><span dir=\"auto\" style=\"vertical-align: inherit;\">Iboga k\u00f6k kabu\u011fu <\/span><\/span><\/span><\/span><\/a><a href=\"https:\/\/researchchemicalhub.com\/tr\/shop\/iboga-ibogaine\/buy-ibogaine-hcl-online\/\"><span dir=\"auto\" style=\"vertical-align: inherit;\"><span dir=\"auto\" style=\"vertical-align: inherit;\"><span dir=\"auto\" style=\"vertical-align: inherit;\"><span dir=\"auto\" style=\"vertical-align: inherit;\">Ibogaine HCL sat\u0131n al <\/span><\/span><\/span><\/span><\/a><a href=\"https:\/\/researchchemicalhub.com\/tr\/shop\/lysergamides\/1cp-lsd\/\"><span dir=\"auto\" style=\"vertical-align: inherit;\"><span dir=\"auto\" style=\"vertical-align: inherit;\"><span dir=\"auto\" style=\"vertical-align: inherit;\"><span dir=\"auto\" style=\"vertical-align: inherit;\">1cP-LSD 150 MCG Sanat Emicileri <\/span><\/span><\/span><\/span><\/a><a href=\"https:\/\/researchchemicalhub.com\/tr\/shop\/pellets\/o-dsmt-50mg-pellets\/\"><span dir=\"auto\" style=\"vertical-align: inherit;\"><span dir=\"auto\" style=\"vertical-align: inherit;\"><span dir=\"auto\" style=\"vertical-align: inherit;\"><span dir=\"auto\" style=\"vertical-align: inherit;\">O-DSMT 50 mg Peletleri <\/span><\/span><\/span><\/span><\/a><a href=\"https:\/\/researchchemicalhub.com\/tr\/shop\/lysergamides\/1v-lsd-150-mcg-blotters\/\"><span dir=\"auto\" style=\"vertical-align: inherit;\"><span dir=\"auto\" style=\"vertical-align: inherit;\"><span dir=\"auto\" style=\"vertical-align: inherit;\"><span dir=\"auto\" style=\"vertical-align: inherit;\">1V-LSD 150 MCG Blotterlar<\/span><\/span><\/span><\/span><\/a><\/p>","protected":false},"excerpt":{"rendered":"<h3><span data-sheets-value=\"{\" data-sheets-userformat=\"{\"><span dir=\"auto\" style=\"vertical-align: inherit;\"><span dir=\"auto\" style=\"vertical-align: inherit;\"><span dir=\"auto\" style=\"vertical-align: inherit;\"><span dir=\"auto\" style=\"vertical-align: inherit;\">MEAI m\u00fclkleri<\/span><\/span><\/span><\/span><\/span><\/h3>\n<p><strong><span dir=\"auto\" style=\"vertical-align: inherit;\"><span dir=\"auto\" style=\"vertical-align: inherit;\"><span dir=\"auto\" style=\"vertical-align: inherit;\"><span dir=\"auto\" style=\"vertical-align: inherit;\">E\u015f anlaml\u0131s\u0131:<\/span><\/span><\/span><\/span><\/strong><span dir=\"auto\" style=\"vertical-align: inherit;\"><span dir=\"auto\" style=\"vertical-align: inherit;\"><span dir=\"auto\" style=\"vertical-align: inherit;\"><span dir=\"auto\" style=\"vertical-align: inherit;\"> 5-metoksi-2-aminoindan, 5-MeO-AI, \u015eaperon <\/span><\/span><\/span><\/span><br \/>\n<strong><span dir=\"auto\" style=\"vertical-align: inherit;\"><span dir=\"auto\" style=\"vertical-align: inherit;\"><span dir=\"auto\" style=\"vertical-align: inherit;\"><span dir=\"auto\" style=\"vertical-align: inherit;\">CAS Numaras\u0131:<\/span><\/span><\/span><\/span><\/strong><span dir=\"auto\" style=\"vertical-align: inherit;\"><span dir=\"auto\" style=\"vertical-align: inherit;\"><span dir=\"auto\" style=\"vertical-align: inherit;\"><span dir=\"auto\" style=\"vertical-align: inherit;\"> 73305-09-6 <\/span><\/span><\/span><\/span><br \/>\n<strong><span dir=\"auto\" style=\"vertical-align: inherit;\"><span dir=\"auto\" style=\"vertical-align: inherit;\"><span dir=\"auto\" style=\"vertical-align: inherit;\"><span dir=\"auto\" style=\"vertical-align: inherit;\">Form\u00fcl: <\/span><\/span><\/span><\/span><\/strong> <span title=\"Karbon\"><span dir=\"auto\" style=\"vertical-align: inherit;\"><span dir=\"auto\" style=\"vertical-align: inherit;\"><span dir=\"auto\" style=\"vertical-align: inherit;\"><span dir=\"auto\" style=\"vertical-align: inherit;\">C <\/span><\/span><\/span><\/span><\/span><sub><span dir=\"auto\" style=\"vertical-align: inherit;\"><span dir=\"auto\" style=\"vertical-align: inherit;\"><span dir=\"auto\" style=\"vertical-align: inherit;\"><span dir=\"auto\" style=\"vertical-align: inherit;\">10 <\/span><\/span><\/span><\/span><\/sub><span title=\"Hidrojen\"><span dir=\"auto\" style=\"vertical-align: inherit;\"><span dir=\"auto\" style=\"vertical-align: inherit;\"><span dir=\"auto\" style=\"vertical-align: inherit;\"><span dir=\"auto\" style=\"vertical-align: inherit;\">H <\/span><\/span><\/span><\/span><\/span><sub><span dir=\"auto\" style=\"vertical-align: inherit;\"><span dir=\"auto\" style=\"vertical-align: inherit;\"><span dir=\"auto\" style=\"vertical-align: inherit;\"><span dir=\"auto\" style=\"vertical-align: inherit;\">13 <\/span><\/span><\/span><\/span><\/sub><span title=\"Azot\"><span dir=\"auto\" style=\"vertical-align: inherit;\"><span dir=\"auto\" style=\"vertical-align: inherit;\"><span dir=\"auto\" style=\"vertical-align: inherit;\"><span dir=\"auto\" style=\"vertical-align: inherit;\">N <\/span><\/span><\/span><\/span><\/span><span title=\"Oksijen\"><span dir=\"auto\" style=\"vertical-align: inherit;\"><span dir=\"auto\" style=\"vertical-align: inherit;\"><span dir=\"auto\" style=\"vertical-align: inherit;\"><span dir=\"auto\" style=\"vertical-align: inherit;\">O <\/span><\/span><\/span><\/span><\/span><br \/>\n<strong><span dir=\"auto\" style=\"vertical-align: inherit;\"><span dir=\"auto\" style=\"vertical-align: inherit;\"><span dir=\"auto\" style=\"vertical-align: inherit;\"><span dir=\"auto\" style=\"vertical-align: inherit;\">Mol k\u00fctlesi:<\/span><\/span><\/span><\/span><\/strong><span dir=\"auto\" style=\"vertical-align: inherit;\"><span dir=\"auto\" style=\"vertical-align: inherit;\"><span dir=\"auto\" style=\"vertical-align: inherit;\"><span dir=\"auto\" style=\"vertical-align: inherit;\"> 163.220 g\/mol <\/span><\/span><\/span><\/span><br \/>\n<strong><span dir=\"auto\" style=\"vertical-align: inherit;\"><span dir=\"auto\" style=\"vertical-align: inherit;\"><span dir=\"auto\" style=\"vertical-align: inherit;\"><span dir=\"auto\" style=\"vertical-align: inherit;\">Safl\u0131k:<\/span><\/span><\/span><\/span><\/strong><span dir=\"auto\" style=\"vertical-align: inherit;\"><span dir=\"auto\" style=\"vertical-align: inherit;\"><span dir=\"auto\" style=\"vertical-align: inherit;\"><span dir=\"auto\" style=\"vertical-align: inherit;\"> &gt;98%<\/span><\/span><\/span><\/span><\/p>","protected":false},"featured_media":28554,"comment_status":"closed","ping_status":"closed","template":"","meta":[],"product_brand":[],"product_cat":[424,336],"product_tag":[603,326],"class_list":{"0":"post-24905","1":"product","2":"type-product","3":"status-publish","4":"has-post-thumbnail","6":"product_cat-meai","7":"product_cat-overig","8":"product_tag-meai","9":"product_tag-nl","11":"first","12":"instock","13":"taxable","14":"shipping-taxable","15":"purchasable","16":"product-type-variable"},"_links":{"self":[{"href":"https:\/\/researchchemicalhub.com\/tr\/wp-json\/wp\/v2\/product\/24905","targetHints":{"allow":["GET"]}}],"collection":[{"href":"https:\/\/researchchemicalhub.com\/tr\/wp-json\/wp\/v2\/product"}],"about":[{"href":"https:\/\/researchchemicalhub.com\/tr\/wp-json\/wp\/v2\/types\/product"}],"replies":[{"embeddable":true,"href":"https:\/\/researchchemicalhub.com\/tr\/wp-json\/wp\/v2\/comments?post=24905"}],"version-history":[{"count":6,"href":"https:\/\/researchchemicalhub.com\/tr\/wp-json\/wp\/v2\/product\/24905\/revisions"}],"predecessor-version":[{"id":28633,"href":"https:\/\/researchchemicalhub.com\/tr\/wp-json\/wp\/v2\/product\/24905\/revisions\/28633"}],"wp:featuredmedia":[{"embeddable":true,"href":"https:\/\/researchchemicalhub.com\/tr\/wp-json\/wp\/v2\/media\/28554"}],"wp:attachment":[{"href":"https:\/\/researchchemicalhub.com\/tr\/wp-json\/wp\/v2\/media?parent=24905"}],"wp:term":[{"taxonomy":"product_brand","embeddable":true,"href":"https:\/\/researchchemicalhub.com\/tr\/wp-json\/wp\/v2\/product_brand?post=24905"},{"taxonomy":"product_cat","embeddable":true,"href":"https:\/\/researchchemicalhub.com\/tr\/wp-json\/wp\/v2\/product_cat?post=24905"},{"taxonomy":"product_tag","embeddable":true,"href":"https:\/\/researchchemicalhub.com\/tr\/wp-json\/wp\/v2\/product_tag?post=24905"}],"curies":[{"name":"wp","href":"https:\/\/api.w.org\/{rel}","templated":true}]}}