{"id":24894,"date":"2025-10-20T17:43:40","date_gmt":"2025-10-20T17:43:40","guid":{"rendered":"https:\/\/researchchemicalhub.com\/?post_type=product&#038;p=24894"},"modified":"2025-10-28T22:47:01","modified_gmt":"2025-10-28T22:47:01","slug":"fluklotizolam-1-mg","status":"publish","type":"product","link":"https:\/\/researchchemicalhub.com\/tr\/magaza\/benzodiazepinler\/fluklotizolam-1-mg\/","title":{"rendered":"Fluklotizolam 1 MG Blotterler"},"content":{"rendered":"<h3 data-start=\"4104\" data-end=\"4123\"><strong data-start=\"4108\" data-end=\"4123\"><span dir=\"auto\" style=\"vertical-align: inherit;\"><span dir=\"auto\" style=\"vertical-align: inherit;\">girii\u015f<\/span><\/span><\/strong><\/h3>\n<p data-start=\"4124\" data-end=\"4415\"><span dir=\"auto\" style=\"vertical-align: inherit;\"><span dir=\"auto\" style=\"vertical-align: inherit;\">Bizim <\/span><\/span><strong data-start=\"4129\" data-end=\"4156\"><span dir=\"auto\" style=\"vertical-align: inherit;\"><span dir=\"auto\" style=\"vertical-align: inherit;\">1 mg ara\u015ft\u0131rma blotterlar\u0131<\/span><\/span><\/strong><span dir=\"auto\" style=\"vertical-align: inherit;\"><span dir=\"auto\" style=\"vertical-align: inherit;\"> dikkatlice geli\u015ftirilmi\u015ftir <\/span><\/span><strong data-start=\"4189\" data-end=\"4233\"><span dir=\"auto\" style=\"vertical-align: inherit;\"><span dir=\"auto\" style=\"vertical-align: inherit;\">bilimsel ve analitik ara\u015ft\u0131rma<\/span><\/span><\/strong><span dir=\"auto\" style=\"vertical-align: inherit;\"><span dir=\"auto\" style=\"vertical-align: inherit;\"> . <\/span><\/span><br data-start=\"4234\" data-end=\"4237\" \/><span dir=\"auto\" style=\"vertical-align: inherit;\"><span dir=\"auto\" style=\"vertical-align: inherit;\">Her bir kurutma ka\u011f\u0131d\u0131 a\u015fa\u011f\u0131daki \u015fekilde \u00fcretilir: <\/span><\/span><strong data-start=\"4274\" data-end=\"4304\"><span dir=\"auto\" style=\"vertical-align: inherit;\"><span dir=\"auto\" style=\"vertical-align: inherit;\">s\u0131k\u0131 laboratuvar standartlar\u0131<\/span><\/span><\/strong><span dir=\"auto\" style=\"vertical-align: inherit;\"><span dir=\"auto\" style=\"vertical-align: inherit;\"> , sa\u011flanmas\u0131 <\/span><\/span><strong data-start=\"4321\" data-end=\"4374\"><span dir=\"auto\" style=\"vertical-align: inherit;\"><span dir=\"auto\" style=\"vertical-align: inherit;\">safl\u0131k, do\u011fruluk ve tekrarlanabilirlik<\/span><\/span><\/strong><span dir=\"auto\" style=\"vertical-align: inherit;\"><span dir=\"auto\" style=\"vertical-align: inherit;\"> profesyonel ara\u015ft\u0131rma ortamlar\u0131nda. Fluklotizolam<\/span><\/span><\/p>\n<p data-start=\"4417\" data-end=\"4592\"><span dir=\"auto\" style=\"vertical-align: inherit;\"><span dir=\"auto\" style=\"vertical-align: inherit;\">Onlar\u0131n sayesinde <\/span><\/span><strong data-start=\"4429\" data-end=\"4470\"><span dir=\"auto\" style=\"vertical-align: inherit;\"><span dir=\"auto\" style=\"vertical-align: inherit;\">istikrarl\u0131 ve tutarl\u0131 bir kompozisyon,<\/span><\/span><\/strong><span dir=\"auto\" style=\"vertical-align: inherit;\"><span dir=\"auto\" style=\"vertical-align: inherit;\"> bu kurutma ka\u011f\u0131tlar\u0131 g\u00fcvenilir performans sa\u011flar <\/span><\/span><strong data-start=\"4519\" data-end=\"4589\"><span dir=\"auto\" style=\"vertical-align: inherit;\"><span dir=\"auto\" style=\"vertical-align: inherit;\">kimyasal analizler, kalibrasyon ara\u015ft\u0131rmalar\u0131 ve e\u011fitim uygulamalar\u0131<\/span><\/span><\/strong><span dir=\"auto\" style=\"vertical-align: inherit;\"><span dir=\"auto\" style=\"vertical-align: inherit;\"> .<\/span><\/span><\/p>\n<blockquote data-start=\"4593\" data-end=\"4703\">\n<p data-start=\"4595\" data-end=\"4703\">\u26a0\ufe0f <strong data-start=\"4598\" data-end=\"4703\"><span dir=\"auto\" style=\"vertical-align: inherit;\"><span dir=\"auto\" style=\"vertical-align: inherit;\">Sadece ara\u015ft\u0131rma ama\u00e7l\u0131d\u0131r. \u0130nsan veya hayvan t\u00fcketimine uygun de\u011fildir.<\/span><\/span><\/strong><\/p>\n<\/blockquote>\n<hr data-start=\"4705\" data-end=\"4708\" \/>\n<h3 data-start=\"4710\" data-end=\"4741\"><strong data-start=\"4714\" data-end=\"4741\"><span dir=\"auto\" style=\"vertical-align: inherit;\"><span dir=\"auto\" style=\"vertical-align: inherit;\">Temel \u00d6zellikler<\/span><\/span><\/strong><\/h3>\n<ul data-start=\"4742\" data-end=\"5225\">\n<li data-start=\"4742\" data-end=\"4827\">\n<p data-start=\"4744\" data-end=\"4827\"><strong data-start=\"4744\" data-end=\"4770\"><span dir=\"auto\" style=\"vertical-align: inherit;\"><span dir=\"auto\" style=\"vertical-align: inherit;\">Y\u00fcksek Safl\u0131k (\u226599%)<\/span><\/span><\/strong><span dir=\"auto\" style=\"vertical-align: inherit;\"><span dir=\"auto\" style=\"vertical-align: inherit;\"> \u2013 Akredite laboratuvarlarda ba\u011f\u0131ms\u0131z olarak test edilmi\u015ftir.<\/span><\/span><\/p>\n<\/li>\n<li data-start=\"4828\" data-end=\"4921\">\n<p data-start=\"4830\" data-end=\"4921\"><strong data-start=\"4830\" data-end=\"4872\"><span dir=\"auto\" style=\"vertical-align: inherit;\"><span dir=\"auto\" style=\"vertical-align: inherit;\">Kesin Dozaj veya Blotter Ba\u015f\u0131na 1 mg<\/span><\/span><\/strong><span dir=\"auto\" style=\"vertical-align: inherit;\"><span dir=\"auto\" style=\"vertical-align: inherit;\"> \u2013 Do\u011fru ve kontroll\u00fc analizler i\u00e7in.<\/span><\/span><\/p>\n<\/li>\n<li data-start=\"4922\" data-end=\"4998\">\n<p data-start=\"4924\" data-end=\"4998\"><strong data-start=\"4924\" data-end=\"4950\"><span dir=\"auto\" style=\"vertical-align: inherit;\"><span dir=\"auto\" style=\"vertical-align: inherit;\">Kararl\u0131 Kompozisyon<\/span><\/span><\/strong><span dir=\"auto\" style=\"vertical-align: inherit;\"><span dir=\"auto\" style=\"vertical-align: inherit;\"> \u2013 Uygun \u015fekilde sakland\u0131\u011f\u0131nda b\u00fct\u00fcnl\u00fc\u011f\u00fcn\u00fc korur.<\/span><\/span><\/p>\n<\/li>\n<li data-start=\"4999\" data-end=\"5066\">\n<p data-start=\"5001\" data-end=\"5066\"><strong data-start=\"5001\" data-end=\"5029\"><span dir=\"auto\" style=\"vertical-align: inherit;\"><span dir=\"auto\" style=\"vertical-align: inherit;\">Kontroll\u00fc \u00dcretim<\/span><\/span><\/strong><span dir=\"auto\" style=\"vertical-align: inherit;\"><span dir=\"auto\" style=\"vertical-align: inherit;\"> \u2013 ISO standartlar\u0131na uygun olarak \u00fcretilmi\u015ftir.<\/span><\/span><\/p>\n<\/li>\n<li data-start=\"5067\" data-end=\"5146\">\n<p data-start=\"5069\" data-end=\"5146\"><strong data-start=\"5069\" data-end=\"5095\"><span dir=\"auto\" style=\"vertical-align: inherit;\"><span dir=\"auto\" style=\"vertical-align: inherit;\">I\u015f\u0131k Ge\u00e7irmez Ambalaj<\/span><\/span><\/strong><span dir=\"auto\" style=\"vertical-align: inherit;\"><span dir=\"auto\" style=\"vertical-align: inherit;\"> \u2013 Bozulmaya ve kirlenmeye kar\u015f\u0131 korur.<\/span><\/span><\/p>\n<\/li>\n<li data-start=\"5147\" data-end=\"5225\">\n<p data-start=\"5149\" data-end=\"5225\"><strong data-start=\"5149\" data-end=\"5174\"><span dir=\"auto\" style=\"vertical-align: inherit;\"><span dir=\"auto\" style=\"vertical-align: inherit;\">Sadece Ara\u015ft\u0131rma Ama\u00e7l\u0131<\/span><\/span><\/strong><span dir=\"auto\" style=\"vertical-align: inherit;\"><span dir=\"auto\" style=\"vertical-align: inherit;\"> \u2013 Profesyonel analitik kullan\u0131m i\u00e7in tasarlanm\u0131\u015ft\u0131r.<\/span><\/span><\/p>\n<\/li>\n<\/ul>\n<hr data-start=\"5227\" data-end=\"5230\" \/>\n<h3 data-start=\"5232\" data-end=\"5249\"><strong data-start=\"5236\" data-end=\"5249\"><span dir=\"auto\" style=\"vertical-align: inherit;\"><span dir=\"auto\" style=\"vertical-align: inherit;\">Avantajlar\u0131<\/span><\/span><\/strong><\/h3>\n<ul data-start=\"5250\" data-end=\"5707\">\n<li data-start=\"5250\" data-end=\"5340\">\n<p data-start=\"5252\" data-end=\"5340\"><strong data-start=\"5252\" data-end=\"5288\"><span dir=\"auto\" style=\"vertical-align: inherit;\"><span dir=\"auto\" style=\"vertical-align: inherit;\">G\u00fcvenilir Ara\u015ft\u0131rma Sonu\u00e7lar\u0131<\/span><\/span><\/strong><span dir=\"auto\" style=\"vertical-align: inherit;\"><span dir=\"auto\" style=\"vertical-align: inherit;\"> \u2013 Tutarl\u0131 ve tekrarlanabilir veriler sa\u011flar.<\/span><\/span><\/p>\n<\/li>\n<li data-start=\"5341\" data-end=\"5442\">\n<p data-start=\"5343\" data-end=\"5442\"><strong data-start=\"5343\" data-end=\"5390\"><span dir=\"auto\" style=\"vertical-align: inherit;\"><span dir=\"auto\" style=\"vertical-align: inherit;\">Analitik Uygulamalar i\u00e7in Optimize Edildi<\/span><\/span><\/strong><span dir=\"auto\" style=\"vertical-align: inherit;\"><span dir=\"auto\" style=\"vertical-align: inherit;\"> \u2013 Kalibrasyon ve adli soru\u015fturmalar i\u00e7in idealdir.<\/span><\/span><\/p>\n<\/li>\n<li data-start=\"5443\" data-end=\"5518\">\n<p data-start=\"5445\" data-end=\"5518\"><strong data-start=\"5445\" data-end=\"5468\"><span dir=\"auto\" style=\"vertical-align: inherit;\"><span dir=\"auto\" style=\"vertical-align: inherit;\">Kararl\u0131 ve Dayan\u0131kl\u0131<\/span><\/span><\/strong><span dir=\"auto\" style=\"vertical-align: inherit;\"><span dir=\"auto\" style=\"vertical-align: inherit;\"> \u2013 Depolama esnas\u0131nda kimyasal kararl\u0131l\u0131\u011f\u0131n\u0131 korur.<\/span><\/span><\/p>\n<\/li>\n<li data-start=\"5519\" data-end=\"5613\">\n<p data-start=\"5521\" data-end=\"5613\"><strong data-start=\"5521\" data-end=\"5558\"><span dir=\"auto\" style=\"vertical-align: inherit;\"><span dir=\"auto\" style=\"vertical-align: inherit;\">Etik ve Yasal Olarak \u00dcretildi<\/span><\/span><\/strong><span dir=\"auto\" style=\"vertical-align: inherit;\"><span dir=\"auto\" style=\"vertical-align: inherit;\"> \u2013 Uluslararas\u0131 y\u00f6nergelere uygun olarak. Fluklotizolam<\/span><\/span><\/p>\n<\/li>\n<li data-start=\"5614\" data-end=\"5707\">\n<p data-start=\"5616\" data-end=\"5707\"><strong data-start=\"5616\" data-end=\"5655\"><span dir=\"auto\" style=\"vertical-align: inherit;\"><span dir=\"auto\" style=\"vertical-align: inherit;\">Bilimsel Olarak Test Edilmi\u015f Safl\u0131k<\/span><\/span><\/strong><span dir=\"auto\" style=\"vertical-align: inherit;\"><span dir=\"auto\" style=\"vertical-align: inherit;\"> \u2013 Kimlik, etki ve bula\u015fma a\u00e7\u0131s\u0131ndan test edildi.<\/span><\/span><\/p>\n<\/li>\n<\/ul>\n<hr data-start=\"5709\" data-end=\"5712\" \/>\n<h3 data-start=\"5714\" data-end=\"5729\"><strong data-start=\"5718\" data-end=\"5729\"><span dir=\"auto\" style=\"vertical-align: inherit;\"><span dir=\"auto\" style=\"vertical-align: inherit;\">Kullan\u0131m<\/span><\/span><\/strong><\/h3>\n<ol data-start=\"5730\" data-end=\"6137\">\n<li data-start=\"5730\" data-end=\"5814\">\n<p data-start=\"5733\" data-end=\"5814\"><strong data-start=\"5733\" data-end=\"5766\"><span dir=\"auto\" style=\"vertical-align: inherit;\"><span dir=\"auto\" style=\"vertical-align: inherit;\">Sadece Ara\u015ft\u0131rma Kullan\u0131m\u0131 \u0130\u00e7indir<\/span><\/span><\/strong><span dir=\"auto\" style=\"vertical-align: inherit;\"><span dir=\"auto\" style=\"vertical-align: inherit;\"> \u2013 Sadece akredite laboratuvarlarda kullan\u0131lmal\u0131d\u0131r.<\/span><\/span><\/p>\n<\/li>\n<li data-start=\"5815\" data-end=\"5882\">\n<p data-start=\"5818\" data-end=\"5882\"><strong data-start=\"5818\" data-end=\"5828\"><span dir=\"auto\" style=\"vertical-align: inherit;\"><span dir=\"auto\" style=\"vertical-align: inherit;\">Depolamak<\/span><\/span><\/strong><span dir=\"auto\" style=\"vertical-align: inherit;\"><span dir=\"auto\" style=\"vertical-align: inherit;\"> \u2013 Bir yerde saklay\u0131n <\/span><\/span><strong data-start=\"5845\" data-end=\"5879\"><span dir=\"auto\" style=\"vertical-align: inherit;\"><span dir=\"auto\" style=\"vertical-align: inherit;\">serin, kuru ve karanl\u0131k bir yer<\/span><\/span><\/strong><span dir=\"auto\" style=\"vertical-align: inherit;\"><span dir=\"auto\" style=\"vertical-align: inherit;\"> .<\/span><\/span><\/p>\n<\/li>\n<li data-start=\"5883\" data-end=\"5966\">\n<p data-start=\"5886\" data-end=\"5966\"><strong data-start=\"5886\" data-end=\"5903\"><span dir=\"auto\" style=\"vertical-align: inherit;\"><span dir=\"auto\" style=\"vertical-align: inherit;\">G\u00fcvenli \u00c7al\u0131\u015f\u0131n<\/span><\/span><\/strong><span dir=\"auto\" style=\"vertical-align: inherit;\"><span dir=\"auto\" style=\"vertical-align: inherit;\"> \u2013 Eldiven ve koruyucu laboratuvar ekipman\u0131 kullan\u0131n.<\/span><\/span><\/p>\n<\/li>\n<li data-start=\"5967\" data-end=\"6048\">\n<p data-start=\"5970\" data-end=\"6048\"><strong data-start=\"5970\" data-end=\"5982\"><span dir=\"auto\" style=\"vertical-align: inherit;\"><span dir=\"auto\" style=\"vertical-align: inherit;\">\u00d6l\u00e7\u00fcmler<\/span><\/span><\/strong><span dir=\"auto\" style=\"vertical-align: inherit;\"><span dir=\"auto\" style=\"vertical-align: inherit;\"> \u2013 Do\u011fru sonu\u00e7lar i\u00e7in kalibre edilmi\u015f ekipman kullan\u0131n.<\/span><\/span><\/p>\n<\/li>\n<li data-start=\"6049\" data-end=\"6137\">\n<p data-start=\"6052\" data-end=\"6137\"><strong data-start=\"6052\" data-end=\"6079\"><span dir=\"auto\" style=\"vertical-align: inherit;\"><span dir=\"auto\" style=\"vertical-align: inherit;\">G\u00fcvenlik Uyar\u0131s\u0131<\/span><\/span><\/strong><span dir=\"auto\" style=\"vertical-align: inherit;\"><span dir=\"auto\" style=\"vertical-align: inherit;\"> \u2013 \u0130nsan veya hayvan t\u00fcketimi i\u00e7in uygun de\u011fildir.<\/span><\/span><\/p>\n<\/li>\n<\/ol>\n<hr data-start=\"6139\" data-end=\"6142\" \/>\n<h3 data-start=\"6144\" data-end=\"6171\"><strong data-start=\"6148\" data-end=\"6171\"><span dir=\"auto\" style=\"vertical-align: inherit;\"><span dir=\"auto\" style=\"vertical-align: inherit;\">S\u0131k\u00e7a Sorulan Sorular<\/span><\/span><\/strong><\/h3>\n<p data-start=\"6173\" data-end=\"6340\"><strong data-start=\"6173\" data-end=\"6229\"><span dir=\"auto\" style=\"vertical-align: inherit;\"><span dir=\"auto\" style=\"vertical-align: inherit;\">1. 1 mg ara\u015ft\u0131rma blotterlar\u0131 ne i\u00e7in kullan\u0131l\u0131r?<\/span><\/span><\/strong><br data-start=\"6229\" data-end=\"6232\" \/><span dir=\"auto\" style=\"vertical-align: inherit;\"><span dir=\"auto\" style=\"vertical-align: inherit;\"> Bunlar ama\u00e7lanm\u0131\u015ft\u0131r <\/span><\/span><strong data-start=\"6253\" data-end=\"6297\"><span dir=\"auto\" style=\"vertical-align: inherit;\"><span dir=\"auto\" style=\"vertical-align: inherit;\">bilimsel ve analitik ara\u015ft\u0131rma<\/span><\/span><\/strong><span dir=\"auto\" style=\"vertical-align: inherit;\"><span dir=\"auto\" style=\"vertical-align: inherit;\"> kimyasal analizler ve kalibrasyon gibi.<\/span><\/span><\/p>\n<p data-start=\"6342\" data-end=\"6505\"><strong data-start=\"6342\" data-end=\"6410\"><span dir=\"auto\" style=\"vertical-align: inherit;\"><span dir=\"auto\" style=\"vertical-align: inherit;\">2. Bu emici ka\u011f\u0131tlar laboratuvar d\u0131\u015f\u0131nda da kullan\u0131labilir mi?<\/span><\/span><\/strong><br data-start=\"6410\" data-end=\"6413\" \/><span dir=\"auto\" style=\"vertical-align: inherit;\"><span dir=\"auto\" style=\"vertical-align: inherit;\"> Hay\u0131r. Bu \u00fcr\u00fcnler <\/span><\/span><strong data-start=\"6438\" data-end=\"6502\"><span dir=\"auto\" style=\"vertical-align: inherit;\"><span dir=\"auto\" style=\"vertical-align: inherit;\">yaln\u0131zca profesyonel laboratuvar ara\u015ft\u0131rmalar\u0131 i\u00e7in tasarlanm\u0131\u015ft\u0131r<\/span><\/span><\/strong><span dir=\"auto\" style=\"vertical-align: inherit;\"><span dir=\"auto\" style=\"vertical-align: inherit;\"> .<\/span><\/span><\/p>\n<p data-start=\"6507\" data-end=\"6645\"><strong data-start=\"6507\" data-end=\"6552\"><span dir=\"auto\" style=\"vertical-align: inherit;\"><span dir=\"auto\" style=\"vertical-align: inherit;\">3. Emzikler nas\u0131l saklanmal\u0131d\u0131r?<\/span><\/span><\/strong><br data-start=\"6552\" data-end=\"6555\" \/><span dir=\"auto\" style=\"vertical-align: inherit;\"><span dir=\"auto\" style=\"vertical-align: inherit;\"> Bunlar\u0131 bir yerde saklay\u0131n <\/span><\/span><strong data-start=\"6572\" data-end=\"6608\"><span dir=\"auto\" style=\"vertical-align: inherit;\"><span dir=\"auto\" style=\"vertical-align: inherit;\">serin, kuru, karanl\u0131k yer<\/span><\/span><\/strong><span dir=\"auto\" style=\"vertical-align: inherit;\"><span dir=\"auto\" style=\"vertical-align: inherit;\"> bir <\/span><\/span><strong data-start=\"6616\" data-end=\"6642\"><span dir=\"auto\" style=\"vertical-align: inherit;\"><span dir=\"auto\" style=\"vertical-align: inherit;\">\u0131\u015f\u0131k ge\u00e7irmez kap<\/span><\/span><\/strong><span dir=\"auto\" style=\"vertical-align: inherit;\"><span dir=\"auto\" style=\"vertical-align: inherit;\"> .<\/span><\/span><\/p>\n<hr data-start=\"6647\" data-end=\"6650\" \/>\n<h3 data-start=\"6652\" data-end=\"6670\"><strong data-start=\"6656\" data-end=\"6670\"><span dir=\"auto\" style=\"vertical-align: inherit;\"><span dir=\"auto\" style=\"vertical-align: inherit;\">Sorumluluk Reddi<\/span><\/span><\/strong><\/h3>\n<p data-start=\"6671\" data-end=\"6899\"><span dir=\"auto\" style=\"vertical-align: inherit;\"><span dir=\"auto\" style=\"vertical-align: inherit;\">Bu \u00fcr\u00fcn <\/span><\/span><strong data-start=\"6686\" data-end=\"6735\"><span dir=\"auto\" style=\"vertical-align: inherit;\"><span dir=\"auto\" style=\"vertical-align: inherit;\">yaln\u0131zca ara\u015ft\u0131rma ama\u00e7l\u0131<\/span><\/span><\/strong><span dir=\"auto\" style=\"vertical-align: inherit;\"><span dir=\"auto\" style=\"vertical-align: inherit;\"> . <\/span><\/span><strong data-start=\"6737\" data-end=\"6795\"><span dir=\"auto\" style=\"vertical-align: inherit;\"><span dir=\"auto\" style=\"vertical-align: inherit;\">\u0130nsan ve hayvan t\u00fcketimine uygun de\u011fildir.<\/span><\/span><\/strong><br data-start=\"6795\" data-end=\"6798\" \/><span dir=\"auto\" style=\"vertical-align: inherit;\"><span dir=\"auto\" style=\"vertical-align: inherit;\"> Bu \u00fcr\u00fcn\u00fc sat\u0131n alarak, ge\u00e7erli t\u00fcm g\u00fcvenlik ve yasal gerekliliklere uydu\u011funuzu onayl\u0131yorsunuz.<\/span><\/span><\/p>\n<p class=\"ds-markdown-paragraph\"><a href=\"https:\/\/researchchemicalhub.com\/tr\/magaza\/iboga-ibogaine\/iboga-kok-kabugu\/\"><span dir=\"auto\" style=\"vertical-align: inherit;\"><span dir=\"auto\" style=\"vertical-align: inherit;\"><span dir=\"auto\" style=\"vertical-align: inherit;\"><span dir=\"auto\" style=\"vertical-align: inherit;\">iboga k\u00f6k kabu\u011fu<\/span><\/span><\/span><\/span><\/a><a href=\"https:\/\/researchchemicalhub.com\/tr\/magaza\/iboga-ibogaine\/ibogaine-hclyi-cevrimici-satin-al\/\"><span dir=\"auto\" style=\"vertical-align: inherit;\"><span dir=\"auto\" style=\"vertical-align: inherit;\"><span dir=\"auto\" style=\"vertical-align: inherit;\"><span dir=\"auto\" style=\"vertical-align: inherit;\">ibogaine hcl&#039;yi \u00e7evrimi\u00e7i sat\u0131n al<\/span><\/span><\/span><\/span><\/a><a href=\"https:\/\/researchchemicalhub.com\/tr\/magaza\/pelet-icin-peletler\/o-dsmt-50-mg-peletler\/\"><span dir=\"auto\" style=\"vertical-align: inherit;\"><span dir=\"auto\" style=\"vertical-align: inherit;\"><span dir=\"auto\" style=\"vertical-align: inherit;\"><span dir=\"auto\" style=\"vertical-align: inherit;\">\u200b o-dsmt <\/span><\/span><\/span><\/span><\/a><a href=\"https:\/\/researchchemicalhub.com\/tr\/magaza\/lizergamidler\/1vlsd\/\"><span dir=\"auto\" style=\"vertical-align: inherit;\"><span dir=\"auto\" style=\"vertical-align: inherit;\"><span dir=\"auto\" style=\"vertical-align: inherit;\"><span dir=\"auto\" style=\"vertical-align: inherit;\">1vlsd<\/span><\/span><\/span><\/span><\/a><a href=\"https:\/\/researchchemicalhub.com\/tr\/magaza\/lizergamidler\/1cp-lsd\/\"><span dir=\"auto\" style=\"vertical-align: inherit;\"><span dir=\"auto\" style=\"vertical-align: inherit;\"><span dir=\"auto\" style=\"vertical-align: inherit;\"><span dir=\"auto\" style=\"vertical-align: inherit;\">1cp lsd<\/span><\/span><\/span><\/span><\/a><\/p>","protected":false},"excerpt":{"rendered":"<p>Introduction Our 1 mg research blotters are carefully developed for scientific and analytical research . Each blotter is manufactured under<\/p>","protected":false},"featured_media":28530,"comment_status":"closed","ping_status":"closed","template":"","meta":[],"product_brand":[82],"product_cat":[76,355],"product_tag":[148,145,147,146,149,326],"class_list":{"0":"post-24894","1":"product","2":"type-product","3":"status-publish","4":"has-post-thumbnail","6":"product_brand-research-chemical","7":"product_cat-benzodiazepinen","8":"product_cat-fluclotizolam","9":"product_tag-buy-fluclotizolam","10":"product_tag-fluclotizolam","11":"product_tag-fluclotizolam-buy","12":"product_tag-fluclotizolam-half-life","13":"product_tag-fluclotizolam-solution","14":"product_tag-nl","16":"first","17":"instock","18":"taxable","19":"shipping-taxable","20":"purchasable","21":"product-type-variable"},"_links":{"self":[{"href":"https:\/\/researchchemicalhub.com\/tr\/wp-json\/wp\/v2\/product\/24894","targetHints":{"allow":["GET"]}}],"collection":[{"href":"https:\/\/researchchemicalhub.com\/tr\/wp-json\/wp\/v2\/product"}],"about":[{"href":"https:\/\/researchchemicalhub.com\/tr\/wp-json\/wp\/v2\/types\/product"}],"replies":[{"embeddable":true,"href":"https:\/\/researchchemicalhub.com\/tr\/wp-json\/wp\/v2\/comments?post=24894"}],"version-history":[{"count":7,"href":"https:\/\/researchchemicalhub.com\/tr\/wp-json\/wp\/v2\/product\/24894\/revisions"}],"predecessor-version":[{"id":28636,"href":"https:\/\/researchchemicalhub.com\/tr\/wp-json\/wp\/v2\/product\/24894\/revisions\/28636"}],"wp:featuredmedia":[{"embeddable":true,"href":"https:\/\/researchchemicalhub.com\/tr\/wp-json\/wp\/v2\/media\/28530"}],"wp:attachment":[{"href":"https:\/\/researchchemicalhub.com\/tr\/wp-json\/wp\/v2\/media?parent=24894"}],"wp:term":[{"taxonomy":"product_brand","embeddable":true,"href":"https:\/\/researchchemicalhub.com\/tr\/wp-json\/wp\/v2\/product_brand?post=24894"},{"taxonomy":"product_cat","embeddable":true,"href":"https:\/\/researchchemicalhub.com\/tr\/wp-json\/wp\/v2\/product_cat?post=24894"},{"taxonomy":"product_tag","embeddable":true,"href":"https:\/\/researchchemicalhub.com\/tr\/wp-json\/wp\/v2\/product_tag?post=24894"}],"curies":[{"name":"wp","href":"https:\/\/api.w.org\/{rel}","templated":true}]}}