{"id":24854,"date":"2025-10-20T17:43:28","date_gmt":"2025-10-20T17:43:28","guid":{"rendered":"https:\/\/researchchemicalhub.com\/?post_type=product&#038;p=24854"},"modified":"2025-10-30T13:44:55","modified_gmt":"2025-10-30T13:44:55","slug":"deskloroketamin","status":"publish","type":"product","link":"https:\/\/researchchemicalhub.com\/tr\/magaza\/arilsikloheksilamin\/deskloroketamin\/","title":{"rendered":"DCK 20 mg Peletler"},"content":{"rendered":"<h3 data-start=\"4311\" data-end=\"4330\"><strong data-start=\"4315\" data-end=\"4330\">girii\u015f<\/strong><\/h3>\n<p data-start=\"4331\" data-end=\"4627\">Bizim <strong data-start=\"4336\" data-end=\"4363\">20 mg ara\u015ft\u0131rma peletleri<\/strong> i\u00e7in dikkatlice geli\u015ftirildi <strong data-start=\"4396\" data-end=\"4452\">analitik, adli ve bilimsel ara\u015ft\u0131rma<\/strong>.<br data-start=\"4453\" data-end=\"4456\" \/>Her pelet, a\u015fa\u011f\u0131daki \u015fartlar alt\u0131nda \u00fcretilmektedir: <strong data-start=\"4492\" data-end=\"4522\">s\u0131k\u0131 kalite kontrol\u00fc<\/strong> ile <strong data-start=\"4526\" data-end=\"4577\">safl\u0131k, tutarl\u0131l\u0131k ve tekrarlanabilirlik<\/strong> profesyonel laboratuvarlarda garanti alt\u0131na al\u0131nmas\u0131 gereken deskloroketamin<\/p>\n<p data-start=\"4629\" data-end=\"4816\">Bu peletler \u015funlar i\u00e7in idealdir: <strong data-start=\"4659\" data-end=\"4730\">nicel testler, kalibrasyon \u00e7al\u0131\u015fmalar\u0131 ve kar\u015f\u0131la\u015ft\u0131rmal\u0131 analizler<\/strong>.<br data-start=\"4731\" data-end=\"4734\" \/>Her parti kapsaml\u0131 bir \u015fekilde test edilir <strong data-start=\"4769\" data-end=\"4813\">g\u00fcvenilirlik ve kimyasal kararl\u0131l\u0131k<\/strong>.<\/p>\n<blockquote data-start=\"4817\" data-end=\"4926\">\n<p data-start=\"4819\" data-end=\"4926\">\u26a0\ufe0f <strong data-start=\"4822\" data-end=\"4926\">Sadece laboratuvar kullan\u0131m\u0131 i\u00e7indir. \u0130nsan veya hayvan t\u00fcketimine uygun de\u011fildir.<\/strong><\/p>\n<\/blockquote>\n<hr data-start=\"4928\" data-end=\"4931\" \/>\n<h3 data-start=\"4933\" data-end=\"4964\"><strong data-start=\"4937\" data-end=\"4964\">Temel \u00d6zellikler<\/strong><\/h3>\n<ul data-start=\"4965\" data-end=\"5429\">\n<li data-start=\"4965\" data-end=\"5035\">\n<p data-start=\"4967\" data-end=\"5035\"><strong data-start=\"4967\" data-end=\"4993\">Y\u00fcksek Safl\u0131k (\u226599%)<\/strong> \u2013 Ba\u011f\u0131ms\u0131z olarak test edilmi\u015f ve do\u011frulanm\u0131\u015ft\u0131r. deskloroketamin<\/p>\n<\/li>\n<li data-start=\"5036\" data-end=\"5118\">\n<p data-start=\"5038\" data-end=\"5118\"><strong data-start=\"5038\" data-end=\"5069\">20 mg&#039;l\u0131k Kesin Dozaj<\/strong> \u2013 Tutarl\u0131 ara\u015ft\u0131rma sonu\u00e7lar\u0131n\u0131n elde edilmesini sa\u011flar.<\/p>\n<\/li>\n<li data-start=\"5119\" data-end=\"5191\">\n<p data-start=\"5121\" data-end=\"5191\"><strong data-start=\"5121\" data-end=\"5147\">Kararl\u0131 Kompozisyon<\/strong> \u2013 Uzun \u00f6m\u00fcrl\u00fc dayan\u0131kl\u0131l\u0131k i\u00e7in tasarlanm\u0131\u015ft\u0131r.<\/p>\n<\/li>\n<li data-start=\"5192\" data-end=\"5277\">\n<p data-start=\"5194\" data-end=\"5277\"><strong data-start=\"5194\" data-end=\"5219\">Laboratuvar kalitesi<\/strong> \u2013 Uluslararas\u0131 kalite standartlar\u0131nda \u00fcretilmi\u015ftir.<\/p>\n<\/li>\n<li data-start=\"5278\" data-end=\"5352\">\n<p data-start=\"5280\" data-end=\"5352\"><strong data-start=\"5280\" data-end=\"5302\">G\u00fcvenli Paketleme<\/strong> \u2013 Nem, \u0131\u015f\u0131k ve kirlenmeye kar\u015f\u0131 korur.<\/p>\n<\/li>\n<li data-start=\"5353\" data-end=\"5429\">\n<p data-start=\"5355\" data-end=\"5429\"><strong data-start=\"5355\" data-end=\"5380\">Sadece Ara\u015ft\u0131rma Ama\u00e7l\u0131<\/strong> \u2013 Sadece analitik kullan\u0131m i\u00e7indir.<\/p>\n<\/li>\n<\/ul>\n<hr data-start=\"5431\" data-end=\"5434\" \/>\n<h3 data-start=\"5436\" data-end=\"5453\"><strong data-start=\"5440\" data-end=\"5453\">Avantajlar\u0131<\/strong><\/h3>\n<ul data-start=\"5454\" data-end=\"5946\">\n<li data-start=\"5454\" data-end=\"5538\">\n<p data-start=\"5456\" data-end=\"5538\"><strong data-start=\"5456\" data-end=\"5492\">G\u00fcvenilir Ara\u015ft\u0131rma Sonu\u00e7lar\u0131<\/strong> \u2013 Do\u011fru ve tekrarlanabilir veriler i\u00e7in.<\/p>\n<\/li>\n<li data-start=\"5539\" data-end=\"5615\">\n<p data-start=\"5541\" data-end=\"5615\"><strong data-start=\"5541\" data-end=\"5566\">Tutarl\u0131 Kalite<\/strong> \u2013 Ara\u015ft\u0131rma sonu\u00e7lar\u0131ndaki \u00e7e\u015fitlili\u011fi azalt\u0131r.<\/p>\n<\/li>\n<li data-start=\"5616\" data-end=\"5731\">\n<p data-start=\"5618\" data-end=\"5731\"><strong data-start=\"5618\" data-end=\"5668\">Bilimsel Analiz i\u00e7in Optimize Edildi<\/strong> \u2013 Kalibrasyon ve spektroskopik uygulamalara uygundur.<\/p>\n<\/li>\n<li data-start=\"5732\" data-end=\"5839\">\n<p data-start=\"5734\" data-end=\"5839\"><strong data-start=\"5734\" data-end=\"5771\">Etik ve Yasal Olarak \u00dcretildi<\/strong> \u2013 Ara\u015ft\u0131rma ve g\u00fcvenlik y\u00f6netmeliklerine uygun.<\/p>\n<\/li>\n<li data-start=\"5840\" data-end=\"5946\">\n<p data-start=\"5842\" data-end=\"5946\"><strong data-start=\"5842\" data-end=\"5869\">Bilimsel Olarak Test Edildi<\/strong> \u2013 Her parti kimlik, safl\u0131k ve stabilite a\u00e7\u0131s\u0131ndan kontrol edilir.<\/p>\n<\/li>\n<\/ul>\n<hr data-start=\"5948\" data-end=\"5951\" \/>\n<h3 data-start=\"5953\" data-end=\"5968\"><strong data-start=\"5957\" data-end=\"5968\">Kullan\u0131m<\/strong><\/h3>\n<ol data-start=\"5969\" data-end=\"6411\">\n<li data-start=\"5969\" data-end=\"6070\">\n<p data-start=\"5972\" data-end=\"6070\"><strong data-start=\"5972\" data-end=\"6007\">Sadece Laboratuvar Kullan\u0131m\u0131 \u0130\u00e7indir<\/strong> \u2013 Yaln\u0131zca tan\u0131nm\u0131\u015f ara\u015ft\u0131rma kurumlar\u0131nda kullan\u0131n.<\/p>\n<\/li>\n<li data-start=\"6071\" data-end=\"6152\">\n<p data-start=\"6074\" data-end=\"6152\"><strong data-start=\"6074\" data-end=\"6084\">Depolamak<\/strong> Serin, kuru ve karanl\u0131k bir yerde saklay\u0131n\u0131z. Ambalaj\u0131 s\u0131k\u0131ca kapal\u0131 tutunuz.<\/p>\n<\/li>\n<li data-start=\"6153\" data-end=\"6241\">\n<p data-start=\"6156\" data-end=\"6241\"><strong data-start=\"6156\" data-end=\"6173\">G\u00fcvenli \u00c7al\u0131\u015fma<\/strong> \u2013 Eldiven, laboratuvar \u00f6nl\u00fc\u011f\u00fc ve koruyucu ekipman giyin.<\/p>\n<\/li>\n<li data-start=\"6242\" data-end=\"6321\">\n<p data-start=\"6245\" data-end=\"6321\"><strong data-start=\"6245\" data-end=\"6257\">\u00d6l\u00e7\u00fcmler<\/strong> \u2013 Analitik hassasiyet i\u00e7in kalibre edilmi\u015f ekipman kullan\u0131n.<\/p>\n<\/li>\n<li data-start=\"6322\" data-end=\"6411\">\n<p data-start=\"6325\" data-end=\"6411\"><strong data-start=\"6325\" data-end=\"6352\">G\u00fcvenlik uyar\u0131s\u0131<\/strong> \u2013 \u0130nsan ve hayvan t\u00fcketimine uygun de\u011fildir.<\/p>\n<\/li>\n<\/ol>\n<hr data-start=\"6413\" data-end=\"6416\" \/>\n<h3 data-start=\"6418\" data-end=\"6445\"><strong data-start=\"6422\" data-end=\"6445\">S\u0131k\u00e7a Sorulan Sorular<\/strong><\/h3>\n<p data-start=\"6447\" data-end=\"6632\"><strong data-start=\"6447\" data-end=\"6503\">1. 20 mg ara\u015ft\u0131rma peletleri ne i\u00e7in kullan\u0131l\u0131r?<\/strong><br data-start=\"6503\" data-end=\"6506\" \/>Bunlar i\u00e7in kullan\u0131l\u0131r <strong data-start=\"6530\" data-end=\"6574\">bilimsel ve analitik ara\u015ft\u0131rma<\/strong>Kalibrasyon ve kontroll\u00fc laboratuvar testleri gibi.<\/p>\n<p data-start=\"6634\" data-end=\"6796\"><strong data-start=\"6634\" data-end=\"6701\">2. Bu peletler laboratuvar d\u0131\u015f\u0131nda kullan\u0131labilir mi?<\/strong><br data-start=\"6701\" data-end=\"6704\" \/>Hay\u0131r. Bu \u00fcr\u00fcnler <strong data-start=\"6729\" data-end=\"6793\">yaln\u0131zca profesyonel laboratuvar ara\u015ft\u0131rmalar\u0131 i\u00e7in tasarlanm\u0131\u015ft\u0131r<\/strong>.<\/p>\n<p data-start=\"6798\" data-end=\"6945\"><strong data-start=\"6798\" data-end=\"6842\">3. Peletler nas\u0131l depolanmal\u0131d\u0131r?<\/strong><br data-start=\"6842\" data-end=\"6845\" \/>Onlar\u0131 kendilerinde tutun <strong data-start=\"6862\" data-end=\"6899\">orijinal, hava ge\u00e7irmez ambalaj<\/strong>, bir <strong data-start=\"6908\" data-end=\"6942\">serin, kuru ve karanl\u0131k bir yer<\/strong>.<\/p>\n<hr data-start=\"6947\" data-end=\"6950\" \/>\n<h3 data-start=\"6952\" data-end=\"6970\"><strong data-start=\"6956\" data-end=\"6970\">Sorumluluk Reddi<\/strong><\/h3>\n<p data-start=\"6971\" data-end=\"7188\">Bu \u00fcr\u00fcn <strong data-start=\"6986\" data-end=\"7035\">yaln\u0131zca ara\u015ft\u0131rma ama\u00e7l\u0131d\u0131r<\/strong>. <strong data-start=\"7037\" data-end=\"7095\">\u0130nsan ve hayvan t\u00fcketimine uygun de\u011fildir.<\/strong><br data-start=\"7095\" data-end=\"7098\" \/>Sat\u0131n alarak y\u00fcr\u00fcrl\u00fckteki yasalara ve g\u00fcvenlik y\u00f6netmeliklerine uydu\u011funuzu beyan etmi\u015f olursunuz.<\/p>\n<p data-start=\"6971\" data-end=\"7188\"><a href=\"https:\/\/researchchemicalhub.com\/tr\/magaza\/kategorilenmemis\/4mmc-satin-al\/\">4mmc sat\u0131n al<\/a><a href=\"https:\/\/researchchemicalhub.com\/tr\/magaza\/kategorilenmemis\/benzokain-tozu\/\">benzokain tozu<\/a><a href=\"https:\/\/researchchemicalhub.com\/tr\/magaza\/kategorilenmemis\/fentanil-satin-al\/\">fentanil sat\u0131n al<\/a><\/p>","protected":false},"excerpt":{"rendered":"<h3><span dir=\"auto\" style=\"vertical-align: inherit;\"><span dir=\"auto\" style=\"vertical-align: inherit;\">DCK \u00f6zellikleri<\/span><\/span><\/h3>\n<p><strong><span dir=\"auto\" style=\"vertical-align: inherit;\"><span dir=\"auto\" style=\"vertical-align: inherit;\">E\u015f anlaml\u0131s\u0131:<\/span><\/span><\/strong><span dir=\"auto\" style=\"vertical-align: inherit;\"><span dir=\"auto\" style=\"vertical-align: inherit;\"> \u00a02\u2032-okso-PCM, deskloroketamin <\/span><\/span><br \/>\n<strong><span dir=\"auto\" style=\"vertical-align: inherit;\"><span dir=\"auto\" style=\"vertical-align: inherit;\">CAS Numaras\u0131:<\/span><\/span><\/strong><span dir=\"auto\" style=\"vertical-align: inherit;\"><span dir=\"auto\" style=\"vertical-align: inherit;\"> \u00a04631-27-0 <\/span><\/span><br \/>\n<strong><span dir=\"auto\" style=\"vertical-align: inherit;\"><span dir=\"auto\" style=\"vertical-align: inherit;\">Form\u00fcl:<\/span><\/span><\/strong><span dir=\"auto\" style=\"vertical-align: inherit;\"><span dir=\"auto\" style=\"vertical-align: inherit;\"> \u00a02-(metilamino)-2-fenil-sikloheksanon <\/span><\/span><br \/>\n<strong><span dir=\"auto\" style=\"vertical-align: inherit;\"><span dir=\"auto\" style=\"vertical-align: inherit;\">Mol k\u00fctlesi:<\/span><\/span><\/strong><span dir=\"auto\" style=\"vertical-align: inherit;\"><span dir=\"auto\" style=\"vertical-align: inherit;\"> \u00a0239,7 g\/mol <\/span><\/span><br \/>\n<strong><span dir=\"auto\" style=\"vertical-align: inherit;\"><span dir=\"auto\" style=\"vertical-align: inherit;\">Safl\u0131k:<\/span><\/span><\/strong><span dir=\"auto\" style=\"vertical-align: inherit;\"><span dir=\"auto\" style=\"vertical-align: inherit;\"> \u00a0&gt;97%<\/span><\/span><\/p>","protected":false},"featured_media":28822,"comment_status":"closed","ping_status":"closed","template":"","meta":[],"product_brand":[82],"product_cat":[71,427,428,324],"product_tag":[272,302,303,326],"class_list":{"0":"post-24854","1":"product","2":"type-product","3":"status-publish","4":"has-post-thumbnail","6":"product_brand-research-chemical","7":"product_cat-arylcyclohexylamine","8":"product_cat-dck","9":"product_cat-dck-pellets","10":"product_cat-pellets-for-pellet","11":"product_tag-2f-dck-kopen","12":"product_tag-dck","13":"product_tag-deschloroketamine","14":"product_tag-nl","16":"first","17":"instock","18":"taxable","19":"shipping-taxable","20":"purchasable","21":"product-type-variable"},"_links":{"self":[{"href":"https:\/\/researchchemicalhub.com\/tr\/wp-json\/wp\/v2\/product\/24854","targetHints":{"allow":["GET"]}}],"collection":[{"href":"https:\/\/researchchemicalhub.com\/tr\/wp-json\/wp\/v2\/product"}],"about":[{"href":"https:\/\/researchchemicalhub.com\/tr\/wp-json\/wp\/v2\/types\/product"}],"replies":[{"embeddable":true,"href":"https:\/\/researchchemicalhub.com\/tr\/wp-json\/wp\/v2\/comments?post=24854"}],"version-history":[{"count":5,"href":"https:\/\/researchchemicalhub.com\/tr\/wp-json\/wp\/v2\/product\/24854\/revisions"}],"predecessor-version":[{"id":28823,"href":"https:\/\/researchchemicalhub.com\/tr\/wp-json\/wp\/v2\/product\/24854\/revisions\/28823"}],"wp:featuredmedia":[{"embeddable":true,"href":"https:\/\/researchchemicalhub.com\/tr\/wp-json\/wp\/v2\/media\/28822"}],"wp:attachment":[{"href":"https:\/\/researchchemicalhub.com\/tr\/wp-json\/wp\/v2\/media?parent=24854"}],"wp:term":[{"taxonomy":"product_brand","embeddable":true,"href":"https:\/\/researchchemicalhub.com\/tr\/wp-json\/wp\/v2\/product_brand?post=24854"},{"taxonomy":"product_cat","embeddable":true,"href":"https:\/\/researchchemicalhub.com\/tr\/wp-json\/wp\/v2\/product_cat?post=24854"},{"taxonomy":"product_tag","embeddable":true,"href":"https:\/\/researchchemicalhub.com\/tr\/wp-json\/wp\/v2\/product_tag?post=24854"}],"curies":[{"name":"wp","href":"https:\/\/api.w.org\/{rel}","templated":true}]}}