{"id":24814,"date":"2025-10-20T17:43:14","date_gmt":"2025-10-20T17:43:14","guid":{"rendered":"https:\/\/researchchemicalhub.com\/?post_type=product&#038;p=24814"},"modified":"2025-10-29T07:32:03","modified_gmt":"2025-10-29T07:32:03","slug":"3d-mxe-40mg-peletler","status":"publish","type":"product","link":"https:\/\/researchchemicalhub.com\/tr\/magaza\/arilsikloheksilamin\/3d-mxe-40mg-peletler\/","title":{"rendered":"3D-MXE 40 mg Peletler"},"content":{"rendered":"<h3 data-start=\"4005\" data-end=\"4024\"><strong data-start=\"4009\" data-end=\"4024\"><span dir=\"auto\" style=\"vertical-align: inherit;\"><span dir=\"auto\" style=\"vertical-align: inherit;\">girii\u015f<\/span><\/span><\/strong><\/h3>\n<p data-start=\"4025\" data-end=\"4289\"><span dir=\"auto\" style=\"vertical-align: inherit;\"><span dir=\"auto\" style=\"vertical-align: inherit;\">Bizim <\/span><\/span><strong data-start=\"4030\" data-end=\"4057\"><span dir=\"auto\" style=\"vertical-align: inherit;\"><span dir=\"auto\" style=\"vertical-align: inherit;\">40 mg ara\u015ft\u0131rma peletleri<\/span><\/span><\/strong><span dir=\"auto\" style=\"vertical-align: inherit;\"><span dir=\"auto\" style=\"vertical-align: inherit;\"> dikkatlice geli\u015ftirilmi\u015ftir <\/span><\/span><strong data-start=\"4090\" data-end=\"4146\"><span dir=\"auto\" style=\"vertical-align: inherit;\"><span dir=\"auto\" style=\"vertical-align: inherit;\">bilimsel, analitik ve adli ara\u015ft\u0131rma<\/span><\/span><\/strong><span dir=\"auto\" style=\"vertical-align: inherit;\"><span dir=\"auto\" style=\"vertical-align: inherit;\"> . <\/span><\/span><br data-start=\"4147\" data-end=\"4150\" \/><span dir=\"auto\" style=\"vertical-align: inherit;\"><span dir=\"auto\" style=\"vertical-align: inherit;\">Bunlar alt\u0131nda \u00fcretilmektedir <\/span><\/span><strong data-start=\"4179\" data-end=\"4217\"><span dir=\"auto\" style=\"vertical-align: inherit;\"><span dir=\"auto\" style=\"vertical-align: inherit;\">s\u0131k\u0131 laboratuvar ko\u015fullar\u0131<\/span><\/span><\/strong><span dir=\"auto\" style=\"vertical-align: inherit;\"><span dir=\"auto\" style=\"vertical-align: inherit;\"> ve sa\u011flamak <\/span><\/span><strong data-start=\"4228\" data-end=\"4286\"><span dir=\"auto\" style=\"vertical-align: inherit;\"><span dir=\"auto\" style=\"vertical-align: inherit;\">do\u011fru, tutarl\u0131 ve tekrarlanabilir sonu\u00e7lar<\/span><\/span><\/strong><span dir=\"auto\" style=\"vertical-align: inherit;\"><span dir=\"auto\" style=\"vertical-align: inherit;\"> .<\/span><\/span><\/p>\n<p data-start=\"4291\" data-end=\"4480\"><span dir=\"auto\" style=\"vertical-align: inherit;\"><span dir=\"auto\" style=\"vertical-align: inherit;\">Her pelet \u015funlar\u0131 i\u00e7erir: <\/span><\/span><strong data-start=\"4309\" data-end=\"4339\"><span dir=\"auto\" style=\"vertical-align: inherit;\"><span dir=\"auto\" style=\"vertical-align: inherit;\">40 mg y\u00fcksek safl\u0131kta malzeme<\/span><\/span><\/strong><span dir=\"auto\" style=\"vertical-align: inherit;\"><span dir=\"auto\" style=\"vertical-align: inherit;\"> , \u00fcretilmi\u015f <\/span><\/span><strong data-start=\"4361\" data-end=\"4397\"><span dir=\"auto\" style=\"vertical-align: inherit;\"><span dir=\"auto\" style=\"vertical-align: inherit;\">kalite ve g\u00fcvenlik standartlar\u0131<\/span><\/span><\/strong><span dir=\"auto\" style=\"vertical-align: inherit;\"><span dir=\"auto\" style=\"vertical-align: inherit;\"> ile <\/span><span dir=\"auto\" style=\"vertical-align: inherit;\">emin olmak <\/span><\/span><strong data-start=\"4401\" data-end=\"4447\"><span dir=\"auto\" style=\"vertical-align: inherit;\"><span dir=\"auto\" style=\"vertical-align: inherit;\">Her kullan\u0131mda safl\u0131k, istikrar ve g\u00fcvenilirlik.<\/span><\/span><\/strong><\/p>\n<blockquote data-start=\"4481\" data-end=\"4590\">\n<p data-start=\"4483\" data-end=\"4590\">\u26a0\ufe0f <strong data-start=\"4486\" data-end=\"4590\"><span dir=\"auto\" style=\"vertical-align: inherit;\"><span dir=\"auto\" style=\"vertical-align: inherit;\">Sadece laboratuvar kullan\u0131m\u0131 i\u00e7indir. \u0130nsan veya hayvan t\u00fcketimine uygun de\u011fildir.<\/span><\/span><\/strong><\/p>\n<\/blockquote>\n<hr data-start=\"4592\" data-end=\"4595\" \/>\n<h3 data-start=\"4597\" data-end=\"4628\"><strong data-start=\"4601\" data-end=\"4628\"><span dir=\"auto\" style=\"vertical-align: inherit;\"><span dir=\"auto\" style=\"vertical-align: inherit;\">Temel \u00d6zellikler<\/span><\/span><\/strong><\/h3>\n<ul data-start=\"4629\" data-end=\"5110\">\n<li data-start=\"4629\" data-end=\"4699\">\n<p data-start=\"4631\" data-end=\"4699\"><strong data-start=\"4631\" data-end=\"4657\"><span dir=\"auto\" style=\"vertical-align: inherit;\"><span dir=\"auto\" style=\"vertical-align: inherit;\">Y\u00fcksek Safl\u0131k (\u226599%)<\/span><\/span><\/strong><span dir=\"auto\" style=\"vertical-align: inherit;\"><span dir=\"auto\" style=\"vertical-align: inherit;\"> \u2013 Ba\u011f\u0131ms\u0131z olarak test edilmi\u015f ve do\u011frulanm\u0131\u015ft\u0131r.<\/span><\/span><\/p>\n<\/li>\n<li data-start=\"4700\" data-end=\"4785\">\n<p data-start=\"4702\" data-end=\"4785\"><strong data-start=\"4702\" data-end=\"4733\"><span dir=\"auto\" style=\"vertical-align: inherit;\"><span dir=\"auto\" style=\"vertical-align: inherit;\">40 mg&#039;l\u0131k Kesin Dozaj<\/span><\/span><\/strong><span dir=\"auto\" style=\"vertical-align: inherit;\"><span dir=\"auto\" style=\"vertical-align: inherit;\"> \u2013 Do\u011fru ve g\u00fcvenilir analiz sa\u011flar.<\/span><\/span><\/p>\n<\/li>\n<li data-start=\"4786\" data-end=\"4858\">\n<p data-start=\"4788\" data-end=\"4858\"><strong data-start=\"4788\" data-end=\"4814\"><span dir=\"auto\" style=\"vertical-align: inherit;\"><span dir=\"auto\" style=\"vertical-align: inherit;\">Kararl\u0131 Form\u00fcl<\/span><\/span><\/strong><span dir=\"auto\" style=\"vertical-align: inherit;\"><span dir=\"auto\" style=\"vertical-align: inherit;\"> \u2013 Uzun raf \u00f6mr\u00fc i\u00e7in tasarlanm\u0131\u015ft\u0131r.<\/span><\/span><\/p>\n<\/li>\n<li data-start=\"4859\" data-end=\"4944\">\n<p data-start=\"4861\" data-end=\"4944\"><strong data-start=\"4861\" data-end=\"4886\"><span dir=\"auto\" style=\"vertical-align: inherit;\"><span dir=\"auto\" style=\"vertical-align: inherit;\">Laboratuvar Kalitesi<\/span><\/span><\/strong><span dir=\"auto\" style=\"vertical-align: inherit;\"><span dir=\"auto\" style=\"vertical-align: inherit;\"> \u2013 Uluslararas\u0131 kalite standartlar\u0131nda \u00fcretilmi\u015ftir.<\/span><\/span><\/p>\n<\/li>\n<li data-start=\"4945\" data-end=\"5018\">\n<p data-start=\"4947\" data-end=\"5018\"><strong data-start=\"4947\" data-end=\"4982\"><span dir=\"auto\" style=\"vertical-align: inherit;\"><span dir=\"auto\" style=\"vertical-align: inherit;\">G\u00fcvenli, Hava Ge\u00e7irmez Paketleme<\/span><\/span><\/strong><span dir=\"auto\" style=\"vertical-align: inherit;\"><span dir=\"auto\" style=\"vertical-align: inherit;\"> \u2013 Nem ve \u0131\u015f\u0131ktan korur.<\/span><\/span><\/p>\n<\/li>\n<li data-start=\"5019\" data-end=\"5110\">\n<p data-start=\"5021\" data-end=\"5110\"><strong data-start=\"5021\" data-end=\"5054\"><span dir=\"auto\" style=\"vertical-align: inherit;\"><span dir=\"auto\" style=\"vertical-align: inherit;\">Sadece Ara\u015ft\u0131rma Kullan\u0131m\u0131 \u0130\u00e7indir<\/span><\/span><\/strong><span dir=\"auto\" style=\"vertical-align: inherit;\"><span dir=\"auto\" style=\"vertical-align: inherit;\"> \u2013 Mesleki ve analitik ara\u015ft\u0131rmalara y\u00f6neliktir.<\/span><\/span><\/p>\n<\/li>\n<\/ul>\n<hr data-start=\"5112\" data-end=\"5115\" \/>\n<h3 data-start=\"5117\" data-end=\"5134\"><strong data-start=\"5121\" data-end=\"5134\"><span dir=\"auto\" style=\"vertical-align: inherit;\"><span dir=\"auto\" style=\"vertical-align: inherit;\">Avantajlar\u0131<\/span><\/span><\/strong><\/h3>\n<ul data-start=\"5135\" data-end=\"5567\">\n<li data-start=\"5135\" data-end=\"5218\">\n<p data-start=\"5137\" data-end=\"5218\"><strong data-start=\"5137\" data-end=\"5173\"><span dir=\"auto\" style=\"vertical-align: inherit;\"><span dir=\"auto\" style=\"vertical-align: inherit;\">G\u00fcvenilir Ara\u015ft\u0131rma Sonu\u00e7lar\u0131<\/span><\/span><\/strong><span dir=\"auto\" style=\"vertical-align: inherit;\"><span dir=\"auto\" style=\"vertical-align: inherit;\"> \u2013 Tekrarlanan \u00e7al\u0131\u015fmalarda tutarl\u0131 veriler.<\/span><\/span><\/p>\n<\/li>\n<li data-start=\"5219\" data-end=\"5309\">\n<p data-start=\"5221\" data-end=\"5309\"><strong data-start=\"5221\" data-end=\"5260\"><span dir=\"auto\" style=\"vertical-align: inherit;\"><span dir=\"auto\" style=\"vertical-align: inherit;\">Bilimsel Olarak Test Edilmi\u015f Safl\u0131k<\/span><\/span><\/strong><span dir=\"auto\" style=\"vertical-align: inherit;\"><span dir=\"auto\" style=\"vertical-align: inherit;\"> \u2013 Deneyler s\u0131ras\u0131ndaki varyasyonu en aza indirir.<\/span><\/span><\/p>\n<\/li>\n<li data-start=\"5310\" data-end=\"5391\">\n<p data-start=\"5312\" data-end=\"5391\"><strong data-start=\"5312\" data-end=\"5338\"><span dir=\"auto\" style=\"vertical-align: inherit;\"><span dir=\"auto\" style=\"vertical-align: inherit;\">Uzun Vadeli \u0130stikrar<\/span><\/span><\/strong><span dir=\"auto\" style=\"vertical-align: inherit;\"><span dir=\"auto\" style=\"vertical-align: inherit;\"> \u2013 Uygun \u015fekilde sakland\u0131\u011f\u0131nda kimyasal b\u00fct\u00fcnl\u00fc\u011f\u00fcn\u00fc korur.<\/span><\/span><\/p>\n<\/li>\n<li data-start=\"5392\" data-end=\"5472\">\n<p data-start=\"5394\" data-end=\"5472\"><strong data-start=\"5394\" data-end=\"5423\"><span dir=\"auto\" style=\"vertical-align: inherit;\"><span dir=\"auto\" style=\"vertical-align: inherit;\">Kullan\u0131c\u0131 Dostu \u015eekil<\/span><\/span><\/strong><span dir=\"auto\" style=\"vertical-align: inherit;\"><span dir=\"auto\" style=\"vertical-align: inherit;\"> \u2013 Peletler israf\u0131 ve kirlenmeyi \u00f6nler.<\/span><\/span><\/p>\n<\/li>\n<li data-start=\"5473\" data-end=\"5567\">\n<p data-start=\"5475\" data-end=\"5567\"><strong data-start=\"5475\" data-end=\"5512\"><span dir=\"auto\" style=\"vertical-align: inherit;\"><span dir=\"auto\" style=\"vertical-align: inherit;\">Etik ve Yasal Olarak \u00dcretildi<\/span><\/span><\/strong><span dir=\"auto\" style=\"vertical-align: inherit;\"><span dir=\"auto\" style=\"vertical-align: inherit;\"> \u2013 Uluslararas\u0131 g\u00fcvenlik kurallar\u0131na uygundur.<\/span><\/span><\/p>\n<\/li>\n<\/ul>\n<hr data-start=\"5569\" data-end=\"5572\" \/>\n<h3 data-start=\"5574\" data-end=\"5589\"><strong data-start=\"5578\" data-end=\"5589\"><span dir=\"auto\" style=\"vertical-align: inherit;\"><span dir=\"auto\" style=\"vertical-align: inherit;\">Kullan\u0131m<\/span><\/span><\/strong><\/h3>\n<ol data-start=\"5590\" data-end=\"6014\">\n<li data-start=\"5590\" data-end=\"5691\">\n<p data-start=\"5593\" data-end=\"5691\"><strong data-start=\"5593\" data-end=\"5628\"><span dir=\"auto\" style=\"vertical-align: inherit;\"><span dir=\"auto\" style=\"vertical-align: inherit;\">Sadece Laboratuvar Kullan\u0131m\u0131 \u0130\u00e7indir<\/span><\/span><\/strong><span dir=\"auto\" style=\"vertical-align: inherit;\"><span dir=\"auto\" style=\"vertical-align: inherit;\"> \u2013 Sadece akredite ara\u015ft\u0131rma kurumlar\u0131nda kullan\u0131l\u0131r.<\/span><\/span><\/p>\n<\/li>\n<li data-start=\"5692\" data-end=\"5759\">\n<p data-start=\"5695\" data-end=\"5759\"><strong data-start=\"5695\" data-end=\"5705\"><span dir=\"auto\" style=\"vertical-align: inherit;\"><span dir=\"auto\" style=\"vertical-align: inherit;\">Depolamak<\/span><\/span><\/strong><span dir=\"auto\" style=\"vertical-align: inherit;\"><span dir=\"auto\" style=\"vertical-align: inherit;\"> \u2013 Bir yerde saklay\u0131n <\/span><\/span><strong data-start=\"5722\" data-end=\"5756\"><span dir=\"auto\" style=\"vertical-align: inherit;\"><span dir=\"auto\" style=\"vertical-align: inherit;\">serin, kuru ve karanl\u0131k bir yer<\/span><\/span><\/strong><span dir=\"auto\" style=\"vertical-align: inherit;\"><span dir=\"auto\" style=\"vertical-align: inherit;\"> .<\/span><\/span><\/p>\n<\/li>\n<li data-start=\"5760\" data-end=\"5842\">\n<p data-start=\"5763\" data-end=\"5842\"><strong data-start=\"5763\" data-end=\"5780\"><span dir=\"auto\" style=\"vertical-align: inherit;\"><span dir=\"auto\" style=\"vertical-align: inherit;\">G\u00fcvenli \u00c7al\u0131\u015f\u0131n<\/span><\/span><\/strong><span dir=\"auto\" style=\"vertical-align: inherit;\"><span dir=\"auto\" style=\"vertical-align: inherit;\"> \u2013 Eldiven, laboratuvar \u00f6nl\u00fc\u011f\u00fc ve koruyucu g\u00f6zl\u00fck kullan\u0131n.<\/span><\/span><\/p>\n<\/li>\n<li data-start=\"5843\" data-end=\"5924\">\n<p data-start=\"5846\" data-end=\"5924\"><strong data-start=\"5846\" data-end=\"5858\"><span dir=\"auto\" style=\"vertical-align: inherit;\"><span dir=\"auto\" style=\"vertical-align: inherit;\">\u00d6l\u00e7\u00fcmler<\/span><\/span><\/strong><span dir=\"auto\" style=\"vertical-align: inherit;\"><span dir=\"auto\" style=\"vertical-align: inherit;\"> \u2013 Do\u011fru sonu\u00e7lar i\u00e7in kalibre edilmi\u015f ekipman kullan\u0131n.<\/span><\/span><\/p>\n<\/li>\n<li data-start=\"5925\" data-end=\"6014\">\n<p data-start=\"5928\" data-end=\"6014\"><strong data-start=\"5928\" data-end=\"5955\"><span dir=\"auto\" style=\"vertical-align: inherit;\"><span dir=\"auto\" style=\"vertical-align: inherit;\">G\u00fcvenlik Uyar\u0131s\u0131<\/span><\/span><\/strong><span dir=\"auto\" style=\"vertical-align: inherit;\"><span dir=\"auto\" style=\"vertical-align: inherit;\"> \u2013 \u0130nsan ve hayvan t\u00fcketimi i\u00e7in uygun de\u011fildir.<\/span><\/span><\/p>\n<\/li>\n<\/ol>\n<hr data-start=\"6016\" data-end=\"6019\" \/>\n<h3 data-start=\"6021\" data-end=\"6048\"><strong data-start=\"6025\" data-end=\"6048\"><span dir=\"auto\" style=\"vertical-align: inherit;\"><span dir=\"auto\" style=\"vertical-align: inherit;\">S\u0131k\u00e7a Sorulan Sorular<\/span><\/span><\/strong><\/h3>\n<p data-start=\"6050\" data-end=\"6241\"><strong data-start=\"6050\" data-end=\"6106\"><span dir=\"auto\" style=\"vertical-align: inherit;\"><span dir=\"auto\" style=\"vertical-align: inherit;\">1. 40 mg ara\u015ft\u0131rma peletleri ne i\u00e7in kullan\u0131l\u0131r?<\/span><\/span><\/strong><br data-start=\"6106\" data-end=\"6109\" \/><span dir=\"auto\" style=\"vertical-align: inherit;\"><span dir=\"auto\" style=\"vertical-align: inherit;\"> Bunlar i\u00e7in kullan\u0131l\u0131r <\/span><\/span><strong data-start=\"6133\" data-end=\"6177\"><span dir=\"auto\" style=\"vertical-align: inherit;\"><span dir=\"auto\" style=\"vertical-align: inherit;\">bilimsel ve analitik ara\u015ft\u0131rma<\/span><\/span><\/strong><span dir=\"auto\" style=\"vertical-align: inherit;\"><span dir=\"auto\" style=\"vertical-align: inherit;\"> Kalibrasyon ve kontroll\u00fc laboratuvar deneyleri gibi.<\/span><\/span><\/p>\n<p data-start=\"6243\" data-end=\"6405\"><strong data-start=\"6243\" data-end=\"6310\"><span dir=\"auto\" style=\"vertical-align: inherit;\"><span dir=\"auto\" style=\"vertical-align: inherit;\">2. Bu peletler laboratuvar d\u0131\u015f\u0131nda kullan\u0131labilir mi?<\/span><\/span><\/strong><br data-start=\"6310\" data-end=\"6313\" \/><span dir=\"auto\" style=\"vertical-align: inherit;\"><span dir=\"auto\" style=\"vertical-align: inherit;\"> Hay\u0131r. Bu \u00fcr\u00fcnler <\/span><\/span><strong data-start=\"6338\" data-end=\"6402\"><span dir=\"auto\" style=\"vertical-align: inherit;\"><span dir=\"auto\" style=\"vertical-align: inherit;\">yaln\u0131zca profesyonel laboratuvar ara\u015ft\u0131rmalar\u0131 i\u00e7in tasarlanm\u0131\u015ft\u0131r<\/span><\/span><\/strong><span dir=\"auto\" style=\"vertical-align: inherit;\"><span dir=\"auto\" style=\"vertical-align: inherit;\"> .<\/span><\/span><\/p>\n<p data-start=\"6407\" data-end=\"6557\"><strong data-start=\"6407\" data-end=\"6451\"><span dir=\"auto\" style=\"vertical-align: inherit;\"><span dir=\"auto\" style=\"vertical-align: inherit;\">3. Peletler nas\u0131l depolanmal\u0131d\u0131r?<\/span><\/span><\/strong><br data-start=\"6451\" data-end=\"6454\" \/><span dir=\"auto\" style=\"vertical-align: inherit;\"><span dir=\"auto\" style=\"vertical-align: inherit;\"> Bunlar\u0131 kendi yerlerinde saklay\u0131n <\/span><\/span><strong data-start=\"6471\" data-end=\"6512\"><span dir=\"auto\" style=\"vertical-align: inherit;\"><span dir=\"auto\" style=\"vertical-align: inherit;\">orijinal, s\u0131k\u0131ca kapat\u0131lm\u0131\u015f ambalaj<\/span><\/span><\/strong><span dir=\"auto\" style=\"vertical-align: inherit;\"><span dir=\"auto\" style=\"vertical-align: inherit;\"> bir <\/span><\/span><strong data-start=\"6520\" data-end=\"6554\"><span dir=\"auto\" style=\"vertical-align: inherit;\"><span dir=\"auto\" style=\"vertical-align: inherit;\">serin, kuru ve karanl\u0131k bir yer<\/span><\/span><\/strong><span dir=\"auto\" style=\"vertical-align: inherit;\"><span dir=\"auto\" style=\"vertical-align: inherit;\"> .<\/span><\/span><\/p>\n<hr data-start=\"6559\" data-end=\"6562\" \/>\n<h3 data-start=\"6564\" data-end=\"6582\"><strong data-start=\"6568\" data-end=\"6582\"><span dir=\"auto\" style=\"vertical-align: inherit;\"><span dir=\"auto\" style=\"vertical-align: inherit;\">Sorumluluk Reddi<\/span><\/span><\/strong><\/h3>\n<p data-start=\"6583\" data-end=\"6815\"><span dir=\"auto\" style=\"vertical-align: inherit;\"><span dir=\"auto\" style=\"vertical-align: inherit;\">Bu \u00fcr\u00fcn <\/span><\/span><strong data-start=\"6598\" data-end=\"6647\"><span dir=\"auto\" style=\"vertical-align: inherit;\"><span dir=\"auto\" style=\"vertical-align: inherit;\">yaln\u0131zca ara\u015ft\u0131rma ama\u00e7l\u0131d\u0131r<\/span><\/span><\/strong><span dir=\"auto\" style=\"vertical-align: inherit;\"><span dir=\"auto\" style=\"vertical-align: inherit;\"> . <\/span><\/span><strong data-start=\"6649\" data-end=\"6707\"><span dir=\"auto\" style=\"vertical-align: inherit;\"><span dir=\"auto\" style=\"vertical-align: inherit;\">\u0130nsan ve hayvan t\u00fcketimine uygun de\u011fildir.<\/span><\/span><\/strong><br data-start=\"6707\" data-end=\"6710\" \/><span dir=\"auto\" style=\"vertical-align: inherit;\"><span dir=\"auto\" style=\"vertical-align: inherit;\"> Bu \u00fcr\u00fcn\u00fc sat\u0131n alarak, ge\u00e7erli t\u00fcm g\u00fcvenlik ve yasal d\u00fczenlemelere uydu\u011funuzu onayl\u0131yorsunuz.<\/span><\/span><\/p>\n<h1 class=\"ds-markdown-paragraph\"><a style=\"font-size: 16px;\" href=\"https:\/\/researchchemicalhub.com\/tr\/magaza\/lizergamidler\/1vlsd\/\"><span dir=\"auto\" style=\"vertical-align: inherit;\"><span dir=\"auto\" style=\"vertical-align: inherit;\"><span dir=\"auto\" style=\"vertical-align: inherit;\"><span dir=\"auto\" style=\"vertical-align: inherit;\">1V-LSD 150 MCG Blotterlar <\/span><\/span><\/span><\/span><\/a><a style=\"font-size: 16px;\" href=\"https:\/\/researchchemicalhub.com\/tr\/magaza\/pellets\/o-dsmt-50-mg-peletler\/\"><span dir=\"auto\" style=\"vertical-align: inherit;\"><span dir=\"auto\" style=\"vertical-align: inherit;\"><span dir=\"auto\" style=\"vertical-align: inherit;\"><span dir=\"auto\" style=\"vertical-align: inherit;\">O-DSMT 50 mg Peletleri <\/span><\/span><\/span><\/span><\/a><a style=\"font-size: 16px;\" href=\"https:\/\/researchchemicalhub.com\/tr\/magaza\/lizergamidler\/1cp-lsd\/\"><span dir=\"auto\" style=\"vertical-align: inherit;\"><span dir=\"auto\" style=\"vertical-align: inherit;\"><span dir=\"auto\" style=\"vertical-align: inherit;\"><span dir=\"auto\" style=\"vertical-align: inherit;\">1cP-LSD 150 MCG Sanat Emicileri <\/span><\/span><\/span><\/span><\/a><a style=\"font-size: 16px;\" href=\"https:\/\/researchchemicalhub.com\/tr\/magaza\/iboga-ibogaine\/ibogaine-hclyi-cevrimici-satin-al\/\"><span dir=\"auto\" style=\"vertical-align: inherit;\"><span dir=\"auto\" style=\"vertical-align: inherit;\"><span dir=\"auto\" style=\"vertical-align: inherit;\"><span dir=\"auto\" style=\"vertical-align: inherit;\">Ibogaine HCL sat\u0131n al <\/span><\/span><\/span><\/span><\/a><a style=\"font-size: 16px;\" href=\"https:\/\/researchchemicalhub.com\/tr\/magaza\/iboga-ibogaine\/iboga-kok-kabugu\/\"><span dir=\"auto\" style=\"vertical-align: inherit;\"><span dir=\"auto\" style=\"vertical-align: inherit;\"><span dir=\"auto\" style=\"vertical-align: inherit;\"><span dir=\"auto\" style=\"vertical-align: inherit;\">Iboga k\u00f6k kabu\u011fu<\/span><\/span><\/span><\/span><\/a><\/h1>","protected":false},"excerpt":{"rendered":"<h3><span dir=\"auto\" style=\"vertical-align: inherit;\"><span dir=\"auto\" style=\"vertical-align: inherit;\"><span dir=\"auto\" style=\"vertical-align: inherit;\"><span dir=\"auto\" style=\"vertical-align: inherit;\">3D-MXE \u00f6zellikleri<\/span><\/span><\/span><\/span><\/h3>\n<p><strong><span dir=\"auto\" style=\"vertical-align: inherit;\"><span dir=\"auto\" style=\"vertical-align: inherit;\"><span dir=\"auto\" style=\"vertical-align: inherit;\"><span dir=\"auto\" style=\"vertical-align: inherit;\">E\u015f anlaml\u0131s\u0131:<\/span><\/span><\/span><\/span><\/strong><span dir=\"auto\" style=\"vertical-align: inherit;\"><span dir=\"auto\" style=\"vertical-align: inherit;\"><span dir=\"auto\" style=\"vertical-align: inherit;\"><span dir=\"auto\" style=\"vertical-align: inherit;\"> Deoksimetoksetamin <\/span><\/span><\/span><\/span><br \/>\n<strong><span dir=\"auto\" style=\"vertical-align: inherit;\"><span dir=\"auto\" style=\"vertical-align: inherit;\"><span dir=\"auto\" style=\"vertical-align: inherit;\"><span dir=\"auto\" style=\"vertical-align: inherit;\">CAS Numaras\u0131:<\/span><\/span><\/span><\/span><\/strong><span dir=\"auto\" style=\"vertical-align: inherit;\"><span dir=\"auto\" style=\"vertical-align: inherit;\"><span dir=\"auto\" style=\"vertical-align: inherit;\"><span dir=\"auto\" style=\"vertical-align: inherit;\"> 681440-83-5 <\/span><\/span><\/span><\/span><br \/>\n<strong><span dir=\"auto\" style=\"vertical-align: inherit;\"><span dir=\"auto\" style=\"vertical-align: inherit;\"><span dir=\"auto\" style=\"vertical-align: inherit;\"><span dir=\"auto\" style=\"vertical-align: inherit;\">Form\u00fcl:<\/span><\/span><\/span><\/span><\/strong><span dir=\"auto\" style=\"vertical-align: inherit;\"><span dir=\"auto\" style=\"vertical-align: inherit;\"><span dir=\"auto\" style=\"vertical-align: inherit;\"><span dir=\"auto\" style=\"vertical-align: inherit;\"> 5-dehidro-1,3-kinodimetan <\/span><\/span><\/span><\/span><br \/>\n<strong><span dir=\"auto\" style=\"vertical-align: inherit;\"><span dir=\"auto\" style=\"vertical-align: inherit;\"><span dir=\"auto\" style=\"vertical-align: inherit;\"><span dir=\"auto\" style=\"vertical-align: inherit;\">Mol k\u00fctlesi:<\/span><\/span><\/span><\/span><\/strong><span dir=\"auto\" style=\"vertical-align: inherit;\"><span dir=\"auto\" style=\"vertical-align: inherit;\"><span dir=\"auto\" style=\"vertical-align: inherit;\"><span dir=\"auto\" style=\"vertical-align: inherit;\"> 103,14 g\/mol <\/span><\/span><\/span><\/span><br \/>\n<strong><span dir=\"auto\" style=\"vertical-align: inherit;\"><span dir=\"auto\" style=\"vertical-align: inherit;\"><span dir=\"auto\" style=\"vertical-align: inherit;\"><span dir=\"auto\" style=\"vertical-align: inherit;\">Safl\u0131k:<\/span><\/span><\/span><\/span><\/strong><span dir=\"auto\" style=\"vertical-align: inherit;\"><span dir=\"auto\" style=\"vertical-align: inherit;\"><span dir=\"auto\" style=\"vertical-align: inherit;\"><span dir=\"auto\" style=\"vertical-align: inherit;\"> &gt;97%<\/span><\/span><\/span><\/span><\/p>","protected":false},"featured_media":28400,"comment_status":"closed","ping_status":"closed","template":"","meta":[],"product_brand":[],"product_cat":[71,406,429,324],"product_tag":[316,326],"class_list":{"0":"post-24814","1":"product","2":"type-product","3":"status-publish","4":"has-post-thumbnail","6":"product_cat-arylcyclohexylamine","7":"product_cat-dmxe","8":"product_cat-dmxe-pellets","9":"product_cat-pellets-for-pellet","10":"product_tag-3d-mxe","11":"product_tag-nl","13":"first","14":"instock","15":"taxable","16":"shipping-taxable","17":"purchasable","18":"product-type-variable"},"_links":{"self":[{"href":"https:\/\/researchchemicalhub.com\/tr\/wp-json\/wp\/v2\/product\/24814","targetHints":{"allow":["GET"]}}],"collection":[{"href":"https:\/\/researchchemicalhub.com\/tr\/wp-json\/wp\/v2\/product"}],"about":[{"href":"https:\/\/researchchemicalhub.com\/tr\/wp-json\/wp\/v2\/types\/product"}],"replies":[{"embeddable":true,"href":"https:\/\/researchchemicalhub.com\/tr\/wp-json\/wp\/v2\/comments?post=24814"}],"version-history":[{"count":6,"href":"https:\/\/researchchemicalhub.com\/tr\/wp-json\/wp\/v2\/product\/24814\/revisions"}],"predecessor-version":[{"id":28638,"href":"https:\/\/researchchemicalhub.com\/tr\/wp-json\/wp\/v2\/product\/24814\/revisions\/28638"}],"wp:featuredmedia":[{"embeddable":true,"href":"https:\/\/researchchemicalhub.com\/tr\/wp-json\/wp\/v2\/media\/28400"}],"wp:attachment":[{"href":"https:\/\/researchchemicalhub.com\/tr\/wp-json\/wp\/v2\/media?parent=24814"}],"wp:term":[{"taxonomy":"product_brand","embeddable":true,"href":"https:\/\/researchchemicalhub.com\/tr\/wp-json\/wp\/v2\/product_brand?post=24814"},{"taxonomy":"product_cat","embeddable":true,"href":"https:\/\/researchchemicalhub.com\/tr\/wp-json\/wp\/v2\/product_cat?post=24814"},{"taxonomy":"product_tag","embeddable":true,"href":"https:\/\/researchchemicalhub.com\/tr\/wp-json\/wp\/v2\/product_tag?post=24814"}],"curies":[{"name":"wp","href":"https:\/\/api.w.org\/{rel}","templated":true}]}}