{"id":24664,"date":"2025-10-20T17:42:28","date_gmt":"2025-10-20T17:42:28","guid":{"rendered":"https:\/\/researchchemicalhub.com\/?post_type=product&#038;p=24664"},"modified":"2025-10-29T07:54:54","modified_gmt":"2025-10-29T07:54:54","slug":"hhc-edibles-10mg-green","status":"publish","type":"product","link":"https:\/\/researchchemicalhub.com\/tr\/shop\/edibles\/hhc-edibles-10mg-green\/","title":{"rendered":"Gummybears 10 mg HHC (Ye\u015fil)"},"content":{"rendered":"<h3 data-start=\"4670\" data-end=\"4687\"><span dir=\"auto\" style=\"vertical-align: inherit;\"><span dir=\"auto\" style=\"vertical-align: inherit;\">girii\u015f<\/span><\/span><\/h3>\n<p data-start=\"4688\" data-end=\"5108\"><span dir=\"auto\" style=\"vertical-align: inherit;\"><span dir=\"auto\" style=\"vertical-align: inherit;\">Ke\u015ffetmek <\/span><\/span><strong data-start=\"4695\" data-end=\"4727\"><span dir=\"auto\" style=\"vertical-align: inherit;\"><span dir=\"auto\" style=\"vertical-align: inherit;\">Sak\u0131zl\u0131 Ay\u0131c\u0131klar 10 mg HHC (Ye\u015fil)<\/span><\/span><\/strong><span dir=\"auto\" style=\"vertical-align: inherit;\"><span dir=\"auto\" style=\"vertical-align: inherit;\"> \u2014prim <\/span><\/span><strong data-start=\"4738\" data-end=\"4753\"><span dir=\"auto\" style=\"vertical-align: inherit;\"><span dir=\"auto\" style=\"vertical-align: inherit;\">HHC yenilebilirleri<\/span><\/span><\/strong><span dir=\"auto\" style=\"vertical-align: inherit;\"><span dir=\"auto\" style=\"vertical-align: inherit;\"> Tutarl\u0131 dozaj ve keyifli bir deneyim sa\u011flayan \u00fcr\u00fcnler. Her bir ye\u015fil sak\u0131z, orta d\u00fczeyde etki arayan kullan\u0131c\u0131lar i\u00e7in kullan\u0131\u015fl\u0131 ve gizli bir formda tam 10 mg HHC i\u00e7erir. \u0130ster bilgi ar\u0131yor olun, ister <\/span><\/span><strong data-start=\"5008\" data-end=\"5046\"><span dir=\"auto\" style=\"vertical-align: inherit;\"><span dir=\"auto\" style=\"vertical-align: inherit;\">10 mg HHC (Ye\u015fil) Gummy Bears sat\u0131n al\u0131yorum<\/span><\/span><\/strong><span dir=\"auto\" style=\"vertical-align: inherit;\"><span dir=\"auto\" style=\"vertical-align: inherit;\"> Bu \u00fcr\u00fcn \u015feffafl\u0131k, kalite ve kullan\u0131m kolayl\u0131\u011f\u0131 sunuyor.<\/span><\/span><\/p>\n<hr data-start=\"5110\" data-end=\"5113\" \/>\n<h3 data-start=\"5115\" data-end=\"5144\"><span dir=\"auto\" style=\"vertical-align: inherit;\"><span dir=\"auto\" style=\"vertical-align: inherit;\">Temel \u00d6zellikler<\/span><\/span><\/h3>\n<ul data-start=\"5146\" data-end=\"5724\">\n<li data-start=\"5146\" data-end=\"5261\">\n<p data-start=\"5148\" data-end=\"5261\"><strong data-start=\"5148\" data-end=\"5175\"><span dir=\"auto\" style=\"vertical-align: inherit;\"><span dir=\"auto\" style=\"vertical-align: inherit;\">Kesin 10 mg Dozaj<\/span><\/span><\/strong><span dir=\"auto\" style=\"vertical-align: inherit;\"><span dir=\"auto\" style=\"vertical-align: inherit;\"> : Her bir sak\u0131z, \u00f6ng\u00f6r\u00fclebilir etkiler i\u00e7in tam olarak 10 miligram HHC i\u00e7erir.<\/span><\/span><\/p>\n<\/li>\n<li data-start=\"5262\" data-end=\"5361\">\n<p data-start=\"5264\" data-end=\"5361\"><strong data-start=\"5264\" data-end=\"5287\"><span dir=\"auto\" style=\"vertical-align: inherit;\"><span dir=\"auto\" style=\"vertical-align: inherit;\">Saf Form\u00fclasyon<\/span><\/span><\/strong><span dir=\"auto\" style=\"vertical-align: inherit;\"><span dir=\"auto\" style=\"vertical-align: inherit;\"> : Y\u00fcksek kaliteli malzemelerle, gereksiz katk\u0131 maddeleri kullan\u0131lmadan \u00fcretilmi\u015ftir.<\/span><\/span><\/p>\n<\/li>\n<li data-start=\"5362\" data-end=\"5470\">\n<p data-start=\"5364\" data-end=\"5470\"><strong data-start=\"5364\" data-end=\"5386\"><span dir=\"auto\" style=\"vertical-align: inherit;\"><span dir=\"auto\" style=\"vertical-align: inherit;\">Ye\u015fil Renk \u00c7e\u015fitlili\u011fi<\/span><\/span><\/strong><span dir=\"auto\" style=\"vertical-align: inherit;\"><span dir=\"auto\" style=\"vertical-align: inherit;\"> :\u201cYe\u015fil\u201d versiyonu, yenilebilir \u00fcr\u00fcn se\u00e7imlerinizde incelikli bir tan\u0131n\u0131rl\u0131k ve \u00e7e\u015fitlilik sunar.<\/span><\/span><\/p>\n<\/li>\n<li data-start=\"5471\" data-end=\"5612\">\n<p data-start=\"5473\" data-end=\"5612\"><strong data-start=\"5473\" data-end=\"5508\"><span dir=\"auto\" style=\"vertical-align: inherit;\"><span dir=\"auto\" style=\"vertical-align: inherit;\">\u00dc\u00e7\u00fcnc\u00fc Taraf Laboratuvar\u0131 Taraf\u0131ndan Test Edildi<\/span><\/span><\/strong><span dir=\"auto\" style=\"vertical-align: inherit;\"><span dir=\"auto\" style=\"vertical-align: inherit;\"> : Her parti, safl\u0131k, etkinlik ve kirleticilerden ar\u0131nm\u0131\u015fl\u0131k a\u00e7\u0131s\u0131ndan ba\u011f\u0131ms\u0131z olarak test edilir.<\/span><\/span><\/p>\n<\/li>\n<li data-start=\"5613\" data-end=\"5724\">\n<p data-start=\"5615\" data-end=\"5724\"><strong data-start=\"5615\" data-end=\"5637\"><span dir=\"auto\" style=\"vertical-align: inherit;\"><span dir=\"auto\" style=\"vertical-align: inherit;\">Uzun Raf \u00d6mr\u00fc<\/span><\/span><\/strong><span dir=\"auto\" style=\"vertical-align: inherit;\"><span dir=\"auto\" style=\"vertical-align: inherit;\"> : Uygun \u015fekilde sakland\u0131\u011f\u0131nda etkinli\u011fini koruyacak \u015fekilde kararl\u0131l\u0131k i\u00e7in form\u00fcle edilmi\u015ftir.<\/span><\/span><\/p>\n<\/li>\n<\/ul>\n<hr data-start=\"5726\" data-end=\"5729\" \/>\n<h3 data-start=\"5731\" data-end=\"5746\"><span dir=\"auto\" style=\"vertical-align: inherit;\"><span dir=\"auto\" style=\"vertical-align: inherit;\">Avantajlar\u0131<\/span><\/span><\/h3>\n<ul data-start=\"5748\" data-end=\"6578\">\n<li data-start=\"5748\" data-end=\"5882\">\n<p data-start=\"5750\" data-end=\"5882\"><strong data-start=\"5750\" data-end=\"5788\"><span dir=\"auto\" style=\"vertical-align: inherit;\"><span dir=\"auto\" style=\"vertical-align: inherit;\">Kontrol Edilebilir ve Tutarl\u0131 Deneyim<\/span><\/span><\/strong><span dir=\"auto\" style=\"vertical-align: inherit;\"><span dir=\"auto\" style=\"vertical-align: inherit;\"> : Hassas 10 mg dozaj\u0131, etkileri daha iyi kontrol etmenizi ve al\u0131m\u0131n\u0131z\u0131 ki\u015fiselle\u015ftirmenizi sa\u011flar.<\/span><\/span><\/p>\n<\/li>\n<li data-start=\"5883\" data-end=\"6015\">\n<p data-start=\"5885\" data-end=\"6015\"><strong data-start=\"5885\" data-end=\"5906\"><span dir=\"auto\" style=\"vertical-align: inherit;\"><span dir=\"auto\" style=\"vertical-align: inherit;\">Gizli ve Kullan\u0131\u015fl\u0131<\/span><\/span><\/strong><span dir=\"auto\" style=\"vertical-align: inherit;\"><span dir=\"auto\" style=\"vertical-align: inherit;\"> : Bu j\u00f6leler \u015fekere benzedi\u011fi i\u00e7in kolayca ta\u015f\u0131nabilir ve dikkat \u00e7ekmeden t\u00fcketilebilir.<\/span><\/span><\/p>\n<\/li>\n<li data-start=\"6016\" data-end=\"6205\">\n<p data-start=\"6018\" data-end=\"6205\"><strong data-start=\"6018\" data-end=\"6051\"><span dir=\"auto\" style=\"vertical-align: inherit;\"><span dir=\"auto\" style=\"vertical-align: inherit;\">Daha Hafif Psikoaktif Profil<\/span><\/span><\/strong><span dir=\"auto\" style=\"vertical-align: inherit;\"><span dir=\"auto\" style=\"vertical-align: inherit;\"> : HHC, Delta-9 THC&#039;den daha hafif etkileriyle, canland\u0131r\u0131c\u0131 ama bunalt\u0131c\u0131 olmayan bir hisle bilinir.<\/span><\/span><\/p>\n<\/li>\n<li data-start=\"6206\" data-end=\"6384\">\n<p data-start=\"6208\" data-end=\"6384\"><strong data-start=\"6208\" data-end=\"6230\"><span dir=\"auto\" style=\"vertical-align: inherit;\"><span dir=\"auto\" style=\"vertical-align: inherit;\">Daha Uzun S\u00fcreli Etki<\/span><\/span><\/strong><span dir=\"auto\" style=\"vertical-align: inherit;\"><span dir=\"auto\" style=\"vertical-align: inherit;\"> : Bir bi\u00e7im olarak <\/span><\/span><strong data-start=\"6245\" data-end=\"6260\"><span dir=\"auto\" style=\"vertical-align: inherit;\"><span dir=\"auto\" style=\"vertical-align: inherit;\">hhc yenilebilirleri,<\/span><\/span><\/strong><span dir=\"auto\" style=\"vertical-align: inherit;\"><span dir=\"auto\" style=\"vertical-align: inherit;\"> Etkileri inhalasyona g\u00f6re daha uzun s\u00fcrebilir, ancak ba\u015flang\u0131c\u0131 daha yava\u015ft\u0131r.<\/span><\/span><\/p>\n<\/li>\n<li data-start=\"6385\" data-end=\"6578\">\n<p data-start=\"6387\" data-end=\"6578\"><strong data-start=\"6387\" data-end=\"6419\"><span dir=\"auto\" style=\"vertical-align: inherit;\"><span dir=\"auto\" style=\"vertical-align: inherit;\">Rekreasyonel ve Sa\u011fl\u0131k Ama\u00e7l\u0131 Kullan\u0131m<\/span><\/span><\/strong><span dir=\"auto\" style=\"vertical-align: inherit;\"><span dir=\"auto\" style=\"vertical-align: inherit;\"> :Kullan\u0131c\u0131lar s\u0131kl\u0131kla sak\u0131zlar\u0131n rahatlama, ruh halinin y\u00fckselmesi ve daha ho\u015f bir duyusal deneyim sa\u011flad\u0131\u011f\u0131n\u0131 bildirmektedir.<\/span><\/span><\/p>\n<\/li>\n<\/ul>\n<hr data-start=\"6580\" data-end=\"6583\" \/>\n<h3 data-start=\"6585\" data-end=\"6628\"><span dir=\"auto\" style=\"vertical-align: inherit;\"><span dir=\"auto\" style=\"vertical-align: inherit;\">Kullan\u0131m \u015eekli \/ Kullan\u0131m Talimatlar\u0131<\/span><\/span><\/h3>\n<blockquote data-start=\"6630\" data-end=\"6814\">\n<p data-start=\"6632\" data-end=\"6814\"><strong data-start=\"6632\" data-end=\"6657\"><span dir=\"auto\" style=\"vertical-align: inherit;\"><span dir=\"auto\" style=\"vertical-align: inherit;\">\u00d6nemli Not<\/span><\/span><\/strong><span dir=\"auto\" style=\"vertical-align: inherit;\"><span dir=\"auto\" style=\"vertical-align: inherit;\"> : Bu y\u00f6nergeler yaln\u0131zca HHC&#039;nin yasal oldu\u011fu yarg\u0131 b\u00f6lgelerinde ve bireyler i\u00e7in ge\u00e7erlidir. Her zaman yerel y\u00f6netmeliklere uyun ve gerekti\u011finde uzmanlara dan\u0131\u015f\u0131n.<\/span><\/span><\/p>\n<\/blockquote>\n<ol data-start=\"6816\" data-end=\"7797\">\n<li data-start=\"6816\" data-end=\"7040\">\n<p data-start=\"6819\" data-end=\"6844\"><strong data-start=\"6819\" data-end=\"6842\"><span dir=\"auto\" style=\"vertical-align: inherit;\"><span dir=\"auto\" style=\"vertical-align: inherit;\">Bir Sak\u0131zla Ba\u015flay\u0131n<\/span><\/span><\/strong><\/p>\n<ul data-start=\"6848\" data-end=\"7040\">\n<li data-start=\"6848\" data-end=\"6875\">\n<p data-start=\"6850\" data-end=\"6875\"><span dir=\"auto\" style=\"vertical-align: inherit;\"><span dir=\"auto\" style=\"vertical-align: inherit;\">\u0130yice \u00e7i\u011fneyin ve yutun.<\/span><\/span><\/p>\n<\/li>\n<li data-start=\"6879\" data-end=\"7040\">\n<p data-start=\"6881\" data-end=\"7040\"><span dir=\"auto\" style=\"vertical-align: inherit;\"><span dir=\"auto\" style=\"vertical-align: inherit;\">En az\u0131ndan bekle <\/span><\/span><strong data-start=\"6896\" data-end=\"6917\"><span dir=\"auto\" style=\"vertical-align: inherit;\"><span dir=\"auto\" style=\"vertical-align: inherit;\">60 ila 90 dakika<\/span><\/span><\/strong><span dir=\"auto\" style=\"vertical-align: inherit;\"><span dir=\"auto\" style=\"vertical-align: inherit;\"> Yenilebilir \u00fcr\u00fcnlerin emilimi zaman ald\u0131\u011f\u0131ndan, ek bir doz almadan \u00f6nce t\u00fcketin.<\/span><\/span><\/p>\n<\/li>\n<\/ul>\n<\/li>\n<li data-start=\"7042\" data-end=\"7265\">\n<p data-start=\"7045\" data-end=\"7067\"><strong data-start=\"7045\" data-end=\"7065\"><span dir=\"auto\" style=\"vertical-align: inherit;\"><span dir=\"auto\" style=\"vertical-align: inherit;\">Yava\u015f\u00e7a Ayarlay\u0131n<\/span><\/span><\/strong><\/p>\n<ul data-start=\"7071\" data-end=\"7265\">\n<li data-start=\"7071\" data-end=\"7210\">\n<p data-start=\"7073\" data-end=\"7210\"><span dir=\"auto\" style=\"vertical-align: inherit;\"><span dir=\"auto\" style=\"vertical-align: inherit;\">E\u011fer bir bu\u00e7uk saat sonra etkiler hafifse, tolerans\u0131n\u0131za ba\u011fl\u0131 olarak yar\u0131m sak\u0131z (5 mg) veya tam sak\u0131z alabilirsiniz.<\/span><\/span><\/p>\n<\/li>\n<li data-start=\"7214\" data-end=\"7265\">\n<p data-start=\"7216\" data-end=\"7265\"><span dir=\"auto\" style=\"vertical-align: inherit;\"><span dir=\"auto\" style=\"vertical-align: inherit;\">Dikkatlice kald\u0131r\u0131n, dikkatli ilerleyin.<\/span><\/span><\/p>\n<\/li>\n<\/ul>\n<\/li>\n<li data-start=\"7267\" data-end=\"7479\">\n<p data-start=\"7270\" data-end=\"7291\"><strong data-start=\"7270\" data-end=\"7289\"><span dir=\"auto\" style=\"vertical-align: inherit;\"><span dir=\"auto\" style=\"vertical-align: inherit;\">En \u0130yi Ko\u015fullar<\/span><\/span><\/strong><\/p>\n<ul data-start=\"7295\" data-end=\"7479\">\n<li data-start=\"7295\" data-end=\"7410\">\n<p data-start=\"7297\" data-end=\"7410\"><span dir=\"auto\" style=\"vertical-align: inherit;\"><span dir=\"auto\" style=\"vertical-align: inherit;\">Emilim oran\u0131n\u0131 dengelemek i\u00e7in hafif ama ya\u011fl\u0131 olmayan bir mideye (\u00f6rne\u011fin hafif bir at\u0131\u015ft\u0131rmal\u0131ktan sonra) t\u00fcketin.<\/span><\/span><\/p>\n<\/li>\n<li data-start=\"7414\" data-end=\"7479\">\n<p data-start=\"7416\" data-end=\"7479\"><span dir=\"auto\" style=\"vertical-align: inherit;\"><span dir=\"auto\" style=\"vertical-align: inherit;\">Alkol veya di\u011fer psikoaktif maddelerle birlikte kullan\u0131m\u0131ndan ka\u00e7\u0131n\u0131lmal\u0131d\u0131r.<\/span><\/span><\/p>\n<\/li>\n<\/ul>\n<\/li>\n<li data-start=\"7481\" data-end=\"7643\">\n<p data-start=\"7484\" data-end=\"7510\"><strong data-start=\"7484\" data-end=\"7508\"><span dir=\"auto\" style=\"vertical-align: inherit;\"><span dir=\"auto\" style=\"vertical-align: inherit;\">Depolama ve Ta\u015f\u0131ma<\/span><\/span><\/strong><\/p>\n<ul data-start=\"7514\" data-end=\"7643\">\n<li data-start=\"7514\" data-end=\"7573\">\n<p data-start=\"7516\" data-end=\"7573\"><span dir=\"auto\" style=\"vertical-align: inherit;\"><span dir=\"auto\" style=\"vertical-align: inherit;\">Serin, kuru ve do\u011frudan g\u00fcne\u015f \u0131\u015f\u0131\u011f\u0131na maruz kalmayan bir yerde saklay\u0131n\u0131z.<\/span><\/span><\/p>\n<\/li>\n<li data-start=\"7577\" data-end=\"7643\">\n<p data-start=\"7579\" data-end=\"7643\"><span dir=\"auto\" style=\"vertical-align: inherit;\"><span dir=\"auto\" style=\"vertical-align: inherit;\">Tazeli\u011fini ve etkisini korumak i\u00e7in ambalaj\u0131 s\u0131k\u0131ca kapat\u0131n.<\/span><\/span><\/p>\n<\/li>\n<\/ul>\n<\/li>\n<li data-start=\"7645\" data-end=\"7797\">\n<p data-start=\"7648\" data-end=\"7674\"><strong data-start=\"7648\" data-end=\"7672\"><span dir=\"auto\" style=\"vertical-align: inherit;\"><span dir=\"auto\" style=\"vertical-align: inherit;\">G\u00fcvenlik ve Kullan\u0131m<\/span><\/span><\/strong><\/p>\n<ul data-start=\"7678\" data-end=\"7797\">\n<li data-start=\"7678\" data-end=\"7738\">\n<p data-start=\"7680\" data-end=\"7738\"><span dir=\"auto\" style=\"vertical-align: inherit;\"><span dir=\"auto\" style=\"vertical-align: inherit;\">Kullan\u0131m s\u0131ras\u0131nda ara\u00e7 veya a\u011f\u0131r makine kullanmay\u0131n\u0131z.<\/span><\/span><\/p>\n<\/li>\n<li data-start=\"7742\" data-end=\"7797\">\n<p data-start=\"7744\" data-end=\"7797\"><span dir=\"auto\" style=\"vertical-align: inherit;\"><span dir=\"auto\" style=\"vertical-align: inherit;\">\u00c7ocuklar\u0131n ve evcil hayvanlar\u0131n eri\u015femeyece\u011fi yerde saklay\u0131n\u0131z.<\/span><\/span><\/p>\n<\/li>\n<\/ul>\n<\/li>\n<\/ol>\n<hr data-start=\"7799\" data-end=\"7802\" \/>\n<h3 data-start=\"7804\" data-end=\"7835\"><span dir=\"auto\" style=\"vertical-align: inherit;\"><span dir=\"auto\" style=\"vertical-align: inherit;\">S\u0131k\u00e7a Sorulan Sorular (SSS)<\/span><\/span><\/h3>\n<p data-start=\"7837\" data-end=\"8236\"><strong data-start=\"7837\" data-end=\"7906\"><span dir=\"auto\" style=\"vertical-align: inherit;\"><span dir=\"auto\" style=\"vertical-align: inherit;\">1. HHC yenilebilir \u00fcr\u00fcnleri nelerdir ve di\u011fer yenilebilir \u00fcr\u00fcnlerden nas\u0131l farkl\u0131d\u0131rlar?<\/span><\/span><\/strong><br data-start=\"7906\" data-end=\"7909\" \/><span dir=\"auto\" style=\"vertical-align: inherit;\"><span dir=\"auto\" style=\"vertical-align: inherit;\"> HHC yenilebilir \u00fcr\u00fcnleri, hidrojene bir kanabinoid olan hekzahidrokanabinol (HHC) ile zenginle\u015ftirilmi\u015f g\u0131da \u00fcr\u00fcnleridir. Geleneksel THC yenilebilir \u00fcr\u00fcnlerinin aksine, HHC daha hafif ve daha rahatlat\u0131c\u0131 bir psikoaktif etki sunma e\u011filimindedir, ancak deneyim ki\u015fiden ki\u015fiye de\u011fi\u015fir.<\/span><\/span><\/p>\n<p data-start=\"8238\" data-end=\"8543\"><strong data-start=\"8238\" data-end=\"8317\"><span dir=\"auto\" style=\"vertical-align: inherit;\"><span dir=\"auto\" style=\"vertical-align: inherit;\">2. Gummy Bears 10 mg HHC (Ye\u015fil) kullan\u0131ld\u0131\u011f\u0131nda etkileri ne kadar s\u00fcrer?<\/span><\/span><\/strong><br data-start=\"8317\" data-end=\"8320\" \/><span dir=\"auto\" style=\"vertical-align: inherit;\"><span dir=\"auto\" style=\"vertical-align: inherit;\"> Etkiler genellikle uzun s\u00fcrer <\/span><\/span><strong data-start=\"8348\" data-end=\"8363\"><span dir=\"auto\" style=\"vertical-align: inherit;\"><span dir=\"auto\" style=\"vertical-align: inherit;\">2 ila 5 saat<\/span><\/span><\/strong><span dir=\"auto\" style=\"vertical-align: inherit;\"><span dir=\"auto\" style=\"vertical-align: inherit;\"> Doza, metabolizmaya ve ki\u015fisel hassasiyete ba\u011fl\u0131 olarak de\u011fi\u015febilir. Baz\u0131 kullan\u0131c\u0131lar bu s\u00fcrenin d\u0131\u015f\u0131nda hafif bir yan etki ya\u015fayabilir.<\/span><\/span><\/p>\n<p data-start=\"8545\" data-end=\"8979\"><strong data-start=\"8545\" data-end=\"8646\"><span dir=\"auto\" style=\"vertical-align: inherit;\"><span dir=\"auto\" style=\"vertical-align: inherit;\">3. Gummy Bears 10 mg HHC (Ye\u015fil) sat\u0131n almak yasal m\u0131 (\u201cGummy Bears 10 mg HHC (Ye\u015fil) Sat\u0131n Al\u201d)?<\/span><\/span><\/strong><br data-start=\"8646\" data-end=\"8649\" \/><span dir=\"auto\" style=\"vertical-align: inherit;\"><span dir=\"auto\" style=\"vertical-align: inherit;\"> Sat\u0131n alman\u0131n yasall\u0131\u011f\u0131 <\/span><\/span><strong data-start=\"8687\" data-end=\"8719\"><span dir=\"auto\" style=\"vertical-align: inherit;\"><span dir=\"auto\" style=\"vertical-align: inherit;\">Sak\u0131zl\u0131 Ay\u0131c\u0131klar 10 mg HHC (Ye\u015fil)<\/span><\/span><\/strong><span dir=\"auto\" style=\"vertical-align: inherit;\"><span dir=\"auto\" style=\"vertical-align: inherit;\"> (\u201cGummy Bears 10 mg HHC (Ye\u015fil) Sat\u0131n Al\u201d) tamamen \u00fclkenize veya b\u00f6lgenize ba\u011fl\u0131d\u0131r. HHC ile ilgili d\u00fczenlemeler b\u00fcy\u00fck \u00f6l\u00e7\u00fcde de\u011fi\u015fiklik g\u00f6sterir; sat\u0131n almadan \u00f6nce, HHC yenilebilir \u00fcr\u00fcnlerinin b\u00f6lgenizde izin verilip verilmedi\u011fini ve sat\u0131c\u0131lar\u0131n yerel d\u00fczenlemelere ve laboratuvar testlerine uyup uymad\u0131\u011f\u0131n\u0131 kontrol edin.<\/span><\/span><\/p>","protected":false},"excerpt":{"rendered":"<h2><span dir=\"auto\" style=\"vertical-align: inherit;\"><span dir=\"auto\" style=\"vertical-align: inherit;\"><span dir=\"auto\" style=\"vertical-align: inherit;\"><span dir=\"auto\" style=\"vertical-align: inherit;\">Sak\u0131zl\u0131 Ay\u0131c\u0131klar 10 mg HHC<\/span><\/span><\/span><\/span><\/h2>\n<p><strong><span dir=\"auto\" style=\"vertical-align: inherit;\"><span dir=\"auto\" style=\"vertical-align: inherit;\"><span dir=\"auto\" style=\"vertical-align: inherit;\"><span dir=\"auto\" style=\"vertical-align: inherit;\">Ate\u015f:<\/span><\/span><\/span><\/span><\/strong><span dir=\"auto\" style=\"vertical-align: inherit;\"><span dir=\"auto\" style=\"vertical-align: inherit;\"><span dir=\"auto\" style=\"vertical-align: inherit;\"><span dir=\"auto\" style=\"vertical-align: inherit;\"> Yapraklar\u0131n Krali\u00e7esi <\/span><\/span><\/span><\/span><br \/>\n<strong><span dir=\"auto\" style=\"vertical-align: inherit;\"><span dir=\"auto\" style=\"vertical-align: inherit;\"><span dir=\"auto\" style=\"vertical-align: inherit;\"><span dir=\"auto\" style=\"vertical-align: inherit;\">Po\u015fet ba\u015f\u0131na d\u00fc\u015fen j\u00f6leli \u015feker say\u0131s\u0131:<\/span><\/span><\/span><\/span><\/strong><span dir=\"auto\" style=\"vertical-align: inherit;\"><span dir=\"auto\" style=\"vertical-align: inherit;\"><span dir=\"auto\" style=\"vertical-align: inherit;\"><span dir=\"auto\" style=\"vertical-align: inherit;\"> 10 <\/span><\/span><\/span><\/span><br \/>\n<strong><span dir=\"auto\" style=\"vertical-align: inherit;\"><span dir=\"auto\" style=\"vertical-align: inherit;\"><span dir=\"auto\" style=\"vertical-align: inherit;\"><span dir=\"auto\" style=\"vertical-align: inherit;\">\u0130\u00e7indekiler:<\/span><\/span><\/span><\/span><\/strong><span dir=\"auto\" style=\"vertical-align: inherit;\"><span dir=\"auto\" style=\"vertical-align: inherit;\"><span dir=\"auto\" style=\"vertical-align: inherit;\"><span dir=\"auto\" style=\"vertical-align: inherit;\"> glikoz, jelatin, C vitamini, potasyum sorbat, m\u0131s\u0131r ya\u011f\u0131 aromas\u0131, renklendiriciler (E102, E133, E124), aktif madde HHC <\/span><\/span><\/span><\/span><br \/>\n<strong><span dir=\"auto\" style=\"vertical-align: inherit;\"><span dir=\"auto\" style=\"vertical-align: inherit;\"><span dir=\"auto\" style=\"vertical-align: inherit;\"><span dir=\"auto\" style=\"vertical-align: inherit;\">HHC miktar\u0131:<\/span><\/span><\/span><\/span><\/strong><span dir=\"auto\" style=\"vertical-align: inherit;\"><span dir=\"auto\" style=\"vertical-align: inherit;\"><span dir=\"auto\" style=\"vertical-align: inherit;\"><span dir=\"auto\" style=\"vertical-align: inherit;\"> 10 mg <\/span><\/span><\/span><\/span><br \/>\n<strong><span dir=\"auto\" style=\"vertical-align: inherit;\"><span dir=\"auto\" style=\"vertical-align: inherit;\"><span dir=\"auto\" style=\"vertical-align: inherit;\"><span dir=\"auto\" style=\"vertical-align: inherit;\">J\u00f6leli ay\u0131c\u0131klar\u0131n rengi:<\/span><\/span><\/span><\/span><\/strong><span dir=\"auto\" style=\"vertical-align: inherit;\"><span dir=\"auto\" style=\"vertical-align: inherit;\"><span dir=\"auto\" style=\"vertical-align: inherit;\"><span dir=\"auto\" style=\"vertical-align: inherit;\"> ye\u015fil<\/span><\/span><\/span><\/span><\/p>","protected":false},"featured_media":28539,"comment_status":"closed","ping_status":"closed","template":"","meta":[],"product_brand":[82],"product_cat":[328,327],"product_tag":[715,714,716,717,707,708],"class_list":{"0":"post-24664","1":"product","2":"type-product","3":"status-publish","4":"has-post-thumbnail","6":"product_brand-research-chemical","7":"product_cat-edibles","8":"product_cat-hhc","9":"product_tag-hhc-edible-dosage","10":"product_tag-hhc-edibles","11":"product_tag-hhc-edibles-effects","12":"product_tag-hhc-gummies","13":"product_tag-hhc-gummy-bear","14":"product_tag-hhc-gummy-bears","16":"first","17":"instock","18":"taxable","19":"shipping-taxable","20":"purchasable","21":"product-type-variable"},"_links":{"self":[{"href":"https:\/\/researchchemicalhub.com\/tr\/wp-json\/wp\/v2\/product\/24664","targetHints":{"allow":["GET"]}}],"collection":[{"href":"https:\/\/researchchemicalhub.com\/tr\/wp-json\/wp\/v2\/product"}],"about":[{"href":"https:\/\/researchchemicalhub.com\/tr\/wp-json\/wp\/v2\/types\/product"}],"replies":[{"embeddable":true,"href":"https:\/\/researchchemicalhub.com\/tr\/wp-json\/wp\/v2\/comments?post=24664"}],"version-history":[{"count":8,"href":"https:\/\/researchchemicalhub.com\/tr\/wp-json\/wp\/v2\/product\/24664\/revisions"}],"predecessor-version":[{"id":28657,"href":"https:\/\/researchchemicalhub.com\/tr\/wp-json\/wp\/v2\/product\/24664\/revisions\/28657"}],"wp:featuredmedia":[{"embeddable":true,"href":"https:\/\/researchchemicalhub.com\/tr\/wp-json\/wp\/v2\/media\/28539"}],"wp:attachment":[{"href":"https:\/\/researchchemicalhub.com\/tr\/wp-json\/wp\/v2\/media?parent=24664"}],"wp:term":[{"taxonomy":"product_brand","embeddable":true,"href":"https:\/\/researchchemicalhub.com\/tr\/wp-json\/wp\/v2\/product_brand?post=24664"},{"taxonomy":"product_cat","embeddable":true,"href":"https:\/\/researchchemicalhub.com\/tr\/wp-json\/wp\/v2\/product_cat?post=24664"},{"taxonomy":"product_tag","embeddable":true,"href":"https:\/\/researchchemicalhub.com\/tr\/wp-json\/wp\/v2\/product_tag?post=24664"}],"curies":[{"name":"wp","href":"https:\/\/api.w.org\/{rel}","templated":true}]}}