{"id":24533,"date":"2025-10-20T17:41:54","date_gmt":"2025-10-20T17:41:54","guid":{"rendered":"https:\/\/researchchemicalhub.com\/?post_type=product&#038;p=24533"},"modified":"2025-10-21T16:01:39","modified_gmt":"2025-10-21T16:01:39","slug":"2c-d-kopen","status":"publish","type":"product","link":"https:\/\/researchchemicalhub.com\/tr\/shop\/b2b\/2c-d-kopen\/","title":{"rendered":"2C-D 10 MG Peletler Blister"},"content":{"rendered":"<h3 data-start=\"4002\" data-end=\"4023\"><strong data-start=\"4006\" data-end=\"4021\">girii\u015f<\/strong><\/h3>\n<p data-start=\"4024\" data-end=\"4294\"><strong data-start=\"4024\" data-end=\"4066\">2C-D 10 mg Peletler (Blister ambalaj)<\/strong> bir i\u00e7erir <strong data-start=\"4080\" data-end=\"4123\">tam olarak dozlanm\u0131\u015f 10 mg miktar\u0131<\/strong> ile <strong data-start=\"4128\" data-end=\"4174\">2C-D (2,5-dimetoksi-4-metilfenetilamin)<\/strong> - Bir <strong data-start=\"4181\" data-end=\"4211\">sentetik fenetilamin<\/strong> -den <strong data-start=\"4219\" data-end=\"4233\">2C ailesi<\/strong>, aslen taraf\u0131ndan geli\u015ftirildi <strong data-start=\"4266\" data-end=\"4291\">Dr. Alexander Shulgin<\/strong>2c-d sat\u0131n al<\/p>\n<p data-start=\"4296\" data-end=\"4682\">\u0130\u00e7eri <strong data-start=\"4303\" data-end=\"4355\">kimyasal, farmakolojik ve analitik ara\u015ft\u0131rmalar<\/strong> 2C-D \u015fu \u015fekilde kullan\u0131l\u0131r: <strong data-start=\"4380\" data-end=\"4398\">referans madde<\/strong> i\u00e7in <strong data-start=\"4404\" data-end=\"4445\">yap\u0131-aktivite ili\u015fkisi (SAR)<\/strong>-\u00e7al\u0131\u015fmalar, <strong data-start=\"4455\" data-end=\"4484\">resept\u00f6r ba\u011flanma ara\u015ft\u0131rmas\u0131<\/strong> Ve <strong data-start=\"4488\" data-end=\"4517\">kromatografik analiz<\/strong>.<br data-start=\"4518\" data-end=\"4521\" \/>Bu peletler a\u015fa\u011f\u0131dakilere g\u00f6re \u00fcretilir: <strong data-start=\"4562\" data-end=\"4606\">laboratuvar kalitesi (\u2265 98% safl\u0131k)<\/strong> ve paketlenmi\u015f <strong data-start=\"4621\" data-end=\"4638\">blister \u015feritler<\/strong> en iyi koruma ve denge i\u00e7in.<\/p>\n<blockquote data-start=\"4684\" data-end=\"4839\">\n<p data-start=\"4686\" data-end=\"4839\">\u26a0\ufe0f <strong data-start=\"4689\" data-end=\"4700\">Not:<\/strong> 2C-D peletleri yaln\u0131zca \u015fu ama\u00e7lar i\u00e7in tasarlanm\u0131\u015ft\u0131r: <strong data-start=\"4744\" data-end=\"4785\">laboratuvar ve analitik ara\u015ft\u0131rma<\/strong> \u2014 <strong data-start=\"4788\" data-end=\"4836\">insan veya hayvan t\u00fcketimi i\u00e7in de\u011fil<\/strong>.<\/p>\n<\/blockquote>\n<hr data-start=\"4841\" data-end=\"4844\" \/>\n<h3 data-start=\"4846\" data-end=\"4877\"><strong data-start=\"4850\" data-end=\"4877\">Temel \u00d6zellikler<\/strong><\/h3>\n<div class=\"_tableContainer_1rjym_1\">\n<div class=\"group _tableWrapper_1rjym_13 flex w-fit flex-col-reverse\" tabindex=\"-1\">\n<table class=\"w-fit min-w-(--thread-content-width)\" data-start=\"4879\" data-end=\"5360\">\n<thead data-start=\"4879\" data-end=\"4905\">\n<tr data-start=\"4879\" data-end=\"4905\">\n<th data-start=\"4879\" data-end=\"4889\" data-col-size=\"sm\">\u00d6zellik<\/th>\n<th data-start=\"4889\" data-end=\"4905\" data-col-size=\"md\">Tan\u0131m<\/th>\n<\/tr>\n<\/thead>\n<tbody data-start=\"4934\" data-end=\"5360\">\n<tr data-start=\"4934\" data-end=\"4994\">\n<td data-start=\"4934\" data-end=\"4955\" data-col-size=\"sm\"><strong data-start=\"4936\" data-end=\"4954\">Kimyasal Ad\u0131<\/strong><\/td>\n<td data-start=\"4955\" data-end=\"4994\" data-col-size=\"md\">2,5-Dimetoksi-4-metilfenetilamin<\/td>\n<\/tr>\n<tr data-start=\"4995\" data-end=\"5028\">\n<td data-start=\"4995\" data-end=\"5020\" data-col-size=\"sm\"><strong data-start=\"4997\" data-end=\"5019\">Yayg\u0131n Ad\u0131<\/strong><\/td>\n<td data-start=\"5020\" data-end=\"5028\" data-col-size=\"md\">2C-D<\/td>\n<\/tr>\n<tr data-start=\"5029\" data-end=\"5064\">\n<td data-start=\"5029\" data-end=\"5044\" data-col-size=\"sm\"><strong data-start=\"5031\" data-end=\"5043\">Dozaj<\/strong><\/td>\n<td data-start=\"5044\" data-end=\"5064\" data-col-size=\"md\">pelet ba\u015f\u0131na 10 mg<\/td>\n<\/tr>\n<tr data-start=\"5065\" data-end=\"5113\">\n<td data-start=\"5065\" data-end=\"5076\" data-col-size=\"sm\"><strong data-start=\"5067\" data-end=\"5075\">Bi\u00e7im<\/strong><\/td>\n<td data-start=\"5076\" data-end=\"5113\" data-col-size=\"md\">Kat\u0131 peletler (blister ambalaj)<\/td>\n<\/tr>\n<tr data-start=\"5114\" data-end=\"5165\">\n<td data-start=\"5114\" data-end=\"5131\" data-col-size=\"sm\"><strong data-start=\"5116\" data-end=\"5130\">Safl\u0131k<\/strong><\/td>\n<td data-start=\"5131\" data-end=\"5165\" data-col-size=\"md\">\u2265 98% (HPLC ve NMR ile test edilmi\u015ftir)<\/td>\n<\/tr>\n<tr data-start=\"5166\" data-end=\"5235\">\n<td data-start=\"5166\" data-end=\"5189\" data-col-size=\"sm\"><strong data-start=\"5168\" data-end=\"5188\">Kimyasal S\u0131n\u0131f<\/strong><\/td>\n<td data-start=\"5189\" data-end=\"5235\" data-col-size=\"md\">\u0130kame edilmi\u015f fenetilamin (2C ailesi)<\/td>\n<\/tr>\n<tr data-start=\"5236\" data-end=\"5285\">\n<td data-start=\"5236\" data-end=\"5253\" data-col-size=\"sm\"><strong data-start=\"5238\" data-end=\"5252\">Ambalajlama<\/strong><\/td>\n<td data-start=\"5253\" data-end=\"5285\" data-col-size=\"md\">M\u00fch\u00fcrl\u00fc blister ambalaj<\/td>\n<\/tr>\n<tr data-start=\"5286\" data-end=\"5360\">\n<td data-start=\"5286\" data-end=\"5300\" data-col-size=\"sm\"><strong data-start=\"5288\" data-end=\"5299\">Kullan\u0131m<\/strong><\/td>\n<td data-start=\"5300\" data-end=\"5360\" data-col-size=\"md\">Sadece analitik, adli ve kimyasal ara\u015ft\u0131rmalar i\u00e7in<\/td>\n<\/tr>\n<\/tbody>\n<\/table>\n<\/div>\n<\/div>\n<hr data-start=\"5362\" data-end=\"5365\" \/>\n<h3 data-start=\"5367\" data-end=\"5384\"><strong data-start=\"5371\" data-end=\"5384\">Avantajlar\u0131<\/strong><\/h3>\n<ul data-start=\"5386\" data-end=\"5834\">\n<li data-start=\"5386\" data-end=\"5484\">\n<p data-start=\"5388\" data-end=\"5484\"><strong data-start=\"5388\" data-end=\"5412\">Tam Dozajl\u0131<\/strong> \u2013 Her pelet g\u00fcvenilir ara\u015ft\u0131rma sonu\u00e7lar\u0131 i\u00e7in 10 mg 2C-D i\u00e7erir.<\/p>\n<\/li>\n<li data-start=\"5485\" data-end=\"5565\">\n<p data-start=\"5487\" data-end=\"5565\"><strong data-start=\"5487\" data-end=\"5517\">Y\u00fcksek Laboratuvar Kalitesi<\/strong> \u2013 GC\/MS, HPLC ve NMR analizlerine uygundur.<\/p>\n<\/li>\n<li data-start=\"5566\" data-end=\"5655\">\n<p data-start=\"5568\" data-end=\"5655\"><strong data-start=\"5568\" data-end=\"5591\">Kararl\u0131 Paketleme<\/strong> \u2013 Blister ambalaj kirlenmeye ve neme kar\u015f\u0131 koruma sa\u011flar.<\/p>\n<\/li>\n<li data-start=\"5656\" data-end=\"5735\">\n<p data-start=\"5658\" data-end=\"5735\"><strong data-start=\"5658\" data-end=\"5685\">Y\u00fcksek Safl\u0131k<\/strong> \u2013 Tutarl\u0131 sonu\u00e7lar i\u00e7in \u2265 98% safl\u0131\u011f\u0131.<\/p>\n<\/li>\n<li data-start=\"5736\" data-end=\"5834\">\n<p data-start=\"5738\" data-end=\"5834\"><strong data-start=\"5738\" data-end=\"5758\">Ara\u015ft\u0131rma de\u011feri<\/strong> \u2013 2C-B ve 2C-E gibi 2C analoglar\u0131 ile kar\u015f\u0131la\u015ft\u0131rmal\u0131 \u00e7al\u0131\u015fmalara uygundur.<\/p>\n<\/li>\n<\/ul>\n<hr data-start=\"5836\" data-end=\"5839\" \/>\n<h3 data-start=\"5841\" data-end=\"5893\"><strong data-start=\"5845\" data-end=\"5891\">Kullan\u0131m (Sadece Ara\u015ft\u0131rma Ama\u00e7l\u0131)<\/strong><\/h3>\n<ol data-start=\"5895\" data-end=\"6319\">\n<li data-start=\"5895\" data-end=\"6001\">\n<p data-start=\"5898\" data-end=\"6001\"><strong data-start=\"5898\" data-end=\"5913\">Kullan\u0131m:<\/strong> Eldiven, koruyucu g\u00f6zl\u00fck ve laboratuvar \u00f6nl\u00fc\u011f\u00fc giyin; kontroll\u00fc bir ortamda \u00e7al\u0131\u015f\u0131n.<\/p>\n<\/li>\n<li data-start=\"6002\" data-end=\"6090\">\n<p data-start=\"6005\" data-end=\"6090\"><strong data-start=\"6005\" data-end=\"6018\">\u00d6l\u00e7\u00fcmler:<\/strong> Her bir pellet tam 10 mg i\u00e7erir; laboratuvar d\u0131\u015f\u0131nda de\u011fi\u015ftirmeyin.<\/p>\n<\/li>\n<li data-start=\"6091\" data-end=\"6180\">\n<p data-start=\"6094\" data-end=\"6180\"><strong data-start=\"6094\" data-end=\"6105\">Depolamak:<\/strong> Serin (2\u20138 \u00b0C), kuru ve karanl\u0131k yerde, orijinal blister ambalaj\u0131nda saklay\u0131n\u0131z.<\/p>\n<\/li>\n<li data-start=\"6181\" data-end=\"6245\">\n<p data-start=\"6184\" data-end=\"6245\"><strong data-start=\"6184\" data-end=\"6196\">Analiz:<\/strong> GC\/MS, LC-MS, HPLC, FTIR ve NMR i\u00e7in uygundur.<\/p>\n<\/li>\n<li data-start=\"6246\" data-end=\"6319\">\n<p data-start=\"6249\" data-end=\"6319\"><strong data-start=\"6249\" data-end=\"6266\">Belgeleme:<\/strong> Parti numaralar\u0131n\u0131, safl\u0131\u011f\u0131 ve test sonu\u00e7lar\u0131n\u0131 kaydedin.<\/p>\n<\/li>\n<\/ol>\n<hr data-start=\"6321\" data-end=\"6324\" \/>\n<h3 data-start=\"6326\" data-end=\"6361\"><strong data-start=\"6330\" data-end=\"6359\">S\u0131k\u00e7a Sorulan Sorular (SSS)<\/strong><\/h3>\n<p data-start=\"6363\" data-end=\"6563\"><strong data-start=\"6363\" data-end=\"6382\">1. 2C-D nedir?<\/strong><br data-start=\"6382\" data-end=\"6385\" \/>2C-D (2,5-Dimetoksi-4-metilfenetilamin) bir <strong data-start=\"6435\" data-end=\"6465\">sentetik fenetilamin<\/strong> Resept\u00f6r ba\u011flanmas\u0131 ve SAR \u00e7al\u0131\u015fmalar\u0131 \u00fczerine kimyasal ve farmakolojik ara\u015ft\u0131rmalarda kullan\u0131l\u0131r.<\/p>\n<p data-start=\"6565\" data-end=\"6740\"><strong data-start=\"6565\" data-end=\"6616\">2. 2C-D 10 mg Peletler ne i\u00e7in kullan\u0131l\u0131r?<\/strong><br data-start=\"6616\" data-end=\"6619\" \/>Peletler \u015fu ama\u00e7lar i\u00e7in tasarlanm\u0131\u015ft\u0131r: <strong data-start=\"6648\" data-end=\"6686\">analitik ve adli ara\u015ft\u0131rma<\/strong>\u00f6rne\u011fin kromatografi ve spektroskopi i\u00e7in.<\/p>\n<p data-start=\"6742\" data-end=\"6950\"><strong data-start=\"6742\" data-end=\"6780\">3. 2C-D sat\u0131n almak yasal m\u0131?<\/strong><br data-start=\"6780\" data-end=\"6783\" \/>The <strong data-start=\"6786\" data-end=\"6809\">2C-D&#039;nin yasall\u0131\u011f\u0131<\/strong> \u00dclkeye g\u00f6re de\u011fi\u015fir. Baz\u0131 \u00fclkelerde kontroll\u00fc madde olarak kabul edilir. Kullanmadan \u00f6nce mutlaka yerel y\u00f6netmelikleri kontrol edin. <strong data-start=\"6933\" data-end=\"6947\">2C-D sat\u0131n al\u0131yor<\/strong>.<\/p>","protected":false},"excerpt":{"rendered":"<h2><strong>2C-D 10 MG Peletler<\/strong><\/h2>\n<ul>\n<li><strong>Perakende ambalaj\u0131<br \/>\n<\/strong><\/li>\n<li><strong>Blister ba\u015f\u0131na pelet say\u0131s\u0131: 10<\/strong><\/li>\n<li><strong>Fiyatlara 21% KDV dahil de\u011fildir<\/strong><\/li>\n<li><strong>\u00d6nerilen perakende fiyat\u0131: KDV dahil 49,95 \u20ac<\/strong><\/li>\n<\/ul>","protected":false},"featured_media":24548,"comment_status":"closed","ping_status":"closed","template":"","meta":[],"product_brand":[82],"product_cat":[555],"product_tag":[661,794,791,792,793,326],"class_list":{"0":"post-24533","1":"product","2":"type-product","3":"status-publish","4":"has-post-thumbnail","6":"product_brand-research-chemical","7":"product_cat-b2b","8":"product_tag-2c-d","9":"product_tag-2c-d-bestsellen","10":"product_tag-2c-d-kopen","11":"product_tag-2c-d-reddit","12":"product_tag-2cd-pellets","13":"product_tag-nl","15":"first","16":"instock","17":"taxable","18":"shipping-taxable","19":"purchasable","20":"product-type-variable"},"_links":{"self":[{"href":"https:\/\/researchchemicalhub.com\/tr\/wp-json\/wp\/v2\/product\/24533","targetHints":{"allow":["GET"]}}],"collection":[{"href":"https:\/\/researchchemicalhub.com\/tr\/wp-json\/wp\/v2\/product"}],"about":[{"href":"https:\/\/researchchemicalhub.com\/tr\/wp-json\/wp\/v2\/types\/product"}],"replies":[{"embeddable":true,"href":"https:\/\/researchchemicalhub.com\/tr\/wp-json\/wp\/v2\/comments?post=24533"}],"version-history":[{"count":5,"href":"https:\/\/researchchemicalhub.com\/tr\/wp-json\/wp\/v2\/product\/24533\/revisions"}],"predecessor-version":[{"id":27774,"href":"https:\/\/researchchemicalhub.com\/tr\/wp-json\/wp\/v2\/product\/24533\/revisions\/27774"}],"wp:featuredmedia":[{"embeddable":true,"href":"https:\/\/researchchemicalhub.com\/tr\/wp-json\/wp\/v2\/media\/24548"}],"wp:attachment":[{"href":"https:\/\/researchchemicalhub.com\/tr\/wp-json\/wp\/v2\/media?parent=24533"}],"wp:term":[{"taxonomy":"product_brand","embeddable":true,"href":"https:\/\/researchchemicalhub.com\/tr\/wp-json\/wp\/v2\/product_brand?post=24533"},{"taxonomy":"product_cat","embeddable":true,"href":"https:\/\/researchchemicalhub.com\/tr\/wp-json\/wp\/v2\/product_cat?post=24533"},{"taxonomy":"product_tag","embeddable":true,"href":"https:\/\/researchchemicalhub.com\/tr\/wp-json\/wp\/v2\/product_tag?post=24533"}],"curies":[{"name":"wp","href":"https:\/\/api.w.org\/{rel}","templated":true}]}}