{"id":24490,"date":"2025-10-20T17:41:49","date_gmt":"2025-10-20T17:41:49","guid":{"rendered":"https:\/\/researchchemicalhub.com\/?post_type=product&#038;p=24490"},"modified":"2025-10-21T16:11:58","modified_gmt":"2025-10-21T16:11:58","slug":"fluor-mix-zakje-1gr-4-fma","status":"publish","type":"product","link":"https:\/\/researchchemicalhub.com\/tr\/shop\/b2b\/fluor-mix-zakje-1gr-4-fma\/","title":{"rendered":"Flor kar\u0131\u015f\u0131m po\u015feti 1gr"},"content":{"rendered":"<h3 data-start=\"4116\" data-end=\"4137\"><strong data-start=\"4120\" data-end=\"4135\">girii\u015f<\/strong><\/h3>\n<p data-start=\"4138\" data-end=\"4536\"><strong data-start=\"4138\" data-end=\"4162\">Flor Kar\u0131\u015f\u0131m Po\u015feti (1g)<\/strong> i\u00e7erir <strong data-start=\"4169\" data-end=\"4222\">1 gram y\u00fcksek safl\u0131kta florlu ara\u015ft\u0131rma maddeleri<\/strong>, \u00f6zellikle i\u00e7in geli\u015ftirilmi\u015ftir <strong data-start=\"4249\" data-end=\"4309\">analitik, adli ve kimyasal laboratuvar ara\u015ft\u0131rmalar\u0131<\/strong>. 4 fma<br data-start=\"4310\" data-end=\"4313\" \/>Bu kar\u0131\u015f\u0131m \u015funlar\u0131 i\u00e7erir: <strong data-start=\"4328\" data-end=\"4354\">florlu analoglar<\/strong> se\u00e7ilmi\u015f ara\u015ft\u0131rma bile\u015fiklerinin, ideal <strong data-start=\"4412\" data-end=\"4463\">yap\u0131-aktivite ili\u015fkisi (SAR) ara\u015ft\u0131rmas\u0131<\/strong>, <strong data-start=\"4465\" data-end=\"4495\">kromatografik analizler<\/strong> Ve <strong data-start=\"4499\" data-end=\"4533\">spektroskopik tan\u0131mlama<\/strong>.<\/p>\n<p data-start=\"4538\" data-end=\"4856\">Her parti \u015fu \u015fekilde \u00fcretilir: <strong data-start=\"4574\" data-end=\"4619\">kontroll\u00fc laboratuvar ko\u015fullar\u0131<\/strong> ve bir test \u00fczerinde <strong data-start=\"4637\" data-end=\"4661\">\u2265 98% safl\u0131\u011f\u0131<\/strong>Tutarl\u0131 ve g\u00fcvenilir ara\u015ft\u0131rma sonu\u00e7lar\u0131n\u0131n elde edilmesini sa\u011flar.<br data-start=\"4726\" data-end=\"4729\" \/>Kar\u0131\u015f\u0131m bir \u015fekilde teslim edilir <strong data-start=\"4758\" data-end=\"4807\">nem ge\u00e7irmez tekrar kapat\u0131labilir laboratuvar \u00e7antas\u0131<\/strong> g\u00fcvenli depolama ve uzun vadeli istikrar i\u00e7in.<\/p>\n<blockquote data-start=\"4858\" data-end=\"5002\">\n<p data-start=\"4860\" data-end=\"5002\">\u26a0\ufe0f <strong data-start=\"4863\" data-end=\"4874\">Not:<\/strong> Fluor Mix yaln\u0131zca a\u015fa\u011f\u0131dakiler i\u00e7in tasarlanm\u0131\u015ft\u0131r: <strong data-start=\"4913\" data-end=\"4948\">ara\u015ft\u0131rma ve analitik kullan\u0131m<\/strong> \u2014 <strong data-start=\"4951\" data-end=\"4999\">insan veya hayvan t\u00fcketimi i\u00e7in de\u011fil<\/strong>.<\/p>\n<\/blockquote>\n<hr data-start=\"5004\" data-end=\"5007\" \/>\n<h3 data-start=\"5009\" data-end=\"5040\"><strong data-start=\"5013\" data-end=\"5040\">Temel \u00d6zellikler<\/strong><\/h3>\n<div class=\"_tableContainer_1rjym_1\">\n<div class=\"group _tableWrapper_1rjym_13 flex w-fit flex-col-reverse\" tabindex=\"-1\">\n<table class=\"w-fit min-w-(--thread-content-width)\" data-start=\"5042\" data-end=\"5582\">\n<thead data-start=\"5042\" data-end=\"5068\">\n<tr data-start=\"5042\" data-end=\"5068\">\n<th data-start=\"5042\" data-end=\"5052\" data-col-size=\"sm\">\u00d6zellik<\/th>\n<th data-start=\"5052\" data-end=\"5068\" data-col-size=\"md\">Tan\u0131m<\/th>\n<\/tr>\n<\/thead>\n<tbody data-start=\"5097\" data-end=\"5582\">\n<tr data-start=\"5097\" data-end=\"5128\">\n<td data-start=\"5097\" data-end=\"5115\" data-col-size=\"sm\"><strong data-start=\"5099\" data-end=\"5114\">\u00dcr\u00fcn ad\u0131<\/strong><\/td>\n<td data-start=\"5115\" data-end=\"5128\" data-col-size=\"md\">Flor Kar\u0131\u015f\u0131m\u0131<\/td>\n<\/tr>\n<tr data-start=\"5129\" data-end=\"5167\">\n<td data-start=\"5129\" data-end=\"5147\" data-col-size=\"sm\"><strong data-start=\"5131\" data-end=\"5146\">Miktar<\/strong><\/td>\n<td data-start=\"5147\" data-end=\"5167\" data-col-size=\"md\">Torba ba\u015f\u0131na 1 gram<\/td>\n<\/tr>\n<tr data-start=\"5168\" data-end=\"5206\">\n<td data-start=\"5168\" data-end=\"5179\" data-col-size=\"sm\"><strong data-start=\"5170\" data-end=\"5178\">Bi\u00e7im<\/strong><\/td>\n<td data-start=\"5179\" data-end=\"5206\" data-col-size=\"md\">\u0130nce kristal toz<\/td>\n<\/tr>\n<tr data-start=\"5207\" data-end=\"5260\">\n<td data-start=\"5207\" data-end=\"5224\" data-col-size=\"sm\"><strong data-start=\"5209\" data-end=\"5223\">Safl\u0131k<\/strong><\/td>\n<td data-start=\"5224\" data-end=\"5260\" data-col-size=\"md\">\u2265 98% (HPLC ve GC\/MS ile test edilmi\u015ftir)<\/td>\n<\/tr>\n<tr data-start=\"5261\" data-end=\"5346\">\n<td data-start=\"5261\" data-end=\"5281\" data-col-size=\"sm\"><strong data-start=\"5263\" data-end=\"5280\">Birle\u015ftirmek<\/strong><\/td>\n<td data-start=\"5281\" data-end=\"5346\" data-col-size=\"md\">Florlu ara\u015ft\u0131rma maddelerinin kar\u0131\u015f\u0131m\u0131 (partiye ba\u011fl\u0131)<\/td>\n<\/tr>\n<tr data-start=\"5347\" data-end=\"5423\">\n<td data-start=\"5347\" data-end=\"5368\" data-col-size=\"sm\"><strong data-start=\"5349\" data-end=\"5367\">Kimyasal Tip<\/strong><\/td>\n<td data-start=\"5368\" data-end=\"5423\" data-col-size=\"md\">Florlu analoglar \/ analitik standart kar\u0131\u015f\u0131m<\/td>\n<\/tr>\n<tr data-start=\"5424\" data-end=\"5498\">\n<td data-start=\"5424\" data-end=\"5438\" data-col-size=\"sm\"><strong data-start=\"5426\" data-end=\"5437\">Kullan\u0131m<\/strong><\/td>\n<td data-start=\"5438\" data-end=\"5498\" data-col-size=\"md\">Sadece analitik, adli ve kimyasal ara\u015ft\u0131rmalar i\u00e7in<\/td>\n<\/tr>\n<tr data-start=\"5499\" data-end=\"5582\">\n<td data-start=\"5499\" data-end=\"5516\" data-col-size=\"sm\"><strong data-start=\"5501\" data-end=\"5515\">Ambalajlama<\/strong><\/td>\n<td data-start=\"5516\" data-end=\"5582\" data-col-size=\"md\">Tekrar kapat\u0131labilir, antistatik ve neme dayan\u0131kl\u0131 laboratuvar \u00e7antas\u0131<\/td>\n<\/tr>\n<\/tbody>\n<\/table>\n<\/div>\n<\/div>\n<hr data-start=\"5584\" data-end=\"5587\" \/>\n<h3 data-start=\"5589\" data-end=\"5606\"><strong data-start=\"5593\" data-end=\"5606\">Avantajlar\u0131<\/strong><\/h3>\n<ul data-start=\"5608\" data-end=\"6045\">\n<li data-start=\"5608\" data-end=\"5688\">\n<p data-start=\"5610\" data-end=\"5688\"><strong data-start=\"5610\" data-end=\"5629\">Y\u00fcksek Safl\u0131k<\/strong> \u2013 G\u00fcvenilir analizler i\u00e7in \u2265 98% laboratuvar kalitesi.<\/p>\n<\/li>\n<li data-start=\"5689\" data-end=\"5779\">\n<p data-start=\"5691\" data-end=\"5779\"><strong data-start=\"5691\" data-end=\"5716\">Flor i\u00e7eren form\u00fcl<\/strong> \u2013 Kar\u015f\u0131la\u015ft\u0131rma i\u00e7in \u00f6zenle se\u00e7ilmi\u015f analoglar\u0131 i\u00e7erir.<\/p>\n<\/li>\n<li data-start=\"5780\" data-end=\"5875\">\n<p data-start=\"5782\" data-end=\"5875\"><strong data-start=\"5782\" data-end=\"5812\">Geni\u015f \u00e7apta ara\u015ft\u0131rma uygulanabilir<\/strong> \u2013 Kromatografik ve spektroskopik testlere uygundur.<\/p>\n<\/li>\n<li data-start=\"5876\" data-end=\"5968\">\n<p data-start=\"5878\" data-end=\"5968\"><strong data-start=\"5878\" data-end=\"5906\">Kontroll\u00fc \u00dcretim<\/strong> \u2013 Her parti laboratuvar ko\u015fullar\u0131nda \u00fcretilmektedir.<\/p>\n<\/li>\n<li data-start=\"5969\" data-end=\"6045\">\n<p data-start=\"5971\" data-end=\"6045\"><strong data-start=\"5971\" data-end=\"5993\">Uzun Raf \u00d6mr\u00fc<\/strong> \u2013 Ambalaj neme ve bozulmaya kar\u015f\u0131 koruma sa\u011flar.<\/p>\n<\/li>\n<\/ul>\n<hr data-start=\"6047\" data-end=\"6050\" \/>\n<h3 data-start=\"6052\" data-end=\"6104\"><strong data-start=\"6056\" data-end=\"6102\">Kullan\u0131m (Sadece Ara\u015ft\u0131rma Ama\u00e7l\u0131)<\/strong><\/h3>\n<ol data-start=\"6106\" data-end=\"6508\">\n<li data-start=\"6106\" data-end=\"6212\">\n<p data-start=\"6109\" data-end=\"6212\"><strong data-start=\"6109\" data-end=\"6124\">Kullan\u0131m:<\/strong> Eldiven, koruyucu g\u00f6zl\u00fck ve laboratuvar \u00f6nl\u00fc\u011f\u00fc giyin; kontroll\u00fc bir ortamda \u00e7al\u0131\u015f\u0131n.<\/p>\n<\/li>\n<li data-start=\"6213\" data-end=\"6288\">\n<p data-start=\"6216\" data-end=\"6288\"><strong data-start=\"6216\" data-end=\"6229\">\u00d6l\u00e7\u00fcmler:<\/strong> Kalibre edilmi\u015f laboratuvar terazilerini ve cihazlar\u0131n\u0131 kullan\u0131n.<\/p>\n<\/li>\n<li data-start=\"6289\" data-end=\"6367\">\n<p data-start=\"6292\" data-end=\"6367\"><strong data-start=\"6292\" data-end=\"6303\">Depolamak:<\/strong> Serin (2\u20138\u00b0C), kuru ve karanl\u0131kta, orijinal ambalaj\u0131nda saklay\u0131n\u0131z.<\/p>\n<\/li>\n<li data-start=\"6368\" data-end=\"6432\">\n<p data-start=\"6371\" data-end=\"6432\"><strong data-start=\"6371\" data-end=\"6383\">Analiz:<\/strong> GC\/MS, LC-MS, HPLC, FTIR ve NMR i\u00e7in uygundur. 4 fma<\/p>\n<\/li>\n<li data-start=\"6433\" data-end=\"6508\">\n<p data-start=\"6436\" data-end=\"6508\"><strong data-start=\"6436\" data-end=\"6453\">Belgeleme:<\/strong> Uygunluk i\u00e7in parti numaralar\u0131n\u0131 ve test sonu\u00e7lar\u0131n\u0131 kaydedin.<\/p>\n<\/li>\n<\/ol>\n<hr data-start=\"6510\" data-end=\"6513\" \/>\n<h3 data-start=\"6515\" data-end=\"6550\"><strong data-start=\"6519\" data-end=\"6548\">S\u0131k\u00e7a Sorulan Sorular (SSS)<\/strong><\/h3>\n<p data-start=\"6552\" data-end=\"6689\"><strong data-start=\"6552\" data-end=\"6576\">1. Flor Kar\u0131\u015f\u0131m\u0131 Nedir?<\/strong><br data-start=\"6576\" data-end=\"6579\" \/><strong data-start=\"6579\" data-end=\"6592\">Flor Kar\u0131\u015f\u0131m\u0131<\/strong> bir <strong data-start=\"6600\" data-end=\"6646\">florlu ara\u015ft\u0131rma maddelerinin kar\u0131\u015f\u0131m\u0131<\/strong> analitik ve adli ara\u015ft\u0131rmalar i\u00e7in.<\/p>\n<p data-start=\"6691\" data-end=\"6829\"><strong data-start=\"6691\" data-end=\"6737\">2. Flor Kar\u0131\u015f\u0131m\u0131 Po\u015feti (1g) i\u00e7erisinde neler var?<\/strong><br data-start=\"6737\" data-end=\"6740\" \/>\u00c7anta \u015funlar\u0131 i\u00e7erir: <strong data-start=\"6756\" data-end=\"6812\">1 gram y\u00fcksek safl\u0131kta florlu bile\u015fik (\u2265 98%)<\/strong> toz halinde.<\/p>\n<p data-start=\"6831\" data-end=\"7016\"><strong data-start=\"6831\" data-end=\"6874\">3. Flor Kar\u0131\u015f\u0131m\u0131 sat\u0131n almak yasal m\u0131d\u0131r?<\/strong><br data-start=\"6874\" data-end=\"6877\" \/>The <strong data-start=\"6880\" data-end=\"6908\">Flor Kar\u0131\u015f\u0131m\u0131n\u0131n yasall\u0131\u011f\u0131<\/strong> \u00dclkeye ve bile\u015fime g\u00f6re de\u011fi\u015fir. Kullanmadan \u00f6nce daima yerel y\u00f6netmelikleri kontrol edin. <strong data-start=\"6994\" data-end=\"7013\">Fluor Mix sat\u0131n al\u0131yor<\/strong>.<\/p>","protected":false},"excerpt":{"rendered":"<h2><strong><span dir=\"auto\" style=\"vertical-align: inherit;\"><span dir=\"auto\" style=\"vertical-align: inherit;\">1 graml\u0131k flor kar\u0131\u015f\u0131m\u0131 (4-FMA, 2-FMA, 2-FA) po\u015feti<\/span><\/span><\/strong><\/h2>","protected":false},"featured_media":21609,"comment_status":"closed","ping_status":"closed","template":"","meta":[],"product_brand":[],"product_cat":[555],"product_tag":[629,644,326],"class_list":{"0":"post-24490","1":"product","2":"type-product","3":"status-publish","4":"has-post-thumbnail","6":"product_cat-b2b","7":"product_tag-4-fma-kopen","8":"product_tag-4-fma","9":"product_tag-nl","11":"first","12":"instock","13":"taxable","14":"shipping-taxable","15":"purchasable","16":"product-type-variable"},"_links":{"self":[{"href":"https:\/\/researchchemicalhub.com\/tr\/wp-json\/wp\/v2\/product\/24490","targetHints":{"allow":["GET"]}}],"collection":[{"href":"https:\/\/researchchemicalhub.com\/tr\/wp-json\/wp\/v2\/product"}],"about":[{"href":"https:\/\/researchchemicalhub.com\/tr\/wp-json\/wp\/v2\/types\/product"}],"replies":[{"embeddable":true,"href":"https:\/\/researchchemicalhub.com\/tr\/wp-json\/wp\/v2\/comments?post=24490"}],"version-history":[{"count":5,"href":"https:\/\/researchchemicalhub.com\/tr\/wp-json\/wp\/v2\/product\/24490\/revisions"}],"predecessor-version":[{"id":27781,"href":"https:\/\/researchchemicalhub.com\/tr\/wp-json\/wp\/v2\/product\/24490\/revisions\/27781"}],"wp:featuredmedia":[{"embeddable":true,"href":"https:\/\/researchchemicalhub.com\/tr\/wp-json\/wp\/v2\/media\/21609"}],"wp:attachment":[{"href":"https:\/\/researchchemicalhub.com\/tr\/wp-json\/wp\/v2\/media?parent=24490"}],"wp:term":[{"taxonomy":"product_brand","embeddable":true,"href":"https:\/\/researchchemicalhub.com\/tr\/wp-json\/wp\/v2\/product_brand?post=24490"},{"taxonomy":"product_cat","embeddable":true,"href":"https:\/\/researchchemicalhub.com\/tr\/wp-json\/wp\/v2\/product_cat?post=24490"},{"taxonomy":"product_tag","embeddable":true,"href":"https:\/\/researchchemicalhub.com\/tr\/wp-json\/wp\/v2\/product_tag?post=24490"}],"curies":[{"name":"wp","href":"https:\/\/api.w.org\/{rel}","templated":true}]}}