{"id":24475,"date":"2025-10-20T17:41:48","date_gmt":"2025-10-20T17:41:48","guid":{"rendered":"https:\/\/researchchemicalhub.com\/?post_type=product&#038;p=24475"},"modified":"2025-10-21T16:12:54","modified_gmt":"2025-10-21T16:12:54","slug":"4-fma-kopen","status":"publish","type":"product","link":"https:\/\/researchchemicalhub.com\/tr\/shop\/4fma-kopen\/4-fma-kopen\/","title":{"rendered":"4-Flor 4-FMA 120 MG Peletler"},"content":{"rendered":"<h3 data-start=\"4238\" data-end=\"4259\"><strong data-start=\"4242\" data-end=\"4257\">girii\u015f<\/strong><\/h3>\n<p data-start=\"4260\" data-end=\"4618\"><strong data-start=\"4260\" data-end=\"4291\">4-Flor 4-FMA 120 mg Peletler<\/strong> i\u00e7ermek <strong data-start=\"4301\" data-end=\"4343\">120 mg&#039;l\u0131k hassas tart\u0131lm\u0131\u015f peletler<\/strong> <strong data-start=\"4344\" data-end=\"4383\">4-FMA (4-Floro-N-metilamfetamin)<\/strong> - Bir <strong data-start=\"4390\" data-end=\"4425\">florlu amfetamin analo\u011fu<\/strong> -den <strong data-start=\"4433\" data-end=\"4472\">fenetilamin ve amfetamin ailesi<\/strong>. 4 fma sat\u0131n al<br data-start=\"4473\" data-end=\"4476\" \/>4-FMA yap\u0131sal olarak a\u015fa\u011f\u0131dakilerle ili\u015fkilidir: <strong data-start=\"4509\" data-end=\"4517\">4-FA<\/strong> Ve <strong data-start=\"4521\" data-end=\"4535\">amfetamin<\/strong> ve yayg\u0131n olarak kullan\u0131l\u0131r <strong data-start=\"4562\" data-end=\"4615\">n\u00f6rokimyasal, analitik ve adli ara\u015ft\u0131rmalar<\/strong>.<\/p>\n<p data-start=\"4620\" data-end=\"4918\">Peletler a\u015fa\u011f\u0131dakilere g\u00f6re \u00fcretilir: <strong data-start=\"4659\" data-end=\"4705\">laboratuvar standartlar\u0131 (\u2265 98% safl\u0131k)<\/strong> ve idealdir <strong data-start=\"4726\" data-end=\"4784\">kromatografik, spektroskopik ve yap\u0131sal (SAR)<\/strong> ara\u015ft\u0131rma.<br data-start=\"4795\" data-end=\"4798\" \/>Her pelet <strong data-start=\"4813\" data-end=\"4872\">ayr\u0131 ayr\u0131 preslenmi\u015f ve blister ambalajda paketlenmi\u015ftir<\/strong> istikrar ve g\u00fcvenli\u011fi sa\u011flamak i\u00e7in.<\/p>\n<blockquote data-start=\"4920\" data-end=\"5066\">\n<p data-start=\"4922\" data-end=\"5066\">\u26a0\ufe0f <strong data-start=\"4925\" data-end=\"4936\">Not:<\/strong> Bu \u00fcr\u00fcn yaln\u0131zca a\u015fa\u011f\u0131daki ama\u00e7lar i\u00e7in tasarlanm\u0131\u015ft\u0131r: <strong data-start=\"4977\" data-end=\"5012\">ara\u015ft\u0131rma ve analitik kullan\u0131m<\/strong> \u2014 <strong data-start=\"5015\" data-end=\"5063\">insan veya hayvan t\u00fcketimi i\u00e7in de\u011fil<\/strong>.<\/p>\n<\/blockquote>\n<hr data-start=\"5068\" data-end=\"5071\" \/>\n<h3 data-start=\"5073\" data-end=\"5104\"><strong data-start=\"5077\" data-end=\"5104\">Temel \u00d6zellikler<\/strong><\/h3>\n<div class=\"_tableContainer_1rjym_1\">\n<div class=\"group _tableWrapper_1rjym_13 flex w-fit flex-col-reverse\" tabindex=\"-1\">\n<table class=\"w-fit min-w-(--thread-content-width)\" data-start=\"5106\" data-end=\"5685\">\n<thead data-start=\"5106\" data-end=\"5132\">\n<tr data-start=\"5106\" data-end=\"5132\">\n<th data-start=\"5106\" data-end=\"5116\" data-col-size=\"sm\">\u00d6zellik<\/th>\n<th data-start=\"5116\" data-end=\"5132\" data-col-size=\"md\">Tan\u0131m<\/th>\n<\/tr>\n<\/thead>\n<tbody data-start=\"5161\" data-end=\"5685\">\n<tr data-start=\"5161\" data-end=\"5213\">\n<td data-start=\"5161\" data-end=\"5182\" data-col-size=\"sm\"><strong data-start=\"5163\" data-end=\"5181\">Kimyasal Ad\u0131<\/strong><\/td>\n<td data-start=\"5182\" data-end=\"5213\" data-col-size=\"md\">4-Floro-N-metilamfetamin<\/td>\n<\/tr>\n<tr data-start=\"5214\" data-end=\"5268\">\n<td data-start=\"5214\" data-end=\"5239\" data-col-size=\"sm\"><strong data-start=\"5216\" data-end=\"5238\">Yayg\u0131n Ad\u0131<\/strong><\/td>\n<td data-start=\"5239\" data-end=\"5268\" data-col-size=\"md\">4-FMA \/ 4-Floramfetamin<\/td>\n<\/tr>\n<tr data-start=\"5269\" data-end=\"5305\">\n<td data-start=\"5269\" data-end=\"5293\" data-col-size=\"sm\"><strong data-start=\"5271\" data-end=\"5292\">Kimyasal Form\u00fcl<\/strong><\/td>\n<td data-start=\"5293\" data-end=\"5305\" data-col-size=\"md\">C\u2081\u2080H\u2081\u2084FN<\/td>\n<\/tr>\n<tr data-start=\"5306\" data-end=\"5344\">\n<td data-start=\"5306\" data-end=\"5328\" data-col-size=\"sm\"><strong data-start=\"5308\" data-end=\"5327\">Molek\u00fcler a\u011f\u0131rl\u0131k<\/strong><\/td>\n<td data-start=\"5328\" data-end=\"5344\" data-col-size=\"md\">167,22 g\/mol<\/td>\n<\/tr>\n<tr data-start=\"5345\" data-end=\"5380\">\n<td data-start=\"5345\" data-end=\"5360\" data-col-size=\"sm\"><strong data-start=\"5347\" data-end=\"5359\">Dozaj<\/strong><\/td>\n<td data-start=\"5360\" data-end=\"5380\" data-col-size=\"md\">pelet ba\u015f\u0131na 120 mg<\/td>\n<\/tr>\n<tr data-start=\"5381\" data-end=\"5428\">\n<td data-start=\"5381\" data-end=\"5392\" data-col-size=\"sm\"><strong data-start=\"5383\" data-end=\"5391\">Bi\u00e7im<\/strong><\/td>\n<td data-start=\"5392\" data-end=\"5428\" data-col-size=\"md\">Kat\u0131 pelet (blister ambalaj)<\/td>\n<\/tr>\n<tr data-start=\"5429\" data-end=\"5480\">\n<td data-start=\"5429\" data-end=\"5446\" data-col-size=\"sm\"><strong data-start=\"5431\" data-end=\"5445\">Safl\u0131k<\/strong><\/td>\n<td data-start=\"5446\" data-end=\"5480\" data-col-size=\"md\">\u2265 98% (HPLC ve NMR ile test edilmi\u015ftir)<\/td>\n<\/tr>\n<tr data-start=\"5481\" data-end=\"5550\">\n<td data-start=\"5481\" data-end=\"5504\" data-col-size=\"sm\"><strong data-start=\"5483\" data-end=\"5503\">Kimyasal S\u0131n\u0131f<\/strong><\/td>\n<td data-start=\"5504\" data-end=\"5550\" data-col-size=\"md\">\u0130kame edilmi\u015f amfetamin \/ fenetilamin<\/td>\n<\/tr>\n<tr data-start=\"5551\" data-end=\"5625\">\n<td data-start=\"5551\" data-end=\"5565\" data-col-size=\"sm\"><strong data-start=\"5553\" data-end=\"5564\">Kullan\u0131m<\/strong><\/td>\n<td data-start=\"5565\" data-end=\"5625\" data-col-size=\"md\">Sadece analitik, adli ve kimyasal ara\u015ft\u0131rmalar i\u00e7in<\/td>\n<\/tr>\n<tr data-start=\"5626\" data-end=\"5685\">\n<td data-start=\"5626\" data-end=\"5643\" data-col-size=\"sm\"><strong data-start=\"5628\" data-end=\"5642\">Ambalajlama<\/strong><\/td>\n<td data-start=\"5643\" data-end=\"5685\" data-col-size=\"md\">Kapal\u0131 ambalajl\u0131 blister \u015ferit<\/td>\n<\/tr>\n<\/tbody>\n<\/table>\n<\/div>\n<\/div>\n<hr data-start=\"5687\" data-end=\"5690\" \/>\n<h3 data-start=\"5692\" data-end=\"5709\"><strong data-start=\"5696\" data-end=\"5709\">Avantajlar\u0131<\/strong><\/h3>\n<ul data-start=\"5711\" data-end=\"6136\">\n<li data-start=\"5711\" data-end=\"5793\">\n<p data-start=\"5713\" data-end=\"5793\"><strong data-start=\"5713\" data-end=\"5732\">Y\u00fcksek Safl\u0131k<\/strong> \u2013 G\u00fcvenilir sonu\u00e7lar i\u00e7in \u2265 98% laboratuvar kalitesi.<\/p>\n<\/li>\n<li data-start=\"5794\" data-end=\"5880\">\n<p data-start=\"5796\" data-end=\"5880\"><strong data-start=\"5796\" data-end=\"5820\">Do\u011fru Dozaj<\/strong> \u2013 Tutarl\u0131 ara\u015ft\u0131rma sonu\u00e7lar\u0131 i\u00e7in pelet ba\u015f\u0131na 120 mg.<\/p>\n<\/li>\n<li data-start=\"5881\" data-end=\"5964\">\n<p data-start=\"5883\" data-end=\"5964\"><strong data-start=\"5883\" data-end=\"5905\">G\u00fcvenli Paketleme<\/strong> \u2013 Blister ambalaj, neme ve bozulmaya kar\u015f\u0131 koruma sa\u011flar.<\/p>\n<\/li>\n<li data-start=\"5965\" data-end=\"6048\">\n<p data-start=\"5967\" data-end=\"6048\"><strong data-start=\"5967\" data-end=\"5987\">Yayg\u0131n Olarak Uygulanabilir<\/strong> \u2013 GC\/MS, LC-MS, FTIR, HPLC ve spektroskopi i\u00e7in uygundur.<\/p>\n<\/li>\n<li data-start=\"6049\" data-end=\"6136\">\n<p data-start=\"6051\" data-end=\"6136\"><strong data-start=\"6051\" data-end=\"6075\">Tamamen \u0130zlenebilir<\/strong> \u2013 Her partinin kalite ve safl\u0131k belgeleri mevcuttur. 4 fma sat\u0131n al\u0131n<\/p>\n<\/li>\n<\/ul>\n<hr data-start=\"6138\" data-end=\"6141\" \/>\n<h3 data-start=\"6143\" data-end=\"6195\"><strong data-start=\"6147\" data-end=\"6193\">Kullan\u0131m (Sadece Ara\u015ft\u0131rma Ama\u00e7l\u0131)<\/strong><\/h3>\n<ol data-start=\"6197\" data-end=\"6641\">\n<li data-start=\"6197\" data-end=\"6308\">\n<p data-start=\"6200\" data-end=\"6308\"><strong data-start=\"6200\" data-end=\"6215\">Kullan\u0131m:<\/strong> Eldiven, koruyucu g\u00f6zl\u00fck ve laboratuvar \u00f6nl\u00fc\u011f\u00fc giyin; kontroll\u00fc ko\u015fullar alt\u0131nda \u00e7al\u0131\u015f\u0131n.<\/p>\n<\/li>\n<li data-start=\"6309\" data-end=\"6391\">\n<p data-start=\"6312\" data-end=\"6391\"><strong data-start=\"6312\" data-end=\"6325\">\u00d6l\u00e7\u00fcmler:<\/strong> Her pelet 120 mg i\u00e7erir; laboratuvar d\u0131\u015f\u0131nda de\u011fi\u015ftirmeyin.<\/p>\n<\/li>\n<li data-start=\"6392\" data-end=\"6477\">\n<p data-start=\"6395\" data-end=\"6477\"><strong data-start=\"6395\" data-end=\"6406\">Depolamak:<\/strong> Serin (2\u20138\u00b0C), kuru ve karanl\u0131kta, orijinal blister ambalaj\u0131nda saklay\u0131n\u0131z.<\/p>\n<\/li>\n<li data-start=\"6478\" data-end=\"6565\">\n<p data-start=\"6481\" data-end=\"6565\"><strong data-start=\"6481\" data-end=\"6493\">Analiz:<\/strong> Kromatografi, spektroskopi ve yap\u0131sal ara\u015ft\u0131rmalara uygundur.<\/p>\n<\/li>\n<li data-start=\"6566\" data-end=\"6641\">\n<p data-start=\"6569\" data-end=\"6641\"><strong data-start=\"6569\" data-end=\"6586\">Belgeleme:<\/strong> Uygunluk i\u00e7in parti numaralar\u0131n\u0131 ve test sonu\u00e7lar\u0131n\u0131 kaydedin.<\/p>\n<\/li>\n<\/ol>\n<hr data-start=\"6643\" data-end=\"6646\" \/>\n<h3 data-start=\"6648\" data-end=\"6683\"><strong data-start=\"6652\" data-end=\"6681\">S\u0131k\u00e7a Sorulan Sorular (SSS)<\/strong><\/h3>\n<p data-start=\"6685\" data-end=\"6856\"><strong data-start=\"6685\" data-end=\"6705\">1. 4-FMA nedir?<\/strong><br data-start=\"6705\" data-end=\"6708\" \/><strong data-start=\"6708\" data-end=\"6747\">4-FMA (4-Floro-N-metilamfetamin)<\/strong> bir <strong data-start=\"6755\" data-end=\"6792\">florlu amfetamin bile\u015fi\u011fi<\/strong> kimyasal ve farmakolojik ara\u015ft\u0131rmalarda kullan\u0131l\u0131r.<\/p>\n<p data-start=\"6858\" data-end=\"7036\"><strong data-start=\"6858\" data-end=\"6910\">2. 4-FMA 120 mg Peletler ne i\u00e7in kullan\u0131l\u0131r?<\/strong><br data-start=\"6910\" data-end=\"6913\" \/>Bunlar i\u00e7in kullan\u0131l\u0131r <strong data-start=\"6937\" data-end=\"6990\">analitik, adli ve n\u00f6rokimyasal ara\u015ft\u0131rmalar<\/strong>kromatografi ve spektroskopi dahil.<\/p>\n<p data-start=\"7038\" data-end=\"7249\"><strong data-start=\"7038\" data-end=\"7077\">3. 4-FMA sat\u0131n almak yasal m\u0131?<\/strong><br data-start=\"7077\" data-end=\"7080\" \/>The <strong data-start=\"7083\" data-end=\"7107\">4-FMA&#039;n\u0131n yasall\u0131\u011f\u0131<\/strong> \u00dclkeye g\u00f6re de\u011fi\u015fir. Baz\u0131 \u00fclkelerde kontroll\u00fc madde olarak kabul edilir. Kullanmadan \u00f6nce mutlaka yerel y\u00f6netmelikleri kontrol edin. <strong data-start=\"7231\" data-end=\"7246\">4-FMA sat\u0131n al\u0131yor<\/strong>.<\/p>","protected":false},"excerpt":{"rendered":"<p>Giri\u015f 4-Fluor 4-FMA 120 mg Peletler, fenetilamin ailesinden florlu bir amfetamin analo\u011fu olan 120 mg 4-FMA&#039;n\u0131n (4-Floro-N-metilamfetamin) hassas bir \u015fekilde tart\u0131lm\u0131\u015f peletlerini i\u00e7erir<\/p>","protected":false},"featured_media":21429,"comment_status":"closed","ping_status":"closed","template":"","meta":[],"product_brand":[],"product_cat":[459,460,322,333,324],"product_tag":[629,326],"class_list":{"0":"post-24475","1":"product","2":"type-product","3":"status-publish","4":"has-post-thumbnail","6":"product_cat-4fma-kopen","7":"product_cat-4-fma-pellets","8":"product_cat-bijna-verboden","9":"product_cat-gefluoreerden","10":"product_cat-pellets-for-pellet","11":"product_tag-4-fma-kopen","12":"product_tag-nl","14":"first","15":"instock","16":"taxable","17":"shipping-taxable","18":"purchasable","19":"product-type-variable"},"_links":{"self":[{"href":"https:\/\/researchchemicalhub.com\/tr\/wp-json\/wp\/v2\/product\/24475","targetHints":{"allow":["GET"]}}],"collection":[{"href":"https:\/\/researchchemicalhub.com\/tr\/wp-json\/wp\/v2\/product"}],"about":[{"href":"https:\/\/researchchemicalhub.com\/tr\/wp-json\/wp\/v2\/types\/product"}],"replies":[{"embeddable":true,"href":"https:\/\/researchchemicalhub.com\/tr\/wp-json\/wp\/v2\/comments?post=24475"}],"version-history":[{"count":5,"href":"https:\/\/researchchemicalhub.com\/tr\/wp-json\/wp\/v2\/product\/24475\/revisions"}],"predecessor-version":[{"id":27785,"href":"https:\/\/researchchemicalhub.com\/tr\/wp-json\/wp\/v2\/product\/24475\/revisions\/27785"}],"wp:featuredmedia":[{"embeddable":true,"href":"https:\/\/researchchemicalhub.com\/tr\/wp-json\/wp\/v2\/media\/21429"}],"wp:attachment":[{"href":"https:\/\/researchchemicalhub.com\/tr\/wp-json\/wp\/v2\/media?parent=24475"}],"wp:term":[{"taxonomy":"product_brand","embeddable":true,"href":"https:\/\/researchchemicalhub.com\/tr\/wp-json\/wp\/v2\/product_brand?post=24475"},{"taxonomy":"product_cat","embeddable":true,"href":"https:\/\/researchchemicalhub.com\/tr\/wp-json\/wp\/v2\/product_cat?post=24475"},{"taxonomy":"product_tag","embeddable":true,"href":"https:\/\/researchchemicalhub.com\/tr\/wp-json\/wp\/v2\/product_tag?post=24475"}],"curies":[{"name":"wp","href":"https:\/\/api.w.org\/{rel}","templated":true}]}}