{"id":24443,"date":"2025-10-20T17:41:44","date_gmt":"2025-10-20T17:41:44","guid":{"rendered":"https:\/\/researchchemicalhub.com\/?post_type=product&#038;p=24443"},"modified":"2025-10-29T08:23:18","modified_gmt":"2025-10-29T08:23:18","slug":"ipph-25-mg-pellets","status":"publish","type":"product","link":"https:\/\/researchchemicalhub.com\/tr\/shop\/ipph\/ipph-25-mg-pellets\/","title":{"rendered":"\u0130zopropilfenidat (IPPH) 25 MG Peletler"},"content":{"rendered":"<h3 data-start=\"4132\" data-end=\"4153\"><strong data-start=\"4136\" data-end=\"4151\">girii\u015f<\/strong><\/h3>\n<p data-start=\"4154\" data-end=\"4608\"><strong data-start=\"4154\" data-end=\"4195\">\u0130zopropilfenidat (IPPH) 25 mg Pelet<\/strong> i\u00e7ermek <strong data-start=\"4205\" data-end=\"4242\">25 mg y\u00fcksek safl\u0131kta \u0130zopropilfenidat<\/strong>, Bir <strong data-start=\"4248\" data-end=\"4272\">piperidin bile\u015fi\u011fi<\/strong> yap\u0131sal olarak ili\u015fkili olan <strong data-start=\"4304\" data-end=\"4322\">metilfenidat<\/strong> Ve <strong data-start=\"4326\" data-end=\"4343\">etilfenidat<\/strong>.ipph\u00a0<br data-start=\"4344\" data-end=\"4347\" \/>\u0130\u00e7eri <strong data-start=\"4354\" data-end=\"4395\">n\u00f6rokimyasal ve analitik ara\u015ft\u0131rma<\/strong> IPPH \u015fu \u015fekilde kullan\u0131l\u0131r: <strong data-start=\"4420\" data-end=\"4473\">dopamin ve noradrenalin geri al\u0131m inhibit\u00f6r\u00fc analogu<\/strong>\u00c7al\u0131\u015fmalarda kullan\u0131l\u0131r <strong data-start=\"4512\" data-end=\"4538\">monoamin ta\u015f\u0131y\u0131c\u0131lar\u0131<\/strong>, <strong data-start=\"4540\" data-end=\"4582\">yap\u0131-aktivite ili\u015fkileri (SAR)<\/strong> Ve <strong data-start=\"4586\" data-end=\"4605\">resept\u00f6r ba\u011flanmas\u0131<\/strong>.<\/p>\n<p data-start=\"4610\" data-end=\"4786\">Her pelet bir <strong data-start=\"4646\" data-end=\"4670\">\u2265 98% safl\u0131\u011f\u0131<\/strong>, ayr\u0131 ayr\u0131 paketlenmi\u015f <strong data-start=\"4699\" data-end=\"4715\">blister \u015ferit<\/strong> ve i\u00e7in tasarland\u0131 <strong data-start=\"4734\" data-end=\"4783\">do\u011fru dozajlama ve kimyasal kararl\u0131l\u0131k<\/strong>.<\/p>\n<blockquote data-start=\"4788\" data-end=\"4934\">\n<p data-start=\"4790\" data-end=\"4934\">\u26a0\ufe0f <strong data-start=\"4793\" data-end=\"4804\">Not:<\/strong> Bu \u00fcr\u00fcn yaln\u0131zca a\u015fa\u011f\u0131daki ama\u00e7lar i\u00e7in tasarlanm\u0131\u015ft\u0131r: <strong data-start=\"4845\" data-end=\"4880\">ara\u015ft\u0131rma ve analitik kullan\u0131m<\/strong> \u2014 <strong data-start=\"4883\" data-end=\"4931\">insan veya hayvan t\u00fcketimi i\u00e7in de\u011fil<\/strong>.<\/p>\n<\/blockquote>\n<hr data-start=\"4936\" data-end=\"4939\" \/>\n<h3 data-start=\"4941\" data-end=\"4972\"><strong data-start=\"4945\" data-end=\"4972\">Temel \u00d6zellikler<\/strong><\/h3>\n<div class=\"_tableContainer_1rjym_1\">\n<div class=\"group _tableWrapper_1rjym_13 flex w-fit flex-col-reverse\" tabindex=\"-1\">\n<table class=\"w-fit min-w-(--thread-content-width)\" data-start=\"4974\" data-end=\"5527\">\n<thead data-start=\"4974\" data-end=\"5000\">\n<tr data-start=\"4974\" data-end=\"5000\">\n<th data-start=\"4974\" data-end=\"4984\" data-col-size=\"sm\">\u00d6zellik<\/th>\n<th data-start=\"4984\" data-end=\"5000\" data-col-size=\"md\">Tan\u0131m<\/th>\n<\/tr>\n<\/thead>\n<tbody data-start=\"5029\" data-end=\"5527\">\n<tr data-start=\"5029\" data-end=\"5085\">\n<td data-start=\"5029\" data-end=\"5050\" data-col-size=\"sm\"><strong data-start=\"5031\" data-end=\"5049\">Kimyasal Ad\u0131<\/strong><\/td>\n<td data-start=\"5050\" data-end=\"5085\" data-col-size=\"md\">\u0130zopropilfenidat Hidroklor\u00fcr<\/td>\n<\/tr>\n<tr data-start=\"5086\" data-end=\"5119\">\n<td data-start=\"5086\" data-end=\"5111\" data-col-size=\"sm\"><strong data-start=\"5088\" data-end=\"5110\">Yayg\u0131n Ad\u0131<\/strong><\/td>\n<td data-start=\"5111\" data-end=\"5119\" data-col-size=\"md\">IPPH<\/td>\n<\/tr>\n<tr data-start=\"5120\" data-end=\"5157\">\n<td data-start=\"5120\" data-end=\"5144\" data-col-size=\"sm\"><strong data-start=\"5122\" data-end=\"5143\">Kimyasal Form\u00fcl<\/strong><\/td>\n<td data-start=\"5144\" data-end=\"5157\" data-col-size=\"md\">C\u2081\u2085H\u2082\u2081NO\u2082<\/td>\n<\/tr>\n<tr data-start=\"5158\" data-end=\"5196\">\n<td data-start=\"5158\" data-end=\"5180\" data-col-size=\"sm\"><strong data-start=\"5160\" data-end=\"5179\">Molek\u00fcler a\u011f\u0131rl\u0131k<\/strong><\/td>\n<td data-start=\"5180\" data-end=\"5196\" data-col-size=\"md\">247,33 g\/mol<\/td>\n<\/tr>\n<tr data-start=\"5197\" data-end=\"5231\">\n<td data-start=\"5197\" data-end=\"5212\" data-col-size=\"sm\"><strong data-start=\"5199\" data-end=\"5211\">Dozaj<\/strong><\/td>\n<td data-start=\"5212\" data-end=\"5231\" data-col-size=\"md\">pelet ba\u015f\u0131na 25 mg<\/td>\n<\/tr>\n<tr data-start=\"5232\" data-end=\"5279\">\n<td data-start=\"5232\" data-end=\"5243\" data-col-size=\"sm\"><strong data-start=\"5234\" data-end=\"5242\">Bi\u00e7im<\/strong><\/td>\n<td data-start=\"5243\" data-end=\"5279\" data-col-size=\"md\">Kat\u0131 pelet (blister ambalaj)<\/td>\n<\/tr>\n<tr data-start=\"5280\" data-end=\"5331\">\n<td data-start=\"5280\" data-end=\"5297\" data-col-size=\"sm\"><strong data-start=\"5282\" data-end=\"5296\">Safl\u0131k<\/strong><\/td>\n<td data-start=\"5297\" data-end=\"5331\" data-col-size=\"md\">\u2265 98% (HPLC ve NMR ile test edilmi\u015ftir)<\/td>\n<\/tr>\n<tr data-start=\"5332\" data-end=\"5397\">\n<td data-start=\"5332\" data-end=\"5355\" data-col-size=\"sm\"><strong data-start=\"5334\" data-end=\"5354\">Kimyasal S\u0131n\u0131f<\/strong><\/td>\n<td data-start=\"5355\" data-end=\"5397\" data-col-size=\"md\">Piperidin t\u00fcrevi \/ Fenidat analo\u011fu<\/td>\n<\/tr>\n<tr data-start=\"5398\" data-end=\"5477\">\n<td data-start=\"5398\" data-end=\"5412\" data-col-size=\"sm\"><strong data-start=\"5400\" data-end=\"5411\">Kullan\u0131m<\/strong><\/td>\n<td data-start=\"5412\" data-end=\"5477\" data-col-size=\"md\">Sadece analitik, adli ve n\u00f6rokimyasal ara\u015ft\u0131rmalar i\u00e7in<\/td>\n<\/tr>\n<tr data-start=\"5478\" data-end=\"5527\">\n<td data-start=\"5478\" data-end=\"5495\" data-col-size=\"sm\"><strong data-start=\"5480\" data-end=\"5494\">Ambalajlama<\/strong><\/td>\n<td data-start=\"5495\" data-end=\"5527\" data-col-size=\"md\">M\u00fch\u00fcrl\u00fc blister \u015ferit<\/td>\n<\/tr>\n<\/tbody>\n<\/table>\n<\/div>\n<\/div>\n<hr data-start=\"5529\" data-end=\"5532\" \/>\n<h3 data-start=\"5534\" data-end=\"5551\"><strong data-start=\"5538\" data-end=\"5551\">Avantajlar\u0131<\/strong><\/h3>\n<ul data-start=\"5553\" data-end=\"5952\">\n<li data-start=\"5553\" data-end=\"5645\">\n<p data-start=\"5555\" data-end=\"5645\"><strong data-start=\"5555\" data-end=\"5574\">Y\u00fcksek Safl\u0131k<\/strong> \u2013 G\u00fcvenilir ara\u015ft\u0131rma sonu\u00e7lar\u0131 i\u00e7in \u2265 98% laboratuvar kalitesi.<\/p>\n<\/li>\n<li data-start=\"5646\" data-end=\"5719\">\n<p data-start=\"5648\" data-end=\"5719\"><strong data-start=\"5648\" data-end=\"5672\">Do\u011fru Dozaj<\/strong> \u2013 Tutarl\u0131 analiz i\u00e7in pelet ba\u015f\u0131na 25 mg.<\/p>\n<\/li>\n<li data-start=\"5720\" data-end=\"5794\">\n<p data-start=\"5722\" data-end=\"5794\"><strong data-start=\"5722\" data-end=\"5744\">G\u00fcvenli Paketleme<\/strong> \u2013 Nemden, \u0131\u015f\u0131ktan ve kirlenmeden korunmal\u0131d\u0131r.<\/p>\n<\/li>\n<li data-start=\"5795\" data-end=\"5863\">\n<p data-start=\"5797\" data-end=\"5863\"><strong data-start=\"5797\" data-end=\"5817\">Yayg\u0131n Olarak Uygulanabilir<\/strong> \u2013 GC\/MS, LC-MS, FTIR ve HPLC i\u00e7in uygundur.<\/p>\n<\/li>\n<li data-start=\"5864\" data-end=\"5952\">\n<p data-start=\"5866\" data-end=\"5952\"><strong data-start=\"5866\" data-end=\"5893\">Do\u011frulanm\u0131\u015f Kalite<\/strong> \u2013 Her parti test edilip analiz sertifikas\u0131yla birlikte teslim edilir.<\/p>\n<\/li>\n<\/ul>\n<hr data-start=\"5954\" data-end=\"5957\" \/>\n<h3 data-start=\"5959\" data-end=\"6011\"><strong data-start=\"5963\" data-end=\"6009\">Kullan\u0131m (Sadece Ara\u015ft\u0131rma Ama\u00e7l\u0131)<\/strong><\/h3>\n<ol data-start=\"6013\" data-end=\"6382\">\n<li data-start=\"6013\" data-end=\"6082\">\n<p data-start=\"6016\" data-end=\"6082\"><strong data-start=\"6016\" data-end=\"6031\">Kullan\u0131m:<\/strong> Eldiven, g\u00fcvenlik g\u00f6zl\u00fc\u011f\u00fc ve laboratuvar \u00f6nl\u00fc\u011f\u00fc giyin.<\/p>\n<\/li>\n<li data-start=\"6083\" data-end=\"6180\">\n<p data-start=\"6086\" data-end=\"6180\"><strong data-start=\"6086\" data-end=\"6099\">\u00d6l\u00e7\u00fcmler:<\/strong> Her bir pellet tam 25 mg i\u00e7erir; laboratuvar d\u0131\u015f\u0131ndaki ko\u015fullar\u0131 de\u011fi\u015ftirmeyin.<\/p>\n<\/li>\n<li data-start=\"6181\" data-end=\"6235\">\n<p data-start=\"6184\" data-end=\"6235\"><strong data-start=\"6184\" data-end=\"6195\">Depolamak:<\/strong> Serin (2\u20138\u00b0C), kuru ve karanl\u0131kta saklay\u0131n\u0131z.<\/p>\n<\/li>\n<li data-start=\"6236\" data-end=\"6319\">\n<p data-start=\"6239\" data-end=\"6319\"><strong data-start=\"6239\" data-end=\"6251\">Analiz:<\/strong> Kromatografi, spektroskopi ve resept\u00f6r ara\u015ft\u0131rmalar\u0131 i\u00e7in uygundur.<\/p>\n<\/li>\n<li data-start=\"6320\" data-end=\"6382\">\n<p data-start=\"6323\" data-end=\"6382\"><strong data-start=\"6323\" data-end=\"6340\">Belgeleme:<\/strong> Parti numaralar\u0131n\u0131 ve analitik y\u00f6ntemleri kaydedin.<\/p>\n<\/li>\n<\/ol>\n<hr data-start=\"6384\" data-end=\"6387\" \/>\n<h3 data-start=\"6389\" data-end=\"6424\"><strong data-start=\"6393\" data-end=\"6422\">S\u0131k\u00e7a Sorulan Sorular (SSS)<\/strong><\/h3>\n<p data-start=\"6426\" data-end=\"6627\"><strong data-start=\"6426\" data-end=\"6465\">1. \u0130zopropilfenidat (\u0130PPH) nedir?<\/strong><br data-start=\"6465\" data-end=\"6468\" \/><strong data-start=\"6468\" data-end=\"6489\">\u0130zopropilfenidat<\/strong> bir <strong data-start=\"6497\" data-end=\"6521\">piperidin bile\u015fi\u011fi<\/strong> Metilfenidat ile ili\u015fkili olup dopamin ve noradrenalin ta\u015f\u0131y\u0131c\u0131lar\u0131 \u00fczerindeki ara\u015ft\u0131rmalarda kullan\u0131l\u0131r.<\/p>\n<p data-start=\"6629\" data-end=\"6794\"><strong data-start=\"6629\" data-end=\"6679\">2. IPPH 25 mg Peletler ne i\u00e7in kullan\u0131l\u0131r?<\/strong><br data-start=\"6679\" data-end=\"6682\" \/>Peletler \u015funlar i\u00e7in kullan\u0131l\u0131r: <strong data-start=\"6714\" data-end=\"6752\">analitik ve adli ara\u015ft\u0131rma<\/strong>kromatografi ve spektroskopi gibi.<\/p>\n<p data-start=\"6796\" data-end=\"6987\"><strong data-start=\"6796\" data-end=\"6834\">3. IPPH sat\u0131n almak yasal m\u0131?<\/strong><br data-start=\"6834\" data-end=\"6837\" \/>The <strong data-start=\"6840\" data-end=\"6863\">IPPH&#039;nin yasall\u0131\u011f\u0131<\/strong> \u00dclkeye g\u00f6re de\u011fi\u015fir. Baz\u0131 \u00fclkelerde d\u00fczenlemeler mevcuttur. Kullanmadan \u00f6nce mutlaka yerel yasalar\u0131 kontrol edin. <strong data-start=\"6970\" data-end=\"6984\">IPPH sat\u0131n al\u0131yor<\/strong>.<\/p>","protected":false},"excerpt":{"rendered":"<p>Introductie Isopropylfenidaat (IPPH) 25mg Pellets bevatten 25mg hoogzuiver Isopropylfenidaat, een piperidineverbinding die structureel verwant is aan methylfenidaat en ethylfenidaat. ipph\u00a0Binnen<\/p>","protected":false},"featured_media":28547,"comment_status":"closed","ping_status":"closed","template":"","meta":[],"product_brand":[82],"product_cat":[461,462,336,324],"product_tag":[596,928,595,326],"class_list":{"0":"post-24443","1":"product","2":"type-product","3":"status-publish","4":"has-post-thumbnail","6":"product_brand-research-chemical","7":"product_cat-ipph","8":"product_cat-ipph-pellets","9":"product_cat-overig","10":"product_cat-pellets-for-pellet","11":"product_tag-ipph","12":"product_tag-ipph-kopen","13":"product_tag-isopropylphenidate","14":"product_tag-nl","16":"first","17":"instock","18":"taxable","19":"shipping-taxable","20":"purchasable","21":"product-type-variable"},"_links":{"self":[{"href":"https:\/\/researchchemicalhub.com\/tr\/wp-json\/wp\/v2\/product\/24443","targetHints":{"allow":["GET"]}}],"collection":[{"href":"https:\/\/researchchemicalhub.com\/tr\/wp-json\/wp\/v2\/product"}],"about":[{"href":"https:\/\/researchchemicalhub.com\/tr\/wp-json\/wp\/v2\/types\/product"}],"replies":[{"embeddable":true,"href":"https:\/\/researchchemicalhub.com\/tr\/wp-json\/wp\/v2\/comments?post=24443"}],"version-history":[{"count":5,"href":"https:\/\/researchchemicalhub.com\/tr\/wp-json\/wp\/v2\/product\/24443\/revisions"}],"predecessor-version":[{"id":27791,"href":"https:\/\/researchchemicalhub.com\/tr\/wp-json\/wp\/v2\/product\/24443\/revisions\/27791"}],"wp:featuredmedia":[{"embeddable":true,"href":"https:\/\/researchchemicalhub.com\/tr\/wp-json\/wp\/v2\/media\/28547"}],"wp:attachment":[{"href":"https:\/\/researchchemicalhub.com\/tr\/wp-json\/wp\/v2\/media?parent=24443"}],"wp:term":[{"taxonomy":"product_brand","embeddable":true,"href":"https:\/\/researchchemicalhub.com\/tr\/wp-json\/wp\/v2\/product_brand?post=24443"},{"taxonomy":"product_cat","embeddable":true,"href":"https:\/\/researchchemicalhub.com\/tr\/wp-json\/wp\/v2\/product_cat?post=24443"},{"taxonomy":"product_tag","embeddable":true,"href":"https:\/\/researchchemicalhub.com\/tr\/wp-json\/wp\/v2\/product_tag?post=24443"}],"curies":[{"name":"wp","href":"https:\/\/api.w.org\/{rel}","templated":true}]}}