{"id":24435,"date":"2025-10-20T17:41:44","date_gmt":"2025-10-20T17:41:44","guid":{"rendered":"https:\/\/researchchemicalhub.com\/?post_type=product&#038;p=24435"},"modified":"2025-10-29T08:22:26","modified_gmt":"2025-10-29T08:22:26","slug":"3cec","status":"publish","type":"product","link":"https:\/\/researchchemicalhub.com\/tr\/shop\/b2b\/3cec\/","title":{"rendered":"3-CEC HCl po\u015fet 1g"},"content":{"rendered":"<h3 data-start=\"4045\" data-end=\"4066\"><strong data-start=\"4049\" data-end=\"4064\"><span dir=\"auto\" style=\"vertical-align: inherit;\"><span dir=\"auto\" style=\"vertical-align: inherit;\">girii\u015f<\/span><\/span><\/strong><\/h3>\n<p data-start=\"4067\" data-end=\"4515\"><strong data-start=\"4067\" data-end=\"4091\"><span dir=\"auto\" style=\"vertical-align: inherit;\"><span dir=\"auto\" style=\"vertical-align: inherit;\">3-CEC HCl Sachet (1g)<\/span><\/span><\/strong><span dir=\"auto\" style=\"vertical-align: inherit;\"><span dir=\"auto\" style=\"vertical-align: inherit;\"> contains 1 gram <\/span><span dir=\"auto\" style=\"vertical-align: inherit;\">of laboratory grade <\/span><\/span><strong data-start=\"4098\" data-end=\"4150\"><span dir=\"auto\" style=\"vertical-align: inherit;\"><span dir=\"auto\" style=\"vertical-align: inherit;\">3-CEC (3-Chloroethcathinone) Hydrochloride <\/span><\/span><\/strong><strong data-start=\"4155\" data-end=\"4199\"><span dir=\"auto\" style=\"vertical-align: inherit;\"><span dir=\"auto\" style=\"vertical-align: inherit;\">(\u2265 98% purity)<\/span><\/span><\/strong><span dir=\"auto\" style=\"vertical-align: inherit;\"><span dir=\"auto\" style=\"vertical-align: inherit;\"> . <\/span><\/span><br data-start=\"4200\" data-end=\"4203\" \/><span dir=\"auto\" style=\"vertical-align: inherit;\"><span dir=\"auto\" style=\"vertical-align: inherit;\">3-CEC is a <\/span><\/span><strong data-start=\"4216\" data-end=\"4251\"><span dir=\"auto\" style=\"vertical-align: inherit;\"><span dir=\"auto\" style=\"vertical-align: inherit;\">sentetik katinon bile\u015fi\u011fi<\/span><\/span><\/strong><span dir=\"auto\" style=\"vertical-align: inherit;\"><span dir=\"auto\" style=\"vertical-align: inherit;\"> -n\u0131n <\/span><\/span><strong data-start=\"4259\" data-end=\"4288\"><span dir=\"auto\" style=\"vertical-align: inherit;\"><span dir=\"auto\" style=\"vertical-align: inherit;\">\u03b2-ketoamfetamin ailesi<\/span><\/span><\/strong><span dir=\"auto\" style=\"vertical-align: inherit;\"><span dir=\"auto\" style=\"vertical-align: inherit;\"> ve yap\u0131sal olarak ili\u015fkili <\/span><\/span><strong data-start=\"4316\" data-end=\"4325\"><span dir=\"auto\" style=\"vertical-align: inherit;\"><span dir=\"auto\" style=\"vertical-align: inherit;\">3-CMC<\/span><\/span><\/strong><span dir=\"auto\" style=\"vertical-align: inherit;\"><span dir=\"auto\" style=\"vertical-align: inherit;\"> Ve <\/span><\/span><strong data-start=\"4329\" data-end=\"4338\"><span dir=\"auto\" style=\"vertical-align: inherit;\"><span dir=\"auto\" style=\"vertical-align: inherit;\">4-MSK<\/span><\/span><\/strong><span dir=\"auto\" style=\"vertical-align: inherit;\"><span dir=\"auto\" style=\"vertical-align: inherit;\"> . 3cec <\/span><\/span><br data-start=\"4339\" data-end=\"4342\" \/><span dir=\"auto\" style=\"vertical-align: inherit;\"><span dir=\"auto\" style=\"vertical-align: inherit;\">Bunun i\u00e7in kullan\u0131l\u0131r <\/span><\/span><strong data-start=\"4366\" data-end=\"4414\"><span dir=\"auto\" style=\"vertical-align: inherit;\"><span dir=\"auto\" style=\"vertical-align: inherit;\">forensic, analytical and chemical research<\/span><\/span><\/strong><span dir=\"auto\" style=\"vertical-align: inherit;\"><span dir=\"auto\" style=\"vertical-align: inherit;\"> , in particular in <\/span><\/span><strong data-start=\"4429\" data-end=\"4470\"><span dir=\"auto\" style=\"vertical-align: inherit;\"><span dir=\"auto\" style=\"vertical-align: inherit;\">yap\u0131-aktivite ili\u015fkisi (SAR)<\/span><\/span><\/strong><span dir=\"auto\" style=\"vertical-align: inherit;\"><span dir=\"auto\" style=\"vertical-align: inherit;\"> \u00e7al\u0131\u015fmalar ve <\/span><\/span><strong data-start=\"4482\" data-end=\"4512\"><span dir=\"auto\" style=\"vertical-align: inherit;\"><span dir=\"auto\" style=\"vertical-align: inherit;\">kromatografik analizler<\/span><\/span><\/strong><span dir=\"auto\" style=\"vertical-align: inherit;\"><span dir=\"auto\" style=\"vertical-align: inherit;\"> .<\/span><\/span><\/p>\n<p data-start=\"4517\" data-end=\"4693\"><span dir=\"auto\" style=\"vertical-align: inherit;\"><span dir=\"auto\" style=\"vertical-align: inherit;\">\u00dcr\u00fcn \u015fu \u015fekilde tedarik edilir: <\/span><\/span><strong data-start=\"4552\" data-end=\"4581\"><span dir=\"auto\" style=\"vertical-align: inherit;\"><span dir=\"auto\" style=\"vertical-align: inherit;\">ince kristal HCl tuzu<\/span><\/span><\/strong><span dir=\"auto\" style=\"vertical-align: inherit;\"><span dir=\"auto\" style=\"vertical-align: inherit;\"> , packaged in a <\/span><\/span><strong data-start=\"4598\" data-end=\"4648\"><span dir=\"auto\" style=\"vertical-align: inherit;\"><span dir=\"auto\" style=\"vertical-align: inherit;\">nem ge\u00e7irmez, tekrar kapat\u0131labilir laboratuvar po\u015feti<\/span><\/span><\/strong><span dir=\"auto\" style=\"vertical-align: inherit;\"><span dir=\"auto\" style=\"vertical-align: inherit;\"> to ensure stability and quality.<\/span><\/span><\/p>\n<blockquote data-start=\"4695\" data-end=\"4839\">\n<p data-start=\"4697\" data-end=\"4839\">\u26a0\ufe0f <strong data-start=\"4700\" data-end=\"4711\"><span dir=\"auto\" style=\"vertical-align: inherit;\"><span dir=\"auto\" style=\"vertical-align: inherit;\">Dikkat:<\/span><\/span><\/strong><span dir=\"auto\" style=\"vertical-align: inherit;\"><span dir=\"auto\" style=\"vertical-align: inherit;\"> 3-CEC HCl is intended for <\/span><\/span><strong data-start=\"4750\" data-end=\"4785\"><span dir=\"auto\" style=\"vertical-align: inherit;\"><span dir=\"auto\" style=\"vertical-align: inherit;\">ara\u015ft\u0131rma ve analitik kullan\u0131m<\/span><\/span><\/strong><span dir=\"auto\" style=\"vertical-align: inherit;\"><span dir=\"auto\" style=\"vertical-align: inherit;\"> sadece - <\/span><\/span><strong data-start=\"4788\" data-end=\"4836\"><span dir=\"auto\" style=\"vertical-align: inherit;\"><span dir=\"auto\" style=\"vertical-align: inherit;\">insan veya hayvan t\u00fcketimi i\u00e7in de\u011fil<\/span><\/span><\/strong><span dir=\"auto\" style=\"vertical-align: inherit;\"><span dir=\"auto\" style=\"vertical-align: inherit;\"> .<\/span><\/span><\/p>\n<\/blockquote>\n<hr data-start=\"4841\" data-end=\"4844\" \/>\n<h3 data-start=\"4846\" data-end=\"4877\"><strong data-start=\"4850\" data-end=\"4877\"><span dir=\"auto\" style=\"vertical-align: inherit;\"><span dir=\"auto\" style=\"vertical-align: inherit;\">Temel \u00d6zellikler<\/span><\/span><\/strong><\/h3>\n<div class=\"_tableContainer_1rjym_1\">\n<div class=\"group _tableWrapper_1rjym_13 flex w-fit flex-col-reverse\" tabindex=\"-1\">\n<table class=\"w-fit min-w-(--thread-content-width)\" data-start=\"4879\" data-end=\"5457\">\n<thead data-start=\"4879\" data-end=\"4905\">\n<tr data-start=\"4879\" data-end=\"4905\">\n<th data-start=\"4879\" data-end=\"4889\" data-col-size=\"sm\"><span dir=\"auto\" style=\"vertical-align: inherit;\"><span dir=\"auto\" style=\"vertical-align: inherit;\">\u00d6zellik<\/span><\/span><\/th>\n<th data-start=\"4889\" data-end=\"4905\" data-col-size=\"md\"><span dir=\"auto\" style=\"vertical-align: inherit;\"><span dir=\"auto\" style=\"vertical-align: inherit;\">Tan\u0131m<\/span><\/span><\/th>\n<\/tr>\n<\/thead>\n<tbody data-start=\"4934\" data-end=\"5457\">\n<tr data-start=\"4934\" data-end=\"4992\">\n<td data-start=\"4934\" data-end=\"4955\" data-col-size=\"sm\"><strong data-start=\"4936\" data-end=\"4954\"><span dir=\"auto\" style=\"vertical-align: inherit;\"><span dir=\"auto\" style=\"vertical-align: inherit;\">Kimyasal Ad\u0131<\/span><\/span><\/strong><\/td>\n<td data-start=\"4955\" data-end=\"4992\" data-col-size=\"md\"><span dir=\"auto\" style=\"vertical-align: inherit;\"><span dir=\"auto\" style=\"vertical-align: inherit;\">3-Chloroethcathinone Hydrochloride<\/span><\/span><\/td>\n<\/tr>\n<tr data-start=\"4993\" data-end=\"5031\">\n<td data-start=\"4993\" data-end=\"5018\" data-col-size=\"sm\"><strong data-start=\"4995\" data-end=\"5017\"><span dir=\"auto\" style=\"vertical-align: inherit;\"><span dir=\"auto\" style=\"vertical-align: inherit;\">Yayg\u0131n Ad\u0131<\/span><\/span><\/strong><\/td>\n<td data-start=\"5018\" data-end=\"5031\" data-col-size=\"md\"><span dir=\"auto\" style=\"vertical-align: inherit;\"><span dir=\"auto\" style=\"vertical-align: inherit;\">3-CEC HCl<\/span><\/span><\/td>\n<\/tr>\n<tr data-start=\"5032\" data-end=\"5074\">\n<td data-start=\"5032\" data-end=\"5056\" data-col-size=\"sm\"><strong data-start=\"5034\" data-end=\"5055\"><span dir=\"auto\" style=\"vertical-align: inherit;\"><span dir=\"auto\" style=\"vertical-align: inherit;\">Kimyasal Form\u00fcl<\/span><\/span><\/strong><\/td>\n<td data-start=\"5056\" data-end=\"5074\" data-col-size=\"md\"><span dir=\"auto\" style=\"vertical-align: inherit;\"><span dir=\"auto\" style=\"vertical-align: inherit;\">C\u2081\u2081H\u2081\u2084ClNO\u00b7HCl<\/span><\/span><\/td>\n<\/tr>\n<tr data-start=\"5075\" data-end=\"5113\">\n<td data-start=\"5075\" data-end=\"5097\" data-col-size=\"sm\"><strong data-start=\"5077\" data-end=\"5096\"><span dir=\"auto\" style=\"vertical-align: inherit;\"><span dir=\"auto\" style=\"vertical-align: inherit;\">Molek\u00fcler a\u011f\u0131rl\u0131k<\/span><\/span><\/strong><\/td>\n<td data-start=\"5097\" data-end=\"5113\" data-col-size=\"md\"><span dir=\"auto\" style=\"vertical-align: inherit;\"><span dir=\"auto\" style=\"vertical-align: inherit;\">248.15 g\/mol<\/span><\/span><\/td>\n<\/tr>\n<tr data-start=\"5114\" data-end=\"5149\">\n<td data-start=\"5114\" data-end=\"5125\" data-col-size=\"sm\"><strong data-start=\"5116\" data-end=\"5124\"><span dir=\"auto\" style=\"vertical-align: inherit;\"><span dir=\"auto\" style=\"vertical-align: inherit;\">Bi\u00e7im<\/span><\/span><\/strong><\/td>\n<td data-start=\"5125\" data-end=\"5149\" data-col-size=\"md\"><span dir=\"auto\" style=\"vertical-align: inherit;\"><span dir=\"auto\" style=\"vertical-align: inherit;\">Kristalin HCl tuzu<\/span><\/span><\/td>\n<\/tr>\n<tr data-start=\"5150\" data-end=\"5188\">\n<td data-start=\"5150\" data-end=\"5168\" data-col-size=\"sm\"><strong data-start=\"5152\" data-end=\"5167\"><span dir=\"auto\" style=\"vertical-align: inherit;\"><span dir=\"auto\" style=\"vertical-align: inherit;\">Miktar<\/span><\/span><\/strong><\/td>\n<td data-start=\"5168\" data-end=\"5188\" data-col-size=\"md\"><span dir=\"auto\" style=\"vertical-align: inherit;\"><span dir=\"auto\" style=\"vertical-align: inherit;\">Torba ba\u015f\u0131na 1 gram<\/span><\/span><\/td>\n<\/tr>\n<tr data-start=\"5189\" data-end=\"5240\">\n<td data-start=\"5189\" data-end=\"5206\" data-col-size=\"sm\"><strong data-start=\"5191\" data-end=\"5205\"><span dir=\"auto\" style=\"vertical-align: inherit;\"><span dir=\"auto\" style=\"vertical-align: inherit;\">Safl\u0131k<\/span><\/span><\/strong><\/td>\n<td data-start=\"5206\" data-end=\"5240\" data-col-size=\"md\"><span dir=\"auto\" style=\"vertical-align: inherit;\"><span dir=\"auto\" style=\"vertical-align: inherit;\">\u2265 98% (HPLC ve NMR ile test edilmi\u015ftir)<\/span><\/span><\/td>\n<\/tr>\n<tr data-start=\"5241\" data-end=\"5310\">\n<td data-start=\"5241\" data-end=\"5264\" data-col-size=\"sm\"><strong data-start=\"5243\" data-end=\"5263\"><span dir=\"auto\" style=\"vertical-align: inherit;\"><span dir=\"auto\" style=\"vertical-align: inherit;\">Kimyasal S\u0131n\u0131f<\/span><\/span><\/strong><\/td>\n<td data-start=\"5264\" data-end=\"5310\" data-col-size=\"md\"><span dir=\"auto\" style=\"vertical-align: inherit;\"><span dir=\"auto\" style=\"vertical-align: inherit;\">Sentetik katinon \/ \u03b2-keto-amfetamin<\/span><\/span><\/td>\n<\/tr>\n<tr data-start=\"5311\" data-end=\"5385\">\n<td data-start=\"5311\" data-end=\"5325\" data-col-size=\"sm\"><strong data-start=\"5313\" data-end=\"5324\"><span dir=\"auto\" style=\"vertical-align: inherit;\"><span dir=\"auto\" style=\"vertical-align: inherit;\">Kullan\u0131m<\/span><\/span><\/strong><\/td>\n<td data-start=\"5325\" data-end=\"5385\" data-col-size=\"md\"><span dir=\"auto\" style=\"vertical-align: inherit;\"><span dir=\"auto\" style=\"vertical-align: inherit;\">Sadece analitik, adli ve kimyasal ara\u015ft\u0131rmalar i\u00e7in<\/span><\/span><\/td>\n<\/tr>\n<tr data-start=\"5386\" data-end=\"5457\">\n<td data-start=\"5386\" data-end=\"5403\" data-col-size=\"sm\"><strong data-start=\"5388\" data-end=\"5402\"><span dir=\"auto\" style=\"vertical-align: inherit;\"><span dir=\"auto\" style=\"vertical-align: inherit;\">Ambalajlama<\/span><\/span><\/strong><\/td>\n<td data-start=\"5403\" data-end=\"5457\" data-col-size=\"md\"><span dir=\"auto\" style=\"vertical-align: inherit;\"><span dir=\"auto\" style=\"vertical-align: inherit;\">Tekrar kapat\u0131labilir, anti-statik ve neme dayan\u0131kl\u0131 torba<\/span><\/span><\/td>\n<\/tr>\n<\/tbody>\n<\/table>\n<\/div>\n<\/div>\n<hr data-start=\"5459\" data-end=\"5462\" \/>\n<h3 data-start=\"5464\" data-end=\"5481\"><strong data-start=\"5468\" data-end=\"5481\"><span dir=\"auto\" style=\"vertical-align: inherit;\"><span dir=\"auto\" style=\"vertical-align: inherit;\">Avantajlar\u0131<\/span><\/span><\/strong><\/h3>\n<ul data-start=\"5483\" data-end=\"5888\">\n<li data-start=\"5483\" data-end=\"5575\">\n<p data-start=\"5485\" data-end=\"5575\"><strong data-start=\"5485\" data-end=\"5504\"><span dir=\"auto\" style=\"vertical-align: inherit;\"><span dir=\"auto\" style=\"vertical-align: inherit;\">Y\u00fcksek Safl\u0131k<\/span><\/span><\/strong><span dir=\"auto\" style=\"vertical-align: inherit;\"><span dir=\"auto\" style=\"vertical-align: inherit;\"> \u2013 G\u00fcvenilir ara\u015ft\u0131rma sonu\u00e7lar\u0131 i\u00e7in \u2265 98% laboratuvar kalitesi.<\/span><\/span><\/p>\n<\/li>\n<li data-start=\"5576\" data-end=\"5664\">\n<p data-start=\"5578\" data-end=\"5664\"><strong data-start=\"5578\" data-end=\"5595\"><span dir=\"auto\" style=\"vertical-align: inherit;\"><span dir=\"auto\" style=\"vertical-align: inherit;\">Kararl\u0131 Form<\/span><\/span><\/strong><span dir=\"auto\" style=\"vertical-align: inherit;\"><span dir=\"auto\" style=\"vertical-align: inherit;\"> \u2013 HCl salt form provides improved solubility and stability.<\/span><\/span><\/p>\n<\/li>\n<li data-start=\"5665\" data-end=\"5739\">\n<p data-start=\"5667\" data-end=\"5739\"><strong data-start=\"5667\" data-end=\"5688\"><span dir=\"auto\" style=\"vertical-align: inherit;\"><span dir=\"auto\" style=\"vertical-align: inherit;\">Accurately Tested<\/span><\/span><\/strong><span dir=\"auto\" style=\"vertical-align: inherit;\"><span dir=\"auto\" style=\"vertical-align: inherit;\"> \u2013 Tested via HPLC and NMR for quality assurance.<\/span><\/span><\/p>\n<\/li>\n<li data-start=\"5740\" data-end=\"5817\">\n<p data-start=\"5742\" data-end=\"5817\"><strong data-start=\"5742\" data-end=\"5762\"><span dir=\"auto\" style=\"vertical-align: inherit;\"><span dir=\"auto\" style=\"vertical-align: inherit;\">Geni\u015f Uygulanabilirlik<\/span><\/span><\/strong><span dir=\"auto\" style=\"vertical-align: inherit;\"><span dir=\"auto\" style=\"vertical-align: inherit;\"> \u2013 Suitable for GC\/MS, LC-MS, FTIR and NMR research.<\/span><\/span><\/p>\n<\/li>\n<li data-start=\"5818\" data-end=\"5888\">\n<p data-start=\"5820\" data-end=\"5888\"><strong data-start=\"5820\" data-end=\"5842\"><span dir=\"auto\" style=\"vertical-align: inherit;\"><span dir=\"auto\" style=\"vertical-align: inherit;\">G\u00fcvenli Paketleme<\/span><\/span><\/strong><span dir=\"auto\" style=\"vertical-align: inherit;\"><span dir=\"auto\" style=\"vertical-align: inherit;\"> \u2013 Protects against moisture and contamination. 3cec<\/span><\/span><\/p>\n<\/li>\n<\/ul>\n<hr data-start=\"5890\" data-end=\"5893\" \/>\n<h3 data-start=\"5895\" data-end=\"5947\"><strong data-start=\"5899\" data-end=\"5945\"><span dir=\"auto\" style=\"vertical-align: inherit;\"><span dir=\"auto\" style=\"vertical-align: inherit;\">Kullan\u0131m (Sadece Ara\u015ft\u0131rma Ama\u00e7l\u0131)<\/span><\/span><\/strong><\/h3>\n<ol data-start=\"5949\" data-end=\"6297\">\n<li data-start=\"5949\" data-end=\"6018\">\n<p data-start=\"5952\" data-end=\"6018\"><strong data-start=\"5952\" data-end=\"5967\"><span dir=\"auto\" style=\"vertical-align: inherit;\"><span dir=\"auto\" style=\"vertical-align: inherit;\">Kullan\u0131m:<\/span><\/span><\/strong><span dir=\"auto\" style=\"vertical-align: inherit;\"><span dir=\"auto\" style=\"vertical-align: inherit;\"> Eldiven, koruyucu g\u00f6zl\u00fck ve laboratuvar \u00f6nl\u00fc\u011f\u00fc giyin.<\/span><\/span><\/p>\n<\/li>\n<li data-start=\"6019\" data-end=\"6078\">\n<p data-start=\"6022\" data-end=\"6078\"><strong data-start=\"6022\" data-end=\"6035\"><span dir=\"auto\" style=\"vertical-align: inherit;\"><span dir=\"auto\" style=\"vertical-align: inherit;\">\u00d6l\u00e7\u00fcmler:<\/span><\/span><\/strong><span dir=\"auto\" style=\"vertical-align: inherit;\"><span dir=\"auto\" style=\"vertical-align: inherit;\"> Kalibre edilmi\u015f laboratuvar terazilerini kullan\u0131n.<\/span><\/span><\/p>\n<\/li>\n<li data-start=\"6079\" data-end=\"6157\">\n<p data-start=\"6082\" data-end=\"6157\"><strong data-start=\"6082\" data-end=\"6093\"><span dir=\"auto\" style=\"vertical-align: inherit;\"><span dir=\"auto\" style=\"vertical-align: inherit;\">Depolamak:<\/span><\/span><\/strong><span dir=\"auto\" style=\"vertical-align: inherit;\"><span dir=\"auto\" style=\"vertical-align: inherit;\"> Serin (2\u20138\u00b0C), kuru ve karanl\u0131kta, orijinal ambalaj\u0131nda saklay\u0131n\u0131z.<\/span><\/span><\/p>\n<\/li>\n<li data-start=\"6158\" data-end=\"6235\">\n<p data-start=\"6161\" data-end=\"6235\"><strong data-start=\"6161\" data-end=\"6173\"><span dir=\"auto\" style=\"vertical-align: inherit;\"><span dir=\"auto\" style=\"vertical-align: inherit;\">Analiz:<\/span><\/span><\/strong><span dir=\"auto\" style=\"vertical-align: inherit;\"><span dir=\"auto\" style=\"vertical-align: inherit;\"> Suitable for chromatography, spectroscopy and SAR studies.<\/span><\/span><\/p>\n<\/li>\n<li data-start=\"6236\" data-end=\"6297\">\n<p data-start=\"6239\" data-end=\"6297\"><strong data-start=\"6239\" data-end=\"6256\"><span dir=\"auto\" style=\"vertical-align: inherit;\"><span dir=\"auto\" style=\"vertical-align: inherit;\">Belgeleme:<\/span><\/span><\/strong><span dir=\"auto\" style=\"vertical-align: inherit;\"><span dir=\"auto\" style=\"vertical-align: inherit;\"> Parti numaralar\u0131n\u0131 ve test sonu\u00e7lar\u0131n\u0131 kaydedin.<\/span><\/span><\/p>\n<\/li>\n<\/ol>\n<hr data-start=\"6299\" data-end=\"6302\" \/>\n<h3 data-start=\"6304\" data-end=\"6339\"><strong data-start=\"6308\" data-end=\"6337\"><span dir=\"auto\" style=\"vertical-align: inherit;\"><span dir=\"auto\" style=\"vertical-align: inherit;\">S\u0131k\u00e7a Sorulan Sorular (SSS)<\/span><\/span><\/strong><\/h3>\n<p data-start=\"6341\" data-end=\"6502\"><strong data-start=\"6341\" data-end=\"6365\"><span dir=\"auto\" style=\"vertical-align: inherit;\"><span dir=\"auto\" style=\"vertical-align: inherit;\">1. What is 3-CEC HCl? <\/span><\/span><\/strong><br data-start=\"6365\" data-end=\"6368\" \/><strong data-start=\"6368\" data-end=\"6399\"><span dir=\"auto\" style=\"vertical-align: inherit;\"><span dir=\"auto\" style=\"vertical-align: inherit;\">3-CEC (3-Kloroetkasinon)<\/span><\/span><\/strong><span dir=\"auto\" style=\"vertical-align: inherit;\"><span dir=\"auto\" style=\"vertical-align: inherit;\"> bir <\/span><\/span><strong data-start=\"6407\" data-end=\"6442\"><span dir=\"auto\" style=\"vertical-align: inherit;\"><span dir=\"auto\" style=\"vertical-align: inherit;\">sentetik katinon bile\u015fi\u011fi<\/span><\/span><\/strong><span dir=\"auto\" style=\"vertical-align: inherit;\"><span dir=\"auto\" style=\"vertical-align: inherit;\"> used in forensic and analytical research.<\/span><\/span><\/p>\n<p data-start=\"6504\" data-end=\"6632\"><strong data-start=\"6504\" data-end=\"6550\"><span dir=\"auto\" style=\"vertical-align: inherit;\"><span dir=\"auto\" style=\"vertical-align: inherit;\">2. What is in the 3-CEC HCl Sachet (1g)?<\/span><\/span><\/strong><br data-start=\"6550\" data-end=\"6553\" \/><span dir=\"auto\" style=\"vertical-align: inherit;\"><span dir=\"auto\" style=\"vertical-align: inherit;\"> Po\u015fet \u015funlar\u0131 i\u00e7erir: <\/span><\/span><strong data-start=\"6569\" data-end=\"6608\"><span dir=\"auto\" style=\"vertical-align: inherit;\"><span dir=\"auto\" style=\"vertical-align: inherit;\">1 gram of 3-CEC HCl (\u2265 98% purity)<\/span><\/span><\/strong><span dir=\"auto\" style=\"vertical-align: inherit;\"><span dir=\"auto\" style=\"vertical-align: inherit;\"> in crystalline form.<\/span><\/span><\/p>\n<p data-start=\"6634\" data-end=\"6828\"><strong data-start=\"6634\" data-end=\"6673\"><span dir=\"auto\" style=\"vertical-align: inherit;\"><span dir=\"auto\" style=\"vertical-align: inherit;\">3. Is it legal to buy 3-CEC?<\/span><\/span><\/strong><br data-start=\"6673\" data-end=\"6676\" \/><span dir=\"auto\" style=\"vertical-align: inherit;\"><span dir=\"auto\" style=\"vertical-align: inherit;\"> The <\/span><\/span><strong data-start=\"6679\" data-end=\"6703\"><span dir=\"auto\" style=\"vertical-align: inherit;\"><span dir=\"auto\" style=\"vertical-align: inherit;\">legality of 3-CEC<\/span><\/span><\/strong><span dir=\"auto\" style=\"vertical-align: inherit;\"><span dir=\"auto\" style=\"vertical-align: inherit;\"> varies by country. In some countries, it is regulated. Always check local laws before <\/span><\/span><strong data-start=\"6810\" data-end=\"6825\"><span dir=\"auto\" style=\"vertical-align: inherit;\"><span dir=\"auto\" style=\"vertical-align: inherit;\">purchasing 3-CEC<\/span><\/span><\/strong><span dir=\"auto\" style=\"vertical-align: inherit;\"><span dir=\"auto\" style=\"vertical-align: inherit;\"> . <\/span><\/span><a href=\"https:\/\/researchchemicalhub.com\/tr\/shop\/okategoriserad\/4mmc-kopen\/\"><span dir=\"auto\" style=\"vertical-align: inherit;\"><span dir=\"auto\" style=\"vertical-align: inherit;\">4mmc sat\u0131n al <\/span><\/span><\/a><a href=\"https:\/\/researchchemicalhub.com\/tr\/shop\/okategoriserad\/benzocaine-powder\/\"><span dir=\"auto\" style=\"vertical-align: inherit;\"><span dir=\"auto\" style=\"vertical-align: inherit;\">benzokain tozu<\/span><\/span><\/a><\/p>","protected":false},"excerpt":{"rendered":"<ul>\n<li><strong><span dir=\"auto\" style=\"vertical-align: inherit;\"><span dir=\"auto\" style=\"vertical-align: inherit;\"><span dir=\"auto\" style=\"vertical-align: inherit;\"><span dir=\"auto\" style=\"vertical-align: inherit;\">Perakende ambalaj\u0131<\/span><\/span><\/span><\/span><br \/>\n<\/strong><\/li>\n<li><strong><span dir=\"auto\" style=\"vertical-align: inherit;\"><span dir=\"auto\" style=\"vertical-align: inherit;\"><span dir=\"auto\" style=\"vertical-align: inherit;\"><span dir=\"auto\" style=\"vertical-align: inherit;\">Po\u015fet ba\u015f\u0131na gram miktar\u0131: 1<\/span><\/span><\/span><\/span><\/strong><\/li>\n<li><strong><span dir=\"auto\" style=\"vertical-align: inherit;\"><span dir=\"auto\" style=\"vertical-align: inherit;\"><span dir=\"auto\" style=\"vertical-align: inherit;\"><span dir=\"auto\" style=\"vertical-align: inherit;\">Fiyatlara 21% KDV dahil de\u011fildir<\/span><\/span><\/span><\/span><\/strong><\/li>\n<li><strong><span dir=\"auto\" style=\"vertical-align: inherit;\"><span dir=\"auto\" style=\"vertical-align: inherit;\"><span dir=\"auto\" style=\"vertical-align: inherit;\"><span dir=\"auto\" style=\"vertical-align: inherit;\">\u00d6nerilen perakende fiyat\u0131: 25,00 \u20ac KDV dahil<\/span><\/span><\/span><\/span><\/strong><\/li>\n<\/ul>","protected":false},"featured_media":28396,"comment_status":"closed","ping_status":"closed","template":"","meta":[],"product_brand":[82],"product_cat":[555],"product_tag":[611,612,326],"class_list":{"0":"post-24435","1":"product","2":"type-product","3":"status-publish","4":"has-post-thumbnail","6":"product_brand-research-chemical","7":"product_cat-b2b","8":"product_tag-3-cec","9":"product_tag-3cec","10":"product_tag-nl","12":"first","13":"instock","14":"taxable","15":"shipping-taxable","16":"purchasable","17":"product-type-variable"},"_links":{"self":[{"href":"https:\/\/researchchemicalhub.com\/tr\/wp-json\/wp\/v2\/product\/24435","targetHints":{"allow":["GET"]}}],"collection":[{"href":"https:\/\/researchchemicalhub.com\/tr\/wp-json\/wp\/v2\/product"}],"about":[{"href":"https:\/\/researchchemicalhub.com\/tr\/wp-json\/wp\/v2\/types\/product"}],"replies":[{"embeddable":true,"href":"https:\/\/researchchemicalhub.com\/tr\/wp-json\/wp\/v2\/comments?post=24435"}],"version-history":[{"count":6,"href":"https:\/\/researchchemicalhub.com\/tr\/wp-json\/wp\/v2\/product\/24435\/revisions"}],"predecessor-version":[{"id":28672,"href":"https:\/\/researchchemicalhub.com\/tr\/wp-json\/wp\/v2\/product\/24435\/revisions\/28672"}],"wp:featuredmedia":[{"embeddable":true,"href":"https:\/\/researchchemicalhub.com\/tr\/wp-json\/wp\/v2\/media\/28396"}],"wp:attachment":[{"href":"https:\/\/researchchemicalhub.com\/tr\/wp-json\/wp\/v2\/media?parent=24435"}],"wp:term":[{"taxonomy":"product_brand","embeddable":true,"href":"https:\/\/researchchemicalhub.com\/tr\/wp-json\/wp\/v2\/product_brand?post=24435"},{"taxonomy":"product_cat","embeddable":true,"href":"https:\/\/researchchemicalhub.com\/tr\/wp-json\/wp\/v2\/product_cat?post=24435"},{"taxonomy":"product_tag","embeddable":true,"href":"https:\/\/researchchemicalhub.com\/tr\/wp-json\/wp\/v2\/product_tag?post=24435"}],"curies":[{"name":"wp","href":"https:\/\/api.w.org\/{rel}","templated":true}]}}