{"id":24386,"date":"2025-04-13T17:41:36","date_gmt":"2025-04-13T17:41:36","guid":{"rendered":"https:\/\/researchchemicalhub.com\/?post_type=product&#038;p=24386"},"modified":"2025-10-29T08:41:49","modified_gmt":"2025-10-29T08:41:49","slug":"4-me-tmp-4-methylmethylphenidate","status":"publish","type":"product","link":"https:\/\/researchchemicalhub.com\/tr\/shop\/4-me-tmp\/4-me-tmp-4-methylmethylphenidate\/","title":{"rendered":"4-Me-TMP (4-Metilmetilfenidat)"},"content":{"rendered":"<h3 data-start=\"4232\" data-end=\"4253\"><strong data-start=\"4236\" data-end=\"4251\"><span dir=\"auto\" style=\"vertical-align: inherit;\"><span dir=\"auto\" style=\"vertical-align: inherit;\">girii\u015f<\/span><\/span><\/strong><\/h3>\n<p data-start=\"4254\" data-end=\"4609\"><strong data-start=\"4254\" data-end=\"4291\"><span dir=\"auto\" style=\"vertical-align: inherit;\"><span dir=\"auto\" style=\"vertical-align: inherit;\">4-Me-TMP (4-Metilmetilfenidat)<\/span><\/span><\/strong><span dir=\"auto\" style=\"vertical-align: inherit;\"><span dir=\"auto\" style=\"vertical-align: inherit;\"> bir <\/span><\/span><strong data-start=\"4299\" data-end=\"4324\"><span dir=\"auto\" style=\"vertical-align: inherit;\"><span dir=\"auto\" style=\"vertical-align: inherit;\">piperidin bile\u015fi\u011fi<\/span><\/span><\/strong><span dir=\"auto\" style=\"vertical-align: inherit;\"><span dir=\"auto\" style=\"vertical-align: inherit;\"> i\u00e7inde <\/span><\/span><strong data-start=\"4332\" data-end=\"4351\"><span dir=\"auto\" style=\"vertical-align: inherit;\"><span dir=\"auto\" style=\"vertical-align: inherit;\">fenidat ailesi<\/span><\/span><\/strong><span dir=\"auto\" style=\"vertical-align: inherit;\"><span dir=\"auto\" style=\"vertical-align: inherit;\"> , yap\u0131sal olarak ili\u015fkili <\/span><\/span><strong data-start=\"4377\" data-end=\"4395\"><span dir=\"auto\" style=\"vertical-align: inherit;\"><span dir=\"auto\" style=\"vertical-align: inherit;\">metilfenidat<\/span><\/span><\/strong><span dir=\"auto\" style=\"vertical-align: inherit;\"><span dir=\"auto\" style=\"vertical-align: inherit;\"> Ve <\/span><\/span><strong data-start=\"4399\" data-end=\"4416\"><span dir=\"auto\" style=\"vertical-align: inherit;\"><span dir=\"auto\" style=\"vertical-align: inherit;\">etilfenidat<\/span><\/span><\/strong><span dir=\"auto\" style=\"vertical-align: inherit;\"><span dir=\"auto\" style=\"vertical-align: inherit;\"> . 4-me-tmp <\/span><\/span><br data-start=\"4417\" data-end=\"4420\" \/><span dir=\"auto\" style=\"vertical-align: inherit;\"><span dir=\"auto\" style=\"vertical-align: inherit;\">contains a <\/span><\/span><strong data-start=\"4434\" data-end=\"4474\"><span dir=\"auto\" style=\"vertical-align: inherit;\"><span dir=\"auto\" style=\"vertical-align: inherit;\">methyl substitution at the para position<\/span><\/span><\/strong><span dir=\"auto\" style=\"vertical-align: inherit;\"><span dir=\"auto\" style=\"vertical-align: inherit;\"> of the phenyl ring, making it ideal for studies of <\/span><\/span><strong data-start=\"4534\" data-end=\"4576\"><span dir=\"auto\" style=\"vertical-align: inherit;\"><span dir=\"auto\" style=\"vertical-align: inherit;\">yap\u0131-aktivite ili\u015fkileri (SAR)<\/span><\/span><\/strong><span dir=\"auto\" style=\"vertical-align: inherit;\"><span dir=\"auto\" style=\"vertical-align: inherit;\"> Ve <\/span><\/span><strong data-start=\"4580\" data-end=\"4606\"><span dir=\"auto\" style=\"vertical-align: inherit;\"><span dir=\"auto\" style=\"vertical-align: inherit;\">monoamine transporters<\/span><\/span><\/strong><span dir=\"auto\" style=\"vertical-align: inherit;\"><span dir=\"auto\" style=\"vertical-align: inherit;\"> .<\/span><\/span><\/p>\n<p data-start=\"4611\" data-end=\"4823\"><span dir=\"auto\" style=\"vertical-align: inherit;\"><span dir=\"auto\" style=\"vertical-align: inherit;\">\u0130\u00e7inde <\/span><\/span><strong data-start=\"4618\" data-end=\"4659\"><span dir=\"auto\" style=\"vertical-align: inherit;\"><span dir=\"auto\" style=\"vertical-align: inherit;\">analitik ve n\u00f6rokimyasal ara\u015ft\u0131rmalar,<\/span><\/span><\/strong><span dir=\"auto\" style=\"vertical-align: inherit;\"><span dir=\"auto\" style=\"vertical-align: inherit;\"> 4-Me-TMP is used to <\/span><span dir=\"auto\" style=\"vertical-align: inherit;\">\u00e7al\u0131\u015fmak <\/span><\/span><strong data-start=\"4687\" data-end=\"4727\"><span dir=\"auto\" style=\"vertical-align: inherit;\"><span dir=\"auto\" style=\"vertical-align: inherit;\">dopamine and norepinephrine reuptake . Each batch has a <\/span><\/span><\/strong><strong data-start=\"4764\" data-end=\"4788\"><span dir=\"auto\" style=\"vertical-align: inherit;\"><span dir=\"auto\" style=\"vertical-align: inherit;\">\u2265 98% safl\u0131\u011f\u0131<\/span><\/span><\/strong><span dir=\"auto\" style=\"vertical-align: inherit;\"><span dir=\"auto\" style=\"vertical-align: inherit;\"> , as tested by <\/span><\/span><strong data-start=\"4801\" data-end=\"4809\"><span dir=\"auto\" style=\"vertical-align: inherit;\"><span dir=\"auto\" style=\"vertical-align: inherit;\">HPLC<\/span><\/span><\/strong><span dir=\"auto\" style=\"vertical-align: inherit;\"><span dir=\"auto\" style=\"vertical-align: inherit;\"> Ve <\/span><\/span><strong data-start=\"4813\" data-end=\"4820\"><span dir=\"auto\" style=\"vertical-align: inherit;\"><span dir=\"auto\" style=\"vertical-align: inherit;\">NMR<\/span><\/span><\/strong><span dir=\"auto\" style=\"vertical-align: inherit;\"><span dir=\"auto\" style=\"vertical-align: inherit;\"> .<\/span><\/span><\/p>\n<blockquote data-start=\"4825\" data-end=\"4971\">\n<p data-start=\"4827\" data-end=\"4971\">\u26a0\ufe0f <strong data-start=\"4830\" data-end=\"4841\"><span dir=\"auto\" style=\"vertical-align: inherit;\"><span dir=\"auto\" style=\"vertical-align: inherit;\">L\u00fctfen akl\u0131n\u0131zda bulundurun:<\/span><\/span><\/strong><span dir=\"auto\" style=\"vertical-align: inherit;\"><span dir=\"auto\" style=\"vertical-align: inherit;\"> Bu \u00fcr\u00fcn \u015fu ama\u00e7lar i\u00e7in tasarlanm\u0131\u015ft\u0131r: <\/span><\/span><strong data-start=\"4882\" data-end=\"4917\"><span dir=\"auto\" style=\"vertical-align: inherit;\"><span dir=\"auto\" style=\"vertical-align: inherit;\">ara\u015ft\u0131rma ve analitik kullan\u0131m<\/span><\/span><\/strong><span dir=\"auto\" style=\"vertical-align: inherit;\"><span dir=\"auto\" style=\"vertical-align: inherit;\"> sadece - <\/span><\/span><strong data-start=\"4920\" data-end=\"4968\"><span dir=\"auto\" style=\"vertical-align: inherit;\"><span dir=\"auto\" style=\"vertical-align: inherit;\">insan veya hayvan t\u00fcketimi i\u00e7in de\u011fil<\/span><\/span><\/strong><span dir=\"auto\" style=\"vertical-align: inherit;\"><span dir=\"auto\" style=\"vertical-align: inherit;\"> .<\/span><\/span><\/p>\n<\/blockquote>\n<hr data-start=\"4973\" data-end=\"4976\" \/>\n<h3 data-start=\"4978\" data-end=\"5009\"><strong data-start=\"4982\" data-end=\"5009\"><span dir=\"auto\" style=\"vertical-align: inherit;\"><span dir=\"auto\" style=\"vertical-align: inherit;\">Temel \u00d6zellikler<\/span><\/span><\/strong><\/h3>\n<div class=\"_tableContainer_1rjym_1\">\n<div class=\"group _tableWrapper_1rjym_13 flex w-fit flex-col-reverse\" tabindex=\"-1\">\n<table class=\"w-fit min-w-(--thread-content-width)\" data-start=\"5011\" data-end=\"5579\">\n<thead data-start=\"5011\" data-end=\"5037\">\n<tr data-start=\"5011\" data-end=\"5037\">\n<th data-start=\"5011\" data-end=\"5021\" data-col-size=\"sm\"><span dir=\"auto\" style=\"vertical-align: inherit;\"><span dir=\"auto\" style=\"vertical-align: inherit;\">\u00d6zellik<\/span><\/span><\/th>\n<th data-start=\"5021\" data-end=\"5037\" data-col-size=\"md\"><span dir=\"auto\" style=\"vertical-align: inherit;\"><span dir=\"auto\" style=\"vertical-align: inherit;\">Tan\u0131m<\/span><\/span><\/th>\n<\/tr>\n<\/thead>\n<tbody data-start=\"5066\" data-end=\"5579\">\n<tr data-start=\"5066\" data-end=\"5127\">\n<td data-start=\"5066\" data-end=\"5087\" data-col-size=\"sm\"><strong data-start=\"5068\" data-end=\"5086\"><span dir=\"auto\" style=\"vertical-align: inherit;\"><span dir=\"auto\" style=\"vertical-align: inherit;\">Kimyasal Ad\u0131<\/span><\/span><\/strong><\/td>\n<td data-start=\"5087\" data-end=\"5127\" data-col-size=\"md\"><span dir=\"auto\" style=\"vertical-align: inherit;\"><span dir=\"auto\" style=\"vertical-align: inherit;\">4-Methylmethylphenidate Hydrochloride<\/span><\/span><\/td>\n<\/tr>\n<tr data-start=\"5128\" data-end=\"5165\">\n<td data-start=\"5128\" data-end=\"5153\" data-col-size=\"sm\"><strong data-start=\"5130\" data-end=\"5152\"><span dir=\"auto\" style=\"vertical-align: inherit;\"><span dir=\"auto\" style=\"vertical-align: inherit;\">Yayg\u0131n Ad\u0131<\/span><\/span><\/strong><\/td>\n<td data-start=\"5153\" data-end=\"5165\" data-col-size=\"md\"><span dir=\"auto\" style=\"vertical-align: inherit;\"><span dir=\"auto\" style=\"vertical-align: inherit;\">4-Me-TMP<\/span><\/span><\/td>\n<\/tr>\n<tr data-start=\"5166\" data-end=\"5207\">\n<td data-start=\"5166\" data-end=\"5190\" data-col-size=\"sm\"><strong data-start=\"5168\" data-end=\"5189\"><span dir=\"auto\" style=\"vertical-align: inherit;\"><span dir=\"auto\" style=\"vertical-align: inherit;\">Kimyasal Form\u00fcl<\/span><\/span><\/strong><\/td>\n<td data-start=\"5190\" data-end=\"5207\" data-col-size=\"md\"><span dir=\"auto\" style=\"vertical-align: inherit;\"><span dir=\"auto\" style=\"vertical-align: inherit;\">C\u2081\u2085H\u2082\u2081NO\u2082\u00b7HCl<\/span><\/span><\/td>\n<\/tr>\n<tr data-start=\"5208\" data-end=\"5246\">\n<td data-start=\"5208\" data-end=\"5230\" data-col-size=\"sm\"><strong data-start=\"5210\" data-end=\"5229\"><span dir=\"auto\" style=\"vertical-align: inherit;\"><span dir=\"auto\" style=\"vertical-align: inherit;\">Molek\u00fcler a\u011f\u0131rl\u0131k<\/span><\/span><\/strong><\/td>\n<td data-start=\"5230\" data-end=\"5246\" data-col-size=\"md\"><span dir=\"auto\" style=\"vertical-align: inherit;\"><span dir=\"auto\" style=\"vertical-align: inherit;\">283,79 g\/mol<\/span><\/span><\/td>\n<\/tr>\n<tr data-start=\"5247\" data-end=\"5282\">\n<td data-start=\"5247\" data-end=\"5258\" data-col-size=\"sm\"><strong data-start=\"5249\" data-end=\"5257\"><span dir=\"auto\" style=\"vertical-align: inherit;\"><span dir=\"auto\" style=\"vertical-align: inherit;\">Bi\u00e7im<\/span><\/span><\/strong><\/td>\n<td data-start=\"5258\" data-end=\"5282\" data-col-size=\"md\"><span dir=\"auto\" style=\"vertical-align: inherit;\"><span dir=\"auto\" style=\"vertical-align: inherit;\">Kristalin HCl tuzu<\/span><\/span><\/td>\n<\/tr>\n<tr data-start=\"5283\" data-end=\"5334\">\n<td data-start=\"5283\" data-end=\"5300\" data-col-size=\"sm\"><strong data-start=\"5285\" data-end=\"5299\"><span dir=\"auto\" style=\"vertical-align: inherit;\"><span dir=\"auto\" style=\"vertical-align: inherit;\">Safl\u0131k<\/span><\/span><\/strong><\/td>\n<td data-start=\"5300\" data-end=\"5334\" data-col-size=\"md\"><span dir=\"auto\" style=\"vertical-align: inherit;\"><span dir=\"auto\" style=\"vertical-align: inherit;\">\u2265 98% (HPLC ve NMR ile test edilmi\u015ftir)<\/span><\/span><\/td>\n<\/tr>\n<tr data-start=\"5335\" data-end=\"5392\">\n<td data-start=\"5335\" data-end=\"5358\" data-col-size=\"sm\"><strong data-start=\"5337\" data-end=\"5357\"><span dir=\"auto\" style=\"vertical-align: inherit;\"><span dir=\"auto\" style=\"vertical-align: inherit;\">Kimyasal S\u0131n\u0131f<\/span><\/span><\/strong><\/td>\n<td data-start=\"5358\" data-end=\"5392\" data-col-size=\"md\"><span dir=\"auto\" style=\"vertical-align: inherit;\"><span dir=\"auto\" style=\"vertical-align: inherit;\">Piperidine \/ Phenidate derivative<\/span><\/span><\/td>\n<\/tr>\n<tr data-start=\"5393\" data-end=\"5472\">\n<td data-start=\"5393\" data-end=\"5407\" data-col-size=\"sm\"><strong data-start=\"5395\" data-end=\"5406\"><span dir=\"auto\" style=\"vertical-align: inherit;\"><span dir=\"auto\" style=\"vertical-align: inherit;\">Kullan\u0131m<\/span><\/span><\/strong><\/td>\n<td data-start=\"5407\" data-end=\"5472\" data-col-size=\"md\"><span dir=\"auto\" style=\"vertical-align: inherit;\"><span dir=\"auto\" style=\"vertical-align: inherit;\">Sadece analitik, adli ve n\u00f6rokimyasal ara\u015ft\u0131rmalar i\u00e7in<\/span><\/span><\/td>\n<\/tr>\n<tr data-start=\"5473\" data-end=\"5540\">\n<td data-start=\"5473\" data-end=\"5490\" data-col-size=\"sm\"><strong data-start=\"5475\" data-end=\"5489\"><span dir=\"auto\" style=\"vertical-align: inherit;\"><span dir=\"auto\" style=\"vertical-align: inherit;\">Ambalajlama<\/span><\/span><\/strong><\/td>\n<td data-start=\"5490\" data-end=\"5540\" data-col-size=\"md\"><span dir=\"auto\" style=\"vertical-align: inherit;\"><span dir=\"auto\" style=\"vertical-align: inherit;\">Tekrar kapat\u0131labilir, neme dayan\u0131kl\u0131 laboratuvar \u00e7antas\u0131<\/span><\/span><\/td>\n<\/tr>\n<tr data-start=\"5541\" data-end=\"5579\">\n<td data-start=\"5541\" data-end=\"5559\" data-col-size=\"sm\"><strong data-start=\"5543\" data-end=\"5558\"><span dir=\"auto\" style=\"vertical-align: inherit;\"><span dir=\"auto\" style=\"vertical-align: inherit;\">Miktar<\/span><\/span><\/strong><\/td>\n<td data-start=\"5559\" data-end=\"5579\" data-col-size=\"md\"><span dir=\"auto\" style=\"vertical-align: inherit;\"><span dir=\"auto\" style=\"vertical-align: inherit;\">Torba ba\u015f\u0131na 1 gram<\/span><\/span><\/td>\n<\/tr>\n<\/tbody>\n<\/table>\n<\/div>\n<\/div>\n<hr data-start=\"5581\" data-end=\"5584\" \/>\n<h3 data-start=\"5586\" data-end=\"5603\"><strong data-start=\"5590\" data-end=\"5603\"><span dir=\"auto\" style=\"vertical-align: inherit;\"><span dir=\"auto\" style=\"vertical-align: inherit;\">Avantajlar\u0131<\/span><\/span><\/strong><\/h3>\n<ul data-start=\"5605\" data-end=\"6044\">\n<li data-start=\"5605\" data-end=\"5697\">\n<p data-start=\"5607\" data-end=\"5697\"><strong data-start=\"5607\" data-end=\"5626\"><span dir=\"auto\" style=\"vertical-align: inherit;\"><span dir=\"auto\" style=\"vertical-align: inherit;\">Y\u00fcksek Safl\u0131k<\/span><\/span><\/strong><span dir=\"auto\" style=\"vertical-align: inherit;\"><span dir=\"auto\" style=\"vertical-align: inherit;\"> \u2013 G\u00fcvenilir ara\u015ft\u0131rma sonu\u00e7lar\u0131 i\u00e7in \u2265 98% laboratuvar kalitesi.<\/span><\/span><\/p>\n<\/li>\n<li data-start=\"5698\" data-end=\"5787\">\n<p data-start=\"5700\" data-end=\"5787\"><strong data-start=\"5700\" data-end=\"5742\"><span dir=\"auto\" style=\"vertical-align: inherit;\"><span dir=\"auto\" style=\"vertical-align: inherit;\">Structurally Related to Methylphenidate<\/span><\/span><\/strong><span dir=\"auto\" style=\"vertical-align: inherit;\"><span dir=\"auto\" style=\"vertical-align: inherit;\"> \u2013 Suitable for SAR and receptor research.<\/span><\/span><\/p>\n<\/li>\n<li data-start=\"5788\" data-end=\"5872\">\n<p data-start=\"5790\" data-end=\"5872\"><strong data-start=\"5790\" data-end=\"5811\"><span dir=\"auto\" style=\"vertical-align: inherit;\"><span dir=\"auto\" style=\"vertical-align: inherit;\">Kararl\u0131 Tuz Formu<\/span><\/span><\/strong><span dir=\"auto\" style=\"vertical-align: inherit;\"><span dir=\"auto\" style=\"vertical-align: inherit;\"> \u2013 HCl form offers improved solubility and shelf life. 4-me-tmp<\/span><\/span><\/p>\n<\/li>\n<li data-start=\"5873\" data-end=\"5966\">\n<p data-start=\"5875\" data-end=\"5966\"><strong data-start=\"5875\" data-end=\"5905\"><span dir=\"auto\" style=\"vertical-align: inherit;\"><span dir=\"auto\" style=\"vertical-align: inherit;\">Geni\u015f Ara\u015ft\u0131rma Uygulanabilirli\u011fi<\/span><\/span><\/strong><span dir=\"auto\" style=\"vertical-align: inherit;\"><span dir=\"auto\" style=\"vertical-align: inherit;\"> \u2013 Suitable for GC\/MS, LC-MS, FTIR, HPLC, and spectroscopy.<\/span><\/span><\/p>\n<\/li>\n<li data-start=\"5967\" data-end=\"6044\">\n<p data-start=\"5969\" data-end=\"6044\"><strong data-start=\"5969\" data-end=\"6003\"><span dir=\"auto\" style=\"vertical-align: inherit;\"><span dir=\"auto\" style=\"vertical-align: inherit;\">Fully Traceable Production<\/span><\/span><\/strong><span dir=\"auto\" style=\"vertical-align: inherit;\"><span dir=\"auto\" style=\"vertical-align: inherit;\"> \u2013 Every batch tested and certified.<\/span><\/span><\/p>\n<\/li>\n<\/ul>\n<hr data-start=\"6046\" data-end=\"6049\" \/>\n<h3 data-start=\"6051\" data-end=\"6103\"><strong data-start=\"6055\" data-end=\"6101\"><span dir=\"auto\" style=\"vertical-align: inherit;\"><span dir=\"auto\" style=\"vertical-align: inherit;\">Kullan\u0131m (Sadece Ara\u015ft\u0131rma Ama\u00e7l\u0131)<\/span><\/span><\/strong><\/h3>\n<ol data-start=\"6105\" data-end=\"6450\">\n<li data-start=\"6105\" data-end=\"6174\">\n<p data-start=\"6108\" data-end=\"6174\"><strong data-start=\"6108\" data-end=\"6123\"><span dir=\"auto\" style=\"vertical-align: inherit;\"><span dir=\"auto\" style=\"vertical-align: inherit;\">Kullan\u0131m:<\/span><\/span><\/strong><span dir=\"auto\" style=\"vertical-align: inherit;\"><span dir=\"auto\" style=\"vertical-align: inherit;\"> Eldiven, koruyucu g\u00f6zl\u00fck ve laboratuvar \u00f6nl\u00fc\u011f\u00fc giyin.<\/span><\/span><\/p>\n<\/li>\n<li data-start=\"6175\" data-end=\"6238\">\n<p data-start=\"6178\" data-end=\"6238\"><strong data-start=\"6178\" data-end=\"6191\"><span dir=\"auto\" style=\"vertical-align: inherit;\"><span dir=\"auto\" style=\"vertical-align: inherit;\">\u00d6l\u00e7\u00fcmler:<\/span><\/span><\/strong><span dir=\"auto\" style=\"vertical-align: inherit;\"><span dir=\"auto\" style=\"vertical-align: inherit;\"> Hassas laboratuvar terazileri kullan\u0131n.<\/span><\/span><\/p>\n<\/li>\n<li data-start=\"6239\" data-end=\"6293\">\n<p data-start=\"6242\" data-end=\"6293\"><strong data-start=\"6242\" data-end=\"6253\"><span dir=\"auto\" style=\"vertical-align: inherit;\"><span dir=\"auto\" style=\"vertical-align: inherit;\">Depolamak:<\/span><\/span><\/strong><span dir=\"auto\" style=\"vertical-align: inherit;\"><span dir=\"auto\" style=\"vertical-align: inherit;\"> Serin (2\u20138\u00b0C), kuru ve karanl\u0131kta saklay\u0131n\u0131z.<\/span><\/span><\/p>\n<\/li>\n<li data-start=\"6294\" data-end=\"6377\">\n<p data-start=\"6297\" data-end=\"6377\"><strong data-start=\"6297\" data-end=\"6309\"><span dir=\"auto\" style=\"vertical-align: inherit;\"><span dir=\"auto\" style=\"vertical-align: inherit;\">Analiz:<\/span><\/span><\/strong><span dir=\"auto\" style=\"vertical-align: inherit;\"><span dir=\"auto\" style=\"vertical-align: inherit;\"> Kromatografi, spektroskopi ve resept\u00f6r ara\u015ft\u0131rmalar\u0131 i\u00e7in uygundur.<\/span><\/span><\/p>\n<\/li>\n<li data-start=\"6378\" data-end=\"6450\">\n<p data-start=\"6381\" data-end=\"6450\"><strong data-start=\"6381\" data-end=\"6398\"><span dir=\"auto\" style=\"vertical-align: inherit;\"><span dir=\"auto\" style=\"vertical-align: inherit;\">Belgeleme:<\/span><\/span><\/strong><span dir=\"auto\" style=\"vertical-align: inherit;\"><span dir=\"auto\" style=\"vertical-align: inherit;\"> Record batch number, analysis method, and results.<\/span><\/span><\/p>\n<\/li>\n<\/ol>\n<hr data-start=\"6452\" data-end=\"6455\" \/>\n<h3 data-start=\"6457\" data-end=\"6492\"><strong data-start=\"6461\" data-end=\"6490\"><span dir=\"auto\" style=\"vertical-align: inherit;\"><span dir=\"auto\" style=\"vertical-align: inherit;\">S\u0131k\u00e7a Sorulan Sorular (SSS)<\/span><\/span><\/strong><\/h3>\n<p data-start=\"6494\" data-end=\"6694\"><strong data-start=\"6494\" data-end=\"6517\"><span dir=\"auto\" style=\"vertical-align: inherit;\"><span dir=\"auto\" style=\"vertical-align: inherit;\">1. What is 4-Me-TMP? <\/span><\/span><\/strong><br data-start=\"6517\" data-end=\"6520\" \/><strong data-start=\"6520\" data-end=\"6557\"><span dir=\"auto\" style=\"vertical-align: inherit;\"><span dir=\"auto\" style=\"vertical-align: inherit;\">4-Me-TMP (4-Metilmetilfenidat)<\/span><\/span><\/strong><span dir=\"auto\" style=\"vertical-align: inherit;\"><span dir=\"auto\" style=\"vertical-align: inherit;\"> bir <\/span><\/span><strong data-start=\"6565\" data-end=\"6611\"><span dir=\"auto\" style=\"vertical-align: inherit;\"><span dir=\"auto\" style=\"vertical-align: inherit;\">research substance of the phenidate class<\/span><\/span><\/strong><span dir=\"auto\" style=\"vertical-align: inherit;\"><span dir=\"auto\" style=\"vertical-align: inherit;\"> , related to methylphenidate, used in research on dopamine transporters.<\/span><\/span><\/p>\n<p data-start=\"6696\" data-end=\"6825\"><strong data-start=\"6696\" data-end=\"6737\"><span dir=\"auto\" style=\"vertical-align: inherit;\"><span dir=\"auto\" style=\"vertical-align: inherit;\">2. What is the purity of 4-Me-TMP?<\/span><\/span><\/strong><br data-start=\"6737\" data-end=\"6740\" \/><span dir=\"auto\" style=\"vertical-align: inherit;\"><span dir=\"auto\" style=\"vertical-align: inherit;\"> Her partinin bir <\/span><\/span><strong data-start=\"6761\" data-end=\"6785\"><span dir=\"auto\" style=\"vertical-align: inherit;\"><span dir=\"auto\" style=\"vertical-align: inherit;\">\u2265 98% safl\u0131\u011f\u0131<\/span><\/span><\/strong><span dir=\"auto\" style=\"vertical-align: inherit;\"><span dir=\"auto\" style=\"vertical-align: inherit;\"> HPLC ve NMR analizleri ile do\u011frulanm\u0131\u015ft\u0131r.<\/span><\/span><\/p>\n<p data-start=\"6827\" data-end=\"6992\"><strong data-start=\"6827\" data-end=\"6869\"><span dir=\"auto\" style=\"vertical-align: inherit;\"><span dir=\"auto\" style=\"vertical-align: inherit;\">3. Is it legal to buy 4-Me-TMP?<\/span><\/span><\/strong><br data-start=\"6869\" data-end=\"6872\" \/><span dir=\"auto\" style=\"vertical-align: inherit;\"><span dir=\"auto\" style=\"vertical-align: inherit;\"> The <\/span><\/span><strong data-start=\"6875\" data-end=\"6902\"><span dir=\"auto\" style=\"vertical-align: inherit;\"><span dir=\"auto\" style=\"vertical-align: inherit;\">legality of 4-Me-TMP<\/span><\/span><\/strong><span dir=\"auto\" style=\"vertical-align: inherit;\"><span dir=\"auto\" style=\"vertical-align: inherit;\"> \u00dclkeye g\u00f6re de\u011fi\u015fir. Her zaman yerel y\u00f6netmelikleri kontrol edin. <\/span><\/span><strong data-start=\"6971\" data-end=\"6989\"><span dir=\"auto\" style=\"vertical-align: inherit;\"><span dir=\"auto\" style=\"vertical-align: inherit;\">purchasing 4-Me-TMP<\/span><\/span><\/strong><span dir=\"auto\" style=\"vertical-align: inherit;\"><span dir=\"auto\" style=\"vertical-align: inherit;\"> .<\/span><\/span><\/p>\n<p class=\"ds-markdown-paragraph\">","protected":false},"excerpt":{"rendered":"<h3><span data-sheets-value=\"{\" data-sheets-userformat=\"{\"><span dir=\"auto\" style=\"vertical-align: inherit;\"><span dir=\"auto\" style=\"vertical-align: inherit;\">4-Me-TMP properties<\/span><\/span><\/span><\/h3>\n<p><strong><span dir=\"auto\" style=\"vertical-align: inherit;\"><span dir=\"auto\" style=\"vertical-align: inherit;\">E\u015f anlaml\u0131s\u0131: <\/span><\/span><\/strong><i><span dir=\"auto\" style=\"vertical-align: inherit;\"><span dir=\"auto\" style=\"vertical-align: inherit;\">\u00fc\u00e7<\/span><\/span><\/i><span dir=\"auto\" style=\"vertical-align: inherit;\"><span dir=\"auto\" style=\"vertical-align: inherit;\"> -4-Metilmetilfenidat <\/span><strong><span dir=\"auto\" style=\"vertical-align: inherit;\">CAS Number: 191790-79-1 <\/span><\/strong><strong><span dir=\"auto\" style=\"vertical-align: inherit;\">Formula: C15H21NO2 <\/span><\/strong><strong><span dir=\"auto\" style=\"vertical-align: inherit;\">Mol k\u00fctlesi: <\/span><\/strong><strong><span class=\"nowrap\"><span dir=\"auto\" style=\"vertical-align: inherit;\">247.338<\/span><\/span><\/strong><strong><span dir=\"auto\" style=\"vertical-align: inherit;\"> \u00a0g mol <\/span><\/strong><strong><span dir=\"auto\" style=\"vertical-align: inherit;\">Safl\u0131k:<\/span><\/strong><span dir=\"auto\" style=\"vertical-align: inherit;\"> &gt;99%<\/span><\/span><span class=\"ml-1\"><br \/>\n<\/span><\/p>","protected":false},"featured_media":28451,"comment_status":"closed","ping_status":"closed","template":"","meta":[],"product_brand":[],"product_cat":[335,333],"product_tag":[245,326],"class_list":{"0":"post-24386","1":"product","2":"type-product","3":"status-publish","4":"has-post-thumbnail","6":"product_cat-4-me-tmp","7":"product_cat-gefluoreerden","8":"product_tag-4-me-tmp","9":"product_tag-nl","11":"first","12":"instock","13":"taxable","14":"shipping-taxable","15":"purchasable","16":"product-type-variable"},"_links":{"self":[{"href":"https:\/\/researchchemicalhub.com\/tr\/wp-json\/wp\/v2\/product\/24386","targetHints":{"allow":["GET"]}}],"collection":[{"href":"https:\/\/researchchemicalhub.com\/tr\/wp-json\/wp\/v2\/product"}],"about":[{"href":"https:\/\/researchchemicalhub.com\/tr\/wp-json\/wp\/v2\/types\/product"}],"replies":[{"embeddable":true,"href":"https:\/\/researchchemicalhub.com\/tr\/wp-json\/wp\/v2\/comments?post=24386"}],"version-history":[{"count":6,"href":"https:\/\/researchchemicalhub.com\/tr\/wp-json\/wp\/v2\/product\/24386\/revisions"}],"predecessor-version":[{"id":28685,"href":"https:\/\/researchchemicalhub.com\/tr\/wp-json\/wp\/v2\/product\/24386\/revisions\/28685"}],"wp:featuredmedia":[{"embeddable":true,"href":"https:\/\/researchchemicalhub.com\/tr\/wp-json\/wp\/v2\/media\/28451"}],"wp:attachment":[{"href":"https:\/\/researchchemicalhub.com\/tr\/wp-json\/wp\/v2\/media?parent=24386"}],"wp:term":[{"taxonomy":"product_brand","embeddable":true,"href":"https:\/\/researchchemicalhub.com\/tr\/wp-json\/wp\/v2\/product_brand?post=24386"},{"taxonomy":"product_cat","embeddable":true,"href":"https:\/\/researchchemicalhub.com\/tr\/wp-json\/wp\/v2\/product_cat?post=24386"},{"taxonomy":"product_tag","embeddable":true,"href":"https:\/\/researchchemicalhub.com\/tr\/wp-json\/wp\/v2\/product_tag?post=24386"}],"curies":[{"name":"wp","href":"https:\/\/api.w.org\/{rel}","templated":true}]}}