{"id":24371,"date":"2025-04-13T17:41:35","date_gmt":"2025-04-13T17:41:35","guid":{"rendered":"https:\/\/researchchemicalhub.com\/?post_type=product&#038;p=24371"},"modified":"2025-10-12T09:30:51","modified_gmt":"2025-10-12T09:30:51","slug":"bk-2c","status":"publish","type":"product","link":"https:\/\/researchchemicalhub.com\/tr\/magaza\/neredeyse-yasaklandi\/bk-2c\/","title":{"rendered":"Beta-k-2C-B \u03b2k-2C-B 80 mg Peletler"},"content":{"rendered":"<h3 data-start=\"4058\" data-end=\"4079\"><strong data-start=\"4062\" data-end=\"4077\">girii\u015f<\/strong><\/h3>\n<p data-start=\"4080\" data-end=\"4458\"><strong data-start=\"4080\" data-end=\"4118\">Beta-k-2C-B (\u03b2k-2C-B) 80 mg Peletler<\/strong> i\u00e7ermek <strong data-start=\"4128\" data-end=\"4180\">80 miligram y\u00fcksek safl\u0131kta \u03b2k-2C-B (Beta-keto-2C-B)<\/strong> - Bir <strong data-start=\"4187\" data-end=\"4225\">sentetik fenetilamin t\u00fcrevi<\/strong> Ve <strong data-start=\"4229\" data-end=\"4251\">beta-keton analo\u011fu<\/strong> ile <strong data-start=\"4256\" data-end=\"4264\">2C-B<\/strong>.bk 2c\u00a0<br data-start=\"4265\" data-end=\"4268\" \/>\u03b2k-2C-B&#039;ye aittir <strong data-start=\"4291\" data-end=\"4324\">2C fenetilamin ailesi<\/strong> ve kullan\u0131l\u0131r <strong data-start=\"4346\" data-end=\"4384\">adli ve analitik ara\u015ft\u0131rma<\/strong> Tats\u0131z <strong data-start=\"4390\" data-end=\"4432\">yap\u0131-aktivite ili\u015fkileri (SAR)<\/strong> Ve <strong data-start=\"4436\" data-end=\"4455\">resept\u00f6r ba\u011flanmas\u0131<\/strong>.<\/p>\n<p data-start=\"4460\" data-end=\"4655\">Her pelet \u015funlar\u0131 i\u00e7erir: <strong data-start=\"4478\" data-end=\"4494\">80 mg \u03b2k-2C-B<\/strong> hemen <strong data-start=\"4503\" data-end=\"4527\">\u2265 98% safl\u0131\u011f\u0131<\/strong>, \u00fczerinden test edildi <strong data-start=\"4540\" data-end=\"4555\">HPLC ve NMR<\/strong>Peletler \u015fu \u015fekilde teslim edilir: <strong data-start=\"4587\" data-end=\"4608\">blister ambalaj<\/strong> en iyi denge ve do\u011fruluk i\u00e7in.<\/p>\n<blockquote data-start=\"4657\" data-end=\"4803\">\n<p data-start=\"4659\" data-end=\"4803\">\u26a0\ufe0f <strong data-start=\"4662\" data-end=\"4673\">Not:<\/strong> Bu \u00fcr\u00fcn yaln\u0131zca a\u015fa\u011f\u0131daki ama\u00e7lar i\u00e7in tasarlanm\u0131\u015ft\u0131r: <strong data-start=\"4714\" data-end=\"4749\">ara\u015ft\u0131rma ve analitik kullan\u0131m<\/strong> \u2014 <strong data-start=\"4752\" data-end=\"4800\">insan veya hayvan t\u00fcketimi i\u00e7in de\u011fil<\/strong>.<\/p>\n<\/blockquote>\n<hr data-start=\"4805\" data-end=\"4808\" \/>\n<h3 data-start=\"4810\" data-end=\"4841\"><strong data-start=\"4814\" data-end=\"4841\">Temel \u00d6zellikler<\/strong><\/h3>\n<div class=\"_tableContainer_1rjym_1\">\n<div class=\"group _tableWrapper_1rjym_13 flex w-fit flex-col-reverse\" tabindex=\"-1\">\n<table class=\"w-fit min-w-(--thread-content-width)\" data-start=\"4843\" data-end=\"5416\">\n<thead data-start=\"4843\" data-end=\"4869\">\n<tr data-start=\"4843\" data-end=\"4869\">\n<th data-start=\"4843\" data-end=\"4853\" data-col-size=\"sm\">\u00d6zellik<\/th>\n<th data-start=\"4853\" data-end=\"4869\" data-col-size=\"md\">Tan\u0131m<\/th>\n<\/tr>\n<\/thead>\n<tbody data-start=\"4898\" data-end=\"5416\">\n<tr data-start=\"4898\" data-end=\"4951\">\n<td data-start=\"4898\" data-end=\"4919\" data-col-size=\"sm\"><strong data-start=\"4900\" data-end=\"4918\">Kimyasal Ad\u0131<\/strong><\/td>\n<td data-start=\"4919\" data-end=\"4951\" data-col-size=\"md\">Beta-keto-2C-B Hidroklor\u00fcr<\/td>\n<\/tr>\n<tr data-start=\"4952\" data-end=\"4988\">\n<td data-start=\"4952\" data-end=\"4977\" data-col-size=\"sm\"><strong data-start=\"4954\" data-end=\"4976\">Yayg\u0131n Ad\u0131<\/strong><\/td>\n<td data-start=\"4977\" data-end=\"4988\" data-col-size=\"md\">\u03b2k-2C-B<\/td>\n<\/tr>\n<tr data-start=\"4989\" data-end=\"5032\">\n<td data-start=\"4989\" data-end=\"5013\" data-col-size=\"sm\"><strong data-start=\"4991\" data-end=\"5012\">Kimyasal Form\u00fcl<\/strong><\/td>\n<td data-start=\"5013\" data-end=\"5032\" data-col-size=\"md\">C\u2081\u2080H\u2081\u2082BrNO\u2083\u00b7HCl<\/td>\n<\/tr>\n<tr data-start=\"5033\" data-end=\"5071\">\n<td data-start=\"5033\" data-end=\"5055\" data-col-size=\"sm\"><strong data-start=\"5035\" data-end=\"5054\">Molek\u00fcler a\u011f\u0131rl\u0131k<\/strong><\/td>\n<td data-start=\"5055\" data-end=\"5071\" data-col-size=\"md\">310,57 g\/mol<\/td>\n<\/tr>\n<tr data-start=\"5072\" data-end=\"5106\">\n<td data-start=\"5072\" data-end=\"5087\" data-col-size=\"sm\"><strong data-start=\"5074\" data-end=\"5086\">Dozaj<\/strong><\/td>\n<td data-start=\"5087\" data-end=\"5106\" data-col-size=\"md\">pelet ba\u015f\u0131na 80 mg<\/td>\n<\/tr>\n<tr data-start=\"5107\" data-end=\"5154\">\n<td data-start=\"5107\" data-end=\"5118\" data-col-size=\"sm\"><strong data-start=\"5109\" data-end=\"5117\">Bi\u00e7im<\/strong><\/td>\n<td data-start=\"5118\" data-end=\"5154\" data-col-size=\"md\">Kat\u0131 pelet (blister ambalaj)<\/td>\n<\/tr>\n<tr data-start=\"5155\" data-end=\"5206\">\n<td data-start=\"5155\" data-end=\"5172\" data-col-size=\"sm\"><strong data-start=\"5157\" data-end=\"5171\">Safl\u0131k<\/strong><\/td>\n<td data-start=\"5172\" data-end=\"5206\" data-col-size=\"md\">\u2265 98% (HPLC ve NMR ile test edilmi\u015ftir)<\/td>\n<\/tr>\n<tr data-start=\"5207\" data-end=\"5265\">\n<td data-start=\"5207\" data-end=\"5230\" data-col-size=\"sm\"><strong data-start=\"5209\" data-end=\"5229\">Kimyasal S\u0131n\u0131f<\/strong><\/td>\n<td data-start=\"5230\" data-end=\"5265\" data-col-size=\"md\">Fenetilamin\/\u03b2-keton analo\u011fu<\/td>\n<\/tr>\n<tr data-start=\"5266\" data-end=\"5345\">\n<td data-start=\"5266\" data-end=\"5280\" data-col-size=\"sm\"><strong data-start=\"5268\" data-end=\"5279\">Kullan\u0131m<\/strong><\/td>\n<td data-start=\"5280\" data-end=\"5345\" data-col-size=\"md\">Sadece analitik, adli ve n\u00f6rokimyasal ara\u015ft\u0131rmalar i\u00e7in<\/td>\n<\/tr>\n<tr data-start=\"5346\" data-end=\"5416\">\n<td data-start=\"5346\" data-end=\"5363\" data-col-size=\"sm\"><strong data-start=\"5348\" data-end=\"5362\">Ambalajlama<\/strong><\/td>\n<td data-start=\"5363\" data-end=\"5416\" data-col-size=\"md\">Nem ve \u0131\u015f\u0131\u011fa kar\u015f\u0131 contal\u0131 blister \u015ferit<\/td>\n<\/tr>\n<\/tbody>\n<\/table>\n<\/div>\n<\/div>\n<hr data-start=\"5418\" data-end=\"5421\" \/>\n<h3 data-start=\"5423\" data-end=\"5440\"><strong data-start=\"5427\" data-end=\"5440\">Avantajlar\u0131<\/strong><\/h3>\n<ul data-start=\"5442\" data-end=\"5851\">\n<li data-start=\"5442\" data-end=\"5534\">\n<p data-start=\"5444\" data-end=\"5534\"><strong data-start=\"5444\" data-end=\"5463\">Y\u00fcksek Safl\u0131k<\/strong> \u2013 G\u00fcvenilir ara\u015ft\u0131rma sonu\u00e7lar\u0131 i\u00e7in \u2265 98% laboratuvar kalitesi.<\/p>\n<\/li>\n<li data-start=\"5535\" data-end=\"5628\">\n<p data-start=\"5537\" data-end=\"5628\"><strong data-start=\"5537\" data-end=\"5569\">2C-B&#039;nin Yap\u0131sal Analo\u011fu<\/strong> \u2013 SAR kar\u015f\u0131la\u015ft\u0131rmalar\u0131 ve resept\u00f6r \u00e7al\u0131\u015fmalar\u0131 i\u00e7in uygundur.<\/p>\n<\/li>\n<li data-start=\"5629\" data-end=\"5704\">\n<p data-start=\"5631\" data-end=\"5704\"><strong data-start=\"5631\" data-end=\"5655\">Tam Dozajl\u0131<\/strong> \u2013 Tutarl\u0131 sonu\u00e7lar i\u00e7in pelet ba\u015f\u0131na 80 mg.<\/p>\n<\/li>\n<li data-start=\"5705\" data-end=\"5783\">\n<p data-start=\"5707\" data-end=\"5783\"><strong data-start=\"5707\" data-end=\"5737\">Geni\u015f \u00e7apta ara\u015ft\u0131rma uygulanabilir<\/strong> \u2013 GC\/MS, LC-MS, FTIR ve HPLC i\u00e7in uygundur.<\/p>\n<\/li>\n<li data-start=\"5784\" data-end=\"5851\">\n<p data-start=\"5786\" data-end=\"5851\"><strong data-start=\"5786\" data-end=\"5813\">Do\u011frulanm\u0131\u015f \u00dcretim<\/strong> \u2013 Her parti test edilmi\u015f ve izlenebilir.<\/p>\n<\/li>\n<\/ul>\n<hr data-start=\"5853\" data-end=\"5856\" \/>\n<h3 data-start=\"5858\" data-end=\"5910\"><strong data-start=\"5862\" data-end=\"5908\">Kullan\u0131m (Sadece Ara\u015ft\u0131rma Ama\u00e7l\u0131)<\/strong><\/h3>\n<ol data-start=\"5912\" data-end=\"6255\">\n<li data-start=\"5912\" data-end=\"5981\">\n<p data-start=\"5915\" data-end=\"5981\"><strong data-start=\"5915\" data-end=\"5930\">Kullan\u0131m:<\/strong> Eldiven, koruyucu g\u00f6zl\u00fck ve laboratuvar \u00f6nl\u00fc\u011f\u00fc giyin.<\/p>\n<\/li>\n<li data-start=\"5982\" data-end=\"6058\">\n<p data-start=\"5985\" data-end=\"6058\"><strong data-start=\"5985\" data-end=\"5998\">\u00d6l\u00e7\u00fcmler:<\/strong> Her pelet 80 mg i\u00e7erir; parti numaras\u0131n\u0131 ve safl\u0131\u011f\u0131n\u0131 not edin.<\/p>\n<\/li>\n<li data-start=\"6059\" data-end=\"6113\">\n<p data-start=\"6062\" data-end=\"6113\"><strong data-start=\"6062\" data-end=\"6073\">Depolamak:<\/strong> Serin (2\u20138\u00b0C), kuru ve karanl\u0131kta saklay\u0131n\u0131z.<\/p>\n<\/li>\n<li data-start=\"6114\" data-end=\"6190\">\n<p data-start=\"6117\" data-end=\"6190\"><strong data-start=\"6117\" data-end=\"6129\">Analiz:<\/strong> Kromatografi ve spektroskopik analiz i\u00e7in uygundur. bk 2c<\/p>\n<\/li>\n<li data-start=\"6191\" data-end=\"6255\">\n<p data-start=\"6194\" data-end=\"6255\"><strong data-start=\"6194\" data-end=\"6211\">Belgeleme:<\/strong> Test sonu\u00e7lar\u0131n\u0131 ve analitik y\u00f6ntemleri kaydedin.<\/p>\n<\/li>\n<\/ol>\n<hr data-start=\"6257\" data-end=\"6260\" \/>\n<h3 data-start=\"6262\" data-end=\"6297\"><strong data-start=\"6266\" data-end=\"6295\">S\u0131k\u00e7a Sorulan Sorular (SSS)<\/strong><\/h3>\n<p data-start=\"6299\" data-end=\"6458\"><strong data-start=\"6299\" data-end=\"6321\">1. \u03b2k-2C-B nedir?<\/strong><br data-start=\"6321\" data-end=\"6324\" \/><strong data-start=\"6324\" data-end=\"6352\">\u03b2k-2C-B (Beta-keto-2C-B)<\/strong> bir <strong data-start=\"6360\" data-end=\"6385\">fenetilamin analo\u011fu<\/strong> Analitik ara\u015ft\u0131rmalarda kullan\u0131lan, ilave bir \u03b2-keton grubu i\u00e7eren 2C-B.<\/p>\n<p data-start=\"6460\" data-end=\"6597\"><strong data-start=\"6460\" data-end=\"6505\">2. \u03b2k-2C-B 80 mg Peletlerde neler var?<\/strong><br data-start=\"6505\" data-end=\"6508\" \/>Her pelet \u015funlar\u0131 i\u00e7erir: <strong data-start=\"6526\" data-end=\"6561\">80 mg \u03b2k-2C-B (\u2265 98% safl\u0131k)<\/strong>, laboratuvar kalitesinde test edilmi\u015ftir.<\/p>\n<p data-start=\"6599\" data-end=\"6761\"><strong data-start=\"6599\" data-end=\"6640\">3. \u03b2k-2C-B sat\u0131n almak yasal m\u0131d\u0131r?<\/strong><br data-start=\"6640\" data-end=\"6643\" \/>The <strong data-start=\"6646\" data-end=\"6672\">\u03b2k-2C-B&#039;nin yasall\u0131\u011f\u0131<\/strong> \u00dclkeye g\u00f6re de\u011fi\u015fir. Kullanmadan \u00f6nce daima yerel y\u00f6netmelikleri kontrol edin. <strong data-start=\"6741\" data-end=\"6758\">\u03b2k-2C-B sat\u0131n al\u0131yor<\/strong>.<\/p>","protected":false},"excerpt":{"rendered":"<p>Introductie Beta-k-2C-B (\u03b2k-2C-B) 80mg Pellets bevatten 80 milligram hoogzuiver \u03b2k-2C-B (Beta-keto-2C-B) \u2014 een synthetisch fenethylamine-derivaat en beta-keton-analoog van 2C-B. bk<\/p>","protected":false},"featured_media":21481,"comment_status":"closed","ping_status":"closed","template":"","meta":[],"product_brand":[],"product_cat":[322,405,469,80,324,398],"product_tag":[674,238,326],"class_list":{"0":"post-24371","1":"product","2":"type-product","3":"status-publish","4":"has-post-thumbnail","6":"product_cat-bijna-verboden","7":"product_cat-bk-2c-b","8":"product_cat-bk-2c-b-pellets","9":"product_cat-fenethylamine","10":"product_cat-pellets-for-pellet","11":"product_cat-verkoop","12":"product_tag-bk-2c","13":"product_tag-bk-2c-b","14":"product_tag-nl","16":"first","17":"instock","18":"sale","19":"taxable","20":"shipping-taxable","21":"purchasable","22":"product-type-variable"},"_links":{"self":[{"href":"https:\/\/researchchemicalhub.com\/tr\/wp-json\/wp\/v2\/product\/24371","targetHints":{"allow":["GET"]}}],"collection":[{"href":"https:\/\/researchchemicalhub.com\/tr\/wp-json\/wp\/v2\/product"}],"about":[{"href":"https:\/\/researchchemicalhub.com\/tr\/wp-json\/wp\/v2\/types\/product"}],"replies":[{"embeddable":true,"href":"https:\/\/researchchemicalhub.com\/tr\/wp-json\/wp\/v2\/comments?post=24371"}],"version-history":[{"count":6,"href":"https:\/\/researchchemicalhub.com\/tr\/wp-json\/wp\/v2\/product\/24371\/revisions"}],"predecessor-version":[{"id":27800,"href":"https:\/\/researchchemicalhub.com\/tr\/wp-json\/wp\/v2\/product\/24371\/revisions\/27800"}],"wp:featuredmedia":[{"embeddable":true,"href":"https:\/\/researchchemicalhub.com\/tr\/wp-json\/wp\/v2\/media\/21481"}],"wp:attachment":[{"href":"https:\/\/researchchemicalhub.com\/tr\/wp-json\/wp\/v2\/media?parent=24371"}],"wp:term":[{"taxonomy":"product_brand","embeddable":true,"href":"https:\/\/researchchemicalhub.com\/tr\/wp-json\/wp\/v2\/product_brand?post=24371"},{"taxonomy":"product_cat","embeddable":true,"href":"https:\/\/researchchemicalhub.com\/tr\/wp-json\/wp\/v2\/product_cat?post=24371"},{"taxonomy":"product_tag","embeddable":true,"href":"https:\/\/researchchemicalhub.com\/tr\/wp-json\/wp\/v2\/product_tag?post=24371"}],"curies":[{"name":"wp","href":"https:\/\/api.w.org\/{rel}","templated":true}]}}