{"id":24350,"date":"2025-04-13T17:41:31","date_gmt":"2025-04-13T17:41:31","guid":{"rendered":"https:\/\/researchchemicalhub.com\/?post_type=product&#038;p=24350"},"modified":"2025-10-29T08:43:27","modified_gmt":"2025-10-29T08:43:27","slug":"metocin-4-ho-met-21-mg-pellets","status":"publish","type":"product","link":"https:\/\/researchchemicalhub.com\/tr\/shop\/4-ho-met\/metocin-4-ho-met-21-mg-pellets\/","title":{"rendered":"Metosin 4-HO-MET 21 MG Peletler"},"content":{"rendered":"<h3 data-start=\"4257\" data-end=\"4278\"><strong data-start=\"4261\" data-end=\"4276\"><span dir=\"auto\" style=\"vertical-align: inherit;\"><span dir=\"auto\" style=\"vertical-align: inherit;\">girii\u015f<\/span><\/span><\/strong><\/h3>\n<p data-start=\"4279\" data-end=\"4697\"><strong data-start=\"4279\" data-end=\"4312\"><span dir=\"auto\" style=\"vertical-align: inherit;\"><span dir=\"auto\" style=\"vertical-align: inherit;\">Metocin 4-HO-MET 21 mg Pelet<\/span><\/span><\/strong><span dir=\"auto\" style=\"vertical-align: inherit;\"><span dir=\"auto\" style=\"vertical-align: inherit;\"> i\u00e7ermek <\/span><\/span><strong data-start=\"4322\" data-end=\"4386\"><span dir=\"auto\" style=\"vertical-align: inherit;\"><span dir=\"auto\" style=\"vertical-align: inherit;\">21 miligram 4-HO-MET (4-Hidroksi-N-metil-N-etiltriptamin)<\/span><\/span><\/strong><span dir=\"auto\" style=\"vertical-align: inherit;\"><span dir=\"auto\" style=\"vertical-align: inherit;\"> - A <\/span><\/span><strong data-start=\"4393\" data-end=\"4417\"><span dir=\"auto\" style=\"vertical-align: inherit;\"><span dir=\"auto\" style=\"vertical-align: inherit;\">triptamin bile\u015fi\u011fi<\/span><\/span><\/strong><span dir=\"auto\" style=\"vertical-align: inherit;\"><span dir=\"auto\" style=\"vertical-align: inherit;\"> yap\u0131sal olarak ili\u015fkili <\/span><\/span><strong data-start=\"4449\" data-end=\"4473\"><span dir=\"auto\" style=\"vertical-align: inherit;\"><span dir=\"auto\" style=\"vertical-align: inherit;\">psilosin (4-HO-DMT)<\/span><\/span><\/strong><span dir=\"auto\" style=\"vertical-align: inherit;\"><span dir=\"auto\" style=\"vertical-align: inherit;\"> Ve <\/span><\/span><strong data-start=\"4477\" data-end=\"4490\"><span dir=\"auto\" style=\"vertical-align: inherit;\"><span dir=\"auto\" style=\"vertical-align: inherit;\">4-AcO-MET<\/span><\/span><\/strong><span dir=\"auto\" style=\"vertical-align: inherit;\"><span dir=\"auto\" style=\"vertical-align: inherit;\"> Metocin <\/span><\/span><br data-start=\"4491\" data-end=\"4494\" \/><span dir=\"auto\" style=\"vertical-align: inherit;\"><span dir=\"auto\" style=\"vertical-align: inherit;\">4-HO-MET \u015fu durumlarda kullan\u0131l\u0131r: <\/span><\/span><strong data-start=\"4521\" data-end=\"4574\"><span dir=\"auto\" style=\"vertical-align: inherit;\"><span dir=\"auto\" style=\"vertical-align: inherit;\">analitik, adli ve n\u00f6rokimyasal ara\u015ft\u0131rmalar<\/span><\/span><\/strong><span dir=\"auto\" style=\"vertical-align: inherit;\"><span dir=\"auto\" style=\"vertical-align: inherit;\"> ile <\/span><span dir=\"auto\" style=\"vertical-align: inherit;\">\u00e7al\u0131\u015fmak <\/span><\/span><strong data-start=\"4578\" data-end=\"4597\"><span dir=\"auto\" style=\"vertical-align: inherit;\"><span dir=\"auto\" style=\"vertical-align: inherit;\">resept\u00f6r ba\u011flanmas\u0131<\/span><\/span><\/strong><span dir=\"auto\" style=\"vertical-align: inherit;\"><span dir=\"auto\" style=\"vertical-align: inherit;\"> , <\/span><\/span><strong data-start=\"4599\" data-end=\"4641\"><span dir=\"auto\" style=\"vertical-align: inherit;\"><span dir=\"auto\" style=\"vertical-align: inherit;\">yap\u0131-aktivite ili\u015fkileri (SAR)<\/span><\/span><\/strong><span dir=\"auto\" style=\"vertical-align: inherit;\"><span dir=\"auto\" style=\"vertical-align: inherit;\"> , Ve <\/span><\/span><strong data-start=\"4645\" data-end=\"4680\"><span dir=\"auto\" style=\"vertical-align: inherit;\"><span dir=\"auto\" style=\"vertical-align: inherit;\">kromatografik \u00f6zellikler .<\/span><\/span><\/strong><\/p>\n<p data-start=\"4699\" data-end=\"4871\"><span dir=\"auto\" style=\"vertical-align: inherit;\"><span dir=\"auto\" style=\"vertical-align: inherit;\">Her pelet bir <\/span><\/span><strong data-start=\"4721\" data-end=\"4745\"><span dir=\"auto\" style=\"vertical-align: inherit;\"><span dir=\"auto\" style=\"vertical-align: inherit;\">\u2265 98% safl\u0131\u011f\u0131<\/span><\/span><\/strong><span dir=\"auto\" style=\"vertical-align: inherit;\"><span dir=\"auto\" style=\"vertical-align: inherit;\"> taraf\u0131ndan onayland\u0131 <\/span><\/span><strong data-start=\"4761\" data-end=\"4784\"><span dir=\"auto\" style=\"vertical-align: inherit;\"><span dir=\"auto\" style=\"vertical-align: inherit;\">HPLC ve NMR analizi<\/span><\/span><\/strong><span dir=\"auto\" style=\"vertical-align: inherit;\"><span dir=\"auto\" style=\"vertical-align: inherit;\"> ve \u015fu \u015fekilde tedarik edilir: <\/span><\/span><strong data-start=\"4807\" data-end=\"4828\"><span dir=\"auto\" style=\"vertical-align: inherit;\"><span dir=\"auto\" style=\"vertical-align: inherit;\">blister ambalaj<\/span><\/span><\/strong><span dir=\"auto\" style=\"vertical-align: inherit;\"><span dir=\"auto\" style=\"vertical-align: inherit;\"> kimyasal kararl\u0131l\u0131\u011f\u0131 korumak i\u00e7in.<\/span><\/span><\/p>\n<blockquote data-start=\"4873\" data-end=\"5019\">\n<p data-start=\"4875\" data-end=\"5019\">\u26a0\ufe0f <strong data-start=\"4878\" data-end=\"4889\"><span dir=\"auto\" style=\"vertical-align: inherit;\"><span dir=\"auto\" style=\"vertical-align: inherit;\">L\u00fctfen akl\u0131n\u0131zda bulundurun:<\/span><\/span><\/strong><span dir=\"auto\" style=\"vertical-align: inherit;\"><span dir=\"auto\" style=\"vertical-align: inherit;\"> Bu \u00fcr\u00fcn \u015fu ama\u00e7lar i\u00e7in tasarlanm\u0131\u015ft\u0131r: <\/span><\/span><strong data-start=\"4930\" data-end=\"4965\"><span dir=\"auto\" style=\"vertical-align: inherit;\"><span dir=\"auto\" style=\"vertical-align: inherit;\">ara\u015ft\u0131rma ve analitik kullan\u0131m<\/span><\/span><\/strong><span dir=\"auto\" style=\"vertical-align: inherit;\"><span dir=\"auto\" style=\"vertical-align: inherit;\"> sadece - <\/span><\/span><strong data-start=\"4968\" data-end=\"5016\"><span dir=\"auto\" style=\"vertical-align: inherit;\"><span dir=\"auto\" style=\"vertical-align: inherit;\">insan veya hayvan t\u00fcketimi i\u00e7in de\u011fil<\/span><\/span><\/strong><span dir=\"auto\" style=\"vertical-align: inherit;\"><span dir=\"auto\" style=\"vertical-align: inherit;\"> .<\/span><\/span><\/p>\n<\/blockquote>\n<hr data-start=\"5021\" data-end=\"5024\" \/>\n<h3 data-start=\"5026\" data-end=\"5057\"><strong data-start=\"5030\" data-end=\"5057\"><span dir=\"auto\" style=\"vertical-align: inherit;\"><span dir=\"auto\" style=\"vertical-align: inherit;\">Temel \u00d6zellikler<\/span><\/span><\/strong><\/h3>\n<div class=\"_tableContainer_1rjym_1\">\n<div class=\"group _tableWrapper_1rjym_13 flex w-fit flex-col-reverse\" tabindex=\"-1\">\n<table class=\"w-fit min-w-(--thread-content-width)\" data-start=\"5059\" data-end=\"5630\">\n<thead data-start=\"5059\" data-end=\"5085\">\n<tr data-start=\"5059\" data-end=\"5085\">\n<th data-start=\"5059\" data-end=\"5069\" data-col-size=\"sm\"><span dir=\"auto\" style=\"vertical-align: inherit;\"><span dir=\"auto\" style=\"vertical-align: inherit;\">\u00d6zellik<\/span><\/span><\/th>\n<th data-start=\"5069\" data-end=\"5085\" data-col-size=\"md\"><span dir=\"auto\" style=\"vertical-align: inherit;\"><span dir=\"auto\" style=\"vertical-align: inherit;\">Tan\u0131m<\/span><\/span><\/th>\n<\/tr>\n<\/thead>\n<tbody data-start=\"5114\" data-end=\"5630\">\n<tr data-start=\"5114\" data-end=\"5189\">\n<td data-start=\"5114\" data-end=\"5135\" data-col-size=\"sm\"><strong data-start=\"5116\" data-end=\"5134\"><span dir=\"auto\" style=\"vertical-align: inherit;\"><span dir=\"auto\" style=\"vertical-align: inherit;\">Kimyasal Ad\u0131<\/span><\/span><\/strong><\/td>\n<td data-start=\"5135\" data-end=\"5189\" data-col-size=\"md\"><span dir=\"auto\" style=\"vertical-align: inherit;\"><span dir=\"auto\" style=\"vertical-align: inherit;\">4-Hidroksi-N-metil-N-etiltriptamin Hidroklor\u00fcr<\/span><\/span><\/td>\n<\/tr>\n<tr data-start=\"5190\" data-end=\"5237\">\n<td data-start=\"5190\" data-end=\"5215\" data-col-size=\"sm\"><strong data-start=\"5192\" data-end=\"5214\"><span dir=\"auto\" style=\"vertical-align: inherit;\"><span dir=\"auto\" style=\"vertical-align: inherit;\">Yayg\u0131n Ad\u0131<\/span><\/span><\/strong><\/td>\n<td data-start=\"5215\" data-end=\"5237\" data-col-size=\"md\"><span dir=\"auto\" style=\"vertical-align: inherit;\"><span dir=\"auto\" style=\"vertical-align: inherit;\">4-HO-MET \/ Metocin<\/span><\/span><\/td>\n<\/tr>\n<tr data-start=\"5238\" data-end=\"5279\">\n<td data-start=\"5238\" data-end=\"5262\" data-col-size=\"sm\"><strong data-start=\"5240\" data-end=\"5261\"><span dir=\"auto\" style=\"vertical-align: inherit;\"><span dir=\"auto\" style=\"vertical-align: inherit;\">Kimyasal Form\u00fcl<\/span><\/span><\/strong><\/td>\n<td data-start=\"5262\" data-end=\"5279\" data-col-size=\"md\"><span dir=\"auto\" style=\"vertical-align: inherit;\"><span dir=\"auto\" style=\"vertical-align: inherit;\">C\u2081\u2083H\u2081\u2088N\u2082O\u00b7HCl<\/span><\/span><\/td>\n<\/tr>\n<tr data-start=\"5280\" data-end=\"5318\">\n<td data-start=\"5280\" data-end=\"5302\" data-col-size=\"sm\"><strong data-start=\"5282\" data-end=\"5301\"><span dir=\"auto\" style=\"vertical-align: inherit;\"><span dir=\"auto\" style=\"vertical-align: inherit;\">Molek\u00fcler a\u011f\u0131rl\u0131k<\/span><\/span><\/strong><\/td>\n<td data-start=\"5302\" data-end=\"5318\" data-col-size=\"md\"><span dir=\"auto\" style=\"vertical-align: inherit;\"><span dir=\"auto\" style=\"vertical-align: inherit;\">270,75 g\/mol<\/span><\/span><\/td>\n<\/tr>\n<tr data-start=\"5319\" data-end=\"5353\">\n<td data-start=\"5319\" data-end=\"5334\" data-col-size=\"sm\"><strong data-start=\"5321\" data-end=\"5333\"><span dir=\"auto\" style=\"vertical-align: inherit;\"><span dir=\"auto\" style=\"vertical-align: inherit;\">Dozaj<\/span><\/span><\/strong><\/td>\n<td data-start=\"5334\" data-end=\"5353\" data-col-size=\"md\"><span dir=\"auto\" style=\"vertical-align: inherit;\"><span dir=\"auto\" style=\"vertical-align: inherit;\">pelet ba\u015f\u0131na 21 mg<\/span><\/span><\/td>\n<\/tr>\n<tr data-start=\"5354\" data-end=\"5401\">\n<td data-start=\"5354\" data-end=\"5365\" data-col-size=\"sm\"><strong data-start=\"5356\" data-end=\"5364\"><span dir=\"auto\" style=\"vertical-align: inherit;\"><span dir=\"auto\" style=\"vertical-align: inherit;\">Bi\u00e7im<\/span><\/span><\/strong><\/td>\n<td data-start=\"5365\" data-end=\"5401\" data-col-size=\"md\"><span dir=\"auto\" style=\"vertical-align: inherit;\"><span dir=\"auto\" style=\"vertical-align: inherit;\">Kat\u0131 pelet (blister ambalaj)<\/span><\/span><\/td>\n<\/tr>\n<tr data-start=\"5402\" data-end=\"5453\">\n<td data-start=\"5402\" data-end=\"5419\" data-col-size=\"sm\"><strong data-start=\"5404\" data-end=\"5418\"><span dir=\"auto\" style=\"vertical-align: inherit;\"><span dir=\"auto\" style=\"vertical-align: inherit;\">Safl\u0131k<\/span><\/span><\/strong><\/td>\n<td data-start=\"5419\" data-end=\"5453\" data-col-size=\"md\"><span dir=\"auto\" style=\"vertical-align: inherit;\"><span dir=\"auto\" style=\"vertical-align: inherit;\">\u2265 98% (HPLC ve NMR ile test edilmi\u015ftir)<\/span><\/span><\/td>\n<\/tr>\n<tr data-start=\"5454\" data-end=\"5500\">\n<td data-start=\"5454\" data-end=\"5477\" data-col-size=\"sm\"><strong data-start=\"5456\" data-end=\"5476\"><span dir=\"auto\" style=\"vertical-align: inherit;\"><span dir=\"auto\" style=\"vertical-align: inherit;\">Kimyasal S\u0131n\u0131f<\/span><\/span><\/strong><\/td>\n<td data-start=\"5477\" data-end=\"5500\" data-col-size=\"md\"><span dir=\"auto\" style=\"vertical-align: inherit;\"><span dir=\"auto\" style=\"vertical-align: inherit;\">Triptamin t\u00fcrevi<\/span><\/span><\/td>\n<\/tr>\n<tr data-start=\"5501\" data-end=\"5580\">\n<td data-start=\"5501\" data-end=\"5515\" data-col-size=\"sm\"><strong data-start=\"5503\" data-end=\"5514\"><span dir=\"auto\" style=\"vertical-align: inherit;\"><span dir=\"auto\" style=\"vertical-align: inherit;\">Kullan\u0131m<\/span><\/span><\/strong><\/td>\n<td data-start=\"5515\" data-end=\"5580\" data-col-size=\"md\"><span dir=\"auto\" style=\"vertical-align: inherit;\"><span dir=\"auto\" style=\"vertical-align: inherit;\">Sadece analitik, adli ve n\u00f6rokimyasal ara\u015ft\u0131rmalar i\u00e7in<\/span><\/span><\/td>\n<\/tr>\n<tr data-start=\"5581\" data-end=\"5630\">\n<td data-start=\"5581\" data-end=\"5598\" data-col-size=\"sm\"><strong data-start=\"5583\" data-end=\"5597\"><span dir=\"auto\" style=\"vertical-align: inherit;\"><span dir=\"auto\" style=\"vertical-align: inherit;\">Ambalajlama<\/span><\/span><\/strong><\/td>\n<td data-start=\"5598\" data-end=\"5630\" data-col-size=\"md\"><span dir=\"auto\" style=\"vertical-align: inherit;\"><span dir=\"auto\" style=\"vertical-align: inherit;\">M\u00fch\u00fcrl\u00fc blister \u015ferit<\/span><\/span><\/td>\n<\/tr>\n<\/tbody>\n<\/table>\n<\/div>\n<\/div>\n<hr data-start=\"5632\" data-end=\"5635\" \/>\n<h3 data-start=\"5637\" data-end=\"5654\"><strong data-start=\"5641\" data-end=\"5654\"><span dir=\"auto\" style=\"vertical-align: inherit;\"><span dir=\"auto\" style=\"vertical-align: inherit;\">Avantajlar\u0131<\/span><\/span><\/strong><\/h3>\n<ul data-start=\"5656\" data-end=\"6062\">\n<li data-start=\"5656\" data-end=\"5748\">\n<p data-start=\"5658\" data-end=\"5748\"><strong data-start=\"5658\" data-end=\"5677\"><span dir=\"auto\" style=\"vertical-align: inherit;\"><span dir=\"auto\" style=\"vertical-align: inherit;\">Y\u00fcksek Safl\u0131k<\/span><\/span><\/strong><span dir=\"auto\" style=\"vertical-align: inherit;\"><span dir=\"auto\" style=\"vertical-align: inherit;\"> \u2013 G\u00fcvenilir ara\u015ft\u0131rma sonu\u00e7lar\u0131 i\u00e7in \u2265 98% laboratuvar kalitesi.<\/span><\/span><\/p>\n<\/li>\n<li data-start=\"5749\" data-end=\"5828\">\n<p data-start=\"5751\" data-end=\"5828\"><strong data-start=\"5751\" data-end=\"5782\"><span dir=\"auto\" style=\"vertical-align: inherit;\"><span dir=\"auto\" style=\"vertical-align: inherit;\">Standart Dozaj<\/span><\/span><\/strong><span dir=\"auto\" style=\"vertical-align: inherit;\"><span dir=\"auto\" style=\"vertical-align: inherit;\"> \u2013 Tutarl\u0131 analiz i\u00e7in pelet ba\u015f\u0131na 21 mg.<\/span><\/span><\/p>\n<\/li>\n<li data-start=\"5829\" data-end=\"5907\">\n<p data-start=\"5831\" data-end=\"5907\"><strong data-start=\"5831\" data-end=\"5861\"><span dir=\"auto\" style=\"vertical-align: inherit;\"><span dir=\"auto\" style=\"vertical-align: inherit;\">Geni\u015f Ara\u015ft\u0131rma Uygulanabilirli\u011fi<\/span><\/span><\/strong><span dir=\"auto\" style=\"vertical-align: inherit;\"><span dir=\"auto\" style=\"vertical-align: inherit;\"> \u2013 GC\/MS, LC-MS, FTIR ve HPLC i\u00e7in uygundur.<\/span><\/span><\/p>\n<\/li>\n<li data-start=\"5908\" data-end=\"5993\">\n<p data-start=\"5910\" data-end=\"5993\"><strong data-start=\"5910\" data-end=\"5947\"><span dir=\"auto\" style=\"vertical-align: inherit;\"><span dir=\"auto\" style=\"vertical-align: inherit;\">Psilocin ile Yap\u0131sal Olarak \u0130lgili<\/span><\/span><\/strong><span dir=\"auto\" style=\"vertical-align: inherit;\"><span dir=\"auto\" style=\"vertical-align: inherit;\"> \u2013 SAR ve resept\u00f6r ara\u015ft\u0131rmalar\u0131 i\u00e7in de\u011ferlidir.<\/span><\/span><\/p>\n<\/li>\n<li data-start=\"5994\" data-end=\"6062\">\n<p data-start=\"5996\" data-end=\"6062\"><strong data-start=\"5996\" data-end=\"6024\"><span dir=\"auto\" style=\"vertical-align: inherit;\"><span dir=\"auto\" style=\"vertical-align: inherit;\">Kontroll\u00fc \u00dcretim<\/span><\/span><\/strong><span dir=\"auto\" style=\"vertical-align: inherit;\"><span dir=\"auto\" style=\"vertical-align: inherit;\"> \u2013 Her parti test edilmi\u015f ve izlenebilir.<\/span><\/span><\/p>\n<\/li>\n<\/ul>\n<hr data-start=\"6064\" data-end=\"6067\" \/>\n<h3 data-start=\"6069\" data-end=\"6121\"><strong data-start=\"6073\" data-end=\"6119\"><span dir=\"auto\" style=\"vertical-align: inherit;\"><span dir=\"auto\" style=\"vertical-align: inherit;\">Kullan\u0131m (Sadece Ara\u015ft\u0131rma Ama\u00e7l\u0131)<\/span><\/span><\/strong><\/h3>\n<ol data-start=\"6123\" data-end=\"6466\">\n<li data-start=\"6123\" data-end=\"6192\">\n<p data-start=\"6126\" data-end=\"6192\"><strong data-start=\"6126\" data-end=\"6141\"><span dir=\"auto\" style=\"vertical-align: inherit;\"><span dir=\"auto\" style=\"vertical-align: inherit;\">Kullan\u0131m:<\/span><\/span><\/strong><span dir=\"auto\" style=\"vertical-align: inherit;\"><span dir=\"auto\" style=\"vertical-align: inherit;\"> Eldiven, g\u00fcvenlik g\u00f6zl\u00fc\u011f\u00fc ve laboratuvar \u00f6nl\u00fc\u011f\u00fc giyin.<\/span><\/span><\/p>\n<\/li>\n<li data-start=\"6193\" data-end=\"6250\">\n<p data-start=\"6196\" data-end=\"6250\"><strong data-start=\"6196\" data-end=\"6209\"><span dir=\"auto\" style=\"vertical-align: inherit;\"><span dir=\"auto\" style=\"vertical-align: inherit;\">\u00d6l\u00e7\u00fcmler:<\/span><\/span><\/strong><span dir=\"auto\" style=\"vertical-align: inherit;\"><span dir=\"auto\" style=\"vertical-align: inherit;\"> Her bir pellet tam olarak 21 mg 4-HO-MET i\u00e7erir.<\/span><\/span><\/p>\n<\/li>\n<li data-start=\"6251\" data-end=\"6305\">\n<p data-start=\"6254\" data-end=\"6305\"><strong data-start=\"6254\" data-end=\"6265\"><span dir=\"auto\" style=\"vertical-align: inherit;\"><span dir=\"auto\" style=\"vertical-align: inherit;\">Depolamak:<\/span><\/span><\/strong><span dir=\"auto\" style=\"vertical-align: inherit;\"><span dir=\"auto\" style=\"vertical-align: inherit;\"> Serin (2\u20138\u00b0C), kuru ve karanl\u0131kta saklay\u0131n\u0131z.<\/span><\/span><\/p>\n<\/li>\n<li data-start=\"6306\" data-end=\"6389\">\n<p data-start=\"6309\" data-end=\"6389\"><strong data-start=\"6309\" data-end=\"6321\"><span dir=\"auto\" style=\"vertical-align: inherit;\"><span dir=\"auto\" style=\"vertical-align: inherit;\">Analiz:<\/span><\/span><\/strong><span dir=\"auto\" style=\"vertical-align: inherit;\"><span dir=\"auto\" style=\"vertical-align: inherit;\"> Kromatografi, spektroskopi ve resept\u00f6r ara\u015ft\u0131rmalar\u0131 i\u00e7in uygundur.<\/span><\/span><\/p>\n<\/li>\n<li data-start=\"6390\" data-end=\"6466\">\n<p data-start=\"6393\" data-end=\"6466\"><strong data-start=\"6393\" data-end=\"6410\"><span dir=\"auto\" style=\"vertical-align: inherit;\"><span dir=\"auto\" style=\"vertical-align: inherit;\">Belgeleme:<\/span><\/span><\/strong><span dir=\"auto\" style=\"vertical-align: inherit;\"><span dir=\"auto\" style=\"vertical-align: inherit;\"> Parti numaras\u0131n\u0131, test sonu\u00e7lar\u0131n\u0131 ve analiz y\u00f6ntemini kaydedin.<\/span><\/span><\/p>\n<\/li>\n<\/ol>\n<hr data-start=\"6468\" data-end=\"6471\" \/>\n<h3 data-start=\"6473\" data-end=\"6508\"><strong data-start=\"6477\" data-end=\"6506\"><span dir=\"auto\" style=\"vertical-align: inherit;\"><span dir=\"auto\" style=\"vertical-align: inherit;\">S\u0131k\u00e7a Sorulan Sorular (SSS)<\/span><\/span><\/strong><\/h3>\n<p data-start=\"6510\" data-end=\"6665\"><strong data-start=\"6510\" data-end=\"6543\"><span dir=\"auto\" style=\"vertical-align: inherit;\"><span dir=\"auto\" style=\"vertical-align: inherit;\">1. 4-HO-MET (Metosin) nedir? <\/span><\/span><\/strong><br data-start=\"6543\" data-end=\"6546\" \/><strong data-start=\"6546\" data-end=\"6558\"><span dir=\"auto\" style=\"vertical-align: inherit;\"><span dir=\"auto\" style=\"vertical-align: inherit;\">4-HO-MET<\/span><\/span><\/strong><span dir=\"auto\" style=\"vertical-align: inherit;\"><span dir=\"auto\" style=\"vertical-align: inherit;\"> bir <\/span><\/span><strong data-start=\"6566\" data-end=\"6588\"><span dir=\"auto\" style=\"vertical-align: inherit;\"><span dir=\"auto\" style=\"vertical-align: inherit;\">triptamin analo\u011fu<\/span><\/span><\/strong><span dir=\"auto\" style=\"vertical-align: inherit;\"><span dir=\"auto\" style=\"vertical-align: inherit;\"> , analitik ve n\u00f6rokimyasal ara\u015ft\u0131rmalarda kullan\u0131lan psilosin ile ilgilidir.<\/span><\/span><\/p>\n<p data-start=\"6667\" data-end=\"6808\"><strong data-start=\"6667\" data-end=\"6724\"><span dir=\"auto\" style=\"vertical-align: inherit;\"><span dir=\"auto\" style=\"vertical-align: inherit;\">2. Bu peletlerin safl\u0131\u011f\u0131 ve dozaj\u0131 nedir?<\/span><\/span><\/strong><br data-start=\"6724\" data-end=\"6727\" \/><span dir=\"auto\" style=\"vertical-align: inherit;\"><span dir=\"auto\" style=\"vertical-align: inherit;\"> Her pelet \u015funlar\u0131 i\u00e7erir: <\/span><\/span><strong data-start=\"6745\" data-end=\"6781\"><span dir=\"auto\" style=\"vertical-align: inherit;\"><span dir=\"auto\" style=\"vertical-align: inherit;\">21 mg veya 4-HO-MET (\u2265 98% safl\u0131k)<\/span><\/span><\/strong><span dir=\"auto\" style=\"vertical-align: inherit;\"><span dir=\"auto\" style=\"vertical-align: inherit;\"> , HPLC ve NMR ile test edilmi\u015ftir.<\/span><\/span><\/p>\n<p data-start=\"6810\" data-end=\"6975\"><strong data-start=\"6810\" data-end=\"6852\"><span dir=\"auto\" style=\"vertical-align: inherit;\"><span dir=\"auto\" style=\"vertical-align: inherit;\">3. 4-HO-MET sat\u0131n almak yasal m\u0131?<\/span><\/span><\/strong><br data-start=\"6852\" data-end=\"6855\" \/><span dir=\"auto\" style=\"vertical-align: inherit;\"><span dir=\"auto\" style=\"vertical-align: inherit;\"> The <\/span><\/span><strong data-start=\"6858\" data-end=\"6885\"><span dir=\"auto\" style=\"vertical-align: inherit;\"><span dir=\"auto\" style=\"vertical-align: inherit;\">4-HO-MET&#039;in yasall\u0131\u011f\u0131<\/span><\/span><\/strong><span dir=\"auto\" style=\"vertical-align: inherit;\"><span dir=\"auto\" style=\"vertical-align: inherit;\"> \u00dclkeye g\u00f6re de\u011fi\u015fir. Her zaman yerel yasalar\u0131 kontrol edin. <\/span><\/span><strong data-start=\"6954\" data-end=\"6972\"><span dir=\"auto\" style=\"vertical-align: inherit;\"><span dir=\"auto\" style=\"vertical-align: inherit;\">4-HO-MET sat\u0131n alma<\/span><\/span><\/strong><span dir=\"auto\" style=\"vertical-align: inherit;\"><span dir=\"auto\" style=\"vertical-align: inherit;\"> .<\/span><\/span><\/p>\n<ul>\n<li><\/li>\n<\/ul>","protected":false},"excerpt":{"rendered":"<p>Giri\u015f Metocin 4-HO-MET 21 mg Peletler, 21 miligram 4-HO-MET (4-Hidroksi-N-metil-N-etiltriptamin) i\u00e7erir; bu, psilosin (4-HO-DMT) ile yap\u0131sal olarak ili\u015fkili bir triptamin bile\u015fi\u011fidir.<\/p>","protected":false},"featured_media":28559,"comment_status":"closed","ping_status":"closed","template":"","meta":[],"product_brand":[],"product_cat":[382,403,324,398,381],"product_tag":[636,673,635,326],"class_list":{"0":"post-24350","1":"product","2":"type-product","3":"status-publish","4":"has-post-thumbnail","6":"product_cat-4-ho-met","7":"product_cat-4-ho-met-pellets","8":"product_cat-pellets-for-pellet","9":"product_cat-verkoop","10":"product_cat-tryptamines","11":"product_tag-metocin","12":"product_tag-metocin-4-ho-met","13":"product_tag-metocin-kopen","14":"product_tag-nl","16":"first","17":"instock","18":"sale","19":"taxable","20":"shipping-taxable","21":"purchasable","22":"product-type-variable"},"_links":{"self":[{"href":"https:\/\/researchchemicalhub.com\/tr\/wp-json\/wp\/v2\/product\/24350","targetHints":{"allow":["GET"]}}],"collection":[{"href":"https:\/\/researchchemicalhub.com\/tr\/wp-json\/wp\/v2\/product"}],"about":[{"href":"https:\/\/researchchemicalhub.com\/tr\/wp-json\/wp\/v2\/types\/product"}],"replies":[{"embeddable":true,"href":"https:\/\/researchchemicalhub.com\/tr\/wp-json\/wp\/v2\/comments?post=24350"}],"version-history":[{"count":6,"href":"https:\/\/researchchemicalhub.com\/tr\/wp-json\/wp\/v2\/product\/24350\/revisions"}],"predecessor-version":[{"id":28687,"href":"https:\/\/researchchemicalhub.com\/tr\/wp-json\/wp\/v2\/product\/24350\/revisions\/28687"}],"wp:featuredmedia":[{"embeddable":true,"href":"https:\/\/researchchemicalhub.com\/tr\/wp-json\/wp\/v2\/media\/28559"}],"wp:attachment":[{"href":"https:\/\/researchchemicalhub.com\/tr\/wp-json\/wp\/v2\/media?parent=24350"}],"wp:term":[{"taxonomy":"product_brand","embeddable":true,"href":"https:\/\/researchchemicalhub.com\/tr\/wp-json\/wp\/v2\/product_brand?post=24350"},{"taxonomy":"product_cat","embeddable":true,"href":"https:\/\/researchchemicalhub.com\/tr\/wp-json\/wp\/v2\/product_cat?post=24350"},{"taxonomy":"product_tag","embeddable":true,"href":"https:\/\/researchchemicalhub.com\/tr\/wp-json\/wp\/v2\/product_tag?post=24350"}],"curies":[{"name":"wp","href":"https:\/\/api.w.org\/{rel}","templated":true}]}}