{"id":24343,"date":"2025-04-13T17:41:31","date_gmt":"2025-04-13T17:41:31","guid":{"rendered":"https:\/\/researchchemicalhub.com\/?post_type=product&#038;p=24343"},"modified":"2025-10-12T12:50:39","modified_gmt":"2025-10-12T12:50:39","slug":"dijital-biyo-mini-olcek","status":"publish","type":"product","link":"https:\/\/researchchemicalhub.com\/tr\/magaza\/teraziler\/dijital-biyo-mini-olcek\/","title":{"rendered":"Dijital Biyo Mini Terazi \u2013 20g x 0,001g"},"content":{"rendered":"<h3 data-start=\"4064\" data-end=\"4085\"><strong data-start=\"4068\" data-end=\"4083\">girii\u015f<\/strong><\/h3>\n<p data-start=\"4086\" data-end=\"4354\">The <strong data-start=\"4089\" data-end=\"4136\">Dijital Biyo Mini Terazi \u2013 20g x 0,001g<\/strong> bir <strong data-start=\"4144\" data-end=\"4180\">profesyonel hassas terazi<\/strong> a\u015f\u0131r\u0131 do\u011fruluk gerektiren uygulamalar i\u00e7in tasarlanm\u0131\u015ft\u0131r, \u00f6rne\u011fin <strong data-start=\"4256\" data-end=\"4281\">laboratuvar ara\u015ft\u0131rmas\u0131<\/strong>, <strong data-start=\"4283\" data-end=\"4304\">kimyasal analiz<\/strong>, <strong data-start=\"4306\" data-end=\"4330\">biyolojik ara\u015ft\u0131rma<\/strong> Ve <strong data-start=\"4334\" data-end=\"4351\">m\u00fccevher i\u015fi<\/strong>.<\/p>\n<p data-start=\"4356\" data-end=\"4670\">Hemen <strong data-start=\"4364\" data-end=\"4394\">20 gram tart\u0131m kapasitesi<\/strong> ve bir <strong data-start=\"4402\" data-end=\"4445\">0,001 g (1 miligram) do\u011fruluk<\/strong> bu mini \u00f6l\u00e7e\u011fi sunuyor <strong data-start=\"4473\" data-end=\"4504\">laboratuvar d\u00fczeyinde hassasiyet<\/strong> bir <strong data-start=\"4512\" data-end=\"4544\">kompakt ve ta\u015f\u0131nabilir tasar\u0131m<\/strong>The <strong data-start=\"4549\" data-end=\"4578\">paslanmaz \u00e7elik tart\u0131m plakas\u0131<\/strong> ve <strong data-start=\"4586\" data-end=\"4608\">parlak LCD ekran<\/strong> her ortamda net ve istikrarl\u0131 \u00f6l\u00e7\u00fcmler sa\u011flar.<\/p>\n<blockquote data-start=\"4672\" data-end=\"4784\">\n<p data-start=\"4674\" data-end=\"4784\">\u2699\ufe0f <strong data-start=\"4677\" data-end=\"4784\">Miligram hassasiyetiyle laboratuvarlar, biyokimya ara\u015ft\u0131rmalar\u0131 veya malzeme bilimi i\u00e7in m\u00fckemmeldir.<\/strong><\/p>\n<\/blockquote>\n<hr data-start=\"4786\" data-end=\"4789\" \/>\n<h3 data-start=\"4791\" data-end=\"4822\"><strong data-start=\"4795\" data-end=\"4822\">Temel \u00d6zellikler<\/strong><\/h3>\n<div class=\"_tableContainer_1rjym_1\">\n<div class=\"group _tableWrapper_1rjym_13 flex w-fit flex-col-reverse\" tabindex=\"-1\">\n<table class=\"w-fit min-w-(--thread-content-width)\" data-start=\"4824\" data-end=\"5359\">\n<thead data-start=\"4824\" data-end=\"4850\">\n<tr data-start=\"4824\" data-end=\"4850\">\n<th data-start=\"4824\" data-end=\"4834\" data-col-size=\"sm\">\u00d6zellik<\/th>\n<th data-start=\"4834\" data-end=\"4850\" data-col-size=\"md\">Tan\u0131m<\/th>\n<\/tr>\n<\/thead>\n<tbody data-start=\"4879\" data-end=\"5359\">\n<tr data-start=\"4879\" data-end=\"4923\">\n<td data-start=\"4879\" data-end=\"4891\" data-col-size=\"sm\"><strong data-start=\"4881\" data-end=\"4890\">Model<\/strong><\/td>\n<td data-start=\"4891\" data-end=\"4923\" data-col-size=\"md\">Dijital Biyo Mini \u00d6l\u00e7ek<\/td>\n<\/tr>\n<tr data-start=\"4924\" data-end=\"4957\">\n<td data-start=\"4924\" data-end=\"4941\" data-col-size=\"sm\"><strong data-start=\"4926\" data-end=\"4940\">Tart\u0131m aral\u0131\u011f\u0131<\/strong><\/td>\n<td data-start=\"4941\" data-end=\"4957\" data-col-size=\"md\">0,001 g \u2013 20 g<\/td>\n<\/tr>\n<tr data-start=\"4958\" data-end=\"5004\">\n<td data-start=\"4958\" data-end=\"4979\" data-col-size=\"sm\"><strong data-start=\"4960\" data-end=\"4978\">Kesinlik<\/strong><\/td>\n<td data-start=\"4979\" data-end=\"5004\" data-col-size=\"md\">\u00b10,001 g (1 miligram)<\/td>\n<\/tr>\n<tr data-start=\"5005\" data-end=\"5067\">\n<td data-start=\"5005\" data-end=\"5019\" data-col-size=\"sm\"><strong data-start=\"5007\" data-end=\"5018\">G\u00f6r\u00fcnt\u00fclemek<\/strong><\/td>\n<td data-start=\"5019\" data-end=\"5067\" data-col-size=\"md\">Arka ayd\u0131nlatmal\u0131 parlak LCD ekran<\/td>\n<\/tr>\n<tr data-start=\"5068\" data-end=\"5106\">\n<td data-start=\"5068\" data-end=\"5084\" data-col-size=\"sm\"><strong data-start=\"5070\" data-end=\"5083\">\u00d6l\u00e7\u00fc birimleri<\/strong><\/td>\n<td data-start=\"5084\" data-end=\"5106\" data-col-size=\"md\">g, oz, ct, gn, dwt<\/td>\n<\/tr>\n<tr data-start=\"5107\" data-end=\"5151\">\n<td data-start=\"5107\" data-end=\"5126\" data-col-size=\"sm\"><strong data-start=\"5109\" data-end=\"5125\">Tart\u0131m platformu<\/strong><\/td>\n<td data-start=\"5126\" data-end=\"5151\" data-col-size=\"md\">Paslanmaz \u00e7elik levha<\/td>\n<\/tr>\n<tr data-start=\"5152\" data-end=\"5201\">\n<td data-start=\"5152\" data-end=\"5166\" data-col-size=\"sm\"><strong data-start=\"5154\" data-end=\"5165\">G\u00fc\u00e7 kayna\u011f\u0131<\/strong><\/td>\n<td data-start=\"5166\" data-end=\"5201\" data-col-size=\"md\">2 \u00d7 AAA pil (dahil)<\/td>\n<\/tr>\n<tr data-start=\"5202\" data-end=\"5243\">\n<td data-start=\"5202\" data-end=\"5216\" data-col-size=\"sm\"><strong data-start=\"5204\" data-end=\"5215\">Tasar\u0131m<\/strong><\/td>\n<td data-start=\"5216\" data-end=\"5243\" data-col-size=\"md\">Kompakt ve hafif<\/td>\n<\/tr>\n<tr data-start=\"5244\" data-end=\"5306\">\n<td data-start=\"5244\" data-end=\"5277\" data-col-size=\"sm\"><strong data-start=\"5246\" data-end=\"5276\">Otomatik Kapanma<\/strong><\/td>\n<td data-start=\"5277\" data-end=\"5306\" data-col-size=\"md\">Enerji tasarrufu fonksiyonu<\/td>\n<\/tr>\n<tr data-start=\"5307\" data-end=\"5359\">\n<td data-start=\"5307\" data-end=\"5325\" data-col-size=\"sm\"><strong data-start=\"5309\" data-end=\"5324\">Koruyucu kapak<\/strong><\/td>\n<td data-start=\"5325\" data-end=\"5359\" data-col-size=\"md\">Toza ve hasara kar\u015f\u0131 korur<\/td>\n<\/tr>\n<\/tbody>\n<\/table>\n<\/div>\n<\/div>\n<hr data-start=\"5361\" data-end=\"5364\" \/>\n<h3 data-start=\"5366\" data-end=\"5383\"><strong data-start=\"5370\" data-end=\"5383\">Avantajlar\u0131<\/strong><\/h3>\n<ul data-start=\"5385\" data-end=\"5857\">\n<li data-start=\"5385\" data-end=\"5477\">\n<p data-start=\"5387\" data-end=\"5477\"><strong data-start=\"5387\" data-end=\"5409\">Son derece do\u011fru<\/strong> \u2013 Laboratuvar ve biyolojik ara\u015ft\u0131rmalar i\u00e7in 0,001g&#039;a kadar tart\u0131l\u0131r.<\/p>\n<\/li>\n<li data-start=\"5478\" data-end=\"5551\">\n<p data-start=\"5480\" data-end=\"5551\"><strong data-start=\"5480\" data-end=\"5503\">Ta\u015f\u0131nabilir ve Kompakt<\/strong> \u2013 Laboratuvarda veya hareket halindeyken kullan\u0131m i\u00e7in idealdir.<\/p>\n<\/li>\n<li data-start=\"5552\" data-end=\"5616\">\n<p data-start=\"5554\" data-end=\"5616\"><strong data-start=\"5554\" data-end=\"5574\">S\u00fcrd\u00fcr\u00fclebilir Tasar\u0131m<\/strong> \u2013 Uzun s\u00fcreli kullan\u0131m i\u00e7in paslanmaz \u00e7elik tart\u0131m plakas\u0131.<\/p>\n<\/li>\n<li data-start=\"5617\" data-end=\"5711\">\n<p data-start=\"5619\" data-end=\"5711\"><strong data-start=\"5619\" data-end=\"5649\">Farkl\u0131 \u00d6l\u00e7\u00fc Birimleri<\/strong> \u2013 Gram, ons, karat ve daha fazlas\u0131 aras\u0131nda kolayca ge\u00e7i\u015f yap\u0131n.<\/p>\n<\/li>\n<li data-start=\"5712\" data-end=\"5785\">\n<p data-start=\"5714\" data-end=\"5785\"><strong data-start=\"5714\" data-end=\"5737\">Kullan\u0131c\u0131 dostu<\/strong> \u2013 Net LCD ekran ile kolay kullan\u0131m.<\/p>\n<\/li>\n<li data-start=\"5786\" data-end=\"5857\">\n<p data-start=\"5788\" data-end=\"5857\"><strong data-start=\"5788\" data-end=\"5808\">Enerji tasarrufu<\/strong> \u2013 Hareketsizlik durumunda otomatik kapanma.<\/p>\n<\/li>\n<\/ul>\n<hr data-start=\"5859\" data-end=\"5862\" \/>\n<h3 data-start=\"5864\" data-end=\"5879\"><strong data-start=\"5868\" data-end=\"5879\">Kullan\u0131m<\/strong><\/h3>\n<ol data-start=\"5881\" data-end=\"6311\">\n<li data-start=\"5881\" data-end=\"5966\">\n<p data-start=\"5884\" data-end=\"5966\"><strong data-start=\"5884\" data-end=\"5916\">D\u00fcz bir y\u00fczeye yerle\u015ftirin<\/strong> \u2013 Sabit, titre\u015fimsiz bir masa \u00fczerinde kullan\u0131n.<\/p>\n<\/li>\n<li data-start=\"5967\" data-end=\"6058\">\n<p data-start=\"5970\" data-end=\"6058\"><strong data-start=\"5970\" data-end=\"5996\">Kullanmadan \u00f6nce kalibre edin<\/strong> \u2013 Verilen a\u011f\u0131rl\u0131kla (m\u00fcmk\u00fcnse) kalibre edin.<\/p>\n<\/li>\n<li data-start=\"6059\" data-end=\"6129\">\n<p data-start=\"6062\" data-end=\"6129\"><strong data-start=\"6062\" data-end=\"6083\">Birim se\u00e7in<\/strong> \u2013 Gram, ons, karat veya tah\u0131l se\u00e7eneklerinden birini se\u00e7in.<\/p>\n<\/li>\n<li data-start=\"6130\" data-end=\"6225\">\n<p data-start=\"6133\" data-end=\"6225\"><strong data-start=\"6133\" data-end=\"6160\">TARE fonksiyonunu kullan\u0131n<\/strong> \u2013 Do\u011fru \u00f6l\u00e7\u00fcmler i\u00e7in kaplar\u0131n a\u011f\u0131rl\u0131\u011f\u0131n\u0131 s\u0131f\u0131rlay\u0131n.<\/p>\n<\/li>\n<li data-start=\"6226\" data-end=\"6311\">\n<p data-start=\"6229\" data-end=\"6311\"><strong data-start=\"6229\" data-end=\"6249\">Dikkatlice tart\u0131n<\/strong> \u2013 Malzemeyi yava\u015f yava\u015f istenilen k\u0131vama gelinceye kadar ekleyin.<\/p>\n<\/li>\n<\/ol>\n<hr data-start=\"6313\" data-end=\"6316\" \/>\n<h3 data-start=\"6318\" data-end=\"6353\"><strong data-start=\"6322\" data-end=\"6351\">S\u0131k\u00e7a Sorulan Sorular (SSS)<\/strong><\/h3>\n<p data-start=\"6355\" data-end=\"6543\"><strong data-start=\"6355\" data-end=\"6414\">1. Dijital Bio Mini Teraziyi \u00f6zel k\u0131lan nedir?<\/strong><br data-start=\"6414\" data-end=\"6417\" \/>Bu \u00f6l\u00e7ek bir <strong data-start=\"6443\" data-end=\"6466\">0,001 g hassasiyet<\/strong>, Ne <strong data-start=\"6472\" data-end=\"6498\">on kat daha do\u011fru<\/strong> daha sonra standart mini terazi (0.01g) kullan\u0131l\u0131r.<\/p>\n<p data-start=\"6545\" data-end=\"6685\"><strong data-start=\"6545\" data-end=\"6594\">2. Laboratuvar kullan\u0131m\u0131 i\u00e7in uygun mudur?<\/strong><br data-start=\"6594\" data-end=\"6597\" \/>Evet - \u00f6l\u00e7ek bunun i\u00e7in tasarlanm\u0131\u015ft\u0131r <strong data-start=\"6634\" data-end=\"6682\">biyolojik, kimyasal ve analitik ara\u015ft\u0131rmalar<\/strong>.<\/p>\n<p data-start=\"6687\" data-end=\"6849\"><strong data-start=\"6687\" data-end=\"6745\">3. Piller ve kalibrasyon a\u011f\u0131rl\u0131\u011f\u0131 dahil mi?<\/strong><br data-start=\"6745\" data-end=\"6748\" \/>Evet, \u00f6l\u00e7ekle birlikte gelir <strong data-start=\"6785\" data-end=\"6807\">2 \u00d7 AAA pil<\/strong> ve muhtemelen bir <strong data-start=\"6825\" data-end=\"6846\">kalibrasyon a\u011f\u0131rl\u0131\u011f\u0131<\/strong>.<\/p>","protected":false},"excerpt":{"rendered":"<p><strong><span dir=\"auto\" style=\"vertical-align: inherit;\"><span dir=\"auto\" style=\"vertical-align: inherit;\">\u00d6zellikler:<\/span><\/span><\/strong><\/p>\n<ul>\n<li><span dir=\"auto\" style=\"vertical-align: inherit;\"><span dir=\"auto\" style=\"vertical-align: inherit;\">Dijital<\/span><\/span><\/li>\n<li><span dir=\"auto\" style=\"vertical-align: inherit;\"><span dir=\"auto\" style=\"vertical-align: inherit;\">0,001 g&#039;dan ba\u015flayan a\u011f\u0131rl\u0131klar<\/span><\/span><\/li>\n<li><span dir=\"auto\" style=\"vertical-align: inherit;\"><span dir=\"auto\" style=\"vertical-align: inherit;\">Maksimum 20g a\u011f\u0131rl\u0131\u011f\u0131ndad\u0131r<\/span><\/span><\/li>\n<li><span dir=\"auto\" style=\"vertical-align: inherit;\"><span dir=\"auto\" style=\"vertical-align: inherit;\">\u00c7al\u0131\u015f\u0131r: 2x AAA pil<\/span><\/span><\/li>\n<li><span dir=\"auto\" style=\"vertical-align: inherit;\"><span dir=\"auto\" style=\"vertical-align: inherit;\">LCD ekran<\/span><\/span><\/li>\n<li><span dir=\"auto\" style=\"vertical-align: inherit;\"><span dir=\"auto\" style=\"vertical-align: inherit;\">Renk: siyah<\/span><\/span><\/li>\n<\/ul>","protected":false},"featured_media":24680,"comment_status":"closed","ping_status":"closed","template":"","meta":[],"product_brand":[],"product_cat":[451],"product_tag":[452,848,764,767,765,766,768],"class_list":{"0":"post-24343","1":"product","2":"type-product","3":"status-publish","4":"has-post-thumbnail","6":"product_cat-weegschalen","7":"product_tag-de","8":"product_tag-digitale-bio-mini-weegschaal","9":"product_tag-digitale-cs-weegschaal","10":"product_tag-digitale-microweegschaal","11":"product_tag-milligramweegschaal","12":"product_tag-precise-weegschaal-0-001g","13":"product_tag-weegschaal-voor-research-chemicals","15":"first","16":"instock","17":"taxable","18":"shipping-taxable","19":"purchasable","20":"product-type-simple"},"_links":{"self":[{"href":"https:\/\/researchchemicalhub.com\/tr\/wp-json\/wp\/v2\/product\/24343","targetHints":{"allow":["GET"]}}],"collection":[{"href":"https:\/\/researchchemicalhub.com\/tr\/wp-json\/wp\/v2\/product"}],"about":[{"href":"https:\/\/researchchemicalhub.com\/tr\/wp-json\/wp\/v2\/types\/product"}],"replies":[{"embeddable":true,"href":"https:\/\/researchchemicalhub.com\/tr\/wp-json\/wp\/v2\/comments?post=24343"}],"version-history":[{"count":6,"href":"https:\/\/researchchemicalhub.com\/tr\/wp-json\/wp\/v2\/product\/24343\/revisions"}],"predecessor-version":[{"id":27802,"href":"https:\/\/researchchemicalhub.com\/tr\/wp-json\/wp\/v2\/product\/24343\/revisions\/27802"}],"wp:featuredmedia":[{"embeddable":true,"href":"https:\/\/researchchemicalhub.com\/tr\/wp-json\/wp\/v2\/media\/24680"}],"wp:attachment":[{"href":"https:\/\/researchchemicalhub.com\/tr\/wp-json\/wp\/v2\/media?parent=24343"}],"wp:term":[{"taxonomy":"product_brand","embeddable":true,"href":"https:\/\/researchchemicalhub.com\/tr\/wp-json\/wp\/v2\/product_brand?post=24343"},{"taxonomy":"product_cat","embeddable":true,"href":"https:\/\/researchchemicalhub.com\/tr\/wp-json\/wp\/v2\/product_cat?post=24343"},{"taxonomy":"product_tag","embeddable":true,"href":"https:\/\/researchchemicalhub.com\/tr\/wp-json\/wp\/v2\/product_tag?post=24343"}],"curies":[{"name":"wp","href":"https:\/\/api.w.org\/{rel}","templated":true}]}}