{"id":24277,"date":"2025-04-13T17:41:22","date_gmt":"2025-04-13T17:41:22","guid":{"rendered":"https:\/\/researchchemicalhub.com\/?post_type=product&#038;p=24277"},"modified":"2025-10-29T08:52:48","modified_gmt":"2025-10-29T08:52:48","slug":"flubrotizolam-05-mg","status":"publish","type":"product","link":"https:\/\/researchchemicalhub.com\/tr\/magaza\/benzodiazepinler\/flubrotizolam-05-mg\/","title":{"rendered":"Flubrotizolam 0,5 MG Peletler"},"content":{"rendered":"<p data-start=\"5386\" data-end=\"5642\"><strong data-start=\"5386\" data-end=\"5418\">Flubrotizolam 0,5 MG Peletler<\/strong> vard\u0131r <strong data-start=\"5424\" data-end=\"5469\">y\u00fcksek safl\u0131kta ara\u015ft\u0131rma kimyasallar\u0131<\/strong>Toksikolojik ve farmakolojik ara\u015ft\u0131rmalar i\u00e7in tasarlanm\u0131\u015ft\u0131r. Her pelet \u015funlar\u0131 i\u00e7erir: <strong data-start=\"5545\" data-end=\"5576\">0,5 miligram Flubrotizolam<\/strong> ve g\u00fcvenilir ara\u015ft\u0131rma sonu\u00e7lar\u0131 i\u00e7in dikkatlice tart\u0131l\u0131r. flubrotizolam<\/p>\n<p data-start=\"5644\" data-end=\"5761\">\u26a0\ufe0f <strong data-start=\"5647\" data-end=\"5658\">Not:<\/strong> Bu \u00fcr\u00fcn yaln\u0131zca a\u015fa\u011f\u0131daki ama\u00e7lar i\u00e7in tasarlanm\u0131\u015ft\u0131r: <em data-start=\"5699\" data-end=\"5721\">ara\u015ft\u0131rma ama\u00e7l\u0131<\/em> Ve <strong data-start=\"5725\" data-end=\"5760\">insan t\u00fcketimi i\u00e7in de\u011fil<\/strong>.<\/p>\n<hr data-start=\"5763\" data-end=\"5766\" \/>\n<h2 data-start=\"5768\" data-end=\"5798\"><strong data-start=\"5771\" data-end=\"5798\">Temel \u00d6zellikler<\/strong><\/h2>\n<ul data-start=\"5800\" data-end=\"6145\">\n<li data-start=\"5800\" data-end=\"5864\">\n<p data-start=\"5802\" data-end=\"5864\"><strong data-start=\"5802\" data-end=\"5821\">Y\u00fcksek Safl\u0131k<\/strong> tutarl\u0131 laboratuvar performans\u0131 i\u00e7in.<\/p>\n<\/li>\n<li data-start=\"5865\" data-end=\"5946\">\n<p data-start=\"5867\" data-end=\"5946\"><strong data-start=\"5867\" data-end=\"5891\">Do\u011fru Dozaj<\/strong>: Kontroll\u00fc deneyler i\u00e7in pelet ba\u015f\u0131na 0,5 mg.<\/p>\n<\/li>\n<li data-start=\"5947\" data-end=\"6015\">\n<p data-start=\"5949\" data-end=\"6015\"><strong data-start=\"5949\" data-end=\"5974\">Analitik Kalite<\/strong>LC-MS ve GC-MS \u00e7al\u0131\u015fmalar\u0131 i\u00e7in uygundur.<\/p>\n<\/li>\n<li data-start=\"6016\" data-end=\"6086\">\n<p data-start=\"6018\" data-end=\"6086\"><strong data-start=\"6018\" data-end=\"6040\">G\u00fcvenli Paketleme<\/strong>: m\u00fch\u00fcrlenmi\u015f ve kirlenmeye kar\u015f\u0131 korunmu\u015ftur.<\/p>\n<\/li>\n<li data-start=\"6087\" data-end=\"6145\">\n<p data-start=\"6089\" data-end=\"6145\"><strong data-start=\"6089\" data-end=\"6115\">AB d\u00fczenlemelerine uygun olarak<\/strong> ara\u015ft\u0131rma kimyasallar\u0131 i\u00e7in.<\/p>\n<\/li>\n<\/ul>\n<hr data-start=\"6147\" data-end=\"6150\" \/>\n<h2 data-start=\"6152\" data-end=\"6186\"><strong data-start=\"6155\" data-end=\"6186\">Ara\u015ft\u0131rmac\u0131lar i\u00e7in Faydalar<\/strong><\/h2>\n<ul data-start=\"6188\" data-end=\"6478\">\n<li data-start=\"6188\" data-end=\"6246\">\n<p data-start=\"6190\" data-end=\"6246\">Destekler <strong data-start=\"6202\" data-end=\"6243\">toksikolojik ve analitik ara\u015ft\u0131rma<\/strong>.<\/p>\n<\/li>\n<li data-start=\"6247\" data-end=\"6325\">\n<p data-start=\"6249\" data-end=\"6325\">Uygun olanlar <strong data-start=\"6263\" data-end=\"6286\">referans ara\u015ft\u0131rmas\u0131<\/strong> yeni benzodiazepin analoglar\u0131na do\u011fru.<\/p>\n<\/li>\n<li data-start=\"6326\" data-end=\"6413\">\n<p data-start=\"6328\" data-end=\"6413\">Te\u015fvik eder <strong data-start=\"6338\" data-end=\"6369\">bilimsel do\u011frulama<\/strong> kontroll\u00fc laboratuvar ortamlar\u0131nda.<\/p>\n<\/li>\n<li data-start=\"6414\" data-end=\"6478\">\n<p data-start=\"6416\" data-end=\"6478\">Yard\u0131mc\u0131 olur <strong data-start=\"6426\" data-end=\"6450\">y\u00f6ntem geli\u015ftirme<\/strong> adli analiz i\u00e7in. flubrotizolam<\/p>\n<\/li>\n<\/ul>\n<hr data-start=\"6480\" data-end=\"6483\" \/>\n<h2 data-start=\"6485\" data-end=\"6519\"><strong data-start=\"6488\" data-end=\"6519\">Kullan\u0131m (Ara\u015ft\u0131rma ba\u011flam\u0131)<\/strong><\/h2>\n<ol data-start=\"6521\" data-end=\"6700\">\n<li data-start=\"6521\" data-end=\"6550\">\n<p data-start=\"6524\" data-end=\"6550\">Standart laboratuvar KKD&#039;sini giyin.<\/p>\n<\/li>\n<li data-start=\"6551\" data-end=\"6601\">\n<p data-start=\"6554\" data-end=\"6601\">Kalibre edilmi\u015f ekipmanla dikkatlice \u00f6l\u00e7\u00fcm yap\u0131n.<\/p>\n<\/li>\n<li data-start=\"6602\" data-end=\"6649\">\n<p data-start=\"6605\" data-end=\"6649\">Serin, kuru ve do\u011frudan g\u00fcne\u015f \u0131\u015f\u0131\u011f\u0131na maruz kalmayan bir yerde saklay\u0131n\u0131z.<\/p>\n<\/li>\n<li data-start=\"6650\" data-end=\"6700\">\n<p data-start=\"6653\" data-end=\"6700\">Yerel at\u0131k y\u00f6netmeliklerine uygun \u015fekilde bertaraf edin.<\/p>\n<\/li>\n<\/ol>\n<blockquote data-start=\"6702\" data-end=\"6796\">\n<p data-start=\"6704\" data-end=\"6796\"><strong data-start=\"6704\" data-end=\"6719\">\u00d6nemli:<\/strong> <em data-start=\"6720\" data-end=\"6750\">Flubrotizolam 0,5 MG Peletler<\/em> vard\u0131r <strong data-start=\"6756\" data-end=\"6795\">insan kullan\u0131m\u0131 i\u00e7in tasarlanmam\u0131\u015ft\u0131r<\/strong>.<\/p>\n<\/blockquote>\n<hr data-start=\"6798\" data-end=\"6801\" \/>\n<h2 data-start=\"6803\" data-end=\"6874\"><strong data-start=\"6806\" data-end=\"6874\">Flubrotizolam 0,5 MG Pelet Sat\u0131n Al\u0131n (Ara\u015ft\u0131rma Kurumlar\u0131 \u0130\u00e7in)<\/strong><\/h2>\n<p data-start=\"6876\" data-end=\"7031\">Sadece <strong data-start=\"6883\" data-end=\"6925\">sertifikal\u0131 ara\u015ft\u0131rma kurumlar\u0131<\/strong> do\u011fru izinlerle <strong data-start=\"6959\" data-end=\"6997\">Flubrotizolam 0.5 MG Pelet Sat\u0131n Al\u0131n<\/strong>\u00d6zel kullan\u0131m yasakt\u0131r.<\/p>\n<hr data-start=\"7033\" data-end=\"7036\" \/>\n<h2 data-start=\"7038\" data-end=\"7072\"><strong data-start=\"7041\" data-end=\"7072\">S\u0131k\u00e7a Sorulan Sorular (SSS)<\/strong><\/h2>\n<h3 data-start=\"7074\" data-end=\"7139\"><strong data-start=\"7078\" data-end=\"7139\">1. Flubrotizolam 0.5 MG Peletler ne i\u00e7in kullan\u0131l\u0131r?<\/strong><\/h3>\n<p data-start=\"7140\" data-end=\"7243\">Bu peletler \u015funlar i\u00e7in kullan\u0131l\u0131r: <strong data-start=\"7174\" data-end=\"7212\">adli ve analitik ara\u015ft\u0131rma<\/strong> tiyenotriazolodiazepinlere.<\/p>\n<hr data-start=\"7245\" data-end=\"7248\" \/>\n<h3 data-start=\"7250\" data-end=\"7313\"><strong data-start=\"7254\" data-end=\"7313\">2. Bu peletler insan t\u00fcketimi i\u00e7in g\u00fcvenli midir?<\/strong><\/h3>\n<p data-start=\"7314\" data-end=\"7416\">Hay\u0131r. Bu peletler <strong data-start=\"7337\" data-end=\"7375\">yaln\u0131zca ara\u015ft\u0131rma ama\u00e7l\u0131d\u0131r<\/strong> ve insan kullan\u0131m\u0131na uygun de\u011fildir.<\/p>\n<hr data-start=\"7418\" data-end=\"7421\" \/>\n<h3 data-start=\"7423\" data-end=\"7489\"><strong data-start=\"7427\" data-end=\"7489\">3. Flubrotizolam 0.5 MG Peleti Hollanda&#039;da sat\u0131n alabilir miyim?<\/strong><\/h3>\n<p data-start=\"7490\" data-end=\"7611\">Sadece <strong data-start=\"7497\" data-end=\"7531\">tan\u0131nm\u0131\u015f ara\u015ft\u0131rma kurumlar\u0131<\/strong> \u0130zin alarak bu \u00fcr\u00fcn\u00fc bilimsel ama\u00e7l\u0131 sat\u0131n alabilirsiniz.<\/p>","protected":false},"excerpt":{"rendered":"<p>Flubrotizolam 0,5 mg peletleri, toksikolojik ve farmakolojik ara\u015ft\u0131rmalar i\u00e7in tasarlanm\u0131\u015f y\u00fcksek safl\u0131kta ara\u015ft\u0131rma kimyasallar\u0131d\u0131r. Her pelet 0,5 miligram i\u00e7erir.<\/p>","protected":false},"featured_media":28528,"comment_status":"closed","ping_status":"closed","template":"","meta":[],"product_brand":[82],"product_cat":[76,476,477,324],"product_tag":[150,153,154,151,152,155,326],"class_list":{"0":"post-24277","1":"product","2":"type-product","3":"status-publish","4":"has-post-thumbnail","6":"product_brand-research-chemical","7":"product_cat-benzodiazepinen","8":"product_cat-flubrotizolam","9":"product_cat-flubrotizolam-pellets","10":"product_cat-pellets-for-pellet","11":"product_tag-flubrotizolam","12":"product_tag-flubrotizolam-dosage","13":"product_tag-flubrotizolam-ervaring","14":"product_tag-flubrotizolam-half-life","15":"product_tag-flubrotizolam-werking","16":"product_tag-flunitrazolam-bijwerkingen","17":"product_tag-nl","19":"first","20":"instock","21":"taxable","22":"shipping-taxable","23":"purchasable","24":"product-type-variable"},"_links":{"self":[{"href":"https:\/\/researchchemicalhub.com\/tr\/wp-json\/wp\/v2\/product\/24277","targetHints":{"allow":["GET"]}}],"collection":[{"href":"https:\/\/researchchemicalhub.com\/tr\/wp-json\/wp\/v2\/product"}],"about":[{"href":"https:\/\/researchchemicalhub.com\/tr\/wp-json\/wp\/v2\/types\/product"}],"replies":[{"embeddable":true,"href":"https:\/\/researchchemicalhub.com\/tr\/wp-json\/wp\/v2\/comments?post=24277"}],"version-history":[{"count":4,"href":"https:\/\/researchchemicalhub.com\/tr\/wp-json\/wp\/v2\/product\/24277\/revisions"}],"predecessor-version":[{"id":27817,"href":"https:\/\/researchchemicalhub.com\/tr\/wp-json\/wp\/v2\/product\/24277\/revisions\/27817"}],"wp:featuredmedia":[{"embeddable":true,"href":"https:\/\/researchchemicalhub.com\/tr\/wp-json\/wp\/v2\/media\/28528"}],"wp:attachment":[{"href":"https:\/\/researchchemicalhub.com\/tr\/wp-json\/wp\/v2\/media?parent=24277"}],"wp:term":[{"taxonomy":"product_brand","embeddable":true,"href":"https:\/\/researchchemicalhub.com\/tr\/wp-json\/wp\/v2\/product_brand?post=24277"},{"taxonomy":"product_cat","embeddable":true,"href":"https:\/\/researchchemicalhub.com\/tr\/wp-json\/wp\/v2\/product_cat?post=24277"},{"taxonomy":"product_tag","embeddable":true,"href":"https:\/\/researchchemicalhub.com\/tr\/wp-json\/wp\/v2\/product_tag?post=24277"}],"curies":[{"name":"wp","href":"https:\/\/api.w.org\/{rel}","templated":true}]}}