{"id":24268,"date":"2025-04-13T17:41:22","date_gmt":"2025-04-13T17:41:22","guid":{"rendered":"https:\/\/researchchemicalhub.com\/?post_type=product&#038;p=24268"},"modified":"2025-10-12T19:05:22","modified_gmt":"2025-10-12T19:05:22","slug":"promal-metallileskalin","status":"publish","type":"product","link":"https:\/\/researchchemicalhub.com\/tr\/magaza\/b2b\/promal-metallileskalin\/","title":{"rendered":"RC+ Promal \u00e7anta 3 pelet"},"content":{"rendered":"<h3 data-start=\"3993\" data-end=\"4014\"><strong data-start=\"3997\" data-end=\"4012\">girii\u015f<\/strong><\/h3>\n<p data-start=\"4015\" data-end=\"4406\"><strong data-start=\"4015\" data-end=\"4041\">RC+ Promal (3 pelet)<\/strong> bir <strong data-start=\"4049\" data-end=\"4090\">laboratuvar s\u0131n\u0131f\u0131 ara\u015ft\u0131rma bile\u015fi\u011fi<\/strong>, tekrar kapat\u0131labilir bir torbada tedarik edilir <strong data-start=\"4131\" data-end=\"4169\">\u00fc\u00e7 hassas dozda pelet<\/strong>. Promal metallileskalin<br data-start=\"4170\" data-end=\"4173\" \/>\u0130\u00e7in geli\u015ftirildi <strong data-start=\"4189\" data-end=\"4242\">analitik, adli ve n\u00f6rokimyasal ara\u015ft\u0131rmalar<\/strong>, bu ba\u011flant\u0131 \u015funa m\u0131 ait? <strong data-start=\"4275\" data-end=\"4294\">RC+ premium serisi<\/strong>, i\u00e7in tasarlanm\u0131\u015f <strong data-start=\"4311\" data-end=\"4330\">resept\u00f6r ba\u011flanmas\u0131<\/strong>, <strong data-start=\"4332\" data-end=\"4350\">kromatografi<\/strong> Ve <strong data-start=\"4354\" data-end=\"4395\">yap\u0131-aktivite ili\u015fkisi (SAR)<\/strong>-\u00e7al\u0131\u015fmalar.<\/p>\n<p data-start=\"4408\" data-end=\"4665\">Her pelet <strong data-start=\"4426\" data-end=\"4490\">kontroll\u00fc laboratuvar ko\u015fullar\u0131 alt\u0131nda \u00fcretilmi\u015ftir<\/strong> ve bir test \u00fczerinde <strong data-start=\"4508\" data-end=\"4532\">\u2265 98% safl\u0131\u011f\u0131<\/strong> arac\u0131l\u0131\u011f\u0131yla <strong data-start=\"4537\" data-end=\"4552\">HPLC ve NMR<\/strong>.<br data-start=\"4553\" data-end=\"4556\" \/>The <strong data-start=\"4559\" data-end=\"4585\">RC+ Promal form\u00fclasyonu<\/strong> garantiler <strong data-start=\"4597\" data-end=\"4662\">tutarl\u0131 kompozisyon ve g\u00fcvenilir analiz se\u00e7enekleri<\/strong>.<\/p>\n<blockquote data-start=\"4667\" data-end=\"4812\">\n<p data-start=\"4669\" data-end=\"4812\">\u26a0\ufe0f <strong data-start=\"4672\" data-end=\"4683\">Not:<\/strong> RC+ Promal yaln\u0131zca \u015funlar i\u00e7in tasarlanm\u0131\u015ft\u0131r: <strong data-start=\"4723\" data-end=\"4758\">ara\u015ft\u0131rma ve analitik kullan\u0131m<\/strong> \u2014 <strong data-start=\"4761\" data-end=\"4810\">insan veya hayvan t\u00fcketimi i\u00e7in de\u011fildir.<\/strong><\/p>\n<\/blockquote>\n<hr data-start=\"4814\" data-end=\"4817\" \/>\n<h3 data-start=\"4819\" data-end=\"4850\"><strong data-start=\"4823\" data-end=\"4850\">Temel \u00d6zellikler<\/strong><\/h3>\n<div class=\"_tableContainer_1rjym_1\">\n<div class=\"group _tableWrapper_1rjym_13 flex w-fit flex-col-reverse\" tabindex=\"-1\">\n<table class=\"w-fit min-w-(--thread-content-width)\" data-start=\"4852\" data-end=\"5472\">\n<thead data-start=\"4852\" data-end=\"4878\">\n<tr data-start=\"4852\" data-end=\"4878\">\n<th data-start=\"4852\" data-end=\"4862\" data-col-size=\"sm\">\u00d6zellik<\/th>\n<th data-start=\"4862\" data-end=\"4878\" data-col-size=\"md\">Tan\u0131m<\/th>\n<\/tr>\n<\/thead>\n<tbody data-start=\"4907\" data-end=\"5472\">\n<tr data-start=\"4907\" data-end=\"4951\">\n<td data-start=\"4907\" data-end=\"4925\" data-col-size=\"sm\"><strong data-start=\"4909\" data-end=\"4924\">\u00dcr\u00fcn ad\u0131<\/strong><\/td>\n<td data-start=\"4925\" data-end=\"4951\" data-col-size=\"md\">RC+ Promal (3 Pelet)<\/td>\n<\/tr>\n<tr data-start=\"4952\" data-end=\"4989\">\n<td data-start=\"4952\" data-end=\"4973\" data-col-size=\"sm\"><strong data-start=\"4954\" data-end=\"4972\">Kimyasal Form<\/strong><\/td>\n<td data-start=\"4973\" data-end=\"4989\" data-col-size=\"md\">Kat\u0131 pelet<\/td>\n<\/tr>\n<tr data-start=\"4990\" data-end=\"5041\">\n<td data-start=\"4990\" data-end=\"5007\" data-col-size=\"sm\"><strong data-start=\"4992\" data-end=\"5006\">Safl\u0131k<\/strong><\/td>\n<td data-start=\"5007\" data-end=\"5041\" data-col-size=\"md\">\u2265 98% (HPLC ve NMR ile test edilmi\u015ftir)<\/td>\n<\/tr>\n<tr data-start=\"5042\" data-end=\"5099\">\n<td data-start=\"5042\" data-end=\"5065\" data-col-size=\"sm\"><strong data-start=\"5044\" data-end=\"5064\">Kimyasal S\u0131n\u0131f<\/strong><\/td>\n<td data-start=\"5065\" data-end=\"5099\" data-col-size=\"md\">Ara\u015ft\u0131rma bile\u015fi\u011fi (RC+ kar\u0131\u015f\u0131m\u0131)<\/td>\n<\/tr>\n<tr data-start=\"5100\" data-end=\"5162\">\n<td data-start=\"5100\" data-end=\"5118\" data-col-size=\"sm\"><strong data-start=\"5102\" data-end=\"5117\">Form\u00fclasyon<\/strong><\/td>\n<td data-start=\"5118\" data-end=\"5162\" data-col-size=\"md\">Do\u011fru laboratuvar standard\u0131 kar\u0131\u015f\u0131m\u0131<\/td>\n<\/tr>\n<tr data-start=\"5163\" data-end=\"5227\">\n<td data-start=\"5163\" data-end=\"5178\" data-col-size=\"sm\"><strong data-start=\"5165\" data-end=\"5177\">Dozaj<\/strong><\/td>\n<td data-start=\"5178\" data-end=\"5227\" data-col-size=\"md\">1 pelet = standartla\u015ft\u0131r\u0131lm\u0131\u015f ara\u015ft\u0131rma dozu<\/td>\n<\/tr>\n<tr data-start=\"5228\" data-end=\"5269\">\n<td data-start=\"5228\" data-end=\"5246\" data-col-size=\"sm\"><strong data-start=\"5230\" data-end=\"5245\">Miktar<\/strong><\/td>\n<td data-start=\"5246\" data-end=\"5269\" data-col-size=\"md\">Torba ba\u015f\u0131na 3 pelet<\/td>\n<\/tr>\n<tr data-start=\"5270\" data-end=\"5337\">\n<td data-start=\"5270\" data-end=\"5287\" data-col-size=\"sm\"><strong data-start=\"5272\" data-end=\"5286\">Ambalajlama<\/strong><\/td>\n<td data-start=\"5287\" data-end=\"5337\" data-col-size=\"md\">Tekrar kapat\u0131labilir, neme dayan\u0131kl\u0131 laboratuvar \u00e7antas\u0131<\/td>\n<\/tr>\n<tr data-start=\"5338\" data-end=\"5417\">\n<td data-start=\"5338\" data-end=\"5352\" data-col-size=\"sm\"><strong data-start=\"5340\" data-end=\"5351\">Kullan\u0131m<\/strong><\/td>\n<td data-start=\"5352\" data-end=\"5417\" data-col-size=\"md\">Sadece analitik, adli ve n\u00f6rokimyasal ara\u015ft\u0131rmalar i\u00e7in<\/td>\n<\/tr>\n<tr data-start=\"5418\" data-end=\"5472\">\n<td data-start=\"5418\" data-end=\"5431\" data-col-size=\"sm\"><strong data-start=\"5420\" data-end=\"5430\">Depolamak<\/strong><\/td>\n<td data-start=\"5431\" data-end=\"5472\" data-col-size=\"md\">Serin, kuru ve karanl\u0131k bir yerde (2\u20138\u00b0C) saklay\u0131n\u0131z.<\/td>\n<\/tr>\n<\/tbody>\n<\/table>\n<\/div>\n<\/div>\n<hr data-start=\"5474\" data-end=\"5477\" \/>\n<h3 data-start=\"5479\" data-end=\"5496\"><strong data-start=\"5483\" data-end=\"5496\">Avantajlar\u0131<\/strong><\/h3>\n<ul data-start=\"5498\" data-end=\"5871\">\n<li data-start=\"5498\" data-end=\"5582\">\n<p data-start=\"5500\" data-end=\"5582\"><strong data-start=\"5500\" data-end=\"5527\">Y\u00fcksek Safl\u0131k (\u2265 98%)<\/strong> \u2013 G\u00fcvenilir sonu\u00e7lar i\u00e7in laboratuvar kalitesi.<\/p>\n<\/li>\n<li data-start=\"5583\" data-end=\"5657\">\n<p data-start=\"5585\" data-end=\"5657\"><strong data-start=\"5585\" data-end=\"5616\">Standart Dozaj<\/strong> \u2013 Her bir pelet hassas bir \u015fekilde tart\u0131l\u0131r.<\/p>\n<\/li>\n<li data-start=\"5658\" data-end=\"5721\">\n<p data-start=\"5660\" data-end=\"5721\"><strong data-start=\"5660\" data-end=\"5682\">G\u00fcvenli Paketleme<\/strong> \u2013 Nem ge\u00e7irmez, tekrar kapat\u0131labilir po\u015fet.<\/p>\n<\/li>\n<li data-start=\"5722\" data-end=\"5800\">\n<p data-start=\"5724\" data-end=\"5800\"><strong data-start=\"5724\" data-end=\"5754\">Geni\u015f \u00e7apta ara\u015ft\u0131rma uygulanabilir<\/strong> \u2013 GC\/MS, LC-MS, FTIR ve HPLC i\u00e7in uygundur.<\/p>\n<\/li>\n<li data-start=\"5801\" data-end=\"5871\">\n<p data-start=\"5803\" data-end=\"5871\"><strong data-start=\"5803\" data-end=\"5830\">Do\u011frulanm\u0131\u015f Kalite<\/strong> \u2013 Her parti test edilir ve izlenebilir.<\/p>\n<\/li>\n<\/ul>\n<hr data-start=\"5873\" data-end=\"5876\" \/>\n<h3 data-start=\"5878\" data-end=\"5930\"><strong data-start=\"5882\" data-end=\"5928\">Kullan\u0131m (Sadece Ara\u015ft\u0131rma Ama\u00e7l\u0131)<\/strong><\/h3>\n<ol data-start=\"5932\" data-end=\"6269\">\n<li data-start=\"5932\" data-end=\"6001\">\n<p data-start=\"5935\" data-end=\"6001\"><strong data-start=\"5935\" data-end=\"5950\">Kullan\u0131m:<\/strong> Eldiven, koruyucu g\u00f6zl\u00fck ve laboratuvar \u00f6nl\u00fc\u011f\u00fc giyin.<\/p>\n<\/li>\n<li data-start=\"6002\" data-end=\"6064\">\n<p data-start=\"6005\" data-end=\"6064\"><strong data-start=\"6005\" data-end=\"6018\">\u00d6l\u00e7\u00fcmler:<\/strong> Parti numaras\u0131n\u0131, dozaj\u0131 ve safl\u0131\u011f\u0131 not edin.<\/p>\n<\/li>\n<li data-start=\"6065\" data-end=\"6119\">\n<p data-start=\"6068\" data-end=\"6119\"><strong data-start=\"6068\" data-end=\"6079\">Depolamak:<\/strong> Serin (2\u20138\u00b0C), kuru ve karanl\u0131kta saklay\u0131n\u0131z.<\/p>\n<\/li>\n<li data-start=\"6120\" data-end=\"6204\">\n<p data-start=\"6123\" data-end=\"6204\"><strong data-start=\"6123\" data-end=\"6135\">Analiz:<\/strong> Kromatografi, spektroskopi ve adli t\u0131p testlerine uygundur.<\/p>\n<\/li>\n<li data-start=\"6205\" data-end=\"6269\">\n<p data-start=\"6208\" data-end=\"6269\"><strong data-start=\"6208\" data-end=\"6225\">Belgeleme:<\/strong> Sonu\u00e7lar\u0131 ve analiz y\u00f6ntemlerini kaydedin.<\/p>\n<\/li>\n<\/ol>\n<hr data-start=\"6271\" data-end=\"6274\" \/>\n<h3 data-start=\"6276\" data-end=\"6311\"><strong data-start=\"6280\" data-end=\"6309\">S\u0131k\u00e7a Sorulan Sorular (SSS)<\/strong><\/h3>\n<p data-start=\"6313\" data-end=\"6438\"><strong data-start=\"6313\" data-end=\"6338\">1. RC+ Promal nedir?<\/strong><br data-start=\"6338\" data-end=\"6341\" \/>A <strong data-start=\"6345\" data-end=\"6367\">ara\u015ft\u0131rma bile\u015fi\u011fi<\/strong> RC+ serisinden, analitik ve adli soru\u015fturmalar i\u00e7in tasarlanm\u0131\u015ft\u0131r.<\/p>\n<p data-start=\"6440\" data-end=\"6551\"><strong data-start=\"6440\" data-end=\"6473\">2. \u00dcr\u00fcn ne kadar saf?<\/strong><br data-start=\"6473\" data-end=\"6476\" \/>Her partinin bir <strong data-start=\"6497\" data-end=\"6521\">\u2265 98% safl\u0131\u011f\u0131<\/strong>HPLC ve NMR ile do\u011fruland\u0131.<\/p>\n<p data-start=\"6553\" data-end=\"6680\"><strong data-start=\"6553\" data-end=\"6590\">3. RC+ Promal nas\u0131l teslim edilir?<\/strong><br data-start=\"6590\" data-end=\"6593\" \/>Bir <strong data-start=\"6600\" data-end=\"6634\">tekrar kapat\u0131labilir laboratuvar \u00e7antas\u0131<\/strong> ile ilgili <strong data-start=\"6639\" data-end=\"6677\">\u00fc\u00e7 hassas dozda pelet<\/strong>.<\/p>","protected":false},"excerpt":{"rendered":"<p>Introductie RC+ Promal (3 pellets) is een laboratoriumklasse onderzoekscompound, geleverd in een hersluitbaar zakje met drie nauwkeurig gedoseerde pellets. Promal<\/p>","protected":false},"featured_media":21350,"comment_status":"closed","ping_status":"closed","template":"","meta":[],"product_brand":[82],"product_cat":[555],"product_tag":[326,864,209],"class_list":{"0":"post-24268","1":"product","2":"type-product","3":"status-publish","4":"has-post-thumbnail","6":"product_brand-research-chemical","7":"product_cat-b2b","8":"product_tag-nl","9":"product_tag-promal","10":"product_tag-promal-methallylescaline","12":"first","13":"instock","14":"taxable","15":"shipping-taxable","16":"purchasable","17":"product-type-variable"},"_links":{"self":[{"href":"https:\/\/researchchemicalhub.com\/tr\/wp-json\/wp\/v2\/product\/24268","targetHints":{"allow":["GET"]}}],"collection":[{"href":"https:\/\/researchchemicalhub.com\/tr\/wp-json\/wp\/v2\/product"}],"about":[{"href":"https:\/\/researchchemicalhub.com\/tr\/wp-json\/wp\/v2\/types\/product"}],"replies":[{"embeddable":true,"href":"https:\/\/researchchemicalhub.com\/tr\/wp-json\/wp\/v2\/comments?post=24268"}],"version-history":[{"count":4,"href":"https:\/\/researchchemicalhub.com\/tr\/wp-json\/wp\/v2\/product\/24268\/revisions"}],"predecessor-version":[{"id":27815,"href":"https:\/\/researchchemicalhub.com\/tr\/wp-json\/wp\/v2\/product\/24268\/revisions\/27815"}],"wp:featuredmedia":[{"embeddable":true,"href":"https:\/\/researchchemicalhub.com\/tr\/wp-json\/wp\/v2\/media\/21350"}],"wp:attachment":[{"href":"https:\/\/researchchemicalhub.com\/tr\/wp-json\/wp\/v2\/media?parent=24268"}],"wp:term":[{"taxonomy":"product_brand","embeddable":true,"href":"https:\/\/researchchemicalhub.com\/tr\/wp-json\/wp\/v2\/product_brand?post=24268"},{"taxonomy":"product_cat","embeddable":true,"href":"https:\/\/researchchemicalhub.com\/tr\/wp-json\/wp\/v2\/product_cat?post=24268"},{"taxonomy":"product_tag","embeddable":true,"href":"https:\/\/researchchemicalhub.com\/tr\/wp-json\/wp\/v2\/product_tag?post=24268"}],"curies":[{"name":"wp","href":"https:\/\/api.w.org\/{rel}","templated":true}]}}