{"id":24265,"date":"2025-04-13T17:41:21","date_gmt":"2025-04-13T17:41:21","guid":{"rendered":"https:\/\/researchchemicalhub.com\/?post_type=product&#038;p=24265"},"modified":"2025-10-12T19:33:01","modified_gmt":"2025-10-12T19:33:01","slug":"metocin-4-ho-met","status":"publish","type":"product","link":"https:\/\/researchchemicalhub.com\/tr\/magaza\/b2b\/metocin-4-ho-met\/","title":{"rendered":"RC+ Metocin torba 3 pelet"},"content":{"rendered":"<h2 data-start=\"3774\" data-end=\"3800\"><strong data-start=\"3777\" data-end=\"3800\">\u00dcr\u00fcn A\u00e7\u0131klamas\u0131<\/strong><\/h2>\n<p data-start=\"3802\" data-end=\"4116\"><strong data-start=\"3802\" data-end=\"3833\">RC+ Metocin torba 3 pelet<\/strong> bir <strong data-start=\"3841\" data-end=\"3878\">y\u00fcksek kaliteli ara\u015ft\u0131rma materyali<\/strong>Analitik, toksikolojik ve adli laboratuvarlarda kullan\u0131lmak \u00fczere geli\u015ftirilmi\u015ftir.<br data-start=\"3962\" data-end=\"3965\" \/>Her paket \u015funlar\u0131 i\u00e7erir: <strong data-start=\"3987\" data-end=\"4025\">\u00fc\u00e7 dikkatlice dozlanm\u0131\u015f pelet<\/strong>Maksimum safl\u0131k ve tutarl\u0131l\u0131k i\u00e7in s\u0131k\u0131 kalite kontrol\u00fc alt\u0131nda \u00fcretilmi\u015ftir. metocin 4-ho-met<\/p>\n<p data-start=\"4118\" data-end=\"4290\"><strong data-start=\"4118\" data-end=\"4129\">Metocin<\/strong>, bir par\u00e7as\u0131 <strong data-start=\"4148\" data-end=\"4161\">RC+ serisi<\/strong>, ara\u015ft\u0131rmalar\u0131 destekler <strong data-start=\"4190\" data-end=\"4213\">triptamin analoglar\u0131<\/strong> ve bilimsel uygulamalar i\u00e7in g\u00fcvenilir bir referans maddesi olarak hizmet vermektedir.<\/p>\n<p data-start=\"4292\" data-end=\"4428\">\u26a0\ufe0f <strong data-start=\"4295\" data-end=\"4306\">Not:<\/strong> Bu \u00fcr\u00fcn <strong data-start=\"4322\" data-end=\"4371\">yaln\u0131zca ara\u015ft\u0131rma ama\u00e7l\u0131d\u0131r<\/strong> Ve <strong data-start=\"4375\" data-end=\"4427\">insan veya hayvan kullan\u0131m\u0131 i\u00e7in uygun de\u011fildir<\/strong>.<\/p>\n<hr data-start=\"4430\" data-end=\"4433\" \/>\n<h2 data-start=\"4435\" data-end=\"4465\"><strong data-start=\"4438\" data-end=\"4465\">Temel \u00d6zellikler<\/strong><\/h2>\n<ul data-start=\"4467\" data-end=\"4883\">\n<li data-start=\"4467\" data-end=\"4533\">\n<p data-start=\"4469\" data-end=\"4533\"><strong data-start=\"4469\" data-end=\"4489\">Y\u00fcksek Safl\u0131k:<\/strong> Laboratuvar kalite standartlar\u0131na uygundur.<\/p>\n<\/li>\n<li data-start=\"4534\" data-end=\"4624\">\n<p data-start=\"4536\" data-end=\"4624\"><strong data-start=\"4536\" data-end=\"4568\">Standart Dozaj:<\/strong> Torbada tutarl\u0131 bile\u015fime sahip \u00fc\u00e7 pelet.<\/p>\n<\/li>\n<li data-start=\"4625\" data-end=\"4713\">\n<p data-start=\"4627\" data-end=\"4713\"><strong data-start=\"4627\" data-end=\"4654\">Kararl\u0131 ve G\u00fcvenilir:<\/strong> Uzun s\u00fcreli saklama ve tekrarlanabilirlik i\u00e7in tasarlanm\u0131\u015ft\u0131r.<\/p>\n<\/li>\n<li data-start=\"4714\" data-end=\"4797\">\n<p data-start=\"4716\" data-end=\"4797\"><strong data-start=\"4716\" data-end=\"4739\">G\u00fcvenli Paketleme:<\/strong> Maksimum b\u00fct\u00fcnl\u00fck i\u00e7in hava ge\u00e7irmez ve neme dayan\u0131kl\u0131d\u0131r.<\/p>\n<\/li>\n<li data-start=\"4798\" data-end=\"4883\">\n<p data-start=\"4800\" data-end=\"4883\"><strong data-start=\"4800\" data-end=\"4827\">AB d\u00fczenlemelerine uygun olarak:<\/strong> Avrupa g\u00fcvenlik y\u00f6nergelerine g\u00f6re \u00fcretilmi\u015ftir. metocin 4-ho-met<\/p>\n<\/li>\n<\/ul>\n<hr data-start=\"4885\" data-end=\"4888\" \/>\n<h2 data-start=\"4890\" data-end=\"4924\"><strong data-start=\"4893\" data-end=\"4924\">Ara\u015ft\u0131rmac\u0131lar i\u00e7in Faydalar<\/strong><\/h2>\n<ul data-start=\"4926\" data-end=\"5206\">\n<li data-start=\"4926\" data-end=\"4998\">\n<p data-start=\"4928\" data-end=\"4998\">Uygun olanlar <strong data-start=\"4942\" data-end=\"4995\">analitik, adli ve toksikolojik ara\u015ft\u0131rmalar<\/strong>.<\/p>\n<\/li>\n<li data-start=\"4999\" data-end=\"5071\">\n<p data-start=\"5001\" data-end=\"5071\">Destekler <strong data-start=\"5013\" data-end=\"5042\">spektroskopik analizler<\/strong> LC-MS, GC-MS ve NMR gibi.<\/p>\n<\/li>\n<li data-start=\"5072\" data-end=\"5134\">\n<p data-start=\"5074\" data-end=\"5134\">Yard\u0131mc\u0131 olur <strong data-start=\"5084\" data-end=\"5114\">tan\u0131mlama ve do\u011frulama<\/strong> Ba\u011flant\u0131lar\u0131n.<\/p>\n<\/li>\n<li data-start=\"5135\" data-end=\"5206\">\n<p data-start=\"5137\" data-end=\"5206\">Teklifler <strong data-start=\"5143\" data-end=\"5177\">g\u00fcvenilir referans \u00f6rnekleri<\/strong> ara\u015ft\u0131rma ama\u00e7l\u0131.<\/p>\n<\/li>\n<\/ul>\n<hr data-start=\"5208\" data-end=\"5211\" \/>\n<h2 data-start=\"5213\" data-end=\"5247\"><strong data-start=\"5216\" data-end=\"5247\">Kullan\u0131m (Ara\u015ft\u0131rma ba\u011flam\u0131)<\/strong><\/h2>\n<ol data-start=\"5249\" data-end=\"5453\">\n<li data-start=\"5249\" data-end=\"5294\">\n<p data-start=\"5252\" data-end=\"5294\">Sadece akredite laboratuvarlarda kullan\u0131lmal\u0131d\u0131r.<\/p>\n<\/li>\n<li data-start=\"5295\" data-end=\"5355\">\n<p data-start=\"5298\" data-end=\"5355\">Eldiven, koruyucu g\u00f6zl\u00fck ve laboratuvar \u00f6nl\u00fc\u011f\u00fc giyin.<\/p>\n<\/li>\n<li data-start=\"5356\" data-end=\"5403\">\n<p data-start=\"5359\" data-end=\"5403\">Serin, kuru ve karanl\u0131kta (25\u00b0C&#039;nin alt\u0131nda) saklay\u0131n\u0131z.<\/p>\n<\/li>\n<li data-start=\"5404\" data-end=\"5453\">\n<p data-start=\"5407\" data-end=\"5453\">Kal\u0131nt\u0131lar\u0131 yerel y\u00f6netmeliklere uygun \u015fekilde bertaraf edin.<\/p>\n<\/li>\n<\/ol>\n<blockquote data-start=\"5455\" data-end=\"5552\">\n<p data-start=\"5457\" data-end=\"5552\"><strong data-start=\"5457\" data-end=\"5468\">Not:<\/strong> <em data-start=\"5469\" data-end=\"5498\">RC+ Metocin torba 3 pelet<\/em> d\u0131r <strong data-start=\"5502\" data-end=\"5551\">yaln\u0131zca ara\u015ft\u0131rma ama\u00e7l\u0131d\u0131r<\/strong>.<\/p>\n<\/blockquote>\n<hr data-start=\"5554\" data-end=\"5557\" \/>\n<h2 data-start=\"5559\" data-end=\"5593\"><strong data-start=\"5562\" data-end=\"5593\">S\u0131k\u00e7a Sorulan Sorular (SSS)<\/strong><\/h2>\n<p data-start=\"5595\" data-end=\"5743\"><strong data-start=\"5595\" data-end=\"5638\">1. RC+ Metocin ne i\u00e7in kullan\u0131l\u0131r?<\/strong><br data-start=\"5638\" data-end=\"5641\" \/>RC+ Metocin \u015fu ama\u00e7lar i\u00e7in kullan\u0131l\u0131r: <strong data-start=\"5673\" data-end=\"5714\">analitik ve toksikolojik ara\u015ft\u0131rmalar<\/strong> triptamin bile\u015fiklerine.<\/p>\n<p data-start=\"5745\" data-end=\"5859\"><strong data-start=\"5745\" data-end=\"5784\">2. Bir torba ka\u00e7 tane sa\u00e7ma i\u00e7erir?<\/strong><br data-start=\"5784\" data-end=\"5787\" \/>Her \u00e7anta \u015funlar\u0131 i\u00e7erir: <strong data-start=\"5803\" data-end=\"5835\">3 standart pelet<\/strong> e\u015fit safl\u0131kta.<\/p>\n<p data-start=\"5861\" data-end=\"6014\"><strong data-start=\"5861\" data-end=\"5909\">3. RC+ Metocin&#039;i bireysel olarak sat\u0131n alabilir miyim?<\/strong><br data-start=\"5909\" data-end=\"5912\" \/>Hay\u0131r, sadece <strong data-start=\"5924\" data-end=\"5958\">tan\u0131nm\u0131\u015f ara\u015ft\u0131rma kurumlar\u0131<\/strong> Uygun izinle bu \u00fcr\u00fcn\u00fc sat\u0131n alabilirsiniz.<\/p>","protected":false},"excerpt":{"rendered":"<p>CAS Numaras\u0131: 77872-41-4<br \/>\nForm\u00fcl: C13H18N2O<br \/>\nMol k\u00fctlesi: 218,3 g\/mol<br \/>\nSafl\u0131k: \u226598%<\/p>","protected":false},"featured_media":21348,"comment_status":"closed","ping_status":"closed","template":"","meta":[],"product_brand":[82],"product_cat":[555],"product_tag":[858,857,871,636,673,635,870,326],"class_list":{"0":"post-24265","1":"product","2":"type-product","3":"status-publish","4":"has-post-thumbnail","6":"product_brand-research-chemical","7":"product_cat-b2b","8":"product_tag-4-acetoxy-met","9":"product_tag-4-ho-met-psychonaut","10":"product_tag-methylcybin","11":"product_tag-metocin","12":"product_tag-metocin-4-ho-met","13":"product_tag-metocin-kopen","14":"product_tag-metocin-tablet","15":"product_tag-nl","17":"first","18":"instock","19":"taxable","20":"shipping-taxable","21":"purchasable","22":"product-type-variable"},"_links":{"self":[{"href":"https:\/\/researchchemicalhub.com\/tr\/wp-json\/wp\/v2\/product\/24265","targetHints":{"allow":["GET"]}}],"collection":[{"href":"https:\/\/researchchemicalhub.com\/tr\/wp-json\/wp\/v2\/product"}],"about":[{"href":"https:\/\/researchchemicalhub.com\/tr\/wp-json\/wp\/v2\/types\/product"}],"replies":[{"embeddable":true,"href":"https:\/\/researchchemicalhub.com\/tr\/wp-json\/wp\/v2\/comments?post=24265"}],"version-history":[{"count":4,"href":"https:\/\/researchchemicalhub.com\/tr\/wp-json\/wp\/v2\/product\/24265\/revisions"}],"predecessor-version":[{"id":27822,"href":"https:\/\/researchchemicalhub.com\/tr\/wp-json\/wp\/v2\/product\/24265\/revisions\/27822"}],"wp:featuredmedia":[{"embeddable":true,"href":"https:\/\/researchchemicalhub.com\/tr\/wp-json\/wp\/v2\/media\/21348"}],"wp:attachment":[{"href":"https:\/\/researchchemicalhub.com\/tr\/wp-json\/wp\/v2\/media?parent=24265"}],"wp:term":[{"taxonomy":"product_brand","embeddable":true,"href":"https:\/\/researchchemicalhub.com\/tr\/wp-json\/wp\/v2\/product_brand?post=24265"},{"taxonomy":"product_cat","embeddable":true,"href":"https:\/\/researchchemicalhub.com\/tr\/wp-json\/wp\/v2\/product_cat?post=24265"},{"taxonomy":"product_tag","embeddable":true,"href":"https:\/\/researchchemicalhub.com\/tr\/wp-json\/wp\/v2\/product_tag?post=24265"}],"curies":[{"name":"wp","href":"https:\/\/api.w.org\/{rel}","templated":true}]}}