{"id":24259,"date":"2025-04-13T17:41:21","date_gmt":"2025-04-13T17:41:21","guid":{"rendered":"https:\/\/researchchemicalhub.com\/?post_type=product&#038;p=24259"},"modified":"2025-10-12T19:21:12","modified_gmt":"2025-10-12T19:21:12","slug":"newphoria-kopen","status":"publish","type":"product","link":"https:\/\/researchchemicalhub.com\/tr\/shop\/b2b\/newphoria-kopen\/","title":{"rendered":"RC+ Newphoria \u00e7antas\u0131 3 pelet"},"content":{"rendered":"<h2 data-start=\"4850\" data-end=\"4876\"><strong data-start=\"4853\" data-end=\"4876\">\u00dcr\u00fcn A\u00e7\u0131klamas\u0131<\/strong><\/h2>\n<p data-start=\"4878\" data-end=\"5143\"><strong data-start=\"4878\" data-end=\"4911\">RC+ Newphoria \u00e7antas\u0131 3 pelet<\/strong> bir <strong data-start=\"4919\" data-end=\"4956\">y\u00fcksek kaliteli ara\u015ft\u0131rma materyali<\/strong>Analitik, toksikolojik ve adli laboratuvarlar i\u00e7in geli\u015ftirilen bu \u00fcr\u00fcn, <strong data-start=\"5049\" data-end=\"5062\">RC+ serisi<\/strong> tutarl\u0131 safl\u0131k, m\u00fckemmel stabilite ve do\u011fru dozajlama sa\u011flar.<\/p>\n<p data-start=\"5145\" data-end=\"5318\">Her paket \u015funlar\u0131 i\u00e7erir: <strong data-start=\"5167\" data-end=\"5202\">\u00fc\u00e7 standartla\u015ft\u0131r\u0131lm\u0131\u015f pelet<\/strong>G\u00fcvenilir ve tekrarlanabilir ara\u015ft\u0131rma sonu\u00e7lar\u0131n\u0131n sa\u011flanmas\u0131 i\u00e7in kontroll\u00fc ko\u015fullar alt\u0131nda \u00fcretilmi\u015ftir.<\/p>\n<p data-start=\"5320\" data-end=\"5451\">\u26a0\ufe0f <strong data-start=\"5323\" data-end=\"5338\">\u00d6nemli:<\/strong> Bu \u00fcr\u00fcn <strong data-start=\"5354\" data-end=\"5403\">yaln\u0131zca ara\u015ft\u0131rma ama\u00e7l\u0131d\u0131r<\/strong> Ve <strong data-start=\"5407\" data-end=\"5450\">insan veya hayvan kullan\u0131m\u0131 i\u00e7in de\u011fil<\/strong>.<\/p>\n<hr data-start=\"5453\" data-end=\"5456\" \/>\n<h2 data-start=\"5458\" data-end=\"5488\"><strong data-start=\"5461\" data-end=\"5488\">Temel \u00d6zellikler<\/strong><\/h2>\n<ul data-start=\"5490\" data-end=\"5884\">\n<li data-start=\"5490\" data-end=\"5569\">\n<p data-start=\"5492\" data-end=\"5569\"><strong data-start=\"5492\" data-end=\"5511\">Y\u00fcksek Safl\u0131k<\/strong> Do\u011fru ve g\u00fcvenilir laboratuvar sonu\u00e7lar\u0131 i\u00e7in.<\/p>\n<\/li>\n<li data-start=\"5570\" data-end=\"5635\">\n<p data-start=\"5572\" data-end=\"5635\"><strong data-start=\"5572\" data-end=\"5599\">Tutarl\u0131 Form\u00fclasyon<\/strong> \u2013 her pelet hassas bir \u015fekilde dozlan\u0131r.<\/p>\n<\/li>\n<li data-start=\"5636\" data-end=\"5712\">\n<p data-start=\"5638\" data-end=\"5712\"><strong data-start=\"5638\" data-end=\"5664\">\u0130stikrarl\u0131 ve G\u00fcvenilir<\/strong> \u2013 Uzun s\u00fcreli depolama ve analize uygundur.<\/p>\n<\/li>\n<li data-start=\"5713\" data-end=\"5792\">\n<p data-start=\"5715\" data-end=\"5792\"><strong data-start=\"5715\" data-end=\"5737\">G\u00fcvenli Paketleme<\/strong> \u2013 Maksimum koruma i\u00e7in hava ge\u00e7irmez ve m\u00fch\u00fcrl\u00fcd\u00fcr.<\/p>\n<\/li>\n<li data-start=\"5793\" data-end=\"5884\">\n<p data-start=\"5795\" data-end=\"5884\"><strong data-start=\"5795\" data-end=\"5821\">AB d\u00fczenlemelerine uygun olarak<\/strong> \u2013 y\u00fcr\u00fcrl\u00fckteki g\u00fcvenlik y\u00f6netmeliklerine uygun olarak \u00fcretilmi\u015ftir.<\/p>\n<\/li>\n<\/ul>\n<hr data-start=\"5886\" data-end=\"5889\" \/>\n<h2 data-start=\"5891\" data-end=\"5925\"><strong data-start=\"5894\" data-end=\"5925\">Ara\u015ft\u0131rmac\u0131lar i\u00e7in Faydalar<\/strong><\/h2>\n<ul data-start=\"5927\" data-end=\"6277\">\n<li data-start=\"5927\" data-end=\"6005\">\n<p data-start=\"5929\" data-end=\"6005\">Uygun olanlar <strong data-start=\"5943\" data-end=\"5967\">analitik ara\u015ft\u0131rma<\/strong> LC-MS, GC-MS veya NMR ekipmanlar\u0131yla.<\/p>\n<\/li>\n<li data-start=\"6006\" data-end=\"6066\">\n<p data-start=\"6008\" data-end=\"6066\">Destekler <strong data-start=\"6020\" data-end=\"6063\">adli ve toksikolojik do\u011frulama<\/strong>.<\/p>\n<\/li>\n<li data-start=\"6067\" data-end=\"6144\">\n<p data-start=\"6069\" data-end=\"6144\">Yard\u0131mc\u0131 olur <strong data-start=\"6079\" data-end=\"6117\">yap\u0131sal kar\u015f\u0131la\u015ft\u0131rma ara\u015ft\u0131rmas\u0131<\/strong> yeni ba\u011flant\u0131lar.<\/p>\n<\/li>\n<li data-start=\"6145\" data-end=\"6204\">\n<p data-start=\"6147\" data-end=\"6204\">Garantiler <strong data-start=\"6158\" data-end=\"6201\">g\u00fcvenilir, tekrarlanabilir sonu\u00e7lar<\/strong>.<\/p>\n<\/li>\n<li data-start=\"6205\" data-end=\"6277\">\n<p data-start=\"6207\" data-end=\"6277\">Uygun olanlar <strong data-start=\"6221\" data-end=\"6274\">akademik ve kurumsal ara\u015ft\u0131rma projeleri<\/strong>.<\/p>\n<\/li>\n<\/ul>\n<hr data-start=\"6279\" data-end=\"6282\" \/>\n<h2 data-start=\"6284\" data-end=\"6318\"><strong data-start=\"6287\" data-end=\"6318\">Kullan\u0131m (Ara\u015ft\u0131rma ba\u011flam\u0131)<\/strong><\/h2>\n<ol data-start=\"6320\" data-end=\"6588\">\n<li data-start=\"6320\" data-end=\"6378\">\n<p data-start=\"6323\" data-end=\"6378\">Kontroll\u00fc laboratuvar ko\u015fullar\u0131nda \u00e7al\u0131\u015f\u0131n.<\/p>\n<\/li>\n<li data-start=\"6379\" data-end=\"6439\">\n<p data-start=\"6382\" data-end=\"6439\">Eldiven, koruyucu g\u00f6zl\u00fck ve laboratuvar \u00f6nl\u00fc\u011f\u00fc giyin.<\/p>\n<\/li>\n<li data-start=\"6440\" data-end=\"6486\">\n<p data-start=\"6443\" data-end=\"6486\">\u00d6l\u00e7\u00fcmlerinizde kalibre edilmi\u015f ekipmanlar kullan\u0131n.<\/p>\n<\/li>\n<li data-start=\"6487\" data-end=\"6538\">\n<p data-start=\"6490\" data-end=\"6538\">Serin, kuru ve a\u011fz\u0131 kapal\u0131 olarak (25\u00b0C&#039;nin alt\u0131nda) saklay\u0131n\u0131z.<\/p>\n<\/li>\n<li data-start=\"6539\" data-end=\"6588\">\n<p data-start=\"6542\" data-end=\"6588\">Kal\u0131nt\u0131lar\u0131 yerel y\u00f6netmeliklere uygun \u015fekilde bertaraf edin.<\/p>\n<\/li>\n<\/ol>\n<blockquote data-start=\"6590\" data-end=\"6683\">\n<p data-start=\"6592\" data-end=\"6683\"><strong data-start=\"6592\" data-end=\"6603\">Not:<\/strong> <em data-start=\"6604\" data-end=\"6635\">RC+ Newphoria \u00e7antas\u0131 3 pelet<\/em> d\u0131r <strong data-start=\"6639\" data-end=\"6682\">insan t\u00fcketimi i\u00e7in tasarlanmam\u0131\u015ft\u0131r<\/strong>.<\/p>\n<\/blockquote>\n<hr data-start=\"6685\" data-end=\"6688\" \/>\n<h2 data-start=\"6690\" data-end=\"6724\"><strong data-start=\"6693\" data-end=\"6724\">S\u0131k\u00e7a Sorulan Sorular (SSS)<\/strong><\/h2>\n<h3 data-start=\"6726\" data-end=\"6775\"><strong data-start=\"6730\" data-end=\"6775\">1. RC+ Newphoria ne i\u00e7in kullan\u0131l\u0131r?<\/strong><\/h3>\n<p data-start=\"6776\" data-end=\"6872\">RC+ Newphoria i\u00e7in kullan\u0131l\u0131r <strong data-start=\"6810\" data-end=\"6848\">analitik ve adli ara\u015ft\u0131rma<\/strong> Akredite laboratuvarlarda.<\/p>\n<hr data-start=\"6874\" data-end=\"6877\" \/>\n<h3 data-start=\"6879\" data-end=\"6922\"><strong data-start=\"6883\" data-end=\"6922\">2. Bir torba ka\u00e7 tane sa\u00e7ma i\u00e7erir?<\/strong><\/h3>\n<p data-start=\"6923\" data-end=\"6993\">Her \u00e7anta \u015funlar\u0131 i\u00e7erir: <strong data-start=\"6939\" data-end=\"6952\">3 pelet<\/strong> e\u015fit safl\u0131kta ve bile\u015fimde.<\/p>\n<hr data-start=\"6995\" data-end=\"6998\" \/>\n<h3 data-start=\"7000\" data-end=\"7070\"><strong data-start=\"7004\" data-end=\"7070\">3. RC+ Newphoria peletlerini 3&#039;l\u00fc paket halinde bireysel olarak sat\u0131n alabilir miyim?<\/strong><\/h3>\n<p data-start=\"7071\" data-end=\"7173\">Hay\u0131r, sadece <strong data-start=\"7083\" data-end=\"7117\">tan\u0131nm\u0131\u015f ara\u015ft\u0131rma kurumlar\u0131<\/strong> Uygun izinle bu \u00fcr\u00fcn\u00fc sat\u0131n alabilirsiniz.<\/p>\n<hr data-start=\"7175\" data-end=\"7178\" \/>\n<h2 data-start=\"7180\" data-end=\"7208\"><strong data-start=\"7183\" data-end=\"7208\">G\u00fcvenlik bilgileri<\/strong><\/h2>\n<ul data-start=\"7210\" data-end=\"7383\">\n<li data-start=\"7210\" data-end=\"7257\">\n<p data-start=\"7212\" data-end=\"7257\">Sadece laboratuvar ortam\u0131nda kullan\u0131n\u0131z.<\/p>\n<\/li>\n<li data-start=\"7258\" data-end=\"7295\">\n<p data-start=\"7260\" data-end=\"7295\">Cilt ve g\u00f6z ile temas\u0131ndan ka\u00e7\u0131n\u0131n\u0131z.<\/p>\n<\/li>\n<li data-start=\"7296\" data-end=\"7327\">\n<p data-start=\"7298\" data-end=\"7327\">\u0130\u00e7ine \u00e7ekmeyiniz veya yutmay\u0131n\u0131z.<\/p>\n<\/li>\n<li data-start=\"7328\" data-end=\"7383\">\n<p data-start=\"7330\" data-end=\"7383\">Kilitli tutun ve yetkisiz ki\u015filerin eri\u015femeyece\u011fi yerde saklay\u0131n.<\/p>\n<\/li>\n<\/ul>","protected":false},"excerpt":{"rendered":"<p><strong><span dir=\"auto\" style=\"vertical-align: inherit;\"><span dir=\"auto\" style=\"vertical-align: inherit;\">CAS Numaras\u0131<\/span><\/span><\/strong><span dir=\"auto\" style=\"vertical-align: inherit;\"><span dir=\"auto\" style=\"vertical-align: inherit;\"> : 1780004-19-4 <\/span><\/span><br \/>\n<strong><span dir=\"auto\" style=\"vertical-align: inherit;\"><span dir=\"auto\" style=\"vertical-align: inherit;\">Form\u00fcl<\/span><\/span><\/strong><span dir=\"auto\" style=\"vertical-align: inherit;\"><span dir=\"auto\" style=\"vertical-align: inherit;\"> : C11H16FN <\/span><\/span><br \/>\n<strong><span dir=\"auto\" style=\"vertical-align: inherit;\"><span dir=\"auto\" style=\"vertical-align: inherit;\">Mol k\u00fctlesi<\/span><\/span><\/strong><span dir=\"auto\" style=\"vertical-align: inherit;\"><span dir=\"auto\" style=\"vertical-align: inherit;\"> : 181,25 g\/mol <\/span><\/span><br \/>\n<strong><span dir=\"auto\" style=\"vertical-align: inherit;\"><span dir=\"auto\" style=\"vertical-align: inherit;\">Safl\u0131k<\/span><\/span><\/strong><span dir=\"auto\" style=\"vertical-align: inherit;\"><span dir=\"auto\" style=\"vertical-align: inherit;\"> : \u226598%<\/span><\/span><\/p>","protected":false},"featured_media":21344,"comment_status":"closed","ping_status":"closed","template":"","meta":[],"product_brand":[82],"product_cat":[555],"product_tag":[843,840,844,841,845,846,842,866,865,839,326],"class_list":{"0":"post-24259","1":"product","2":"type-product","3":"status-publish","4":"has-post-thumbnail","6":"product_brand-research-chemical","7":"product_cat-b2b","8":"product_tag-100mg-newphoria-review","9":"product_tag-2-fea-3-fea-research-chemical","10":"product_tag-2-fea-stimulant-effect","11":"product_tag-2-3-fea-ervaring","12":"product_tag-3-fea-comparison","13":"product_tag-fluorinated-amphetamines","14":"product_tag-newphoria-35mg-pellets","15":"product_tag-newphoria-drug","16":"product_tag-newphoria-kopen","17":"product_tag-newphoria-pellets","18":"product_tag-nl","20":"first","21":"instock","22":"taxable","23":"shipping-taxable","24":"purchasable","25":"product-type-variable"},"_links":{"self":[{"href":"https:\/\/researchchemicalhub.com\/tr\/wp-json\/wp\/v2\/product\/24259","targetHints":{"allow":["GET"]}}],"collection":[{"href":"https:\/\/researchchemicalhub.com\/tr\/wp-json\/wp\/v2\/product"}],"about":[{"href":"https:\/\/researchchemicalhub.com\/tr\/wp-json\/wp\/v2\/types\/product"}],"replies":[{"embeddable":true,"href":"https:\/\/researchchemicalhub.com\/tr\/wp-json\/wp\/v2\/comments?post=24259"}],"version-history":[{"count":4,"href":"https:\/\/researchchemicalhub.com\/tr\/wp-json\/wp\/v2\/product\/24259\/revisions"}],"predecessor-version":[{"id":27820,"href":"https:\/\/researchchemicalhub.com\/tr\/wp-json\/wp\/v2\/product\/24259\/revisions\/27820"}],"wp:featuredmedia":[{"embeddable":true,"href":"https:\/\/researchchemicalhub.com\/tr\/wp-json\/wp\/v2\/media\/21344"}],"wp:attachment":[{"href":"https:\/\/researchchemicalhub.com\/tr\/wp-json\/wp\/v2\/media?parent=24259"}],"wp:term":[{"taxonomy":"product_brand","embeddable":true,"href":"https:\/\/researchchemicalhub.com\/tr\/wp-json\/wp\/v2\/product_brand?post=24259"},{"taxonomy":"product_cat","embeddable":true,"href":"https:\/\/researchchemicalhub.com\/tr\/wp-json\/wp\/v2\/product_cat?post=24259"},{"taxonomy":"product_tag","embeddable":true,"href":"https:\/\/researchchemicalhub.com\/tr\/wp-json\/wp\/v2\/product_tag?post=24259"}],"curies":[{"name":"wp","href":"https:\/\/api.w.org\/{rel}","templated":true}]}}