{"id":24244,"date":"2025-04-13T17:41:18","date_gmt":"2025-04-13T17:41:18","guid":{"rendered":"https:\/\/researchchemicalhub.com\/?post_type=product&#038;p=24244"},"modified":"2025-10-29T08:55:42","modified_gmt":"2025-10-29T08:55:42","slug":"flubromazepam-deneyimi","status":"publish","type":"product","link":"https:\/\/researchchemicalhub.com\/tr\/magaza\/benzodiazepinler\/flubromazepam-deneyimi\/","title":{"rendered":"Flubromazepam 10 MG Peletler"},"content":{"rendered":"<h2 data-start=\"3800\" data-end=\"3826\"><strong data-start=\"3803\" data-end=\"3826\"><span dir=\"auto\" style=\"vertical-align: inherit;\"><span dir=\"auto\" style=\"vertical-align: inherit;\">\u00dcr\u00fcn A\u00e7\u0131klamas\u0131<\/span><\/span><\/strong><\/h2>\n<p data-start=\"3828\" data-end=\"4096\"><strong data-start=\"3828\" data-end=\"3859\"><span dir=\"auto\" style=\"vertical-align: inherit;\"><span dir=\"auto\" style=\"vertical-align: inherit;\">Flubromazepam 10 mg peletler<\/span><\/span><\/strong><span dir=\"auto\" style=\"vertical-align: inherit;\"><span dir=\"auto\" style=\"vertical-align: inherit;\"> alan <\/span><\/span><strong data-start=\"3867\" data-end=\"3904\"><span dir=\"auto\" style=\"vertical-align: inherit;\"><span dir=\"auto\" style=\"vertical-align: inherit;\">y\u00fcksek kaliteli ara\u015ft\u0131rma ilac\u0131<\/span><\/span><\/strong><span dir=\"auto\" style=\"vertical-align: inherit;\"><span dir=\"auto\" style=\"vertical-align: inherit;\"> ait <\/span><\/span><strong data-start=\"3922\" data-end=\"3946\"><span dir=\"auto\" style=\"vertical-align: inherit;\"><span dir=\"auto\" style=\"vertical-align: inherit;\">benzodiazepin s\u0131n\u0131f\u0131<\/span><\/span><\/strong><span dir=\"auto\" style=\"vertical-align: inherit;\"><span dir=\"auto\" style=\"vertical-align: inherit;\"> . <\/span><\/span><br data-start=\"3947\" data-end=\"3950\" \/><span dir=\"auto\" style=\"vertical-align: inherit;\"><span dir=\"auto\" style=\"vertical-align: inherit;\">Her pelet \u015funlar\u0131 i\u00e7erir: <\/span><\/span><strong data-start=\"3968\" data-end=\"3998\"><span dir=\"auto\" style=\"vertical-align: inherit;\"><span dir=\"auto\" style=\"vertical-align: inherit;\">10 miligram flubromazepam<\/span><\/span><\/strong><span dir=\"auto\" style=\"vertical-align: inherit;\"><span dir=\"auto\" style=\"vertical-align: inherit;\"> , maksimum safl\u0131k ve tutarl\u0131l\u0131k i\u00e7in s\u0131k\u0131 laboratuvar ko\u015fullar\u0131 alt\u0131nda \u00fcretilmi\u015ftir. Flubromazepam deneyimi<\/span><\/span><\/p>\n<p data-start=\"4098\" data-end=\"4211\"><span dir=\"auto\" style=\"vertical-align: inherit;\"><span dir=\"auto\" style=\"vertical-align: inherit;\">Bu \u00fcr\u00fcn \u015fu \u015fekilde kullan\u0131l\u0131r: <\/span><\/span><strong data-start=\"4129\" data-end=\"4152\"><span dir=\"auto\" style=\"vertical-align: inherit;\"><span dir=\"auto\" style=\"vertical-align: inherit;\">bir referans standard\u0131<\/span><\/span><\/strong><span dir=\"auto\" style=\"vertical-align: inherit;\"><span dir=\"auto\" style=\"vertical-align: inherit;\"> i\u00e7inde <\/span><\/span><strong data-start=\"4157\" data-end=\"4210\"><span dir=\"auto\" style=\"vertical-align: inherit;\"><span dir=\"auto\" style=\"vertical-align: inherit;\">adli, toksikolojik ve analitik ara\u015ft\u0131rmalar<\/span><\/span><\/strong><span dir=\"auto\" style=\"vertical-align: inherit;\"><span dir=\"auto\" style=\"vertical-align: inherit;\"> .<\/span><\/span><\/p>\n<p data-start=\"4213\" data-end=\"4349\">\u26a0\ufe0f <strong data-start=\"4216\" data-end=\"4227\"><span dir=\"auto\" style=\"vertical-align: inherit;\"><span dir=\"auto\" style=\"vertical-align: inherit;\">L\u00fctfen akl\u0131n\u0131zda bulundurun:<\/span><\/span><\/strong><span dir=\"auto\" style=\"vertical-align: inherit;\"><span dir=\"auto\" style=\"vertical-align: inherit;\"> Bu \u00fcr\u00fcn <\/span><\/span><strong data-start=\"4243\" data-end=\"4292\"><span dir=\"auto\" style=\"vertical-align: inherit;\"><span dir=\"auto\" style=\"vertical-align: inherit;\">yaln\u0131zca ara\u015ft\u0131rma ama\u00e7l\u0131<\/span><\/span><\/strong><span dir=\"auto\" style=\"vertical-align: inherit;\"><span dir=\"auto\" style=\"vertical-align: inherit;\"> ve <\/span><\/span><strong data-start=\"4296\" data-end=\"4348\"><span dir=\"auto\" style=\"vertical-align: inherit;\"><span dir=\"auto\" style=\"vertical-align: inherit;\">insan veya hayvan kullan\u0131m\u0131 i\u00e7in tasarlanmam\u0131\u015ft\u0131r<\/span><\/span><\/strong><span dir=\"auto\" style=\"vertical-align: inherit;\"><span dir=\"auto\" style=\"vertical-align: inherit;\"> .<\/span><\/span><\/p>\n<hr data-start=\"4351\" data-end=\"4354\" \/>\n<h2 data-start=\"4356\" data-end=\"4386\"><strong data-start=\"4359\" data-end=\"4386\"><span dir=\"auto\" style=\"vertical-align: inherit;\"><span dir=\"auto\" style=\"vertical-align: inherit;\">Temel \u00d6zellikler<\/span><\/span><\/strong><\/h2>\n<ul data-start=\"4388\" data-end=\"4750\">\n<li data-start=\"4388\" data-end=\"4460\">\n<p data-start=\"4390\" data-end=\"4460\"><strong data-start=\"4390\" data-end=\"4410\"><span dir=\"auto\" style=\"vertical-align: inherit;\"><span dir=\"auto\" style=\"vertical-align: inherit;\">Y\u00fcksek Safl\u0131k:<\/span><\/span><\/strong><span dir=\"auto\" style=\"vertical-align: inherit;\"><span dir=\"auto\" style=\"vertical-align: inherit;\"> Laboratuvar \u015fartnamelerine g\u00f6re \u00fcretilmi\u015ftir.<\/span><\/span><\/p>\n<\/li>\n<li data-start=\"4461\" data-end=\"4522\">\n<p data-start=\"4463\" data-end=\"4522\"><strong data-start=\"4463\" data-end=\"4488\"><span dir=\"auto\" style=\"vertical-align: inherit;\"><span dir=\"auto\" style=\"vertical-align: inherit;\">Do\u011fru Dozaj:<\/span><\/span><\/strong><span dir=\"auto\" style=\"vertical-align: inherit;\"><span dir=\"auto\" style=\"vertical-align: inherit;\"> Pellet ba\u015f\u0131na 10 mg Flubromazepam.<\/span><\/span><\/p>\n<\/li>\n<li data-start=\"4523\" data-end=\"4598\">\n<p data-start=\"4525\" data-end=\"4598\"><strong data-start=\"4525\" data-end=\"4550\"><span dir=\"auto\" style=\"vertical-align: inherit;\"><span dir=\"auto\" style=\"vertical-align: inherit;\">Kararl\u0131 Form\u00fclasyon:<\/span><\/span><\/strong><span dir=\"auto\" style=\"vertical-align: inherit;\"><span dir=\"auto\" style=\"vertical-align: inherit;\"> Do\u011fru \u015fekilde sakland\u0131\u011f\u0131nda bozulmaya kar\u015f\u0131 dayan\u0131kl\u0131d\u0131r.<\/span><\/span><\/p>\n<\/li>\n<li data-start=\"4599\" data-end=\"4669\">\n<p data-start=\"4601\" data-end=\"4669\"><strong data-start=\"4601\" data-end=\"4624\"><span dir=\"auto\" style=\"vertical-align: inherit;\"><span dir=\"auto\" style=\"vertical-align: inherit;\">G\u00fcvenli Paketleme:<\/span><\/span><\/strong><span dir=\"auto\" style=\"vertical-align: inherit;\"><span dir=\"auto\" style=\"vertical-align: inherit;\"> M\u00fch\u00fcrlenmi\u015f ve kirlenmeye kar\u015f\u0131 korunmu\u015ftur.<\/span><\/span><\/p>\n<\/li>\n<li data-start=\"4670\" data-end=\"4750\">\n<p data-start=\"4672\" data-end=\"4750\"><strong data-start=\"4672\" data-end=\"4699\"><span dir=\"auto\" style=\"vertical-align: inherit;\"><span dir=\"auto\" style=\"vertical-align: inherit;\">AB Mevzuat\u0131na Uygun:<\/span><\/span><\/strong><span dir=\"auto\" style=\"vertical-align: inherit;\"><span dir=\"auto\" style=\"vertical-align: inherit;\"> Avrupa g\u00fcvenlik standartlar\u0131na uygun olarak \u00fcretilmi\u015ftir.<\/span><\/span><\/p>\n<\/li>\n<\/ul>\n<hr data-start=\"4752\" data-end=\"4755\" \/>\n<h2 data-start=\"4757\" data-end=\"4788\"><strong data-start=\"4760\" data-end=\"4788\"><span dir=\"auto\" style=\"vertical-align: inherit;\"><span dir=\"auto\" style=\"vertical-align: inherit;\">Ara\u015ft\u0131rma \u0130\u00e7in Faydalar<\/span><\/span><\/strong><\/h2>\n<ul data-start=\"4790\" data-end=\"5028\">\n<li data-start=\"4790\" data-end=\"4850\">\n<p data-start=\"4792\" data-end=\"4850\"><span dir=\"auto\" style=\"vertical-align: inherit;\"><span dir=\"auto\" style=\"vertical-align: inherit;\">Uygun olanlar <\/span><\/span><strong data-start=\"4806\" data-end=\"4847\"><span dir=\"auto\" style=\"vertical-align: inherit;\"><span dir=\"auto\" style=\"vertical-align: inherit;\">toksikolojik ve adli ara\u015ft\u0131rma<\/span><\/span><\/strong><span dir=\"auto\" style=\"vertical-align: inherit;\"><span dir=\"auto\" style=\"vertical-align: inherit;\"> .<\/span><\/span><\/p>\n<\/li>\n<li data-start=\"4851\" data-end=\"4912\">\n<p data-start=\"4853\" data-end=\"4912\"><span dir=\"auto\" style=\"vertical-align: inherit;\"><span dir=\"auto\" style=\"vertical-align: inherit;\">Destekler <\/span><\/span><strong data-start=\"4865\" data-end=\"4909\"><span dir=\"auto\" style=\"vertical-align: inherit;\"><span dir=\"auto\" style=\"vertical-align: inherit;\">LC-MS ve GC-MS i\u00e7in y\u00f6ntem geli\u015ftirme<\/span><\/span><\/strong><span dir=\"auto\" style=\"vertical-align: inherit;\"><span dir=\"auto\" style=\"vertical-align: inherit;\"> .<\/span><\/span><\/p>\n<\/li>\n<li data-start=\"4913\" data-end=\"4970\">\n<p data-start=\"4915\" data-end=\"4970\"><span dir=\"auto\" style=\"vertical-align: inherit;\"><span dir=\"auto\" style=\"vertical-align: inherit;\">Yard\u0131mc\u0131 olur <\/span><\/span><strong data-start=\"4925\" data-end=\"4967\"><span dir=\"auto\" style=\"vertical-align: inherit;\"><span dir=\"auto\" style=\"vertical-align: inherit;\">nicel ve nitel analizler<\/span><\/span><\/strong><span dir=\"auto\" style=\"vertical-align: inherit;\"><span dir=\"auto\" style=\"vertical-align: inherit;\"> .<\/span><\/span><\/p>\n<\/li>\n<li data-start=\"4971\" data-end=\"5028\">\n<p data-start=\"4973\" data-end=\"5028\"><span dir=\"auto\" style=\"vertical-align: inherit;\"><span dir=\"auto\" style=\"vertical-align: inherit;\">Sa\u011flar <\/span><\/span><strong data-start=\"4979\" data-end=\"5025\"><span dir=\"auto\" style=\"vertical-align: inherit;\"><span dir=\"auto\" style=\"vertical-align: inherit;\">tutarl\u0131 kalitede referans \u00f6rnekleri<\/span><\/span><\/strong><span dir=\"auto\" style=\"vertical-align: inherit;\"><span dir=\"auto\" style=\"vertical-align: inherit;\"> .<\/span><\/span><\/p>\n<\/li>\n<\/ul>\n<hr data-start=\"5030\" data-end=\"5033\" \/>\n<h2 data-start=\"5035\" data-end=\"5069\"><strong data-start=\"5038\" data-end=\"5069\"><span dir=\"auto\" style=\"vertical-align: inherit;\"><span dir=\"auto\" style=\"vertical-align: inherit;\">Kullan\u0131m (Ara\u015ft\u0131rma ba\u011flam\u0131)<\/span><\/span><\/strong><\/h2>\n<ol data-start=\"5071\" data-end=\"5276\">\n<li data-start=\"5071\" data-end=\"5116\">\n<p data-start=\"5074\" data-end=\"5116\"><span dir=\"auto\" style=\"vertical-align: inherit;\"><span dir=\"auto\" style=\"vertical-align: inherit;\">Sadece akredite laboratuvarlarda kullan\u0131lmal\u0131d\u0131r.<\/span><\/span><\/p>\n<\/li>\n<li data-start=\"5117\" data-end=\"5177\">\n<p data-start=\"5120\" data-end=\"5177\"><span dir=\"auto\" style=\"vertical-align: inherit;\"><span dir=\"auto\" style=\"vertical-align: inherit;\">Eldiven, koruyucu g\u00f6zl\u00fck ve laboratuvar \u00f6nl\u00fc\u011f\u00fc giyin.<\/span><\/span><\/p>\n<\/li>\n<li data-start=\"5178\" data-end=\"5225\">\n<p data-start=\"5181\" data-end=\"5225\"><span dir=\"auto\" style=\"vertical-align: inherit;\"><span dir=\"auto\" style=\"vertical-align: inherit;\">Serin, kuru ve karanl\u0131kta (25\u00b0C&#039;nin alt\u0131nda) saklay\u0131n\u0131z.<\/span><\/span><\/p>\n<\/li>\n<li data-start=\"5226\" data-end=\"5276\">\n<p data-start=\"5229\" data-end=\"5276\"><span dir=\"auto\" style=\"vertical-align: inherit;\"><span dir=\"auto\" style=\"vertical-align: inherit;\">Kal\u0131nt\u0131lar\u0131 yerel \u00e7evre d\u00fczenlemelerine uygun \u015fekilde bertaraf edin.<\/span><\/span><\/p>\n<\/li>\n<\/ol>\n<blockquote data-start=\"5278\" data-end=\"5375\">\n<p data-start=\"5280\" data-end=\"5375\"><strong data-start=\"5280\" data-end=\"5291\"><span dir=\"auto\" style=\"vertical-align: inherit;\"><span dir=\"auto\" style=\"vertical-align: inherit;\">L\u00fctfen akl\u0131n\u0131zda bulundurun: <\/span><\/span><\/strong> <em data-start=\"5292\" data-end=\"5321\"><span dir=\"auto\" style=\"vertical-align: inherit;\"><span dir=\"auto\" style=\"vertical-align: inherit;\">Flubromazepam 10 MG Peletler<\/span><\/span><\/em><span dir=\"auto\" style=\"vertical-align: inherit;\"><span dir=\"auto\" style=\"vertical-align: inherit;\"> d\u0131r <\/span><\/span><strong data-start=\"5325\" data-end=\"5374\"><span dir=\"auto\" style=\"vertical-align: inherit;\"><span dir=\"auto\" style=\"vertical-align: inherit;\">yaln\u0131zca ara\u015ft\u0131rma ama\u00e7l\u0131d\u0131r<\/span><\/span><\/strong><span dir=\"auto\" style=\"vertical-align: inherit;\"><span dir=\"auto\" style=\"vertical-align: inherit;\"> .<\/span><\/span><\/p>\n<\/blockquote>\n<hr data-start=\"5377\" data-end=\"5380\" \/>\n<h2 data-start=\"5382\" data-end=\"5416\"><strong data-start=\"5385\" data-end=\"5416\"><span dir=\"auto\" style=\"vertical-align: inherit;\"><span dir=\"auto\" style=\"vertical-align: inherit;\">S\u0131k\u00e7a Sorulan Sorular (SSS)<\/span><\/span><\/strong><\/h2>\n<p data-start=\"5418\" data-end=\"5576\"><strong data-start=\"5418\" data-end=\"5478\"><span dir=\"auto\" style=\"vertical-align: inherit;\"><span dir=\"auto\" style=\"vertical-align: inherit;\">1. Flubromazepam 10 MG Peletler ne i\u00e7in kullan\u0131l\u0131r?<\/span><\/span><\/strong><br data-start=\"5478\" data-end=\"5481\" \/><span dir=\"auto\" style=\"vertical-align: inherit;\"><span dir=\"auto\" style=\"vertical-align: inherit;\"> Bunlar i\u00e7in kullan\u0131l\u0131r <\/span><\/span><strong data-start=\"5505\" data-end=\"5546\"><span dir=\"auto\" style=\"vertical-align: inherit;\"><span dir=\"auto\" style=\"vertical-align: inherit;\">analitik ve toksikolojik testler<\/span><\/span><\/strong><span dir=\"auto\" style=\"vertical-align: inherit;\"><span dir=\"auto\" style=\"vertical-align: inherit;\"> Benzodiazepin analoglar\u0131.<\/span><\/span><\/p>\n<p data-start=\"5578\" data-end=\"5716\"><strong data-start=\"5578\" data-end=\"5622\"><span dir=\"auto\" style=\"vertical-align: inherit;\"><span dir=\"auto\" style=\"vertical-align: inherit;\">2. Bir paket ka\u00e7 tane pelet i\u00e7eriyor?<\/span><\/span><\/strong><br data-start=\"5622\" data-end=\"5625\" \/><span dir=\"auto\" style=\"vertical-align: inherit;\"><span dir=\"auto\" style=\"vertical-align: inherit;\"> Paket ba\u015f\u0131na pelet say\u0131s\u0131 de\u011fi\u015fir, ancak her pelet \u015funlar\u0131 i\u00e7erir: <\/span><\/span><strong data-start=\"5692\" data-end=\"5715\"><span dir=\"auto\" style=\"vertical-align: inherit;\"><span dir=\"auto\" style=\"vertical-align: inherit;\">10 mg flubromazepam<\/span><\/span><\/strong><span dir=\"auto\" style=\"vertical-align: inherit;\"><span dir=\"auto\" style=\"vertical-align: inherit;\"> .<\/span><\/span><\/p>\n<p data-start=\"5718\" data-end=\"5865\"><strong data-start=\"5718\" data-end=\"5782\"><span dir=\"auto\" style=\"vertical-align: inherit;\"><span dir=\"auto\" style=\"vertical-align: inherit;\">3. Flubromazepam 10 MG Peleti&#039;ni bireysel olarak sat\u0131n alabilir miyim?<\/span><\/span><\/strong><br data-start=\"5782\" data-end=\"5785\" \/><span dir=\"auto\" style=\"vertical-align: inherit;\"><span dir=\"auto\" style=\"vertical-align: inherit;\"> Hay\u0131r, bu \u00fcr\u00fcn yaln\u0131zca \u015fu ki\u015filer i\u00e7in mevcuttur: <\/span><\/span><strong data-start=\"5830\" data-end=\"5864\"><span dir=\"auto\" style=\"vertical-align: inherit;\"><span dir=\"auto\" style=\"vertical-align: inherit;\">akredite ara\u015ft\u0131rma kurumlar\u0131<\/span><\/span><\/strong><span dir=\"auto\" style=\"vertical-align: inherit;\"><span dir=\"auto\" style=\"vertical-align: inherit;\"> .<\/span><\/span><\/p>","protected":false},"excerpt":{"rendered":"<p>Product description Flubromazepam 10 mg pellets are a high-quality research drug belonging to the benzodiazepine class . Each pellet contains<\/p>","protected":false},"featured_media":28526,"comment_status":"closed","ping_status":"closed","template":"","meta":[],"product_brand":[82],"product_cat":[76,386,392,324],"product_tag":[139,140,142,141,143,326],"class_list":{"0":"post-24244","1":"product","2":"type-product","3":"status-publish","4":"has-post-thumbnail","6":"product_brand-research-chemical","7":"product_cat-benzodiazepinen","8":"product_cat-flubromazepam","9":"product_cat-flubromazepam-pellets","10":"product_cat-pellets-for-pellet","11":"product_tag-flubromazepam-effects","12":"product_tag-flubromazepam-ervaring","13":"product_tag-flubromazepam-halfwaardetijd","14":"product_tag-flubromazepam-werking","15":"product_tag-how-to-test-flubromazepam-pellets","16":"product_tag-nl","18":"first","19":"instock","20":"taxable","21":"shipping-taxable","22":"purchasable","23":"product-type-variable"},"_links":{"self":[{"href":"https:\/\/researchchemicalhub.com\/tr\/wp-json\/wp\/v2\/product\/24244","targetHints":{"allow":["GET"]}}],"collection":[{"href":"https:\/\/researchchemicalhub.com\/tr\/wp-json\/wp\/v2\/product"}],"about":[{"href":"https:\/\/researchchemicalhub.com\/tr\/wp-json\/wp\/v2\/types\/product"}],"replies":[{"embeddable":true,"href":"https:\/\/researchchemicalhub.com\/tr\/wp-json\/wp\/v2\/comments?post=24244"}],"version-history":[{"count":5,"href":"https:\/\/researchchemicalhub.com\/tr\/wp-json\/wp\/v2\/product\/24244\/revisions"}],"predecessor-version":[{"id":28692,"href":"https:\/\/researchchemicalhub.com\/tr\/wp-json\/wp\/v2\/product\/24244\/revisions\/28692"}],"wp:featuredmedia":[{"embeddable":true,"href":"https:\/\/researchchemicalhub.com\/tr\/wp-json\/wp\/v2\/media\/28526"}],"wp:attachment":[{"href":"https:\/\/researchchemicalhub.com\/tr\/wp-json\/wp\/v2\/media?parent=24244"}],"wp:term":[{"taxonomy":"product_brand","embeddable":true,"href":"https:\/\/researchchemicalhub.com\/tr\/wp-json\/wp\/v2\/product_brand?post=24244"},{"taxonomy":"product_cat","embeddable":true,"href":"https:\/\/researchchemicalhub.com\/tr\/wp-json\/wp\/v2\/product_cat?post=24244"},{"taxonomy":"product_tag","embeddable":true,"href":"https:\/\/researchchemicalhub.com\/tr\/wp-json\/wp\/v2\/product_tag?post=24244"}],"curies":[{"name":"wp","href":"https:\/\/api.w.org\/{rel}","templated":true}]}}