{"id":24196,"date":"2025-04-13T17:41:14","date_gmt":"2025-04-13T17:41:14","guid":{"rendered":"https:\/\/researchchemicalhub.com\/?post_type=product&#038;p=24196"},"modified":"2025-10-12T19:51:32","modified_gmt":"2025-10-12T19:51:32","slug":"2-mmc-hcl-zakje-1gr","status":"publish","type":"product","link":"https:\/\/researchchemicalhub.com\/tr\/shop\/b2b\/2-mmc-hcl-zakje-1gr\/","title":{"rendered":"2-MMC HCl torba 1g"},"content":{"rendered":"<h2 data-start=\"3615\" data-end=\"3641\"><strong data-start=\"3618\" data-end=\"3641\">\u00dcr\u00fcn A\u00e7\u0131klamas\u0131<\/strong><\/h2>\n<p data-start=\"3643\" data-end=\"3946\"><strong data-start=\"3643\" data-end=\"3694\">2-MMC HCl (2-Metilmetkatinon Hidroklor\u00fcr)<\/strong> bir <strong data-start=\"3702\" data-end=\"3746\">laboratuvar s\u0131n\u0131f\u0131 ara\u015ft\u0131rma materyali<\/strong>, ait <strong data-start=\"3764\" data-end=\"3783\">katinon s\u0131n\u0131f\u0131<\/strong>.<br data-start=\"3784\" data-end=\"3787\" \/>Bunun i\u00e7in kullan\u0131l\u0131r <strong data-start=\"3811\" data-end=\"3864\">analitik, toksikolojik ve adli ara\u015ft\u0131rmalar<\/strong>, di\u011ferleri aras\u0131nda <strong data-start=\"3883\" data-end=\"3943\">kimyasal bile\u015fiklerin tan\u0131mlanmas\u0131 ve kar\u015f\u0131la\u015ft\u0131r\u0131lmas\u0131<\/strong>. 2 mmc<\/p>\n<p data-start=\"3948\" data-end=\"4071\">Her biri <strong data-start=\"3952\" data-end=\"3971\">2-MMC HCl po\u015feti<\/strong> i\u00e7erir <strong data-start=\"3978\" data-end=\"4001\">1 gram saf madde<\/strong>, dikkatlice paketlenmi\u015f <strong data-start=\"4025\" data-end=\"4056\">istikrar ve tutarl\u0131l\u0131k<\/strong> garanti etmek.<\/p>\n<p data-start=\"4073\" data-end=\"4209\">\u26a0\ufe0f <strong data-start=\"4076\" data-end=\"4087\">Not:<\/strong> Bu \u00fcr\u00fcn <strong data-start=\"4103\" data-end=\"4152\">yaln\u0131zca ara\u015ft\u0131rma ama\u00e7l\u0131d\u0131r<\/strong> Ve <strong data-start=\"4156\" data-end=\"4208\">insan veya hayvan kullan\u0131m\u0131 i\u00e7in uygun de\u011fildir<\/strong>.<\/p>\n<hr data-start=\"4211\" data-end=\"4214\" \/>\n<h2 data-start=\"4216\" data-end=\"4246\"><strong data-start=\"4219\" data-end=\"4246\">Temel \u00d6zellikler<\/strong><\/h2>\n<ul data-start=\"4248\" data-end=\"4596\">\n<li data-start=\"4248\" data-end=\"4321\">\n<p data-start=\"4250\" data-end=\"4321\"><strong data-start=\"4250\" data-end=\"4270\">Y\u00fcksek Safl\u0131k:<\/strong> \u0130leri laboratuvar ara\u015ft\u0131rmalar\u0131 i\u00e7in uygundur.<\/p>\n<\/li>\n<li data-start=\"4322\" data-end=\"4386\">\n<p data-start=\"4324\" data-end=\"4386\"><strong data-start=\"4324\" data-end=\"4346\">Kararl\u0131 HCl Formu:<\/strong> Bozunmaya ve oksidasyona dayan\u0131kl\u0131d\u0131r.<\/p>\n<\/li>\n<li data-start=\"4387\" data-end=\"4443\">\n<p data-start=\"4389\" data-end=\"4443\"><strong data-start=\"4389\" data-end=\"4412\">Do\u011fru Tart\u0131ld\u0131:<\/strong> Hava almayan torbada 1 gram.<\/p>\n<\/li>\n<li data-start=\"4444\" data-end=\"4510\">\n<p data-start=\"4446\" data-end=\"4510\"><strong data-start=\"4446\" data-end=\"4469\">G\u00fcvenli Paketleme:<\/strong> Nem ve kirlenmeye kar\u015f\u0131 korur.<\/p>\n<\/li>\n<li data-start=\"4511\" data-end=\"4596\">\n<p data-start=\"4513\" data-end=\"4596\"><strong data-start=\"4513\" data-end=\"4540\">AB d\u00fczenlemelerine uygun olarak:<\/strong> Avrupa g\u00fcvenlik kurallar\u0131na uygun olarak \u00fcretilmi\u015ftir.<\/p>\n<\/li>\n<\/ul>\n<hr data-start=\"4598\" data-end=\"4601\" \/>\n<h2 data-start=\"4603\" data-end=\"4634\"><strong data-start=\"4606\" data-end=\"4634\">Ara\u015ft\u0131rma \u0130\u00e7in Faydalar<\/strong><\/h2>\n<ul data-start=\"4636\" data-end=\"4884\">\n<li data-start=\"4636\" data-end=\"4696\">\n<p data-start=\"4638\" data-end=\"4696\">Uygun olanlar <strong data-start=\"4652\" data-end=\"4693\">toksikolojik ve analitik ara\u015ft\u0131rma<\/strong>.<\/p>\n<\/li>\n<li data-start=\"4697\" data-end=\"4757\">\n<p data-start=\"4699\" data-end=\"4757\">Destekler <strong data-start=\"4711\" data-end=\"4734\">y\u00f6ntem geli\u015ftirme<\/strong> (GC-MS, LC-MS, NMR).<\/p>\n<\/li>\n<li data-start=\"4758\" data-end=\"4827\">\n<p data-start=\"4760\" data-end=\"4827\">Teklifler <strong data-start=\"4766\" data-end=\"4800\">g\u00fcvenilir referans \u00f6rnekleri<\/strong> adli kullan\u0131m i\u00e7in. 2 mmc<\/p>\n<\/li>\n<li data-start=\"4828\" data-end=\"4884\">\n<p data-start=\"4830\" data-end=\"4884\">Sa\u011flar <strong data-start=\"4841\" data-end=\"4881\">tekrarlanabilir ara\u015ft\u0131rma sonu\u00e7lar\u0131<\/strong>.<\/p>\n<\/li>\n<\/ul>\n<hr data-start=\"4886\" data-end=\"4889\" \/>\n<h2 data-start=\"4891\" data-end=\"4925\"><strong data-start=\"4894\" data-end=\"4925\">Kullan\u0131m (Ara\u015ft\u0131rma ba\u011flam\u0131)<\/strong><\/h2>\n<ol data-start=\"4927\" data-end=\"5123\">\n<li data-start=\"4927\" data-end=\"4972\">\n<p data-start=\"4930\" data-end=\"4972\">Sadece akredite laboratuvarlarda kullan\u0131lmal\u0131d\u0131r.<\/p>\n<\/li>\n<li data-start=\"4973\" data-end=\"5024\">\n<p data-start=\"4976\" data-end=\"5024\">Eldiven, koruyucu g\u00f6zl\u00fck ve laboratuvar \u00f6nl\u00fc\u011f\u00fc giyin.<\/p>\n<\/li>\n<li data-start=\"5025\" data-end=\"5072\">\n<p data-start=\"5028\" data-end=\"5072\">Serin, kuru ve karanl\u0131kta (25\u00b0C&#039;nin alt\u0131nda) saklay\u0131n\u0131z.<\/p>\n<\/li>\n<li data-start=\"5073\" data-end=\"5123\">\n<p data-start=\"5076\" data-end=\"5123\">Kal\u0131nt\u0131lar\u0131 yerel \u00e7evre d\u00fczenlemelerine uygun \u015fekilde bertaraf edin.<\/p>\n<\/li>\n<\/ol>\n<blockquote data-start=\"5125\" data-end=\"5214\">\n<p data-start=\"5127\" data-end=\"5214\"><strong data-start=\"5127\" data-end=\"5138\">Not:<\/strong> <em data-start=\"5139\" data-end=\"5160\">2-MMC HCl torba 1g<\/em> d\u0131r <strong data-start=\"5164\" data-end=\"5213\">yaln\u0131zca ara\u015ft\u0131rma ama\u00e7l\u0131d\u0131r<\/strong>.<\/p>\n<\/blockquote>\n<hr data-start=\"5216\" data-end=\"5219\" \/>\n<h2 data-start=\"5221\" data-end=\"5255\"><strong data-start=\"5224\" data-end=\"5255\">S\u0131k\u00e7a Sorulan Sorular (SSS)<\/strong><\/h2>\n<p data-start=\"5257\" data-end=\"5394\"><strong data-start=\"5257\" data-end=\"5298\">1. 2-MMC HCl ne i\u00e7in kullan\u0131l\u0131r?<\/strong><br data-start=\"5298\" data-end=\"5301\" \/>2-MMC HCl \u015fu ama\u00e7larla kullan\u0131l\u0131r: <strong data-start=\"5331\" data-end=\"5369\">analitik ve adli ara\u015ft\u0131rma<\/strong> katinon analoglar\u0131na.<\/p>\n<p data-start=\"5396\" data-end=\"5480\"><strong data-start=\"5396\" data-end=\"5432\">2. Bir po\u015fet ka\u00e7 gram i\u00e7erir?<\/strong><br data-start=\"5432\" data-end=\"5435\" \/>Her \u00e7anta \u015funlar\u0131 i\u00e7erir: <strong data-start=\"5451\" data-end=\"5479\">1 gram saf 2-MMC HCl<\/strong>.<\/p>\n<p data-start=\"5482\" data-end=\"5638\"><strong data-start=\"5482\" data-end=\"5528\">3. 2-MMC HCl&#039;yi bireysel olarak sat\u0131n alabilir miyim?<\/strong><br data-start=\"5528\" data-end=\"5531\" \/>Hay\u0131r, bu \u00fcr\u00fcn yaln\u0131zca \u015fu durumlarda kullan\u0131labilir: <strong data-start=\"5576\" data-end=\"5610\">tan\u0131nm\u0131\u015f ara\u015ft\u0131rma kurumlar\u0131<\/strong> do\u011fru izinlerle.<\/p>","protected":false},"excerpt":{"rendered":"<p>\u00dcr\u00fcn A\u00e7\u0131klamas\u0131 2-MMC HCl (2-Metilmetkatinon Hidroklor\u00fcr), katinon s\u0131n\u0131f\u0131na ait laboratuvar s\u0131n\u0131f\u0131 bir ara\u015ft\u0131rma kimyasal\u0131d\u0131r. Analitik, toksikolojik ve<\/p>","protected":false},"featured_media":21260,"comment_status":"closed","ping_status":"closed","template":"","meta":[],"product_brand":[82],"product_cat":[555],"product_tag":[89,88,83,326,94,93],"class_list":{"0":"post-24196","1":"product","2":"type-product","3":"status-publish","4":"has-post-thumbnail","6":"product_brand-research-chemical","7":"product_cat-b2b","8":"product_tag-2-mmc","9":"product_tag-2-mmc-ervaringen","10":"product_tag-2-mmc-kopen","11":"product_tag-nl","12":"product_tag-wat-doet-2-mmc","13":"product_tag-wat-is-2-mmc","15":"first","16":"instock","17":"taxable","18":"shipping-taxable","19":"purchasable","20":"product-type-variable"},"_links":{"self":[{"href":"https:\/\/researchchemicalhub.com\/tr\/wp-json\/wp\/v2\/product\/24196","targetHints":{"allow":["GET"]}}],"collection":[{"href":"https:\/\/researchchemicalhub.com\/tr\/wp-json\/wp\/v2\/product"}],"about":[{"href":"https:\/\/researchchemicalhub.com\/tr\/wp-json\/wp\/v2\/types\/product"}],"replies":[{"embeddable":true,"href":"https:\/\/researchchemicalhub.com\/tr\/wp-json\/wp\/v2\/comments?post=24196"}],"version-history":[{"count":4,"href":"https:\/\/researchchemicalhub.com\/tr\/wp-json\/wp\/v2\/product\/24196\/revisions"}],"predecessor-version":[{"id":27831,"href":"https:\/\/researchchemicalhub.com\/tr\/wp-json\/wp\/v2\/product\/24196\/revisions\/27831"}],"wp:featuredmedia":[{"embeddable":true,"href":"https:\/\/researchchemicalhub.com\/tr\/wp-json\/wp\/v2\/media\/21260"}],"wp:attachment":[{"href":"https:\/\/researchchemicalhub.com\/tr\/wp-json\/wp\/v2\/media?parent=24196"}],"wp:term":[{"taxonomy":"product_brand","embeddable":true,"href":"https:\/\/researchchemicalhub.com\/tr\/wp-json\/wp\/v2\/product_brand?post=24196"},{"taxonomy":"product_cat","embeddable":true,"href":"https:\/\/researchchemicalhub.com\/tr\/wp-json\/wp\/v2\/product_cat?post=24196"},{"taxonomy":"product_tag","embeddable":true,"href":"https:\/\/researchchemicalhub.com\/tr\/wp-json\/wp\/v2\/product_tag?post=24196"}],"curies":[{"name":"wp","href":"https:\/\/api.w.org\/{rel}","templated":true}]}}