{"id":24144,"date":"2025-04-13T17:41:08","date_gmt":"2025-04-13T17:41:08","guid":{"rendered":"https:\/\/researchchemicalhub.com\/?post_type=product&#038;p=24144"},"modified":"2025-10-12T21:09:18","modified_gmt":"2025-10-12T21:09:18","slug":"chem-mist-noopept-spray","status":"publish","type":"product","link":"https:\/\/researchchemicalhub.com\/tr\/shop\/b2b\/chem-mist-noopept-spray\/","title":{"rendered":"Chem-mist NOOPEPT Sprey"},"content":{"rendered":"<h3 data-start=\"4655\" data-end=\"4674\"><strong data-start=\"4659\" data-end=\"4674\">girii\u015f<\/strong><\/h3>\n<p data-start=\"4675\" data-end=\"5006\">The <strong data-start=\"4678\" data-end=\"4705\">Chem-mist NOOPEPT Sprey<\/strong> teklifler <strong data-start=\"4712\" data-end=\"4779\">y\u00fcksek safl\u0131kta NOOPEPT (N-fenilasetil-L-prolilglisin etil ester)<\/strong> bir <strong data-start=\"4787\" data-end=\"4821\">hassas form\u00fcle edilmi\u015f sprey<\/strong>ara\u015ft\u0131rma ama\u00e7l\u0131 geli\u015ftirilmi\u015ftir. NOOPEPT bir <strong data-start=\"4876\" data-end=\"4899\">nootropik bile\u015fik<\/strong> olas\u0131 etkileri s\u0131kl\u0131kla incelenen <strong data-start=\"4959\" data-end=\"5003\">haf\u0131za, \u00f6\u011frenme yetene\u011fi ve n\u00f6roproteksiyon<\/strong>Chem-mist Noopept Sprey<\/p>\n<p data-start=\"5008\" data-end=\"5235\">Bu sprey Chem-mist taraf\u0131ndan geli\u015ftirilmi\u015ftir. <strong data-start=\"5053\" data-end=\"5078\">laboratuvar ara\u015ft\u0131rmas\u0131<\/strong> ve garantiler <strong data-start=\"5093\" data-end=\"5133\">sabit dozaj, y\u00fcksek stabilite<\/strong> Ve <strong data-start=\"5137\" data-end=\"5164\">pratik kullan\u0131m kolayl\u0131\u011f\u0131<\/strong>, \u00fczerinde \u00e7al\u0131\u015fmak i\u00e7in ideal <strong data-start=\"5191\" data-end=\"5234\">n\u00f6roplastisite ve bili\u015fsel i\u015flev<\/strong>.<\/p>\n<hr data-start=\"5237\" data-end=\"5240\" \/>\n<h3 data-start=\"5242\" data-end=\"5273\"><strong data-start=\"5246\" data-end=\"5273\">Temel \u00d6zellikler<\/strong><\/h3>\n<ul data-start=\"5274\" data-end=\"5811\">\n<li data-start=\"5274\" data-end=\"5362\">\n<p data-start=\"5276\" data-end=\"5362\"><strong data-start=\"5276\" data-end=\"5299\">Y\u00fcksek safl\u0131kta NOOPEPT:<\/strong> Her sprey \u015funlar\u0131 i\u00e7erir: <strong data-start=\"5317\" data-end=\"5333\">10 mg NOOPEPT<\/strong> kararl\u0131 bir \u00e7\u00f6z\u00fcmde.<\/p>\n<\/li>\n<li data-start=\"5363\" data-end=\"5492\">\n<p data-start=\"5365\" data-end=\"5492\"><strong data-start=\"5365\" data-end=\"5383\">H\u0131zl\u0131 Kay\u0131t:<\/strong> \u0130\u00e7in optimize edildi <strong data-start=\"5405\" data-end=\"5471\">verimli teslimat ve g\u00fcvenilir biyoyararlan\u0131m<\/strong> ara\u015ft\u0131rma s\u0131ras\u0131nda.<\/p>\n<\/li>\n<li data-start=\"5493\" data-end=\"5588\">\n<p data-start=\"5495\" data-end=\"5588\"><strong data-start=\"5495\" data-end=\"5520\">Do\u011fru Dozaj:<\/strong> Sprey sa\u011flar <strong data-start=\"5541\" data-end=\"5585\">do\u011frulanabilir ve tekrarlanabilir sonu\u00e7lar<\/strong>.<\/p>\n<\/li>\n<li data-start=\"5589\" data-end=\"5711\">\n<p data-start=\"5591\" data-end=\"5711\"><strong data-start=\"5591\" data-end=\"5622\">Ara\u015ft\u0131rma D\u00fczeyi Kalitesi:<\/strong> Alt\u0131nda \u00fcretildi <strong data-start=\"5642\" data-end=\"5680\">s\u0131k\u0131 laboratuvar ko\u015fullar\u0131<\/strong> safl\u0131\u011f\u0131 sa\u011flamak i\u00e7in.<\/p>\n<\/li>\n<li data-start=\"5712\" data-end=\"5811\">\n<p data-start=\"5714\" data-end=\"5811\"><strong data-start=\"5714\" data-end=\"5736\">Kompakt ve Kullan\u0131\u015fl\u0131:<\/strong> 10 ml sprey \u015fi\u015fesi, ara\u015ft\u0131rma ortamlar\u0131nda hassas kullan\u0131m i\u00e7in m\u00fckemmeldir. Chem-mist NOOPEPT Sprey<\/p>\n<\/li>\n<\/ul>\n<hr data-start=\"5813\" data-end=\"5816\" \/>\n<h3 data-start=\"5818\" data-end=\"5835\"><strong data-start=\"5822\" data-end=\"5835\">Avantajlar\u0131<\/strong><\/h3>\n<ul data-start=\"5836\" data-end=\"6403\">\n<li data-start=\"5836\" data-end=\"5972\">\n<p data-start=\"5838\" data-end=\"5972\"><strong data-start=\"5838\" data-end=\"5874\">Bili\u015fsel Ara\u015ft\u0131rmay\u0131 Destekler:<\/strong> \u00dczerindeki etkisi ara\u015ft\u0131r\u0131l\u0131yor <strong data-start=\"5913\" data-end=\"5969\">haf\u0131za, n\u00f6roproteksiyon ve sinaptik plastisite<\/strong>.<\/p>\n<\/li>\n<li data-start=\"5973\" data-end=\"6080\">\n<p data-start=\"5975\" data-end=\"6080\"><strong data-start=\"5975\" data-end=\"6002\">G\u00fcvenilir Uygulama:<\/strong> S\u0131v\u0131 form\u00fcl \u015funu yapar: <strong data-start=\"6030\" data-end=\"6068\">kesin ve tutarl\u0131 y\u00f6netim<\/strong> olas\u0131.<\/p>\n<\/li>\n<li data-start=\"6081\" data-end=\"6209\">\n<p data-start=\"6083\" data-end=\"6209\"><strong data-start=\"6083\" data-end=\"6136\">Davran\u0131\u015fsal ve N\u00f6rokimyasal \u00c7al\u0131\u015fmalar i\u00e7in Uygundur:<\/strong> Ara\u015ft\u0131rmaya yard\u0131mc\u0131 olur <strong data-start=\"6162\" data-end=\"6206\">\u00f6\u011frenme s\u00fcre\u00e7leri, dikkat ve beyin fonksiyonu<\/strong>.<\/p>\n<\/li>\n<li data-start=\"6210\" data-end=\"6311\">\n<p data-start=\"6212\" data-end=\"6311\"><strong data-start=\"6212\" data-end=\"6236\">Verimli Teslimat:<\/strong> Sprey sa\u011flar <strong data-start=\"6257\" data-end=\"6279\">d\u00fczg\u00fcn da\u011f\u0131l\u0131m<\/strong> ve sapmalar\u0131 en aza indirir.<\/p>\n<\/li>\n<li data-start=\"6312\" data-end=\"6403\">\n<p data-start=\"6314\" data-end=\"6403\"><strong data-start=\"6314\" data-end=\"6341\">Uzun Vadeli \u0130stikrar:<\/strong> Form\u00fcl kal\u0131r <strong data-start=\"6357\" data-end=\"6380\">istikrarl\u0131 ve etkili<\/strong> do\u011fru \u015fekilde sakland\u0131\u011f\u0131nda.<\/p>\n<\/li>\n<\/ul>\n<hr data-start=\"6405\" data-end=\"6408\" \/>\n<h3 data-start=\"6410\" data-end=\"6425\"><strong data-start=\"6414\" data-end=\"6425\">Kullan\u0131m<\/strong><\/h3>\n<ol data-start=\"6426\" data-end=\"6688\">\n<li data-start=\"6426\" data-end=\"6463\">\n<p data-start=\"6429\" data-end=\"6463\"><strong data-start=\"6429\" data-end=\"6461\">Kullanmadan \u00f6nce hafif\u00e7e \u00e7alkalay\u0131n\u0131z.<\/strong><\/p>\n<\/li>\n<li data-start=\"6464\" data-end=\"6536\">\n<p data-start=\"6467\" data-end=\"6536\"><strong data-start=\"6467\" data-end=\"6480\">Bir sprey<\/strong> 10 mg NOOPEPT dozunu (talimatlara g\u00f6re) verir.<\/p>\n<\/li>\n<li data-start=\"6537\" data-end=\"6610\">\n<p data-start=\"6540\" data-end=\"6610\"><strong data-start=\"6540\" data-end=\"6571\">Dozaj ve s\u00fcreye dikkat edin<\/strong> Do\u011fru ara\u015ft\u0131rma verileri i\u00e7in.<\/p>\n<\/li>\n<li data-start=\"6611\" data-end=\"6688\">\n<p data-start=\"6614\" data-end=\"6688\">Birinden tasarruf edin <strong data-start=\"6629\" data-end=\"6652\">serin ve kuru bir yer<\/strong>, do\u011frudan g\u00fcne\u015f \u0131\u015f\u0131\u011f\u0131ndan korunmal\u0131d\u0131r.<\/p>\n<\/li>\n<\/ol>\n<blockquote data-start=\"6690\" data-end=\"6796\">\n<p data-start=\"6692\" data-end=\"6796\">\u26a0\ufe0f <strong data-start=\"6695\" data-end=\"6741\">Sadece laboratuvar testleri i\u00e7indir.<\/strong> \u0130nsan ve hayvan t\u00fcketimine uygun de\u011fildir.<\/p>\n<\/blockquote>\n<hr data-start=\"6798\" data-end=\"6801\" \/>\n<h3 data-start=\"6803\" data-end=\"6836\"><strong data-start=\"6807\" data-end=\"6836\">S\u0131k\u00e7a Sorulan Sorular (SSS)<\/strong><\/h3>\n<p data-start=\"6838\" data-end=\"7019\"><strong data-start=\"6838\" data-end=\"6893\">1. Chem-mist NOOPEPT Sprey ne i\u00e7in kullan\u0131l\u0131r?<\/strong><br data-start=\"6893\" data-end=\"6896\" \/>Bu sprey \u015fu \u015fekilde kullan\u0131l\u0131r: <strong data-start=\"6925\" data-end=\"6972\">bilimsel ve n\u00f6rokimyasal ara\u015ft\u0131rma<\/strong> bili\u015fsel i\u015flevlere ve n\u00f6roplastisiteye.<\/p>\n<p data-start=\"7021\" data-end=\"7162\"><strong data-start=\"7021\" data-end=\"7061\">2. Her sprey ne kadar NOOPEPT i\u00e7erir?<\/strong><br data-start=\"7061\" data-end=\"7064\" \/>Her p\u00fcsk\u00fcrtme bir <strong data-start=\"7092\" data-end=\"7122\">10 mg&#039;l\u0131k kesin doz<\/strong>, laboratuvar analizleri ile kontrol edildi.<\/p>\n<p data-start=\"7164\" data-end=\"7304\"><strong data-start=\"7164\" data-end=\"7204\">3. Sprey nas\u0131l saklanmal\u0131d\u0131r?<\/strong><br data-start=\"7204\" data-end=\"7207\" \/>\u015ei\u015feyi bir yerde saklay\u0131n <strong data-start=\"7229\" data-end=\"7263\">serin, karanl\u0131k ve kuru yer<\/strong> (25\u00b0C&#039;nin alt\u0131nda) stabiliteyi korumak i\u00e7in.<\/p>\n<hr data-start=\"7306\" data-end=\"7309\" \/>\n<h3 data-start=\"7311\" data-end=\"7328\"><strong data-start=\"7315\" data-end=\"7328\">\u00c7\u00f6z\u00fcm<\/strong><\/h3>\n<p data-start=\"7329\" data-end=\"7632\">The <strong data-start=\"7332\" data-end=\"7359\">Chem-mist NOOPEPT Sprey<\/strong> birle\u015ftirir <strong data-start=\"7371\" data-end=\"7404\">hassasiyet, safl\u0131k ve kolayl\u0131k<\/strong> Bili\u015fsel performans ve beyin fonksiyonlar\u0131 \u00fczerine ileri ara\u015ft\u0131rmalar i\u00e7in. <strong data-start=\"7489\" data-end=\"7554\">hassas dozajlama, h\u0131zl\u0131 emilim ve uzun vadeli stabilite<\/strong> Bu \u00fcr\u00fcn profesyonel ara\u015ft\u0131rma ortamlar\u0131 i\u00e7in m\u00fckemmel bir se\u00e7imdir.<\/p>","protected":false},"excerpt":{"rendered":"<p>Introductie De Chem-mist NOOPEPT Spray biedt hoogzuiver NOOPEPT (N-phenylacetyl-L-prolylglycine ethyl ester) in een nauwkeurig geformuleerde spray, ontwikkeld voor onderzoeksdoeleinden. NOOPEPT<\/p>","protected":false},"featured_media":21202,"comment_status":"closed","ping_status":"closed","template":"","meta":[],"product_brand":[],"product_cat":[555],"product_tag":[326],"class_list":{"0":"post-24144","1":"product","2":"type-product","3":"status-publish","4":"has-post-thumbnail","6":"product_cat-b2b","7":"product_tag-nl","9":"first","10":"instock","11":"taxable","12":"shipping-taxable","13":"purchasable","14":"product-type-variable"},"_links":{"self":[{"href":"https:\/\/researchchemicalhub.com\/tr\/wp-json\/wp\/v2\/product\/24144","targetHints":{"allow":["GET"]}}],"collection":[{"href":"https:\/\/researchchemicalhub.com\/tr\/wp-json\/wp\/v2\/product"}],"about":[{"href":"https:\/\/researchchemicalhub.com\/tr\/wp-json\/wp\/v2\/types\/product"}],"replies":[{"embeddable":true,"href":"https:\/\/researchchemicalhub.com\/tr\/wp-json\/wp\/v2\/comments?post=24144"}],"version-history":[{"count":3,"href":"https:\/\/researchchemicalhub.com\/tr\/wp-json\/wp\/v2\/product\/24144\/revisions"}],"predecessor-version":[{"id":27852,"href":"https:\/\/researchchemicalhub.com\/tr\/wp-json\/wp\/v2\/product\/24144\/revisions\/27852"}],"wp:featuredmedia":[{"embeddable":true,"href":"https:\/\/researchchemicalhub.com\/tr\/wp-json\/wp\/v2\/media\/21202"}],"wp:attachment":[{"href":"https:\/\/researchchemicalhub.com\/tr\/wp-json\/wp\/v2\/media?parent=24144"}],"wp:term":[{"taxonomy":"product_brand","embeddable":true,"href":"https:\/\/researchchemicalhub.com\/tr\/wp-json\/wp\/v2\/product_brand?post=24144"},{"taxonomy":"product_cat","embeddable":true,"href":"https:\/\/researchchemicalhub.com\/tr\/wp-json\/wp\/v2\/product_cat?post=24144"},{"taxonomy":"product_tag","embeddable":true,"href":"https:\/\/researchchemicalhub.com\/tr\/wp-json\/wp\/v2\/product_tag?post=24144"}],"curies":[{"name":"wp","href":"https:\/\/api.w.org\/{rel}","templated":true}]}}