{"id":24119,"date":"2025-04-13T17:41:04","date_gmt":"2025-04-13T17:41:04","guid":{"rendered":"https:\/\/researchchemicalhub.com\/?post_type=product&#038;p=24119"},"modified":"2025-10-14T08:34:47","modified_gmt":"2025-10-14T08:34:47","slug":"rc-metocin-blister","status":"publish","type":"product","link":"https:\/\/researchchemicalhub.com\/tr\/shop\/b2b\/rc-metocin-blister\/","title":{"rendered":"RC+ Metocin Blister"},"content":{"rendered":"<h3 data-start=\"5633\" data-end=\"5654\"><strong data-start=\"5637\" data-end=\"5652\">girii\u015f<\/strong><\/h3>\n<p data-start=\"5655\" data-end=\"6097\">The <strong data-start=\"5658\" data-end=\"5681\">RC+ Metocin Blister<\/strong> Laboratuvar ve analitik uygulamalar i\u00e7in tasarlanm\u0131\u015f profesyonel bir ara\u015ft\u0131rma kimyasal form\u00fcl\u00fcd\u00fcr. \u0130\u00e7erir <strong data-start=\"5803\" data-end=\"5878\">4-hidroksi-N-metil-N-etiltriptamin (4-HO-MET, Metocin olarak da bilinir)<\/strong> Ayr\u0131 ayr\u0131 kapat\u0131lm\u0131\u015f peletler halinde. Doz geri kazan\u0131m\u0131n\u0131, kontaminasyon kontrol\u00fcn\u00fc ve izlenebilir kullan\u0131m\u0131 desteklemek i\u00e7in bunlar blister ambalajlarda (genellikle 10 pelet) paketlenir.<\/p>\n<p data-start=\"6099\" data-end=\"6290\">4-HO-MET, serotonin resept\u00f6rleri ve psikoaktif maddelerin farmakolojisinde ara\u015ft\u0131r\u0131lan, psilosin ile ili\u015fkili bir triptamin bile\u015fi\u011fidir.<\/p>\n<p data-start=\"6292\" data-end=\"6497\">Bu \u00fcr\u00fcn yaln\u0131zca kullan\u0131m i\u00e7in tasarlanm\u0131\u015ft\u0131r <strong data-start=\"6332\" data-end=\"6346\">laboratuvar kullan\u0131m\u0131<\/strong> \u2014 \u00f6rne\u011fin resept\u00f6r ba\u011flanmas\u0131, analitik kalibrasyon veya yap\u0131-aktivite \u00e7al\u0131\u015fmalar\u0131 \u2014 ve <strong data-start=\"6444\" data-end=\"6496\">insan veya hayvan kullan\u0131m\u0131 i\u00e7in uygun de\u011fildir<\/strong>.<\/p>\n<hr data-start=\"6499\" data-end=\"6502\" \/>\n<h3 data-start=\"6504\" data-end=\"6537\"><strong data-start=\"6508\" data-end=\"6535\">Temel \u00d6zellikler<\/strong><\/h3>\n<ul data-start=\"6538\" data-end=\"7152\">\n<li data-start=\"6538\" data-end=\"6592\">\n<p data-start=\"6540\" data-end=\"6592\"><strong data-start=\"6540\" data-end=\"6557\">Etkin madde:<\/strong> 4-HO-MET (Metosin) pelet formunda<\/p>\n<\/li>\n<li data-start=\"6593\" data-end=\"6712\">\n<p data-start=\"6595\" data-end=\"6712\"><strong data-start=\"6595\" data-end=\"6619\">Pelet Ba\u015f\u0131na Dozaj:<\/strong> Hakk\u0131nda <strong data-start=\"6629\" data-end=\"6638\">21 mg<\/strong> (tedarik\u00e7iler taraf\u0131ndan belirtildi\u011fi gibi)<\/p>\n<\/li>\n<li data-start=\"6713\" data-end=\"6839\">\n<p data-start=\"6715\" data-end=\"6839\"><strong data-start=\"6715\" data-end=\"6743\">Y\u00fcksek Safl\u0131k (\u2265 98 %)<\/strong>: Y\u00fcksek safl\u0131kta ara\u015ft\u0131rma materyali olarak etiketlendi<\/p>\n<\/li>\n<li data-start=\"6840\" data-end=\"6931\">\n<p data-start=\"6842\" data-end=\"6931\"><strong data-start=\"6842\" data-end=\"6864\">Blister ambalaj:<\/strong> Her pelet, kontaminasyonu azaltmak i\u00e7in ayr\u0131 ayr\u0131 kapat\u0131lm\u0131\u015ft\u0131r<\/p>\n<\/li>\n<li data-start=\"6932\" data-end=\"7070\">\n<p data-start=\"6934\" data-end=\"7070\"><strong data-start=\"6934\" data-end=\"6966\">Parti ve Lot \u0130zlenebilirli\u011fi:<\/strong> Her blisterde kalite kontrol i\u00e7in tan\u0131mlama kodlar\u0131 bulunur<\/p>\n<\/li>\n<li data-start=\"7071\" data-end=\"7152\">\n<p data-start=\"7073\" data-end=\"7152\"><strong data-start=\"7073\" data-end=\"7097\">Kompakt ve Korunakl\u0131:<\/strong> Ambalaj, \u0131\u015f\u0131\u011fa, neme ve bozulmaya kar\u015f\u0131 koruma sa\u011flar<\/p>\n<\/li>\n<\/ul>\n<hr data-start=\"7154\" data-end=\"7157\" \/>\n<h3 data-start=\"7159\" data-end=\"7178\"><strong data-start=\"7163\" data-end=\"7176\">Avantajlar\u0131<\/strong><\/h3>\n<p data-start=\"7179\" data-end=\"7723\">\u2705 <strong data-start=\"7181\" data-end=\"7210\">Tekrarlanabilir Dozaj:<\/strong> Her pelet, deneylerdeki \u00e7e\u015fitlili\u011fi azaltan tutarl\u0131, \u00f6l\u00e7\u00fclm\u00fc\u015f miktarda 4-HO-MET i\u00e7erir.<br data-start=\"7319\" data-end=\"7322\" \/>\u2705 <strong data-start=\"7324\" data-end=\"7351\">Geli\u015ftirilmi\u015f Kararl\u0131l\u0131k:<\/strong> Blister ambalaj, numune materyalini \u00e7evresel etkenlerden korur.<br data-start=\"7423\" data-end=\"7426\" \/>\u2705 <strong data-start=\"7428\" data-end=\"7462\">Kontaminasyon Riskinin Azalt\u0131lmas\u0131:<\/strong> Bireysel pelet s\u0131zd\u0131rmazl\u0131k, \u00e7apraz kontaminasyonu s\u0131n\u0131rlar.<br data-start=\"7517\" data-end=\"7520\" \/>\u2705 <strong data-start=\"7522\" data-end=\"7548\">Zaman Kazand\u0131ran Format:<\/strong> Karma\u015f\u0131k numune haz\u0131rlama veya tart\u0131m gerektirmeden do\u011frudan kullan\u0131labilir. metocin<br data-start=\"7610\" data-end=\"7613\" \/>\u2705 <strong data-start=\"7615\" data-end=\"7657\">Daha \u0130yi Dok\u00fcmantasyon ve \u0130zlenebilirlik:<\/strong> Parti kodlar\u0131 ve pelet kimlikleri y\u00f6netimi ve denetimleri kolayla\u015ft\u0131r\u0131r.<\/p>\n<hr data-start=\"7725\" data-end=\"7728\" \/>\n<h3 data-start=\"7730\" data-end=\"7790\"><strong data-start=\"7734\" data-end=\"7788\">Nas\u0131l Kullan\u0131l\u0131r (Sadece Ara\u015ft\u0131rma\/Analiz \u0130\u00e7in)<\/strong><\/h3>\n<blockquote data-start=\"7791\" data-end=\"7973\">\n<p data-start=\"7793\" data-end=\"7973\">\u26a0\ufe0f <strong data-start=\"7796\" data-end=\"7810\">A\u00e7\u0131klama:<\/strong> Bu \u00fcr\u00fcn <strong data-start=\"7826\" data-end=\"7869\">\u0130nsan veya hayvan kullan\u0131m\u0131 i\u00e7in DE\u011e\u0130LD\u0130R<\/strong>. Sadece kontroll\u00fc laboratuvar ko\u015fullar\u0131nda ve uygun g\u00fcvenlik ekipmanlar\u0131yla kullan\u0131n.<\/p>\n<\/blockquote>\n<ol data-start=\"7975\" data-end=\"9041\">\n<li data-start=\"7975\" data-end=\"8186\">\n<p data-start=\"7978\" data-end=\"8016\"><strong data-start=\"7978\" data-end=\"8014\">Blister ve Peletleri \u0130nceleyin<\/strong><\/p>\n<ul data-start=\"8020\" data-end=\"8186\">\n<li data-start=\"8020\" data-end=\"8069\">\n<p data-start=\"8022\" data-end=\"8069\">Blister ambalaj\u0131n sa\u011flam oldu\u011fundan emin olun.<\/p>\n<\/li>\n<li data-start=\"8073\" data-end=\"8118\">\n<p data-start=\"8075\" data-end=\"8118\">Parti numaras\u0131n\u0131 dok\u00fcmanlarla kar\u015f\u0131la\u015ft\u0131r\u0131n.<\/p>\n<\/li>\n<li data-start=\"8122\" data-end=\"8186\">\n<p data-start=\"8124\" data-end=\"8186\">Peletlerin hasars\u0131z ve renklerinin bozulmam\u0131\u015f oldu\u011fundan emin olun.<\/p>\n<\/li>\n<\/ul>\n<\/li>\n<li data-start=\"8188\" data-end=\"8357\">\n<p data-start=\"8191\" data-end=\"8212\"><strong data-start=\"8191\" data-end=\"8210\">Pelet Ekstraksiyonu<\/strong><\/p>\n<ul data-start=\"8216\" data-end=\"8357\">\n<li data-start=\"8216\" data-end=\"8309\">\n<p data-start=\"8218\" data-end=\"8309\">Steril aletler veya eldiven kullanarak blister b\u00f6lmesinden bir tane pelleti yava\u015f\u00e7a s\u0131k\u0131n.<\/p>\n<\/li>\n<li data-start=\"8313\" data-end=\"8357\">\n<p data-start=\"8315\" data-end=\"8357\">Y\u00fczeyle do\u011frudan temas\u0131ndan ka\u00e7\u0131n\u0131n\u0131z.<\/p>\n<\/li>\n<\/ul>\n<\/li>\n<li data-start=\"8359\" data-end=\"8559\">\n<p data-start=\"8362\" data-end=\"8391\"><strong data-start=\"8362\" data-end=\"8389\">\u00c7\u00f6z \/ Haz\u0131rla<\/strong><\/p>\n<ul data-start=\"8395\" data-end=\"8559\">\n<li data-start=\"8395\" data-end=\"8486\">\n<p data-start=\"8397\" data-end=\"8486\">Peleti uygun bir \u00e7\u00f6z\u00fcc\u00fcde (\u00f6rne\u011fin tampon, etanol, su) \u00e7\u00f6z\u00fcn veya s\u00fcspanse edin.<\/p>\n<\/li>\n<li data-start=\"8490\" data-end=\"8559\">\n<p data-start=\"8492\" data-end=\"8559\">Tamamen eriyip e\u015fit \u015fekilde da\u011f\u0131l\u0131ncaya kadar yava\u015f\u00e7a kar\u0131\u015ft\u0131r\u0131n.<\/p>\n<\/li>\n<\/ul>\n<\/li>\n<li data-start=\"8561\" data-end=\"8795\">\n<p data-start=\"8564\" data-end=\"8594\"><strong data-start=\"8564\" data-end=\"8592\">Deneysel Uygulama<\/strong><\/p>\n<ul data-start=\"8598\" data-end=\"8795\">\n<li data-start=\"8598\" data-end=\"8716\">\n<p data-start=\"8600\" data-end=\"8716\">Haz\u0131rlanan \u00e7\u00f6zeltiyi kromatografide, ba\u011flanma deneylerinde, resept\u00f6r \u00e7al\u0131\u015fmalar\u0131nda veya di\u011fer yetkili y\u00f6ntemlerde kullan\u0131n.<\/p>\n<\/li>\n<li data-start=\"8720\" data-end=\"8795\">\n<p data-start=\"8722\" data-end=\"8795\">Pelet kimli\u011fini, konsantrasyonunu, \u00e7\u00f6z\u00fcnme hacmini ve t\u00fcm ilgili parametreleri kaydedin.<\/p>\n<\/li>\n<\/ul>\n<\/li>\n<li data-start=\"8797\" data-end=\"9041\">\n<p data-start=\"8800\" data-end=\"8827\"><strong data-start=\"8800\" data-end=\"8825\">Depolama ve Kald\u0131rma<\/strong><\/p>\n<ul data-start=\"8831\" data-end=\"9041\">\n<li data-start=\"8831\" data-end=\"8882\">\n<p data-start=\"8833\" data-end=\"8882\">Kullan\u0131lmayan pelletleri blistere geri koyun.<\/p>\n<\/li>\n<li data-start=\"8886\" data-end=\"8949\">\n<p data-start=\"8888\" data-end=\"8949\">Dik olarak saklay\u0131n <strong data-start=\"8910\" data-end=\"8937\">serin, karanl\u0131k ve kuru<\/strong> \u00e7evre.<\/p>\n<\/li>\n<li data-start=\"8953\" data-end=\"9041\">\n<p data-start=\"8955\" data-end=\"9041\">Kullan\u0131lm\u0131\u015f peletleri, \u00e7\u00f6z\u00fcc\u00fcleri ve ambalajlar\u0131 kimyasal at\u0131k politikalar\u0131na uygun \u015fekilde bertaraf edin.<\/p>\n<\/li>\n<\/ul>\n<\/li>\n<\/ol>\n<hr data-start=\"9043\" data-end=\"9046\" \/>\n<h3 data-start=\"9048\" data-end=\"9083\"><strong data-start=\"9052\" data-end=\"9081\">S\u0131k\u00e7a Sorulan Sorular (SSS)<\/strong><\/h3>\n<p data-start=\"9085\" data-end=\"9354\"><strong data-start=\"9085\" data-end=\"9118\">1. 4-HO-MET (Metosin) nedir?<\/strong><br data-start=\"9118\" data-end=\"9121\" \/>4-HO-MET (4-hidroksi-N-metil-N-etiltriptamin), Metocin olarak da bilinir, serotonin resept\u00f6rlerinin farmakolojik ara\u015ft\u0131rmalar\u0131nda kullan\u0131lan, psilosin ile ili\u015fkili psikoaktif bir triptamin analo\u011fudur.<\/p>\n<p data-start=\"9356\" data-end=\"9535\"><strong data-start=\"9356\" data-end=\"9413\">2. Metocin blisterindeki her bir pellet ka\u00e7 mg i\u00e7erir?<\/strong><br data-start=\"9413\" data-end=\"9416\" \/>Tedarik\u00e7i bilgilerine g\u00f6re, her pelet yakla\u015f\u0131k olarak \u015funlar\u0131 i\u00e7erir: <strong data-start=\"9474\" data-end=\"9483\">21 mg<\/strong> 4-HO-MET.<\/p>\n<p data-start=\"9537\" data-end=\"9741\"><strong data-start=\"9537\" data-end=\"9619\">3. RC+ Metocin Blister insan veya hayvan kullan\u0131m\u0131 i\u00e7in kullan\u0131labilir mi?<\/strong><br data-start=\"9619\" data-end=\"9622\" \/>Hay\u0131r. \u00dcr\u00fcn \u015fu \u015fekilde etiketlenmi\u015ftir: <strong data-start=\"9655\" data-end=\"9680\">sadece ara\u015ft\u0131rma ama\u00e7l\u0131<\/strong>ve <strong data-start=\"9688\" data-end=\"9704\">ama\u00e7lanmam\u0131\u015f<\/strong> insanlarda veya hayvanlarda kullan\u0131lmak \u00fczere.<\/p>\n<p>&nbsp;<\/p>","protected":false},"excerpt":{"rendered":"<p><span style=\"vertical-align: inherit;\"><span style=\"vertical-align: inherit;\"><span dir=\"auto\" style=\"vertical-align: inherit;\"><span dir=\"auto\" style=\"vertical-align: inherit;\"><span dir=\"auto\" style=\"vertical-align: inherit;\"><span dir=\"auto\" style=\"vertical-align: inherit;\">CAS Numaras\u0131: 77872-41-4 <\/span><\/span><\/span><\/span><\/span><\/span><br \/>\n<span style=\"vertical-align: inherit;\"><span style=\"vertical-align: inherit;\"><span dir=\"auto\" style=\"vertical-align: inherit;\"><span dir=\"auto\" style=\"vertical-align: inherit;\"><span dir=\"auto\" style=\"vertical-align: inherit;\"><span dir=\"auto\" style=\"vertical-align: inherit;\">Form\u00fcl: C13H18N2O <\/span><\/span><\/span><\/span><\/span><\/span><br \/>\n<span style=\"vertical-align: inherit;\"><span style=\"vertical-align: inherit;\"><span dir=\"auto\" style=\"vertical-align: inherit;\"><span dir=\"auto\" style=\"vertical-align: inherit;\"><span dir=\"auto\" style=\"vertical-align: inherit;\"><span dir=\"auto\" style=\"vertical-align: inherit;\">Mol K\u00fctlesi: 218,3 g\/mol <\/span><\/span><\/span><\/span><\/span><\/span><br \/>\n<span style=\"vertical-align: inherit;\"><span style=\"vertical-align: inherit;\"><span dir=\"auto\" style=\"vertical-align: inherit;\"><span dir=\"auto\" style=\"vertical-align: inherit;\"><span dir=\"auto\" style=\"vertical-align: inherit;\"><span dir=\"auto\" style=\"vertical-align: inherit;\">Safl\u0131k: \u226598%<\/span><\/span><\/span><\/span><\/span><\/span><\/p>","protected":false},"featured_media":21164,"comment_status":"closed","ping_status":"closed","template":"","meta":[],"product_brand":[],"product_cat":[555],"product_tag":[636,635,326],"class_list":{"0":"post-24119","1":"product","2":"type-product","3":"status-publish","4":"has-post-thumbnail","6":"product_cat-b2b","7":"product_tag-metocin","8":"product_tag-metocin-kopen","9":"product_tag-nl","11":"first","12":"instock","13":"taxable","14":"shipping-taxable","15":"purchasable","16":"product-type-variable"},"_links":{"self":[{"href":"https:\/\/researchchemicalhub.com\/tr\/wp-json\/wp\/v2\/product\/24119","targetHints":{"allow":["GET"]}}],"collection":[{"href":"https:\/\/researchchemicalhub.com\/tr\/wp-json\/wp\/v2\/product"}],"about":[{"href":"https:\/\/researchchemicalhub.com\/tr\/wp-json\/wp\/v2\/types\/product"}],"replies":[{"embeddable":true,"href":"https:\/\/researchchemicalhub.com\/tr\/wp-json\/wp\/v2\/comments?post=24119"}],"version-history":[{"count":5,"href":"https:\/\/researchchemicalhub.com\/tr\/wp-json\/wp\/v2\/product\/24119\/revisions"}],"predecessor-version":[{"id":26511,"href":"https:\/\/researchchemicalhub.com\/tr\/wp-json\/wp\/v2\/product\/24119\/revisions\/26511"}],"wp:featuredmedia":[{"embeddable":true,"href":"https:\/\/researchchemicalhub.com\/tr\/wp-json\/wp\/v2\/media\/21164"}],"wp:attachment":[{"href":"https:\/\/researchchemicalhub.com\/tr\/wp-json\/wp\/v2\/media?parent=24119"}],"wp:term":[{"taxonomy":"product_brand","embeddable":true,"href":"https:\/\/researchchemicalhub.com\/tr\/wp-json\/wp\/v2\/product_brand?post=24119"},{"taxonomy":"product_cat","embeddable":true,"href":"https:\/\/researchchemicalhub.com\/tr\/wp-json\/wp\/v2\/product_cat?post=24119"},{"taxonomy":"product_tag","embeddable":true,"href":"https:\/\/researchchemicalhub.com\/tr\/wp-json\/wp\/v2\/product_tag?post=24119"}],"curies":[{"name":"wp","href":"https:\/\/api.w.org\/{rel}","templated":true}]}}