{"id":24107,"date":"2025-04-13T17:41:04","date_gmt":"2025-04-13T17:41:04","guid":{"rendered":"https:\/\/researchchemicalhub.com\/?post_type=product&#038;p=24107"},"modified":"2025-10-14T07:55:35","modified_gmt":"2025-10-14T07:55:35","slug":"rc-maxtc-blister","status":"publish","type":"product","link":"https:\/\/researchchemicalhub.com\/tr\/magaza\/b2b\/rc-maxtc-blister\/","title":{"rendered":"RC+ MaXTC Blister"},"content":{"rendered":"<h3 data-start=\"5023\" data-end=\"5044\"><strong data-start=\"5027\" data-end=\"5042\">girii\u015f<\/strong><\/h3>\n<p data-start=\"5045\" data-end=\"5340\">The <strong data-start=\"5048\" data-end=\"5069\">RC+ MaXTC Blister<\/strong> bir <strong data-start=\"5077\" data-end=\"5115\">y\u00fcksek kaliteli ara\u015ft\u0131rma form\u00fclasyonu<\/strong> \u0130leri analitik ve bilimsel uygulamalar i\u00e7in geli\u015ftirilmi\u015ftir. Her blister, ayr\u0131 ayr\u0131 kapat\u0131lm\u0131\u015f peletler i\u00e7erir ve a\u015fa\u011f\u0131daki ama\u00e7lar i\u00e7in tasarlanm\u0131\u015ft\u0131r: <strong data-start=\"5258\" data-end=\"5337\">hassas dozajlama, geli\u015ftirilmi\u015f stabilite ve kontaminasyonsuz kullan\u0131m<\/strong>.<\/p>\n<p data-start=\"5342\" data-end=\"5536\">Kombinasyonu <strong data-start=\"5360\" data-end=\"5391\">5-MAPB, 4-FMA ve 5-MeO-MiPT<\/strong> bu \u00fcr\u00fcn\u00fc \u00f6zellikle ara\u015ft\u0131rma i\u00e7in uygun hale getirir <strong data-start=\"5449\" data-end=\"5533\">farmakolojik etkile\u015fimler, resept\u00f6r ba\u011flanmas\u0131 ve molek\u00fcler kar\u015f\u0131la\u015ft\u0131rma \u00e7al\u0131\u015fmalar\u0131<\/strong>.<\/p>\n<p data-start=\"5538\" data-end=\"5653\">Blister ambalaj, profesyonel laboratuvarlarda kullan\u0131mda g\u00fcvenilirlik, izlenebilirlik ve kolayl\u0131k sa\u011flar.<\/p>\n<p data-start=\"5655\" data-end=\"5766\"><em data-start=\"5655\" data-end=\"5766\">(Bu \u00fcr\u00fcn yaln\u0131zca ara\u015ft\u0131rma ama\u00e7l\u0131d\u0131r. \u0130nsan veya hayvan t\u00fcketimi i\u00e7in uygun de\u011fildir.)<\/em><\/p>\n<hr data-start=\"5768\" data-end=\"5771\" \/>\n<h3 data-start=\"5773\" data-end=\"5806\"><strong data-start=\"5777\" data-end=\"5804\">Temel \u00d6zellikler<\/strong><\/h3>\n<ul data-start=\"5807\" data-end=\"6395\">\n<li data-start=\"5807\" data-end=\"5928\">\n<p data-start=\"5809\" data-end=\"5928\"><strong data-start=\"5809\" data-end=\"5832\">\u00c7ok Bile\u015fikli Kar\u0131\u015f\u0131m:<\/strong> Her pelet, 5-MAPB, 4-FMA ve 5-MeO-MiPT&#039;nin hassas dengelenmi\u015f bir kombinasyonunu i\u00e7erir.<\/p>\n<\/li>\n<li data-start=\"5929\" data-end=\"6034\">\n<p data-start=\"5931\" data-end=\"6034\"><strong data-start=\"5931\" data-end=\"5955\">Hassas form\u00fclasyon:<\/strong> Tutarl\u0131 bile\u015fimlere sahip kontroll\u00fc deneyler i\u00e7in geli\u015ftirilmi\u015ftir.<\/p>\n<\/li>\n<li data-start=\"6035\" data-end=\"6137\">\n<p data-start=\"6037\" data-end=\"6137\"><strong data-start=\"6037\" data-end=\"6059\">Blister ambalaj:<\/strong> Her pelet optimum stabilite ve g\u00fcvenlik i\u00e7in ayr\u0131 ayr\u0131 kapat\u0131lm\u0131\u015ft\u0131r.<\/p>\n<\/li>\n<li data-start=\"6138\" data-end=\"6236\">\n<p data-start=\"6140\" data-end=\"6236\"><strong data-start=\"6140\" data-end=\"6158\">Kullan\u0131m kolayl\u0131\u011f\u0131:<\/strong> Hassas dozajlama ve numune haz\u0131rlama i\u00e7in kolayca \u00e7\u0131kar\u0131labilir.<\/p>\n<\/li>\n<li data-start=\"6237\" data-end=\"6334\">\n<p data-start=\"6239\" data-end=\"6334\"><strong data-start=\"6239\" data-end=\"6258\">Parti numaraland\u0131rmas\u0131:<\/strong> Kalite g\u00fcvencesi ve izlenebilirlik i\u00e7in benzersiz parti koduyla sa\u011flan\u0131r.<\/p>\n<\/li>\n<li data-start=\"6335\" data-end=\"6395\">\n<p data-start=\"6337\" data-end=\"6395\"><strong data-start=\"6337\" data-end=\"6348\">\u0130\u00e7indekiler:<\/strong> Her blister \u015funlar\u0131 i\u00e7erir: <strong data-start=\"6368\" data-end=\"6392\">10 ara\u015ft\u0131rma pelet<\/strong>.<\/p>\n<\/li>\n<\/ul>\n<hr data-start=\"6397\" data-end=\"6400\" \/>\n<h3 data-start=\"6402\" data-end=\"6421\"><strong data-start=\"6406\" data-end=\"6419\">Avantajlar\u0131<\/strong><\/h3>\n<p data-start=\"6422\" data-end=\"6518\">\u2705 <strong data-start=\"6424\" data-end=\"6450\">Tutarl\u0131 Sonu\u00e7lar<\/strong> \u2013 Her pelet g\u00fcvenilir, tekrarlanabilir ara\u015ft\u0131rma verileri sa\u011flar.<\/p>\n<p data-start=\"6520\" data-end=\"6618\">\u2705 <strong data-start=\"6522\" data-end=\"6544\">Daha \u0130yi Kararl\u0131l\u0131k<\/strong> \u2013 Hava ve nemden uzak ambalajlama, bile\u015fi\u011fin bozulmas\u0131n\u0131 \u00f6nler.<\/p>\n<p data-start=\"6620\" data-end=\"6702\">\u2705 <strong data-start=\"6622\" data-end=\"6644\">Daha H\u0131zl\u0131 \u00c7al\u0131\u015fma S\u00fcreci<\/strong> \u2013 \u00d6nceden \u00f6l\u00e7\u00fclm\u00fc\u015f pelletler haz\u0131rlama s\u00fcresinden tasarruf sa\u011flar.<\/p>\n<p data-start=\"6704\" data-end=\"6780\">\u2705 <strong data-start=\"6706\" data-end=\"6729\">Kullan\u0131m\u0131 Daha G\u00fcvenli<\/strong> \u2013 Bireysel bo\u015fluklar kontaminasyon riskini s\u0131n\u0131rlar.<\/p>\n<p data-start=\"6782\" data-end=\"6896\">\u2705 <strong data-start=\"6784\" data-end=\"6823\">Kar\u015f\u0131la\u015ft\u0131rmal\u0131 Ara\u015ft\u0131rmalar \u0130\u00e7in M\u00fckemmel<\/strong> \u2013 Bile\u015fikler aras\u0131 sinerji veya etkile\u015fim \u00fczerine yap\u0131lan \u00e7al\u0131\u015fmalar\u0131 destekler.<\/p>\n<hr data-start=\"6898\" data-end=\"6901\" \/>\n<h3 data-start=\"6903\" data-end=\"6966\"><strong data-start=\"6907\" data-end=\"6964\">Kullan\u0131m Talimatlar\u0131 (Sadece Ara\u015ft\u0131rma Ama\u00e7l\u0131d\u0131r)<\/strong><\/h3>\n<blockquote data-start=\"6967\" data-end=\"7143\">\n<p data-start=\"6969\" data-end=\"7143\">\u26a0\ufe0f <strong data-start=\"6972\" data-end=\"6987\">\u00d6nemli:<\/strong> RC+ MaXTC Blister insan veya hayvan kullan\u0131m\u0131 i\u00e7in tasarlanmam\u0131\u015ft\u0131r. Daima eldiven ve ki\u015fisel koruyucu ekipman kullan\u0131n ve laboratuvar g\u00fcvenlik y\u00f6nergelerine uygun \u015fekilde \u00e7al\u0131\u015f\u0131n.<\/p>\n<\/blockquote>\n<ol data-start=\"7145\" data-end=\"8004\">\n<li data-start=\"7145\" data-end=\"7268\">\n<p data-start=\"7148\" data-end=\"7163\"><strong data-start=\"7148\" data-end=\"7161\">Denetleme<\/strong><\/p>\n<ul data-start=\"7167\" data-end=\"7268\">\n<li data-start=\"7167\" data-end=\"7212\">\n<p data-start=\"7169\" data-end=\"7212\">Blister ve parti numaras\u0131n\u0131 kontrol edin.<\/p>\n<\/li>\n<li data-start=\"7216\" data-end=\"7268\">\n<p data-start=\"7218\" data-end=\"7268\">Pelletlerin sa\u011flam ve hasars\u0131z oldu\u011fundan emin olun.<\/p>\n<\/li>\n<\/ul>\n<\/li>\n<li data-start=\"7270\" data-end=\"7408\">\n<p data-start=\"7273\" data-end=\"7297\"><strong data-start=\"7273\" data-end=\"7295\">Pelet \u00c7\u0131kar\u0131m\u0131<\/strong><\/p>\n<ul data-start=\"7301\" data-end=\"7408\">\n<li data-start=\"7301\" data-end=\"7373\">\n<p data-start=\"7303\" data-end=\"7373\">Steril aletler kullanarak bir peleti yava\u015f\u00e7a folyodan ge\u00e7irin.<\/p>\n<\/li>\n<li data-start=\"7377\" data-end=\"7408\">\n<p data-start=\"7379\" data-end=\"7408\">Do\u011frudan cilt temas\u0131ndan ka\u00e7\u0131n\u0131n\u0131z.<\/p>\n<\/li>\n<\/ul>\n<\/li>\n<li data-start=\"7410\" data-end=\"7600\">\n<p data-start=\"7413\" data-end=\"7439\"><strong data-start=\"7413\" data-end=\"7437\">\u00d6rnek haz\u0131rlama<\/strong><\/p>\n<ul data-start=\"7443\" data-end=\"7600\">\n<li data-start=\"7443\" data-end=\"7548\">\n<p data-start=\"7445\" data-end=\"7548\">Peleti uygun bir \u00e7\u00f6z\u00fcc\u00fcde (\u00f6rne\u011fin etanol, dam\u0131t\u0131lm\u0131\u015f su veya tampon \u00e7\u00f6zelti) \u00e7\u00f6z\u00fcn.<\/p>\n<\/li>\n<li data-start=\"7552\" data-end=\"7600\">\n<p data-start=\"7554\" data-end=\"7600\">Homojen bir kar\u0131\u015f\u0131m elde edilinceye kadar yava\u015f\u00e7a kar\u0131\u015ft\u0131r\u0131n.<\/p>\n<\/li>\n<\/ul>\n<\/li>\n<li data-start=\"7602\" data-end=\"7787\">\n<p data-start=\"7605\" data-end=\"7633\"><strong data-start=\"7605\" data-end=\"7631\">Deneyler Yapmak<\/strong><\/p>\n<ul data-start=\"7637\" data-end=\"7787\">\n<li data-start=\"7637\" data-end=\"7723\">\n<p data-start=\"7639\" data-end=\"7723\">Resept\u00f6r ba\u011flanma deneylerinde, in vitro deneylerde veya di\u011fer onayl\u0131 testlerde kullan\u0131l\u0131r.<\/p>\n<\/li>\n<li data-start=\"7727\" data-end=\"7787\">\n<p data-start=\"7729\" data-end=\"7787\">\u00c7\u00f6z\u00fcc\u00fcleri, konsantrasyonlar\u0131 ve zaman aral\u0131klar\u0131n\u0131 kaydedin.<\/p>\n<\/li>\n<\/ul>\n<\/li>\n<li data-start=\"7789\" data-end=\"8004\">\n<p data-start=\"7792\" data-end=\"7822\"><strong data-start=\"7792\" data-end=\"7820\">Depolama ve At\u0131k \u0130\u015fleme<\/strong><\/p>\n<ul data-start=\"7826\" data-end=\"8004\">\n<li data-start=\"7826\" data-end=\"7923\">\n<p data-start=\"7828\" data-end=\"7923\">Kullan\u0131lmayan peletleri blisterde, dik ve <strong data-start=\"7888\" data-end=\"7920\">serin, karanl\u0131k, kuru yer<\/strong>.<\/p>\n<\/li>\n<li data-start=\"7927\" data-end=\"8004\">\n<p data-start=\"7929\" data-end=\"8004\">Kal\u0131nt\u0131lar\u0131 laboratuvar\u0131n\u0131z\u0131n kimyasal at\u0131k politikas\u0131na uygun olarak bertaraf edin.<\/p>\n<\/li>\n<\/ul>\n<\/li>\n<\/ol>\n<hr data-start=\"8006\" data-end=\"8009\" \/>\n<h3 data-start=\"8011\" data-end=\"8046\"><strong data-start=\"8015\" data-end=\"8044\">S\u0131k\u00e7a Sorulan Sorular (SSS)<\/strong><\/h3>\n<p data-start=\"8048\" data-end=\"8225\"><strong data-start=\"8048\" data-end=\"8098\">1. RC+ MaXTC Blister hangi bile\u015fikleri i\u00e7erir?<\/strong><br data-start=\"8098\" data-end=\"8101\" \/>Her pelet bir kombinasyon i\u00e7erir <strong data-start=\"8138\" data-end=\"8148\">5-MAPB<\/strong>, <strong data-start=\"8150\" data-end=\"8159\">4-FMA<\/strong> Ve <strong data-start=\"8163\" data-end=\"8177\">5-MeO-MiPT<\/strong> \u2013 yaln\u0131zca ara\u015ft\u0131rma ama\u00e7l\u0131d\u0131r.<\/p>\n<p data-start=\"8227\" data-end=\"8393\"><strong data-start=\"8227\" data-end=\"8285\">2. Bir blister ambalajda ka\u00e7 tane pelet var?<\/strong><br data-start=\"8285\" data-end=\"8288\" \/>Her blister \u015funlar\u0131 i\u00e7erir: <strong data-start=\"8307\" data-end=\"8345\">10 adet ayr\u0131 ayr\u0131 kapat\u0131lm\u0131\u015f pelet<\/strong> Kontroll\u00fc ve tekrarlanabilir testler i\u00e7in.<\/p>\n<p data-start=\"8395\" data-end=\"8583\"><strong data-start=\"8395\" data-end=\"8455\">3. RC+ MaXTC Blister insan kullan\u0131m\u0131 i\u00e7in uygun mudur?<\/strong><br data-start=\"8455\" data-end=\"8458\" \/>Hay\u0131r \u2013 bu \u00fcr\u00fcn <strong data-start=\"8479\" data-end=\"8520\">yaln\u0131zca ara\u015ft\u0131rma ama\u00e7l\u0131<\/strong> Ve <strong data-start=\"8524\" data-end=\"8580\">insan veya hayvan t\u00fcketimi i\u00e7in tasarlanmam\u0131\u015ft\u0131r<\/strong>.<\/p>\n<p><a href=\"https:\/\/researchchemicalhub.com\/tr\/magaza\/lizergamidler\/1cp-lsd-150-mcg\/\"><span dir=\"auto\" style=\"vertical-align: inherit;\"><span dir=\"auto\" style=\"vertical-align: inherit;\">1cP-LSD 150 MCG Sanat Emicileri <\/span><\/span><\/a><a href=\"https:\/\/researchchemicalhub.com\/tr\/magaza\/pellets\/o-dsmt-50-mg-peletler\/\"><span dir=\"auto\" style=\"vertical-align: inherit;\"><span dir=\"auto\" style=\"vertical-align: inherit;\">O-DSMT 50 mg Peletleri <\/span><\/span><\/a><a href=\"https:\/\/researchchemicalhub.com\/tr\/magaza\/lizergamidler\/1v-lsd-150-mcg-blotters\/\"><span dir=\"auto\" style=\"vertical-align: inherit;\"><span dir=\"auto\" style=\"vertical-align: inherit;\">1V-LSD 150 MCG Blotterlar <\/span><\/span><\/a><a href=\"https:\/\/researchchemicalhub.com\/tr\/magaza\/neredeyse-yasaklandi\/6-cl-adba\/\"><span dir=\"auto\" style=\"vertical-align: inherit;\"><span dir=\"auto\" style=\"vertical-align: inherit;\">6-CL-ADBA <\/span><\/span><\/a><a href=\"https:\/\/researchchemicalhub.com\/tr\/magaza\/katinonlar\/2-cmc-satin-al\/\"><span dir=\"auto\" style=\"vertical-align: inherit;\"><span dir=\"auto\" style=\"vertical-align: inherit;\">2-CMC 250 mg peletler<\/span><\/span><\/a><\/p>","protected":false},"excerpt":{"rendered":"<p>Introductie De RC+ MaXTC Blister is een hoogwaardige onderzoeksformulering ontwikkeld voor geavanceerde analytische en wetenschappelijke toepassingen. Elke blister bevat individueel<\/p>","protected":false},"featured_media":21157,"comment_status":"closed","ping_status":"closed","template":"","meta":[],"product_brand":[],"product_cat":[555],"product_tag":[629,644,664,326],"class_list":{"0":"post-24107","1":"product","2":"type-product","3":"status-publish","4":"has-post-thumbnail","6":"product_cat-b2b","7":"product_tag-4-fma-kopen","8":"product_tag-4-fma","9":"product_tag-maxtc","10":"product_tag-nl","12":"first","13":"instock","14":"taxable","15":"shipping-taxable","16":"purchasable","17":"product-type-variable"},"_links":{"self":[{"href":"https:\/\/researchchemicalhub.com\/tr\/wp-json\/wp\/v2\/product\/24107","targetHints":{"allow":["GET"]}}],"collection":[{"href":"https:\/\/researchchemicalhub.com\/tr\/wp-json\/wp\/v2\/product"}],"about":[{"href":"https:\/\/researchchemicalhub.com\/tr\/wp-json\/wp\/v2\/types\/product"}],"replies":[{"embeddable":true,"href":"https:\/\/researchchemicalhub.com\/tr\/wp-json\/wp\/v2\/comments?post=24107"}],"version-history":[{"count":4,"href":"https:\/\/researchchemicalhub.com\/tr\/wp-json\/wp\/v2\/product\/24107\/revisions"}],"predecessor-version":[{"id":27874,"href":"https:\/\/researchchemicalhub.com\/tr\/wp-json\/wp\/v2\/product\/24107\/revisions\/27874"}],"wp:featuredmedia":[{"embeddable":true,"href":"https:\/\/researchchemicalhub.com\/tr\/wp-json\/wp\/v2\/media\/21157"}],"wp:attachment":[{"href":"https:\/\/researchchemicalhub.com\/tr\/wp-json\/wp\/v2\/media?parent=24107"}],"wp:term":[{"taxonomy":"product_brand","embeddable":true,"href":"https:\/\/researchchemicalhub.com\/tr\/wp-json\/wp\/v2\/product_brand?post=24107"},{"taxonomy":"product_cat","embeddable":true,"href":"https:\/\/researchchemicalhub.com\/tr\/wp-json\/wp\/v2\/product_cat?post=24107"},{"taxonomy":"product_tag","embeddable":true,"href":"https:\/\/researchchemicalhub.com\/tr\/wp-json\/wp\/v2\/product_tag?post=24107"}],"curies":[{"name":"wp","href":"https:\/\/api.w.org\/{rel}","templated":true}]}}