{"id":23992,"date":"2025-04-13T17:40:51","date_gmt":"2025-04-13T17:40:51","guid":{"rendered":"https:\/\/researchchemicalhub.com\/?post_type=product&#038;p=23992"},"modified":"2025-10-30T07:42:11","modified_gmt":"2025-10-30T07:42:11","slug":"6-apb-kopen-130mg-pellets","status":"publish","type":"product","link":"https:\/\/researchchemicalhub.com\/tr\/shop\/6-apb\/6-apb-kopen-130mg-pellets\/","title":{"rendered":"6-APB 130 mg Peletler"},"content":{"rendered":"<h3 data-start=\"6022\" data-end=\"6041\"><strong data-start=\"6026\" data-end=\"6041\">girii\u015f<\/strong><\/h3>\n<p data-start=\"6043\" data-end=\"6339\"><strong data-start=\"6043\" data-end=\"6066\">6-APB 130 mg Peletler<\/strong> vard\u0131r <strong data-start=\"6072\" data-end=\"6119\">laboratuvar s\u0131n\u0131f\u0131 ara\u015ft\u0131rma maddeleri<\/strong>i\u00e7in geli\u015ftirildi <strong data-start=\"6137\" data-end=\"6181\">bilimsel ve analitik ara\u015ft\u0131rma<\/strong>.<br data-start=\"6182\" data-end=\"6185\" \/>Her pelet \u015funlar\u0131 i\u00e7erir: <strong data-start=\"6203\" data-end=\"6261\">130 miligram (mg) 6-(2-Aminopropil)benzofuran (6-APB)<\/strong> - Bir <strong data-start=\"6268\" data-end=\"6293\">benzofuran bile\u015fi\u011fi<\/strong> hangisine ait <strong data-start=\"6313\" data-end=\"6336\">fenetilamin s\u0131n\u0131f\u0131<\/strong>. 6 apb sat\u0131n al<\/p>\n<p data-start=\"6341\" data-end=\"6575\">g\u00f6re \u00fcretilmi\u015ftir <strong data-start=\"6362\" data-end=\"6403\">GLP standartlar\u0131 (\u0130yi Laboratuvar Uygulamalar\u0131)<\/strong>, bu peletler sunar <strong data-start=\"6425\" data-end=\"6444\">\u226599% safl\u0131k<\/strong>, <strong data-start=\"6446\" data-end=\"6471\">kimyasal kararl\u0131l\u0131k<\/strong>, Ve <strong data-start=\"6476\" data-end=\"6504\">g\u00fcvenilir tutarl\u0131l\u0131k<\/strong>, i\u00e7in idealdir <strong data-start=\"6518\" data-end=\"6572\">adli, farmakolojik ve analitik ara\u015ft\u0131rmalar<\/strong>.<\/p>\n<blockquote data-start=\"6577\" data-end=\"6721\">\n<p data-start=\"6579\" data-end=\"6721\">\u26a0\ufe0f <strong data-start=\"6582\" data-end=\"6593\">Not:<\/strong> Bu \u00fcr\u00fcn <strong data-start=\"6609\" data-end=\"6659\">yaln\u0131zca laboratuvar ara\u015ft\u0131rmalar\u0131 i\u00e7in tasarlanm\u0131\u015ft\u0131r<\/strong> Ve <strong data-start=\"6663\" data-end=\"6720\">insan veya hayvan t\u00fcketimine uygun de\u011fildir<\/strong>.<\/p>\n<\/blockquote>\n<hr data-start=\"6723\" data-end=\"6726\" \/>\n<h3 data-start=\"6728\" data-end=\"6759\"><strong data-start=\"6732\" data-end=\"6759\">Temel \u00d6zellikler<\/strong><\/h3>\n<ul data-start=\"6761\" data-end=\"7230\">\n<li data-start=\"6761\" data-end=\"6857\">\n<p data-start=\"6763\" data-end=\"6857\"><strong data-start=\"6763\" data-end=\"6783\">Y\u00fcksek safl\u0131k:<\/strong> \u226599% analitik s\u0131n\u0131f, kromatografi ve spektrometri ile test edilmi\u015ftir.<\/p>\n<\/li>\n<li data-start=\"6858\" data-end=\"6913\">\n<p data-start=\"6860\" data-end=\"6913\"><strong data-start=\"6860\" data-end=\"6880\">Tam dozaj:<\/strong> Her pellet 130 mg 6-APB i\u00e7erir.<\/p>\n<\/li>\n<li data-start=\"6914\" data-end=\"6980\">\n<p data-start=\"6916\" data-end=\"6980\"><strong data-start=\"6916\" data-end=\"6937\">Kimyasal olarak kararl\u0131:<\/strong> Uygun \u015fekilde sakland\u0131\u011f\u0131nda bozulmaya kar\u015f\u0131 diren\u00e7lidir.<\/p>\n<\/li>\n<li data-start=\"6981\" data-end=\"7058\">\n<p data-start=\"6983\" data-end=\"7058\"><strong data-start=\"6983\" data-end=\"7000\">Parti test edildi:<\/strong> Her partinin safl\u0131\u011f\u0131 ve tutarl\u0131l\u0131\u011f\u0131 kontrol edildi.<\/p>\n<\/li>\n<li data-start=\"7059\" data-end=\"7137\">\n<p data-start=\"7061\" data-end=\"7137\"><strong data-start=\"7061\" data-end=\"7079\">GLP \u00fcretimi:<\/strong> Uluslararas\u0131 laboratuvar standartlar\u0131na uygun olarak \u00fcretilmi\u015ftir.<\/p>\n<\/li>\n<li data-start=\"7138\" data-end=\"7230\">\n<p data-start=\"7140\" data-end=\"7230\"><strong data-start=\"7140\" data-end=\"7163\">G\u00fcvenli paketleme:<\/strong> Maksimum raf \u00f6mr\u00fc i\u00e7in hava ve nem ge\u00e7irmez \u015fekilde paketlenmi\u015ftir.<\/p>\n<\/li>\n<\/ul>\n<hr data-start=\"7232\" data-end=\"7235\" \/>\n<h3 data-start=\"7237\" data-end=\"7254\"><strong data-start=\"7241\" data-end=\"7254\">Avantajlar\u0131<\/strong><\/h3>\n<ol data-start=\"7256\" data-end=\"7666\">\n<li data-start=\"7256\" data-end=\"7345\">\n<p data-start=\"7259\" data-end=\"7345\"><strong data-start=\"7259\" data-end=\"7294\">S\u00fcrekli ara\u015ft\u0131rma sonu\u00e7lar\u0131:<\/strong> Y\u00fcksek safl\u0131k, tekrarlanabilir verilerin elde edilmesini sa\u011flar.<\/p>\n<\/li>\n<li data-start=\"7346\" data-end=\"7432\">\n<p data-start=\"7349\" data-end=\"7432\"><strong data-start=\"7349\" data-end=\"7376\">Uzun vadeli istikrar:<\/strong> Neme, \u0131\u015f\u0131\u011fa ve s\u0131cakl\u0131k de\u011fi\u015fimlerine dayan\u0131kl\u0131d\u0131r.<\/p>\n<\/li>\n<li data-start=\"7433\" data-end=\"7506\">\n<p data-start=\"7436\" data-end=\"7506\"><strong data-start=\"7436\" data-end=\"7458\">G\u00fcvenli kullan\u0131m:<\/strong> Pelet formu kontaminasyon riskini en aza indirir.<\/p>\n<\/li>\n<li data-start=\"7507\" data-end=\"7590\">\n<p data-start=\"7510\" data-end=\"7590\"><strong data-start=\"7510\" data-end=\"7538\">Profesyonel kalite:<\/strong> Analitik ve adli ara\u015ft\u0131rmalar i\u00e7in uygundur. 6 apb sat\u0131n al\u0131n<\/p>\n<\/li>\n<li data-start=\"7591\" data-end=\"7666\">\n<p data-start=\"7594\" data-end=\"7666\"><strong data-start=\"7594\" data-end=\"7612\">Kullan\u0131m kolayl\u0131\u011f\u0131:<\/strong> Do\u011fru \u00f6l\u00e7\u00fcmler i\u00e7in \u00f6nceden \u00f6l\u00e7\u00fclm\u00fc\u015f peletler.<\/p>\n<\/li>\n<\/ol>\n<hr data-start=\"7668\" data-end=\"7671\" \/>\n<h3 data-start=\"7673\" data-end=\"7712\"><strong data-start=\"7677\" data-end=\"7712\">Kullan\u0131m (Sadece Ara\u015ft\u0131rma Ama\u00e7l\u0131)<\/strong><\/h3>\n<ol data-start=\"7714\" data-end=\"8068\">\n<li data-start=\"7714\" data-end=\"7790\">\n<p data-start=\"7717\" data-end=\"7790\"><strong data-start=\"7717\" data-end=\"7747\">Koruyucu giysiler giyin<\/strong> (eldiven, laboratuvar \u00f6nl\u00fc\u011f\u00fc, g\u00fcvenlik g\u00f6zl\u00fc\u011f\u00fc).<\/p>\n<\/li>\n<li data-start=\"7791\" data-end=\"7861\">\n<p data-start=\"7794\" data-end=\"7861\"><strong data-start=\"7794\" data-end=\"7832\">Kalibre edilmi\u015f cihazlar kullan\u0131n<\/strong> hassas \u00f6l\u00e7\u00fcmler i\u00e7in.<\/p>\n<\/li>\n<li data-start=\"7862\" data-end=\"7927\">\n<p data-start=\"7865\" data-end=\"7927\"><strong data-start=\"7865\" data-end=\"7903\">Parti ve numune bilgilerini kaydedin<\/strong> izlenebilirlik i\u00e7in.<\/p>\n<\/li>\n<li data-start=\"7928\" data-end=\"7992\">\n<p data-start=\"7931\" data-end=\"7992\"><strong data-start=\"7931\" data-end=\"7955\">Artan malzemeyi saklay\u0131n<\/strong> \u0130yice kapat\u0131lm\u0131\u015f bir kapta.<\/p>\n<\/li>\n<li data-start=\"7993\" data-end=\"8068\">\n<p data-start=\"7996\" data-end=\"8068\"><strong data-start=\"7996\" data-end=\"8022\">At\u0131klar\u0131 \u00e7\u0131kar\u0131n<\/strong> Uygulanabilir g\u00fcvenlik y\u00f6nergelerine uygun olarak.<\/p>\n<\/li>\n<\/ol>\n<blockquote data-start=\"8070\" data-end=\"8147\">\n<p data-start=\"8072\" data-end=\"8147\">\u2697\ufe0f <strong data-start=\"8075\" data-end=\"8147\">Sadece laboratuvar testleri i\u00e7indir; insan t\u00fcketimi i\u00e7in de\u011fildir.<\/strong><\/p>\n<\/blockquote>\n<hr data-start=\"8149\" data-end=\"8152\" \/>\n<h3 data-start=\"8154\" data-end=\"8179\"><strong data-start=\"8158\" data-end=\"8179\">Depolama talimatlar\u0131<\/strong><\/h3>\n<ul data-start=\"8181\" data-end=\"8356\">\n<li data-start=\"8181\" data-end=\"8223\">\n<p data-start=\"8183\" data-end=\"8223\">Kaydet <strong data-start=\"8194\" data-end=\"8203\">2\u20138\u00b0C<\/strong>, kuru ve koyu.<\/p>\n<\/li>\n<li data-start=\"8224\" data-end=\"8267\">\n<p data-start=\"8226\" data-end=\"8267\">Ambalaj\u0131 saklay\u0131n <strong data-start=\"8245\" data-end=\"8264\">iyi kapal\u0131<\/strong>.<\/p>\n<\/li>\n<li data-start=\"8268\" data-end=\"8313\">\n<p data-start=\"8270\" data-end=\"8313\">Kar\u015f\u0131 korumak <strong data-start=\"8285\" data-end=\"8310\">\u0131\u015f\u0131k, nem ve \u0131s\u0131<\/strong>.<\/p>\n<\/li>\n<li data-start=\"8314\" data-end=\"8356\">\n<p data-start=\"8316\" data-end=\"8356\">Yetkisiz ki\u015filerin eri\u015femeyece\u011fi yerde saklay\u0131n\u0131z.<\/p>\n<\/li>\n<\/ul>\n<hr data-start=\"8358\" data-end=\"8361\" \/>\n<h3 data-start=\"8363\" data-end=\"8398\"><strong data-start=\"8367\" data-end=\"8398\">S\u0131k\u00e7a Sorulan Sorular (SSS)<\/strong><\/h3>\n<p data-start=\"8400\" data-end=\"8548\"><strong data-start=\"8400\" data-end=\"8443\">1. 6-APB 130 mg ne i\u00e7in kullan\u0131l\u0131r?<\/strong><br data-start=\"8443\" data-end=\"8446\" \/>\u0130\u00e7in <strong data-start=\"8451\" data-end=\"8489\">analitik ve adli ara\u015ft\u0131rma<\/strong> Tats\u0131z <strong data-start=\"8495\" data-end=\"8545\">benzofuran bile\u015fikleri ve resept\u00f6r etkile\u015fimleri<\/strong>.<\/p>\n<p data-start=\"8550\" data-end=\"8735\"><strong data-start=\"8550\" data-end=\"8597\">2. Bu \u00fcr\u00fcn t\u00fcketime uygun mudur?<\/strong><br data-start=\"8597\" data-end=\"8600\" \/>HAYIR. <strong data-start=\"8605\" data-end=\"8628\">6-APB 130 mg Peletler<\/strong> vard\u0131r <strong data-start=\"8634\" data-end=\"8684\">yaln\u0131zca laboratuvar ara\u015ft\u0131rmalar\u0131 i\u00e7in tasarlanm\u0131\u015ft\u0131r<\/strong> Ve <strong data-start=\"8688\" data-end=\"8732\">insan t\u00fcketimine uygun de\u011fildir<\/strong>.<\/p>\n<p data-start=\"8737\" data-end=\"8892\"><strong data-start=\"8737\" data-end=\"8787\">3. 6-APB Peletleri en iyi \u015fekilde nas\u0131l saklan\u0131r?<\/strong><br data-start=\"8787\" data-end=\"8790\" \/>Onlar\u0131 bir yerde tutun <strong data-start=\"8807\" data-end=\"8851\">serin, kuru ve karanl\u0131k ortam (2\u20138\u00b0C)<\/strong> bir <strong data-start=\"8859\" data-end=\"8889\">iyi kapat\u0131lm\u0131\u015f ambalaj<\/strong>.<\/p>\n<hr data-start=\"8894\" data-end=\"8897\" \/>\n<h3 data-start=\"8899\" data-end=\"8916\"><strong data-start=\"8903\" data-end=\"8916\">\u00c7\u00f6z\u00fcm<\/strong><\/h3>\n<p data-start=\"8918\" data-end=\"9204\"><strong data-start=\"8918\" data-end=\"8941\">6-APB 130 mg Peletler<\/strong> teklif <strong data-start=\"8949\" data-end=\"9014\">ola\u011fan\u00fcst\u00fc safl\u0131k, kararl\u0131l\u0131k ve tekrarlanabilirlik<\/strong>, profesyonel analitik ara\u015ft\u0131rmalar i\u00e7in geli\u015ftirilmi\u015ftir.<br data-start=\"9067\" data-end=\"9070\" \/>Laboratuvarlar i\u00e7in g\u00fcvenilir bir se\u00e7im <strong data-start=\"9124\" data-end=\"9201\">benzofuran bile\u015fiklerinin kimyasal analizleri ve yap\u0131sal \u00e7al\u0131\u015fmalar\u0131<\/strong>.<\/p>\n<p><span style=\"vertical-align: inherit;\"><span style=\"vertical-align: inherit;\">\u00a0<\/span><\/span><a href=\"https:\/\/researchchemicalhub.com\/tr\/shop\/lysergamides\/1v-lsd-150-mcg-blotters\/\"><span style=\"vertical-align: inherit;\"><span style=\"vertical-align: inherit;\">1V-LSD 150 MCG Blotterlar<\/span><\/span><\/a><span style=\"vertical-align: inherit;\"><span style=\"vertical-align: inherit;\">\u00a0<\/span><\/span><a href=\"https:\/\/researchchemicalhub.com\/tr\/shop\/cathinonen\/2-cmc-kopen\/\"><span style=\"vertical-align: inherit;\"><span style=\"vertical-align: inherit;\">2-CMC 250 mg peletler<\/span><\/span><\/a><span style=\"vertical-align: inherit;\"><span style=\"vertical-align: inherit;\">\u00a0<\/span><\/span><a href=\"https:\/\/researchchemicalhub.com\/tr\/shop\/bijna-verboden\/pink-star-pellets-5-mapb-70mg-2-fma-20mg-5-meo-mipt-2mg\/\"><span style=\"vertical-align: inherit;\"><span style=\"vertical-align: inherit;\">Pembe Y\u0131ld\u0131z Peletleri 5-MAPB 70 mg \/ 2-FMA 20 mg \/ 5-MeO-MiPT 2 mg <\/span><\/span><\/a><a href=\"https:\/\/researchchemicalhub.com\/tr\/shop\/bijna-verboden\/4f-mph-25-mg-pellets\/\"><span style=\"vertical-align: inherit;\"><span style=\"vertical-align: inherit;\">4F-MPH 25 MG Peletler<\/span><\/span><\/a><span style=\"vertical-align: inherit;\"><span style=\"vertical-align: inherit;\">\u00a0<\/span><\/span><a href=\"https:\/\/researchchemicalhub.com\/tr\/shop\/pellets\/erextc-homosildenafil-100-mg-pellets\/\"><span style=\"vertical-align: inherit;\"><span style=\"vertical-align: inherit;\">EREXTC Homosildenafil 100 MG Peletler<\/span><\/span><\/a><\/p>","protected":false},"excerpt":{"rendered":"<h3><span style=\"vertical-align: inherit;\"><span style=\"vertical-align: inherit;\">6-APB m\u00fclkleri<\/span><\/span><\/h3>\n<p><strong><span style=\"vertical-align: inherit;\"><span style=\"vertical-align: inherit;\">E\u015f anlaml\u0131s\u0131<\/span><\/span><\/strong><span style=\"vertical-align: inherit;\"><span style=\"vertical-align: inherit;\"> : 6-(2-aminopropil)benzofuran <\/span><\/span><br \/>\n<strong><span style=\"vertical-align: inherit;\"><span style=\"vertical-align: inherit;\">CAS Numaras\u0131:<\/span><\/span><\/strong><span style=\"vertical-align: inherit;\"><span style=\"vertical-align: inherit;\"> 286834-85-3 <\/span><\/span><br \/>\n<strong><span style=\"vertical-align: inherit;\"><span style=\"vertical-align: inherit;\">Form\u00fcl<\/span><\/span><\/strong><span style=\"vertical-align: inherit;\"><span style=\"vertical-align: inherit;\"> : <\/span><\/span><span title=\"Karbon\"><span style=\"vertical-align: inherit;\"><span style=\"vertical-align: inherit;\">C <\/span><\/span><\/span><sub><span style=\"vertical-align: inherit;\"><span style=\"vertical-align: inherit;\">11 <\/span><\/span><\/sub><span title=\"Hidrojen\"><span style=\"vertical-align: inherit;\"><span style=\"vertical-align: inherit;\">H <\/span><\/span><\/span><sub><span style=\"vertical-align: inherit;\"><span style=\"vertical-align: inherit;\">13 <\/span><\/span><\/sub><span title=\"Azot\"><span style=\"vertical-align: inherit;\"><span style=\"vertical-align: inherit;\">N <\/span><\/span><\/span><span title=\"Oksijen\"><span style=\"vertical-align: inherit;\"><span style=\"vertical-align: inherit;\">O <\/span><\/span><\/span><br \/>\n<strong><span style=\"vertical-align: inherit;\"><span style=\"vertical-align: inherit;\">Mol k\u00fctlesi<\/span><\/span><\/strong><span style=\"vertical-align: inherit;\"><span style=\"vertical-align: inherit;\"> : <\/span><\/span><span class=\"nowrap\"><span style=\"vertical-align: inherit;\"><span style=\"vertical-align: inherit;\">175.231<\/span><\/span><\/span><span style=\"vertical-align: inherit;\"><span style=\"vertical-align: inherit;\"> \u00a0g\/mol <\/span><\/span><br \/>\n<strong><span style=\"vertical-align: inherit;\"><span style=\"vertical-align: inherit;\">Safl\u0131k<\/span><\/span><\/strong><span style=\"vertical-align: inherit;\"><span style=\"vertical-align: inherit;\"> : &gt;98%<\/span><\/span><\/p>","protected":false},"featured_media":28696,"comment_status":"closed","ping_status":"closed","template":"","meta":[],"product_brand":[82],"product_cat":[340,341,339,322,324],"product_tag":[126,326],"class_list":{"0":"post-23992","1":"product","2":"type-product","3":"status-publish","4":"has-post-thumbnail","6":"product_brand-research-chemical","7":"product_cat-6-apb","8":"product_cat-6-apb-pellets","9":"product_cat-benzofuran","10":"product_cat-bijna-verboden","11":"product_cat-pellets-for-pellet","12":"product_tag-6-apb-kopen","13":"product_tag-nl","15":"first","16":"instock","17":"taxable","18":"shipping-taxable","19":"purchasable","20":"product-type-variable"},"_links":{"self":[{"href":"https:\/\/researchchemicalhub.com\/tr\/wp-json\/wp\/v2\/product\/23992","targetHints":{"allow":["GET"]}}],"collection":[{"href":"https:\/\/researchchemicalhub.com\/tr\/wp-json\/wp\/v2\/product"}],"about":[{"href":"https:\/\/researchchemicalhub.com\/tr\/wp-json\/wp\/v2\/types\/product"}],"replies":[{"embeddable":true,"href":"https:\/\/researchchemicalhub.com\/tr\/wp-json\/wp\/v2\/comments?post=23992"}],"version-history":[{"count":6,"href":"https:\/\/researchchemicalhub.com\/tr\/wp-json\/wp\/v2\/product\/23992\/revisions"}],"predecessor-version":[{"id":27907,"href":"https:\/\/researchchemicalhub.com\/tr\/wp-json\/wp\/v2\/product\/23992\/revisions\/27907"}],"wp:featuredmedia":[{"embeddable":true,"href":"https:\/\/researchchemicalhub.com\/tr\/wp-json\/wp\/v2\/media\/28696"}],"wp:attachment":[{"href":"https:\/\/researchchemicalhub.com\/tr\/wp-json\/wp\/v2\/media?parent=23992"}],"wp:term":[{"taxonomy":"product_brand","embeddable":true,"href":"https:\/\/researchchemicalhub.com\/tr\/wp-json\/wp\/v2\/product_brand?post=23992"},{"taxonomy":"product_cat","embeddable":true,"href":"https:\/\/researchchemicalhub.com\/tr\/wp-json\/wp\/v2\/product_cat?post=23992"},{"taxonomy":"product_tag","embeddable":true,"href":"https:\/\/researchchemicalhub.com\/tr\/wp-json\/wp\/v2\/product_tag?post=23992"}],"curies":[{"name":"wp","href":"https:\/\/api.w.org\/{rel}","templated":true}]}}