{"id":23933,"date":"2025-04-13T17:40:43","date_gmt":"2025-04-13T17:40:43","guid":{"rendered":"https:\/\/researchchemicalhub.com\/?post_type=product&#038;p=23933"},"modified":"2025-10-30T07:53:12","modified_gmt":"2025-10-30T07:53:12","slug":"norflurazepam-5-mg-peletler","status":"publish","type":"product","link":"https:\/\/researchchemicalhub.com\/tr\/magaza\/benzodiazepinler\/norflurazepam-5-mg-peletler\/","title":{"rendered":"Norflurazepam 5 MG Peletler"},"content":{"rendered":"<div class=\"dad65929\">\n<div class=\"_4f9bf79 d7dc56a8 _43c05b5\">\n<div class=\"ds-markdown ds-markdown--block\">\n<h3 data-start=\"6228\" data-end=\"6247\"><strong data-start=\"6232\" data-end=\"6247\">girii\u015f<\/strong><\/h3>\n<p data-start=\"6249\" data-end=\"6610\"><strong data-start=\"6249\" data-end=\"6278\">Norflurazepam 5 mg Peletleri<\/strong> vard\u0131r <strong data-start=\"6284\" data-end=\"6331\">analitik dereceli ara\u015ft\u0131rma maddeleri<\/strong>, \u00f6zellikle i\u00e7in geli\u015ftirilmi\u015ftir <strong data-start=\"6358\" data-end=\"6412\">bilimsel, adli ve kimyasal ara\u015ft\u0131rmalar<\/strong>. Norflurazepam 5 mg Peletleri<br data-start=\"6413\" data-end=\"6416\" \/>Ayr\u0131ca \u015fu \u015fekilde de bilinir: <strong data-start=\"6431\" data-end=\"6453\">Desalkilflurazepam<\/strong>, bu ba\u011flant\u0131 \u015funa m\u0131 ait? <strong data-start=\"6486\" data-end=\"6510\">benzodiazepin s\u0131n\u0131f\u0131<\/strong> ve bir <strong data-start=\"6521\" data-end=\"6563\">\u00e7e\u015fitli benzodiazepinlerin metaboliti<\/strong>, alt\u0131nda <strong data-start=\"6575\" data-end=\"6589\">Flurazepam<\/strong> Ve <strong data-start=\"6593\" data-end=\"6607\">Diklazepam<\/strong>.<\/p>\n<p data-start=\"6612\" data-end=\"6857\">Alt\u0131nda \u00fcretildi <strong data-start=\"6631\" data-end=\"6672\">GLP standartlar\u0131 (\u0130yi Laboratuvar Uygulamalar\u0131)<\/strong>, bu peletler bir <strong data-start=\"6698\" data-end=\"6721\">\u226599% safl\u0131\u011f\u0131<\/strong>, <strong data-start=\"6723\" data-end=\"6748\">kimyasal kararl\u0131l\u0131k<\/strong> Ve <strong data-start=\"6752\" data-end=\"6775\">tutarl\u0131 kalite<\/strong>.<br data-start=\"6776\" data-end=\"6779\" \/>\u0130\u00e7in idealdir <strong data-start=\"6791\" data-end=\"6854\">kromatografik, spektroskopik ve yap\u0131sal analizler<\/strong>.<\/p>\n<blockquote data-start=\"6859\" data-end=\"7003\">\n<p data-start=\"6861\" data-end=\"7003\">\u26a0\ufe0f <strong data-start=\"6864\" data-end=\"6875\">Not:<\/strong> Bu \u00fcr\u00fcn <strong data-start=\"6891\" data-end=\"6941\">yaln\u0131zca laboratuvar ara\u015ft\u0131rmalar\u0131 i\u00e7in tasarlanm\u0131\u015ft\u0131r<\/strong> Ve <strong data-start=\"6945\" data-end=\"7002\">insan veya hayvan t\u00fcketimine uygun de\u011fildir<\/strong>.<\/p>\n<\/blockquote>\n<hr data-start=\"7005\" data-end=\"7008\" \/>\n<h3 data-start=\"7010\" data-end=\"7041\"><strong data-start=\"7014\" data-end=\"7041\">Temel \u00d6zellikler<\/strong><\/h3>\n<ul data-start=\"7043\" data-end=\"7484\">\n<li data-start=\"7043\" data-end=\"7125\">\n<p data-start=\"7045\" data-end=\"7125\"><strong data-start=\"7045\" data-end=\"7077\">Y\u00fcksek analitik safl\u0131k:<\/strong> \u226599% kromatografik tekniklerle test edildi.<\/p>\n<\/li>\n<li data-start=\"7126\" data-end=\"7191\">\n<p data-start=\"7128\" data-end=\"7191\"><strong data-start=\"7128\" data-end=\"7148\">Tam dozaj:<\/strong> Her pelet \u015funlar\u0131 i\u00e7erir: <strong data-start=\"7167\" data-end=\"7188\">5 mg Norflurazepam<\/strong>.<\/p>\n<\/li>\n<li data-start=\"7192\" data-end=\"7258\">\n<p data-start=\"7194\" data-end=\"7258\"><strong data-start=\"7194\" data-end=\"7215\">Kimyasal olarak kararl\u0131:<\/strong> Uygun \u015fekilde sakland\u0131\u011f\u0131nda bozulmaya kar\u015f\u0131 diren\u00e7lidir.<\/p>\n<\/li>\n<li data-start=\"7259\" data-end=\"7328\">\n<p data-start=\"7261\" data-end=\"7328\"><strong data-start=\"7261\" data-end=\"7279\">GLP \u00fcretimi:<\/strong> S\u0131k\u0131 laboratuvar standartlar\u0131nda \u00fcretilmi\u015ftir.<\/p>\n<\/li>\n<li data-start=\"7329\" data-end=\"7404\">\n<p data-start=\"7331\" data-end=\"7404\"><strong data-start=\"7331\" data-end=\"7348\">Parti test edildi:<\/strong> Her parti kimlik ve safl\u0131k a\u00e7\u0131s\u0131ndan kontrol edilir. Norflurazepam 5 mg Peletler<\/p>\n<\/li>\n<li data-start=\"7405\" data-end=\"7484\">\n<p data-start=\"7407\" data-end=\"7484\"><strong data-start=\"7407\" data-end=\"7430\">G\u00fcvenli paketleme:<\/strong> Optimum raf \u00f6mr\u00fc i\u00e7in hava ge\u00e7irmez ve m\u00fch\u00fcrl\u00fcd\u00fcr.<\/p>\n<\/li>\n<\/ul>\n<hr data-start=\"7486\" data-end=\"7489\" \/>\n<h3 data-start=\"7491\" data-end=\"7508\"><strong data-start=\"7495\" data-end=\"7508\">Avantajlar\u0131<\/strong><\/h3>\n<ol data-start=\"7510\" data-end=\"7970\">\n<li data-start=\"7510\" data-end=\"7601\">\n<p data-start=\"7513\" data-end=\"7601\"><strong data-start=\"7513\" data-end=\"7550\">G\u00fcvenilir ara\u015ft\u0131rma sonu\u00e7lar\u0131:<\/strong> Y\u00fcksek safl\u0131k, tekrarlanabilir verilerin garantisidir.<\/p>\n<\/li>\n<li data-start=\"7602\" data-end=\"7690\">\n<p data-start=\"7605\" data-end=\"7690\"><strong data-start=\"7605\" data-end=\"7632\">Uzun vadeli istikrar:<\/strong> I\u015f\u0131\u011fa, neme ve s\u0131cakl\u0131k de\u011fi\u015fimlerine dayan\u0131kl\u0131d\u0131r.<\/p>\n<\/li>\n<li data-start=\"7691\" data-end=\"7771\">\n<p data-start=\"7694\" data-end=\"7771\"><strong data-start=\"7694\" data-end=\"7722\">Kullan\u0131m\u0131 kolay:<\/strong> Pelet formu hassas dozajlamay\u0131 kolayla\u015ft\u0131r\u0131r.<\/p>\n<\/li>\n<li data-start=\"7772\" data-end=\"7855\">\n<p data-start=\"7775\" data-end=\"7855\"><strong data-start=\"7775\" data-end=\"7803\">Mesleki standart:<\/strong> Adli ve analitik ara\u015ft\u0131rmalara uygundur.<\/p>\n<\/li>\n<li data-start=\"7856\" data-end=\"7970\">\n<p data-start=\"7859\" data-end=\"7970\"><strong data-start=\"7859\" data-end=\"7880\">Yayg\u0131n olarak uygulanabilir:<\/strong> \u0130\u00e7in idealdir <strong data-start=\"7893\" data-end=\"7967\">benzodiazepin analizi, metabolit \u00e7al\u0131\u015fmas\u0131 ve kimyasal tan\u0131mlama<\/strong>.<\/p>\n<\/li>\n<\/ol>\n<hr data-start=\"7972\" data-end=\"7975\" \/>\n<h3 data-start=\"7977\" data-end=\"8016\"><strong data-start=\"7981\" data-end=\"8016\">Kullan\u0131m (Sadece Ara\u015ft\u0131rma Ama\u00e7l\u0131)<\/strong><\/h3>\n<ol data-start=\"8018\" data-end=\"8403\">\n<li data-start=\"8018\" data-end=\"8105\">\n<p data-start=\"8021\" data-end=\"8105\"><strong data-start=\"8021\" data-end=\"8052\">Koruyucu giysiler giyin:<\/strong> Eldiven, g\u00fcvenlik g\u00f6zl\u00fc\u011f\u00fc ve laboratuvar \u00f6nl\u00fc\u011f\u00fc gereklidir.<\/p>\n<\/li>\n<li data-start=\"8106\" data-end=\"8177\">\n<p data-start=\"8109\" data-end=\"8177\"><strong data-start=\"8109\" data-end=\"8148\">Kontroll\u00fc ortamda kullan\u0131n:<\/strong> Temiz ve do\u011fru \u00e7al\u0131\u015f\u0131n.<\/p>\n<\/li>\n<li data-start=\"8178\" data-end=\"8259\">\n<p data-start=\"8181\" data-end=\"8259\"><strong data-start=\"8181\" data-end=\"8208\">Parti bilgilerini not edin:<\/strong> Safl\u0131\u011f\u0131, miktar\u0131 ve ko\u015fullar\u0131 kaydedin.<\/p>\n<\/li>\n<li data-start=\"8260\" data-end=\"8329\">\n<p data-start=\"8263\" data-end=\"8329\"><strong data-start=\"8263\" data-end=\"8300\">Kalibre edilmi\u015f ekipman kullan\u0131n:<\/strong> G\u00fcvenilir \u00f6l\u00e7\u00fcmler i\u00e7in.<\/p>\n<\/li>\n<li data-start=\"8330\" data-end=\"8403\">\n<p data-start=\"8333\" data-end=\"8403\"><strong data-start=\"8333\" data-end=\"8367\">At\u0131klar\u0131 g\u00fcvenli bir \u015fekilde bertaraf edin:<\/strong> G\u00fcvenlik talimatlar\u0131na uyun.<\/p>\n<\/li>\n<\/ol>\n<blockquote data-start=\"8405\" data-end=\"8490\">\n<p data-start=\"8407\" data-end=\"8490\">\u2697\ufe0f <strong data-start=\"8410\" data-end=\"8490\">Sadece laboratuvar testleri i\u00e7indir; insan t\u00fcketimi i\u00e7in de\u011fildir.<\/strong><\/p>\n<\/blockquote>\n<hr data-start=\"8492\" data-end=\"8495\" \/>\n<h3 data-start=\"8497\" data-end=\"8522\"><strong data-start=\"8501\" data-end=\"8522\">Depolama talimatlar\u0131<\/strong><\/h3>\n<ul data-start=\"8524\" data-end=\"8692\">\n<li data-start=\"8524\" data-end=\"8566\">\n<p data-start=\"8526\" data-end=\"8566\">Kaydet <strong data-start=\"8537\" data-end=\"8546\">2\u20138\u00b0C<\/strong>, kuru ve koyu.<\/p>\n<\/li>\n<li data-start=\"8567\" data-end=\"8603\">\n<p data-start=\"8569\" data-end=\"8603\">Kab\u0131 s\u0131k\u0131ca kapal\u0131 tutun.<\/p>\n<\/li>\n<li data-start=\"8604\" data-end=\"8649\">\n<p data-start=\"8606\" data-end=\"8649\">Kar\u015f\u0131 korumak <strong data-start=\"8621\" data-end=\"8646\">\u0131\u015f\u0131k, \u0131s\u0131 ve nem<\/strong>.<\/p>\n<\/li>\n<li data-start=\"8650\" data-end=\"8692\">\n<p data-start=\"8652\" data-end=\"8692\">Yetkisiz ki\u015filerin eri\u015femeyece\u011fi yerde saklay\u0131n\u0131z.<\/p>\n<\/li>\n<\/ul>\n<hr data-start=\"8694\" data-end=\"8697\" \/>\n<h3 data-start=\"8699\" data-end=\"8734\"><strong data-start=\"8703\" data-end=\"8734\">S\u0131k\u00e7a Sorulan Sorular (SSS)<\/strong><\/h3>\n<p data-start=\"8736\" data-end=\"8910\"><strong data-start=\"8736\" data-end=\"8781\">1. Norflurazepam ne i\u00e7in kullan\u0131l\u0131r?<\/strong><br data-start=\"8781\" data-end=\"8784\" \/>\u0130\u00e7in <strong data-start=\"8789\" data-end=\"8827\">analitik ve adli ara\u015ft\u0131rma<\/strong>\u00f6zellikle alan\u0131nda <strong data-start=\"8856\" data-end=\"8907\">benzodiazepin metabolizmas\u0131 ve kimyasal analizi<\/strong>.<\/p>\n<p data-start=\"8912\" data-end=\"9129\"><strong data-start=\"8912\" data-end=\"8972\">2. Norflurazepam insan t\u00fcketimi i\u00e7in uygun mudur?<\/strong><br data-start=\"8972\" data-end=\"8975\" \/>HAYIR. <strong data-start=\"8980\" data-end=\"9009\">Norflurazepam 5 mg Peletleri<\/strong> vard\u0131r <strong data-start=\"9015\" data-end=\"9065\">yaln\u0131zca laboratuvar ara\u015ft\u0131rmalar\u0131 i\u00e7in tasarlanm\u0131\u015ft\u0131r<\/strong> Ve <strong data-start=\"9069\" data-end=\"9126\">insan veya hayvan t\u00fcketimine uygun de\u011fildir<\/strong>.<\/p>\n<p data-start=\"9131\" data-end=\"9277\"><strong data-start=\"9131\" data-end=\"9176\">3. Norflurazepam&#039;\u0131 en iyi \u015fekilde nas\u0131l saklar\u0131m?<\/strong><br data-start=\"9176\" data-end=\"9179\" \/>Birinden tasarruf edin <strong data-start=\"9193\" data-end=\"9235\">serin, kuru ve karanl\u0131k yer (2\u20138\u00b0C)<\/strong>, bir <strong data-start=\"9244\" data-end=\"9274\">iyi kapat\u0131lm\u0131\u015f ambalaj<\/strong>.<\/p>\n<hr data-start=\"9279\" data-end=\"9282\" \/>\n<h3 data-start=\"9284\" data-end=\"9301\"><strong data-start=\"9288\" data-end=\"9301\">\u00c7\u00f6z\u00fcm<\/strong><\/h3>\n<p data-start=\"9303\" data-end=\"9597\"><strong data-start=\"9303\" data-end=\"9332\">Norflurazepam 5 mg Peletleri<\/strong> teklif <strong data-start=\"9340\" data-end=\"9398\">ola\u011fan\u00fcst\u00fc safl\u0131k, istikrar ve tutarl\u0131l\u0131k<\/strong>, i\u00e7in idealdir <strong data-start=\"9412\" data-end=\"9464\">profesyonel analitik ve adli ara\u015ft\u0131rma<\/strong>.<br data-start=\"9465\" data-end=\"9468\" \/>Laboratuvarlar i\u00e7in g\u00fcvenilir bir se\u00e7im <strong data-start=\"9527\" data-end=\"9594\">benzodiazepin analizi, kromatografisi ve yap\u0131sal \u00e7al\u0131\u015fma<\/strong>.<\/p>\n<\/div>\n<\/div>\n<\/div>","protected":false},"excerpt":{"rendered":"<h3><span data-sheets-value=\"{\" data-sheets-userformat=\"{\"><span style=\"vertical-align: inherit;\"><span style=\"vertical-align: inherit;\"><span dir=\"auto\" style=\"vertical-align: inherit;\"><span dir=\"auto\" style=\"vertical-align: inherit;\">Norflurazepam \u00f6zellikleri<\/span><\/span><\/span><\/span><\/span><\/h3>\n<p><strong><span style=\"vertical-align: inherit;\"><span style=\"vertical-align: inherit;\"><span dir=\"auto\" style=\"vertical-align: inherit;\"><span dir=\"auto\" style=\"vertical-align: inherit;\">E\u015f anlaml\u0131s\u0131:<\/span><\/span><\/span><\/span><\/strong><span style=\"vertical-align: inherit;\"><span style=\"vertical-align: inherit;\"><span dir=\"auto\" style=\"vertical-align: inherit;\"><span dir=\"auto\" style=\"vertical-align: inherit;\"> Norflurazepam <\/span><\/span><\/span><\/span><br \/>\n<strong><span style=\"vertical-align: inherit;\"><span style=\"vertical-align: inherit;\"><span dir=\"auto\" style=\"vertical-align: inherit;\"><span dir=\"auto\" style=\"vertical-align: inherit;\">CAS Numaras\u0131:<\/span><\/span><\/span><\/span><\/strong><span style=\"vertical-align: inherit;\"><span style=\"vertical-align: inherit;\"><span dir=\"auto\" style=\"vertical-align: inherit;\"><span dir=\"auto\" style=\"vertical-align: inherit;\"> 2886-65-9 <\/span><\/span><\/span><\/span><br \/>\n<strong><span style=\"vertical-align: inherit;\"><span style=\"vertical-align: inherit;\"><span dir=\"auto\" style=\"vertical-align: inherit;\"><span dir=\"auto\" style=\"vertical-align: inherit;\">Form\u00fcl:<\/span><\/span><\/span><\/span><\/strong><span style=\"vertical-align: inherit;\"><span style=\"vertical-align: inherit;\"><span dir=\"auto\" style=\"vertical-align: inherit;\"><span dir=\"auto\" style=\"vertical-align: inherit;\"> 7-kloro-5-(2-florofenil)-1,3-dihidro-2H-1,4-benzodiazepin-2-on <\/span><\/span><\/span><\/span><br \/>\n<strong><span style=\"vertical-align: inherit;\"><span style=\"vertical-align: inherit;\"><span dir=\"auto\" style=\"vertical-align: inherit;\"><span dir=\"auto\" style=\"vertical-align: inherit;\">Mol K\u00fctlesi:<\/span><\/span><\/span><\/span><\/strong><span style=\"vertical-align: inherit;\"><span style=\"vertical-align: inherit;\"><span dir=\"auto\" style=\"vertical-align: inherit;\"><span dir=\"auto\" style=\"vertical-align: inherit;\"> 299,3 g\/mol <\/span><\/span><\/span><\/span><br \/>\n<strong><span style=\"vertical-align: inherit;\"><span style=\"vertical-align: inherit;\"><span dir=\"auto\" style=\"vertical-align: inherit;\"><span dir=\"auto\" style=\"vertical-align: inherit;\">Safl\u0131k:<\/span><\/span><\/span><\/span><\/strong><span style=\"vertical-align: inherit;\"><span style=\"vertical-align: inherit;\"><span dir=\"auto\" style=\"vertical-align: inherit;\"><span dir=\"auto\" style=\"vertical-align: inherit;\"> &gt;97%<\/span><\/span><\/span><\/span><\/p>","protected":false},"featured_media":28577,"comment_status":"closed","ping_status":"closed","template":"","meta":[],"product_brand":[],"product_cat":[76,388,394,324,398],"product_tag":[326],"class_list":{"0":"post-23933","1":"product","2":"type-product","3":"status-publish","4":"has-post-thumbnail","6":"product_cat-benzodiazepinen","7":"product_cat-norflurazepam","8":"product_cat-norflurazepam-pellets","9":"product_cat-pellets-for-pellet","10":"product_cat-verkoop","11":"product_tag-nl","13":"first","14":"instock","15":"sale","16":"taxable","17":"shipping-taxable","18":"purchasable","19":"product-type-variable"},"_links":{"self":[{"href":"https:\/\/researchchemicalhub.com\/tr\/wp-json\/wp\/v2\/product\/23933","targetHints":{"allow":["GET"]}}],"collection":[{"href":"https:\/\/researchchemicalhub.com\/tr\/wp-json\/wp\/v2\/product"}],"about":[{"href":"https:\/\/researchchemicalhub.com\/tr\/wp-json\/wp\/v2\/types\/product"}],"replies":[{"embeddable":true,"href":"https:\/\/researchchemicalhub.com\/tr\/wp-json\/wp\/v2\/comments?post=23933"}],"version-history":[{"count":5,"href":"https:\/\/researchchemicalhub.com\/tr\/wp-json\/wp\/v2\/product\/23933\/revisions"}],"predecessor-version":[{"id":27920,"href":"https:\/\/researchchemicalhub.com\/tr\/wp-json\/wp\/v2\/product\/23933\/revisions\/27920"}],"wp:featuredmedia":[{"embeddable":true,"href":"https:\/\/researchchemicalhub.com\/tr\/wp-json\/wp\/v2\/media\/28577"}],"wp:attachment":[{"href":"https:\/\/researchchemicalhub.com\/tr\/wp-json\/wp\/v2\/media?parent=23933"}],"wp:term":[{"taxonomy":"product_brand","embeddable":true,"href":"https:\/\/researchchemicalhub.com\/tr\/wp-json\/wp\/v2\/product_brand?post=23933"},{"taxonomy":"product_cat","embeddable":true,"href":"https:\/\/researchchemicalhub.com\/tr\/wp-json\/wp\/v2\/product_cat?post=23933"},{"taxonomy":"product_tag","embeddable":true,"href":"https:\/\/researchchemicalhub.com\/tr\/wp-json\/wp\/v2\/product_tag?post=23933"}],"curies":[{"name":"wp","href":"https:\/\/api.w.org\/{rel}","templated":true}]}}