{"id":23915,"date":"2025-04-13T17:40:40","date_gmt":"2025-04-13T17:40:40","guid":{"rendered":"https:\/\/researchchemicalhub.com\/?post_type=product&#038;p=23915"},"modified":"2025-10-30T07:54:01","modified_gmt":"2025-10-30T07:54:01","slug":"nb-5-meo-dalt-oxalaat","status":"publish","type":"product","link":"https:\/\/researchchemicalhub.com\/tr\/magaza\/nb-5-meo-dalt\/nb-5-meo-dalt-oxalaat\/","title":{"rendered":"NB-5-MeO-DALT Oksalat"},"content":{"rendered":"<h3 data-start=\"6074\" data-end=\"6093\"><strong data-start=\"6078\" data-end=\"6093\">girii\u015f<\/strong><\/h3>\n<p data-start=\"6095\" data-end=\"6425\"><strong data-start=\"6095\" data-end=\"6120\">NB-5-MeO-DALT Oksalat<\/strong> bir <strong data-start=\"6128\" data-end=\"6172\">analitik kalitede ara\u015ft\u0131rma materyali<\/strong>i\u00e7in geli\u015ftirildi <strong data-start=\"6190\" data-end=\"6244\">kimyasal, bilimsel ve adli ara\u015ft\u0131rmalar<\/strong>. NB-5-MeO-DALT Oksalat<br data-start=\"6245\" data-end=\"6248\" \/>Bu odur <strong data-start=\"6259\" data-end=\"6274\">oksalat tuzu<\/strong> ile <strong data-start=\"6279\" data-end=\"6327\">5-MeO-DALT (N,N-dialil-5-metoksitriptamin)<\/strong>, bir ba\u011flant\u0131 <strong data-start=\"6351\" data-end=\"6372\">triptamin ailesi<\/strong>, yap\u0131sal olarak do\u011fal indolaminlerle ili\u015fkilidir.<\/p>\n<p data-start=\"6427\" data-end=\"6678\">Alt\u0131nda \u00fcretildi <strong data-start=\"6446\" data-end=\"6487\">GLP standartlar\u0131 (\u0130yi Laboratuvar Uygulamalar\u0131)<\/strong>Bu kuma\u015f, <strong data-start=\"6509\" data-end=\"6532\">\u226599% safl\u0131\u011f\u0131<\/strong>, <strong data-start=\"6534\" data-end=\"6559\">kimyasal kararl\u0131l\u0131k<\/strong> Ve <strong data-start=\"6563\" data-end=\"6585\">parti tutarl\u0131l\u0131\u011f\u0131<\/strong>Bu da onu ideal hale getirir <strong data-start=\"6613\" data-end=\"6675\">kromatografik, spektroskopik ve yap\u0131sal ara\u015ft\u0131rmalar<\/strong>.<\/p>\n<blockquote data-start=\"6680\" data-end=\"6824\">\n<p data-start=\"6682\" data-end=\"6824\">\u26a0\ufe0f <strong data-start=\"6685\" data-end=\"6696\">Not:<\/strong> Bu \u00fcr\u00fcn <strong data-start=\"6712\" data-end=\"6762\">yaln\u0131zca laboratuvar ara\u015ft\u0131rmalar\u0131 i\u00e7in tasarlanm\u0131\u015ft\u0131r<\/strong> Ve <strong data-start=\"6766\" data-end=\"6823\">insan veya hayvan t\u00fcketimine uygun de\u011fildir<\/strong>.<\/p>\n<\/blockquote>\n<hr data-start=\"6826\" data-end=\"6829\" \/>\n<h3 data-start=\"6831\" data-end=\"6862\"><strong data-start=\"6835\" data-end=\"6862\">Temel \u00d6zellikler<\/strong><\/h3>\n<ul data-start=\"6864\" data-end=\"7356\">\n<li data-start=\"6864\" data-end=\"6931\">\n<p data-start=\"6866\" data-end=\"6931\"><strong data-start=\"6866\" data-end=\"6898\">Y\u00fcksek analitik safl\u0131k:<\/strong> \u226599% HPLC ve GC-MS ile test edildi.<\/p>\n<\/li>\n<li data-start=\"6932\" data-end=\"7025\">\n<p data-start=\"6934\" data-end=\"7025\"><strong data-start=\"6934\" data-end=\"6958\">Kararl\u0131 oksalat tuzu:<\/strong> Serbest baza g\u00f6re daha y\u00fcksek stabilite ve daha uzun raf \u00f6mr\u00fc.<\/p>\n<\/li>\n<li data-start=\"7026\" data-end=\"7095\">\n<p data-start=\"7028\" data-end=\"7095\"><strong data-start=\"7028\" data-end=\"7046\">GLP \u00fcretimi:<\/strong> S\u0131k\u0131 laboratuvar standartlar\u0131nda \u00fcretilmi\u015ftir.<\/p>\n<\/li>\n<li data-start=\"7096\" data-end=\"7183\">\n<p data-start=\"7098\" data-end=\"7183\"><strong data-start=\"7098\" data-end=\"7127\">G\u00fcvenilir tutarl\u0131l\u0131k:<\/strong> Her parti kimlik ve safl\u0131k a\u00e7\u0131s\u0131ndan kontrol edildi. NB-5-MeO-DALT Oksalat<\/p>\n<\/li>\n<li data-start=\"7184\" data-end=\"7276\">\n<p data-start=\"7186\" data-end=\"7276\"><strong data-start=\"7186\" data-end=\"7225\">Adli ara\u015ft\u0131rmalarda uygulanabilir:<\/strong> Uygun olanlar <strong data-start=\"7240\" data-end=\"7273\">triptamin ve indol analizleri<\/strong>.<\/p>\n<\/li>\n<li data-start=\"7277\" data-end=\"7356\">\n<p data-start=\"7279\" data-end=\"7356\"><strong data-start=\"7279\" data-end=\"7302\">G\u00fcvenli paketleme:<\/strong> Optimum raf \u00f6mr\u00fc i\u00e7in hava ge\u00e7irmez ve m\u00fch\u00fcrl\u00fcd\u00fcr.<\/p>\n<\/li>\n<\/ul>\n<hr data-start=\"7358\" data-end=\"7361\" \/>\n<h3 data-start=\"7363\" data-end=\"7380\"><strong data-start=\"7367\" data-end=\"7380\">Avantajlar\u0131<\/strong><\/h3>\n<ol data-start=\"7382\" data-end=\"7834\">\n<li data-start=\"7382\" data-end=\"7464\">\n<p data-start=\"7385\" data-end=\"7464\"><strong data-start=\"7385\" data-end=\"7412\">Kararl\u0131 kompozisyon:<\/strong> Oksalat formu uzun s\u00fcreli stabilite sa\u011flar.<\/p>\n<\/li>\n<li data-start=\"7465\" data-end=\"7556\">\n<p data-start=\"7468\" data-end=\"7556\"><strong data-start=\"7468\" data-end=\"7505\">G\u00fcvenilir ara\u015ft\u0131rma sonu\u00e7lar\u0131:<\/strong> Y\u00fcksek safl\u0131k, tekrarlanabilir verilerin garantisidir.<\/p>\n<\/li>\n<li data-start=\"7557\" data-end=\"7658\">\n<p data-start=\"7560\" data-end=\"7658\"><strong data-start=\"7560\" data-end=\"7588\">Profesyonel kalite:<\/strong> \u0130\u00e7in idealdir <strong data-start=\"7601\" data-end=\"7655\">kromatografik ve spektroskopik uygulamalar<\/strong>.<\/p>\n<\/li>\n<li data-start=\"7659\" data-end=\"7752\">\n<p data-start=\"7662\" data-end=\"7752\"><strong data-start=\"7662\" data-end=\"7692\">Adli kullan\u0131labilirlik:<\/strong> Uygun olanlar <strong data-start=\"7707\" data-end=\"7749\">toksikolojik ve yap\u0131sal ara\u015ft\u0131rma<\/strong>.<\/p>\n<\/li>\n<li data-start=\"7753\" data-end=\"7834\">\n<p data-start=\"7756\" data-end=\"7834\"><strong data-start=\"7756\" data-end=\"7782\">Kullan\u0131m\u0131 kolay:<\/strong> Laboratuvarlarda g\u00fcvenli ve do\u011fru uygulama.<\/p>\n<\/li>\n<\/ol>\n<hr data-start=\"7836\" data-end=\"7839\" \/>\n<h3 data-start=\"7841\" data-end=\"7880\"><strong data-start=\"7845\" data-end=\"7880\">Kullan\u0131m (Sadece Ara\u015ft\u0131rma Ama\u00e7l\u0131)<\/strong><\/h3>\n<ol data-start=\"7882\" data-end=\"8301\">\n<li data-start=\"7882\" data-end=\"7969\">\n<p data-start=\"7885\" data-end=\"7969\"><strong data-start=\"7885\" data-end=\"7916\">Koruyucu giysiler giyin:<\/strong> Eldiven, g\u00fcvenlik g\u00f6zl\u00fc\u011f\u00fc ve laboratuvar \u00f6nl\u00fc\u011f\u00fc gereklidir.<\/p>\n<\/li>\n<li data-start=\"7970\" data-end=\"8056\">\n<p data-start=\"7973\" data-end=\"8056\"><strong data-start=\"7973\" data-end=\"8012\">Kontroll\u00fc ortamda kullan\u0131n:<\/strong> Hava ve neme maruz kalmas\u0131ndan ka\u00e7\u0131n\u0131n\u0131z.<\/p>\n<\/li>\n<li data-start=\"8057\" data-end=\"8138\">\n<p data-start=\"8060\" data-end=\"8138\"><strong data-start=\"8060\" data-end=\"8087\">Parti bilgilerini not edin:<\/strong> Safl\u0131\u011f\u0131, miktar\u0131 ve ko\u015fullar\u0131 kaydedin.<\/p>\n<\/li>\n<li data-start=\"8139\" data-end=\"8208\">\n<p data-start=\"8142\" data-end=\"8208\"><strong data-start=\"8142\" data-end=\"8179\">Kalibre edilmi\u015f ekipman kullan\u0131n:<\/strong> Hassas \u00f6l\u00e7\u00fcmler i\u00e7in.<\/p>\n<\/li>\n<li data-start=\"8209\" data-end=\"8301\">\n<p data-start=\"8212\" data-end=\"8301\"><strong data-start=\"8212\" data-end=\"8246\">At\u0131klar\u0131 g\u00fcvenli bir \u015fekilde bertaraf edin:<\/strong> Laboratuvar g\u00fcvenlik talimatlar\u0131na uyun.<\/p>\n<\/li>\n<\/ol>\n<blockquote data-start=\"8303\" data-end=\"8380\">\n<p data-start=\"8305\" data-end=\"8380\">\u2697\ufe0f <strong data-start=\"8308\" data-end=\"8380\">Sadece laboratuvar testleri i\u00e7indir; insan t\u00fcketimi i\u00e7in de\u011fildir.<\/strong><\/p>\n<\/blockquote>\n<hr data-start=\"8382\" data-end=\"8385\" \/>\n<h3 data-start=\"8387\" data-end=\"8412\"><strong data-start=\"8391\" data-end=\"8412\">Depolama talimatlar\u0131<\/strong><\/h3>\n<ul data-start=\"8414\" data-end=\"8582\">\n<li data-start=\"8414\" data-end=\"8456\">\n<p data-start=\"8416\" data-end=\"8456\">Kaydet <strong data-start=\"8427\" data-end=\"8436\">2\u20138\u00b0C<\/strong>, kuru ve koyu.<\/p>\n<\/li>\n<li data-start=\"8457\" data-end=\"8493\">\n<p data-start=\"8459\" data-end=\"8493\">Kab\u0131 s\u0131k\u0131ca kapal\u0131 tutun.<\/p>\n<\/li>\n<li data-start=\"8494\" data-end=\"8539\">\n<p data-start=\"8496\" data-end=\"8539\">Kar\u015f\u0131 korumak <strong data-start=\"8511\" data-end=\"8536\">\u0131\u015f\u0131k, \u0131s\u0131 ve nem<\/strong>.<\/p>\n<\/li>\n<li data-start=\"8540\" data-end=\"8582\">\n<p data-start=\"8542\" data-end=\"8582\">Yetkisiz ki\u015filerin eri\u015femeyece\u011fi yerde saklay\u0131n\u0131z.<\/p>\n<\/li>\n<\/ul>\n<hr data-start=\"8584\" data-end=\"8587\" \/>\n<h3 data-start=\"8589\" data-end=\"8624\"><strong data-start=\"8593\" data-end=\"8624\">S\u0131k\u00e7a Sorulan Sorular (SSS)<\/strong><\/h3>\n<p data-start=\"8626\" data-end=\"8795\"><strong data-start=\"8626\" data-end=\"8679\">1. NB-5-MeO-DALT Oksalat ne i\u00e7in kullan\u0131l\u0131r?<\/strong><br data-start=\"8679\" data-end=\"8682\" \/>\u0130\u00e7in <strong data-start=\"8687\" data-end=\"8735\">analitik, kimyasal ve adli ara\u015ft\u0131rmalar<\/strong>, esas olarak odaklanm\u0131\u015f <strong data-start=\"8755\" data-end=\"8792\">triptamin ve indol bile\u015fikleri<\/strong>.<\/p>\n<p data-start=\"8797\" data-end=\"9005\"><strong data-start=\"8797\" data-end=\"8854\">2. NB-5-MeO-DALT Oksalat t\u00fcketime uygun mudur?<\/strong><br data-start=\"8854\" data-end=\"8857\" \/>HAYIR. <strong data-start=\"8862\" data-end=\"8887\">NB-5-MeO-DALT Oksalat<\/strong> d\u0131r <strong data-start=\"8891\" data-end=\"8941\">yaln\u0131zca laboratuvar ara\u015ft\u0131rmalar\u0131 i\u00e7in tasarlanm\u0131\u015ft\u0131r<\/strong> Ve <strong data-start=\"8945\" data-end=\"9002\">insan veya hayvan t\u00fcketimine uygun de\u011fildir<\/strong>.<\/p>\n<p data-start=\"9007\" data-end=\"9165\"><strong data-start=\"9007\" data-end=\"9060\">3. NB-5-MeO-DALT Oksalat nas\u0131l saklanmal\u0131d\u0131r?<\/strong><br data-start=\"9060\" data-end=\"9063\" \/>Birinden tasarruf edin <strong data-start=\"9077\" data-end=\"9119\">serin, kuru ve karanl\u0131k yer (2\u20138\u00b0C)<\/strong> i\u00e7inde <strong data-start=\"9126\" data-end=\"9162\">orijinal hava ge\u00e7irmez ambalaj<\/strong>.<\/p>\n<hr data-start=\"9167\" data-end=\"9170\" \/>\n<h3 data-start=\"9172\" data-end=\"9189\"><strong data-start=\"9176\" data-end=\"9189\">\u00c7\u00f6z\u00fcm<\/strong><\/h3>\n<p data-start=\"9191\" data-end=\"9456\"><strong data-start=\"9191\" data-end=\"9216\">NB-5-MeO-DALT Oksalat<\/strong> bir <strong data-start=\"9224\" data-end=\"9255\">y\u00fcksek kaliteli ara\u015ft\u0131rma materyali<\/strong> m\u00fckemmel bir \u015fekilde <strong data-start=\"9272\" data-end=\"9322\">kararl\u0131l\u0131k, safl\u0131k ve tekrarlanabilirlik<\/strong>.<br data-start=\"9323\" data-end=\"9326\" \/>Laboratuvarlar i\u00e7in ideal bir se\u00e7imdir. <strong data-start=\"9386\" data-end=\"9453\">triptamin analizi, indol ara\u015ft\u0131rmas\u0131 ve adli uygulamalar<\/strong>.<\/p>","protected":false},"excerpt":{"rendered":"<h3><span data-sheets-value=\"{\" data-sheets-userformat=\"{\"><span style=\"vertical-align: inherit;\"><span style=\"vertical-align: inherit;\">NB-5-MeO-DALT oksalat \u00f6zellikleri<\/span><\/span><\/span><\/h3>\n<p><strong><span style=\"vertical-align: inherit;\"><span style=\"vertical-align: inherit;\">E\u015f anlaml\u0131s\u0131: tert-b\u00fctil 3-(2-(diallylamino)etil)-5-metoksi-1H-indol-1-karboksilat oksalat <\/span><\/span><\/strong><br \/>\n<strong><span style=\"vertical-align: inherit;\"><span style=\"vertical-align: inherit;\">CAS Numaras\u0131:<\/span><\/span><\/strong><span style=\"vertical-align: inherit;\"><span style=\"vertical-align: inherit;\"> hi\u00e7biri <\/span><\/span><br \/>\n<strong><span style=\"vertical-align: inherit;\"><span style=\"vertical-align: inherit;\">Form\u00fcl:<\/span><\/span><\/strong><span style=\"vertical-align: inherit;\"><span style=\"vertical-align: inherit;\"> XX <\/span><\/span><br \/>\n<strong><span style=\"vertical-align: inherit;\"><span style=\"vertical-align: inherit;\">Mol K\u00fctlesi:<\/span><\/span><\/strong><span style=\"vertical-align: inherit;\"><span style=\"vertical-align: inherit;\"> xx <\/span><\/span><br \/>\n<strong><span style=\"vertical-align: inherit;\"><span style=\"vertical-align: inherit;\">Safl\u0131k:<\/span><\/span><\/strong><span style=\"vertical-align: inherit;\"><span style=\"vertical-align: inherit;\"> 98%&gt;<\/span><\/span><\/p>","protected":false},"featured_media":28567,"comment_status":"closed","ping_status":"closed","template":"","meta":[],"product_brand":[],"product_cat":[489,381],"product_tag":[452,1103],"class_list":{"0":"post-23915","1":"product","2":"type-product","3":"status-publish","4":"has-post-thumbnail","6":"product_cat-nb-5-meo-dalt","7":"product_cat-tryptamines","8":"product_tag-de","9":"product_tag-nb-5-meo-dalt-oxalate-2","11":"first","12":"instock","13":"taxable","14":"shipping-taxable","15":"purchasable","16":"product-type-variable"},"_links":{"self":[{"href":"https:\/\/researchchemicalhub.com\/tr\/wp-json\/wp\/v2\/product\/23915","targetHints":{"allow":["GET"]}}],"collection":[{"href":"https:\/\/researchchemicalhub.com\/tr\/wp-json\/wp\/v2\/product"}],"about":[{"href":"https:\/\/researchchemicalhub.com\/tr\/wp-json\/wp\/v2\/types\/product"}],"replies":[{"embeddable":true,"href":"https:\/\/researchchemicalhub.com\/tr\/wp-json\/wp\/v2\/comments?post=23915"}],"version-history":[{"count":6,"href":"https:\/\/researchchemicalhub.com\/tr\/wp-json\/wp\/v2\/product\/23915\/revisions"}],"predecessor-version":[{"id":27922,"href":"https:\/\/researchchemicalhub.com\/tr\/wp-json\/wp\/v2\/product\/23915\/revisions\/27922"}],"wp:featuredmedia":[{"embeddable":true,"href":"https:\/\/researchchemicalhub.com\/tr\/wp-json\/wp\/v2\/media\/28567"}],"wp:attachment":[{"href":"https:\/\/researchchemicalhub.com\/tr\/wp-json\/wp\/v2\/media?parent=23915"}],"wp:term":[{"taxonomy":"product_brand","embeddable":true,"href":"https:\/\/researchchemicalhub.com\/tr\/wp-json\/wp\/v2\/product_brand?post=23915"},{"taxonomy":"product_cat","embeddable":true,"href":"https:\/\/researchchemicalhub.com\/tr\/wp-json\/wp\/v2\/product_cat?post=23915"},{"taxonomy":"product_tag","embeddable":true,"href":"https:\/\/researchchemicalhub.com\/tr\/wp-json\/wp\/v2\/product_tag?post=23915"}],"curies":[{"name":"wp","href":"https:\/\/api.w.org\/{rel}","templated":true}]}}