{"id":23896,"date":"2025-04-13T17:40:39","date_gmt":"2025-04-13T17:40:39","guid":{"rendered":"https:\/\/researchchemicalhub.com\/?post_type=product&#038;p=23896"},"modified":"2025-10-30T07:56:46","modified_gmt":"2025-10-30T07:56:46","slug":"norflurazepam-10-mg-pellets","status":"publish","type":"product","link":"https:\/\/researchchemicalhub.com\/tr\/shop\/benzodiazepinen\/norflurazepam-10-mg-pellets\/","title":{"rendered":"Norflurazepam 10 MG Peletler"},"content":{"rendered":"<h3 data-start=\"6139\" data-end=\"6158\"><strong data-start=\"6143\" data-end=\"6158\">girii\u015f<\/strong><\/h3>\n<p data-start=\"6160\" data-end=\"6523\"><strong data-start=\"6160\" data-end=\"6190\">Norflurazepam 10 mg Peletleri<\/strong> vard\u0131r <strong data-start=\"6196\" data-end=\"6243\">analitik dereceli ara\u015ft\u0131rma maddeleri<\/strong>i\u00e7in geli\u015ftirildi <strong data-start=\"6261\" data-end=\"6315\">bilimsel, adli ve kimyasal ara\u015ft\u0131rmalar<\/strong>. Norflurazepam 10 mg Peletleri<br data-start=\"6316\" data-end=\"6319\" \/>Ayr\u0131ca \u015fu \u015fekilde de bilinir: <strong data-start=\"6334\" data-end=\"6356\">Desalkilflurazepam<\/strong>, bu ba\u011flant\u0131 \u015funa m\u0131 ait? <strong data-start=\"6389\" data-end=\"6413\">benzodiazepin s\u0131n\u0131f\u0131<\/strong> ve bu bir <strong data-start=\"6428\" data-end=\"6476\">\u00e7e\u015fitli benzodiazepinlerin metaboliti<\/strong>, alt\u0131nda <strong data-start=\"6488\" data-end=\"6502\">Diklazepam<\/strong> Ve <strong data-start=\"6506\" data-end=\"6520\">Flurazepam<\/strong>.<\/p>\n<p data-start=\"6525\" data-end=\"6758\">Her pelet \u015funlar\u0131 i\u00e7erir: <strong data-start=\"6543\" data-end=\"6573\">10 miligram Norflurazepam<\/strong> garantili safl\u0131kta <strong data-start=\"6611\" data-end=\"6619\">\u226599%<\/strong>, alt\u0131nda test edildi <strong data-start=\"6634\" data-end=\"6668\">\u0130yi Laboratuvar Uygulamalar\u0131 (GLP)<\/strong>-standartlar.<br data-start=\"6676\" data-end=\"6679\" \/>\u0130\u00e7in idealdir <strong data-start=\"6691\" data-end=\"6755\">kromatografik, spektroskopik ve toksikolojik inceleme<\/strong>.<\/p>\n<blockquote data-start=\"6760\" data-end=\"6904\">\n<p data-start=\"6762\" data-end=\"6904\">\u26a0\ufe0f <strong data-start=\"6765\" data-end=\"6776\">Not:<\/strong> Bu \u00fcr\u00fcn <strong data-start=\"6792\" data-end=\"6842\">yaln\u0131zca laboratuvar ara\u015ft\u0131rmalar\u0131 i\u00e7in tasarlanm\u0131\u015ft\u0131r<\/strong> Ve <strong data-start=\"6846\" data-end=\"6903\">insan veya hayvan t\u00fcketimine uygun de\u011fildir<\/strong>.<\/p>\n<\/blockquote>\n<hr data-start=\"6906\" data-end=\"6909\" \/>\n<h3 data-start=\"6911\" data-end=\"6942\"><strong data-start=\"6915\" data-end=\"6942\">Temel \u00d6zellikler<\/strong><\/h3>\n<ul data-start=\"6944\" data-end=\"7442\">\n<li data-start=\"6944\" data-end=\"7043\">\n<p data-start=\"6946\" data-end=\"7043\"><strong data-start=\"6946\" data-end=\"6978\">Y\u00fcksek analitik safl\u0131k:<\/strong> \u226599% kromatografik ve spektroskopik analizle test edildi.<\/p>\n<\/li>\n<li data-start=\"7044\" data-end=\"7110\">\n<p data-start=\"7046\" data-end=\"7110\"><strong data-start=\"7046\" data-end=\"7066\">Tam dozaj:<\/strong> Her pelet \u015funlar\u0131 i\u00e7erir: <strong data-start=\"7085\" data-end=\"7107\">10 mg Norflurazepam<\/strong>.<\/p>\n<\/li>\n<li data-start=\"7111\" data-end=\"7186\">\n<p data-start=\"7113\" data-end=\"7186\"><strong data-start=\"7113\" data-end=\"7134\">Kimyasal olarak kararl\u0131:<\/strong> Uygun depolama ko\u015fullar\u0131nda bozulmaya kar\u015f\u0131 dayan\u0131kl\u0131d\u0131r.<\/p>\n<\/li>\n<li data-start=\"7187\" data-end=\"7278\">\n<p data-start=\"7189\" data-end=\"7278\"><strong data-start=\"7189\" data-end=\"7207\">GLP \u00fcretimi:<\/strong> S\u0131k\u0131 denetim alt\u0131nda \u00fcretilmi\u015ftir <strong data-start=\"7235\" data-end=\"7263\">\u0130yi Laboratuvar Uygulamalar\u0131<\/strong>-y\u00f6nergeler.<\/p>\n<\/li>\n<li data-start=\"7279\" data-end=\"7362\">\n<p data-start=\"7281\" data-end=\"7362\"><strong data-start=\"7281\" data-end=\"7298\">Parti test edildi:<\/strong> Her parti kimlik ve tutarl\u0131l\u0131k a\u00e7\u0131s\u0131ndan kontrol edilir.<\/p>\n<\/li>\n<li data-start=\"7363\" data-end=\"7442\">\n<p data-start=\"7365\" data-end=\"7442\"><strong data-start=\"7365\" data-end=\"7388\">G\u00fcvenli paketleme:<\/strong> Optimum raf \u00f6mr\u00fc i\u00e7in hava ge\u00e7irmez ve m\u00fch\u00fcrl\u00fcd\u00fcr.<\/p>\n<\/li>\n<\/ul>\n<hr data-start=\"7444\" data-end=\"7447\" \/>\n<h3 data-start=\"7449\" data-end=\"7466\"><strong data-start=\"7453\" data-end=\"7466\">Avantajlar\u0131<\/strong><\/h3>\n<ol data-start=\"7468\" data-end=\"7886\">\n<li data-start=\"7468\" data-end=\"7555\">\n<p data-start=\"7471\" data-end=\"7555\"><strong data-start=\"7471\" data-end=\"7508\">G\u00fcvenilir ara\u015ft\u0131rma sonu\u00e7lar\u0131:<\/strong> Y\u00fcksek safl\u0131k, tutarl\u0131 veri sa\u011flar.<\/p>\n<\/li>\n<li data-start=\"7556\" data-end=\"7644\">\n<p data-start=\"7559\" data-end=\"7644\"><strong data-start=\"7559\" data-end=\"7586\">Uzun vadeli istikrar:<\/strong> I\u015f\u0131\u011fa, neme ve s\u0131cakl\u0131k de\u011fi\u015fimlerine dayan\u0131kl\u0131d\u0131r.<\/p>\n<\/li>\n<li data-start=\"7645\" data-end=\"7717\">\n<p data-start=\"7648\" data-end=\"7717\"><strong data-start=\"7648\" data-end=\"7672\">Kullan\u0131c\u0131 dostu:<\/strong> Pelet formu kolay dozajlama imkan\u0131 sa\u011flar.<\/p>\n<\/li>\n<li data-start=\"7718\" data-end=\"7805\">\n<p data-start=\"7721\" data-end=\"7805\"><strong data-start=\"7721\" data-end=\"7749\">Profesyonel kalite:<\/strong> Uygun olanlar <strong data-start=\"7764\" data-end=\"7802\">adli ve analitik ara\u015ft\u0131rma<\/strong>.<\/p>\n<\/li>\n<li data-start=\"7806\" data-end=\"7886\">\n<p data-start=\"7809\" data-end=\"7886\"><strong data-start=\"7809\" data-end=\"7840\">Uluslararas\u0131 standartlar:<\/strong> GLP g\u00fcvenlik standartlar\u0131na uygun olarak \u00fcretilmi\u015ftir.<\/p>\n<\/li>\n<\/ol>\n<hr data-start=\"7888\" data-end=\"7891\" \/>\n<h3 data-start=\"7893\" data-end=\"7932\"><strong data-start=\"7897\" data-end=\"7932\">Kullan\u0131m (Sadece Ara\u015ft\u0131rma Ama\u00e7l\u0131)<\/strong><\/h3>\n<ol data-start=\"7934\" data-end=\"8347\">\n<li data-start=\"7934\" data-end=\"8026\">\n<p data-start=\"7937\" data-end=\"8026\"><strong data-start=\"7937\" data-end=\"7968\">Koruyucu giysiler giyin:<\/strong> Eldiven, koruyucu g\u00f6zl\u00fck ve laboratuvar \u00f6nl\u00fc\u011f\u00fc giyilmesi zorunludur.<\/p>\n<\/li>\n<li data-start=\"8027\" data-end=\"8096\">\n<p data-start=\"8030\" data-end=\"8096\"><strong data-start=\"8030\" data-end=\"8067\">Kalibre edilmi\u015f ekipman kullan\u0131n:<\/strong> Hassas \u00f6l\u00e7\u00fcmler i\u00e7in.<\/p>\n<\/li>\n<li data-start=\"8097\" data-end=\"8167\">\n<p data-start=\"8100\" data-end=\"8167\"><strong data-start=\"8100\" data-end=\"8127\">Parti bilgilerini not edin:<\/strong> Safl\u0131\u011f\u0131 ve miktar\u0131 kaydedin.<\/p>\n<\/li>\n<li data-start=\"8168\" data-end=\"8254\">\n<p data-start=\"8171\" data-end=\"8254\"><strong data-start=\"8171\" data-end=\"8211\">Kontroll\u00fc bir ortamda \u00e7al\u0131\u015f\u0131n:<\/strong> Steril laboratuvar ekipmanlar\u0131 kullan\u0131n.<\/p>\n<\/li>\n<li data-start=\"8255\" data-end=\"8347\">\n<p data-start=\"8258\" data-end=\"8347\"><strong data-start=\"8258\" data-end=\"8292\">At\u0131klar\u0131 g\u00fcvenli bir \u015fekilde bertaraf edin:<\/strong> Laboratuvar g\u00fcvenlik talimatlar\u0131na uyun.<\/p>\n<\/li>\n<\/ol>\n<blockquote data-start=\"8349\" data-end=\"8434\">\n<p data-start=\"8351\" data-end=\"8434\">\u2697\ufe0f <strong data-start=\"8354\" data-end=\"8434\">Sadece laboratuvar testleri i\u00e7indir; insan t\u00fcketimi i\u00e7in de\u011fildir.<\/strong><\/p>\n<\/blockquote>\n<hr data-start=\"8436\" data-end=\"8439\" \/>\n<h3 data-start=\"8441\" data-end=\"8466\"><strong data-start=\"8445\" data-end=\"8466\">Depolama talimatlar\u0131<\/strong><\/h3>\n<ul data-start=\"8468\" data-end=\"8636\">\n<li data-start=\"8468\" data-end=\"8510\">\n<p data-start=\"8470\" data-end=\"8510\">Kaydet <strong data-start=\"8481\" data-end=\"8490\">2\u20138\u00b0C<\/strong>, kuru ve koyu.<\/p>\n<\/li>\n<li data-start=\"8511\" data-end=\"8547\">\n<p data-start=\"8513\" data-end=\"8547\">Kab\u0131 s\u0131k\u0131ca kapal\u0131 tutun.<\/p>\n<\/li>\n<li data-start=\"8548\" data-end=\"8593\">\n<p data-start=\"8550\" data-end=\"8593\">Kar\u015f\u0131 korumak <strong data-start=\"8565\" data-end=\"8590\">\u0131\u015f\u0131k, nem ve \u0131s\u0131<\/strong>.<\/p>\n<\/li>\n<li data-start=\"8594\" data-end=\"8636\">\n<p data-start=\"8596\" data-end=\"8636\">Yetkisiz ki\u015filerin eri\u015femeyece\u011fi yerde saklay\u0131n\u0131z.<\/p>\n<\/li>\n<\/ul>\n<hr data-start=\"8638\" data-end=\"8641\" \/>\n<h3 data-start=\"8643\" data-end=\"8678\"><strong data-start=\"8647\" data-end=\"8678\">S\u0131k\u00e7a Sorulan Sorular (SSS)<\/strong><\/h3>\n<p data-start=\"8680\" data-end=\"8839\"><strong data-start=\"8680\" data-end=\"8725\">1. Norflurazepam ne i\u00e7in kullan\u0131l\u0131r?<\/strong><br data-start=\"8725\" data-end=\"8728\" \/>\u0130\u00e7in <strong data-start=\"8733\" data-end=\"8771\">analitik ve adli ara\u015ft\u0131rma<\/strong>, vurgulanarak <strong data-start=\"8787\" data-end=\"8836\">benzodiazepin analizi ve metabolit \u00e7al\u0131\u015fmas\u0131<\/strong>. Norflurazepam 10 mg Peletleri<\/p>\n<p data-start=\"8841\" data-end=\"9059\"><strong data-start=\"8841\" data-end=\"8901\">2. Norflurazepam insan t\u00fcketimi i\u00e7in uygun mudur?<\/strong><br data-start=\"8901\" data-end=\"8904\" \/>HAYIR. <strong data-start=\"8909\" data-end=\"8939\">Norflurazepam 10 mg Peletleri<\/strong> vard\u0131r <strong data-start=\"8945\" data-end=\"8995\">yaln\u0131zca laboratuvar ara\u015ft\u0131rmalar\u0131 i\u00e7in tasarlanm\u0131\u015ft\u0131r<\/strong> Ve <strong data-start=\"8999\" data-end=\"9056\">insan veya hayvan t\u00fcketimine uygun de\u011fildir<\/strong>.<\/p>\n<p data-start=\"9061\" data-end=\"9211\"><strong data-start=\"9061\" data-end=\"9106\">3. Norflurazepam&#039;\u0131 en iyi \u015fekilde nas\u0131l saklar\u0131m?<\/strong><br data-start=\"9106\" data-end=\"9109\" \/>Birinden tasarruf edin <strong data-start=\"9123\" data-end=\"9165\">serin, kuru ve karanl\u0131k yer (2\u20138\u00b0C)<\/strong> i\u00e7inde <strong data-start=\"9172\" data-end=\"9208\">orijinal hava ge\u00e7irmez ambalaj<\/strong>.<\/p>\n<hr data-start=\"9213\" data-end=\"9216\" \/>\n<h3 data-start=\"9218\" data-end=\"9235\"><strong data-start=\"9222\" data-end=\"9235\">\u00c7\u00f6z\u00fcm<\/strong><\/h3>\n<p data-start=\"9237\" data-end=\"9533\"><strong data-start=\"9237\" data-end=\"9267\">Norflurazepam 10 mg Peletleri<\/strong> teklif <strong data-start=\"9275\" data-end=\"9337\">m\u00fckemmel safl\u0131k, kararl\u0131l\u0131k ve tekrarlanabilirlik<\/strong>, i\u00e7in idealdir <strong data-start=\"9351\" data-end=\"9399\">analitik, kimyasal ve adli ara\u015ft\u0131rmalar<\/strong>.<br data-start=\"9400\" data-end=\"9403\" \/>Laboratuvarlar i\u00e7in g\u00fcvenilir bir se\u00e7im <strong data-start=\"9462\" data-end=\"9530\">benzodiazepin analizi, resept\u00f6r \u00e7al\u0131\u015fmalar\u0131 ve yap\u0131sal ara\u015ft\u0131rma<\/strong>.<\/p>","protected":false},"excerpt":{"rendered":"<h3><span data-sheets-value=\"{\" data-sheets-userformat=\"{\"><span dir=\"auto\" style=\"vertical-align: inherit;\"><span dir=\"auto\" style=\"vertical-align: inherit;\">Norflurazepam \u00f6zellikleri<\/span><\/span><\/span><\/h3>\n<p><strong><span dir=\"auto\" style=\"vertical-align: inherit;\"><span dir=\"auto\" style=\"vertical-align: inherit;\">E\u015f anlaml\u0131s\u0131:<\/span><\/span><\/strong><span dir=\"auto\" style=\"vertical-align: inherit;\"><span dir=\"auto\" style=\"vertical-align: inherit;\"> Norflurazepam <\/span><\/span><br \/>\n<strong><span dir=\"auto\" style=\"vertical-align: inherit;\"><span dir=\"auto\" style=\"vertical-align: inherit;\">CAS Numaras\u0131:<\/span><\/span><\/strong><span dir=\"auto\" style=\"vertical-align: inherit;\"><span dir=\"auto\" style=\"vertical-align: inherit;\"> 2886-65-9 <\/span><\/span><br \/>\n<strong><span dir=\"auto\" style=\"vertical-align: inherit;\"><span dir=\"auto\" style=\"vertical-align: inherit;\">Form\u00fcl:<\/span><\/span><\/strong><span dir=\"auto\" style=\"vertical-align: inherit;\"><span dir=\"auto\" style=\"vertical-align: inherit;\"> 7-kloro-5-(2-florofenil)-1,3-dihidro-2H-1,4-benzodiazepin-2-on <\/span><\/span><br \/>\n<strong><span dir=\"auto\" style=\"vertical-align: inherit;\"><span dir=\"auto\" style=\"vertical-align: inherit;\">Mol k\u00fctlesi:<\/span><\/span><\/strong><span dir=\"auto\" style=\"vertical-align: inherit;\"><span dir=\"auto\" style=\"vertical-align: inherit;\"> 299,3 g\/mol <\/span><\/span><br \/>\n<strong><span dir=\"auto\" style=\"vertical-align: inherit;\"><span dir=\"auto\" style=\"vertical-align: inherit;\">Safl\u0131k:<\/span><\/span><\/strong><span dir=\"auto\" style=\"vertical-align: inherit;\"><span dir=\"auto\" style=\"vertical-align: inherit;\"> &gt;97%<\/span><\/span><\/p>","protected":false},"featured_media":28578,"comment_status":"closed","ping_status":"closed","template":"","meta":[],"product_brand":[],"product_cat":[76,388,394,324,398],"product_tag":[326],"class_list":{"0":"post-23896","1":"product","2":"type-product","3":"status-publish","4":"has-post-thumbnail","6":"product_cat-benzodiazepinen","7":"product_cat-norflurazepam","8":"product_cat-norflurazepam-pellets","9":"product_cat-pellets-for-pellet","10":"product_cat-verkoop","11":"product_tag-nl","13":"first","14":"instock","15":"sale","16":"taxable","17":"shipping-taxable","18":"purchasable","19":"product-type-variable"},"_links":{"self":[{"href":"https:\/\/researchchemicalhub.com\/tr\/wp-json\/wp\/v2\/product\/23896","targetHints":{"allow":["GET"]}}],"collection":[{"href":"https:\/\/researchchemicalhub.com\/tr\/wp-json\/wp\/v2\/product"}],"about":[{"href":"https:\/\/researchchemicalhub.com\/tr\/wp-json\/wp\/v2\/types\/product"}],"replies":[{"embeddable":true,"href":"https:\/\/researchchemicalhub.com\/tr\/wp-json\/wp\/v2\/comments?post=23896"}],"version-history":[{"count":5,"href":"https:\/\/researchchemicalhub.com\/tr\/wp-json\/wp\/v2\/product\/23896\/revisions"}],"predecessor-version":[{"id":27924,"href":"https:\/\/researchchemicalhub.com\/tr\/wp-json\/wp\/v2\/product\/23896\/revisions\/27924"}],"wp:featuredmedia":[{"embeddable":true,"href":"https:\/\/researchchemicalhub.com\/tr\/wp-json\/wp\/v2\/media\/28578"}],"wp:attachment":[{"href":"https:\/\/researchchemicalhub.com\/tr\/wp-json\/wp\/v2\/media?parent=23896"}],"wp:term":[{"taxonomy":"product_brand","embeddable":true,"href":"https:\/\/researchchemicalhub.com\/tr\/wp-json\/wp\/v2\/product_brand?post=23896"},{"taxonomy":"product_cat","embeddable":true,"href":"https:\/\/researchchemicalhub.com\/tr\/wp-json\/wp\/v2\/product_cat?post=23896"},{"taxonomy":"product_tag","embeddable":true,"href":"https:\/\/researchchemicalhub.com\/tr\/wp-json\/wp\/v2\/product_tag?post=23896"}],"curies":[{"name":"wp","href":"https:\/\/api.w.org\/{rel}","templated":true}]}}