{"id":23869,"date":"2025-04-13T17:40:36","date_gmt":"2025-04-13T17:40:36","guid":{"rendered":"https:\/\/researchchemicalhub.com\/?post_type=product&#038;p=23869"},"modified":"2025-10-30T08:00:44","modified_gmt":"2025-10-30T08:00:44","slug":"34-dmmc-satin-al","status":"publish","type":"product","link":"https:\/\/researchchemicalhub.com\/tr\/magaza\/3\/34-dmmc-satin-al\/","title":{"rendered":"3,4-DMMC (3,4-Dimetilmetkatinon)"},"content":{"rendered":"<p data-start=\"4596\" data-end=\"4908\"><strong data-start=\"4596\" data-end=\"4636\">3,4-DMMC (3,4-Dimetilmetkatinon)<\/strong> bir <strong data-start=\"4644\" data-end=\"4679\">tasar\u0131mc\u0131 uyar\u0131c\u0131 bile\u015fi\u011fi<\/strong> s\u0131n\u0131f\u0131 i\u00e7inde <strong data-start=\"4701\" data-end=\"4725\">katinonlar\u0131 de\u011fi\u015ftirmek<\/strong>.\u00a0<br data-start=\"4764\" data-end=\"4767\" \/>\u0130lk olarak 2010 y\u0131l\u0131 civar\u0131nda mefedron ve di\u011fer katinonlar\u0131n bir analo\u011fu olarak tespit edildi. <span class=\"___SBox_epc1q-ko_ ___SText_zko9t-ko_\" data-ui-name=\"Link.Text\">34 dmmc sat\u0131n al<\/span><\/p>\n<p data-start=\"4910\" data-end=\"5190\">Bir ara\u015ft\u0131rma kimyasal\u0131 olarak 3,4-DMMC \u015fu ama\u00e7larla kullan\u0131l\u0131r: <strong data-start=\"4966\" data-end=\"5017\">analitik, yap\u0131sal ve adli \u00e7al\u0131\u015fmalar<\/strong> Yeni psikoaktif maddelerin (NPS) ara\u015ft\u0131r\u0131lmas\u0131nda kullan\u0131lan bir y\u00f6ntemdir. Ta\u015f\u0131y\u0131c\u0131 etkile\u015fimlerini, metabolitleri ve spektral tan\u0131mlamay\u0131 ara\u015ft\u0131ran laboratuvarlarda referans standard\u0131 olarak kullan\u0131l\u0131r.<\/p>\n<hr data-start=\"5192\" data-end=\"5195\" \/>\n<h3 data-start=\"5197\" data-end=\"5228\"><strong data-start=\"5201\" data-end=\"5228\">Temel \u00d6zellikler<\/strong><\/h3>\n<ul data-start=\"5230\" data-end=\"6038\">\n<li data-start=\"5230\" data-end=\"5319\">\n<p data-start=\"5232\" data-end=\"5319\"><strong data-start=\"5232\" data-end=\"5264\">Y\u00fcksek analitik safl\u0131k:<\/strong> Tipik olarak \u2265 98\u201399% safl\u0131k (partiye ba\u011fl\u0131).<\/p>\n<\/li>\n<li data-start=\"5320\" data-end=\"5456\">\n<p data-start=\"5322\" data-end=\"5456\"><strong data-start=\"5322\" data-end=\"5346\">Yap\u0131sal olarak benzer:<\/strong> Fenil halkas\u0131n\u0131n 3 ve 4 pozisyonlar\u0131nda metil gruplar\u0131 bulunan katinon.<\/p>\n<\/li>\n<li data-start=\"5457\" data-end=\"5650\">\n<p data-start=\"5459\" data-end=\"5650\"><strong data-start=\"5459\" data-end=\"5495\">Monoamin ta\u015f\u0131y\u0131c\u0131 aktivitesi:<\/strong> Serotonin ve noradrenalin ta\u015f\u0131y\u0131c\u0131lar\u0131n\u0131n substrat\u0131\/inhibit\u00f6r\u00fc olarak etki eder; dopamin geri al\u0131m\u0131na etkisi daha azd\u0131r.<\/p>\n<\/li>\n<li data-start=\"5651\" data-end=\"5785\">\n<p data-start=\"5653\" data-end=\"5785\"><strong data-start=\"5653\" data-end=\"5689\">Sa\u011flam karakterizasyon verileri:<\/strong> GC\/MS, IR, NMR, UV\/vis ile tam olarak karakterize edilmi\u015ftir.<\/p>\n<\/li>\n<li data-start=\"5786\" data-end=\"5946\">\n<p data-start=\"5788\" data-end=\"5946\"><strong data-start=\"5788\" data-end=\"5815\">Benzersiz GC tutma s\u00fcresi:<\/strong> IR\/UV profilleri mefedronla benzerlik g\u00f6sterse de tutulma s\u00fcreleri ve par\u00e7alanma farkl\u0131d\u0131r.<\/p>\n<\/li>\n<li data-start=\"5947\" data-end=\"6038\">\n<p data-start=\"5949\" data-end=\"6038\"><strong data-start=\"5949\" data-end=\"5979\">Do\u011fru \u015fekilde sakland\u0131\u011f\u0131nda stabildir:<\/strong> Uygun \u015fekilde \u00f6rt\u00fcl\u00fcp korundu\u011funda b\u00fct\u00fcnl\u00fc\u011f\u00fcn\u00fc korur.<\/p>\n<\/li>\n<\/ul>\n<hr data-start=\"6040\" data-end=\"6043\" \/>\n<h3 data-start=\"6045\" data-end=\"6062\"><strong data-start=\"6049\" data-end=\"6062\">Avantajlar\u0131<\/strong><\/h3>\n<ol data-start=\"6064\" data-end=\"6583\">\n<li data-start=\"6064\" data-end=\"6166\">\n<p data-start=\"6067\" data-end=\"6166\"><strong data-start=\"6067\" data-end=\"6098\">G\u00fcvenilir referans maddesi:<\/strong> Adli laboratuvarlarda kalibrasyon ve kar\u015f\u0131la\u015ft\u0131rma arac\u0131 olarak kullan\u0131l\u0131r.<\/p>\n<\/li>\n<li data-start=\"6167\" data-end=\"6262\">\n<p data-start=\"6170\" data-end=\"6262\"><strong data-start=\"6170\" data-end=\"6194\">Spektral M\u00fccadele:<\/strong> Enstr\u00fcman se\u00e7icili\u011fini test etmek i\u00e7in zorlu bir analog g\u00f6revi g\u00f6r\u00fcr.<\/p>\n<\/li>\n<li data-start=\"6263\" data-end=\"6359\">\n<p data-start=\"6266\" data-end=\"6359\"><strong data-start=\"6266\" data-end=\"6291\">Ta\u015f\u0131y\u0131c\u0131 ara\u015ft\u0131rmas\u0131:<\/strong> Serotonin\/noradrenalin \u00fczerine farmakoloji ara\u015ft\u0131rmalar\u0131nda de\u011ferlidir.<\/p>\n<\/li>\n<li data-start=\"6360\" data-end=\"6468\">\n<p data-start=\"6363\" data-end=\"6468\"><strong data-start=\"6363\" data-end=\"6387\">Metabolit ara\u015ft\u0131rmalar\u0131:<\/strong> Biyolojik \u00f6rneklerde metabolik yollar\u0131n haritalanmas\u0131na yard\u0131mc\u0131 olur.<\/p>\n<\/li>\n<li data-start=\"6469\" data-end=\"6583\">\n<p data-start=\"6472\" data-end=\"6583\"><strong data-start=\"6472\" data-end=\"6509\">Adli soru\u015fturmay\u0131 destekler:<\/strong> Yeni ortaya \u00e7\u0131kan maddeler i\u00e7in spektral veri tabanlar\u0131n\u0131n olu\u015fturulmas\u0131n\u0131 kolayla\u015ft\u0131r\u0131r.<\/p>\n<\/li>\n<\/ol>\n<hr data-start=\"6585\" data-end=\"6588\" \/>\n<h3 data-start=\"6590\" data-end=\"6650\"><strong data-start=\"6594\" data-end=\"6650\">Nas\u0131l Kullan\u0131l\u0131r (Sadece Laboratuvar Kullan\u0131m\u0131 \u0130\u00e7indir)<\/strong><\/h3>\n<ol data-start=\"6652\" data-end=\"7071\">\n<li data-start=\"6652\" data-end=\"6737\">\n<p data-start=\"6655\" data-end=\"6737\"><strong data-start=\"6655\" data-end=\"6696\">Tam koruyucu ekipman giyin:<\/strong> eldiven, g\u00fcvenlik g\u00f6zl\u00fc\u011f\u00fc, laboratuvar \u00f6nl\u00fc\u011f\u00fc.<\/p>\n<\/li>\n<li data-start=\"6738\" data-end=\"6819\">\n<p data-start=\"6741\" data-end=\"6819\"><strong data-start=\"6741\" data-end=\"6781\">Kontroll\u00fc bir ortamda \u00e7al\u0131\u015f\u0131n:<\/strong> \u00f6rne\u011fin; davlumbaz, temiz \u00e7al\u0131\u015fma alan\u0131.<\/p>\n<\/li>\n<li data-start=\"6820\" data-end=\"6896\">\n<p data-start=\"6823\" data-end=\"6896\"><strong data-start=\"6823\" data-end=\"6857\">Hassas aletler kullan\u0131n:<\/strong> terazi, pipet, spektrometre vb.<\/p>\n<\/li>\n<li data-start=\"6897\" data-end=\"6984\">\n<p data-start=\"6900\" data-end=\"6984\"><strong data-start=\"6900\" data-end=\"6932\">Belge \u00f6rnek verileri:<\/strong> parti numaras\u0131, a\u011f\u0131rl\u0131k, safl\u0131k, ko\u015fullar.<\/p>\n<\/li>\n<li data-start=\"6985\" data-end=\"7071\">\n<p data-start=\"6988\" data-end=\"7071\"><strong data-start=\"6988\" data-end=\"7018\">Kal\u0131nt\u0131lar\u0131 g\u00fcvenli bir \u015fekilde temizleyin:<\/strong> kurumunuzun g\u00fcvenlik protokollerine g\u00f6re.<\/p>\n<\/li>\n<\/ol>\n<blockquote data-start=\"7073\" data-end=\"7189\">\n<p data-start=\"7075\" data-end=\"7189\">\u2697\ufe0f <strong data-start=\"7078\" data-end=\"7189\">Sadece analitik\/bilimsel ara\u015ft\u0131rma ama\u00e7l\u0131d\u0131r; insan veya hayvan t\u00fcketimi i\u00e7in de\u011fildir.<\/strong><\/p>\n<\/blockquote>\n<hr data-start=\"7191\" data-end=\"7194\" \/>\n<h3 data-start=\"7196\" data-end=\"7221\"><strong data-start=\"7200\" data-end=\"7221\">Depolama talimatlar\u0131<\/strong><\/h3>\n<ul data-start=\"7223\" data-end=\"7494\">\n<li data-start=\"7223\" data-end=\"7283\">\n<p data-start=\"7225\" data-end=\"7283\">Kaydet <strong data-start=\"7236\" data-end=\"7246\">2\u20138 \u00b0C<\/strong> serin, kuru ve karanl\u0131k bir yerde saklay\u0131n.<\/p>\n<\/li>\n<li data-start=\"7284\" data-end=\"7370\">\n<p data-start=\"7286\" data-end=\"7370\">Nemden ve \u0131\u015f\u0131ktan korumak i\u00e7in etkisiz, hava ge\u00e7irmez kaplar (\u00f6rne\u011fin kehribar \u015fi\u015feler) kullan\u0131n.<\/p>\n<\/li>\n<li data-start=\"7371\" data-end=\"7430\">\n<p data-start=\"7373\" data-end=\"7430\">Is\u0131ya veya \u0131\u015f\u0131\u011fa tekrar tekrar maruz kalmaktan ka\u00e7\u0131n\u0131n.<\/p>\n<\/li>\n<li data-start=\"7431\" data-end=\"7494\">\n<p data-start=\"7433\" data-end=\"7494\">Sadece kalifiye analitik personelin eri\u015fimine a\u00e7\u0131kt\u0131r. <span class=\"___SBox_epc1q-ko_ ___SText_zko9t-ko_\" data-ui-name=\"Link.Text\">34 dmmc sat\u0131n al<\/span><\/p>\n<\/li>\n<\/ul>\n<hr data-start=\"7496\" data-end=\"7499\" \/>\n<h3 data-start=\"7501\" data-end=\"7536\"><strong data-start=\"7505\" data-end=\"7536\">S\u0131k\u00e7a Sorulan Sorular (SSS)<\/strong><\/h3>\n<p data-start=\"7538\" data-end=\"7781\"><strong data-start=\"7538\" data-end=\"7587\">1. 3,4-DMMC\u2019nin etki mekanizmas\u0131 nedir?<\/strong><br data-start=\"7587\" data-end=\"7590\" \/>\u0130n vitro olarak serotonin ve noradrenalin ta\u015f\u0131y\u0131c\u0131lar\u0131n\u0131n substrat\u0131\/inhibit\u00f6r\u00fc olarak g\u00f6rev yapar; dopamin geri al\u0131m\u0131na etkisi nispeten daha zay\u0131ft\u0131r.<\/p>\n<p data-start=\"7783\" data-end=\"8013\"><strong data-start=\"7783\" data-end=\"7850\">2. 3,4-DMMC analitik olarak mefedron&#039;dan ay\u0131rt edilebilir mi?<\/strong><br data-start=\"7850\" data-end=\"7853\" \/>Evet. IR\/UV profilleri \u00f6rt\u00fc\u015febilse de, GC tutulma s\u00fcreleri ve k\u00fctle par\u00e7alanmas\u0131 fark yarat\u0131r.<\/p>\n<p data-start=\"8015\" data-end=\"8234\"><strong data-start=\"8015\" data-end=\"8058\">3. 3,4-DMMC d\u00fczenlemeye tabi mi yoksa yasad\u0131\u015f\u0131 m\u0131?<\/strong><br data-start=\"8058\" data-end=\"8061\" \/>Bir\u00e7ok \u00fclkede 3,4-DMMC, tasar\u0131mc\u0131 katinon olarak d\u00fczenlenmi\u015ftir. ABD&#039;de ise 4-MEC&#039;nin pozisyonel izomeri olarak \u00c7izelge I ilac\u0131 olarak s\u0131n\u0131fland\u0131r\u0131lm\u0131\u015ft\u0131r. <a href=\"https:\/\/researchchemicalhub.com\/tr\/magaza\/pelet-icin-peletler\/1p-lsd-mikrodozu\/\">1P-LSD mikrodozu<\/a><\/p>","protected":false},"excerpt":{"rendered":"<h3><span style=\"vertical-align: inherit;\"><span style=\"vertical-align: inherit;\">3,4-DMMC, 3-MMC\/3-CMC ile ili\u015fkili bir maddedir<\/span><\/span><\/h3>\n<p><span style=\"vertical-align: inherit;\"><span style=\"vertical-align: inherit;\">3,4-DMMC\/3,4-Dimetilmetkatinon, yaln\u0131zca ara\u015ft\u0131rma ama\u00e7l\u0131 satt\u0131\u011f\u0131m\u0131z ve bu nedenle t\u00fcketime y\u00f6nelik olmayan bir maddedir. Bu madde, Katinonlar kategorisine aittir. 3,4-DMMC toz halinde tedarik edilir ve do\u011fru ortamda sakland\u0131\u011f\u0131nda 2 y\u0131la kadar ara\u015ft\u0131r\u0131labilir.<\/span><\/span><\/p>","protected":false},"featured_media":28394,"comment_status":"closed","ping_status":"closed","template":"","meta":[],"product_brand":[],"product_cat":[493,494,322,79],"product_tag":[1105,326],"class_list":{"0":"post-23869","1":"product","2":"type-product","3":"status-publish","4":"has-post-thumbnail","6":"product_cat-493","7":"product_cat-4-dmmc","8":"product_cat-bijna-verboden","9":"product_cat-cathinonen","10":"product_tag-34-dmmc-kopen","11":"product_tag-nl","13":"first","14":"instock","15":"taxable","16":"shipping-taxable","17":"purchasable","18":"product-type-variable"},"_links":{"self":[{"href":"https:\/\/researchchemicalhub.com\/tr\/wp-json\/wp\/v2\/product\/23869","targetHints":{"allow":["GET"]}}],"collection":[{"href":"https:\/\/researchchemicalhub.com\/tr\/wp-json\/wp\/v2\/product"}],"about":[{"href":"https:\/\/researchchemicalhub.com\/tr\/wp-json\/wp\/v2\/types\/product"}],"replies":[{"embeddable":true,"href":"https:\/\/researchchemicalhub.com\/tr\/wp-json\/wp\/v2\/comments?post=23869"}],"version-history":[{"count":5,"href":"https:\/\/researchchemicalhub.com\/tr\/wp-json\/wp\/v2\/product\/23869\/revisions"}],"predecessor-version":[{"id":27928,"href":"https:\/\/researchchemicalhub.com\/tr\/wp-json\/wp\/v2\/product\/23869\/revisions\/27928"}],"wp:featuredmedia":[{"embeddable":true,"href":"https:\/\/researchchemicalhub.com\/tr\/wp-json\/wp\/v2\/media\/28394"}],"wp:attachment":[{"href":"https:\/\/researchchemicalhub.com\/tr\/wp-json\/wp\/v2\/media?parent=23869"}],"wp:term":[{"taxonomy":"product_brand","embeddable":true,"href":"https:\/\/researchchemicalhub.com\/tr\/wp-json\/wp\/v2\/product_brand?post=23869"},{"taxonomy":"product_cat","embeddable":true,"href":"https:\/\/researchchemicalhub.com\/tr\/wp-json\/wp\/v2\/product_cat?post=23869"},{"taxonomy":"product_tag","embeddable":true,"href":"https:\/\/researchchemicalhub.com\/tr\/wp-json\/wp\/v2\/product_tag?post=23869"}],"curies":[{"name":"wp","href":"https:\/\/api.w.org\/{rel}","templated":true}]}}