{"id":23813,"date":"2025-04-13T17:40:27","date_gmt":"2025-04-13T17:40:27","guid":{"rendered":"https:\/\/researchchemicalhub.com\/?post_type=product&#038;p=23813"},"modified":"2025-10-30T08:13:43","modified_gmt":"2025-10-30T08:13:43","slug":"4c-mar-4-chlorine-4-methylaminorex","status":"publish","type":"product","link":"https:\/\/researchchemicalhub.com\/tr\/shop\/aminorex\/4c-mar-4-chlorine-4-methylaminorex\/","title":{"rendered":"4C-MAR (4-Klor-4-metilaminoreks)"},"content":{"rendered":"<p data-start=\"4910\" data-end=\"5181\"><strong data-start=\"4910\" data-end=\"4948\">4C-MAR (4-Kloro-4-metilaminoreks)<\/strong> bir <strong data-start=\"4956\" data-end=\"4989\">sentetik aminorex t\u00fcrevi<\/strong> ait olan <strong data-start=\"5009\" data-end=\"5046\">oksazolin s\u0131n\u0131f\u0131 bile\u015fikler<\/strong>\u0130\u00e7erisinde \u00e7al\u0131\u015f\u0131l\u0131yor <strong data-start=\"5076\" data-end=\"5113\">adli ve analitik kimya<\/strong> Di\u011fer aminorex analoglar\u0131na yap\u0131sal benzerli\u011fi nedeniyle 4c Mar<\/p>\n<p data-start=\"5183\" data-end=\"5453\">4C-MAR yaln\u0131zca \u015fu \u015fekilde kullan\u0131l\u0131r: <strong data-start=\"5221\" data-end=\"5239\">referans madde<\/strong> Ve <strong data-start=\"5243\" data-end=\"5267\">analitik malzeme<\/strong> bilimsel ama\u00e7lar i\u00e7in. <strong data-start=\"5310\" data-end=\"5367\">insan veya hayvan t\u00fcketimine uygun de\u011fildir<\/strong> ve yaln\u0131zca akredite laboratuvarlarda, kalifiye personel taraf\u0131ndan yap\u0131lmal\u0131d\u0131r.<\/p>\n<hr data-start=\"5455\" data-end=\"5458\" \/>\n<h3 data-start=\"5460\" data-end=\"5491\"><strong data-start=\"5464\" data-end=\"5491\">Temel \u00d6zellikler<\/strong><\/h3>\n<ul data-start=\"5493\" data-end=\"6020\">\n<li data-start=\"5493\" data-end=\"5606\">\n<p data-start=\"5495\" data-end=\"5606\"><strong data-start=\"5495\" data-end=\"5515\">Y\u00fcksek Safl\u0131k:<\/strong> Tekrarlanabilir ara\u015ft\u0131rma sonu\u00e7lar\u0131 i\u00e7in s\u0131k\u0131 kalite kontrol\u00fc alt\u0131nda \u00fcretilmi\u015ftir.<\/p>\n<\/li>\n<li data-start=\"5607\" data-end=\"5720\">\n<p data-start=\"5609\" data-end=\"5720\"><strong data-start=\"5609\" data-end=\"5642\">Yap\u0131sal Ara\u015ft\u0131rma De\u011feri:<\/strong> Aminorex analoglar\u0131 ve spektral \u00f6zelliklerinin incelenmesi i\u00e7in uygundur.<\/p>\n<\/li>\n<li data-start=\"5721\" data-end=\"5814\">\n<p data-start=\"5723\" data-end=\"5814\"><strong data-start=\"5723\" data-end=\"5762\">Sertifikal\u0131 Referans Materyalleri:<\/strong> Partiye \u00f6zel analiz sertifikalar\u0131 ile birlikte verilir.<\/p>\n<\/li>\n<li data-start=\"5815\" data-end=\"5911\">\n<p data-start=\"5817\" data-end=\"5911\"><strong data-start=\"5817\" data-end=\"5849\">Analitik Uyumluluk:<\/strong> \u0130le birlikte kullan\u0131ma uygundur <strong data-start=\"5876\" data-end=\"5885\">GC-MS<\/strong>, <strong data-start=\"5887\" data-end=\"5896\">LC-MS<\/strong> Ve <strong data-start=\"5900\" data-end=\"5908\">HPLC<\/strong>.<\/p>\n<\/li>\n<li data-start=\"5912\" data-end=\"6020\">\n<p data-start=\"5914\" data-end=\"6020\"><strong data-start=\"5914\" data-end=\"5941\">Kararl\u0131 Kompozisyon:<\/strong> Standart laboratuvar ko\u015fullar\u0131nda uzun s\u00fcreli depolamaya uygun olarak tasarlanm\u0131\u015ft\u0131r.<\/p>\n<\/li>\n<\/ul>\n<hr data-start=\"6022\" data-end=\"6025\" \/>\n<h3 data-start=\"6027\" data-end=\"6044\"><strong data-start=\"6031\" data-end=\"6044\">Avantajlar\u0131<\/strong><\/h3>\n<ul data-start=\"6046\" data-end=\"6551\">\n<li data-start=\"6046\" data-end=\"6180\">\n<p data-start=\"6048\" data-end=\"6180\"><strong data-start=\"6048\" data-end=\"6085\">Analitik Ara\u015ft\u0131rmay\u0131 Destekler:<\/strong> Aminorex bile\u015fikleri i\u00e7in tespit ve kantifikasyon y\u00f6ntemlerinin geli\u015ftirilmesine yard\u0131mc\u0131 olur.<\/p>\n<\/li>\n<li data-start=\"6181\" data-end=\"6276\">\n<p data-start=\"6183\" data-end=\"6276\"><strong data-start=\"6183\" data-end=\"6205\">Adli \u00d6nemi:<\/strong> Yeni sentetik maddelerin tan\u0131mlanmas\u0131nda kullan\u0131l\u0131r.<\/p>\n<\/li>\n<li data-start=\"6277\" data-end=\"6352\">\n<p data-start=\"6279\" data-end=\"6352\"><strong data-start=\"6279\" data-end=\"6306\">G\u00fcvenilir Sonu\u00e7lar:<\/strong> Y\u00fcksek safl\u0131k \u00f6l\u00e7\u00fcm sapmalar\u0131n\u0131 azalt\u0131r.<\/p>\n<\/li>\n<li data-start=\"6353\" data-end=\"6455\">\n<p data-start=\"6355\" data-end=\"6455\"><strong data-start=\"6355\" data-end=\"6393\">Modern Ekipmanlarla Uyumlu:<\/strong> Kromatografi ve spektrometride g\u00fcvenilir performans.<\/p>\n<\/li>\n<li data-start=\"6456\" data-end=\"6551\">\n<p data-start=\"6458\" data-end=\"6551\"><strong data-start=\"6458\" data-end=\"6484\">E\u011fitim Uygulamas\u0131:<\/strong> Akademik ve toksikolojik ara\u015ft\u0131rma projeleri i\u00e7in uygundur. 4c Mar<\/p>\n<\/li>\n<\/ul>\n<hr data-start=\"6553\" data-end=\"6556\" \/>\n<h3 data-start=\"6558\" data-end=\"6619\"><strong data-start=\"6562\" data-end=\"6619\">Kullan\u0131m Talimatlar\u0131 (Sadece Ara\u015ft\u0131rma Ama\u00e7l\u0131d\u0131r)<\/strong><\/h3>\n<ol data-start=\"6621\" data-end=\"7012\">\n<li data-start=\"6621\" data-end=\"6720\">\n<p data-start=\"6624\" data-end=\"6720\"><strong data-start=\"6624\" data-end=\"6638\">Kullan\u0131m:<\/strong> Sadece uygun g\u00fcvenlik ekipman\u0131na sahip onayl\u0131 laboratuvarlarda kullan\u0131lmal\u0131d\u0131r.<\/p>\n<\/li>\n<li data-start=\"6721\" data-end=\"6807\">\n<p data-start=\"6724\" data-end=\"6807\"><strong data-start=\"6724\" data-end=\"6742\">Haz\u0131rl\u0131k:<\/strong> Belirlenen analitik protokollere g\u00f6re haz\u0131rlay\u0131n veya seyreltin.<\/p>\n<\/li>\n<li data-start=\"6808\" data-end=\"6923\">\n<p data-start=\"6811\" data-end=\"6923\"><strong data-start=\"6811\" data-end=\"6822\">Depolamak:<\/strong> Birinden tasarruf edin <strong data-start=\"6837\" data-end=\"6869\">serin, kuru ve karanl\u0131k bir yer<\/strong>, kimyasal maddelere dayan\u0131kl\u0131 ambalajlarda iyice kapat\u0131lm\u0131\u015f.<\/p>\n<\/li>\n<li data-start=\"6924\" data-end=\"7012\">\n<p data-start=\"6927\" data-end=\"7012\"><strong data-start=\"6927\" data-end=\"6938\">\u0130mha etmek:<\/strong> Kal\u0131nt\u0131lar\u0131 kimyasal at\u0131klara ili\u015fkin yerel ve \u00e7evresel d\u00fczenlemelere uygun \u015fekilde bertaraf edin.<\/p>\n<\/li>\n<\/ol>\n<hr data-start=\"7014\" data-end=\"7017\" \/>\n<h3 data-start=\"7019\" data-end=\"7053\"><strong data-start=\"7023\" data-end=\"7053\">G\u00fcvenlik ve Uyumluluk<\/strong><\/h3>\n<ul data-start=\"7055\" data-end=\"7490\">\n<li data-start=\"7055\" data-end=\"7150\">\n<p data-start=\"7057\" data-end=\"7150\"><strong data-start=\"7057\" data-end=\"7093\">Sadece Laboratuvar Kullan\u0131m\u0131 \u0130\u00e7indir:<\/strong> \u0130nsan ve hayvan t\u00fcketimine uygun de\u011fildir.<\/p>\n<\/li>\n<li data-start=\"7151\" data-end=\"7261\">\n<p data-start=\"7153\" data-end=\"7261\"><strong data-start=\"7153\" data-end=\"7181\">Hukuki Hususlar:<\/strong> 4C-MAR&#039;\u0131 sat\u0131n almadan veya kullanmadan \u00f6nce mutlaka yerel y\u00f6netmelikleri kontrol edin.<\/p>\n<\/li>\n<li data-start=\"7262\" data-end=\"7365\">\n<p data-start=\"7264\" data-end=\"7365\"><strong data-start=\"7264\" data-end=\"7282\">G\u00fcvenli \u00c7al\u0131\u015fma:<\/strong> Cilt veya g\u00f6z temas\u0131ndan ka\u00e7\u0131n\u0131n ve her zaman ki\u015fisel koruyucu ekipman kullan\u0131n.<\/p>\n<\/li>\n<li data-start=\"7366\" data-end=\"7490\">\n<p data-start=\"7368\" data-end=\"7490\"><strong data-start=\"7368\" data-end=\"7385\">Belgeleme:<\/strong> A <strong data-start=\"7390\" data-end=\"7426\">g\u00fcvenlik bilgi formu (MSDS)<\/strong> Ve <strong data-start=\"7430\" data-end=\"7458\">analiz sertifikas\u0131 (COA)<\/strong> Talep \u00fczerine mevcuttur.<\/p>\n<\/li>\n<\/ul>\n<hr data-start=\"7492\" data-end=\"7495\" \/>\n<h3 data-start=\"7497\" data-end=\"7532\"><strong data-start=\"7501\" data-end=\"7532\">S\u0131k\u00e7a Sorulan Sorular (SSS)<\/strong><\/h3>\n<p data-start=\"7534\" data-end=\"7684\"><strong data-start=\"7534\" data-end=\"7572\">1. 4C-MAR ne i\u00e7in kullan\u0131l\u0131r?<\/strong><br data-start=\"7572\" data-end=\"7575\" \/>4C-MAR \u015fu \u015fekilde kullan\u0131l\u0131r: <strong data-start=\"7601\" data-end=\"7619\">referans madde<\/strong> Aminorex analoglar\u0131n\u0131n analitik ve adli \u00e7al\u0131\u015fmalar\u0131 i\u00e7in.<\/p>\n<p data-start=\"7686\" data-end=\"7879\"><strong data-start=\"7686\" data-end=\"7737\">2. 4C-MAR insan t\u00fcketimi i\u00e7in g\u00fcvenli midir?<\/strong><br data-start=\"7737\" data-end=\"7740\" \/>Hay\u0131r. Bu \u00fcr\u00fcn <strong data-start=\"7760\" data-end=\"7815\">yaln\u0131zca bilimsel ara\u015ft\u0131rma ama\u00e7l\u0131<\/strong> Ve <strong data-start=\"7819\" data-end=\"7876\">insan veya hayvan t\u00fcketimine uygun de\u011fildir<\/strong>.<\/p>\n<p data-start=\"7881\" data-end=\"8030\"><strong data-start=\"7881\" data-end=\"7922\">3. 4C-MAR nas\u0131l saklanmal\u0131d\u0131r?<\/strong><br data-start=\"7922\" data-end=\"7925\" \/>Birinden tasarruf edin <strong data-start=\"7939\" data-end=\"7973\">serin, kuru ve karanl\u0131k bir yer<\/strong>, uygun \u015fekilde kapat\u0131lm\u0131\u015f ve yetkisiz ki\u015filerin eri\u015femeyece\u011fi yerde muhafaza edilmelidir.<\/p>","protected":false},"excerpt":{"rendered":"<h2><span style=\"vertical-align: inherit;\"><span style=\"vertical-align: inherit;\">4C-MAR \/ <\/span><\/span><b><span style=\"vertical-align: inherit;\"><span style=\"vertical-align: inherit;\">4\u2032-Klor-4-metilaminoreks<\/span><\/span><\/b><span style=\"vertical-align: inherit;\"><span style=\"vertical-align: inherit;\"> \u00f6zellikler<\/span><\/span><\/h2>\n<p><strong><span style=\"vertical-align: inherit;\"><span style=\"vertical-align: inherit;\">CAS Numaras\u0131<\/span><\/span><\/strong><span style=\"vertical-align: inherit;\"><span style=\"vertical-align: inherit;\"> : Yok <\/span><\/span><br \/>\n<strong><span style=\"vertical-align: inherit;\"><span style=\"vertical-align: inherit;\">Form\u00fcl<\/span><\/span><\/strong><span style=\"vertical-align: inherit;\"><span style=\"vertical-align: inherit;\"> : <\/span><\/span><span title=\"Karbon\"><span style=\"vertical-align: inherit;\"><span style=\"vertical-align: inherit;\">C <\/span><\/span><\/span><sub><span style=\"vertical-align: inherit;\"><span style=\"vertical-align: inherit;\">10 <\/span><\/span><\/sub><span title=\"Hidrojen\"><span style=\"vertical-align: inherit;\"><span style=\"vertical-align: inherit;\">H <\/span><\/span><\/span><sub><span style=\"vertical-align: inherit;\"><span style=\"vertical-align: inherit;\">11 <\/span><\/span><\/sub><span title=\"Florin\"><span style=\"vertical-align: inherit;\"><span style=\"vertical-align: inherit;\">F <\/span><\/span><\/span><span title=\"Azot\"><span style=\"vertical-align: inherit;\"><span style=\"vertical-align: inherit;\">N <\/span><\/span><\/span><sub><span style=\"vertical-align: inherit;\"><span style=\"vertical-align: inherit;\">2 <\/span><\/span><\/sub><span title=\"Oksijen\"><span style=\"vertical-align: inherit;\"><span style=\"vertical-align: inherit;\">O <\/span><\/span><\/span><br \/>\n<strong><span style=\"vertical-align: inherit;\"><span style=\"vertical-align: inherit;\">Mol k\u00fctlesi<\/span><\/span><\/strong><span style=\"vertical-align: inherit;\"><span style=\"vertical-align: inherit;\"> : <\/span><\/span><span class=\"nowrap\"><span style=\"vertical-align: inherit;\"><span style=\"vertical-align: inherit;\">195.039<\/span><\/span><\/span><span style=\"vertical-align: inherit;\"><span style=\"vertical-align: inherit;\"> g mol <\/span><\/span><br \/>\n<strong><span style=\"vertical-align: inherit;\"><span style=\"vertical-align: inherit;\">Safl\u0131k<\/span><\/span><\/strong><span style=\"vertical-align: inherit;\"><span style=\"vertical-align: inherit;\"> : \u226598%<\/span><\/span><\/p>","protected":false},"featured_media":28430,"comment_status":"closed","ping_status":"closed","template":"","meta":[],"product_brand":[],"product_cat":[552],"product_tag":[1108,1109,326],"class_list":{"0":"post-23813","1":"product","2":"type-product","3":"status-publish","4":"has-post-thumbnail","6":"product_cat-aminorex","7":"product_tag-4c-mar","8":"product_tag-4c-mar-kopen","9":"product_tag-nl","11":"first","12":"instock","13":"taxable","14":"shipping-taxable","15":"purchasable","16":"product-type-variable"},"_links":{"self":[{"href":"https:\/\/researchchemicalhub.com\/tr\/wp-json\/wp\/v2\/product\/23813","targetHints":{"allow":["GET"]}}],"collection":[{"href":"https:\/\/researchchemicalhub.com\/tr\/wp-json\/wp\/v2\/product"}],"about":[{"href":"https:\/\/researchchemicalhub.com\/tr\/wp-json\/wp\/v2\/types\/product"}],"replies":[{"embeddable":true,"href":"https:\/\/researchchemicalhub.com\/tr\/wp-json\/wp\/v2\/comments?post=23813"}],"version-history":[{"count":5,"href":"https:\/\/researchchemicalhub.com\/tr\/wp-json\/wp\/v2\/product\/23813\/revisions"}],"predecessor-version":[{"id":27949,"href":"https:\/\/researchchemicalhub.com\/tr\/wp-json\/wp\/v2\/product\/23813\/revisions\/27949"}],"wp:featuredmedia":[{"embeddable":true,"href":"https:\/\/researchchemicalhub.com\/tr\/wp-json\/wp\/v2\/media\/28430"}],"wp:attachment":[{"href":"https:\/\/researchchemicalhub.com\/tr\/wp-json\/wp\/v2\/media?parent=23813"}],"wp:term":[{"taxonomy":"product_brand","embeddable":true,"href":"https:\/\/researchchemicalhub.com\/tr\/wp-json\/wp\/v2\/product_brand?post=23813"},{"taxonomy":"product_cat","embeddable":true,"href":"https:\/\/researchchemicalhub.com\/tr\/wp-json\/wp\/v2\/product_cat?post=23813"},{"taxonomy":"product_tag","embeddable":true,"href":"https:\/\/researchchemicalhub.com\/tr\/wp-json\/wp\/v2\/product_tag?post=23813"}],"curies":[{"name":"wp","href":"https:\/\/api.w.org\/{rel}","templated":true}]}}