{"id":23796,"date":"2025-04-13T17:40:27","date_gmt":"2025-04-13T17:40:27","guid":{"rendered":"https:\/\/researchchemicalhub.com\/?post_type=product&#038;p=23796"},"modified":"2025-10-30T08:16:06","modified_gmt":"2025-10-30T08:16:06","slug":"pyrazolam-3-mg-pellets","status":"publish","type":"product","link":"https:\/\/researchchemicalhub.com\/tr\/shop\/benzodiazepinen\/pyrazolam-3-mg-pellets\/","title":{"rendered":"Pirazolam 3 MG Peletler"},"content":{"rendered":"<p data-start=\"4849\" data-end=\"5106\"><strong data-start=\"4849\" data-end=\"4862\">Pirazolam<\/strong> bir <strong data-start=\"4870\" data-end=\"4897\">benzodiazepin t\u00fcrevi<\/strong> bunun i\u00e7in kullan\u0131l\u0131r <strong data-start=\"4922\" data-end=\"4978\">bilimsel, analitik ve adli ara\u015ft\u0131rma<\/strong>Pelet formunda \u015fu \u015fekilde hizmet eder: <strong data-start=\"5012\" data-end=\"5051\">hassas bir \u015fekilde \u00f6l\u00e7\u00fclm\u00fc\u015f referans maddesi<\/strong> laboratuvar kalibrasyonu ve bile\u015fik tan\u0131mlamas\u0131 i\u00e7in. pirazolam<\/p>\n<p data-start=\"5108\" data-end=\"5428\">The <strong data-start=\"5111\" data-end=\"5137\">Pirazolam 3 mg Peletler<\/strong> yaln\u0131zca \u015funlar i\u00e7in tasarlanm\u0131\u015ft\u0131r: <strong data-start=\"5168\" data-end=\"5209\">ara\u015ft\u0131rma ve analitik uygulamalar<\/strong>Bunlar <strong data-start=\"5219\" data-end=\"5276\">insan veya hayvan t\u00fcketimine uygun de\u011fildir<\/strong>Laboratuvarlar bu peletleri benzodiazepin analoglar\u0131n\u0131 incelemek, tespit y\u00f6ntemleri geli\u015ftirmek ve toksikolojik analizler yapmak i\u00e7in kullan\u0131yor.<\/p>\n<hr data-start=\"5430\" data-end=\"5433\" \/>\n<h3 data-start=\"5435\" data-end=\"5466\"><strong data-start=\"5439\" data-end=\"5466\">Temel \u00d6zellikler<\/strong><\/h3>\n<ul data-start=\"5468\" data-end=\"5962\">\n<li data-start=\"5468\" data-end=\"5569\">\n<p data-start=\"5470\" data-end=\"5569\"><strong data-start=\"5470\" data-end=\"5495\">Do\u011fru Dozaj:<\/strong> Tutarl\u0131 ara\u015ft\u0131rma sonu\u00e7lar\u0131 i\u00e7in her pelet 3 mg Pirazolam i\u00e7erir.<\/p>\n<\/li>\n<li data-start=\"5570\" data-end=\"5663\">\n<p data-start=\"5572\" data-end=\"5663\"><strong data-start=\"5572\" data-end=\"5592\">Y\u00fcksek Safl\u0131k:<\/strong> G\u00fcvenilir veriler i\u00e7in s\u0131k\u0131 kalite kontrol\u00fc alt\u0131nda \u00fcretilmi\u015ftir.<\/p>\n<\/li>\n<li data-start=\"5664\" data-end=\"5763\">\n<p data-start=\"5666\" data-end=\"5763\"><strong data-start=\"5666\" data-end=\"5690\">Referans standard\u0131:<\/strong> Analitik, toksikolojik ve adli uygulamalara uygundur.<\/p>\n<\/li>\n<li data-start=\"5764\" data-end=\"5868\">\n<p data-start=\"5766\" data-end=\"5868\"><strong data-start=\"5766\" data-end=\"5790\">Kararl\u0131 Pelet \u015eekli:<\/strong> Kalite kayb\u0131 olmadan depolanmas\u0131, ta\u015f\u0131nmas\u0131 ve kullan\u0131m\u0131 kolayd\u0131r.<\/p>\n<\/li>\n<li data-start=\"5869\" data-end=\"5962\">\n<p data-start=\"5871\" data-end=\"5962\"><strong data-start=\"5871\" data-end=\"5888\">Belgeleme:<\/strong> Bir ile birlikte verilir <strong data-start=\"5906\" data-end=\"5934\">analiz sertifikas\u0131 (COA)<\/strong> ve safl\u0131k beyan\u0131.<\/p>\n<\/li>\n<\/ul>\n<hr data-start=\"5964\" data-end=\"5967\" \/>\n<h3 data-start=\"5969\" data-end=\"5986\"><strong data-start=\"5973\" data-end=\"5986\">Avantajlar\u0131<\/strong><\/h3>\n<ul data-start=\"5988\" data-end=\"6467\">\n<li data-start=\"5988\" data-end=\"6105\">\n<p data-start=\"5990\" data-end=\"6105\"><strong data-start=\"5990\" data-end=\"6026\">Artt\u0131r\u0131lm\u0131\u015f Analit Do\u011frulu\u011fu:<\/strong> Kromatografik ve spektrometrik ekipmanlar\u0131n kalibrasyonunu destekler.<\/p>\n<\/li>\n<li data-start=\"6106\" data-end=\"6203\">\n<p data-start=\"6108\" data-end=\"6203\"><strong data-start=\"6108\" data-end=\"6134\">Adli Olarak Uygulanabilir:<\/strong> Adli soru\u015fturmalarda benzodiazepinlerin tespitinde kullan\u0131l\u0131r.<\/p>\n<\/li>\n<li data-start=\"6204\" data-end=\"6292\">\n<p data-start=\"6206\" data-end=\"6292\"><strong data-start=\"6206\" data-end=\"6228\">E\u011fitim De\u011feri:<\/strong> Kimya ve toksikoloji alan\u0131ndaki e\u011fitim programlar\u0131na uygundur.<\/p>\n<\/li>\n<li data-start=\"6293\" data-end=\"6376\">\n<p data-start=\"6295\" data-end=\"6376\"><strong data-start=\"6295\" data-end=\"6326\">Tekrarlanabilir Sonu\u00e7lar:<\/strong> Pelet formu testler aras\u0131ndaki farkl\u0131l\u0131\u011f\u0131 en aza indirir.<\/p>\n<\/li>\n<li data-start=\"6377\" data-end=\"6467\">\n<p data-start=\"6379\" data-end=\"6467\"><strong data-start=\"6379\" data-end=\"6410\">G\u00fcvenli Laboratuvar Kullan\u0131m\u0131:<\/strong> Uluslararas\u0131 g\u00fcvenlik standartlar\u0131na uygun olarak \u00fcretilmi\u015ftir.<\/p>\n<\/li>\n<\/ul>\n<hr data-start=\"6469\" data-end=\"6472\" \/>\n<h3 data-start=\"6474\" data-end=\"6535\"><strong data-start=\"6478\" data-end=\"6535\">Kullan\u0131m Talimatlar\u0131 (Sadece Ara\u015ft\u0131rma Ama\u00e7l\u0131d\u0131r)<\/strong><\/h3>\n<ol data-start=\"6537\" data-end=\"6883\">\n<li data-start=\"6537\" data-end=\"6639\">\n<p data-start=\"6540\" data-end=\"6639\"><strong data-start=\"6540\" data-end=\"6558\">Haz\u0131rl\u0131k:<\/strong> Sadece akredite laboratuvarlarda ve uygun koruyucu ekipmanla kullan\u0131n.<\/p>\n<\/li>\n<li data-start=\"6640\" data-end=\"6732\">\n<p data-start=\"6643\" data-end=\"6732\"><strong data-start=\"6643\" data-end=\"6658\">Ba\u015fvuru:<\/strong> Ge\u00e7erli analitik veya kromatografik y\u00f6ntemlere g\u00f6re kullan\u0131n.<\/p>\n<\/li>\n<li data-start=\"6733\" data-end=\"6796\">\n<p data-start=\"6736\" data-end=\"6796\"><strong data-start=\"6736\" data-end=\"6747\">Depolamak:<\/strong> Serin, kuru ve karanl\u0131k bir yerde, a\u011fz\u0131 s\u0131k\u0131ca kapal\u0131 olarak saklay\u0131n\u0131z.<\/p>\n<\/li>\n<li data-start=\"6797\" data-end=\"6883\">\n<p data-start=\"6800\" data-end=\"6883\"><strong data-start=\"6800\" data-end=\"6811\">\u0130mha etmek:<\/strong> Kal\u0131nt\u0131lar\u0131 kimyasal at\u0131klara ili\u015fkin yerel y\u00f6netmeliklere uygun \u015fekilde bertaraf edin.<\/p>\n<\/li>\n<\/ol>\n<hr data-start=\"6885\" data-end=\"6888\" \/>\n<h3 data-start=\"6890\" data-end=\"6924\"><strong data-start=\"6894\" data-end=\"6924\">G\u00fcvenlik ve Uyumluluk<\/strong><\/h3>\n<ul data-start=\"6926\" data-end=\"7348\">\n<li data-start=\"6926\" data-end=\"7022\">\n<p data-start=\"6928\" data-end=\"7022\"><strong data-start=\"6928\" data-end=\"6966\">Sadece Laboratuvar Ara\u015ft\u0131rmalar\u0131 \u0130\u00e7in:<\/strong> \u0130nsan veya hayvan t\u00fcketimi i\u00e7in uygun de\u011fildir.<\/p>\n<\/li>\n<li data-start=\"7023\" data-end=\"7150\">\n<p data-start=\"7025\" data-end=\"7150\"><strong data-start=\"7025\" data-end=\"7053\">Hukuki Hususlar:<\/strong> Pyrazolam&#039;\u0131n yasal stat\u00fcs\u00fc \u00fclkeden \u00fclkeye de\u011fi\u015fiklik g\u00f6sterir. Yerel y\u00f6netmelikleri mutlaka kontrol edin.<\/p>\n<\/li>\n<li data-start=\"7151\" data-end=\"7257\">\n<p data-start=\"7153\" data-end=\"7257\"><strong data-start=\"7153\" data-end=\"7181\">Sa\u011fl\u0131k ve G\u00fcvenlik:<\/strong> Solunmas\u0131 ve cilt ile temas\u0131ndan ka\u00e7\u0131n\u0131n\u0131z. Uzman kontrol\u00fcnde kullan\u0131n\u0131z.<\/p>\n<\/li>\n<li data-start=\"7258\" data-end=\"7348\">\n<p data-start=\"7260\" data-end=\"7348\"><strong data-start=\"7260\" data-end=\"7277\">Belgeleme:<\/strong> A <strong data-start=\"7282\" data-end=\"7318\">g\u00fcvenlik bilgi formu (MSDS)<\/strong> Talep \u00fczerine mevcuttur.<\/p>\n<\/li>\n<\/ul>\n<hr data-start=\"7350\" data-end=\"7353\" \/>\n<h3 data-start=\"7355\" data-end=\"7390\"><strong data-start=\"7359\" data-end=\"7390\">S\u0131k\u00e7a Sorulan Sorular (SSS)<\/strong><\/h3>\n<p data-start=\"7392\" data-end=\"7554\"><strong data-start=\"7392\" data-end=\"7447\">1. Pyrazolam 3 mg Peletler ne i\u00e7in kullan\u0131l\u0131r?<\/strong><br data-start=\"7447\" data-end=\"7450\" \/>Bunlar olarak kullan\u0131l\u0131rlar <strong data-start=\"7473\" data-end=\"7496\">referans standard\u0131<\/strong> analitik, adli ve toksikolojik ara\u015ft\u0131rmalar i\u00e7in.<\/p>\n<p data-start=\"7556\" data-end=\"7735\"><strong data-start=\"7556\" data-end=\"7616\">2. Bu peletler insan t\u00fcketimi i\u00e7in mi tasarlanm\u0131\u015ft\u0131r?<\/strong><br data-start=\"7616\" data-end=\"7619\" \/>Hay\u0131r. Bu peletler <strong data-start=\"7642\" data-end=\"7684\">sadece laboratuvar ara\u015ft\u0131rmalar\u0131 i\u00e7in<\/strong> Ve <strong data-start=\"7688\" data-end=\"7732\">t\u0131bbi kullan\u0131m i\u00e7in onaylanmam\u0131\u015ft\u0131r<\/strong>.<\/p>\n<p data-start=\"7737\" data-end=\"7893\"><strong data-start=\"7737\" data-end=\"7796\">3. Pyrazolam 3 mg Peletler nas\u0131l saklanmal\u0131d\u0131r?<\/strong><br data-start=\"7796\" data-end=\"7799\" \/>Serin, kuru ve karanl\u0131k bir yerde, a\u011fz\u0131 s\u0131k\u0131ca kapal\u0131 bir kapta, yetkisiz ki\u015filerin ula\u015famayaca\u011f\u0131 yerde saklay\u0131n\u0131z.<\/p>","protected":false},"excerpt":{"rendered":"<h2><span style=\"vertical-align: inherit;\"><span style=\"vertical-align: inherit;\">Pyrazolam 3 MG pellets properties<\/span><\/span><\/h2>\n<p><strong><span style=\"vertical-align: inherit;\"><span style=\"vertical-align: inherit;\">Synonym<\/span><\/span><\/strong><span style=\"vertical-align: inherit;\"><span style=\"vertical-align: inherit;\"> : <\/span><\/span><i><span style=\"vertical-align: inherit;\"><span style=\"vertical-align: inherit;\">8-bromo-1-methyl-6-(pyridin-2-yl)-4H-[1,2,4]triazolo[4,3-a][1,4]benzodiazepine <\/span><\/span><\/i><br \/>\n<strong><span style=\"vertical-align: inherit;\"><span style=\"vertical-align: inherit;\">CAS Number<\/span><\/span><\/strong><span style=\"vertical-align: inherit;\"><span style=\"vertical-align: inherit;\"> : 39243-02-2 <\/span><\/span><br \/>\n<strong><span style=\"vertical-align: inherit;\"><span style=\"vertical-align: inherit;\">Formula<\/span><\/span><\/strong><span style=\"vertical-align: inherit;\"><span style=\"vertical-align: inherit;\"> : C16H12BrN5 <\/span><\/span><br \/>\n<strong><span style=\"vertical-align: inherit;\"><span style=\"vertical-align: inherit;\">Molar Mass<\/span><\/span><\/strong><span style=\"vertical-align: inherit;\"><span style=\"vertical-align: inherit;\"> : 354.20 <\/span><\/span><br \/>\n<strong><span style=\"vertical-align: inherit;\"><span style=\"vertical-align: inherit;\">Purity<\/span><\/span><\/strong><span style=\"vertical-align: inherit;\"><span style=\"vertical-align: inherit;\"> : \u2265 99%<\/span><\/span><\/p>\n","protected":false},"featured_media":28596,"comment_status":"closed","ping_status":"closed","template":"","meta":[],"product_brand":[82],"product_cat":[76,324,389,395],"product_tag":[326,96,99,98],"class_list":{"0":"post-23796","1":"product","2":"type-product","3":"status-publish","4":"has-post-thumbnail","6":"product_brand-research-chemical","7":"product_cat-benzodiazepinen","8":"product_cat-pellets-for-pellet","9":"product_cat-pyrazolam-kopen","10":"product_cat-pyrazolam-pellets","11":"product_tag-nl","12":"product_tag-pyrazolam","13":"product_tag-pyrazolam-kopen","14":"product_tag-pyrazolam-werking","16":"first","17":"instock","18":"taxable","19":"shipping-taxable","20":"purchasable","21":"product-type-variable"},"_links":{"self":[{"href":"https:\/\/researchchemicalhub.com\/tr\/wp-json\/wp\/v2\/product\/23796","targetHints":{"allow":["GET"]}}],"collection":[{"href":"https:\/\/researchchemicalhub.com\/tr\/wp-json\/wp\/v2\/product"}],"about":[{"href":"https:\/\/researchchemicalhub.com\/tr\/wp-json\/wp\/v2\/types\/product"}],"replies":[{"embeddable":true,"href":"https:\/\/researchchemicalhub.com\/tr\/wp-json\/wp\/v2\/comments?post=23796"}],"version-history":[{"count":5,"href":"https:\/\/researchchemicalhub.com\/tr\/wp-json\/wp\/v2\/product\/23796\/revisions"}],"predecessor-version":[{"id":25518,"href":"https:\/\/researchchemicalhub.com\/tr\/wp-json\/wp\/v2\/product\/23796\/revisions\/25518"}],"wp:featuredmedia":[{"embeddable":true,"href":"https:\/\/researchchemicalhub.com\/tr\/wp-json\/wp\/v2\/media\/28596"}],"wp:attachment":[{"href":"https:\/\/researchchemicalhub.com\/tr\/wp-json\/wp\/v2\/media?parent=23796"}],"wp:term":[{"taxonomy":"product_brand","embeddable":true,"href":"https:\/\/researchchemicalhub.com\/tr\/wp-json\/wp\/v2\/product_brand?post=23796"},{"taxonomy":"product_cat","embeddable":true,"href":"https:\/\/researchchemicalhub.com\/tr\/wp-json\/wp\/v2\/product_cat?post=23796"},{"taxonomy":"product_tag","embeddable":true,"href":"https:\/\/researchchemicalhub.com\/tr\/wp-json\/wp\/v2\/product_tag?post=23796"}],"curies":[{"name":"wp","href":"https:\/\/api.w.org\/{rel}","templated":true}]}}