{"id":23617,"date":"2025-04-13T17:40:06","date_gmt":"2025-04-13T17:40:06","guid":{"rendered":"https:\/\/researchchemicalhub.com\/?post_type=product&#038;p=23617"},"modified":"2025-10-30T09:12:53","modified_gmt":"2025-10-30T09:12:53","slug":"2-fma-kopen-2","status":"publish","type":"product","link":"https:\/\/researchchemicalhub.com\/tr\/shop\/2-fma-kopen\/2-fma-kopen-2\/","title":{"rendered":"2-FMA 30 MG Peletler (2-florometamfetamin)"},"content":{"rendered":"<h1><strong>2FMA 30 MG Peletler (2-Floroamfetamin) \u2013 Bilimsel \u00dcr\u00fcn A\u00e7\u0131klamas\u0131<\/strong><\/h1>\n<p data-start=\"3706\" data-end=\"4029\"><strong data-start=\"3706\" data-end=\"3741\">2-FMA (2-Florometamfetamin)<\/strong> 30 MG Peletler <strong data-start=\"3761\" data-end=\"3807\">y\u00fcksek safl\u0131kta ara\u015ft\u0131rma bile\u015fikleri<\/strong>, i\u00e7in tasarlanm\u0131\u015f <strong data-start=\"3824\" data-end=\"3877\">n\u00f6robilimsel ve farmakolojik ara\u015ft\u0131rmalar<\/strong>2 fma sat\u0131n al<br data-start=\"3878\" data-end=\"3881\" \/>Metamfetaminin florlanm\u0131\u015f bir \u00e7e\u015fidi olan 2-FMA, a\u015fa\u011f\u0131daki konulardaki \u00e7al\u0131\u015fmalar i\u00e7in ilgi \u00e7ekicidir: <strong data-start=\"3956\" data-end=\"3986\">n\u00f6rotransmitter aktivitesi<\/strong> Ve <strong data-start=\"3990\" data-end=\"4026\">merkezi sinir sistemi mekanizmalar\u0131<\/strong>.<\/p>\n<p data-start=\"4031\" data-end=\"4237\">Her pelet \u015funlar\u0131 i\u00e7erir: <strong data-start=\"4049\" data-end=\"4072\">30 mg saf 2-FMA<\/strong>Do\u011fru dozajlama ve tekrarlanabilir ara\u015ft\u0131rma sonu\u00e7lar\u0131 i\u00e7in \u00f6zenle \u00f6l\u00e7\u00fclm\u00fc\u015ft\u00fcr. Sabit pelet \u015fekli, depolama ve kullan\u0131m\u0131 daha kolay ve g\u00fcvenli hale getirir.<\/p>\n<blockquote data-start=\"4239\" data-end=\"4377\">\n<p data-start=\"4241\" data-end=\"4377\">\u26a0\ufe0f <strong data-start=\"4244\" data-end=\"4255\">Not:<\/strong> Bu \u00fcr\u00fcn <strong data-start=\"4271\" data-end=\"4326\">yaln\u0131zca bilimsel ara\u015ft\u0131rma ama\u00e7l\u0131<\/strong> Ve <strong data-start=\"4330\" data-end=\"4374\">insan t\u00fcketimine uygun de\u011fildir<\/strong>.<\/p>\n<\/blockquote>\n<hr data-start=\"4379\" data-end=\"4382\" \/>\n<h3 data-start=\"4384\" data-end=\"4415\"><strong data-start=\"4388\" data-end=\"4415\">Temel \u00d6zellikler<\/strong><\/h3>\n<ul data-start=\"4416\" data-end=\"4852\">\n<li data-start=\"4416\" data-end=\"4511\">\n<p data-start=\"4418\" data-end=\"4511\"><strong data-start=\"4418\" data-end=\"4444\">Y\u00fcksek Safl\u0131k (\u226599%)<\/strong> \u2013 Maksimum kalite ve g\u00fcvenilirlik i\u00e7in laboratuvar testlerinden ge\u00e7irilmi\u015ftir.<\/p>\n<\/li>\n<li data-start=\"4512\" data-end=\"4600\">\n<p data-start=\"4514\" data-end=\"4600\"><strong data-start=\"4514\" data-end=\"4557\">Do\u011fru Dozaj (pelet ba\u015f\u0131na 30 MG)<\/strong> \u2013 Tutarl\u0131 ara\u015ft\u0131rma sonu\u00e7lar\u0131 i\u00e7in.<\/p>\n<\/li>\n<li data-start=\"4601\" data-end=\"4687\">\n<p data-start=\"4603\" data-end=\"4687\"><strong data-start=\"4603\" data-end=\"4629\">Geli\u015ftirilmi\u015f Stabilite<\/strong> \u2013 Pelet formu bozulmay\u0131 \u00f6nler ve raf \u00f6mr\u00fcn\u00fc uzat\u0131r.<\/p>\n<\/li>\n<li data-start=\"4688\" data-end=\"4767\">\n<p data-start=\"4690\" data-end=\"4767\"><strong data-start=\"4690\" data-end=\"4724\">Tutarl\u0131 Kalite Kontrol\u00fc<\/strong> \u2013 GMP benzeri standartlarda \u00fcretilmi\u015ftir.<\/p>\n<\/li>\n<li data-start=\"4768\" data-end=\"4852\">\n<p data-start=\"4770\" data-end=\"4852\"><strong data-start=\"4770\" data-end=\"4792\">G\u00fcvenli Paketleme<\/strong> \u2013 Optimum koruma i\u00e7in hava ge\u00e7irmez ve neme dayan\u0131kl\u0131d\u0131r.<\/p>\n<\/li>\n<\/ul>\n<hr data-start=\"4854\" data-end=\"4857\" \/>\n<h3 data-start=\"4859\" data-end=\"4876\"><strong data-start=\"4863\" data-end=\"4876\">Avantajlar\u0131<\/strong><\/h3>\n<ul data-start=\"4877\" data-end=\"5166\">\n<li data-start=\"4877\" data-end=\"4954\">\n<p data-start=\"4879\" data-end=\"4954\">Uygun olanlar <strong data-start=\"4893\" data-end=\"4951\">uyar\u0131c\u0131lar ve n\u00f6rotransmitter sistemleri \u00fczerine ara\u015ft\u0131rmalar<\/strong>.<\/p>\n<\/li>\n<li data-start=\"4955\" data-end=\"5021\">\n<p data-start=\"4957\" data-end=\"5021\">Sa\u011flar <strong data-start=\"4968\" data-end=\"4992\">hassas dozajlama<\/strong> ve g\u00fcvenilir sonu\u00e7lar.<\/p>\n<\/li>\n<li data-start=\"5022\" data-end=\"5098\">\n<p data-start=\"5024\" data-end=\"5098\"><strong data-start=\"5024\" data-end=\"5064\">Kullan\u0131m\u0131 ve saklanmas\u0131 kolayd\u0131r<\/strong> kararl\u0131 pelet \u015fekli sayesinde.<\/p>\n<\/li>\n<li data-start=\"5099\" data-end=\"5166\">\n<p data-start=\"5101\" data-end=\"5166\">\u0130\u00e7in idealdir <strong data-start=\"5113\" data-end=\"5163\">akademik, analitik veya adli ara\u015ft\u0131rma<\/strong>2 fma sat\u0131n al<\/p>\n<\/li>\n<\/ul>\n<hr data-start=\"5168\" data-end=\"5171\" \/>\n<h3 data-start=\"5173\" data-end=\"5188\"><strong data-start=\"5177\" data-end=\"5188\">Kullan\u0131m<\/strong><\/h3>\n<ul data-start=\"5189\" data-end=\"5483\">\n<li data-start=\"5189\" data-end=\"5261\">\n<p data-start=\"5191\" data-end=\"5261\">Sadece i\u00e7in <strong data-start=\"5203\" data-end=\"5228\">laboratuvar ara\u015ft\u0131rmas\u0131<\/strong> Nitelikli personel taraf\u0131ndan.<\/p>\n<\/li>\n<li data-start=\"5262\" data-end=\"5345\">\n<p data-start=\"5264\" data-end=\"5345\">Uygun giyin <strong data-start=\"5280\" data-end=\"5304\">koruyucu ekipman<\/strong> eldiven ve g\u00fcvenlik g\u00f6zl\u00fc\u011f\u00fc gibi.<\/p>\n<\/li>\n<li data-start=\"5346\" data-end=\"5424\">\n<p data-start=\"5348\" data-end=\"5424\">Birinden tasarruf edin <strong data-start=\"5363\" data-end=\"5386\">serin ve kuru bir yer<\/strong>, g\u00fcne\u015f \u0131\u015f\u0131\u011f\u0131ndan ve nemden korunmal\u0131d\u0131r.<\/p>\n<\/li>\n<li data-start=\"5425\" data-end=\"5483\">\n<p data-start=\"5427\" data-end=\"5483\">\u0130nsan ve hayvan t\u00fcketimine uygun de\u011fildir.<\/p>\n<\/li>\n<\/ul>\n<hr data-start=\"5485\" data-end=\"5488\" \/>\n<h3 data-start=\"5490\" data-end=\"5525\"><strong data-start=\"5494\" data-end=\"5525\">S\u0131k\u00e7a Sorulan Sorular (SSS)<\/strong><\/h3>\n<p data-start=\"5527\" data-end=\"5694\"><strong data-start=\"5527\" data-end=\"5564\">1. 2-FMA ne i\u00e7in kullan\u0131l\u0131r?<\/strong><br data-start=\"5564\" data-end=\"5567\" \/>2-FMA \u015fu durumlarda kullan\u0131l\u0131r: <strong data-start=\"5591\" data-end=\"5644\">n\u00f6robilimsel ve farmakolojik ara\u015ft\u0131rmalar<\/strong> uyar\u0131c\u0131lara ve n\u00f6rotransmitter aktivitesine.<\/p>\n<p data-start=\"5696\" data-end=\"5870\"><strong data-start=\"5696\" data-end=\"5748\">2. 2-FMA 30 MG insan kullan\u0131m\u0131 i\u00e7in g\u00fcvenli midir?<\/strong><br data-start=\"5748\" data-end=\"5751\" \/>Hay\u0131r. Bu \u00fcr\u00fcn <strong data-start=\"5771\" data-end=\"5820\">yaln\u0131zca ara\u015ft\u0131rma ama\u00e7l\u0131d\u0131r<\/strong> ve insan t\u00fcketimi i\u00e7in onaylanmam\u0131\u015ft\u0131r.<\/p>\n<p data-start=\"5872\" data-end=\"6040\"><strong data-start=\"5872\" data-end=\"5915\">3. 2-FMA 30 MG nas\u0131l saklanmal\u0131d\u0131r?<\/strong><br data-start=\"5915\" data-end=\"5918\" \/>Bir yerde saklay\u0131n <strong data-start=\"5933\" data-end=\"5963\">iyi kapat\u0131lm\u0131\u015f ambalaj<\/strong> Oda s\u0131cakl\u0131\u011f\u0131nda (15\u201325\u00b0C), nemden ve do\u011frudan g\u00fcne\u015f \u0131\u015f\u0131\u011f\u0131ndan uzakta saklay\u0131n.<\/p>\n<h3><span style=\"color: #333333; font-size: 16px;\">.<\/span><a style=\"font-size: 16px;\" href=\"https:\/\/researchchemicalhub.com\/tr\/shop\/iboga-ibogaine\/iboga-root-bark\/\">iboga k\u00f6k kabu\u011fu<\/a><a style=\"font-size: 16px;\" href=\"https:\/\/researchchemicalhub.com\/tr\/shop\/iboga-ibogaine\/buy-ibogaine-hcl-online\/\">ibogaine hcl&#039;yi \u00e7evrimi\u00e7i sat\u0131n al<\/a><a style=\"font-size: 16px;\" href=\"https:\/\/researchchemicalhub.com\/tr\/shop\/lysergamides\/1cp-lsd\/\">1cp lsd<\/a><a style=\"font-size: 16px;\" href=\"https:\/\/researchchemicalhub.com\/tr\/shop\/pellets\/o-dsmt-50mg-pellets\/\">o-dsmt<\/a><a style=\"font-size: 16px;\" href=\"https:\/\/researchchemicalhub.com\/tr\/shop\/lysergamides\/1vlsd\/\">1vlsd<\/a><\/h3>\n<p>&nbsp;<\/p>","protected":false},"excerpt":{"rendered":"<p>2FMA 30 MG Pellets (2-Fluoroamfetamine) \u2013 Wetenschappelijke Productbeschrijving 2-FMA (2-Fluoromethamphetamine) 30 MG Pellets zijn onderzoeksverbindingen van hoge zuiverheid, ontworpen voor<\/p>","protected":false},"featured_media":28388,"comment_status":"closed","ping_status":"closed","template":"","meta":[],"product_brand":[82],"product_cat":[431,432,322,333,324],"product_tag":[572,617,618,589,619,326],"class_list":{"0":"post-23617","1":"product","2":"type-product","3":"status-publish","4":"has-post-thumbnail","6":"product_brand-research-chemical","7":"product_cat-2-fma-kopen","8":"product_cat-2-fma-pellets","9":"product_cat-bijna-verboden","10":"product_cat-gefluoreerden","11":"product_cat-pellets-for-pellet","12":"product_tag-2-fma-kopen","13":"product_tag-2-fma","14":"product_tag-2fma","15":"product_tag-2fma-drugs","16":"product_tag-2fma-kopen","17":"product_tag-nl","19":"first","20":"instock","21":"taxable","22":"shipping-taxable","23":"purchasable","24":"product-type-variable"},"_links":{"self":[{"href":"https:\/\/researchchemicalhub.com\/tr\/wp-json\/wp\/v2\/product\/23617","targetHints":{"allow":["GET"]}}],"collection":[{"href":"https:\/\/researchchemicalhub.com\/tr\/wp-json\/wp\/v2\/product"}],"about":[{"href":"https:\/\/researchchemicalhub.com\/tr\/wp-json\/wp\/v2\/types\/product"}],"replies":[{"embeddable":true,"href":"https:\/\/researchchemicalhub.com\/tr\/wp-json\/wp\/v2\/comments?post=23617"}],"version-history":[{"count":6,"href":"https:\/\/researchchemicalhub.com\/tr\/wp-json\/wp\/v2\/product\/23617\/revisions"}],"predecessor-version":[{"id":27995,"href":"https:\/\/researchchemicalhub.com\/tr\/wp-json\/wp\/v2\/product\/23617\/revisions\/27995"}],"wp:featuredmedia":[{"embeddable":true,"href":"https:\/\/researchchemicalhub.com\/tr\/wp-json\/wp\/v2\/media\/28388"}],"wp:attachment":[{"href":"https:\/\/researchchemicalhub.com\/tr\/wp-json\/wp\/v2\/media?parent=23617"}],"wp:term":[{"taxonomy":"product_brand","embeddable":true,"href":"https:\/\/researchchemicalhub.com\/tr\/wp-json\/wp\/v2\/product_brand?post=23617"},{"taxonomy":"product_cat","embeddable":true,"href":"https:\/\/researchchemicalhub.com\/tr\/wp-json\/wp\/v2\/product_cat?post=23617"},{"taxonomy":"product_tag","embeddable":true,"href":"https:\/\/researchchemicalhub.com\/tr\/wp-json\/wp\/v2\/product_tag?post=23617"}],"curies":[{"name":"wp","href":"https:\/\/api.w.org\/{rel}","templated":true}]}}