{"id":23611,"date":"2025-04-13T17:40:06","date_gmt":"2025-04-13T17:40:06","guid":{"rendered":"https:\/\/researchchemicalhub.com\/?post_type=product&#038;p=23611"},"modified":"2025-10-30T09:11:28","modified_gmt":"2025-10-30T09:11:28","slug":"3-fpm-2-satin-al","status":"publish","type":"product","link":"https:\/\/researchchemicalhub.com\/tr\/magaza\/3-fpm\/3-fpm-2-satin-al\/","title":{"rendered":"3-FPM 50 MG Peletler (3-Florofenmetrazin)"},"content":{"rendered":"<h1><strong><span dir=\"auto\" style=\"vertical-align: inherit;\"><span dir=\"auto\" style=\"vertical-align: inherit;\">3 fpm 50 MG Peletler (3-Fluorophenmetrazine) \u2013 Ara\u015ft\u0131rmada Kalite ve Hassasiyet<\/span><\/span><\/strong><\/h1>\n<p data-start=\"3687\" data-end=\"4034\"><strong data-start=\"3687\" data-end=\"3720\">3-FPM (3-Florofenmetrazin)<\/strong> 50 MG Peletler <strong data-start=\"3740\" data-end=\"3786\">y\u00fcksek safl\u0131kta ara\u015ft\u0131rma bile\u015fikleri<\/strong>i\u00e7in geli\u015ftirildi <strong data-start=\"3804\" data-end=\"3857\">n\u00f6robilimsel ve farmakolojik ara\u015ft\u0131rmalar<\/strong>. 3 fpm sat\u0131n al<br data-start=\"3858\" data-end=\"3861\" \/>Florlanm\u0131\u015f bir \u00e7e\u015fidi olarak <strong data-start=\"3894\" data-end=\"3911\">fenmetrazin<\/strong> 3-FPM, i\u00e7g\u00f6r\u00fc sa\u011flama potansiyeli a\u00e7\u0131s\u0131ndan ara\u015ft\u0131r\u0131l\u0131yor <strong data-start=\"3982\" data-end=\"4031\">dopaminerjik ve noradrenerjik ta\u015f\u0131ma sistemleri<\/strong>.<\/p>\n<p data-start=\"4036\" data-end=\"4294\">Her pelet \u015funlar\u0131 i\u00e7erir: <strong data-start=\"4054\" data-end=\"4085\">50 mg 3-Florofenmetrazin<\/strong>Do\u011fru dozajlama ve g\u00fcvenilir ara\u015ft\u0131rma sonu\u00e7lar\u0131 i\u00e7in dikkatlice \u00f6l\u00e7\u00fclm\u00fc\u015ft\u00fcr. Bu \u00fcr\u00fcn yaln\u0131zca <strong data-start=\"4211\" data-end=\"4243\">nitelikli ara\u015ft\u0131rmac\u0131lar<\/strong> Ve <strong data-start=\"4247\" data-end=\"4291\">insan t\u00fcketimine uygun de\u011fildir<\/strong>.<\/p>\n<blockquote data-start=\"4296\" data-end=\"4391\">\n<p data-start=\"4298\" data-end=\"4391\">\u26a0\ufe0f <strong data-start=\"4301\" data-end=\"4312\">Not:<\/strong> 3-FPM 50 MG Peletler <strong data-start=\"4338\" data-end=\"4388\">yaln\u0131zca laboratuvar ara\u015ft\u0131rmalar\u0131 i\u00e7in tasarlanm\u0131\u015ft\u0131r<\/strong>.<\/p>\n<\/blockquote>\n<hr data-start=\"4393\" data-end=\"4396\" \/>\n<h3 data-start=\"4398\" data-end=\"4429\"><strong data-start=\"4402\" data-end=\"4429\">Temel \u00d6zellikler<\/strong><\/h3>\n<ul data-start=\"4430\" data-end=\"4879\">\n<li data-start=\"4430\" data-end=\"4525\">\n<p data-start=\"4432\" data-end=\"4525\"><strong data-start=\"4432\" data-end=\"4458\">Y\u00fcksek Safl\u0131k (\u226599%)<\/strong> \u2013 Kalite, stabilite ve bile\u015fim a\u00e7\u0131s\u0131ndan laboratuvar testlerinden ge\u00e7irilmi\u015ftir.<\/p>\n<\/li>\n<li data-start=\"4526\" data-end=\"4614\">\n<p data-start=\"4528\" data-end=\"4614\"><strong data-start=\"4528\" data-end=\"4571\">Do\u011fru Dozaj (pelet ba\u015f\u0131na 50 MG)<\/strong> \u2013 Tekrarlanabilir sonu\u00e7lar\u0131 garanti eder.<\/p>\n<\/li>\n<li data-start=\"4615\" data-end=\"4704\">\n<p data-start=\"4617\" data-end=\"4704\"><strong data-start=\"4617\" data-end=\"4643\">Geli\u015ftirilmi\u015f Stabilite<\/strong> \u2013 Pelet formu bozulmay\u0131 \u00f6nler ve raf \u00f6mr\u00fcn\u00fc uzat\u0131r.<\/p>\n<\/li>\n<li data-start=\"4705\" data-end=\"4783\">\n<p data-start=\"4707\" data-end=\"4783\"><strong data-start=\"4707\" data-end=\"4732\">GMP benzeri \u00fcretim<\/strong> \u2013 Garantili tutarl\u0131l\u0131k ve g\u00fcvenilirlik.<\/p>\n<\/li>\n<li data-start=\"4784\" data-end=\"4879\">\n<p data-start=\"4786\" data-end=\"4879\"><strong data-start=\"4786\" data-end=\"4808\">G\u00fcvenli Paketleme<\/strong> \u2013 Hava ve nem ge\u00e7irmez ambalaj, ba\u011flant\u0131y\u0131 korur. 3 fpm sat\u0131n al\u0131n.<\/p>\n<\/li>\n<\/ul>\n<hr data-start=\"4881\" data-end=\"4884\" \/>\n<h3 data-start=\"4886\" data-end=\"4903\"><strong data-start=\"4890\" data-end=\"4903\">Avantajlar\u0131<\/strong><\/h3>\n<ul data-start=\"4904\" data-end=\"5187\">\n<li data-start=\"4904\" data-end=\"4980\">\n<p data-start=\"4906\" data-end=\"4980\">Sa\u011flar <strong data-start=\"4917\" data-end=\"4941\">hassas dozajlama<\/strong> ve g\u00fcvenilir ara\u015ft\u0131rma sonu\u00e7lar\u0131.<\/p>\n<\/li>\n<li data-start=\"4981\" data-end=\"5058\">\n<p data-start=\"4983\" data-end=\"5058\">Uygun olanlar <strong data-start=\"4997\" data-end=\"5055\">uyar\u0131c\u0131lar ve n\u00f6rotransmitter sistemleri \u00fczerine ara\u015ft\u0131rmalar<\/strong>.<\/p>\n<\/li>\n<li data-start=\"5059\" data-end=\"5107\">\n<p data-start=\"5061\" data-end=\"5107\"><strong data-start=\"5061\" data-end=\"5083\">Uzun raf \u00f6mr\u00fc<\/strong> ve kolay saklama.<\/p>\n<\/li>\n<li data-start=\"5108\" data-end=\"5187\">\n<p data-start=\"5110\" data-end=\"5187\"><strong data-start=\"5110\" data-end=\"5143\">Kullan\u0131c\u0131 dostu ve g\u00fcvenli<\/strong> kontroll\u00fc laboratuvar ortamlar\u0131nda.<\/p>\n<\/li>\n<\/ul>\n<hr data-start=\"5189\" data-end=\"5192\" \/>\n<h3 data-start=\"5194\" data-end=\"5209\"><strong data-start=\"5198\" data-end=\"5209\">Kullan\u0131m<\/strong><\/h3>\n<ul data-start=\"5210\" data-end=\"5490\">\n<li data-start=\"5210\" data-end=\"5272\">\n<p data-start=\"5212\" data-end=\"5272\">Sadece i\u00e7in <strong data-start=\"5224\" data-end=\"5269\">bilimsel ve laboratuvar ara\u015ft\u0131rmalar\u0131<\/strong>.<\/p>\n<\/li>\n<li data-start=\"5273\" data-end=\"5356\">\n<p data-start=\"5275\" data-end=\"5356\">Uygun giyin <strong data-start=\"5291\" data-end=\"5315\">koruyucu ekipman<\/strong> eldiven ve g\u00fcvenlik g\u00f6zl\u00fc\u011f\u00fc gibi.<\/p>\n<\/li>\n<li data-start=\"5357\" data-end=\"5432\">\n<p data-start=\"5359\" data-end=\"5432\">Birinden tasarruf edin <strong data-start=\"5374\" data-end=\"5397\">serin ve kuru bir yer<\/strong>, \u0131\u015f\u0131k ve nemden korunmal\u0131d\u0131r.<\/p>\n<\/li>\n<li data-start=\"5433\" data-end=\"5490\">\n<p data-start=\"5435\" data-end=\"5490\">\u0130nsan veya hayvan t\u00fcketimi i\u00e7in uygun de\u011fildir.<\/p>\n<\/li>\n<\/ul>\n<hr data-start=\"5492\" data-end=\"5495\" \/>\n<h3 data-start=\"5497\" data-end=\"5532\"><strong data-start=\"5501\" data-end=\"5532\">S\u0131k\u00e7a Sorulan Sorular (SSS)<\/strong><\/h3>\n<p data-start=\"5534\" data-end=\"5687\"><strong data-start=\"5534\" data-end=\"5571\">1. 3-FPM ne i\u00e7in kullan\u0131l\u0131r?<\/strong><br data-start=\"5571\" data-end=\"5574\" \/>3-FPM kullan\u0131l\u0131r <strong data-start=\"5598\" data-end=\"5633\">sinirbilimsel ara\u015ft\u0131rma<\/strong> uyar\u0131c\u0131lara ve monoamin ta\u015f\u0131ma mekanizmalar\u0131na.<\/p>\n<p data-start=\"5689\" data-end=\"5865\"><strong data-start=\"5689\" data-end=\"5743\">2. 3-FPM 50 MG insan kullan\u0131m\u0131 i\u00e7in uygun mudur?<\/strong><br data-start=\"5743\" data-end=\"5746\" \/>Hay\u0131r. Bu \u00fcr\u00fcn <strong data-start=\"5766\" data-end=\"5815\">yaln\u0131zca ara\u015ft\u0131rma ama\u00e7l\u0131d\u0131r<\/strong> ve insan t\u00fcketimi i\u00e7in onaylanmam\u0131\u015ft\u0131r.<\/p>\n<p data-start=\"5867\" data-end=\"6035\"><strong data-start=\"5867\" data-end=\"5910\">3. 3-FPM 50 MG nas\u0131l saklanmal\u0131d\u0131r?<\/strong><br data-start=\"5910\" data-end=\"5913\" \/>Bir yerde saklay\u0131n <strong data-start=\"5928\" data-end=\"5958\">iyi kapat\u0131lm\u0131\u015f ambalaj<\/strong> Oda s\u0131cakl\u0131\u011f\u0131nda (15\u201325\u00b0C), nemden ve do\u011frudan g\u00fcne\u015f \u0131\u015f\u0131\u011f\u0131ndan uzakta saklay\u0131n.<\/p>\n<h3><a style=\"font-size: 16px;\" href=\"https:\/\/researchchemicalhub.com\/tr\/magaza\/iboga-ibogaine\/iboga-kok-kabugu\/\"><span dir=\"auto\" style=\"vertical-align: inherit;\"><span dir=\"auto\" style=\"vertical-align: inherit;\">iboga k\u00f6k kabu\u011fu<\/span><\/span><\/a><a style=\"font-size: 16px;\" href=\"https:\/\/researchchemicalhub.com\/tr\/magaza\/iboga-ibogaine\/ibogaine-hclyi-cevrimici-satin-al\/\"><span dir=\"auto\" style=\"vertical-align: inherit;\"><span dir=\"auto\" style=\"vertical-align: inherit;\">ibogaine hcl&#039;yi \u00e7evrimi\u00e7i sat\u0131n al<\/span><\/span><\/a><a style=\"font-size: 16px;\" href=\"https:\/\/researchchemicalhub.com\/tr\/magaza\/lizergamidler\/1cp-lsd\/\"><span dir=\"auto\" style=\"vertical-align: inherit;\"><span dir=\"auto\" style=\"vertical-align: inherit;\">1cp lsd <\/span><\/span><\/a><a style=\"font-size: 16px;\" href=\"https:\/\/researchchemicalhub.com\/tr\/magaza\/pellets\/o-dsmt-50-mg-peletler\/\"><span dir=\"auto\" style=\"vertical-align: inherit;\"><span dir=\"auto\" style=\"vertical-align: inherit;\">o-dsmt <\/span><\/span><\/a><a style=\"font-size: 16px;\" href=\"https:\/\/researchchemicalhub.com\/tr\/magaza\/lizergamidler\/1vlsd\/\"><span dir=\"auto\" style=\"vertical-align: inherit;\"><span dir=\"auto\" style=\"vertical-align: inherit;\">1vlsd<\/span><\/span><\/a><\/h3>","protected":false},"excerpt":{"rendered":"<p>3 fpm 50 MG Peletler (3-Fluorophenmetrazine) \u2013 Ara\u015ft\u0131rmada Kalite ve Hassasiyet 3-FPM (3-Fluorophenmetrazine) 50 MG Peletler, ara\u015ft\u0131rma bile\u015fikleridir.<\/p>","protected":false},"featured_media":28406,"comment_status":"closed","ping_status":"closed","template":"","meta":[],"product_brand":[82],"product_cat":[441,442,322,333,324],"product_tag":[606,601,605,326],"class_list":{"0":"post-23611","1":"product","2":"type-product","3":"status-publish","4":"has-post-thumbnail","6":"product_brand-research-chemical","7":"product_cat-3-fpm","8":"product_cat-3-fpm-pellets","9":"product_cat-bijna-verboden","10":"product_cat-gefluoreerden","11":"product_cat-pellets-for-pellet","12":"product_tag-3-fluorophenmetrazine","13":"product_tag-3-fpm","14":"product_tag-3fpm","15":"product_tag-nl","17":"first","18":"instock","19":"taxable","20":"shipping-taxable","21":"purchasable","22":"product-type-variable"},"_links":{"self":[{"href":"https:\/\/researchchemicalhub.com\/tr\/wp-json\/wp\/v2\/product\/23611","targetHints":{"allow":["GET"]}}],"collection":[{"href":"https:\/\/researchchemicalhub.com\/tr\/wp-json\/wp\/v2\/product"}],"about":[{"href":"https:\/\/researchchemicalhub.com\/tr\/wp-json\/wp\/v2\/types\/product"}],"replies":[{"embeddable":true,"href":"https:\/\/researchchemicalhub.com\/tr\/wp-json\/wp\/v2\/comments?post=23611"}],"version-history":[{"count":5,"href":"https:\/\/researchchemicalhub.com\/tr\/wp-json\/wp\/v2\/product\/23611\/revisions"}],"predecessor-version":[{"id":27994,"href":"https:\/\/researchchemicalhub.com\/tr\/wp-json\/wp\/v2\/product\/23611\/revisions\/27994"}],"wp:featuredmedia":[{"embeddable":true,"href":"https:\/\/researchchemicalhub.com\/tr\/wp-json\/wp\/v2\/media\/28406"}],"wp:attachment":[{"href":"https:\/\/researchchemicalhub.com\/tr\/wp-json\/wp\/v2\/media?parent=23611"}],"wp:term":[{"taxonomy":"product_brand","embeddable":true,"href":"https:\/\/researchchemicalhub.com\/tr\/wp-json\/wp\/v2\/product_brand?post=23611"},{"taxonomy":"product_cat","embeddable":true,"href":"https:\/\/researchchemicalhub.com\/tr\/wp-json\/wp\/v2\/product_cat?post=23611"},{"taxonomy":"product_tag","embeddable":true,"href":"https:\/\/researchchemicalhub.com\/tr\/wp-json\/wp\/v2\/product_tag?post=23611"}],"curies":[{"name":"wp","href":"https:\/\/api.w.org\/{rel}","templated":true}]}}