{"id":23571,"date":"2025-04-13T17:40:00","date_gmt":"2025-04-13T17:40:00","guid":{"rendered":"https:\/\/researchchemicalhub.com\/?post_type=product&#038;p=23571"},"modified":"2025-10-18T15:31:03","modified_gmt":"2025-10-18T15:31:03","slug":"ecpla-l-tartrate-puur","status":"publish","type":"product","link":"https:\/\/researchchemicalhub.com\/tr\/shop\/ecpla\/ecpla-l-tartrate-puur\/","title":{"rendered":"ECPLA L-tartrat Saf"},"content":{"rendered":"<h1><strong><span dir=\"auto\" style=\"vertical-align: inherit;\"><span dir=\"auto\" style=\"vertical-align: inherit;\">ECPLA L-Tartrat (Saf) \u2013 \u0130leri Ara\u015ft\u0131rmalar \u0130\u00e7in Y\u00fcksek Kaliteli Lizergamid<\/span><\/span><\/strong><\/h1>\n<p data-start=\"3901\" data-end=\"4112\"><strong data-start=\"3901\" data-end=\"3975\">ECPLA L-tartarat (N6-Etil-6-norliserjik asit dietilamid L-tartarat)<\/strong> bir <strong data-start=\"3983\" data-end=\"4027\">y\u00fcksek safl\u0131kta ara\u015ft\u0131rma bile\u015fi\u011fi<\/strong>, i\u00e7in tasarlanm\u0131\u015f <strong data-start=\"4044\" data-end=\"4109\">n\u00f6robilimsel, farmakolojik ve analitik ara\u015ft\u0131rmalar<\/strong>. ecpla<\/p>\n<p data-start=\"4114\" data-end=\"4409\">E\u011fer <strong data-start=\"4118\" data-end=\"4178\">LSD&#039;nin (liserjik asit dietilamid) yap\u0131sal analo\u011fu<\/strong> ECPLA bir \u015fey i\u00e7eriyor mu? <strong data-start=\"4195\" data-end=\"4243\">lisergamid \u00e7er\u00e7evesinde etil ikamesi<\/strong>, onu de\u011ferli k\u0131l\u0131yor <strong data-start=\"4276\" data-end=\"4332\">serotonin resept\u00f6rleri (5-HT2A\/5-HT2C) \u00fczerine ara\u015ft\u0131rmalar<\/strong> Ve <strong data-start=\"4336\" data-end=\"4378\">yap\u0131-aktivite ili\u015fkileri (SAR)<\/strong> lizergamid s\u0131n\u0131f\u0131ndad\u0131r.<\/p>\n<p data-start=\"4411\" data-end=\"4605\">The <strong data-start=\"4414\" data-end=\"4432\">L-tartarat formu<\/strong> art\u0131r\u0131r <strong data-start=\"4445\" data-end=\"4501\">kimyasal kararl\u0131l\u0131k, \u00e7\u00f6z\u00fcn\u00fcrl\u00fck ve raf \u00f6mr\u00fc<\/strong>Bu, \u00fcr\u00fcn\u00fcn kontroll\u00fc laboratuvar ortamlar\u0131nda uzun s\u00fcreli kullan\u0131mda g\u00fcvenilir olmas\u0131n\u0131 sa\u011flar.<\/p>\n<blockquote data-start=\"4607\" data-end=\"4758\">\n<p data-start=\"4609\" data-end=\"4758\">\u26a0\ufe0f <strong data-start=\"4612\" data-end=\"4623\">Not:<\/strong> Bu \u00fcr\u00fcn <strong data-start=\"4639\" data-end=\"4694\">yaln\u0131zca bilimsel ara\u015ft\u0131rma ama\u00e7l\u0131<\/strong> Ve <strong data-start=\"4698\" data-end=\"4755\">insan veya hayvan t\u00fcketimine uygun de\u011fildir<\/strong>.<\/p>\n<\/blockquote>\n<hr data-start=\"4760\" data-end=\"4763\" \/>\n<h3 data-start=\"4765\" data-end=\"4796\"><strong data-start=\"4769\" data-end=\"4796\">Temel \u00d6zellikler<\/strong><\/h3>\n<ul data-start=\"4797\" data-end=\"5188\">\n<li data-start=\"4797\" data-end=\"4882\">\n<p data-start=\"4799\" data-end=\"4882\"><strong data-start=\"4799\" data-end=\"4825\">Y\u00fcksek Safl\u0131k (\u226599%)<\/strong> \u2013 Laboratuvarda kimlik ve bile\u015fim a\u00e7\u0131s\u0131ndan test edildi.<\/p>\n<\/li>\n<li data-start=\"4883\" data-end=\"4958\">\n<p data-start=\"4885\" data-end=\"4958\"><strong data-start=\"4885\" data-end=\"4916\">Kararl\u0131 L-Tartarat tuz formu<\/strong> \u2013 Raf \u00f6mr\u00fcn\u00fc ve stabilitesini art\u0131r\u0131r.<\/p>\n<\/li>\n<li data-start=\"4959\" data-end=\"5050\">\n<p data-start=\"4961\" data-end=\"5050\"><strong data-start=\"4961\" data-end=\"4993\">Ara\u015ft\u0131rma d\u00fczeyinde Lysergamide<\/strong> \u2013 Resept\u00f6r ve farmakolojik ara\u015ft\u0131rmalara uygundur.<\/p>\n<\/li>\n<li data-start=\"5051\" data-end=\"5121\">\n<p data-start=\"5053\" data-end=\"5121\"><strong data-start=\"5053\" data-end=\"5078\">Tutarl\u0131 Kalite<\/strong> \u2013 GMP benzeri standartlarda \u00fcretilmi\u015ftir.<\/p>\n<\/li>\n<li data-start=\"5122\" data-end=\"5188\">\n<p data-start=\"5124\" data-end=\"5188\"><strong data-start=\"5124\" data-end=\"5146\">G\u00fcvenli Paketleme<\/strong> \u2013 Hava ve nem ge\u00e7irmez \u015fekilde paketlenmi\u015ftir.<\/p>\n<\/li>\n<\/ul>\n<hr data-start=\"5190\" data-end=\"5193\" \/>\n<h3 data-start=\"5195\" data-end=\"5212\"><strong data-start=\"5199\" data-end=\"5212\">Avantajlar\u0131<\/strong><\/h3>\n<ul data-start=\"5213\" data-end=\"5513\">\n<li data-start=\"5213\" data-end=\"5294\">\n<p data-start=\"5215\" data-end=\"5294\">Destekler <strong data-start=\"5227\" data-end=\"5291\">serotonin resept\u00f6rleri ve lizergamid analoglar\u0131 \u00fczerine ara\u015ft\u0131rmalar<\/strong>.<\/p>\n<\/li>\n<li data-start=\"5295\" data-end=\"5370\">\n<p data-start=\"5297\" data-end=\"5370\"><strong data-start=\"5297\" data-end=\"5342\">G\u00fcvenilir ve tekrarlanabilir sonu\u00e7lar<\/strong> laboratuvar ara\u015ft\u0131rmalar\u0131nda.<\/p>\n<\/li>\n<li data-start=\"5371\" data-end=\"5443\">\n<p data-start=\"5373\" data-end=\"5443\"><strong data-start=\"5373\" data-end=\"5399\">Geli\u015ftirilmi\u015f stabilite<\/strong> g\u00fcvenli depolama ve uzun s\u00fcreli kullan\u0131m i\u00e7in.<\/p>\n<\/li>\n<li data-start=\"5444\" data-end=\"5513\">\n<p data-start=\"5446\" data-end=\"5513\">Uygun olanlar <strong data-start=\"5460\" data-end=\"5510\">akademik, analitik ve adli ara\u015ft\u0131rmalar<\/strong>.<\/p>\n<\/li>\n<\/ul>\n<hr data-start=\"5515\" data-end=\"5518\" \/>\n<h3 data-start=\"5520\" data-end=\"5535\"><strong data-start=\"5524\" data-end=\"5535\">Kullan\u0131m<\/strong><\/h3>\n<ul data-start=\"5536\" data-end=\"5840\">\n<li data-start=\"5536\" data-end=\"5606\">\n<p data-start=\"5538\" data-end=\"5606\">Sadece taraf\u0131ndan kullan\u0131labilir <strong data-start=\"5563\" data-end=\"5603\">kalifiye laboratuvar personeli<\/strong>.<\/p>\n<\/li>\n<li data-start=\"5607\" data-end=\"5694\">\n<p data-start=\"5609\" data-end=\"5694\">Uygun olan\u0131 kullan\u0131n <strong data-start=\"5627\" data-end=\"5651\">koruyucu ekipman<\/strong> (eldiven, g\u00fcvenlik g\u00f6zl\u00fc\u011f\u00fc, laboratuvar \u00f6nl\u00fc\u011f\u00fc).<\/p>\n<\/li>\n<li data-start=\"5695\" data-end=\"5781\">\n<p data-start=\"5697\" data-end=\"5781\">Birinden tasarruf edin <strong data-start=\"5712\" data-end=\"5746\">serin, kuru ve karanl\u0131k bir yer<\/strong>, nem ve \u0131\u015f\u0131ktan korunmal\u0131d\u0131r.<\/p>\n<\/li>\n<li data-start=\"5782\" data-end=\"5840\">\n<p data-start=\"5784\" data-end=\"5840\">\u0130nsan ve hayvan t\u00fcketimine uygun de\u011fildir.<\/p>\n<\/li>\n<\/ul>\n<hr data-start=\"5842\" data-end=\"5845\" \/>\n<h3 data-start=\"5847\" data-end=\"5882\"><strong data-start=\"5851\" data-end=\"5882\">S\u0131k\u00e7a Sorulan Sorular (SSS)<\/strong><\/h3>\n<p data-start=\"5884\" data-end=\"6060\"><strong data-start=\"5884\" data-end=\"5932\">1. ECPLA L-tartrat ne i\u00e7in kullan\u0131l\u0131r?<\/strong><br data-start=\"5932\" data-end=\"5935\" \/>ECPLA i\u00e7in kullan\u0131l\u0131r <strong data-start=\"5961\" data-end=\"6006\">farmakolojik ve n\u00f6rokimyasal ara\u015ft\u0131rmalar<\/strong> serotonin resept\u00f6rleri ve lizergamid analoglar\u0131na.<\/p>\n<p data-start=\"6062\" data-end=\"6241\"><strong data-start=\"6062\" data-end=\"6119\">2. ECPLA L-tartrat insan kullan\u0131m\u0131 i\u00e7in g\u00fcvenli midir?<\/strong><br data-start=\"6119\" data-end=\"6122\" \/>Hay\u0131r. Bu \u00fcr\u00fcn <strong data-start=\"6142\" data-end=\"6191\">yaln\u0131zca ara\u015ft\u0131rma ama\u00e7l\u0131d\u0131r<\/strong> ve insan t\u00fcketimi i\u00e7in onaylanmam\u0131\u015ft\u0131r.<\/p>\n<p data-start=\"6243\" data-end=\"6405\"><strong data-start=\"6243\" data-end=\"6291\">3. ECPLA L-tartrat nas\u0131l saklanmal\u0131d\u0131r?<\/strong><br data-start=\"6291\" data-end=\"6294\" \/>Bir yerde saklay\u0131n <strong data-start=\"6309\" data-end=\"6339\">iyi kapat\u0131lm\u0131\u015f ambalaj<\/strong> Oda s\u0131cakl\u0131\u011f\u0131nda (15\u201325\u00b0C), \u0131\u015f\u0131ktan ve nemden korunarak.<\/p>","protected":false},"excerpt":{"rendered":"<h3><span style=\"vertical-align: inherit;\"><span style=\"vertical-align: inherit;\"><span dir=\"auto\" style=\"vertical-align: inherit;\"><span dir=\"auto\" style=\"vertical-align: inherit;\">ECPLA L-tartarat \u00f6zellikleri<\/span><\/span><\/span><\/span><\/h3>\n<p><strong><span style=\"vertical-align: inherit;\"><span style=\"vertical-align: inherit;\"><span dir=\"auto\" style=\"vertical-align: inherit;\"><span dir=\"auto\" style=\"vertical-align: inherit;\">E\u015f anlaml\u0131s\u0131:<\/span><\/span><\/span><\/span><\/strong><span style=\"vertical-align: inherit;\"><span style=\"vertical-align: inherit;\"><span dir=\"auto\" style=\"vertical-align: inherit;\"><span dir=\"auto\" style=\"vertical-align: inherit;\"> liserjik asit N-etil-N-siklopropilamid hemi-L-tartrat <\/span><\/span><\/span><\/span><br \/>\n<strong><span style=\"vertical-align: inherit;\"><span style=\"vertical-align: inherit;\"><span dir=\"auto\" style=\"vertical-align: inherit;\"><span dir=\"auto\" style=\"vertical-align: inherit;\">CAS Numaras\u0131:<\/span><\/span><\/span><\/span><\/strong><span style=\"vertical-align: inherit;\"><span style=\"vertical-align: inherit;\"><span dir=\"auto\" style=\"vertical-align: inherit;\"><span dir=\"auto\" style=\"vertical-align: inherit;\"> SONRASINDA <\/span><\/span><\/span><\/span><br \/>\n<strong><span style=\"vertical-align: inherit;\"><span style=\"vertical-align: inherit;\"><span dir=\"auto\" style=\"vertical-align: inherit;\"><span dir=\"auto\" style=\"vertical-align: inherit;\">Form\u00fcl:<\/span><\/span><\/span><\/span><\/strong><span style=\"vertical-align: inherit;\"><span style=\"vertical-align: inherit;\"><span dir=\"auto\" style=\"vertical-align: inherit;\"><span dir=\"auto\" style=\"vertical-align: inherit;\"> (8\u03b2)-N-etil-N-siklopropil-6-metil-9,10-didehidroergolin-8-karboksamid hemi-L-tartrat <\/span><\/span><\/span><\/span><br \/>\n<strong><span style=\"vertical-align: inherit;\"><span style=\"vertical-align: inherit;\"><span dir=\"auto\" style=\"vertical-align: inherit;\"><span dir=\"auto\" style=\"vertical-align: inherit;\">Mol k\u00fctlesi:<\/span><\/span><\/span><\/span><\/strong><span style=\"vertical-align: inherit;\"><span style=\"vertical-align: inherit;\"><span dir=\"auto\" style=\"vertical-align: inherit;\"><span dir=\"auto\" style=\"vertical-align: inherit;\"> 410,5 g\/mol <\/span><\/span><\/span><\/span><br \/>\n<strong><span style=\"vertical-align: inherit;\"><span style=\"vertical-align: inherit;\"><span dir=\"auto\" style=\"vertical-align: inherit;\"><span dir=\"auto\" style=\"vertical-align: inherit;\">Safl\u0131k:<\/span><\/span><\/span><\/span><\/strong><span style=\"vertical-align: inherit;\"><span style=\"vertical-align: inherit;\"><span dir=\"auto\" style=\"vertical-align: inherit;\"><span dir=\"auto\" style=\"vertical-align: inherit;\"> &gt;97%<\/span><\/span><\/span><\/span><\/p>","protected":false},"featured_media":20487,"comment_status":"closed","ping_status":"closed","template":"","meta":[],"product_brand":[],"product_cat":[547,358],"product_tag":[1151,1152,326],"class_list":{"0":"post-23571","1":"product","2":"type-product","3":"status-publish","4":"has-post-thumbnail","6":"product_cat-ecpla","7":"product_cat-lysergamides","8":"product_tag-ecpla","9":"product_tag-ecpla-kopen","10":"product_tag-nl","12":"first","13":"instock","14":"taxable","15":"shipping-taxable","16":"purchasable","17":"product-type-variable"},"_links":{"self":[{"href":"https:\/\/researchchemicalhub.com\/tr\/wp-json\/wp\/v2\/product\/23571","targetHints":{"allow":["GET"]}}],"collection":[{"href":"https:\/\/researchchemicalhub.com\/tr\/wp-json\/wp\/v2\/product"}],"about":[{"href":"https:\/\/researchchemicalhub.com\/tr\/wp-json\/wp\/v2\/types\/product"}],"replies":[{"embeddable":true,"href":"https:\/\/researchchemicalhub.com\/tr\/wp-json\/wp\/v2\/comments?post=23571"}],"version-history":[{"count":5,"href":"https:\/\/researchchemicalhub.com\/tr\/wp-json\/wp\/v2\/product\/23571\/revisions"}],"predecessor-version":[{"id":28005,"href":"https:\/\/researchchemicalhub.com\/tr\/wp-json\/wp\/v2\/product\/23571\/revisions\/28005"}],"wp:featuredmedia":[{"embeddable":true,"href":"https:\/\/researchchemicalhub.com\/tr\/wp-json\/wp\/v2\/media\/20487"}],"wp:attachment":[{"href":"https:\/\/researchchemicalhub.com\/tr\/wp-json\/wp\/v2\/media?parent=23571"}],"wp:term":[{"taxonomy":"product_brand","embeddable":true,"href":"https:\/\/researchchemicalhub.com\/tr\/wp-json\/wp\/v2\/product_brand?post=23571"},{"taxonomy":"product_cat","embeddable":true,"href":"https:\/\/researchchemicalhub.com\/tr\/wp-json\/wp\/v2\/product_cat?post=23571"},{"taxonomy":"product_tag","embeddable":true,"href":"https:\/\/researchchemicalhub.com\/tr\/wp-json\/wp\/v2\/product_tag?post=23571"}],"curies":[{"name":"wp","href":"https:\/\/api.w.org\/{rel}","templated":true}]}}