{"id":23547,"date":"2025-04-13T17:39:57","date_gmt":"2025-04-13T17:39:57","guid":{"rendered":"https:\/\/researchchemicalhub.com\/?post_type=product&#038;p=23547"},"modified":"2025-10-30T09:20:38","modified_gmt":"2025-10-30T09:20:38","slug":"mpt-fumarate","status":"publish","type":"product","link":"https:\/\/researchchemicalhub.com\/tr\/shop\/mpt\/mpt-fumarate\/","title":{"rendered":"MPT fumarat (N-metil-N-propiltriptamin)"},"content":{"rendered":"<h3><strong><span dir=\"auto\" style=\"vertical-align: inherit;\"><span dir=\"auto\" style=\"vertical-align: inherit;\">MPT Fumarat (N-metil-N-propiltriptamin) \u2013 \u00dcr\u00fcn A\u00e7\u0131klamas\u0131, Kullan\u0131m ve G\u00fcvenlik Bilgileri<\/span><\/span><\/strong><\/h3>\n<p data-start=\"3731\" data-end=\"3913\"><strong data-start=\"3731\" data-end=\"3777\">MPT Fumarat (N-Metil-N-Propiltriptamin)<\/strong> bir <strong data-start=\"3785\" data-end=\"3827\">y\u00fcksek safl\u0131kta ara\u015ft\u0131rma bile\u015fi\u011fi<\/strong>i\u00e7in geli\u015ftirildi <strong data-start=\"3845\" data-end=\"3910\">n\u00f6robilimsel, farmakolojik ve analitik ara\u015ft\u0131rmalar<\/strong>. mpt fumarat<\/p>\n<p data-start=\"3915\" data-end=\"4145\">MPT&#039;ye aittir <strong data-start=\"3934\" data-end=\"3955\">triptamin ailesi<\/strong>, gibi bile\u015fiklerle yak\u0131ndan ili\u015fkili <strong data-start=\"3993\" data-end=\"4000\">DMT<\/strong> Ve <strong data-start=\"4004\" data-end=\"4012\">MiPT<\/strong>ve i\u00e7in kullan\u0131l\u0131r <strong data-start=\"4037\" data-end=\"4096\">serotonin resept\u00f6rleri (5-HT2A ve 5-HT1A) \u00fczerine ara\u015ft\u0131rmalar<\/strong> Ve <strong data-start=\"4100\" data-end=\"4142\">yap\u0131-aktivite ili\u015fkileri (SAR)<\/strong>.<\/p>\n<p data-start=\"4147\" data-end=\"4326\">The <strong data-start=\"4150\" data-end=\"4170\">fumarat tuz formu<\/strong> sa\u011flar <strong data-start=\"4182\" data-end=\"4245\">daha iyi kimyasal kararl\u0131l\u0131k, \u00e7\u00f6z\u00fcn\u00fcrl\u00fck ve raf \u00f6mr\u00fc<\/strong>Uzun s\u00fcreli saklama ve do\u011fru laboratuvar testleri i\u00e7in olmazsa olmazd\u0131r.<\/p>\n<blockquote data-start=\"4328\" data-end=\"4479\">\n<p data-start=\"4330\" data-end=\"4479\">\u26a0\ufe0f <strong data-start=\"4333\" data-end=\"4344\">Not:<\/strong> Bu \u00fcr\u00fcn <strong data-start=\"4360\" data-end=\"4415\">yaln\u0131zca bilimsel ara\u015ft\u0131rma ama\u00e7l\u0131<\/strong> Ve <strong data-start=\"4419\" data-end=\"4476\">insan veya hayvan t\u00fcketimine uygun de\u011fildir<\/strong>.<\/p>\n<\/blockquote>\n<hr data-start=\"4481\" data-end=\"4484\" \/>\n<h3 data-start=\"4486\" data-end=\"4517\"><strong data-start=\"4490\" data-end=\"4517\">Temel \u00d6zellikler<\/strong><\/h3>\n<ul data-start=\"4518\" data-end=\"4933\">\n<li data-start=\"4518\" data-end=\"4613\">\n<p data-start=\"4520\" data-end=\"4613\"><strong data-start=\"4520\" data-end=\"4546\">Y\u00fcksek Safl\u0131k (\u226599%)<\/strong> \u2013 Laboratuvarda kimlik ve kimyasal bile\u015fim a\u00e7\u0131s\u0131ndan test edildi.<\/p>\n<\/li>\n<li data-start=\"4614\" data-end=\"4693\">\n<p data-start=\"4616\" data-end=\"4693\"><strong data-start=\"4616\" data-end=\"4645\">Kararl\u0131 Fumarat Tuz Formu<\/strong> \u2013 Raf \u00f6mr\u00fcn\u00fc ve depolama stabilitesini art\u0131r\u0131r.<\/p>\n<\/li>\n<li data-start=\"4694\" data-end=\"4781\">\n<p data-start=\"4696\" data-end=\"4781\"><strong data-start=\"4696\" data-end=\"4735\">Farmakolojik Ara\u015ft\u0131rma Standard\u0131<\/strong> \u2013 Resept\u00f6r ve SAR ara\u015ft\u0131rmalar\u0131 i\u00e7in uygundur. mpt fumarat<\/p>\n<\/li>\n<li data-start=\"4782\" data-end=\"4852\">\n<p data-start=\"4784\" data-end=\"4852\"><strong data-start=\"4784\" data-end=\"4809\">Tutarl\u0131 Kalite<\/strong> \u2013 GMP benzeri standartlarda \u00fcretilmi\u015ftir.<\/p>\n<\/li>\n<li data-start=\"4853\" data-end=\"4933\">\n<p data-start=\"4855\" data-end=\"4933\"><strong data-start=\"4855\" data-end=\"4877\">G\u00fcvenli Paketleme<\/strong> \u2013 Maksimum koruma i\u00e7in hava ve \u0131\u015f\u0131k ge\u00e7irmez.<\/p>\n<\/li>\n<\/ul>\n<hr data-start=\"4935\" data-end=\"4938\" \/>\n<h3 data-start=\"4940\" data-end=\"4957\"><strong data-start=\"4944\" data-end=\"4957\">Avantajlar\u0131<\/strong><\/h3>\n<ul data-start=\"4958\" data-end=\"5228\">\n<li data-start=\"4958\" data-end=\"5038\">\n<p data-start=\"4960\" data-end=\"5038\">Destekler <strong data-start=\"4972\" data-end=\"5035\">serotonin resept\u00f6rleri ve triptamin analoglar\u0131 \u00fczerine ara\u015ft\u0131rmalar<\/strong>.<\/p>\n<\/li>\n<li data-start=\"5039\" data-end=\"5099\">\n<p data-start=\"5041\" data-end=\"5099\"><strong data-start=\"5041\" data-end=\"5096\">G\u00fcvenilir ve tekrarlanabilir ara\u015ft\u0131rma sonu\u00e7lar\u0131<\/strong>.<\/p>\n<\/li>\n<li data-start=\"5100\" data-end=\"5154\">\n<p data-start=\"5102\" data-end=\"5154\"><strong data-start=\"5102\" data-end=\"5128\">Geli\u015ftirilmi\u015f stabilite<\/strong> uzun s\u00fcreli depolama i\u00e7in.<\/p>\n<\/li>\n<li data-start=\"5155\" data-end=\"5228\">\n<p data-start=\"5157\" data-end=\"5228\">Uygun olanlar <strong data-start=\"5171\" data-end=\"5225\">akademik, farmakolojik ve analitik ara\u015ft\u0131rmalar<\/strong>.<\/p>\n<\/li>\n<\/ul>\n<hr data-start=\"5230\" data-end=\"5233\" \/>\n<h3 data-start=\"5235\" data-end=\"5250\"><strong data-start=\"5239\" data-end=\"5250\">Kullan\u0131m<\/strong><\/h3>\n<ul data-start=\"5251\" data-end=\"5522\">\n<li data-start=\"5251\" data-end=\"5321\">\n<p data-start=\"5253\" data-end=\"5321\">Sadece taraf\u0131ndan kullan\u0131labilir <strong data-start=\"5278\" data-end=\"5318\">kalifiye laboratuvar personeli<\/strong>.<\/p>\n<\/li>\n<li data-start=\"5322\" data-end=\"5398\">\n<p data-start=\"5324\" data-end=\"5398\">Uygun olan\u0131 kullan\u0131n <strong data-start=\"5342\" data-end=\"5366\">koruyucu ekipman<\/strong> (eldiven, g\u00f6zl\u00fck, laboratuvar \u00f6nl\u00fc\u011f\u00fc).<\/p>\n<\/li>\n<li data-start=\"5399\" data-end=\"5463\">\n<p data-start=\"5401\" data-end=\"5463\">Birinden tasarruf edin <strong data-start=\"5416\" data-end=\"5450\">serin, kuru ve karanl\u0131k bir yer<\/strong> (15\u201325\u00b0C).<\/p>\n<\/li>\n<li data-start=\"5464\" data-end=\"5522\">\n<p data-start=\"5466\" data-end=\"5522\">\u0130nsan ve hayvan t\u00fcketimine uygun de\u011fildir.<\/p>\n<\/li>\n<\/ul>\n<hr data-start=\"5524\" data-end=\"5527\" \/>\n<h3 data-start=\"5529\" data-end=\"5564\"><strong data-start=\"5533\" data-end=\"5564\">S\u0131k\u00e7a Sorulan Sorular (SSS)<\/strong><\/h3>\n<p data-start=\"5566\" data-end=\"5742\"><strong data-start=\"5566\" data-end=\"5610\">1. MPT Fumarat ne i\u00e7in kullan\u0131l\u0131r?<\/strong><br data-start=\"5610\" data-end=\"5613\" \/>MPT Fumarat \u015fu durumlarda kullan\u0131l\u0131r: <strong data-start=\"5644\" data-end=\"5689\">farmakolojik ve n\u00f6rokimyasal ara\u015ft\u0131rmalar<\/strong> triptamin analoglar\u0131 ve serotonin resept\u00f6rlerine.<\/p>\n<p data-start=\"5744\" data-end=\"5919\"><strong data-start=\"5744\" data-end=\"5797\">2. MPT Fumarat insan kullan\u0131m\u0131 i\u00e7in g\u00fcvenli midir?<\/strong><br data-start=\"5797\" data-end=\"5800\" \/>Hay\u0131r. Bu \u00fcr\u00fcn <strong data-start=\"5820\" data-end=\"5869\">yaln\u0131zca ara\u015ft\u0131rma ama\u00e7l\u0131d\u0131r<\/strong> ve insan t\u00fcketimi i\u00e7in onaylanmam\u0131\u015ft\u0131r.<\/p>\n<p data-start=\"5921\" data-end=\"6079\"><strong data-start=\"5921\" data-end=\"5965\">3. MPT Fumarat nas\u0131l saklanmal\u0131d\u0131r?<\/strong><br data-start=\"5965\" data-end=\"5968\" \/>Bir yerde saklay\u0131n <strong data-start=\"5983\" data-end=\"6013\">iyi kapat\u0131lm\u0131\u015f ambalaj<\/strong> Oda s\u0131cakl\u0131\u011f\u0131nda (15\u201325\u00b0C), \u0131\u015f\u0131ktan ve nemden korunarak.<\/p>","protected":false},"excerpt":{"rendered":"<h3><span style=\"vertical-align: inherit;\"><span style=\"vertical-align: inherit;\"><span dir=\"auto\" style=\"vertical-align: inherit;\"><span dir=\"auto\" style=\"vertical-align: inherit;\">MPT fumarate properties<\/span><\/span><\/span><\/span><\/h3>\n<p><strong><span style=\"vertical-align: inherit;\"><span style=\"vertical-align: inherit;\"><span dir=\"auto\" style=\"vertical-align: inherit;\"><span dir=\"auto\" style=\"vertical-align: inherit;\">Synonym:<\/span><\/span><\/span><\/span><\/strong><span style=\"vertical-align: inherit;\"><span style=\"vertical-align: inherit;\"><span dir=\"auto\" style=\"vertical-align: inherit;\"><span dir=\"auto\" style=\"vertical-align: inherit;\"> N-methyl-N-propyltryptamine fumarate <\/span><\/span><\/span><\/span><br \/>\n<strong><span style=\"vertical-align: inherit;\"><span style=\"vertical-align: inherit;\"><span dir=\"auto\" style=\"vertical-align: inherit;\"><span dir=\"auto\" style=\"vertical-align: inherit;\">CAS Number:<\/span><\/span><\/span><\/span><\/strong><span style=\"vertical-align: inherit;\"><span style=\"vertical-align: inherit;\"><span dir=\"auto\" style=\"vertical-align: inherit;\"><span dir=\"auto\" style=\"vertical-align: inherit;\"> n\/a <\/span><\/span><\/span><\/span><br \/>\n<strong><span style=\"vertical-align: inherit;\"><span style=\"vertical-align: inherit;\"><span dir=\"auto\" style=\"vertical-align: inherit;\"><span dir=\"auto\" style=\"vertical-align: inherit;\">Formula:<\/span><\/span><\/span><\/span><\/strong><span style=\"vertical-align: inherit;\"><span style=\"vertical-align: inherit;\"><span dir=\"auto\" style=\"vertical-align: inherit;\"><span dir=\"auto\" style=\"vertical-align: inherit;\"> 3-[2-(propyl(methyl)amino)ethyl]-1H-indole fumarate <\/span><\/span><\/span><\/span><br \/>\n<strong><span style=\"vertical-align: inherit;\"><span style=\"vertical-align: inherit;\"><span dir=\"auto\" style=\"vertical-align: inherit;\"><span dir=\"auto\" style=\"vertical-align: inherit;\">Molar Mass:<\/span><\/span><\/span><\/span><\/strong><span style=\"vertical-align: inherit;\"><span style=\"vertical-align: inherit;\"><span dir=\"auto\" style=\"vertical-align: inherit;\"><span dir=\"auto\" style=\"vertical-align: inherit;\"> 332.4 g\/mol <\/span><\/span><\/span><\/span><br \/>\n<strong><span style=\"vertical-align: inherit;\"><span style=\"vertical-align: inherit;\"><span dir=\"auto\" style=\"vertical-align: inherit;\"><span dir=\"auto\" style=\"vertical-align: inherit;\">Purity:<\/span><\/span><\/span><\/span><\/strong><span style=\"vertical-align: inherit;\"><span style=\"vertical-align: inherit;\"><span dir=\"auto\" style=\"vertical-align: inherit;\"><span dir=\"auto\" style=\"vertical-align: inherit;\"> &gt;97%<\/span><\/span><\/span><\/span><\/p>\n","protected":false},"featured_media":28563,"comment_status":"closed","ping_status":"closed","template":"","meta":[],"product_brand":[],"product_cat":[506,398,381],"product_tag":[1158,1159,326],"class_list":{"0":"post-23547","1":"product","2":"type-product","3":"status-publish","4":"has-post-thumbnail","6":"product_cat-mpt","7":"product_cat-verkoop","8":"product_cat-tryptamines","9":"product_tag-mpt-fumarate","10":"product_tag-mpt-fumarate-kopen","11":"product_tag-nl","13":"first","14":"instock","15":"sale","16":"taxable","17":"shipping-taxable","18":"purchasable","19":"product-type-variable"},"_links":{"self":[{"href":"https:\/\/researchchemicalhub.com\/tr\/wp-json\/wp\/v2\/product\/23547","targetHints":{"allow":["GET"]}}],"collection":[{"href":"https:\/\/researchchemicalhub.com\/tr\/wp-json\/wp\/v2\/product"}],"about":[{"href":"https:\/\/researchchemicalhub.com\/tr\/wp-json\/wp\/v2\/types\/product"}],"replies":[{"embeddable":true,"href":"https:\/\/researchchemicalhub.com\/tr\/wp-json\/wp\/v2\/comments?post=23547"}],"version-history":[{"count":5,"href":"https:\/\/researchchemicalhub.com\/tr\/wp-json\/wp\/v2\/product\/23547\/revisions"}],"predecessor-version":[{"id":28020,"href":"https:\/\/researchchemicalhub.com\/tr\/wp-json\/wp\/v2\/product\/23547\/revisions\/28020"}],"wp:featuredmedia":[{"embeddable":true,"href":"https:\/\/researchchemicalhub.com\/tr\/wp-json\/wp\/v2\/media\/28563"}],"wp:attachment":[{"href":"https:\/\/researchchemicalhub.com\/tr\/wp-json\/wp\/v2\/media?parent=23547"}],"wp:term":[{"taxonomy":"product_brand","embeddable":true,"href":"https:\/\/researchchemicalhub.com\/tr\/wp-json\/wp\/v2\/product_brand?post=23547"},{"taxonomy":"product_cat","embeddable":true,"href":"https:\/\/researchchemicalhub.com\/tr\/wp-json\/wp\/v2\/product_cat?post=23547"},{"taxonomy":"product_tag","embeddable":true,"href":"https:\/\/researchchemicalhub.com\/tr\/wp-json\/wp\/v2\/product_tag?post=23547"}],"curies":[{"name":"wp","href":"https:\/\/api.w.org\/{rel}","templated":true}]}}