{"id":23536,"date":"2025-04-13T17:39:56","date_gmt":"2025-04-13T17:39:56","guid":{"rendered":"https:\/\/researchchemicalhub.com\/?post_type=product&#038;p=23536"},"modified":"2025-10-30T09:22:17","modified_gmt":"2025-10-30T09:22:17","slug":"met-fumarate-n-methyl-n-ethyltryptamine","status":"publish","type":"product","link":"https:\/\/researchchemicalhub.com\/tr\/shop\/met\/met-fumarate-n-methyl-n-ethyltryptamine\/","title":{"rendered":"fumarat (N-metil-N-etiltriptamin) \u0130LE"},"content":{"rendered":"<h1><strong><span dir=\"auto\" style=\"vertical-align: inherit;\"><span dir=\"auto\" style=\"vertical-align: inherit;\">MET Fumarat \u2013 N-metil-N-etiltriptamin Farmas\u00f6tik Safl\u0131kta Ara\u015ft\u0131rma Maddesi<\/span><\/span><\/strong><\/h1>\n<p data-start=\"3893\" data-end=\"4074\"><strong data-start=\"3893\" data-end=\"3938\"><span dir=\"auto\" style=\"vertical-align: inherit;\"><span dir=\"auto\" style=\"vertical-align: inherit;\">Fumarat (N-Metil-N-Etiltriptamin) \u0130LE<\/span><\/span><\/strong><span dir=\"auto\" style=\"vertical-align: inherit;\"><span dir=\"auto\" style=\"vertical-align: inherit;\"> bir <\/span><\/span><strong data-start=\"3946\" data-end=\"3988\"><span dir=\"auto\" style=\"vertical-align: inherit;\"><span dir=\"auto\" style=\"vertical-align: inherit;\">y\u00fcksek safl\u0131kta ara\u015ft\u0131rma bile\u015fi\u011fi<\/span><\/span><\/strong><span dir=\"auto\" style=\"vertical-align: inherit;\"><span dir=\"auto\" style=\"vertical-align: inherit;\"> i\u00e7in geli\u015ftirildi <\/span><\/span><strong data-start=\"4006\" data-end=\"4071\"><span dir=\"auto\" style=\"vertical-align: inherit;\"><span dir=\"auto\" style=\"vertical-align: inherit;\">sinirbilim, farmakoloji ve analitik ara\u015ft\u0131rma<\/span><\/span><\/strong><span dir=\"auto\" style=\"vertical-align: inherit;\"><span dir=\"auto\" style=\"vertical-align: inherit;\"> fumarat ile<\/span><\/span><\/p>\n<p data-start=\"4076\" data-end=\"4318\"><span dir=\"auto\" style=\"vertical-align: inherit;\"><span dir=\"auto\" style=\"vertical-align: inherit;\">Bir olarak <\/span><\/span><strong data-start=\"4080\" data-end=\"4112\"><span dir=\"auto\" style=\"vertical-align: inherit;\"><span dir=\"auto\" style=\"vertical-align: inherit;\">DMT&#039;nin yap\u0131sal analo\u011fu<\/span><\/span><\/strong><span dir=\"auto\" style=\"vertical-align: inherit;\"><span dir=\"auto\" style=\"vertical-align: inherit;\"> Ve <\/span><\/span><strong data-start=\"4116\" data-end=\"4124\"><span dir=\"auto\" style=\"vertical-align: inherit;\"><span dir=\"auto\" style=\"vertical-align: inherit;\">MiPT<\/span><\/span><\/strong><span dir=\"auto\" style=\"vertical-align: inherit;\"><span dir=\"auto\" style=\"vertical-align: inherit;\"> MET, \u00f6zellikle a\u015fa\u011f\u0131daki \u00e7al\u0131\u015fmalar i\u00e7in de\u011ferlidir: <\/span><\/span><strong data-start=\"4173\" data-end=\"4217\"><span dir=\"auto\" style=\"vertical-align: inherit;\"><span dir=\"auto\" style=\"vertical-align: inherit;\">serotonin resept\u00f6rleri (5-HT2A ve 5-HT1A)<\/span><\/span><\/strong><span dir=\"auto\" style=\"vertical-align: inherit;\"><span dir=\"auto\" style=\"vertical-align: inherit;\"> , <\/span><\/span><strong data-start=\"4219\" data-end=\"4241\"><span dir=\"auto\" style=\"vertical-align: inherit;\"><span dir=\"auto\" style=\"vertical-align: inherit;\">ba\u011flanma afinitesi<\/span><\/span><\/strong><span dir=\"auto\" style=\"vertical-align: inherit;\"><span dir=\"auto\" style=\"vertical-align: inherit;\"> , Ve <\/span><\/span><strong data-start=\"4246\" data-end=\"4288\"><span dir=\"auto\" style=\"vertical-align: inherit;\"><span dir=\"auto\" style=\"vertical-align: inherit;\">yap\u0131-aktivite ili\u015fkileri (SAR)<\/span><\/span><\/strong><span dir=\"auto\" style=\"vertical-align: inherit;\"><span dir=\"auto\" style=\"vertical-align: inherit;\"> triptamin s\u0131n\u0131f\u0131ndad\u0131r.<\/span><\/span><\/p>\n<p data-start=\"4320\" data-end=\"4516\"><span dir=\"auto\" style=\"vertical-align: inherit;\"><span dir=\"auto\" style=\"vertical-align: inherit;\">The <\/span><\/span><strong data-start=\"4323\" data-end=\"4343\"><span dir=\"auto\" style=\"vertical-align: inherit;\"><span dir=\"auto\" style=\"vertical-align: inherit;\">fumarat tuz formu<\/span><\/span><\/strong><span dir=\"auto\" style=\"vertical-align: inherit;\"><span dir=\"auto\" style=\"vertical-align: inherit;\"> sa\u011flar <\/span><\/span><strong data-start=\"4355\" data-end=\"4418\"><span dir=\"auto\" style=\"vertical-align: inherit;\"><span dir=\"auto\" style=\"vertical-align: inherit;\">geli\u015ftirilmi\u015f kimyasal kararl\u0131l\u0131k, \u00e7\u00f6z\u00fcn\u00fcrl\u00fck ve raf \u00f6mr\u00fc<\/span><\/span><\/strong><span dir=\"auto\" style=\"vertical-align: inherit;\"><span dir=\"auto\" style=\"vertical-align: inherit;\"> Bu da \u00fcr\u00fcn\u00fc uzun s\u00fcreli depolama ve hassas laboratuvar uygulamalar\u0131 i\u00e7in ideal hale getirir.<\/span><\/span><\/p>\n<blockquote data-start=\"4518\" data-end=\"4669\">\n<p data-start=\"4520\" data-end=\"4669\">\u26a0\ufe0f <strong data-start=\"4523\" data-end=\"4534\"><span dir=\"auto\" style=\"vertical-align: inherit;\"><span dir=\"auto\" style=\"vertical-align: inherit;\">L\u00fctfen akl\u0131n\u0131zda bulundurun:<\/span><\/span><\/strong><span dir=\"auto\" style=\"vertical-align: inherit;\"><span dir=\"auto\" style=\"vertical-align: inherit;\"> Bu \u00fcr\u00fcn <\/span><\/span><strong data-start=\"4550\" data-end=\"4605\"><span dir=\"auto\" style=\"vertical-align: inherit;\"><span dir=\"auto\" style=\"vertical-align: inherit;\">yaln\u0131zca bilimsel ara\u015ft\u0131rma ama\u00e7l\u0131d\u0131r<\/span><\/span><\/strong><span dir=\"auto\" style=\"vertical-align: inherit;\"><span dir=\"auto\" style=\"vertical-align: inherit;\"> Ve <\/span><\/span><strong data-start=\"4609\" data-end=\"4666\"><span dir=\"auto\" style=\"vertical-align: inherit;\"><span dir=\"auto\" style=\"vertical-align: inherit;\">insan veya hayvan t\u00fcketimine uygun de\u011fildir<\/span><\/span><\/strong><span dir=\"auto\" style=\"vertical-align: inherit;\"><span dir=\"auto\" style=\"vertical-align: inherit;\"> .<\/span><\/span><\/p>\n<\/blockquote>\n<hr data-start=\"4671\" data-end=\"4674\" \/>\n<h3 data-start=\"4676\" data-end=\"4707\"><strong data-start=\"4680\" data-end=\"4707\"><span dir=\"auto\" style=\"vertical-align: inherit;\"><span dir=\"auto\" style=\"vertical-align: inherit;\">Temel \u00d6zellikler<\/span><\/span><\/strong><\/h3>\n<ul data-start=\"4708\" data-end=\"5128\">\n<li data-start=\"4708\" data-end=\"4806\">\n<p data-start=\"4710\" data-end=\"4806\"><strong data-start=\"4710\" data-end=\"4736\"><span dir=\"auto\" style=\"vertical-align: inherit;\"><span dir=\"auto\" style=\"vertical-align: inherit;\">Y\u00fcksek Safl\u0131k (\u226599%)<\/span><\/span><\/strong><span dir=\"auto\" style=\"vertical-align: inherit;\"><span dir=\"auto\" style=\"vertical-align: inherit;\"> \u2013 Laboratuvarda kimlik, bile\u015fim ve kararl\u0131l\u0131k a\u00e7\u0131s\u0131ndan test edildi.<\/span><\/span><\/p>\n<\/li>\n<li data-start=\"4807\" data-end=\"4880\">\n<p data-start=\"4809\" data-end=\"4880\"><strong data-start=\"4809\" data-end=\"4838\"><span dir=\"auto\" style=\"vertical-align: inherit;\"><span dir=\"auto\" style=\"vertical-align: inherit;\">Kararl\u0131 Fumarat Tuz Formu<\/span><\/span><\/strong><span dir=\"auto\" style=\"vertical-align: inherit;\"><span dir=\"auto\" style=\"vertical-align: inherit;\"> \u2013 Raf \u00f6mr\u00fcn\u00fc uzat\u0131r ve depolamay\u0131 kolayla\u015ft\u0131r\u0131r.<\/span><\/span><\/p>\n<\/li>\n<li data-start=\"4881\" data-end=\"4968\">\n<p data-start=\"4883\" data-end=\"4968\"><strong data-start=\"4883\" data-end=\"4922\"><span dir=\"auto\" style=\"vertical-align: inherit;\"><span dir=\"auto\" style=\"vertical-align: inherit;\">Farmakolojik Ara\u015ft\u0131rma Standard\u0131<\/span><\/span><\/strong><span dir=\"auto\" style=\"vertical-align: inherit;\"><span dir=\"auto\" style=\"vertical-align: inherit;\"> \u2013 Resept\u00f6r ve SAR ara\u015ft\u0131rmalar\u0131 i\u00e7in uygundur.<\/span><\/span><\/p>\n<\/li>\n<li data-start=\"4969\" data-end=\"5039\">\n<p data-start=\"4971\" data-end=\"5039\"><strong data-start=\"4971\" data-end=\"4996\"><span dir=\"auto\" style=\"vertical-align: inherit;\"><span dir=\"auto\" style=\"vertical-align: inherit;\">Tutarl\u0131 Kalite<\/span><\/span><\/strong><span dir=\"auto\" style=\"vertical-align: inherit;\"><span dir=\"auto\" style=\"vertical-align: inherit;\"> \u2013 GMP benzeri standartlarda \u00fcretilmi\u015ftir. Fumarat i\u00e7erir<\/span><\/span><\/p>\n<\/li>\n<li data-start=\"5040\" data-end=\"5128\">\n<p data-start=\"5042\" data-end=\"5128\"><strong data-start=\"5042\" data-end=\"5064\"><span dir=\"auto\" style=\"vertical-align: inherit;\"><span dir=\"auto\" style=\"vertical-align: inherit;\">G\u00fcvenli Paketleme<\/span><\/span><\/strong><span dir=\"auto\" style=\"vertical-align: inherit;\"><span dir=\"auto\" style=\"vertical-align: inherit;\"> \u2013 Maksimum koruma i\u00e7in hava ve \u0131\u015f\u0131k ge\u00e7irmeyen ambalaj.<\/span><\/span><\/p>\n<\/li>\n<\/ul>\n<hr data-start=\"5130\" data-end=\"5133\" \/>\n<h3 data-start=\"5135\" data-end=\"5152\"><strong data-start=\"5139\" data-end=\"5152\"><span dir=\"auto\" style=\"vertical-align: inherit;\"><span dir=\"auto\" style=\"vertical-align: inherit;\">Avantajlar\u0131<\/span><\/span><\/strong><\/h3>\n<ul data-start=\"5153\" data-end=\"5458\">\n<li data-start=\"5153\" data-end=\"5233\">\n<p data-start=\"5155\" data-end=\"5233\"><span dir=\"auto\" style=\"vertical-align: inherit;\"><span dir=\"auto\" style=\"vertical-align: inherit;\">Destekler <\/span><\/span><strong data-start=\"5167\" data-end=\"5230\"><span dir=\"auto\" style=\"vertical-align: inherit;\"><span dir=\"auto\" style=\"vertical-align: inherit;\">serotonin resept\u00f6rleri ve triptamin analoglar\u0131 \u00fczerine ara\u015ft\u0131rmalar<\/span><\/span><\/strong><span dir=\"auto\" style=\"vertical-align: inherit;\"><span dir=\"auto\" style=\"vertical-align: inherit;\"> .<\/span><\/span><\/p>\n<\/li>\n<li data-start=\"5234\" data-end=\"5325\">\n<p data-start=\"5236\" data-end=\"5325\"><strong data-start=\"5236\" data-end=\"5281\"><span dir=\"auto\" style=\"vertical-align: inherit;\"><span dir=\"auto\" style=\"vertical-align: inherit;\">Do\u011fru ve tekrarlanabilir sonu\u00e7lar<\/span><\/span><\/strong><span dir=\"auto\" style=\"vertical-align: inherit;\"><span dir=\"auto\" style=\"vertical-align: inherit;\"> kontroll\u00fc laboratuvar ortamlar\u0131nda.<\/span><\/span><\/p>\n<\/li>\n<li data-start=\"5326\" data-end=\"5384\">\n<p data-start=\"5328\" data-end=\"5384\"><strong data-start=\"5328\" data-end=\"5354\"><span dir=\"auto\" style=\"vertical-align: inherit;\"><span dir=\"auto\" style=\"vertical-align: inherit;\">Geli\u015ftirilmi\u015f stabilite<\/span><\/span><\/strong><span dir=\"auto\" style=\"vertical-align: inherit;\"><span dir=\"auto\" style=\"vertical-align: inherit;\"> ve uzun s\u00fcreli raf \u00f6mr\u00fc.<\/span><\/span><\/p>\n<\/li>\n<li data-start=\"5385\" data-end=\"5458\">\n<p data-start=\"5387\" data-end=\"5458\"><span dir=\"auto\" style=\"vertical-align: inherit;\"><span dir=\"auto\" style=\"vertical-align: inherit;\">Uygun olanlar <\/span><\/span><strong data-start=\"5401\" data-end=\"5455\"><span dir=\"auto\" style=\"vertical-align: inherit;\"><span dir=\"auto\" style=\"vertical-align: inherit;\">akademik, farmakolojik ve analitik ara\u015ft\u0131rmalar<\/span><\/span><\/strong><span dir=\"auto\" style=\"vertical-align: inherit;\"><span dir=\"auto\" style=\"vertical-align: inherit;\"> .<\/span><\/span><\/p>\n<\/li>\n<\/ul>\n<hr data-start=\"5460\" data-end=\"5463\" \/>\n<h3 data-start=\"5465\" data-end=\"5480\"><strong data-start=\"5469\" data-end=\"5480\"><span dir=\"auto\" style=\"vertical-align: inherit;\"><span dir=\"auto\" style=\"vertical-align: inherit;\">Kullan\u0131m<\/span><\/span><\/strong><\/h3>\n<ul data-start=\"5481\" data-end=\"5752\">\n<li data-start=\"5481\" data-end=\"5551\">\n<p data-start=\"5483\" data-end=\"5551\"><span dir=\"auto\" style=\"vertical-align: inherit;\"><span dir=\"auto\" style=\"vertical-align: inherit;\">Taraf\u0131ndan kullan\u0131lmak \u00fczere <\/span><\/span><strong data-start=\"5508\" data-end=\"5548\"><span dir=\"auto\" style=\"vertical-align: inherit;\"><span dir=\"auto\" style=\"vertical-align: inherit;\">kalifiye laboratuvar personeli<\/span><\/span><\/strong><span dir=\"auto\" style=\"vertical-align: inherit;\"><span dir=\"auto\" style=\"vertical-align: inherit;\"> sadece .<\/span><\/span><\/p>\n<\/li>\n<li data-start=\"5552\" data-end=\"5628\">\n<p data-start=\"5554\" data-end=\"5628\"><span dir=\"auto\" style=\"vertical-align: inherit;\"><span dir=\"auto\" style=\"vertical-align: inherit;\">Uygun giyin <\/span><\/span><strong data-start=\"5572\" data-end=\"5596\"><span dir=\"auto\" style=\"vertical-align: inherit;\"><span dir=\"auto\" style=\"vertical-align: inherit;\">koruyucu ekipman<\/span><\/span><\/strong><span dir=\"auto\" style=\"vertical-align: inherit;\"><span dir=\"auto\" style=\"vertical-align: inherit;\"> (eldiven, g\u00f6zl\u00fck, laboratuvar \u00f6nl\u00fc\u011f\u00fc).<\/span><\/span><\/p>\n<\/li>\n<li data-start=\"5629\" data-end=\"5693\">\n<p data-start=\"5631\" data-end=\"5693\"><span dir=\"auto\" style=\"vertical-align: inherit;\"><span dir=\"auto\" style=\"vertical-align: inherit;\">Bir yerde saklay\u0131n <\/span><\/span><strong data-start=\"5646\" data-end=\"5680\"><span dir=\"auto\" style=\"vertical-align: inherit;\"><span dir=\"auto\" style=\"vertical-align: inherit;\">serin, kuru ve karanl\u0131k bir yer<\/span><\/span><\/strong><span dir=\"auto\" style=\"vertical-align: inherit;\"><span dir=\"auto\" style=\"vertical-align: inherit;\"> (15\u201325\u00b0C).<\/span><\/span><\/p>\n<\/li>\n<li data-start=\"5694\" data-end=\"5752\">\n<p data-start=\"5696\" data-end=\"5752\"><span dir=\"auto\" style=\"vertical-align: inherit;\"><span dir=\"auto\" style=\"vertical-align: inherit;\">\u0130nsan ve hayvan t\u00fcketimine uygun de\u011fildir.<\/span><\/span><\/p>\n<\/li>\n<\/ul>\n<hr data-start=\"5754\" data-end=\"5757\" \/>\n<h3 data-start=\"5759\" data-end=\"5794\"><strong data-start=\"5763\" data-end=\"5794\"><span dir=\"auto\" style=\"vertical-align: inherit;\"><span dir=\"auto\" style=\"vertical-align: inherit;\">S\u0131k\u00e7a Sorulan Sorular (SSS)<\/span><\/span><\/strong><\/h3>\n<p data-start=\"5796\" data-end=\"5974\"><strong data-start=\"5796\" data-end=\"5840\"><span dir=\"auto\" style=\"vertical-align: inherit;\"><span dir=\"auto\" style=\"vertical-align: inherit;\">1. MET Fumarat ne i\u00e7in kullan\u0131l\u0131r?<\/span><\/span><\/strong><br data-start=\"5840\" data-end=\"5843\" \/><span dir=\"auto\" style=\"vertical-align: inherit;\"><span dir=\"auto\" style=\"vertical-align: inherit;\"> MET Fumarat \u015fu ama\u00e7larla kullan\u0131l\u0131r: <\/span><\/span><strong data-start=\"5876\" data-end=\"5921\"><span dir=\"auto\" style=\"vertical-align: inherit;\"><span dir=\"auto\" style=\"vertical-align: inherit;\">farmakolojik ve n\u00f6rokimyasal ara\u015ft\u0131rmalar<\/span><\/span><\/strong><span dir=\"auto\" style=\"vertical-align: inherit;\"><span dir=\"auto\" style=\"vertical-align: inherit;\"> serotonin resept\u00f6rleri ve triptamin analoglar\u0131 \u00fczerine.<\/span><\/span><\/p>\n<p data-start=\"5976\" data-end=\"6151\"><strong data-start=\"5976\" data-end=\"6029\"><span dir=\"auto\" style=\"vertical-align: inherit;\"><span dir=\"auto\" style=\"vertical-align: inherit;\">2. MET Fumarat insan kullan\u0131m\u0131 i\u00e7in g\u00fcvenli midir?<\/span><\/span><\/strong><br data-start=\"6029\" data-end=\"6032\" \/><span dir=\"auto\" style=\"vertical-align: inherit;\"><span dir=\"auto\" style=\"vertical-align: inherit;\"> Hay\u0131r. Bu \u00fcr\u00fcn <\/span><\/span><strong data-start=\"6052\" data-end=\"6101\"><span dir=\"auto\" style=\"vertical-align: inherit;\"><span dir=\"auto\" style=\"vertical-align: inherit;\">yaln\u0131zca ara\u015ft\u0131rma ama\u00e7l\u0131d\u0131r<\/span><\/span><\/strong><span dir=\"auto\" style=\"vertical-align: inherit;\"><span dir=\"auto\" style=\"vertical-align: inherit;\"> ve insan t\u00fcketimi i\u00e7in onaylanmam\u0131\u015ft\u0131r.<\/span><\/span><\/p>\n<p data-start=\"6153\" data-end=\"6319\"><strong data-start=\"6153\" data-end=\"6197\"><span dir=\"auto\" style=\"vertical-align: inherit;\"><span dir=\"auto\" style=\"vertical-align: inherit;\">3. MET Fumarat nas\u0131l saklanmal\u0131d\u0131r?<\/span><\/span><\/strong><br data-start=\"6197\" data-end=\"6200\" \/><span dir=\"auto\" style=\"vertical-align: inherit;\"><span dir=\"auto\" style=\"vertical-align: inherit;\"> Bir yerde saklay\u0131n <\/span><\/span><strong data-start=\"6215\" data-end=\"6245\"><span dir=\"auto\" style=\"vertical-align: inherit;\"><span dir=\"auto\" style=\"vertical-align: inherit;\">s\u0131k\u0131ca kapat\u0131lm\u0131\u015f kap<\/span><\/span><\/strong><span dir=\"auto\" style=\"vertical-align: inherit;\"><span dir=\"auto\" style=\"vertical-align: inherit;\"> Oda s\u0131cakl\u0131\u011f\u0131nda (15\u201325\u00b0C), nem, \u0131s\u0131 ve \u0131\u015f\u0131ktan korunarak.<\/span><\/span><\/p>","protected":false},"excerpt":{"rendered":"<h3><span data-sheets-value=\"{\" data-sheets-userformat=\"{\"><span style=\"vertical-align: inherit;\"><span style=\"vertical-align: inherit;\"><span dir=\"auto\" style=\"vertical-align: inherit;\"><span dir=\"auto\" style=\"vertical-align: inherit;\">WITH fumarate properties<\/span><\/span><\/span><\/span><\/span><\/h3>\n<p><strong><span style=\"vertical-align: inherit;\"><span style=\"vertical-align: inherit;\"><span dir=\"auto\" style=\"vertical-align: inherit;\"><span dir=\"auto\" style=\"vertical-align: inherit;\">Synonym:<\/span><\/span><\/span><\/span><\/strong><span style=\"vertical-align: inherit;\"><span style=\"vertical-align: inherit;\"><span dir=\"auto\" style=\"vertical-align: inherit;\"><span dir=\"auto\" style=\"vertical-align: inherit;\"> N-methyl-N-ethyltryptamine fumarate <\/span><\/span><\/span><\/span><br \/>\n<strong><span style=\"vertical-align: inherit;\"><span style=\"vertical-align: inherit;\"><span dir=\"auto\" style=\"vertical-align: inherit;\"><span dir=\"auto\" style=\"vertical-align: inherit;\">CAS Number:<\/span><\/span><\/span><\/span><\/strong><span style=\"vertical-align: inherit;\"><span style=\"vertical-align: inherit;\"><span dir=\"auto\" style=\"vertical-align: inherit;\"><span dir=\"auto\" style=\"vertical-align: inherit;\"> 5599-69-9 <\/span><\/span><\/span><\/span><br \/>\n<strong><span style=\"vertical-align: inherit;\"><span style=\"vertical-align: inherit;\"><span dir=\"auto\" style=\"vertical-align: inherit;\"><span dir=\"auto\" style=\"vertical-align: inherit;\">Formula:<\/span><\/span><\/span><\/span><\/strong><span style=\"vertical-align: inherit;\"><span style=\"vertical-align: inherit;\"><span dir=\"auto\" style=\"vertical-align: inherit;\"><span dir=\"auto\" style=\"vertical-align: inherit;\"> 3-[2-(ethyl(methyl)amino)ethyl]-1H-indole fumarate <\/span><\/span><\/span><\/span><br \/>\n<strong><span style=\"vertical-align: inherit;\"><span style=\"vertical-align: inherit;\"><span dir=\"auto\" style=\"vertical-align: inherit;\"><span dir=\"auto\" style=\"vertical-align: inherit;\">Molar Mass:<\/span><\/span><\/span><\/span><\/strong><span style=\"vertical-align: inherit;\"><span style=\"vertical-align: inherit;\"><span dir=\"auto\" style=\"vertical-align: inherit;\"><span dir=\"auto\" style=\"vertical-align: inherit;\"> 318.4 g\/mol <\/span><\/span><\/span><\/span><br \/>\n<strong><span style=\"vertical-align: inherit;\"><span style=\"vertical-align: inherit;\"><span dir=\"auto\" style=\"vertical-align: inherit;\"><span dir=\"auto\" style=\"vertical-align: inherit;\">Purity:<\/span><\/span><\/span><\/span><\/strong><span style=\"vertical-align: inherit;\"><span style=\"vertical-align: inherit;\"><span dir=\"auto\" style=\"vertical-align: inherit;\"><span dir=\"auto\" style=\"vertical-align: inherit;\"> &gt;97%<\/span><\/span><\/span><\/span><\/p>\n","protected":false},"featured_media":28556,"comment_status":"closed","ping_status":"closed","template":"","meta":[],"product_brand":[],"product_cat":[508,398,381],"product_tag":[1162,1163,326],"class_list":{"0":"post-23536","1":"product","2":"type-product","3":"status-publish","4":"has-post-thumbnail","6":"product_cat-met","7":"product_cat-verkoop","8":"product_cat-tryptamines","9":"product_tag-met-fumarate","10":"product_tag-met-fumarate-kopen","11":"product_tag-nl","13":"first","14":"instock","15":"sale","16":"taxable","17":"shipping-taxable","18":"purchasable","19":"product-type-variable"},"_links":{"self":[{"href":"https:\/\/researchchemicalhub.com\/tr\/wp-json\/wp\/v2\/product\/23536","targetHints":{"allow":["GET"]}}],"collection":[{"href":"https:\/\/researchchemicalhub.com\/tr\/wp-json\/wp\/v2\/product"}],"about":[{"href":"https:\/\/researchchemicalhub.com\/tr\/wp-json\/wp\/v2\/types\/product"}],"replies":[{"embeddable":true,"href":"https:\/\/researchchemicalhub.com\/tr\/wp-json\/wp\/v2\/comments?post=23536"}],"version-history":[{"count":6,"href":"https:\/\/researchchemicalhub.com\/tr\/wp-json\/wp\/v2\/product\/23536\/revisions"}],"predecessor-version":[{"id":28729,"href":"https:\/\/researchchemicalhub.com\/tr\/wp-json\/wp\/v2\/product\/23536\/revisions\/28729"}],"wp:featuredmedia":[{"embeddable":true,"href":"https:\/\/researchchemicalhub.com\/tr\/wp-json\/wp\/v2\/media\/28556"}],"wp:attachment":[{"href":"https:\/\/researchchemicalhub.com\/tr\/wp-json\/wp\/v2\/media?parent=23536"}],"wp:term":[{"taxonomy":"product_brand","embeddable":true,"href":"https:\/\/researchchemicalhub.com\/tr\/wp-json\/wp\/v2\/product_brand?post=23536"},{"taxonomy":"product_cat","embeddable":true,"href":"https:\/\/researchchemicalhub.com\/tr\/wp-json\/wp\/v2\/product_cat?post=23536"},{"taxonomy":"product_tag","embeddable":true,"href":"https:\/\/researchchemicalhub.com\/tr\/wp-json\/wp\/v2\/product_tag?post=23536"}],"curies":[{"name":"wp","href":"https:\/\/api.w.org\/{rel}","templated":true}]}}