{"id":23321,"date":"2025-04-13T17:39:34","date_gmt":"2025-04-13T17:39:34","guid":{"rendered":"https:\/\/researchchemicalhub.com\/?post_type=product&#038;p=23321"},"modified":"2025-10-30T10:14:07","modified_gmt":"2025-10-30T10:14:07","slug":"norflurazepam","status":"publish","type":"product","link":"https:\/\/researchchemicalhub.com\/tr\/magaza\/benzodiazepinler\/norflurazepam\/","title":{"rendered":"Norflurazepam"},"content":{"rendered":"<h2><span data-sheets-value=\"{\" data-sheets-userformat=\"{\"><span dir=\"auto\" style=\"vertical-align: inherit;\"><span dir=\"auto\" style=\"vertical-align: inherit;\">Norflurazepam<\/span><\/span><\/span><\/h2>\n<p><strong><span dir=\"auto\" style=\"vertical-align: inherit;\"><span dir=\"auto\" style=\"vertical-align: inherit;\">Norflurazepam<\/span><\/span><\/strong><span dir=\"auto\" style=\"vertical-align: inherit;\"><span dir=\"auto\" style=\"vertical-align: inherit;\"> yaln\u0131zca ara\u015ft\u0131rma ama\u00e7l\u0131 sat\u0131lan ve bu nedenle t\u00fcketime y\u00f6nelik olmayan bir maddedir.<\/span><\/span><\/p>\n<p><span dir=\"auto\" style=\"vertical-align: inherit;\"><span dir=\"auto\" style=\"vertical-align: inherit;\">Norflurazepam, do\u011fru ortamda sakland\u0131\u011f\u0131nda 2 y\u0131la kadar stabil kal\u0131r. Norflurazepam ara\u015ft\u0131rma ama\u00e7l\u0131d\u0131r, t\u00fcketim ama\u00e7l\u0131 de\u011fildir. Bu nedenle, \u00fcr\u00fcn\u00fcn \u00e7ocuklar\u0131n ve evcil hayvanlar\u0131n eri\u015femeyece\u011fi yerde saklanmas\u0131 \u00f6nemlidir. 2C-E<\/span><\/span><\/p>\n<p><span dir=\"auto\" style=\"vertical-align: inherit;\"><span dir=\"auto\" style=\"vertical-align: inherit;\">Uygun fiyatlarla y\u00fcksek kaliteli ara\u015ft\u0131rma kimyasallar\u0131 sunuyoruz. Sipari\u015finiz her g\u00fcn 24 saat i\u00e7inde kargoya verilir. <\/span><\/span><em><span dir=\"auto\" style=\"vertical-align: inherit;\"><span dir=\"auto\" style=\"vertical-align: inherit;\">Norflurazepam<\/span><\/span><\/em><span dir=\"auto\" style=\"vertical-align: inherit;\"><span dir=\"auto\" style=\"vertical-align: inherit;\"> g\u00fcvenli ve h\u0131zl\u0131 bir \u015fekilde taraf\u0131m\u0131zdan!<\/span><\/span><\/p>\n<h3><span data-sheets-value=\"{\" data-sheets-userformat=\"{\"><span dir=\"auto\" style=\"vertical-align: inherit;\"><span dir=\"auto\" style=\"vertical-align: inherit;\">Norflurazepam \u00f6zellikleri<\/span><\/span><\/span><\/h3>\n<p><strong><span dir=\"auto\" style=\"vertical-align: inherit;\"><span dir=\"auto\" style=\"vertical-align: inherit;\">E\u015f anlaml\u0131s\u0131:<\/span><\/span><\/strong><span dir=\"auto\" style=\"vertical-align: inherit;\"><span dir=\"auto\" style=\"vertical-align: inherit;\"> Norflurazepam <\/span><\/span><br \/>\n<strong><span dir=\"auto\" style=\"vertical-align: inherit;\"><span dir=\"auto\" style=\"vertical-align: inherit;\">CAS Numaras\u0131:<\/span><\/span><\/strong><span dir=\"auto\" style=\"vertical-align: inherit;\"><span dir=\"auto\" style=\"vertical-align: inherit;\"> 2886-65-9 <\/span><\/span><br \/>\n<strong><span dir=\"auto\" style=\"vertical-align: inherit;\"><span dir=\"auto\" style=\"vertical-align: inherit;\">Form\u00fcl:<\/span><\/span><\/strong><span dir=\"auto\" style=\"vertical-align: inherit;\"><span dir=\"auto\" style=\"vertical-align: inherit;\"> 7-kloro-5-(2-florofenil)-1,3-dihidro-2H-1,4-benzodiazepin-2-on <\/span><\/span><br \/>\n<strong><span dir=\"auto\" style=\"vertical-align: inherit;\"><span dir=\"auto\" style=\"vertical-align: inherit;\">Mol k\u00fctlesi:<\/span><\/span><\/strong><span dir=\"auto\" style=\"vertical-align: inherit;\"><span dir=\"auto\" style=\"vertical-align: inherit;\"> 299,3 g\/mol <\/span><\/span><br \/>\n<strong><span dir=\"auto\" style=\"vertical-align: inherit;\"><span dir=\"auto\" style=\"vertical-align: inherit;\">Safl\u0131k:<\/span><\/span><\/strong><span dir=\"auto\" style=\"vertical-align: inherit;\"><span dir=\"auto\" style=\"vertical-align: inherit;\"> &gt;97%<\/span><\/span><\/p>\n<h3><span dir=\"auto\" style=\"vertical-align: inherit;\"><span dir=\"auto\" style=\"vertical-align: inherit;\">Norflurazepam nedir?<\/span><\/span><\/h3>\n<p><span dir=\"auto\" style=\"vertical-align: inherit;\"><span dir=\"auto\" style=\"vertical-align: inherit;\">Norflurazepam, benzodiazepin s\u0131n\u0131f\u0131na ait bir ara\u015ft\u0131rma kimyasal\u0131d\u0131r. Merkezi sinir sistemi \u00fczerindeki potansiyel etkileri nedeniyle ara\u015ft\u0131rma ilgisi \u00e7eken sentetik bir bile\u015fiktir. 3-MEO-PCP<\/span><\/span><\/p>\n<p><span dir=\"auto\" style=\"vertical-align: inherit;\"><span dir=\"auto\" style=\"vertical-align: inherit;\">Norflurazepam, yat\u0131\u015ft\u0131r\u0131c\u0131, kayg\u0131 giderici ve kas gev\u015fetici \u00f6zellikleriyle bilinen benzodiazepin ailesinden t\u00fcretilmi\u015ftir. Farmakolojik profildeki ve potansiyel terap\u00f6tik uygulamalardaki farkl\u0131l\u0131klar\u0131 ara\u015ft\u0131rmak amac\u0131yla mevcut benzodiazepinlerin bir modifikasyonu olarak geli\u015ftirilmi\u015ftir.<\/span><\/span><\/p>\n<p><span dir=\"auto\" style=\"vertical-align: inherit;\"><span dir=\"auto\" style=\"vertical-align: inherit;\">Ara\u015ft\u0131rmac\u0131lar \u00f6zellikle norflurazepam\u0131n beyindeki GABA-A resept\u00f6rleriyle etkile\u015fimini incelemekle ilgileniyorlar. Bu resept\u00f6rler, inhibit\u00f6r n\u00f6rotransmitterlerin d\u00fczenlenmesinde \u00f6nemli bir rol oynuyor.<\/span><\/span><\/p>\n<p><span dir=\"auto\" style=\"vertical-align: inherit;\"><span dir=\"auto\" style=\"vertical-align: inherit;\">Norflurazepam\u0131n bir ara\u015ft\u0131rma kimyasal\u0131 olarak geli\u015ftirilmesi, bilimsel merak ve benzodiazepin bile\u015fikleri hakk\u0131ndaki anlay\u0131\u015f\u0131m\u0131z\u0131 geli\u015ftirme arzusuyla y\u00f6nlendirilmektedir. Bilim insanlar\u0131, titiz ara\u015ft\u0131rmalar y\u00fcr\u00fcterek, bile\u015fi\u011fin merkezi sinir sistemi \u00fczerindeki etkileri hakk\u0131ndaki bilgimizi geni\u015fletmeyi ve benzodiazepinler hakk\u0131nda daha geni\u015f bir anlay\u0131\u015fa katk\u0131da bulunmay\u0131 ama\u00e7lamaktad\u0131r. 3-CMC (3-Klorometkatinon) sat\u0131n al\u0131n<\/span><\/span><\/p>\n<h3><span dir=\"auto\" style=\"vertical-align: inherit;\"><span dir=\"auto\" style=\"vertical-align: inherit;\">Norflurazepam nas\u0131l ortaya \u00e7\u0131kt\u0131?<\/span><\/span><\/h3>\n<p><span dir=\"auto\" style=\"vertical-align: inherit;\"><span dir=\"auto\" style=\"vertical-align: inherit;\">Norflurazepam kimyasal ara\u015ft\u0131rmalar\u0131n\u0131n ge\u00e7mi\u015fi, benzodiazepinlerin geli\u015ftirilmesi ve ara\u015ft\u0131r\u0131lmas\u0131na kadar uzanmaktad\u0131r. Norflurazepam, bu benzodiazepinlerin bir t\u00fcrevi olarak ortaya \u00e7\u0131km\u0131\u015f ve ara\u015ft\u0131rmac\u0131lar, onun benzersiz \u00f6zelliklerini ve potansiyel terap\u00f6tik uygulamalar\u0131n\u0131 ara\u015ft\u0131rm\u0131\u015flard\u0131r.<\/span><\/span><\/p>\n<p><span dir=\"auto\" style=\"vertical-align: inherit;\"><span dir=\"auto\" style=\"vertical-align: inherit;\">Norflurazepam\u0131n bir ara\u015ft\u0131rma kimyasal\u0131 olarak geli\u015ftirilmesi, mevcut benzodiazepin bile\u015fiklerinin sentezlenmesi ve modifikasyonuyla ba\u015flam\u0131\u015ft\u0131r. Bilim insanlar\u0131, merkezi sinir sistemi \u00fczerindeki etkilerini incelemek ve etki mekanizmalar\u0131n\u0131 daha iyi anlamak i\u00e7in kimyasal yap\u0131da varyasyonlar olu\u015fturmak istemi\u015flerdir.<\/span><\/span><\/p>\n<p><span dir=\"auto\" style=\"vertical-align: inherit;\"><span dir=\"auto\" style=\"vertical-align: inherit;\">Ara\u015ft\u0131rman\u0131n ilk a\u015famalar\u0131, bile\u015fi\u011fin farmakolojik profilini, beyindeki belirli resept\u00f6rlere ba\u011flanma afinitesi de dahil olmak \u00fczere belirlemek i\u00e7in laboratuvar \u00e7al\u0131\u015fmalar\u0131na odakland\u0131. Ara\u015ft\u0131rma ilerledik\u00e7e, bilim insanlar\u0131 bile\u015fi\u011fin farmakokineti\u011fini ara\u015ft\u0131rarak v\u00fccuttaki emilimini, da\u011f\u0131l\u0131m\u0131n\u0131, metabolizmas\u0131n\u0131 ve at\u0131l\u0131m\u0131n\u0131 incelediler. Bu bilgiler, bile\u015fi\u011fin etki s\u00fcresi ve potansiyel terap\u00f6tik uygulamalar\u0131 hakk\u0131nda de\u011ferli bilgiler sunmaktad\u0131r.<\/span><\/span><\/p>\n<h3><span dir=\"auto\" style=\"vertical-align: inherit;\"><span dir=\"auto\" style=\"vertical-align: inherit;\">Tehlike beyan\u0131<\/span><\/span><\/h3>\n<p><span dir=\"auto\" style=\"vertical-align: inherit;\"><span dir=\"auto\" style=\"vertical-align: inherit;\">Norflurazepam solunum yolu tahri\u015fine neden olabilir <\/span><\/span><br \/>\n<span dir=\"auto\" style=\"vertical-align: inherit;\"><span dir=\"auto\" style=\"vertical-align: inherit;\">Norflurazepam g\u00f6z tahri\u015fine neden olabilir. <\/span><\/span><br \/>\n<span dir=\"auto\" style=\"vertical-align: inherit;\"><span dir=\"auto\" style=\"vertical-align: inherit;\">Ara\u015ft\u0131rma kimyasallar\u0131n\u0131n \u00e7evreye at\u0131lmas\u0131 yasakt\u0131r.<\/span><\/span><\/p>\n<p><span dir=\"auto\" style=\"vertical-align: inherit;\"><span dir=\"auto\" style=\"vertical-align: inherit;\">Norflurazepam G\u00d6ZLERE ULA\u015eTIRILDI\u011eINDA: G\u00f6zlerinizi be\u015f dakika boyunca nazik\u00e7e suyla y\u0131kay\u0131n. M\u00fcmk\u00fcnse kontakt lenslerinizi \u00e7\u0131kar\u0131n.<\/span><\/span><\/p>\n<p><span dir=\"auto\" style=\"vertical-align: inherit;\"><span dir=\"auto\" style=\"vertical-align: inherit;\">Norflurazepam C\u0130LDE UYGULANIRKEN: Cildi sabun ve suyla y\u0131kay\u0131n.<\/span><\/span><\/p>\n<p><span dir=\"auto\" style=\"vertical-align: inherit;\"><span dir=\"auto\" style=\"vertical-align: inherit;\">SOLUNDU\u011eUNDA Norflurazepam: Ma\u011fduru temiz havaya \u00e7\u0131kar\u0131n ve rahat nefes alabilece\u011fi bir pozisyonda tutun.<\/span><\/span><\/p>","protected":false},"excerpt":{"rendered":"<h3><span data-sheets-value=\"{\" data-sheets-userformat=\"{\"><span dir=\"auto\" style=\"vertical-align: inherit;\"><span dir=\"auto\" style=\"vertical-align: inherit;\">Norflurazepam \u00f6zellikleri<\/span><\/span><\/span><\/h3>\n<p><strong><span dir=\"auto\" style=\"vertical-align: inherit;\"><span dir=\"auto\" style=\"vertical-align: inherit;\">E\u015f anlaml\u0131s\u0131:<\/span><\/span><\/strong><span dir=\"auto\" style=\"vertical-align: inherit;\"><span dir=\"auto\" style=\"vertical-align: inherit;\"> Norflurazepam <\/span><\/span><br \/>\n<strong><span dir=\"auto\" style=\"vertical-align: inherit;\"><span dir=\"auto\" style=\"vertical-align: inherit;\">CAS Numaras\u0131:<\/span><\/span><\/strong><span dir=\"auto\" style=\"vertical-align: inherit;\"><span dir=\"auto\" style=\"vertical-align: inherit;\"> 2886-65-9 <\/span><\/span><br \/>\n<strong><span dir=\"auto\" style=\"vertical-align: inherit;\"><span dir=\"auto\" style=\"vertical-align: inherit;\">Form\u00fcl:<\/span><\/span><\/strong><span dir=\"auto\" style=\"vertical-align: inherit;\"><span dir=\"auto\" style=\"vertical-align: inherit;\"> 7-kloro-5-(2-florofenil)-1,3-dihidro-2H-1,4-benzodiazepin-2-on <\/span><\/span><br \/>\n<strong><span dir=\"auto\" style=\"vertical-align: inherit;\"><span dir=\"auto\" style=\"vertical-align: inherit;\">Mol k\u00fctlesi:<\/span><\/span><\/strong><span dir=\"auto\" style=\"vertical-align: inherit;\"><span dir=\"auto\" style=\"vertical-align: inherit;\"> 299,3 g\/mol <\/span><\/span><br \/>\n<strong><span dir=\"auto\" style=\"vertical-align: inherit;\"><span dir=\"auto\" style=\"vertical-align: inherit;\">Safl\u0131k:<\/span><\/span><\/strong><span dir=\"auto\" style=\"vertical-align: inherit;\"><span dir=\"auto\" style=\"vertical-align: inherit;\"> &gt;97%<\/span><\/span><\/p>","protected":false},"featured_media":28579,"comment_status":"closed","ping_status":"closed","template":"","meta":[],"product_brand":[],"product_cat":[76,388],"product_tag":[326],"class_list":{"0":"post-23321","1":"product","2":"type-product","3":"status-publish","4":"has-post-thumbnail","6":"product_cat-benzodiazepinen","7":"product_cat-norflurazepam","8":"product_tag-nl","10":"first","11":"instock","12":"taxable","13":"shipping-taxable","14":"purchasable","15":"product-type-variable"},"_links":{"self":[{"href":"https:\/\/researchchemicalhub.com\/tr\/wp-json\/wp\/v2\/product\/23321","targetHints":{"allow":["GET"]}}],"collection":[{"href":"https:\/\/researchchemicalhub.com\/tr\/wp-json\/wp\/v2\/product"}],"about":[{"href":"https:\/\/researchchemicalhub.com\/tr\/wp-json\/wp\/v2\/types\/product"}],"replies":[{"embeddable":true,"href":"https:\/\/researchchemicalhub.com\/tr\/wp-json\/wp\/v2\/comments?post=23321"}],"version-history":[{"count":4,"href":"https:\/\/researchchemicalhub.com\/tr\/wp-json\/wp\/v2\/product\/23321\/revisions"}],"predecessor-version":[{"id":28748,"href":"https:\/\/researchchemicalhub.com\/tr\/wp-json\/wp\/v2\/product\/23321\/revisions\/28748"}],"wp:featuredmedia":[{"embeddable":true,"href":"https:\/\/researchchemicalhub.com\/tr\/wp-json\/wp\/v2\/media\/28579"}],"wp:attachment":[{"href":"https:\/\/researchchemicalhub.com\/tr\/wp-json\/wp\/v2\/media?parent=23321"}],"wp:term":[{"taxonomy":"product_brand","embeddable":true,"href":"https:\/\/researchchemicalhub.com\/tr\/wp-json\/wp\/v2\/product_brand?post=23321"},{"taxonomy":"product_cat","embeddable":true,"href":"https:\/\/researchchemicalhub.com\/tr\/wp-json\/wp\/v2\/product_cat?post=23321"},{"taxonomy":"product_tag","embeddable":true,"href":"https:\/\/researchchemicalhub.com\/tr\/wp-json\/wp\/v2\/product_tag?post=23321"}],"curies":[{"name":"wp","href":"https:\/\/api.w.org\/{rel}","templated":true}]}}