{"id":23304,"date":"2025-04-13T17:39:31","date_gmt":"2025-04-13T17:39:31","guid":{"rendered":"https:\/\/researchchemicalhub.com\/?post_type=product&#038;p=23304"},"modified":"2025-10-30T10:18:10","modified_gmt":"2025-10-30T10:18:10","slug":"etizolam-satin-al","status":"publish","type":"product","link":"https:\/\/researchchemicalhub.com\/tr\/magaza\/yasakli\/etizolam-satin-al\/","title":{"rendered":"Etizolam 1 mg Emzikler"},"content":{"rendered":"<h1><span dir=\"auto\" style=\"vertical-align: inherit;\"><span dir=\"auto\" style=\"vertical-align: inherit;\">Etizolam Blotter 1 mg \u2013 Bilimsel Uygulamalar i\u00e7in Profesyonel Ara\u015ft\u0131rma Malzemesi<\/span><\/span><\/h1>\n<p data-start=\"3736\" data-end=\"3880\"><strong data-start=\"3736\" data-end=\"3761\">Etizolam 1 mg Emzikler<\/strong> i\u00e7ermek <strong data-start=\"3771\" data-end=\"3807\">Blotter ba\u015f\u0131na 1 miligram Etizolam<\/strong>, hassas bir \u015fekilde dozlanm\u0131\u015f <strong data-start=\"3835\" data-end=\"3877\">farmakolojik ve analitik ara\u015ft\u0131rma<\/strong>. etizolam sat\u0131n al<\/p>\n<p data-start=\"3882\" data-end=\"4147\">Etizolam bir <strong data-start=\"3898\" data-end=\"3928\">tiyenodiazepin bile\u015fi\u011fi<\/strong>, yap\u0131sal olarak benzodiazepinlerle ili\u015fkilidir ve etkileri ara\u015ft\u0131r\u0131lmaktad\u0131r <strong data-start=\"4015\" data-end=\"4036\">GABA-A resept\u00f6rleri<\/strong>. S\u0131kl\u0131kla kullan\u0131l\u0131r <strong data-start=\"4065\" data-end=\"4098\">n\u00f6rofarmakolojik ara\u015ft\u0131rma<\/strong> kayg\u0131 giderici ve yat\u0131\u015ft\u0131r\u0131c\u0131 \u00f6zelliklere sahiptir.<\/p>\n<p data-start=\"4149\" data-end=\"4377\">Her bir kurutma ka\u011f\u0131d\u0131 a\u015fa\u011f\u0131daki \u015fekilde \u00fcretilir: <strong data-start=\"4186\" data-end=\"4224\">s\u0131k\u0131 laboratuvar ko\u015fullar\u0131<\/strong>, ile ilgili <strong data-start=\"4230\" data-end=\"4265\">y\u00fcksek safl\u0131kta Etizolam (\u226599%)<\/strong> A\u00e7\u0131k <strong data-start=\"4269\" data-end=\"4297\">ara\u015ft\u0131rmaya de\u011fer makale<\/strong>, bu da sa\u011flar <strong data-start=\"4314\" data-end=\"4374\">d\u00fczg\u00fcn emilim ve tutarl\u0131 analitik performans<\/strong>.<\/p>\n<blockquote data-start=\"4379\" data-end=\"4534\">\n<p data-start=\"4381\" data-end=\"4534\">\u26a0\ufe0f <strong data-start=\"4384\" data-end=\"4395\">Not:<\/strong> Bu kurutma ka\u011f\u0131tlar\u0131 <strong data-start=\"4415\" data-end=\"4470\">yaln\u0131zca bilimsel ara\u015ft\u0131rma ama\u00e7l\u0131<\/strong> Ve <strong data-start=\"4474\" data-end=\"4531\">insan veya hayvan t\u00fcketimine uygun de\u011fildir<\/strong>.<\/p>\n<\/blockquote>\n<hr data-start=\"4536\" data-end=\"4539\" \/>\n<h3 data-start=\"4541\" data-end=\"4572\"><strong data-start=\"4545\" data-end=\"4572\">Temel \u00d6zellikler<\/strong><\/h3>\n<ul data-start=\"4573\" data-end=\"5008\">\n<li data-start=\"4573\" data-end=\"4662\">\n<p data-start=\"4575\" data-end=\"4662\"><strong data-start=\"4575\" data-end=\"4617\">Do\u011fru Dozaj (blotter ba\u015f\u0131na 1 mg)<\/strong> \u2013 G\u00fcvenilir analitik sonu\u00e7lar i\u00e7in.<\/p>\n<\/li>\n<li data-start=\"4663\" data-end=\"4737\">\n<p data-start=\"4665\" data-end=\"4737\"><strong data-start=\"4665\" data-end=\"4691\">Y\u00fcksek Safl\u0131k (\u226599%)<\/strong> \u2013 HPLC ve GC-MS analizleri ile kontrol edilmi\u015ftir.<\/p>\n<\/li>\n<li data-start=\"4738\" data-end=\"4820\">\n<p data-start=\"4740\" data-end=\"4820\"><strong data-start=\"4740\" data-end=\"4762\">Tekd\u00fcze Da\u011f\u0131l\u0131m<\/strong> \u2013 Tutarl\u0131 test sonu\u00e7lar\u0131 i\u00e7in e\u015fit kaplama.<\/p>\n<\/li>\n<li data-start=\"4821\" data-end=\"4918\">\n<p data-start=\"4823\" data-end=\"4918\"><strong data-start=\"4823\" data-end=\"4862\">Farmakolojik Ara\u015ft\u0131rma Standard\u0131<\/strong> \u2013 Resept\u00f6r ve biyoanalitik ara\u015ft\u0131rmalara uygundur.<\/p>\n<\/li>\n<li data-start=\"4919\" data-end=\"5008\">\n<p data-start=\"4921\" data-end=\"5008\"><strong data-start=\"4921\" data-end=\"4943\">G\u00fcvenli Paketleme<\/strong> \u2013 Uzun s\u00fcreli raf \u00f6mr\u00fc i\u00e7in \u0131\u015f\u0131k ve nemden korunmal\u0131d\u0131r. Etizolam sat\u0131n al\u0131n<\/p>\n<\/li>\n<\/ul>\n<hr data-start=\"5010\" data-end=\"5013\" \/>\n<h3 data-start=\"5015\" data-end=\"5032\"><strong data-start=\"5019\" data-end=\"5032\">Avantajlar\u0131<\/strong><\/h3>\n<ul data-start=\"5033\" data-end=\"5328\">\n<li data-start=\"5033\" data-end=\"5120\">\n<p data-start=\"5035\" data-end=\"5120\">Destekler <strong data-start=\"5047\" data-end=\"5117\">GABA-A resept\u00f6rleri ve n\u00f6rofarmakolojik s\u00fcre\u00e7ler \u00fczerine ara\u015ft\u0131rmalar<\/strong>.<\/p>\n<\/li>\n<li data-start=\"5121\" data-end=\"5181\">\n<p data-start=\"5123\" data-end=\"5181\"><strong data-start=\"5123\" data-end=\"5178\">Do\u011fru ve tekrarlanabilir ara\u015ft\u0131rma sonu\u00e7lar\u0131<\/strong>.<\/p>\n<\/li>\n<li data-start=\"5182\" data-end=\"5254\">\n<p data-start=\"5184\" data-end=\"5254\"><strong data-start=\"5184\" data-end=\"5226\">Kullan\u0131m\u0131 ve saklanmas\u0131 kolayd\u0131r<\/strong> laboratuvar kullan\u0131m\u0131 i\u00e7in.<\/p>\n<\/li>\n<li data-start=\"5255\" data-end=\"5328\">\n<p data-start=\"5257\" data-end=\"5328\">Uygun olanlar <strong data-start=\"5271\" data-end=\"5325\">akademik, farmakolojik ve analitik ara\u015ft\u0131rmalar<\/strong>.<\/p>\n<\/li>\n<\/ul>\n<hr data-start=\"5330\" data-end=\"5333\" \/>\n<h3 data-start=\"5335\" data-end=\"5350\"><strong data-start=\"5339\" data-end=\"5350\">Kullan\u0131m<\/strong><\/h3>\n<ul data-start=\"5351\" data-end=\"5622\">\n<li data-start=\"5351\" data-end=\"5421\">\n<p data-start=\"5353\" data-end=\"5421\">Sadece taraf\u0131ndan kullan\u0131labilir <strong data-start=\"5378\" data-end=\"5418\">kalifiye laboratuvar personeli<\/strong>.<\/p>\n<\/li>\n<li data-start=\"5422\" data-end=\"5498\">\n<p data-start=\"5424\" data-end=\"5498\">Uygun olan\u0131 kullan\u0131n <strong data-start=\"5442\" data-end=\"5466\">koruyucu ekipman<\/strong> (eldiven, g\u00f6zl\u00fck, laboratuvar \u00f6nl\u00fc\u011f\u00fc).<\/p>\n<\/li>\n<li data-start=\"5499\" data-end=\"5563\">\n<p data-start=\"5501\" data-end=\"5563\">Birinden tasarruf edin <strong data-start=\"5516\" data-end=\"5550\">serin, kuru ve karanl\u0131k bir yer<\/strong> (15\u201325\u00b0C).<\/p>\n<\/li>\n<li data-start=\"5564\" data-end=\"5622\">\n<p data-start=\"5566\" data-end=\"5622\">\u0130nsan ve hayvan t\u00fcketimine uygun de\u011fildir.<\/p>\n<\/li>\n<\/ul>\n<hr data-start=\"5624\" data-end=\"5627\" \/>\n<h3 data-start=\"5629\" data-end=\"5664\"><strong data-start=\"5633\" data-end=\"5664\">S\u0131k\u00e7a Sorulan Sorular (SSS)<\/strong><\/h3>\n<p data-start=\"5666\" data-end=\"5841\"><strong data-start=\"5666\" data-end=\"5720\">1. Etizolam 1 mg Blotter ne i\u00e7in kullan\u0131l\u0131r?<\/strong><br data-start=\"5720\" data-end=\"5723\" \/>Etizolam 1 mg Blotterlar \u015fu durumlarda kullan\u0131l\u0131r: <strong data-start=\"5764\" data-end=\"5806\">analitik ve farmakolojik ara\u015ft\u0131rmalar<\/strong> GABA-A resept\u00f6r etkile\u015fimlerine.<\/p>\n<p data-start=\"5843\" data-end=\"6029\"><strong data-start=\"5843\" data-end=\"5903\">2. Etizolam Blotterlar insan kullan\u0131m\u0131 i\u00e7in g\u00fcvenli midir?<\/strong><br data-start=\"5903\" data-end=\"5906\" \/>Hay\u0131r. Bu kurutma ka\u011f\u0131tlar\u0131 <strong data-start=\"5930\" data-end=\"5979\">yaln\u0131zca ara\u015ft\u0131rma ama\u00e7l\u0131d\u0131r<\/strong> ve insan t\u00fcketimi i\u00e7in onaylanmam\u0131\u015ft\u0131r.<\/p>\n<p data-start=\"6031\" data-end=\"6169\"><strong data-start=\"6031\" data-end=\"6082\">3. Etizolam Blotterlar\u0131 nas\u0131l saklanmal\u0131d\u0131r?<\/strong><br data-start=\"6082\" data-end=\"6085\" \/>Bir yerde saklay\u0131n <strong data-start=\"6100\" data-end=\"6135\">\u0131\u015f\u0131k ve nemden uzak ambalaj<\/strong> oda s\u0131cakl\u0131\u011f\u0131nda (15\u201325\u00b0C).<\/p>","protected":false},"excerpt":{"rendered":"<h2><strong><span dir=\"auto\" style=\"vertical-align: inherit;\"><span dir=\"auto\" style=\"vertical-align: inherit;\">Etizolam 1mg Blotters<\/span><\/span><\/strong><\/h2>\n<p><span dir=\"auto\" style=\"vertical-align: inherit;\"><span dir=\"auto\" style=\"vertical-align: inherit;\">CAS Number: 40054-69-1 <\/span><\/span><br \/>\n<span dir=\"auto\" style=\"vertical-align: inherit;\"><span dir=\"auto\" style=\"vertical-align: inherit;\">Formula: 4-(2-chlorophenyl)-2-ethyl-9-methyl-6H-thieno[3,2-f][1,2,4]triazolo[4,3-a][1,4]diazepine <\/span><\/span><br \/>\n<span dir=\"auto\" style=\"vertical-align: inherit;\"><span dir=\"auto\" style=\"vertical-align: inherit;\">Molecular mass: 342.8 g\/mol <\/span><\/span><br \/>\n<span dir=\"auto\" style=\"vertical-align: inherit;\"><span dir=\"auto\" style=\"vertical-align: inherit;\">Purity: \u2265 99%<\/span><\/span><\/p>\n","protected":false},"featured_media":28518,"comment_status":"closed","ping_status":"closed","template":"","meta":[],"product_brand":[82],"product_cat":[488],"product_tag":[917,922,1130,326],"class_list":{"0":"post-23304","1":"product","2":"type-product","3":"status-publish","4":"has-post-thumbnail","6":"product_brand-research-chemical","7":"product_cat-verboden","8":"product_tag-etizolam","9":"product_tag-etizolam-blotters","10":"product_tag-etizolam-kopen","11":"product_tag-nl","13":"first","14":"instock","15":"taxable","16":"shipping-taxable","17":"purchasable","18":"product-type-simple"},"_links":{"self":[{"href":"https:\/\/researchchemicalhub.com\/tr\/wp-json\/wp\/v2\/product\/23304","targetHints":{"allow":["GET"]}}],"collection":[{"href":"https:\/\/researchchemicalhub.com\/tr\/wp-json\/wp\/v2\/product"}],"about":[{"href":"https:\/\/researchchemicalhub.com\/tr\/wp-json\/wp\/v2\/types\/product"}],"replies":[{"embeddable":true,"href":"https:\/\/researchchemicalhub.com\/tr\/wp-json\/wp\/v2\/comments?post=23304"}],"version-history":[{"count":6,"href":"https:\/\/researchchemicalhub.com\/tr\/wp-json\/wp\/v2\/product\/23304\/revisions"}],"predecessor-version":[{"id":28043,"href":"https:\/\/researchchemicalhub.com\/tr\/wp-json\/wp\/v2\/product\/23304\/revisions\/28043"}],"wp:featuredmedia":[{"embeddable":true,"href":"https:\/\/researchchemicalhub.com\/tr\/wp-json\/wp\/v2\/media\/28518"}],"wp:attachment":[{"href":"https:\/\/researchchemicalhub.com\/tr\/wp-json\/wp\/v2\/media?parent=23304"}],"wp:term":[{"taxonomy":"product_brand","embeddable":true,"href":"https:\/\/researchchemicalhub.com\/tr\/wp-json\/wp\/v2\/product_brand?post=23304"},{"taxonomy":"product_cat","embeddable":true,"href":"https:\/\/researchchemicalhub.com\/tr\/wp-json\/wp\/v2\/product_cat?post=23304"},{"taxonomy":"product_tag","embeddable":true,"href":"https:\/\/researchchemicalhub.com\/tr\/wp-json\/wp\/v2\/product_tag?post=23304"}],"curies":[{"name":"wp","href":"https:\/\/api.w.org\/{rel}","templated":true}]}}