{"id":23119,"date":"2025-04-13T17:39:11","date_gmt":"2025-04-13T17:39:11","guid":{"rendered":"https:\/\/researchchemicalhub.com\/?post_type=product&#038;p=23119"},"modified":"2025-10-30T12:36:06","modified_gmt":"2025-10-30T12:36:06","slug":"4-cmc-4-chloromethcathinone","status":"publish","type":"product","link":"https:\/\/researchchemicalhub.com\/tr\/shop\/verboden\/4-cmc-4-chloromethcathinone\/","title":{"rendered":"4-CMC (4-Kloromekatinon)"},"content":{"rendered":"<h1>4 CMC (4-Klorometkatinon) \u2013 Ara\u015ft\u0131rma Kimyasal\u0131 Katinon Bile\u015fi\u011fi<\/h1>\n<p data-start=\"7438\" data-end=\"7731\"><strong data-start=\"7438\" data-end=\"7447\">4-CMC<\/strong>, veya <strong data-start=\"7452\" data-end=\"7476\">4-Kloromekatinon<\/strong>, bir <strong data-start=\"7485\" data-end=\"7519\">sentetik uyar\u0131c\u0131<\/strong> -den <strong data-start=\"7527\" data-end=\"7545\">katinon s\u0131n\u0131f\u0131<\/strong>, ile ilgili <strong data-start=\"7559\" data-end=\"7573\">mefedron<\/strong> Ve <strong data-start=\"7577\" data-end=\"7586\">3-CMC<\/strong>. 4 cmc<br data-start=\"7587\" data-end=\"7590\" \/>\u0130\u00e7erisinde bir <strong data-start=\"7604\" data-end=\"7641\">4-pozisyonda klor ikamesi<\/strong> fenil halkas\u0131n\u0131n yap\u0131s\u0131 ve i\u00e7inde ara\u015ft\u0131r\u0131l\u0131yor <strong data-start=\"7686\" data-end=\"7728\">adli ve analitik laboratuvarlar<\/strong>. 4 cmc<\/p>\n<p data-start=\"7733\" data-end=\"7844\">4-CMC&#039;de <strong data-start=\"7745\" data-end=\"7773\">t\u0131bbi uygulama yok<\/strong> ve yaln\u0131zca incelenir <strong data-start=\"7811\" data-end=\"7843\">bilimsel ama\u00e7lar<\/strong>.<\/p>\n<hr data-start=\"7846\" data-end=\"7849\" \/>\n<h2 data-start=\"7851\" data-end=\"7898\"><strong data-start=\"7854\" data-end=\"7898\">Kimyasal ve Farmakolojik Arka Plan<\/strong><\/h2>\n<p data-start=\"7900\" data-end=\"7925\"><strong data-start=\"7900\" data-end=\"7925\">\u00d6nemli bilgi:<\/strong><\/p>\n<ul data-start=\"7926\" data-end=\"8206\">\n<li data-start=\"7926\" data-end=\"7990\">\n<p data-start=\"7928\" data-end=\"7990\"><strong data-start=\"7928\" data-end=\"7943\">IUPAC ad\u0131:<\/strong> 1-(4-klorofenil)-2-(metilamino)propan-1-on<\/p>\n<\/li>\n<li data-start=\"7991\" data-end=\"8026\">\n<p data-start=\"7993\" data-end=\"8026\"><strong data-start=\"7993\" data-end=\"8013\">Molek\u00fcler form\u00fcl:<\/strong> C10H12ClNO<\/p>\n<\/li>\n<li data-start=\"8027\" data-end=\"8063\">\n<p data-start=\"8029\" data-end=\"8063\"><strong data-start=\"8029\" data-end=\"8047\">Molek\u00fcl k\u00fctlesi:<\/strong> \u00b1197,66 g\/mol<\/p>\n<\/li>\n<li data-start=\"8064\" data-end=\"8116\">\n<p data-start=\"8066\" data-end=\"8116\"><strong data-start=\"8066\" data-end=\"8087\">Kimyasal s\u0131n\u0131f:<\/strong> Gesubstitueerde cathinonen, 4 cmc<\/p>\n<\/li>\n<li data-start=\"8117\" data-end=\"8206\">\n<p data-start=\"8119\" data-end=\"8206\"><strong data-start=\"8119\" data-end=\"8139\">Resept\u00f6r fonksiyonu:<\/strong> Dopamin, serotonin ve noradrenalin ta\u015f\u0131y\u0131c\u0131lar\u0131n\u0131 etkiler.<\/p>\n<\/li>\n<\/ul>\n<p data-start=\"8208\" data-end=\"8352\">The <strong data-start=\"8211\" data-end=\"8232\">klor ikamesi<\/strong> Ba\u011flanma g\u00fcc\u00fcn\u00fc ve metabolik stabiliteyi etkiler, bu da onu ilgin\u00e7 k\u0131lar <strong data-start=\"8319\" data-end=\"8351\">yap\u0131-aktivite ara\u015ft\u0131rmas\u0131<\/strong>.<\/p>\n<hr data-start=\"8354\" data-end=\"8357\" \/>\n<h2 data-start=\"8359\" data-end=\"8386\"><strong data-start=\"8362\" data-end=\"8386\">Ara\u015ft\u0131rma ama\u00e7lar\u0131<\/strong><\/h2>\n<p data-start=\"8388\" data-end=\"8416\">4-CMC hakk\u0131nda \u015fu soru\u015fturma y\u00fcr\u00fct\u00fcl\u00fcyor:<\/p>\n<ul data-start=\"8417\" data-end=\"8729\">\n<li data-start=\"8417\" data-end=\"8489\">\n<p data-start=\"8419\" data-end=\"8489\"><strong data-start=\"8419\" data-end=\"8442\">Analitik kimya:<\/strong> GC-MS, LC-MS, FTIR ve NMR ile tan\u0131mlama.<\/p>\n<\/li>\n<li data-start=\"8490\" data-end=\"8577\">\n<p data-start=\"8492\" data-end=\"8577\"><strong data-start=\"8492\" data-end=\"8520\">Adli toksikoloji:<\/strong> biyolojik ve ele ge\u00e7irilen numunelerde tespit.<\/p>\n<\/li>\n<li data-start=\"8578\" data-end=\"8654\">\n<p data-start=\"8580\" data-end=\"8654\"><strong data-start=\"8580\" data-end=\"8597\">Farmakoloji:<\/strong> n\u00f6rotransmitter etkile\u015fimleri ve metabolizmas\u0131n\u0131n incelenmesi.<\/p>\n<\/li>\n<li data-start=\"8655\" data-end=\"8729\">\n<p data-start=\"8657\" data-end=\"8729\"><strong data-start=\"8657\" data-end=\"8677\">Halk sa\u011fl\u0131\u011f\u0131:<\/strong> NPS i\u00e7in uyar\u0131 sistemlerinin desteklenmesi.<\/p>\n<\/li>\n<\/ul>\n<hr data-start=\"8731\" data-end=\"8734\" \/>\n<h2 data-start=\"8736\" data-end=\"8780\"><strong data-start=\"8739\" data-end=\"8780\">G\u00fcvenlik ve Yasal Hususlar<\/strong><\/h2>\n<p data-start=\"8782\" data-end=\"8799\"><strong data-start=\"8782\" data-end=\"8797\">Emniyet:<\/strong><\/p>\n<ul data-start=\"8800\" data-end=\"9009\">\n<li data-start=\"8800\" data-end=\"8887\">\n<p data-start=\"8802\" data-end=\"8887\">Sadece \u015fununla idare edin: <strong data-start=\"8823\" data-end=\"8855\">nitelikli ara\u015ft\u0131rmac\u0131lar<\/strong> ile ilgili <strong data-start=\"8860\" data-end=\"8884\">koruyucu giysiler<\/strong>.<\/p>\n<\/li>\n<li data-start=\"8888\" data-end=\"8921\">\n<p data-start=\"8890\" data-end=\"8921\">Temas ve solunmas\u0131ndan ka\u00e7\u0131n\u0131n\u0131z.<\/p>\n<\/li>\n<li data-start=\"8922\" data-end=\"9009\">\n<p data-start=\"8924\" data-end=\"9009\">Alt\u0131nda \u00e7al\u0131\u015fmak <strong data-start=\"8935\" data-end=\"8953\">\u00e7\u0131karma sistemleri<\/strong> ve uymak <strong data-start=\"8968\" data-end=\"9006\">kimyasal g\u00fcvenlik y\u00f6netmelikleri<\/strong>.<\/p>\n<\/li>\n<\/ul>\n<p data-start=\"9011\" data-end=\"9209\"><strong data-start=\"9011\" data-end=\"9033\">Hukuki durumu:<\/strong><br data-start=\"9033\" data-end=\"9036\" \/>4-CMC \u00e7o\u011fu \u00fclkede mevcuttur <strong data-start=\"9065\" data-end=\"9092\">yasaklanm\u0131\u015f veya d\u00fczenlenmi\u015f<\/strong> alt\u0131nda <strong data-start=\"9102\" data-end=\"9114\">Afyon Yasas\u0131<\/strong> veya <strong data-start=\"9118\" data-end=\"9152\">psikoaktif maddeler mevzuat\u0131<\/strong>.<br data-start=\"9153\" data-end=\"9156\" \/>Ara\u015ft\u0131rma ama\u00e7lar\u0131 d\u0131\u015f\u0131nda kullan\u0131m\u0131 yasakt\u0131r <strong data-start=\"9195\" data-end=\"9208\">cezaland\u0131r\u0131labilir<\/strong>.<\/p>\n<hr data-start=\"9211\" data-end=\"9214\" \/>\n<h2 data-start=\"9216\" data-end=\"9250\"><strong data-start=\"9219\" data-end=\"9250\">S\u0131k\u00e7a Sorulan Sorular (SSS)<\/strong><\/h2>\n<h3 data-start=\"9252\" data-end=\"9295\"><strong data-start=\"9256\" data-end=\"9295\">1. 4-CMC ne i\u00e7in incelenir?<\/strong><\/h3>\n<p data-start=\"9296\" data-end=\"9382\">\u0130\u00e7in <strong data-start=\"9301\" data-end=\"9355\">adli, analitik ve farmakolojik ara\u015ft\u0131rmalar<\/strong> katinon bile\u015fiklerine.<\/p>\n<h3 data-start=\"9384\" data-end=\"9411\"><strong data-start=\"9388\" data-end=\"9411\">2. 4-CMC yasal m\u0131?<\/strong><\/h3>\n<p data-start=\"9412\" data-end=\"9474\">Hay\u0131r, 4-CMC \u00e7o\u011fu \u00fclkede mevcuttur <strong data-start=\"9446\" data-end=\"9473\">d\u00fczenlenmi\u015f veya yasaklanm\u0131\u015f<\/strong>.<\/p>\n<h3 data-start=\"9476\" data-end=\"9527\"><strong data-start=\"9480\" data-end=\"9527\">3. 4-CMC g\u00fcvenli bir \u015fekilde nas\u0131l kullan\u0131lmal\u0131d\u0131r?<\/strong><\/h3>\n<p data-start=\"9528\" data-end=\"9639\">Sadece taraf\u0131ndan <strong data-start=\"9540\" data-end=\"9570\">profesyonel ara\u015ft\u0131rmac\u0131lar<\/strong> uygun \u015fekilde kontrol edilen laboratuvarlarda <strong data-start=\"9612\" data-end=\"9638\">g\u00fcvenlik \u00f6nlemleri<\/strong>.<\/p>\n<hr data-start=\"9641\" data-end=\"9644\" \/>\n<h2 data-start=\"9646\" data-end=\"9662\"><strong data-start=\"9649\" data-end=\"9662\">\u00c7\u00f6z\u00fcm<\/strong><\/h2>\n<p data-start=\"9664\" data-end=\"9904\"><em data-start=\"9664\" data-end=\"9694\">4-CMC (4-Kloromekatinon)<\/em> \u00f6nemli bir ara\u015ft\u0131rma konusudur <strong data-start=\"9740\" data-end=\"9761\">n\u00f6rofarmakoloji<\/strong> Ve <strong data-start=\"9765\" data-end=\"9787\">adli kimya<\/strong>.<br data-start=\"9788\" data-end=\"9791\" \/>Bilim insanlar\u0131n\u0131n nas\u0131l oldu\u011funu anlamalar\u0131na yard\u0131mc\u0131 olur <strong data-start=\"9833\" data-end=\"9854\">klor ikamesi<\/strong> uyar\u0131c\u0131lar\u0131n etkisini etkiler.<\/p>","protected":false},"excerpt":{"rendered":"<h3><span style=\"vertical-align: inherit;\"><span style=\"vertical-align: inherit;\">4-CMC&#039;nin \u00d6zellikleri<\/span><\/span><\/h3>\n<p><span style=\"vertical-align: inherit;\"><span style=\"vertical-align: inherit;\">E\u015f anlaml\u0131s\u0131: 4-Klorometkatinon <\/span><\/span><br \/>\n<span style=\"vertical-align: inherit;\"><span style=\"vertical-align: inherit;\">CAS numaras\u0131: 1225843-86-6 <\/span><\/span><br \/>\n<span style=\"vertical-align: inherit;\"><span style=\"vertical-align: inherit;\">Form\u00fcl: C10H12ClNO \u2022 HCL <\/span><\/span><br \/>\n<span style=\"vertical-align: inherit;\"><span style=\"vertical-align: inherit;\">Mol k\u00fctlesi: 234,1 g\/mol <\/span><\/span><br \/>\n<span style=\"vertical-align: inherit;\"><span style=\"vertical-align: inherit;\">Safl\u0131k: \u226598%<\/span><\/span><\/p>","protected":false},"featured_media":28431,"comment_status":"closed","ping_status":"closed","template":"","meta":[],"product_brand":[82],"product_cat":[488],"product_tag":[608,1221,326],"class_list":{"0":"post-23119","1":"product","2":"type-product","3":"status-publish","4":"has-post-thumbnail","6":"product_brand-research-chemical","7":"product_cat-verboden","8":"product_tag-4-cmc","9":"product_tag-4-cmc-kopen","10":"product_tag-nl","12":"first","13":"instock","14":"taxable","15":"shipping-taxable","16":"purchasable","17":"product-type-simple"},"_links":{"self":[{"href":"https:\/\/researchchemicalhub.com\/tr\/wp-json\/wp\/v2\/product\/23119","targetHints":{"allow":["GET"]}}],"collection":[{"href":"https:\/\/researchchemicalhub.com\/tr\/wp-json\/wp\/v2\/product"}],"about":[{"href":"https:\/\/researchchemicalhub.com\/tr\/wp-json\/wp\/v2\/types\/product"}],"replies":[{"embeddable":true,"href":"https:\/\/researchchemicalhub.com\/tr\/wp-json\/wp\/v2\/comments?post=23119"}],"version-history":[{"count":6,"href":"https:\/\/researchchemicalhub.com\/tr\/wp-json\/wp\/v2\/product\/23119\/revisions"}],"predecessor-version":[{"id":28769,"href":"https:\/\/researchchemicalhub.com\/tr\/wp-json\/wp\/v2\/product\/23119\/revisions\/28769"}],"wp:featuredmedia":[{"embeddable":true,"href":"https:\/\/researchchemicalhub.com\/tr\/wp-json\/wp\/v2\/media\/28431"}],"wp:attachment":[{"href":"https:\/\/researchchemicalhub.com\/tr\/wp-json\/wp\/v2\/media?parent=23119"}],"wp:term":[{"taxonomy":"product_brand","embeddable":true,"href":"https:\/\/researchchemicalhub.com\/tr\/wp-json\/wp\/v2\/product_brand?post=23119"},{"taxonomy":"product_cat","embeddable":true,"href":"https:\/\/researchchemicalhub.com\/tr\/wp-json\/wp\/v2\/product_cat?post=23119"},{"taxonomy":"product_tag","embeddable":true,"href":"https:\/\/researchchemicalhub.com\/tr\/wp-json\/wp\/v2\/product_tag?post=23119"}],"curies":[{"name":"wp","href":"https:\/\/api.w.org\/{rel}","templated":true}]}}