{"id":23083,"date":"2025-04-13T17:39:07","date_gmt":"2025-04-13T17:39:07","guid":{"rendered":"https:\/\/researchchemicalhub.com\/?post_type=product&#038;p=23083"},"modified":"2025-10-30T12:52:59","modified_gmt":"2025-10-30T12:52:59","slug":"3-cmc-satin-al","status":"publish","type":"product","link":"https:\/\/researchchemicalhub.com\/tr\/magaza\/yasakli\/3-cmc-satin-al\/","title":{"rendered":"3-CMC (3-Klorometasetinon) sat\u0131n al\u0131n"},"content":{"rendered":"<h1><strong><span style=\"vertical-align: inherit;\"><span style=\"vertical-align: inherit;\">3 cmc (3-Klorometkatinon) Sipari\u015fi \u2013 Saf Ara\u015ft\u0131rma Kimyasal\u0131<\/span><\/span><\/strong><\/h1>\n<p data-start=\"7172\" data-end=\"7469\"><strong data-start=\"7172\" data-end=\"7181\">3-CMC<\/strong>, veya <strong data-start=\"7186\" data-end=\"7210\">3-Kloromekatinon<\/strong>, bir <strong data-start=\"7219\" data-end=\"7253\">sentetik uyar\u0131c\u0131<\/strong> -den <strong data-start=\"7261\" data-end=\"7279\">katinon s\u0131n\u0131f\u0131<\/strong>, ile ilgili <strong data-start=\"7293\" data-end=\"7302\">3-MMC<\/strong> Ve <strong data-start=\"7306\" data-end=\"7320\">mefedron<\/strong>. <span class=\"___SBox_epc1q-ko_ ___SText_zko9t-ko_\" data-ui-name=\"Link.Text\">3 cmc sat\u0131n al<\/span><br data-start=\"7321\" data-end=\"7324\" \/>Bir tane var <strong data-start=\"7338\" data-end=\"7375\">3-pozisyonda klor ikamesi<\/strong> fenil halkas\u0131n\u0131n yap\u0131s\u0131 ve i\u00e7inde ara\u015ft\u0131r\u0131l\u0131yor <strong data-start=\"7420\" data-end=\"7466\">adli ve farmakolojik laboratuvarlar<\/strong>. <span class=\"___SBox_epc1q-ko_ ___SText_zko9t-ko_\" data-ui-name=\"Link.Text\">3 cmc sat\u0131n al<\/span><\/p>\n<p data-start=\"7471\" data-end=\"7575\">3-CMC&#039;de <strong data-start=\"7483\" data-end=\"7511\">t\u0131bbi uygulama yok<\/strong> ve bir\u00e7ok \u00fclkede d\u00fc\u015f\u00fc\u015fe ge\u00e7iyor <strong data-start=\"7541\" data-end=\"7574\">d\u00fczenlenmi\u015f maddeler mevzuat\u0131<\/strong>.<\/p>\n<hr data-start=\"7577\" data-end=\"7580\" \/>\n<h2 data-start=\"7582\" data-end=\"7629\"><strong data-start=\"7585\" data-end=\"7629\">Kimyasal ve Farmakolojik Arka Plan<\/strong><\/h2>\n<p data-start=\"7631\" data-end=\"7656\"><strong data-start=\"7631\" data-end=\"7656\">\u00d6nemli bilgi:<\/strong><\/p>\n<ul data-start=\"7657\" data-end=\"7937\">\n<li data-start=\"7657\" data-end=\"7721\">\n<p data-start=\"7659\" data-end=\"7721\"><strong data-start=\"7659\" data-end=\"7674\">IUPAC ad\u0131:<\/strong> 1-(3-klorofenil)-2-(metilamino)propan-1-on<\/p>\n<\/li>\n<li data-start=\"7722\" data-end=\"7757\">\n<p data-start=\"7724\" data-end=\"7757\"><strong data-start=\"7724\" data-end=\"7744\">Molek\u00fcler form\u00fcl:<\/strong> C10H12ClNO<\/p>\n<\/li>\n<li data-start=\"7758\" data-end=\"7794\">\n<p data-start=\"7760\" data-end=\"7794\"><strong data-start=\"7760\" data-end=\"7778\">Molek\u00fcl k\u00fctlesi:<\/strong> \u00b1197,66 g\/mol<\/p>\n<\/li>\n<li data-start=\"7795\" data-end=\"7847\">\n<p data-start=\"7797\" data-end=\"7847\"><strong data-start=\"7797\" data-end=\"7818\">Kimyasal s\u0131n\u0131f:<\/strong> \u0130kame edilmi\u015f katinonlar<\/p>\n<\/li>\n<li data-start=\"7848\" data-end=\"7937\">\n<p data-start=\"7850\" data-end=\"7937\"><strong data-start=\"7850\" data-end=\"7870\">Resept\u00f6r fonksiyonu:<\/strong> Dopamin, serotonin ve noradrenalin ta\u015f\u0131y\u0131c\u0131lar\u0131n\u0131 etkiler.<\/p>\n<\/li>\n<\/ul>\n<p data-start=\"7939\" data-end=\"8082\">The <strong data-start=\"7942\" data-end=\"7963\">klor ikamesi<\/strong> resept\u00f6r ba\u011flanmas\u0131n\u0131 ve metabolik stabiliteyi etkiler, bu da onu ilgi \u00e7ekici hale getirir <strong data-start=\"8049\" data-end=\"8081\">yap\u0131-aktivite ara\u015ft\u0131rmas\u0131<\/strong>.<\/p>\n<hr data-start=\"8084\" data-end=\"8087\" \/>\n<h2 data-start=\"8089\" data-end=\"8116\"><strong data-start=\"8092\" data-end=\"8116\">Ara\u015ft\u0131rma ama\u00e7lar\u0131<\/strong><\/h2>\n<p data-start=\"8118\" data-end=\"8146\">3-CMC hakk\u0131nda \u015fu soru\u015fturma y\u00fcr\u00fct\u00fcl\u00fcyor:<\/p>\n<ul data-start=\"8147\" data-end=\"8435\">\n<li data-start=\"8147\" data-end=\"8209\">\n<p data-start=\"8149\" data-end=\"8209\"><strong data-start=\"8149\" data-end=\"8172\">Analitik kimya:<\/strong> GC-MS, LC-MS ve FTIR ile tespit.<\/p>\n<\/li>\n<li data-start=\"8210\" data-end=\"8302\">\n<p data-start=\"8212\" data-end=\"8302\"><strong data-start=\"8212\" data-end=\"8240\">Adli toksikoloji:<\/strong> biyolojik veya ele ge\u00e7irilen numunelerde kimlik tespiti.<\/p>\n<\/li>\n<li data-start=\"8303\" data-end=\"8368\">\n<p data-start=\"8305\" data-end=\"8368\"><strong data-start=\"8305\" data-end=\"8322\">Farmakoloji:<\/strong> n\u00f6rotransmitter mekanizmalar\u0131 \u00fczerine ara\u015ft\u0131rmalar.<\/p>\n<\/li>\n<li data-start=\"8369\" data-end=\"8435\">\n<p data-start=\"8371\" data-end=\"8435\"><strong data-start=\"8371\" data-end=\"8391\">Halk sa\u011fl\u0131\u011f\u0131:<\/strong> NPS uyar\u0131 sistemlerine dahil edilmesi. <span class=\"___SBox_epc1q-ko_ ___SText_zko9t-ko_\" data-ui-name=\"Link.Text\">3 cmc sat\u0131n al<\/span><\/p>\n<\/li>\n<\/ul>\n<hr data-start=\"8437\" data-end=\"8440\" \/>\n<h2 data-start=\"8442\" data-end=\"8486\"><strong data-start=\"8445\" data-end=\"8486\">G\u00fcvenlik ve Yasal Hususlar<\/strong><\/h2>\n<p data-start=\"8488\" data-end=\"8648\"><strong data-start=\"8488\" data-end=\"8503\">Emniyet:<\/strong><br data-start=\"8503\" data-end=\"8506\" \/>Sadece \u015fununla idare edin: <strong data-start=\"8527\" data-end=\"8559\">nitelikli ara\u015ft\u0131rmac\u0131lar<\/strong> i\u00e7inde <strong data-start=\"8563\" data-end=\"8587\">lisansl\u0131 laboratuvarlar<\/strong> kullanarak <strong data-start=\"8604\" data-end=\"8613\">KKD<\/strong>.<br data-start=\"8614\" data-end=\"8617\" \/>Temas veya solunmas\u0131ndan ka\u00e7\u0131n\u0131n\u0131z.<\/p>\n<p data-start=\"8650\" data-end=\"8836\"><strong data-start=\"8650\" data-end=\"8672\">Hukuki durumu:<\/strong><br data-start=\"8672\" data-end=\"8675\" \/>3-CMC \u00e7o\u011fu \u00fclkede mevcuttur <strong data-start=\"8704\" data-end=\"8731\">yasaklanm\u0131\u015f veya d\u00fczenlenmi\u015f<\/strong> alt\u0131nda <strong data-start=\"8741\" data-end=\"8775\">psikoaktif maddeler mevzuat\u0131<\/strong>.<br data-start=\"8776\" data-end=\"8779\" \/>Ara\u015ft\u0131rma ko\u015fullar\u0131n\u0131n d\u0131\u015f\u0131nda kullan\u0131m\u0131 <strong data-start=\"8822\" data-end=\"8835\">cezaland\u0131r\u0131labilir<\/strong>.<\/p>\n<hr data-start=\"8838\" data-end=\"8841\" \/>\n<h2 data-start=\"8843\" data-end=\"8877\"><strong data-start=\"8846\" data-end=\"8877\">S\u0131k\u00e7a Sorulan Sorular (SSS)<\/strong><\/h2>\n<h3 data-start=\"8879\" data-end=\"8922\"><strong data-start=\"8883\" data-end=\"8922\">1. 3-CMC ne i\u00e7in incelenir?<\/strong><\/h3>\n<p data-start=\"8923\" data-end=\"9009\">\u0130\u00e7in <strong data-start=\"8928\" data-end=\"8982\">analitik, adli ve farmakolojik ara\u015ft\u0131rmalar<\/strong> katinon bile\u015fiklerine.<\/p>\n<h3 data-start=\"9011\" data-end=\"9038\"><strong data-start=\"9015\" data-end=\"9038\">2. 3-CMC yasal m\u0131?<\/strong><\/h3>\n<p data-start=\"9039\" data-end=\"9101\">Hay\u0131r, \u00e7o\u011fu \u00fclkede 3-CMC <strong data-start=\"9073\" data-end=\"9100\">d\u00fczenlenmi\u015f veya yasaklanm\u0131\u015f<\/strong>.<\/p>\n<h3 data-start=\"9103\" data-end=\"9154\"><strong data-start=\"9107\" data-end=\"9154\">3. 3-CMC g\u00fcvenli bir \u015fekilde nas\u0131l kullan\u0131lmal\u0131d\u0131r?<\/strong><\/h3>\n<p data-start=\"9155\" data-end=\"9266\">Sadece taraf\u0131ndan <strong data-start=\"9167\" data-end=\"9197\">profesyonel ara\u015ft\u0131rmac\u0131lar<\/strong> uygun \u015fekilde kontrol edilen laboratuvarlarda <strong data-start=\"9239\" data-end=\"9265\">g\u00fcvenlik \u00f6nlemleri<\/strong>.<\/p>","protected":false},"excerpt":{"rendered":"<h2><span style=\"vertical-align: inherit;\"><span style=\"vertical-align: inherit;\"><span style=\"vertical-align: inherit;\"><span style=\"vertical-align: inherit;\">3-CMC Sat\u0131n Al<\/span><\/span><\/span><\/span><\/h2>\n<p><span style=\"vertical-align: inherit;\"><span style=\"vertical-align: inherit;\"><span style=\"vertical-align: inherit;\"><span style=\"vertical-align: inherit;\">E\u015f anlaml\u0131s\u0131: 3-Klorometkatinon <\/span><\/span><\/span><\/span><br \/>\n<span style=\"vertical-align: inherit;\"><span style=\"vertical-align: inherit;\"><span style=\"vertical-align: inherit;\"><span style=\"vertical-align: inherit;\">CAS numaras\u0131: 1607439-32-6 <\/span><\/span><\/span><\/span><br \/>\n<span style=\"vertical-align: inherit;\"><span style=\"vertical-align: inherit;\"><span style=\"vertical-align: inherit;\"><span style=\"vertical-align: inherit;\">Form\u00fcl: C10H12ClNO \u2022 HCL <\/span><\/span><\/span><\/span><br \/>\n<span style=\"vertical-align: inherit;\"><span style=\"vertical-align: inherit;\"><span style=\"vertical-align: inherit;\"><span style=\"vertical-align: inherit;\">Mol k\u00fctlesi: 234,1 g\/mol <\/span><\/span><\/span><\/span><br \/>\n<span style=\"vertical-align: inherit;\"><span style=\"vertical-align: inherit;\"><span style=\"vertical-align: inherit;\"><span style=\"vertical-align: inherit;\">Safl\u0131k: \u226598%<\/span><\/span><\/span><\/span><\/p>","protected":false},"featured_media":28399,"comment_status":"closed","ping_status":"closed","template":"","meta":[],"product_brand":[82],"product_cat":[488],"product_tag":[874,587,592,326],"class_list":{"0":"post-23083","1":"product","2":"type-product","3":"status-publish","4":"has-post-thumbnail","6":"product_brand-research-chemical","7":"product_cat-verboden","8":"product_tag-3-cmc","9":"product_tag-3-cmc-bestellen","10":"product_tag-3-cmc-kopen","11":"product_tag-nl","13":"first","14":"instock","15":"taxable","16":"shipping-taxable","17":"purchasable","18":"product-type-simple"},"_links":{"self":[{"href":"https:\/\/researchchemicalhub.com\/tr\/wp-json\/wp\/v2\/product\/23083","targetHints":{"allow":["GET"]}}],"collection":[{"href":"https:\/\/researchchemicalhub.com\/tr\/wp-json\/wp\/v2\/product"}],"about":[{"href":"https:\/\/researchchemicalhub.com\/tr\/wp-json\/wp\/v2\/types\/product"}],"replies":[{"embeddable":true,"href":"https:\/\/researchchemicalhub.com\/tr\/wp-json\/wp\/v2\/comments?post=23083"}],"version-history":[{"count":8,"href":"https:\/\/researchchemicalhub.com\/tr\/wp-json\/wp\/v2\/product\/23083\/revisions"}],"predecessor-version":[{"id":28777,"href":"https:\/\/researchchemicalhub.com\/tr\/wp-json\/wp\/v2\/product\/23083\/revisions\/28777"}],"wp:featuredmedia":[{"embeddable":true,"href":"https:\/\/researchchemicalhub.com\/tr\/wp-json\/wp\/v2\/media\/28399"}],"wp:attachment":[{"href":"https:\/\/researchchemicalhub.com\/tr\/wp-json\/wp\/v2\/media?parent=23083"}],"wp:term":[{"taxonomy":"product_brand","embeddable":true,"href":"https:\/\/researchchemicalhub.com\/tr\/wp-json\/wp\/v2\/product_brand?post=23083"},{"taxonomy":"product_cat","embeddable":true,"href":"https:\/\/researchchemicalhub.com\/tr\/wp-json\/wp\/v2\/product_cat?post=23083"},{"taxonomy":"product_tag","embeddable":true,"href":"https:\/\/researchchemicalhub.com\/tr\/wp-json\/wp\/v2\/product_tag?post=23083"}],"curies":[{"name":"wp","href":"https:\/\/api.w.org\/{rel}","templated":true}]}}