{"id":27218,"date":"2025-08-14T11:23:19","date_gmt":"2025-08-14T11:23:19","guid":{"rendered":"https:\/\/researchchemicalhub.com\/?page_id=27218"},"modified":"2025-10-11T18:07:48","modified_gmt":"2025-10-11T18:07:48","slug":"privacybeleid","status":"publish","type":"page","link":"https:\/\/researchchemicalhub.com\/tr\/privacybeleid\/","title":{"rendered":"Gizlilik Politikas\u0131"},"content":{"rendered":"<p>Bu, researchchemicalhub.com&#039;un gizlilik bildirimidir ve \u015fu adreste bulunabilir:&nbsp;<a href=\"http:\/\/researchchemicalhub.com\/tr\/\">researchchemicalhub.com<\/a><\/p>\n\n\n\n<h3 class=\"wp-block-heading\">Uygulanabilirlik<\/h3>\n\n\n\n<p>Bu gizlilik bildirimi, bize kay\u0131t formu, ileti\u015fim formu veya verdi\u011finiz sipari\u015fler gibi yollarla sa\u011flad\u0131\u011f\u0131n\u0131z t\u00fcm hassas bilgiler veya ki\u015fisel veriler i\u00e7in ge\u00e7erlidir. M\u00fc\u015fterilerimizin gizlili\u011fine de\u011fer veriyor ve bu nedenle ki\u015fisel verilerin i\u015flenmesi ve korunmas\u0131 konusunda azami \u00f6zen g\u00f6steriyoruz. Veri i\u015fleme faaliyetlerimiz, Genel Veri Koruma Y\u00f6netmeli\u011fi&#039;nde (GDPR) belirtilen ko\u015fullara uygun olarak ger\u00e7ekle\u015ftirilmektedir. researchchemicalhub.com, GDPR kapsam\u0131nda ki\u015fisel verilerinizle ilgili olarak denetleyicidir. Bu, hangi ki\u015fisel verilerin, hangi ama\u00e7la ve hangi \u015fekilde i\u015flendi\u011fini belirledi\u011fimiz anlam\u0131na gelir. Ki\u015fisel verilerinizin GDPR&#039;ye uygun olarak do\u011fru ve dikkatli bir \u015fekilde i\u015flenmesini sa\u011fl\u0131yoruz. Bu gizlilik bildiriminde, hangi verileri i\u015fledi\u011fimizi ve hangi ama\u00e7larla kulland\u0131\u011f\u0131m\u0131z\u0131 a\u00e7\u0131kl\u0131yoruz.<\/p>\n\n\n\n<h3 class=\"wp-block-heading\">Ki\u015fisel Verilere Genel Bak\u0131\u015f<\/h3>\n\n\n\n<p>A\u015fa\u011f\u0131da i\u015fledi\u011fimiz ki\u015fisel verilere ili\u015fkin genel bir bak\u0131\u015f yer almaktad\u0131r:<\/p>\n\n\n\n<ul class=\"wp-block-list\">\n<li>Ad ve soyad<\/li>\n\n\n\n<li>Adres bilgileri<\/li>\n\n\n\n<li>Telefon numaras\u0131<\/li>\n\n\n\n<li>E-posta adresi<\/li>\n\n\n\n<li>Bir web sitesi ziyaret\u00e7isinin IP adresi<\/li>\n<\/ul>\n\n\n\n<h3 class=\"wp-block-heading\">Veri \u0130\u015flemenin Amac\u0131 ve Temeli<\/h3>\n\n\n\n<p>Bu gizlilik bildirimini kabul ederek, GDPR&#039;nin 6. maddesinin 1. f\u0131kras\u0131n\u0131n a bendinde tan\u0131mland\u0131\u011f\u0131 \u015fekilde, ki\u015fisel verilerinizin a\u015fa\u011f\u0131da belirtilen ama\u00e7lar do\u011frultusunda i\u015flenmesine a\u00e7\u0131k\u00e7a onay vermi\u015f olursunuz. Bu onay\u0131 istedi\u011finiz zaman geri \u00e7ekebilirsiniz. Ancak, bize belirli verileri sa\u011flamazsan\u0131z veya i\u015flememize izin vermezseniz, size en iyi hizmeti sunamayabiliriz.<\/p>\n\n\n\n<p>Ki\u015fisel verilerinizin i\u015flenmesi i\u00e7in bize a\u00e7\u0131k r\u0131za vermediyseniz veya bu r\u0131zay\u0131 geri \u00e7ektiyseniz, ki\u015fisel verilerinizin i\u015flenmesi GDPR&#039;nin 6. maddesinin 1. f\u0131kras\u0131n\u0131n b, c ve\/veya f bentleri kapsam\u0131nda de\u011ferlendirilebilir. Bu durumda, taraf\u0131 oldu\u011funuz bir s\u00f6zle\u015fmenin ifas\u0131 i\u00e7in gerekli olmas\u0131 veya researchchemicalhub.com&#039;un me\u015fru menfaatlerinin korunmas\u0131 i\u00e7in gerekli olmas\u0131 kayd\u0131yla, ki\u015fisel verilerinizin i\u015flenmesi r\u0131zan\u0131z olmaks\u0131z\u0131n ger\u00e7ekle\u015ftirilebilir. Ayr\u0131ca, ki\u015fisel verilerinizi i\u015flemek i\u00e7in yasal olarak y\u00fck\u00fcml\u00fc olabiliriz.<\/p>\n\n\n\n<p>Ki\u015fisel verilerinizi a\u015fa\u011f\u0131daki ama\u00e7lar do\u011frultusunda i\u015fliyoruz:<\/p>\n\n\n\n<ul class=\"wp-block-list\">\n<li>Hizmetlerimizi sunmak (\u00f6rne\u011fin, mal teslimi)<\/li>\n\n\n\n<li>\u00d6demeniz i\u015fleniyor<\/li>\n\n\n\n<li>B\u00fcltenimizi g\u00f6nderiyoruz<\/li>\n\n\n\n<li>Hizmetlerimiz ve \u00fcr\u00fcnlerimizdeki de\u011fi\u015fiklikler hakk\u0131nda sizi bilgilendirmek<\/li>\n\n\n\n<li>Size bir hesap olu\u015fturma f\u0131rsat\u0131 sunuyoruz<\/li>\n<\/ul>\n\n\n\n<p>Ki\u015fisel verilerinizi, toplanma ama\u00e7lar\u0131na ula\u015fmak i\u00e7in kesinlikle gerekli olandan daha uzun s\u00fcre saklam\u0131yoruz.<\/p>\n\n\n\n<h3 class=\"wp-block-heading\">\u00dc\u00e7\u00fcnc\u00fc Taraflara A\u00e7\u0131klama<\/h3>\n\n\n\n<p>Yukar\u0131da belirtilen ama\u00e7larla uyumlu olmas\u0131 halinde, ki\u015fisel verilerinizi \u00fc\u00e7\u00fcnc\u00fc taraflarla payla\u015fabiliriz. \u00dc\u00e7\u00fcnc\u00fc taraflara bilgi verilmesi, sizinle yapt\u0131\u011f\u0131m\u0131z s\u00f6zle\u015fmenin ifas\u0131, me\u015fru menfaatlerimizin takibi veya yasal bir y\u00fck\u00fcml\u00fcl\u00fc\u011fe uymak i\u00e7in gerekli olabilir. Verilerinizin ayn\u0131 d\u00fczeyde g\u00fcvenlik ve gizlili\u011fini sa\u011flamak i\u00e7in, verilerinizi bizim ad\u0131m\u0131za i\u015fleyen \u015firketlerle veri i\u015fleme s\u00f6zle\u015fmelerimiz mevcuttur. Bu i\u015fleme faaliyetlerinden sorumlu olmaya devam ediyoruz. Yukar\u0131da belirtilen durumlar d\u0131\u015f\u0131nda, ki\u015fisel verilerinizi yaln\u0131zca a\u00e7\u0131k r\u0131zan\u0131zla di\u011fer \u00fc\u00e7\u00fcnc\u00fc taraflarla payla\u015faca\u011f\u0131z.<\/p>\n\n\n\n<h3 class=\"wp-block-heading\">Ticari Ama\u00e7lar<\/h3>\n\n\n\n<p>Ki\u015fisel verilerinizi, hizmetlerimiz, ilgili \u00fcr\u00fcnlerimiz veya teklifimizi etkileyebilecek mevzuat de\u011fi\u015fiklikleri hakk\u0131nda sizi bilgilendirmek gibi ticari ama\u00e7larla kullanabiliriz. Bu durumda, yaln\u0131zca kay\u0131tl\u0131 e-posta adresiniz \u00fczerinden sizinle ileti\u015fime ge\u00e7ilecektir. \u0130lgili \u00fcr\u00fcn veya hizmetler hakk\u0131nda bilgi almak istemiyorsan\u0131z, ald\u0131\u011f\u0131n\u0131z e-postadaki &quot;abonelikten \u00e7\u0131k&quot; se\u00e7ene\u011fine t\u0131klayarak bunu kolayca belirtebilirsiniz. Pazar ara\u015ft\u0131rmas\u0131 amac\u0131yla, ki\u015fisel verileriniz anonimle\u015ftirilebilir ve b\u00f6ylece art\u0131k sizinle ili\u015fkilendirilemez.<\/p>\n\n\n\n<p>A\u00e7\u0131k\u00e7a izin vermedi\u011finiz s\u00fcrece verileriniz ticari ama\u00e7larla \u00fc\u00e7\u00fcnc\u00fc ki\u015filerle payla\u015f\u0131lmayacak veya sat\u0131lmayacakt\u0131r.<\/p>\n\n\n\n<h3 class=\"wp-block-heading\">\u00c7erezler<\/h3>\n\n\n\n<p>\u00c7erez, web sitemizi ilk ziyaretinizde bilgisayar\u0131n\u0131za, tabletinize veya ak\u0131ll\u0131 telefonunuza kaydedilen k\u00fc\u00e7\u00fck bir metin dosyas\u0131d\u0131r. \u0130nternet taray\u0131c\u0131n\u0131z\u0131 \u00e7erezleri art\u0131k depolamayacak \u015fekilde yap\u0131land\u0131rarak bu \u00e7erezleri devre d\u0131\u015f\u0131 b\u0131rakabilirsiniz. Ayr\u0131ca, taray\u0131c\u0131 ayarlar\u0131n\u0131z arac\u0131l\u0131\u011f\u0131yla daha \u00f6nce depolanm\u0131\u015f t\u00fcm bilgileri silebilirsiniz.<\/p>\n\n\n\n<p>A\u015fa\u011f\u0131daki \u00e7erezleri kullan\u0131yoruz:<\/p>\n\n\n\n<ul class=\"wp-block-list\">\n<li><strong>\u0130\u015flevsel \u00e7erezler:<\/strong>&nbsp;Bunlar, web sitesinin teknik i\u015fleyi\u015fi ve kullan\u0131m kolayl\u0131\u011f\u0131n\u0131z i\u00e7in gerekli olan \u00e7erezlerdir. Web sitesinin d\u00fczg\u00fcn \u00e7al\u0131\u015fmas\u0131n\u0131 ve \u00f6rne\u011fin tercihlerinizi hat\u0131rlamas\u0131n\u0131 sa\u011flarlar. Bu \u00e7erezler, web sitemizi optimize etmemizi sa\u011flar. Bunlar, gizlili\u011finizi ihlal etmeyen ve \u00f6nceden onay\u0131n\u0131z\u0131 gerektirmeyen analitik \u00e7erezlerdir.<\/li>\n\n\n\n<li><strong>Google Analytics:<\/strong>&nbsp;Bu web sitesi, &quot;Analytics&quot; hizmetinin bir par\u00e7as\u0131 olarak Amerikan \u015firketi Google&#039;\u0131n \u00e7erezlerini kullanmaktad\u0131r. researchchemicalhub.com, bu hizmeti web sitesi kullan\u0131m\u0131yla ilgili raporlar almak ve kalitesini ve etkinli\u011fini \u00f6l\u00e7mek i\u00e7in kullanmaktad\u0131r. Google Analytics&#039;i Hollanda Veri Koruma Kurumu (Autoriteit Persoonsgegevens) taraf\u0131ndan belirlenen \u015fekilde kulland\u0131\u011f\u0131m\u0131zdan, Google Analytics&#039;i kullanmak i\u00e7in \u00f6nceden onay\u0131n\u0131za ihtiyac\u0131m\u0131z yoktur.<\/li>\n<\/ul>\n\n\n\n<h3 class=\"wp-block-heading\">Eri\u015fim, D\u00fczeltme veya Silme<\/h3>\n\n\n\n<p>Ki\u015fisel verilerinize eri\u015fme, d\u00fczeltme veya silme hakk\u0131na sahipsiniz. Ayr\u0131ca, ki\u015fisel verilerinizin i\u015flenmesine ili\u015fkin onay\u0131n\u0131z\u0131 geri \u00e7ekme veya ki\u015fisel verilerinizin i\u015flenmesine itiraz etme hakk\u0131na da sahipsiniz. Ayr\u0131ca, onay\u0131n\u0131zla veya sizinle yapt\u0131\u011f\u0131m\u0131z bir s\u00f6zle\u015fmeyi yerine getirmek amac\u0131yla i\u015fledi\u011fimiz dijital ki\u015fisel verileriniz varsa, veri ta\u015f\u0131nabilirli\u011fi hakk\u0131na da sahipsiniz.<\/p>\n\n\n\n<p>Bu, hakk\u0131n\u0131zda saklad\u0131\u011f\u0131m\u0131z dijital ki\u015fisel verilerin okunabilir bir bilgisayar dosyas\u0131nda size veya sizin belirleyece\u011finiz ba\u015fka bir kurulu\u015fa g\u00f6nderilmesi i\u00e7in bize bir talepte bulunabilece\u011finiz anlam\u0131na gelir.<\/p>\n\n\n\n<p>Ki\u015fisel verilerinize eri\u015fim, d\u00fczeltme, silme, veri aktar\u0131m\u0131 talebinde bulunabilir veya ki\u015fisel verilerinizin i\u015flenmesine ili\u015fkin onay\u0131n\u0131z\u0131 geri \u00e7ekme veya itiraz talebinde bulunabilirsiniz.<\/p>\n\n\n\n<p><\/p>","protected":false},"excerpt":{"rendered":"<p>Dit is de privacyverklaring van researchchemicalhub.com, te vinden op&nbsp;researchchemicalhub.com Toepasselijkheid Deze privacyverklaring is van toepassing op alle gevoelige informatie of<\/p>","protected":false},"author":1,"featured_media":0,"parent":0,"menu_order":0,"comment_status":"closed","ping_status":"closed","template":"","meta":{"footnotes":""},"class_list":["post-27218","page","type-page","status-publish","hentry"],"_links":{"self":[{"href":"https:\/\/researchchemicalhub.com\/tr\/wp-json\/wp\/v2\/pages\/27218","targetHints":{"allow":["GET"]}}],"collection":[{"href":"https:\/\/researchchemicalhub.com\/tr\/wp-json\/wp\/v2\/pages"}],"about":[{"href":"https:\/\/researchchemicalhub.com\/tr\/wp-json\/wp\/v2\/types\/page"}],"author":[{"embeddable":true,"href":"https:\/\/researchchemicalhub.com\/tr\/wp-json\/wp\/v2\/users\/1"}],"replies":[{"embeddable":true,"href":"https:\/\/researchchemicalhub.com\/tr\/wp-json\/wp\/v2\/comments?post=27218"}],"version-history":[{"count":2,"href":"https:\/\/researchchemicalhub.com\/tr\/wp-json\/wp\/v2\/pages\/27218\/revisions"}],"predecessor-version":[{"id":27729,"href":"https:\/\/researchchemicalhub.com\/tr\/wp-json\/wp\/v2\/pages\/27218\/revisions\/27729"}],"wp:attachment":[{"href":"https:\/\/researchchemicalhub.com\/tr\/wp-json\/wp\/v2\/media?parent=27218"}],"curies":[{"name":"wp","href":"https:\/\/api.w.org\/{rel}","templated":true}]}}