{"id":26126,"date":"2025-10-20T01:31:17","date_gmt":"2025-10-20T01:31:17","guid":{"rendered":"https:\/\/researchchemicalhub.com\/?post_type=product&#038;p=26126"},"modified":"2025-10-21T05:53:39","modified_gmt":"2025-10-21T05:53:39","slug":"kop-iboga","status":"publish","type":"product","link":"https:\/\/researchchemicalhub.com\/sv\/handla\/iboga-ibogain\/kop-iboga\/","title":{"rendered":"K\u00f6p Iboga TA"},"content":{"rendered":"<h2>K\u00f6p Iboga TA<\/h2>\n<p>iboga\u200b, K\u00f6p Iboga TA, TA st\u00e5r f\u00f6r &quot;total alkaloid&quot;. Iboga TA \u00e4r ett extrakt som inneh\u00e5ller alla alkaloider som finns i iboga rotbark. Alkaloiderna kan relativt enkelt extraheras fr\u00e5n rotbarken via en syra\/bas-extraktion. k\u00f6p iboga online<\/p>\n<p>Vetenskaplig forskning visar en drastisk minskning av abstinensbesv\u00e4r efter intag av Iboga-rotbark eller extrakt som kallas HCL och TA, i den utstr\u00e4ckning att den n\u00e4stan helt bryts ner. Forskning visar att 90% av utf\u00f6rda behandlingar \u00e4r framg\u00e5ngsrika och att patienterna inte ens m\u00e5nader efter behandlingen k\u00e4nner n\u00e5gon lust att \u00e5terfalla. F\u00f6rutom att bryta beroendet ger det patienterna klarhet och insikter i sina egna liv.<\/p>\n<p>Vi utf\u00f6r frakt och paketering av ibogapulver med professionalism f\u00f6r att s\u00e4kerst\u00e4lla framg\u00e5ngsrik leverans av 100%. Vi erbjuder experttj\u00e4nster till v\u00e5ra respektive destinationer och kataloger om anv\u00e4ndning, dosering och annan viktig statistik kan tillhandah\u00e5llas vid dina f\u00f6rfr\u00e5gningar. <a href=\"https:\/\/researchchemicalhub.com\/sv\/handla\/okategoriserad\/kop-4mmc\/\">k\u00f6p 4mmc<\/a><a href=\"https:\/\/researchchemicalhub.com\/sv\/handla\/iboga-ibogain\/iboga-rotbark\/\">iboga rotbark<\/a><a href=\"https:\/\/researchchemicalhub.com\/sv\/handla\/iboga-ibogain\/kop-ibogaine-hcl-online\/\">k\u00f6p ibogaine hcl online<\/a><a href=\"https:\/\/researchchemicalhub.com\/sv\/handla\/lysergamider\/1cp-lsd\/\">1cp lsd<\/a><a href=\"https:\/\/researchchemicalhub.com\/sv\/handla\/pellets-for-pellets\/o-dsmt-50-mg-pellets\/\">o-dsmt<\/a><\/p>","protected":false},"excerpt":{"rendered":"<p>K\u00f6p Iboga TA k\u00f6p iboga\u200b, K\u00f6p Iboga TA, TA st\u00e5r f\u00f6r &quot;total alkaloid.&quot; Iboga TA \u00e4r ett extrakt som inneh\u00e5ller alla<\/p>","protected":false},"featured_media":26147,"comment_status":"closed","ping_status":"closed","template":"","meta":[],"product_brand":[],"product_cat":[908],"product_tag":[1091,1090],"class_list":{"0":"post-26126","1":"product","2":"type-product","3":"status-publish","4":"has-post-thumbnail","6":"product_cat-iboga-ibogaine","7":"product_tag-iboga","8":"product_tag-iboga-kopen","10":"first","11":"instock","12":"taxable","13":"shipping-taxable","14":"purchasable","15":"product-type-variable"},"_links":{"self":[{"href":"https:\/\/researchchemicalhub.com\/sv\/wp-json\/wp\/v2\/product\/26126","targetHints":{"allow":["GET"]}}],"collection":[{"href":"https:\/\/researchchemicalhub.com\/sv\/wp-json\/wp\/v2\/product"}],"about":[{"href":"https:\/\/researchchemicalhub.com\/sv\/wp-json\/wp\/v2\/types\/product"}],"replies":[{"embeddable":true,"href":"https:\/\/researchchemicalhub.com\/sv\/wp-json\/wp\/v2\/comments?post=26126"}],"version-history":[{"count":3,"href":"https:\/\/researchchemicalhub.com\/sv\/wp-json\/wp\/v2\/product\/26126\/revisions"}],"predecessor-version":[{"id":27690,"href":"https:\/\/researchchemicalhub.com\/sv\/wp-json\/wp\/v2\/product\/26126\/revisions\/27690"}],"wp:featuredmedia":[{"embeddable":true,"href":"https:\/\/researchchemicalhub.com\/sv\/wp-json\/wp\/v2\/media\/26147"}],"wp:attachment":[{"href":"https:\/\/researchchemicalhub.com\/sv\/wp-json\/wp\/v2\/media?parent=26126"}],"wp:term":[{"taxonomy":"product_brand","embeddable":true,"href":"https:\/\/researchchemicalhub.com\/sv\/wp-json\/wp\/v2\/product_brand?post=26126"},{"taxonomy":"product_cat","embeddable":true,"href":"https:\/\/researchchemicalhub.com\/sv\/wp-json\/wp\/v2\/product_cat?post=26126"},{"taxonomy":"product_tag","embeddable":true,"href":"https:\/\/researchchemicalhub.com\/sv\/wp-json\/wp\/v2\/product_tag?post=26126"}],"curies":[{"name":"wp","href":"https:\/\/api.w.org\/{rel}","templated":true}]}}