{"id":24654,"date":"2025-10-20T17:42:28","date_gmt":"2025-10-20T17:42:28","guid":{"rendered":"https:\/\/researchchemicalhub.com\/?post_type=product&#038;p=24654"},"modified":"2025-10-21T15:56:08","modified_gmt":"2025-10-21T15:56:08","slug":"digitale-cs-weegschaal","status":"publish","type":"product","link":"https:\/\/researchchemicalhub.com\/sv\/shop\/weegschalen\/digitale-cs-weegschaal\/","title":{"rendered":"Digital CS-v\u00e5g \u2013 100 g x 0,01 g"},"content":{"rendered":"<h3 data-start=\"4818\" data-end=\"4837\"><strong data-start=\"4822\" data-end=\"4837\">Introduktion<\/strong><\/h3>\n<p data-start=\"4838\" data-end=\"5146\">De <strong data-start=\"4841\" data-end=\"4882\">Digital CS-v\u00e5g \u2013 100 g x 0,01 g<\/strong> \u00e4r en <strong data-start=\"4890\" data-end=\"4925\">h\u00f6gkvalitativ precisionsv\u00e5g<\/strong> utformad f\u00f6r anv\u00e4ndare som v\u00e4rdes\u00e4tter noggrannhet och tillf\u00f6rlitlighet.<br data-start=\"5000\" data-end=\"5003\" \/>Oavsett om det \u00e4r i en <strong data-start=\"5020\" data-end=\"5061\">laboratorium, k\u00f6k eller smyckesaff\u00e4r<\/strong> \u00e4r, denna kompakta v\u00e5g levererar <strong data-start=\"5098\" data-end=\"5143\">exakta m\u00e4tningar inom 0,01 g<\/strong>.<\/p>\n<p data-start=\"5148\" data-end=\"5394\">Tack vare <strong data-start=\"5160\" data-end=\"5188\">plattform i rostfritt st\u00e5l<\/strong> och den <strong data-start=\"5196\" data-end=\"5221\">tydlig LCD-sk\u00e4rm<\/strong> kombinerar den digitala CS-skalan <strong data-start=\"5259\" data-end=\"5285\">professionell precision<\/strong> av <strong data-start=\"5290\" data-end=\"5307\">anv\u00e4ndarv\u00e4nlighet<\/strong>Perfekt f\u00f6r att v\u00e4ga pulver, \u00f6rter, smycken eller sm\u00e5 forskningsprover.<\/p>\n<hr data-start=\"5396\" data-end=\"5399\" \/>\n<h3 data-start=\"5401\" data-end=\"5432\"><strong data-start=\"5405\" data-end=\"5432\">Viktiga funktioner<\/strong><\/h3>\n<ul data-start=\"5433\" data-end=\"6068\">\n<li data-start=\"5433\" data-end=\"5523\">\n<p data-start=\"5435\" data-end=\"5523\"><strong data-start=\"5435\" data-end=\"5466\">H\u00f6g noggrannhet (0,01 g)<\/strong> \u2013 Idealisk f\u00f6r analytiska och laboratorietill\u00e4mpningar.<\/p>\n<\/li>\n<li data-start=\"5524\" data-end=\"5603\">\n<p data-start=\"5526\" data-end=\"5603\"><strong data-start=\"5526\" data-end=\"5549\">Kapacitet p\u00e5 100 g<\/strong> \u2013 L\u00e4mplig f\u00f6r daglig och professionell anv\u00e4ndning.<\/p>\n<\/li>\n<li data-start=\"5604\" data-end=\"5674\">\n<p data-start=\"5606\" data-end=\"5674\"><strong data-start=\"5606\" data-end=\"5630\">Kompakt och b\u00e4rbar<\/strong> \u2013 L\u00e4tt och enkel att b\u00e4ra.<\/p>\n<\/li>\n<li data-start=\"5675\" data-end=\"5754\">\n<p data-start=\"5677\" data-end=\"5754\"><strong data-start=\"5677\" data-end=\"5718\">LCD-sk\u00e4rm med bakgrundsbelysning<\/strong> \u2013 L\u00e4tt att l\u00e4sa i alla milj\u00f6er.<\/p>\n<\/li>\n<li data-start=\"5755\" data-end=\"5839\">\n<p data-start=\"5757\" data-end=\"5839\"><strong data-start=\"5757\" data-end=\"5773\">Tarafunktion<\/strong> \u2013 Nollst\u00e4ll v\u00e5gen innan du m\u00e4ter i en beh\u00e5llare.<\/p>\n<\/li>\n<li data-start=\"5840\" data-end=\"5926\">\n<p data-start=\"5842\" data-end=\"5926\"><strong data-start=\"5842\" data-end=\"5866\">Konvertering av flera enheter<\/strong> \u2013 V\u00e4xla enkelt mellan gram, uns, karat och grain.<\/p>\n<\/li>\n<li data-start=\"5927\" data-end=\"5994\">\n<p data-start=\"5929\" data-end=\"5994\"><strong data-start=\"5929\" data-end=\"5946\">Energieffektiv<\/strong> \u2013 Automatisk avst\u00e4ngning efter inaktivitet.<\/p>\n<\/li>\n<li data-start=\"5995\" data-end=\"6068\">\n<p data-start=\"5997\" data-end=\"6068\"><strong data-start=\"5997\" data-end=\"6025\">Plattform i rostfritt st\u00e5l<\/strong> \u2013 H\u00e5llbar och l\u00e4tt att reng\u00f6ra.<\/p>\n<\/li>\n<\/ul>\n<hr data-start=\"6070\" data-end=\"6073\" \/>\n<h3 data-start=\"6075\" data-end=\"6092\"><strong data-start=\"6079\" data-end=\"6092\">F\u00f6rdelar<\/strong><\/h3>\n<ul data-start=\"6093\" data-end=\"6471\">\n<li data-start=\"6093\" data-end=\"6169\">\n<p data-start=\"6095\" data-end=\"6169\"><strong data-start=\"6095\" data-end=\"6113\">Alltid exakt<\/strong> \u2013 Garanterar konsekventa och tillf\u00f6rlitliga m\u00e4tresultat.<\/p>\n<\/li>\n<li data-start=\"6170\" data-end=\"6260\">\n<p data-start=\"6172\" data-end=\"6260\"><strong data-start=\"6172\" data-end=\"6194\">M\u00e5ngsidig anv\u00e4ndning<\/strong> \u2013 Perfekt f\u00f6r <strong data-start=\"6210\" data-end=\"6257\">laboratorium, smycken, k\u00f6k eller utbildning<\/strong>.<\/p>\n<\/li>\n<li data-start=\"6261\" data-end=\"6321\">\n<p data-start=\"6263\" data-end=\"6321\"><strong data-start=\"6263\" data-end=\"6282\">Kompakt design<\/strong> \u2013 F\u00e5r enkelt plats i fickan eller v\u00e4skan.<\/p>\n<\/li>\n<li data-start=\"6322\" data-end=\"6392\">\n<p data-start=\"6324\" data-end=\"6392\"><strong data-start=\"6324\" data-end=\"6349\">Enkel kalibrering<\/strong> \u2013 Klar att anv\u00e4nda p\u00e5 n\u00e5gra sekunder.<\/p>\n<\/li>\n<li data-start=\"6393\" data-end=\"6471\">\n<p data-start=\"6395\" data-end=\"6471\"><strong data-start=\"6395\" data-end=\"6418\">Prisv\u00e4rd precision<\/strong> \u2013 Professionell kvalitet till ett konkurrenskraftigt pris.<\/p>\n<\/li>\n<\/ul>\n<hr data-start=\"6473\" data-end=\"6476\" \/>\n<h3 data-start=\"6478\" data-end=\"6493\"><strong data-start=\"6482\" data-end=\"6493\">Anv\u00e4ndande<\/strong><\/h3>\n<ol data-start=\"6494\" data-end=\"6757\">\n<li data-start=\"6494\" data-end=\"6546\">\n<p data-start=\"6497\" data-end=\"6546\"><strong data-start=\"6497\" data-end=\"6521\">Placera v\u00e5gen<\/strong> p\u00e5 en plan yta.<\/p>\n<\/li>\n<li data-start=\"6547\" data-end=\"6599\">\n<p data-start=\"6550\" data-end=\"6599\"><strong data-start=\"6550\" data-end=\"6564\">S\u00e4tta p\u00e5<\/strong> och v\u00e4nta tills \u201c0,00 g\u201d visas.<\/p>\n<\/li>\n<li data-start=\"6600\" data-end=\"6663\">\n<p data-start=\"6603\" data-end=\"6663\"><strong data-start=\"6603\" data-end=\"6630\">Anv\u00e4nd tareringsfunktionen<\/strong> n\u00e4r man anv\u00e4nder en beh\u00e5llare.<\/p>\n<\/li>\n<li data-start=\"6664\" data-end=\"6707\">\n<p data-start=\"6667\" data-end=\"6707\"><strong data-start=\"6667\" data-end=\"6688\">Placera objektet<\/strong> p\u00e5 plattformen.<\/p>\n<\/li>\n<li data-start=\"6708\" data-end=\"6757\">\n<p data-start=\"6711\" data-end=\"6757\"><strong data-start=\"6711\" data-end=\"6733\">L\u00e4s resultatet<\/strong> av p\u00e5 LCD-sk\u00e4rmen.<\/p>\n<\/li>\n<\/ol>\n<hr data-start=\"6759\" data-end=\"6762\" \/>\n<h3 data-start=\"6764\" data-end=\"6785\"><strong data-start=\"6768\" data-end=\"6785\">Specifikationer<\/strong><\/h3>\n<div class=\"_tableContainer_1rjym_1\">\n<div class=\"group _tableWrapper_1rjym_13 flex w-fit flex-col-reverse\" tabindex=\"-1\">\n<table class=\"w-fit min-w-(--thread-content-width)\" data-start=\"6787\" data-end=\"7132\">\n<thead data-start=\"6787\" data-end=\"6818\">\n<tr data-start=\"6787\" data-end=\"6818\">\n<th data-start=\"6787\" data-end=\"6804\" data-col-size=\"sm\"><strong data-start=\"6789\" data-end=\"6803\">Karakteristisk<\/strong><\/th>\n<th data-start=\"6804\" data-end=\"6818\" data-col-size=\"sm\"><strong data-start=\"6806\" data-end=\"6816\">Detalj<\/strong><\/th>\n<\/tr>\n<\/thead>\n<tbody data-start=\"6853\" data-end=\"7132\">\n<tr data-start=\"6853\" data-end=\"6874\">\n<td data-start=\"6853\" data-end=\"6866\" data-col-size=\"sm\">Kapacitet<\/td>\n<td data-start=\"6866\" data-end=\"6874\" data-col-size=\"sm\">100 g<\/td>\n<\/tr>\n<tr data-start=\"6875\" data-end=\"6901\">\n<td data-start=\"6875\" data-end=\"6892\" data-col-size=\"sm\">Noggrannhet<\/td>\n<td data-start=\"6892\" data-end=\"6901\" data-col-size=\"sm\">0,01 g<\/td>\n<\/tr>\n<tr data-start=\"6902\" data-end=\"6946\">\n<td data-start=\"6902\" data-end=\"6912\" data-col-size=\"sm\">Visa<\/td>\n<td data-start=\"6912\" data-end=\"6946\" data-col-size=\"sm\">LCD med bakgrundsbelysning<\/td>\n<\/tr>\n<tr data-start=\"6947\" data-end=\"6977\">\n<td data-start=\"6947\" data-end=\"6958\" data-col-size=\"sm\">Plattform<\/td>\n<td data-start=\"6958\" data-end=\"6977\" data-col-size=\"sm\">Rostfritt st\u00e5l<\/td>\n<\/tr>\n<tr data-start=\"6978\" data-end=\"7009\">\n<td data-start=\"6978\" data-end=\"6989\" data-col-size=\"sm\">Enheter<\/td>\n<td data-start=\"6989\" data-end=\"7009\" data-col-size=\"sm\">g \/ oz \/ ct \/ gn<\/td>\n<\/tr>\n<tr data-start=\"7010\" data-end=\"7042\">\n<td data-start=\"7010\" data-end=\"7020\" data-col-size=\"sm\">Str\u00f6mf\u00f6rs\u00f6rjning<\/td>\n<td data-start=\"7020\" data-end=\"7042\" data-col-size=\"sm\">2 \u00d7 AAA-batterier<\/td>\n<\/tr>\n<tr data-start=\"7043\" data-end=\"7095\">\n<td data-start=\"7043\" data-end=\"7072\" data-col-size=\"sm\">Automatisk avst\u00e4ngning<\/td>\n<td data-start=\"7072\" data-end=\"7095\" data-col-size=\"sm\">Ja (efter 60 sekunder)<\/td>\n<\/tr>\n<tr data-start=\"7096\" data-end=\"7132\">\n<td data-start=\"7096\" data-end=\"7109\" data-col-size=\"sm\">M\u00e5tt<\/td>\n<td data-start=\"7109\" data-end=\"7132\" data-col-size=\"sm\">120 mm \u00d7 65 mm \u00d7 20 mm<\/td>\n<\/tr>\n<\/tbody>\n<\/table>\n<\/div>\n<\/div>\n<hr data-start=\"7134\" data-end=\"7137\" \/>\n<h3 data-start=\"7139\" data-end=\"7166\"><strong data-start=\"7143\" data-end=\"7166\">Vanliga fr\u00e5gor<\/strong><\/h3>\n<p data-start=\"7168\" data-end=\"7323\"><strong data-start=\"7168\" data-end=\"7225\">1. Vad anv\u00e4nds den digitala CS-v\u00e5gen till?<\/strong><br data-start=\"7225\" data-end=\"7228\" \/>V\u00e5gen \u00e4r idealisk f\u00f6r <strong data-start=\"7257\" data-end=\"7277\">precisionsm\u00e4tningar<\/strong> i laboratorier, k\u00f6k och juvelerarbutiker.<\/p>\n<p data-start=\"7325\" data-end=\"7479\"><strong data-start=\"7325\" data-end=\"7364\">2. Hur noggrann \u00e4r v\u00e5gen?<\/strong><br data-start=\"7364\" data-end=\"7367\" \/>De <strong data-start=\"7370\" data-end=\"7396\">Digital CS-v\u00e5g<\/strong> har en <strong data-start=\"7407\" data-end=\"7435\">noggrannhet p\u00e5 0,01 g<\/strong>, perfekt f\u00f6r sm\u00e5 f\u00f6rem\u00e5l eller tyger.<\/p>\n<p data-start=\"7481\" data-end=\"7644\"><strong data-start=\"7481\" data-end=\"7531\">3. Hur kan jag k\u00f6pa den digitala CS-v\u00e5gen?<\/strong><br data-start=\"7531\" data-end=\"7534\" \/>Du kan enkelt <strong data-start=\"7554\" data-end=\"7586\">K\u00f6p en digital CS-v\u00e5g<\/strong> via auktoriserade onlinebutiker eller laboratorieleverant\u00f6rer.<\/p>\n<h1><strong>Digital CS-v\u00e5g \u2013 100 g x 0,01 g<\/strong><\/h1>\n<h3><strong>Produktbeskrivning<\/strong><\/h3>\n<p class=\"ds-markdown-paragraph\">De\u00a0<strong>Digital CS-v\u00e5g (100 g x 0,01 g)<\/strong>\u00a0\u00e4r en\u00a0<strong>h\u00f6gprecisionsm\u00e4tskala<\/strong>\u00a0utformad f\u00f6r laboratorie-, vetenskaplig och industriell anv\u00e4ndning. Med en\u00a0<strong>m\u00e4tomr\u00e5de fr\u00e5n 0,01 g till 100 g<\/strong>\u00a0och en\u00a0<strong>noggrannhet p\u00e5 \u00b10,01 g<\/strong>, ger denna v\u00e5g tillf\u00f6rlitliga resultat f\u00f6r k\u00e4nsliga till\u00e4mpningar.<\/p>\n<p class=\"ds-markdown-paragraph\"><strong>Viktiga funktioner:<\/strong><br \/>\n\u2714\u00a0<strong>H\u00f6gkvalitativ sensor<\/strong>\u00a0\u2013 Noggrann till\u00a0<strong>0,01 g<\/strong><br \/>\n\u2714\u00a0<strong>Kompakt och b\u00e4rbar<\/strong>\u00a0\u2013 Idealisk f\u00f6r laboratorie- och f\u00e4ltarbete<br \/>\n\u2714\u00a0<strong>Flera m\u00e5ttenheter<\/strong>\u00a0\u2013 Gram (g), milligram (mg), uns (oz), troy uns (ozt)<br \/>\n\u2714\u00a0<strong>Automatisk kalibrering och tarafunktion<\/strong>\u00a0\u2013 L\u00e4tt att anv\u00e4nda<br \/>\n\u2714\u00a0<strong>Robust design<\/strong>\u00a0\u2013 Inkluderar skyddsfodral och kalibreringsvikt<\/p>\n<hr \/>\n<h2><strong>Applikationer<\/strong><\/h2>\n<p class=\"ds-markdown-paragraph\">\u2705\u00a0<strong>Laboratorieforskning<\/strong>\u00a0\u2013 Precisionsv\u00e4gning av kemikalier och pulver<br \/>\n\u2705\u00a0<strong>Smyckesarbete<\/strong>\u00a0\u2013 M\u00e4tning av \u00e4delmetaller och \u00e4delstenar<br \/>\n\u2705\u00a0<strong>Livsmedelsindustrin<\/strong>\u00a0\u2013 Portionskontroll och ingrediensv\u00e4gning<br \/>\n\u2705\u00a0<strong>Utbildning och vetenskap<\/strong>\u00a0\u2013 Experiment och forskningsprojekt<br \/>\n\u2705\u00a0<strong>CBD\/Kosttillskott<\/strong>\u00a0- Noggrann dosering av aktiva ingredienser<\/p>\n<hr \/>\n<h2><strong>Nackdelar och begr\u00e4nsningar<\/strong><\/h2>\n<p class=\"ds-markdown-paragraph\">\u26a0\u00a0<strong>K\u00e4nslig f\u00f6r vibrationer<\/strong>\u00a0\u2013 Kr\u00e4ver en stabil yta<br \/>\n\u26a0\u00a0<strong>Ej l\u00e4mplig f\u00f6r v\u00e4tskor<\/strong>\u00a0\u2013 Endast f\u00f6r torra \u00e4mnen<br \/>\n\u26a0\u00a0<strong>Maxkapacitet 100 g<\/strong>\u00a0\u2013 Ej l\u00e4mplig f\u00f6r tyngre f\u00f6rem\u00e5l<br \/>\n\u26a0\u00a0<strong>Batteriberoende<\/strong>\u00a0\u2013 Batterier ing\u00e5r, men ingen uppladdningsbar funktion<\/p>\n<hr \/>\n<h2><strong>Bruksanvisning<\/strong><\/h2>\n<ol start=\"1\">\n<li>\n<p class=\"ds-markdown-paragraph\"><strong>Placera v\u00e5gen p\u00e5 en plan, vibrationsfri yta.<\/strong><\/p>\n<\/li>\n<li>\n<p class=\"ds-markdown-paragraph\"><strong>Tryck p\u00e5 str\u00f6mbrytaren<\/strong>\u00a0och v\u00e4nta tills \u201c0.00\u201d visas.<\/p>\n<\/li>\n<li>\n<p class=\"ds-markdown-paragraph\"><strong>Placera materialet som ska v\u00e4gas<\/strong>\u00a0mitt p\u00e5 plattformen.<\/p>\n<\/li>\n<li>\n<p class=\"ds-markdown-paragraph\"><strong>Anv\u00e4nd tareringsfunktionen<\/strong>\u00a0f\u00f6r att neutralisera vikten av en tom beh\u00e5llare.<\/p>\n<\/li>\n<li>\n<p class=\"ds-markdown-paragraph\"><strong>Notera m\u00e5ttet<\/strong>\u00a0och st\u00e4ng av efter anv\u00e4ndning.<\/p>\n<\/li>\n<\/ol>\n<hr \/>\n<h2><strong>Vanliga fr\u00e5gor (FAQ)<\/strong><\/h2>\n<h3><strong>F: Hur kalibrerar jag v\u00e5gen?<\/strong><\/h3>\n<p class=\"ds-markdown-paragraph\">A: Anv\u00e4nd den medf\u00f6ljande\u00a0<strong>100 g kalibreringsvikt<\/strong>\u00a0och tryck p\u00e5 kalibreringsknappen.<\/p>\n<h3><strong>F: Kan jag anv\u00e4nda v\u00e5gen f\u00f6r v\u00e4tskor?<\/strong><\/h3>\n<p class=\"ds-markdown-paragraph\">A:\u00a0<strong>Inga<\/strong>Endast f\u00f6r torra material. V\u00e4tskor kan skada sensorn.<\/p>\n<h3><strong>F: Hur \u00e4r noggrannheten vid l\u00e5ga vikter?<\/strong><\/h3>\n<p class=\"ds-markdown-paragraph\">A:\u00a0<strong>\u00b10,01 g<\/strong>\u00a0f\u00f6r vikter mellan 0,01 g och 10 g,\u00a0<strong>\u00b10,02 g<\/strong>\u00a0\u00f6ver 10 g.<\/p>\n<h3><strong>F: Hur l\u00e4nge h\u00e5ller batterierna?<\/strong><\/h3>\n<p class=\"ds-markdown-paragraph\">A:\u00a0<strong>\u00b150 timmar<\/strong>\u00a0Vid normal anv\u00e4ndning. St\u00e4ngs av automatiskt efter 2 minuters inaktivitet.<\/p>\n<h3><strong>F: \u00c4r v\u00e5gen l\u00e4mplig f\u00f6r guld och silver?<\/strong><\/h3>\n<p class=\"ds-markdown-paragraph\">A:\u00a0<strong>Ja<\/strong>, perfekt f\u00f6r juvelerare p\u00e5 grund av\u00a0<strong>funktion f\u00f6r troy ounce (ozt)<\/strong>.<\/p>\n<hr \/>\n<h2><strong>Rekommenderade anv\u00e4ndningsfall<\/strong><\/h2>\n<p class=\"ds-markdown-paragraph\">\ud83d\udd2c\u00a0<strong>Kemiskt laboratorium<\/strong>\u00a0\u2013 Precisionsv\u00e4gning av reagenser<br \/>\n\ud83d\udc8a\u00a0<strong>Farmaceutisk forskning<\/strong>\u00a0\u2013 Dosering av aktiva ingredienser<br \/>\n\u2696\u00a0<strong>Handel med \u00e4delmetaller<\/strong>\u00a0\u2013 V\u00e4gar av guld, silver och platina<br \/>\n\ud83e\uddea\u00a0<strong>Hobby &amp; DIY<\/strong>\u00a0\u2013 Precisionsm\u00e4tningar f\u00f6r projekt<\/p>\n<hr \/>\n<h2><strong>Tekniska specifikationer<\/strong><\/h2>\n<ul>\n<li>\n<p class=\"ds-markdown-paragraph\"><strong>Material:<\/strong>\u00a0Plattform i rostfritt st\u00e5l + ABS-h\u00f6lje<\/p>\n<\/li>\n<li>\n<p class=\"ds-markdown-paragraph\"><strong>M\u00e5tt:<\/strong>\u00a0120 mm x 70 mm x 20 mm<\/p>\n<\/li>\n<li>\n<p class=\"ds-markdown-paragraph\"><strong>Str\u00f6mf\u00f6rs\u00f6rjning:<\/strong>\u00a02x AAA-batterier (ing\u00e5r)<\/p>\n<\/li>\n<li>\n<p class=\"ds-markdown-paragraph\"><strong>Vikt:<\/strong>\u00a0150 g<\/p>\n<\/li>\n<\/ul>\n<hr \/>\n<h3><strong>Varningar<\/strong><\/h3>\n<ul>\n<li>\n<p class=\"ds-markdown-paragraph\"><strong>Inte vattent\u00e4t<\/strong>\u00a0\u2013 Undvik fukt och damm<\/p>\n<\/li>\n<li>\n<p class=\"ds-markdown-paragraph\"><strong>Ej l\u00e4mplig f\u00f6r industriell bulkv\u00e4gning<\/strong><\/p>\n<\/li>\n<li>\n<p class=\"ds-markdown-paragraph\"><strong>F\u00f6rvaras utom r\u00e4ckh\u00e5ll f\u00f6r barn. <a href=\"https:\/\/researchchemicalhub.com\/sv\/shop\/top-10-research-chemicals\/iboga-seeds\/\">ibogafr\u00f6n<\/a><a href=\"https:\/\/researchchemicalhub.com\/sv\/shop\/top-10-research-chemicals\/caluanie-muelear-oxidize\/\">Caluanie muelear oxiderar<\/a><a href=\"https:\/\/researchchemicalhub.com\/sv\/shop\/weegschalen\/digitale-tank-mini-weegschaal\/\">Digital tankminiv\u00e5g<\/a><a href=\"https:\/\/researchchemicalhub.com\/sv\/shop\/weegschalen\/digitale-bio-mini-weegschaal\/\">Digital bio miniv\u00e5g<\/a><a href=\"https:\/\/researchchemicalhub.com\/sv\/shop\/top-10-research-chemicals\/3-cmc-hcl\/\">3 cm\u00b3<\/a><\/strong><\/p>\n<\/li>\n<\/ul>","protected":false},"excerpt":{"rendered":"<p><strong>Specifikationer:<\/strong><\/p>\n<ul>\n<li>Digital<\/li>\n<li>V\u00e4ger fr\u00e5n 0,01 g<\/li>\n<li>V\u00e4ger max. 100 g<\/li>\n<li>Drivs med: 2x AAA-batterier<\/li>\n<li>LCD-sk\u00e4rm<\/li>\n<li>F\u00e4rg: svart<\/li>\n<\/ul>","protected":false},"featured_media":24678,"comment_status":"closed","ping_status":"closed","template":"","meta":[],"product_brand":[],"product_cat":[451],"product_tag":[452,764,767,765,766,768],"class_list":{"0":"post-24654","1":"product","2":"type-product","3":"status-publish","4":"has-post-thumbnail","6":"product_cat-weegschalen","7":"product_tag-de","8":"product_tag-digitale-cs-weegschaal","9":"product_tag-digitale-microweegschaal","10":"product_tag-milligramweegschaal","11":"product_tag-precise-weegschaal-0-001g","12":"product_tag-weegschaal-voor-research-chemicals","14":"first","15":"instock","16":"taxable","17":"shipping-taxable","18":"purchasable","19":"product-type-simple"},"_links":{"self":[{"href":"https:\/\/researchchemicalhub.com\/sv\/wp-json\/wp\/v2\/product\/24654","targetHints":{"allow":["GET"]}}],"collection":[{"href":"https:\/\/researchchemicalhub.com\/sv\/wp-json\/wp\/v2\/product"}],"about":[{"href":"https:\/\/researchchemicalhub.com\/sv\/wp-json\/wp\/v2\/types\/product"}],"replies":[{"embeddable":true,"href":"https:\/\/researchchemicalhub.com\/sv\/wp-json\/wp\/v2\/comments?post=24654"}],"version-history":[{"count":7,"href":"https:\/\/researchchemicalhub.com\/sv\/wp-json\/wp\/v2\/product\/24654\/revisions"}],"predecessor-version":[{"id":27752,"href":"https:\/\/researchchemicalhub.com\/sv\/wp-json\/wp\/v2\/product\/24654\/revisions\/27752"}],"wp:featuredmedia":[{"embeddable":true,"href":"https:\/\/researchchemicalhub.com\/sv\/wp-json\/wp\/v2\/media\/24678"}],"wp:attachment":[{"href":"https:\/\/researchchemicalhub.com\/sv\/wp-json\/wp\/v2\/media?parent=24654"}],"wp:term":[{"taxonomy":"product_brand","embeddable":true,"href":"https:\/\/researchchemicalhub.com\/sv\/wp-json\/wp\/v2\/product_brand?post=24654"},{"taxonomy":"product_cat","embeddable":true,"href":"https:\/\/researchchemicalhub.com\/sv\/wp-json\/wp\/v2\/product_cat?post=24654"},{"taxonomy":"product_tag","embeddable":true,"href":"https:\/\/researchchemicalhub.com\/sv\/wp-json\/wp\/v2\/product_tag?post=24654"}],"curies":[{"name":"wp","href":"https:\/\/api.w.org\/{rel}","templated":true}]}}